{"id":120722,"date":"2020-03-26T13:41:31","date_gmt":"2020-03-26T11:41:31","guid":{"rendered":"https:\/\/mmkserviss.lv\/?post_type=product&#038;p=120722"},"modified":"2022-11-03T04:25:30","modified_gmt":"2022-11-03T02:25:30","slug":"325-30r21-blacklion-bu66-108y-xl","status":"publish","type":"product","link":"https:\/\/mmkriepas.lv\/en\/p\/325-30r21-blacklion-bu66-108y-xl\/","title":{"rendered":"325\/30R21 Blacklion Champoint BU66 108Y XL"},"content":{"rendered":"<p><strong><span style=\"font-family: 'Arial',sans-serif;\">Blacklion Champoint BU66 <\/span><\/strong><span style=\"font-family: 'Arial',sans-serif;\">vasaras riepas, <em><span style=\"font-family: 'Arial',sans-serif; font-style: normal;\">\u013coti laba izv\u0113le ikdienas un sportiskai brauk\u0161anai!<\/span><\/em><em> <\/em>Blacklion ir vienas no lab\u0101kajiem bud\u017eeta klases riepu ra\u017eot\u0101jiem pasaul\u0113. <o:p><\/o:p><\/span><\/p>\n<p><strong><span style=\"font-family: 'Arial',sans-serif;\">Blacklion BU66\u00a0\u00a0\u012bpa\u0161\u012bbas:<\/span><\/strong><span style=\"font-family: 'Arial',sans-serif;\"> <o:p><\/o:p><\/span><\/p>\n<p><span style=\"font-family: 'Arial',sans-serif;\">+ \u013coti laba sa\u0137ere uz da\u017e\u0101da veida ce\u013ca segumiem <o:p><\/o:p><\/span><\/p>\n<p><span style=\"font-family: 'Arial',sans-serif;\">+ dro\u0161a vad\u0101m\u012bb\u0101 gan uz sausa, gan mitra seguma <o:p><\/o:p><\/span><\/p>\n<p><span style=\"font-family: 'Arial',sans-serif;\">+ augsta notur\u012bba pret akvaplan\u0113\u0161anu <o:p><\/o:p><\/span><\/p>\n<p><span style=\"font-family: 'Arial',sans-serif;\">+ stabilit\u0101te braucot pa nel\u012bdzenu ce\u013ca segumu <o:p><\/o:p><\/span><\/p>\n<p><span style=\"font-family: 'Arial',sans-serif;\">+ riepas izce\u013c\u0101s ar <strong><i>zemiem dilst\u012bbas r\u0101d\u012bt\u0101jiem<\/i><\/strong> <o:p><\/o:p><\/span><\/p>\n<p><span style=\"font-family: 'Arial',sans-serif;\">+ sal\u012bdzino\u0161i klusas riepas <o:p><\/o:p><\/span><\/p>\n<p><span style=\"font-family: 'Arial',sans-serif;\">+ paaugstin\u0101ta triecieniztur\u012bba\u00a0pasarg\u0101s riepu no p\u0101rsi\u0161anas bedr\u0113s (XL riepas) <o:p><\/o:p><\/span><\/p>\n<p><strong><span style=\"font-family: 'Arial',sans-serif;\">MMK Serviss rekomend\u0113 Blacklion<\/span><\/strong><em><span style=\"font-family: 'Arial',sans-serif;\">\u00a0ir \u013coti laba izv\u0113le ikdienas un sportiskai brauk\u0161anai!\u00a0Tas viss par \u013coti zemu cenu! <\/span><\/em><span style=\"font-family: 'Arial',sans-serif;\"><o:p><\/o:p><\/span><\/p>\n","protected":false},"excerpt":{"rendered":"<p><strong><span style=\"font-family: 'Arial',sans-serif;\">Blacklion Champoint BU66 <\/span><\/strong><span style=\"font-family: 'Arial',sans-serif;\">vasaras riepas, <em><span style=\"font-family: 'Arial',sans-serif; font-style: normal;\">\u013coti laba izv\u0113le ikdienas un sportiskai brauk\u0161anai!<\/span><\/em><em> <\/em>Blacklion ir vienas no lab\u0101kajiem bud\u017eeta klases riepu ra\u017eot\u0101jiem pasaul\u0113. <o:p><\/o:p><\/span><\/p>\n","protected":false},"featured_media":127838,"template":"","meta":{"_acf_changed":false,"ngg_post_thumbnail":0},"product_brand":[],"product_cat":[46],"product_tag":[],"class_list":{"0":"post-120722","1":"product","2":"type-product","3":"status-publish","4":"has-post-thumbnail","6":"product_cat-vasaras-riepas","8":"first","9":"instock","10":"sale","11":"taxable","12":"shipping-taxable","13":"product-type-simple"},"acf":[],"yoast_head":"<!-- This site is optimized with the Yoast SEO Premium plugin v22.6 (Yoast SEO v27.3) - https:\/\/yoast.com\/product\/yoast-seo-premium-wordpress\/ -->\n<title>325\/30R21 Blacklion Champoint BU66 108Y XL &#8226; MMK Riepas<\/title>\n<meta name=\"robots\" content=\"index, follow, max-snippet:-1, max-image-preview:large, max-video-preview:-1\" \/>\n<link rel=\"canonical\" href=\"https:\/\/mmkriepas.lv\/en\/p\/325-30r21-blacklion-bu66-108y-xl\/\" \/>\n<meta property=\"og:locale\" content=\"en_US\" \/>\n<meta property=\"og:type\" content=\"article\" \/>\n<meta property=\"og:title\" content=\"325\/30R21 Blacklion Champoint BU66 108Y XL\" \/>\n<meta property=\"og:description\" content=\"Blacklion Champoint BU66 vasaras riepas, \u013coti laba izv\u0113le ikdienas un sportiskai brauk\u0161anai! Blacklion ir vienas no lab\u0101kajiem bud\u017eeta klases riepu ra\u017eot\u0101jiem pasaul\u0113.\" \/>\n<meta property=\"og:url\" content=\"https:\/\/mmkriepas.lv\/en\/p\/325-30r21-blacklion-bu66-108y-xl\/\" \/>\n<meta property=\"og:site_name\" content=\"MMK Riepas\" \/>\n<meta property=\"article:publisher\" content=\"https:\/\/www.facebook.com\/mmkserviss\/\" \/>\n<meta property=\"article:modified_time\" content=\"2022-11-03T02:25:30+00:00\" \/>\n<meta property=\"og:image\" content=\"https:\/\/mmkriepas.lv\/wp-content\/uploads\/2020\/06\/22550r17-blacklion-bu66-94v-xl-1gb.jpeg\" \/>\n\t<meta property=\"og:image:width\" content=\"1600\" \/>\n\t<meta property=\"og:image:height\" content=\"1200\" \/>\n\t<meta property=\"og:image:type\" content=\"image\/jpeg\" \/>\n<meta name=\"twitter:card\" content=\"summary_large_image\" \/>\n<meta name=\"twitter:label1\" content=\"Price\" \/>\n\t<meta name=\"twitter:data1\" content=\"&euro;99.00\" \/>\n\t<meta name=\"twitter:label2\" content=\"Availability\" \/>\n\t<meta name=\"twitter:data2\" content=\"In stock\" \/>\n<script type=\"application\/ld+json\" class=\"yoast-schema-graph\">{\"@context\":\"https:\\\/\\\/schema.org\",\"@graph\":[{\"@type\":\"WebPage\",\"@id\":\"https:\\\/\\\/mmkriepas.lv\\\/en\\\/p\\\/325-30r21-blacklion-bu66-108y-xl\\\/\",\"url\":\"https:\\\/\\\/mmkriepas.lv\\\/en\\\/p\\\/325-30r21-blacklion-bu66-108y-xl\\\/\",\"name\":\"325\\\/30R21 Blacklion Champoint BU66 108Y XL &#8226; MMK Riepas\",\"isPartOf\":{\"@id\":\"https:\\\/\\\/mmkriepas.lv\\\/en\\\/#website\"},\"primaryImageOfPage\":{\"@id\":\"https:\\\/\\\/mmkriepas.lv\\\/en\\\/p\\\/325-30r21-blacklion-bu66-108y-xl\\\/#primaryimage\"},\"image\":{\"@id\":\"https:\\\/\\\/mmkriepas.lv\\\/en\\\/p\\\/325-30r21-blacklion-bu66-108y-xl\\\/#primaryimage\"},\"thumbnailUrl\":\"https:\\\/\\\/mmkriepas.lv\\\/wp-content\\\/uploads\\\/2020\\\/06\\\/22550r17-blacklion-bu66-94v-xl-1gb.jpeg\",\"datePublished\":\"2020-03-26T11:41:31+00:00\",\"dateModified\":\"2022-11-03T02:25:30+00:00\",\"breadcrumb\":{\"@id\":\"https:\\\/\\\/mmkriepas.lv\\\/en\\\/p\\\/325-30r21-blacklion-bu66-108y-xl\\\/#breadcrumb\"},\"inLanguage\":\"en-US\",\"potentialAction\":[{\"@type\":\"ReadAction\",\"target\":[\"https:\\\/\\\/mmkriepas.lv\\\/en\\\/p\\\/325-30r21-blacklion-bu66-108y-xl\\\/\"]}]},{\"@type\":\"ImageObject\",\"inLanguage\":\"en-US\",\"@id\":\"https:\\\/\\\/mmkriepas.lv\\\/en\\\/p\\\/325-30r21-blacklion-bu66-108y-xl\\\/#primaryimage\",\"url\":\"https:\\\/\\\/mmkriepas.lv\\\/wp-content\\\/uploads\\\/2020\\\/06\\\/22550r17-blacklion-bu66-94v-xl-1gb.jpeg\",\"contentUrl\":\"https:\\\/\\\/mmkriepas.lv\\\/wp-content\\\/uploads\\\/2020\\\/06\\\/22550r17-blacklion-bu66-94v-xl-1gb.jpeg\",\"width\":1600,\"height\":1200,\"caption\":\"225\\\/50R17 BlackLion BU66 94V XL 1gb\"},{\"@type\":\"BreadcrumbList\",\"@id\":\"https:\\\/\\\/mmkriepas.lv\\\/en\\\/p\\\/325-30r21-blacklion-bu66-108y-xl\\\/#breadcrumb\",\"itemListElement\":[{\"@type\":\"ListItem\",\"position\":1,\"name\":\"S\u0101kums\",\"item\":\"https:\\\/\\\/mmkriepas.lv\\\/en\\\/\"},{\"@type\":\"ListItem\",\"position\":2,\"name\":\"325\\\/30R21 Blacklion Champoint BU66 108Y XL\"}]},{\"@type\":\"WebSite\",\"@id\":\"https:\\\/\\\/mmkriepas.lv\\\/en\\\/#website\",\"url\":\"https:\\\/\\\/mmkriepas.lv\\\/en\\\/\",\"name\":\"MMK Riepas\",\"description\":\"MMK Riepas\",\"alternateName\":\"MMK Riepu Serviss\",\"potentialAction\":[{\"@type\":\"SearchAction\",\"target\":{\"@type\":\"EntryPoint\",\"urlTemplate\":\"https:\\\/\\\/mmkriepas.lv\\\/en\\\/?s={search_term_string}\"},\"query-input\":{\"@type\":\"PropertyValueSpecification\",\"valueRequired\":true,\"valueName\":\"search_term_string\"}}],\"inLanguage\":\"en-US\"},{\"@type\":\"ImageObject\",\"inLanguage\":\"en-US\",\"@id\":\"https:\\\/\\\/mmkriepas.lv\\\/en\\\/p\\\/325-30r21-blacklion-bu66-108y-xl\\\/#local-main-organization-logo\",\"url\":\"\",\"contentUrl\":\"\",\"caption\":\"MMK Riepas\"}]}<\/script>\n<meta property=\"product:brand\" content=\"Blacklion Champoint BU66\" \/>\n<meta property=\"product:price:amount\" content=\"99.00\" \/>\n<meta property=\"product:price:currency\" content=\"EUR\" \/>\n<meta property=\"og:availability\" content=\"instock\" \/>\n<meta property=\"product:availability\" content=\"instock\" \/>\n<meta property=\"product:condition\" content=\"new\" \/>\n<!-- \/ Yoast SEO Premium plugin. -->","yoast_head_json":{"title":"325\/30R21 Blacklion Champoint BU66 108Y XL &#8226; MMK Riepas","robots":{"index":"index","follow":"follow","max-snippet":"max-snippet:-1","max-image-preview":"max-image-preview:large","max-video-preview":"max-video-preview:-1"},"canonical":"https:\/\/mmkriepas.lv\/en\/p\/325-30r21-blacklion-bu66-108y-xl\/","og_locale":"en_US","og_type":"article","og_title":"325\/30R21 Blacklion Champoint BU66 108Y XL","og_description":"Blacklion Champoint BU66 vasaras riepas, \u013coti laba izv\u0113le ikdienas un sportiskai brauk\u0161anai! Blacklion ir vienas no lab\u0101kajiem bud\u017eeta klases riepu ra\u017eot\u0101jiem pasaul\u0113.","og_url":"https:\/\/mmkriepas.lv\/en\/p\/325-30r21-blacklion-bu66-108y-xl\/","og_site_name":"MMK Riepas","article_publisher":"https:\/\/www.facebook.com\/mmkserviss\/","article_modified_time":"2022-11-03T02:25:30+00:00","og_image":[{"width":1600,"height":1200,"url":"https:\/\/mmkriepas.lv\/wp-content\/uploads\/2020\/06\/22550r17-blacklion-bu66-94v-xl-1gb.jpeg","type":"image\/jpeg"}],"twitter_card":"summary_large_image","twitter_misc":{"Price":"&euro;99.00","Availability":"In stock"},"schema":{"@context":"https:\/\/schema.org","@graph":[{"@type":"WebPage","@id":"https:\/\/mmkriepas.lv\/en\/p\/325-30r21-blacklion-bu66-108y-xl\/","url":"https:\/\/mmkriepas.lv\/en\/p\/325-30r21-blacklion-bu66-108y-xl\/","name":"325\/30R21 Blacklion Champoint BU66 108Y XL &#8226; MMK Riepas","isPartOf":{"@id":"https:\/\/mmkriepas.lv\/en\/#website"},"primaryImageOfPage":{"@id":"https:\/\/mmkriepas.lv\/en\/p\/325-30r21-blacklion-bu66-108y-xl\/#primaryimage"},"image":{"@id":"https:\/\/mmkriepas.lv\/en\/p\/325-30r21-blacklion-bu66-108y-xl\/#primaryimage"},"thumbnailUrl":"https:\/\/mmkriepas.lv\/wp-content\/uploads\/2020\/06\/22550r17-blacklion-bu66-94v-xl-1gb.jpeg","datePublished":"2020-03-26T11:41:31+00:00","dateModified":"2022-11-03T02:25:30+00:00","breadcrumb":{"@id":"https:\/\/mmkriepas.lv\/en\/p\/325-30r21-blacklion-bu66-108y-xl\/#breadcrumb"},"inLanguage":"en-US","potentialAction":[{"@type":"ReadAction","target":["https:\/\/mmkriepas.lv\/en\/p\/325-30r21-blacklion-bu66-108y-xl\/"]}]},{"@type":"ImageObject","inLanguage":"en-US","@id":"https:\/\/mmkriepas.lv\/en\/p\/325-30r21-blacklion-bu66-108y-xl\/#primaryimage","url":"https:\/\/mmkriepas.lv\/wp-content\/uploads\/2020\/06\/22550r17-blacklion-bu66-94v-xl-1gb.jpeg","contentUrl":"https:\/\/mmkriepas.lv\/wp-content\/uploads\/2020\/06\/22550r17-blacklion-bu66-94v-xl-1gb.jpeg","width":1600,"height":1200,"caption":"225\/50R17 BlackLion BU66 94V XL 1gb"},{"@type":"BreadcrumbList","@id":"https:\/\/mmkriepas.lv\/en\/p\/325-30r21-blacklion-bu66-108y-xl\/#breadcrumb","itemListElement":[{"@type":"ListItem","position":1,"name":"S\u0101kums","item":"https:\/\/mmkriepas.lv\/en\/"},{"@type":"ListItem","position":2,"name":"325\/30R21 Blacklion Champoint BU66 108Y XL"}]},{"@type":"WebSite","@id":"https:\/\/mmkriepas.lv\/en\/#website","url":"https:\/\/mmkriepas.lv\/en\/","name":"MMK Riepas","description":"MMK Riepas","alternateName":"MMK Riepu Serviss","potentialAction":[{"@type":"SearchAction","target":{"@type":"EntryPoint","urlTemplate":"https:\/\/mmkriepas.lv\/en\/?s={search_term_string}"},"query-input":{"@type":"PropertyValueSpecification","valueRequired":true,"valueName":"search_term_string"}}],"inLanguage":"en-US"},{"@type":"ImageObject","inLanguage":"en-US","@id":"https:\/\/mmkriepas.lv\/en\/p\/325-30r21-blacklion-bu66-108y-xl\/#local-main-organization-logo","url":"","contentUrl":"","caption":"MMK Riepas"}]},"product_brand":"Blacklion Champoint BU66","product_price_amount":"99.00","product_price_currency":"EUR","og_availability":"instock","product_availability":"instock","product_condition":"new"},"_links":{"self":[{"href":"https:\/\/mmkriepas.lv\/en\/wp-json\/wp\/v2\/product\/120722","targetHints":{"allow":["GET"]}}],"collection":[{"href":"https:\/\/mmkriepas.lv\/en\/wp-json\/wp\/v2\/product"}],"about":[{"href":"https:\/\/mmkriepas.lv\/en\/wp-json\/wp\/v2\/types\/product"}],"wp:featuredmedia":[{"embeddable":true,"href":"https:\/\/mmkriepas.lv\/en\/wp-json\/wp\/v2\/media\/127838"}],"wp:attachment":[{"href":"https:\/\/mmkriepas.lv\/en\/wp-json\/wp\/v2\/media?parent=120722"}],"wp:term":[{"taxonomy":"product_brand","embeddable":true,"href":"https:\/\/mmkriepas.lv\/en\/wp-json\/wp\/v2\/product_brand?post=120722"},{"taxonomy":"product_cat","embeddable":true,"href":"https:\/\/mmkriepas.lv\/en\/wp-json\/wp\/v2\/product_cat?post=120722"},{"taxonomy":"product_tag","embeddable":true,"href":"https:\/\/mmkriepas.lv\/en\/wp-json\/wp\/v2\/product_tag?post=120722"}],"curies":[{"name":"wp","href":"https:\/\/api.w.org\/{rel}","templated":true}]}}