{"id":1206620,"date":"2025-03-31T13:48:07","date_gmt":"2025-03-31T10:48:07","guid":{"rendered":"https:\/\/mmkriepas.lv\/?post_type=product&#038;p=1206620"},"modified":"2026-04-02T17:17:06","modified_gmt":"2026-04-02T14:17:06","slug":"215-65r16-sailun-atrezzo-elite2-102v-xl","status":"publish","type":"product","link":"https:\/\/mmkriepas.lv\/en\/p\/215-65r16-sailun-atrezzo-elite2-102v-xl\/","title":{"rendered":"215\/65R16 Sailun Atrezzo ELITE2 102V XL"},"content":{"rendered":"<p><span style=\"font-family: Times New Roman, serif;\"><span style=\"font-size: medium;\"><strong><span style=\"font-family: Arial, serif;\"><span style=\"font-size: small;\">Sailun Atrezzo E<\/span><\/span><\/strong><strong><span style=\"font-family: Arial, serif;\"><span style=\"font-size: small;\">LITE2<\/span><\/span><\/strong><span style=\"font-family: Arial, serif;\"><span style=\"font-size: small;\"> ir vasaras <\/span><\/span><span style=\"font-family: Arial, serif;\"><span style=\"font-size: small;\">riepu<\/span><\/span><span style=\"font-family: Arial, serif;\"><span style=\"font-size: small;\"> modelis, <\/span><\/span><span style=\"font-family: Arial, serif;\"><span style=\"font-size: small;\">kas ir n\u0101ko\u0161\u0101 paaudze popul\u0101rajam Atrezzo ELITE modelim<\/span><\/span><span style=\"font-family: Arial, serif;\"><span style=\"font-size: small;\">. <\/span><\/span><span style=\"font-family: Arial, serif;\"><span style=\"font-size: small;\">Mode\u013ca uzlabojumi fokus\u0113ti <\/span><\/span><span style=\"font-family: Arial, serif;\"><span style=\"font-size: small;\">dro\u0161\u012bbai un komfortam, <\/span><\/span><span style=\"font-family: Arial, serif;\"><span style=\"font-size: small;\">kas atspogu\u013cojas liel\u0101kaj\u0101 da\u013c\u0101 pieejamo izm\u0113ru ar \u201cA\u201d r\u0101d\u012bt\u0101ju uz mitra seguma. ELITE2 <\/span><\/span><span style=\"font-family: Arial, serif;\"><span style=\"font-size: small;\">modelis paredz\u0113ts pla\u0161am auto spektram, tai skait\u0101 hibr\u012bda un elektro automa\u0161\u012bn\u0101m.<\/span><\/span><\/span><\/span><\/p>\n<p><span style=\"font-family: Times New Roman, serif;\"><span style=\"font-size: medium;\"><strong><span style=\"font-family: Arial, serif;\">Atrezzo E<\/span><\/strong><strong><span style=\"font-family: Arial, serif;\">LITE2 <\/span><\/strong><strong><span style=\"font-family: Arial, serif;\">galven\u0101s <\/span><\/strong><strong><span style=\"font-family: Arial, serif;\">\u012bpa\u0161\u012bbas<\/span><\/strong><\/span><\/span><\/p>\n<p><span style=\"font-family: Times New Roman, serif;\"><span style=\"font-size: small;\"><span style=\"font-family: Arial, serif;\">+ <\/span><span style=\"font-family: Arial, serif;\">Piln\u012bb\u0101 jauns protektora dizains un gumijas sast\u0101vs.<\/span><\/span><\/span><\/p>\n<p><span style=\"font-family: Times New Roman, serif;\"><span style=\"font-size: small;\"><span style=\"font-family: Arial, serif;\">+ <\/span><span style=\"font-family: Arial, serif;\">\u013b<\/span><span style=\"font-family: Arial, serif;\">oti labi sa\u0137eres <\/span><span style=\"font-family: Arial, serif;\">r\u0101d\u012bt\u0101ji uz mitra ce\u013ca seguma. \u201cA\u201d r\u0101d\u012bt\u0101js liel\u0101kaj\u0101 da\u013c\u0101 izm\u0113ru.<\/span><\/span><\/span><\/p>\n<p><span style=\"font-family: Times New Roman, serif;\"><span style=\"font-size: small;\"><span style=\"font-family: Arial, serif;\">+ <\/span><span style=\"font-family: Arial, serif;\">\u012apa\u0161i izstr\u0101d\u0101ti protektora elementi akustisk\u0101 komforta uzlabo\u0161anai.<\/span><\/span><\/span><\/p>\n<p><span style=\"font-family: Times New Roman, serif;\"><span style=\"font-size: small;\"><span style=\"font-family: Arial, serif;\">+ <\/span><span style=\"font-family: Arial, serif;\">Jaunais gumijas sast\u0101vs nodro\u0161ina zem\u0101ku nodulimu, kas rezult\u0113jas ilg\u0101k\u0101 kalpo\u0161anas m\u016b\u017e\u0101.<\/span><\/span><\/span><\/p>\n<p><span style=\"font-family: Times New Roman, serif;\"><span style=\"font-size: small;\"><span style=\"font-family: Arial, serif;\">+ <\/span><span style=\"font-family: Arial, serif;\">Modelis piem\u0113rots ar\u012b Hibr\u012bda un EV auto pras\u012bb\u0101m.<\/span><\/span><\/span><\/p>\n<p><span style=\"font-family: Times New Roman, serif;\"><span style=\"font-size: medium;\"><strong><span style=\"font-family: Arial, serif;\">Atrezzo E<\/span><\/strong><strong><span style=\"font-family: Arial, serif;\">LITE2<\/span><\/strong><strong><span style=\"font-family: Arial, serif;\"> <\/span><\/strong><strong><span style=\"font-family: Arial, serif;\">apr\u012bkojums<\/span><\/strong><\/span><\/span><\/p>\n<p class=\"western\"><strong><span style=\"font-family: Arial, serif;\">Protektora dizains un sast\u0101vs<\/span><\/strong><span style=\"font-family: Arial, serif;\">:<br \/>Atrezzo E<\/span><span style=\"font-family: Arial, serif;\">LITE<\/span><span style=\"font-family: Arial, serif;\">2 <\/span><span style=\"font-family: Arial, serif;\">modelis<\/span><span style=\"font-family: Arial, serif;\"> ir apr\u012bkotas ar inovat\u012bvu protektora rakstu un augst<\/span><span style=\"font-family: Arial, serif;\">u<\/span><span style=\"font-family: Arial, serif;\"> sve\u0137u koncentr\u0101cijas gumijas mais\u012bjumu. \u0160is dizains nodro\u0161ina l\u012bdzsvarotu sniegumu gan sausos, gan slapjos ce\u013ca apst\u0101k\u013cos, veicinot dro\u0161\u012bbu un kontroli. Sast\u0101vs ar\u012b pied\u0101v\u0101 augstu elast\u012bbu, kas pagarina riepas kalpo\u0161anas laiku un uztur <\/span><span style=\"font-family: Arial, serif;\">augst\u0101ku <\/span><span style=\"font-family: Arial, serif;\">efektivit\u0101ti <\/span><span style=\"font-family: Arial, serif;\">ilg\u0101k.<\/span><\/p>\n<p class=\"western\"><strong><span style=\"font-family: Arial, serif;\">Trok\u0161\u0146u samazin\u0101\u0161ana<\/span><\/strong><span style=\"font-family: Arial, serif;\">:<br \/>Izmantojot jaun\u0101k\u0101s tehnolo\u0123ijas, ir pan\u0101kts efekt\u012bv\u0101ks riepas protektora dizains, lai samazin\u0101tu trok\u0161\u0146u l\u012bmeni, kas rodas no kontakta ar ce\u013cu. \u016adens riev\u0101s ieb\u016bv\u0113tais \u201cribu\u201d raksts samazina gaisa pl\u016bsmas rad\u012bt\u0101s vibr\u0101cijas, nodro\u0161inot liel\u0101ku akustisko komfortu brauciena laik\u0101. <\/span><\/p>\n","protected":false},"excerpt":{"rendered":"<p><span style=\"font-family: Times New Roman, serif;\"><span style=\"font-size: medium;\"><strong><span style=\"font-family: Arial, serif;\"><span style=\"font-size: small;\">Sailun Atrezzo E<\/span><\/span><\/strong><strong><span style=\"font-family: Arial, serif;\"><span style=\"font-size: small;\">LITE2<\/span><\/span><\/strong><span style=\"font-family: Arial, serif;\"><span style=\"font-size: small;\"> ir vasaras <\/span><\/span><span style=\"font-family: Arial, serif;\"><span style=\"font-size: small;\">riepu<\/span><\/span><span style=\"font-family: Arial, serif;\"><span style=\"font-size: small;\"> modelis, <\/span><\/span><span style=\"font-family: Arial, serif;\"><span style=\"font-size: small;\">kas ir n\u0101ko\u0161\u0101 paaudze popul\u0101rajam Atrezzo ELITE modelim<\/span><\/span><span style=\"font-family: Arial, serif;\"><span style=\"font-size: small;\">. <\/span><\/span><span style=\"font-family: Arial, serif;\"><span style=\"font-size: small;\">Mode\u013ca uzlabojumi fokus\u0113ti <\/span><\/span><span style=\"font-family: Arial, serif;\"><span style=\"font-size: small;\">dro\u0161\u012bbai un komfortam, <\/span><\/span><span style=\"font-family: Arial, serif;\"><span style=\"font-size: small;\">kas atspogu\u013cojas liel\u0101kaj\u0101 da\u013c\u0101 pieejamo izm\u0113ru ar \u201cA\u201d r\u0101d\u012bt\u0101ju uz mitra seguma. ELITE2 <\/span><\/span><span style=\"font-family: Arial, serif;\"><span style=\"font-size: small;\">modelis paredz\u0113ts pla\u0161am auto spektram, tai skait\u0101 hibr\u012bda un elektro automa\u0161\u012bn\u0101m.<\/span><\/span><\/span><\/span><\/p>\n","protected":false},"featured_media":1196348,"template":"","meta":{"_acf_changed":false,"ngg_post_thumbnail":0},"product_brand":[],"product_cat":[46],"product_tag":[],"class_list":{"0":"post-1206620","1":"product","2":"type-product","3":"status-publish","4":"has-post-thumbnail","6":"product_cat-vasaras-riepas","8":"first","9":"instock","10":"sale","11":"taxable","12":"shipping-taxable","13":"purchasable","14":"product-type-simple"},"acf":[],"yoast_head":"<!-- This site is optimized with the Yoast SEO Premium plugin v22.6 (Yoast SEO v27.3) - https:\/\/yoast.com\/product\/yoast-seo-premium-wordpress\/ -->\n<title>215\/65R16 Sailun Atrezzo ELITE2 102V XL &#8226; MMK Riepas<\/title>\n<meta name=\"robots\" content=\"index, follow, max-snippet:-1, max-image-preview:large, max-video-preview:-1\" \/>\n<link rel=\"canonical\" href=\"https:\/\/mmkriepas.lv\/en\/p\/215-65r16-sailun-atrezzo-elite2-102v-xl\/\" \/>\n<meta property=\"og:locale\" content=\"en_US\" \/>\n<meta property=\"og:type\" content=\"article\" \/>\n<meta property=\"og:title\" content=\"215\/65R16 Sailun Atrezzo ELITE2 102V XL\" \/>\n<meta property=\"og:description\" content=\"Sailun Atrezzo ELITE2 ir vasaras riepu modelis, kas ir n\u0101ko\u0161\u0101 paaudze popul\u0101rajam Atrezzo ELITE modelim. Mode\u013ca uzlabojumi fokus\u0113ti dro\u0161\u012bbai un komfortam, kas atspogu\u013cojas liel\u0101kaj\u0101 da\u013c\u0101 pieejamo izm\u0113ru ar \u201cA\u201d r\u0101d\u012bt\u0101ju uz mitra seguma. ELITE2 modelis paredz\u0113ts pla\u0161am auto spektram, tai skait\u0101 hibr\u012bda un elektro automa\u0161\u012bn\u0101m.\" \/>\n<meta property=\"og:url\" content=\"https:\/\/mmkriepas.lv\/en\/p\/215-65r16-sailun-atrezzo-elite2-102v-xl\/\" \/>\n<meta property=\"og:site_name\" content=\"MMK Riepas\" \/>\n<meta property=\"article:publisher\" content=\"https:\/\/www.facebook.com\/mmkserviss\/\" \/>\n<meta property=\"article:modified_time\" content=\"2026-04-02T14:17:06+00:00\" \/>\n<meta property=\"og:image\" content=\"https:\/\/mmkriepas.lv\/wp-content\/uploads\/2025\/03\/SAILUN_ATREZZO_ELITE2.jpg\" \/>\n\t<meta property=\"og:image:width\" content=\"900\" \/>\n\t<meta property=\"og:image:height\" content=\"720\" \/>\n\t<meta property=\"og:image:type\" content=\"image\/jpeg\" \/>\n<meta name=\"twitter:card\" content=\"summary_large_image\" \/>\n<meta name=\"twitter:label1\" content=\"Price\" \/>\n\t<meta name=\"twitter:data1\" content=\"&euro;65.00\" \/>\n\t<meta name=\"twitter:label2\" content=\"Availability\" \/>\n\t<meta name=\"twitter:data2\" content=\"In stock\" \/>\n<script type=\"application\/ld+json\" class=\"yoast-schema-graph\">{\"@context\":\"https:\\\/\\\/schema.org\",\"@graph\":[{\"@type\":\"WebPage\",\"@id\":\"https:\\\/\\\/mmkriepas.lv\\\/en\\\/p\\\/215-65r16-sailun-atrezzo-elite2-102v-xl\\\/\",\"url\":\"https:\\\/\\\/mmkriepas.lv\\\/en\\\/p\\\/215-65r16-sailun-atrezzo-elite2-102v-xl\\\/\",\"name\":\"215\\\/65R16 Sailun Atrezzo ELITE2 102V XL &#8226; MMK Riepas\",\"isPartOf\":{\"@id\":\"https:\\\/\\\/mmkriepas.lv\\\/en\\\/#website\"},\"primaryImageOfPage\":{\"@id\":\"https:\\\/\\\/mmkriepas.lv\\\/en\\\/p\\\/215-65r16-sailun-atrezzo-elite2-102v-xl\\\/#primaryimage\"},\"image\":{\"@id\":\"https:\\\/\\\/mmkriepas.lv\\\/en\\\/p\\\/215-65r16-sailun-atrezzo-elite2-102v-xl\\\/#primaryimage\"},\"thumbnailUrl\":\"https:\\\/\\\/mmkriepas.lv\\\/wp-content\\\/uploads\\\/2025\\\/03\\\/SAILUN_ATREZZO_ELITE2.jpg\",\"datePublished\":\"2025-03-31T10:48:07+00:00\",\"dateModified\":\"2026-04-02T14:17:06+00:00\",\"breadcrumb\":{\"@id\":\"https:\\\/\\\/mmkriepas.lv\\\/en\\\/p\\\/215-65r16-sailun-atrezzo-elite2-102v-xl\\\/#breadcrumb\"},\"inLanguage\":\"en-US\",\"potentialAction\":[{\"@type\":\"ReadAction\",\"target\":[\"https:\\\/\\\/mmkriepas.lv\\\/en\\\/p\\\/215-65r16-sailun-atrezzo-elite2-102v-xl\\\/\"]}]},{\"@type\":\"ImageObject\",\"inLanguage\":\"en-US\",\"@id\":\"https:\\\/\\\/mmkriepas.lv\\\/en\\\/p\\\/215-65r16-sailun-atrezzo-elite2-102v-xl\\\/#primaryimage\",\"url\":\"https:\\\/\\\/mmkriepas.lv\\\/wp-content\\\/uploads\\\/2025\\\/03\\\/SAILUN_ATREZZO_ELITE2.jpg\",\"contentUrl\":\"https:\\\/\\\/mmkriepas.lv\\\/wp-content\\\/uploads\\\/2025\\\/03\\\/SAILUN_ATREZZO_ELITE2.jpg\",\"width\":900,\"height\":720,\"caption\":\"MAIN\"},{\"@type\":\"BreadcrumbList\",\"@id\":\"https:\\\/\\\/mmkriepas.lv\\\/en\\\/p\\\/215-65r16-sailun-atrezzo-elite2-102v-xl\\\/#breadcrumb\",\"itemListElement\":[{\"@type\":\"ListItem\",\"position\":1,\"name\":\"S\u0101kums\",\"item\":\"https:\\\/\\\/mmkriepas.lv\\\/en\\\/\"},{\"@type\":\"ListItem\",\"position\":2,\"name\":\"215\\\/65R16 Sailun Atrezzo ELITE2 102V XL\"}]},{\"@type\":\"WebSite\",\"@id\":\"https:\\\/\\\/mmkriepas.lv\\\/en\\\/#website\",\"url\":\"https:\\\/\\\/mmkriepas.lv\\\/en\\\/\",\"name\":\"MMK Riepas\",\"description\":\"MMK Riepas\",\"alternateName\":\"MMK Riepu Serviss\",\"potentialAction\":[{\"@type\":\"SearchAction\",\"target\":{\"@type\":\"EntryPoint\",\"urlTemplate\":\"https:\\\/\\\/mmkriepas.lv\\\/en\\\/?s={search_term_string}\"},\"query-input\":{\"@type\":\"PropertyValueSpecification\",\"valueRequired\":true,\"valueName\":\"search_term_string\"}}],\"inLanguage\":\"en-US\"},{\"@type\":\"ImageObject\",\"inLanguage\":\"en-US\",\"@id\":\"https:\\\/\\\/mmkriepas.lv\\\/en\\\/p\\\/215-65r16-sailun-atrezzo-elite2-102v-xl\\\/#local-main-organization-logo\",\"url\":\"\",\"contentUrl\":\"\",\"caption\":\"MMK Riepas\"}]}<\/script>\n<meta property=\"product:brand\" content=\"Sailun Atrezzo ELITE2\" \/>\n<meta property=\"product:price:amount\" content=\"65.00\" \/>\n<meta property=\"product:price:currency\" content=\"EUR\" \/>\n<meta property=\"og:availability\" content=\"instock\" \/>\n<meta property=\"product:availability\" content=\"instock\" \/>\n<meta property=\"product:retailer_item_id\" content=\"TS2156516SAILU-46853\" \/>\n<meta property=\"product:condition\" content=\"new\" \/>\n<!-- \/ Yoast SEO Premium plugin. -->","yoast_head_json":{"title":"215\/65R16 Sailun Atrezzo ELITE2 102V XL &#8226; MMK Riepas","robots":{"index":"index","follow":"follow","max-snippet":"max-snippet:-1","max-image-preview":"max-image-preview:large","max-video-preview":"max-video-preview:-1"},"canonical":"https:\/\/mmkriepas.lv\/en\/p\/215-65r16-sailun-atrezzo-elite2-102v-xl\/","og_locale":"en_US","og_type":"article","og_title":"215\/65R16 Sailun Atrezzo ELITE2 102V XL","og_description":"Sailun Atrezzo ELITE2 ir vasaras riepu modelis, kas ir n\u0101ko\u0161\u0101 paaudze popul\u0101rajam Atrezzo ELITE modelim. Mode\u013ca uzlabojumi fokus\u0113ti dro\u0161\u012bbai un komfortam, kas atspogu\u013cojas liel\u0101kaj\u0101 da\u013c\u0101 pieejamo izm\u0113ru ar \u201cA\u201d r\u0101d\u012bt\u0101ju uz mitra seguma. ELITE2 modelis paredz\u0113ts pla\u0161am auto spektram, tai skait\u0101 hibr\u012bda un elektro automa\u0161\u012bn\u0101m.","og_url":"https:\/\/mmkriepas.lv\/en\/p\/215-65r16-sailun-atrezzo-elite2-102v-xl\/","og_site_name":"MMK Riepas","article_publisher":"https:\/\/www.facebook.com\/mmkserviss\/","article_modified_time":"2026-04-02T14:17:06+00:00","og_image":[{"width":900,"height":720,"url":"https:\/\/mmkriepas.lv\/wp-content\/uploads\/2025\/03\/SAILUN_ATREZZO_ELITE2.jpg","type":"image\/jpeg"}],"twitter_card":"summary_large_image","twitter_misc":{"Price":"&euro;65.00","Availability":"In stock"},"schema":{"@context":"https:\/\/schema.org","@graph":[{"@type":"WebPage","@id":"https:\/\/mmkriepas.lv\/en\/p\/215-65r16-sailun-atrezzo-elite2-102v-xl\/","url":"https:\/\/mmkriepas.lv\/en\/p\/215-65r16-sailun-atrezzo-elite2-102v-xl\/","name":"215\/65R16 Sailun Atrezzo ELITE2 102V XL &#8226; MMK Riepas","isPartOf":{"@id":"https:\/\/mmkriepas.lv\/en\/#website"},"primaryImageOfPage":{"@id":"https:\/\/mmkriepas.lv\/en\/p\/215-65r16-sailun-atrezzo-elite2-102v-xl\/#primaryimage"},"image":{"@id":"https:\/\/mmkriepas.lv\/en\/p\/215-65r16-sailun-atrezzo-elite2-102v-xl\/#primaryimage"},"thumbnailUrl":"https:\/\/mmkriepas.lv\/wp-content\/uploads\/2025\/03\/SAILUN_ATREZZO_ELITE2.jpg","datePublished":"2025-03-31T10:48:07+00:00","dateModified":"2026-04-02T14:17:06+00:00","breadcrumb":{"@id":"https:\/\/mmkriepas.lv\/en\/p\/215-65r16-sailun-atrezzo-elite2-102v-xl\/#breadcrumb"},"inLanguage":"en-US","potentialAction":[{"@type":"ReadAction","target":["https:\/\/mmkriepas.lv\/en\/p\/215-65r16-sailun-atrezzo-elite2-102v-xl\/"]}]},{"@type":"ImageObject","inLanguage":"en-US","@id":"https:\/\/mmkriepas.lv\/en\/p\/215-65r16-sailun-atrezzo-elite2-102v-xl\/#primaryimage","url":"https:\/\/mmkriepas.lv\/wp-content\/uploads\/2025\/03\/SAILUN_ATREZZO_ELITE2.jpg","contentUrl":"https:\/\/mmkriepas.lv\/wp-content\/uploads\/2025\/03\/SAILUN_ATREZZO_ELITE2.jpg","width":900,"height":720,"caption":"MAIN"},{"@type":"BreadcrumbList","@id":"https:\/\/mmkriepas.lv\/en\/p\/215-65r16-sailun-atrezzo-elite2-102v-xl\/#breadcrumb","itemListElement":[{"@type":"ListItem","position":1,"name":"S\u0101kums","item":"https:\/\/mmkriepas.lv\/en\/"},{"@type":"ListItem","position":2,"name":"215\/65R16 Sailun Atrezzo ELITE2 102V XL"}]},{"@type":"WebSite","@id":"https:\/\/mmkriepas.lv\/en\/#website","url":"https:\/\/mmkriepas.lv\/en\/","name":"MMK Riepas","description":"MMK Riepas","alternateName":"MMK Riepu Serviss","potentialAction":[{"@type":"SearchAction","target":{"@type":"EntryPoint","urlTemplate":"https:\/\/mmkriepas.lv\/en\/?s={search_term_string}"},"query-input":{"@type":"PropertyValueSpecification","valueRequired":true,"valueName":"search_term_string"}}],"inLanguage":"en-US"},{"@type":"ImageObject","inLanguage":"en-US","@id":"https:\/\/mmkriepas.lv\/en\/p\/215-65r16-sailun-atrezzo-elite2-102v-xl\/#local-main-organization-logo","url":"","contentUrl":"","caption":"MMK Riepas"}]},"product_brand":"Sailun Atrezzo ELITE2","product_price_amount":"65.00","product_price_currency":"EUR","og_availability":"instock","product_availability":"instock","product_retailer_item_id":"TS2156516SAILU-46853","product_condition":"new"},"_links":{"self":[{"href":"https:\/\/mmkriepas.lv\/en\/wp-json\/wp\/v2\/product\/1206620","targetHints":{"allow":["GET"]}}],"collection":[{"href":"https:\/\/mmkriepas.lv\/en\/wp-json\/wp\/v2\/product"}],"about":[{"href":"https:\/\/mmkriepas.lv\/en\/wp-json\/wp\/v2\/types\/product"}],"wp:featuredmedia":[{"embeddable":true,"href":"https:\/\/mmkriepas.lv\/en\/wp-json\/wp\/v2\/media\/1196348"}],"wp:attachment":[{"href":"https:\/\/mmkriepas.lv\/en\/wp-json\/wp\/v2\/media?parent=1206620"}],"wp:term":[{"taxonomy":"product_brand","embeddable":true,"href":"https:\/\/mmkriepas.lv\/en\/wp-json\/wp\/v2\/product_brand?post=1206620"},{"taxonomy":"product_cat","embeddable":true,"href":"https:\/\/mmkriepas.lv\/en\/wp-json\/wp\/v2\/product_cat?post=1206620"},{"taxonomy":"product_tag","embeddable":true,"href":"https:\/\/mmkriepas.lv\/en\/wp-json\/wp\/v2\/product_tag?post=1206620"}],"curies":[{"name":"wp","href":"https:\/\/api.w.org\/{rel}","templated":true}]}}