{"id":1202490,"date":"2025-03-23T21:27:15","date_gmt":"2025-03-23T19:27:15","guid":{"rendered":"https:\/\/mmkriepas.lv\/?post_type=product&#038;p=1202490"},"modified":"2026-03-27T14:55:23","modified_gmt":"2026-03-27T12:55:23","slug":"255-60r17-dynamo-hiscend-h-msu02-106h-rp-2","status":"publish","type":"product","link":"https:\/\/mmkriepas.lv\/en\/p\/255-60r17-dynamo-hiscend-h-msu02-106h-rp-2\/","title":{"rendered":"255\/60R17 Dynamo Hiscend-H MSU02 106H RP"},"content":{"rendered":"<p><b>Dynamo Hiscend-H MSU02<\/b><span style=\"font-weight: 400;\">\u00a0ir augstas veiktsp\u0113jas vasaras riepu modelis. kas paredz\u0113ts apvidus jeb SUV automa\u0161\u012bn\u0101m un izce\u013cas ar paaugstin\u0101t\u0101m sa\u0137eres \u012bpa\u0161\u012bb\u0101m uz sausa un slapja asfalta.<\/span><\/p>\n<h3><b>Dynamo Hiscend-H MSU02 galven\u0101s \u012bpa\u0161\u012bbas:<\/b><\/h3>\n<p><span style=\"font-weight: 400;\">+ Vasaras riepu modelis, kas paredz\u0113ts sportiska tipa apvidus jeb SUV automa\u0161\u012bn\u0101m,<\/span><\/p>\n<p><span style=\"font-weight: 400;\">+ Paaugstin\u0101ti sa\u0137eres r\u0101d\u012bt\u0101ji uz sausa un slapja asfalta pat lielos brauk\u0161anas \u0101trumos,<\/span><\/p>\n<p><span style=\"font-weight: 400;\">+ Izteikta diska aizsargmala jeb RP modifik\u0101cija visos izm\u0113ros,<\/span><\/p>\n<p><span style=\"font-weight: 400;\">+ Samazin\u0101ts akvaplan\u0113\u0161anas risks,<\/span><\/p>\n<p><span style=\"font-weight: 400;\">+ Paugstin\u0101ta degvielas ekonomija,<\/span><\/p>\n<p><span style=\"font-weight: 400;\">+ Izteikts akustiskais komforts.<\/span><\/p>\n<h3><b>MSU02 apr\u012bkojums<\/b><\/h3>\n<p><b>Hiscend-H MSU02 <\/b><span style=\"font-weight: 400;\">vasaras riepas apr\u012bkotas ar asimetrisku protektora rakstu, padarot t\u0101s klus\u0101kas. Starp asimetriski izvietotaj\u0101m protektora bloku virkn\u0113m atrodama augsti att\u012bst\u012bta dren\u0101\u017eas jeb \u016bdens izvadkan\u0101lu sist\u0113ma, kas efekt\u012bvi izvad\u012bt \u016bdeni pat lielos brauk\u0161anas \u0101trumos, b\u016btiski samazinot akvaplan\u0113\u0161anas risku.<\/span> <span style=\"font-weight: 400;\">Katra no asimetriskaj\u0101m protektora da\u013c\u0101m pilda savu funkciju. Mas\u012bv\u0101s protektora bloku virknes riepas s\u0101nu da\u013c\u0101 uzlabo stabilit\u0101ti lielos brauk\u0161anas \u0101trumos, savuk\u0101rt dzi\u013cie iegriezumi tuv\u0101k riepas vidusda\u013cai &#8211; uzlabo riepas hidrodinamiku.<\/span><\/p>\n","protected":false},"excerpt":{"rendered":"<p><b>Dynamo Hiscend-H MSU02<\/b><span style=\"font-weight: 400;\">\u00a0ir augstas veiktsp\u0113jas vasaras riepu modelis. kas paredz\u0113ts apvidus jeb SUV automa\u0161\u012bn\u0101m un izce\u013cas ar paaugstin\u0101t\u0101m sa\u0137eres \u012bpa\u0161\u012bb\u0101m uz sausa un slapja asfalta.<\/span><\/p>\n","protected":false},"featured_media":308153,"template":"","meta":{"_acf_changed":false,"ngg_post_thumbnail":0},"product_brand":[],"product_cat":[46],"product_tag":[],"class_list":{"0":"post-1202490","1":"product","2":"type-product","3":"status-publish","4":"has-post-thumbnail","6":"product_cat-vasaras-riepas","8":"first","9":"instock","10":"sale","11":"taxable","12":"shipping-taxable","13":"purchasable","14":"product-type-simple"},"acf":[],"yoast_head":"<!-- This site is optimized with the Yoast SEO Premium plugin v22.6 (Yoast SEO v27.3) - https:\/\/yoast.com\/product\/yoast-seo-premium-wordpress\/ -->\n<title>255\/60R17 Dynamo Hiscend-H MSU02 106H RP &#8226; MMK Riepas<\/title>\n<meta name=\"robots\" content=\"index, follow, max-snippet:-1, max-image-preview:large, max-video-preview:-1\" \/>\n<link rel=\"canonical\" href=\"https:\/\/mmkriepas.lv\/en\/p\/255-60r17-dynamo-hiscend-h-msu02-106h-rp-2\/\" \/>\n<meta property=\"og:locale\" content=\"en_US\" \/>\n<meta property=\"og:type\" content=\"article\" \/>\n<meta property=\"og:title\" content=\"255\/60R17 Dynamo Hiscend-H MSU02 106H RP\" \/>\n<meta property=\"og:description\" content=\"Dynamo Hiscend-H MSU02\u00a0ir augstas veiktsp\u0113jas vasaras riepu modelis. kas paredz\u0113ts apvidus jeb SUV automa\u0161\u012bn\u0101m un izce\u013cas ar paaugstin\u0101t\u0101m sa\u0137eres \u012bpa\u0161\u012bb\u0101m uz sausa un slapja asfalta.\" \/>\n<meta property=\"og:url\" content=\"https:\/\/mmkriepas.lv\/en\/p\/255-60r17-dynamo-hiscend-h-msu02-106h-rp-2\/\" \/>\n<meta property=\"og:site_name\" content=\"MMK Riepas\" \/>\n<meta property=\"article:publisher\" content=\"https:\/\/www.facebook.com\/mmkserviss\/\" \/>\n<meta property=\"article:modified_time\" content=\"2026-03-27T12:55:23+00:00\" \/>\n<meta property=\"og:image\" content=\"https:\/\/mmkriepas.lv\/wp-content\/uploads\/2022\/08\/22560r18-dynamo-hiscend-h-msu02-100v-vasaras-riepas-2.jpg\" \/>\n\t<meta property=\"og:image:width\" content=\"1920\" \/>\n\t<meta property=\"og:image:height\" content=\"1278\" \/>\n\t<meta property=\"og:image:type\" content=\"image\/jpeg\" \/>\n<meta name=\"twitter:card\" content=\"summary_large_image\" \/>\n<meta name=\"twitter:label1\" content=\"Price\" \/>\n\t<meta name=\"twitter:data1\" content=\"&euro;83.00\" \/>\n\t<meta name=\"twitter:label2\" content=\"Availability\" \/>\n\t<meta name=\"twitter:data2\" content=\"In stock\" \/>\n<script type=\"application\/ld+json\" class=\"yoast-schema-graph\">{\"@context\":\"https:\\\/\\\/schema.org\",\"@graph\":[{\"@type\":\"WebPage\",\"@id\":\"https:\\\/\\\/mmkriepas.lv\\\/en\\\/p\\\/255-60r17-dynamo-hiscend-h-msu02-106h-rp-2\\\/\",\"url\":\"https:\\\/\\\/mmkriepas.lv\\\/en\\\/p\\\/255-60r17-dynamo-hiscend-h-msu02-106h-rp-2\\\/\",\"name\":\"255\\\/60R17 Dynamo Hiscend-H MSU02 106H RP &#8226; MMK Riepas\",\"isPartOf\":{\"@id\":\"https:\\\/\\\/mmkriepas.lv\\\/en\\\/#website\"},\"primaryImageOfPage\":{\"@id\":\"https:\\\/\\\/mmkriepas.lv\\\/en\\\/p\\\/255-60r17-dynamo-hiscend-h-msu02-106h-rp-2\\\/#primaryimage\"},\"image\":{\"@id\":\"https:\\\/\\\/mmkriepas.lv\\\/en\\\/p\\\/255-60r17-dynamo-hiscend-h-msu02-106h-rp-2\\\/#primaryimage\"},\"thumbnailUrl\":\"https:\\\/\\\/mmkriepas.lv\\\/wp-content\\\/uploads\\\/2022\\\/08\\\/22560r18-dynamo-hiscend-h-msu02-100v-vasaras-riepas-2.jpg\",\"datePublished\":\"2025-03-23T19:27:15+00:00\",\"dateModified\":\"2026-03-27T12:55:23+00:00\",\"breadcrumb\":{\"@id\":\"https:\\\/\\\/mmkriepas.lv\\\/en\\\/p\\\/255-60r17-dynamo-hiscend-h-msu02-106h-rp-2\\\/#breadcrumb\"},\"inLanguage\":\"en-US\",\"potentialAction\":[{\"@type\":\"ReadAction\",\"target\":[\"https:\\\/\\\/mmkriepas.lv\\\/en\\\/p\\\/255-60r17-dynamo-hiscend-h-msu02-106h-rp-2\\\/\"]}]},{\"@type\":\"ImageObject\",\"inLanguage\":\"en-US\",\"@id\":\"https:\\\/\\\/mmkriepas.lv\\\/en\\\/p\\\/255-60r17-dynamo-hiscend-h-msu02-106h-rp-2\\\/#primaryimage\",\"url\":\"https:\\\/\\\/mmkriepas.lv\\\/wp-content\\\/uploads\\\/2022\\\/08\\\/22560r18-dynamo-hiscend-h-msu02-100v-vasaras-riepas-2.jpg\",\"contentUrl\":\"https:\\\/\\\/mmkriepas.lv\\\/wp-content\\\/uploads\\\/2022\\\/08\\\/22560r18-dynamo-hiscend-h-msu02-100v-vasaras-riepas-2.jpg\",\"width\":1920,\"height\":1278,\"caption\":\"225\\\/60R18 Dynamo Hiscend-H MSU02 100V - Vasaras riepas\"},{\"@type\":\"BreadcrumbList\",\"@id\":\"https:\\\/\\\/mmkriepas.lv\\\/en\\\/p\\\/255-60r17-dynamo-hiscend-h-msu02-106h-rp-2\\\/#breadcrumb\",\"itemListElement\":[{\"@type\":\"ListItem\",\"position\":1,\"name\":\"S\u0101kums\",\"item\":\"https:\\\/\\\/mmkriepas.lv\\\/en\\\/\"},{\"@type\":\"ListItem\",\"position\":2,\"name\":\"255\\\/60R17 Dynamo Hiscend-H MSU02 106H RP\"}]},{\"@type\":\"WebSite\",\"@id\":\"https:\\\/\\\/mmkriepas.lv\\\/en\\\/#website\",\"url\":\"https:\\\/\\\/mmkriepas.lv\\\/en\\\/\",\"name\":\"MMK Riepas\",\"description\":\"MMK Riepas\",\"alternateName\":\"MMK Riepu Serviss\",\"potentialAction\":[{\"@type\":\"SearchAction\",\"target\":{\"@type\":\"EntryPoint\",\"urlTemplate\":\"https:\\\/\\\/mmkriepas.lv\\\/en\\\/?s={search_term_string}\"},\"query-input\":{\"@type\":\"PropertyValueSpecification\",\"valueRequired\":true,\"valueName\":\"search_term_string\"}}],\"inLanguage\":\"en-US\"},{\"@type\":\"ImageObject\",\"inLanguage\":\"en-US\",\"@id\":\"https:\\\/\\\/mmkriepas.lv\\\/en\\\/p\\\/255-60r17-dynamo-hiscend-h-msu02-106h-rp-2\\\/#local-main-organization-logo\",\"url\":\"\",\"contentUrl\":\"\",\"caption\":\"MMK Riepas\"}]}<\/script>\n<meta property=\"product:brand\" content=\"Dynamo Hiscend-H MSU02\" \/>\n<meta property=\"product:price:amount\" content=\"83.00\" \/>\n<meta property=\"product:price:currency\" content=\"EUR\" \/>\n<meta property=\"og:availability\" content=\"instock\" \/>\n<meta property=\"product:availability\" content=\"instock\" \/>\n<meta property=\"product:retailer_item_id\" content=\"TS2556017DYNAM-L46642\" \/>\n<meta property=\"product:condition\" content=\"new\" \/>\n<!-- \/ Yoast SEO Premium plugin. -->","yoast_head_json":{"title":"255\/60R17 Dynamo Hiscend-H MSU02 106H RP &#8226; MMK Riepas","robots":{"index":"index","follow":"follow","max-snippet":"max-snippet:-1","max-image-preview":"max-image-preview:large","max-video-preview":"max-video-preview:-1"},"canonical":"https:\/\/mmkriepas.lv\/en\/p\/255-60r17-dynamo-hiscend-h-msu02-106h-rp-2\/","og_locale":"en_US","og_type":"article","og_title":"255\/60R17 Dynamo Hiscend-H MSU02 106H RP","og_description":"Dynamo Hiscend-H MSU02\u00a0ir augstas veiktsp\u0113jas vasaras riepu modelis. kas paredz\u0113ts apvidus jeb SUV automa\u0161\u012bn\u0101m un izce\u013cas ar paaugstin\u0101t\u0101m sa\u0137eres \u012bpa\u0161\u012bb\u0101m uz sausa un slapja asfalta.","og_url":"https:\/\/mmkriepas.lv\/en\/p\/255-60r17-dynamo-hiscend-h-msu02-106h-rp-2\/","og_site_name":"MMK Riepas","article_publisher":"https:\/\/www.facebook.com\/mmkserviss\/","article_modified_time":"2026-03-27T12:55:23+00:00","og_image":[{"width":1920,"height":1278,"url":"https:\/\/mmkriepas.lv\/wp-content\/uploads\/2022\/08\/22560r18-dynamo-hiscend-h-msu02-100v-vasaras-riepas-2.jpg","type":"image\/jpeg"}],"twitter_card":"summary_large_image","twitter_misc":{"Price":"&euro;83.00","Availability":"In stock"},"schema":{"@context":"https:\/\/schema.org","@graph":[{"@type":"WebPage","@id":"https:\/\/mmkriepas.lv\/en\/p\/255-60r17-dynamo-hiscend-h-msu02-106h-rp-2\/","url":"https:\/\/mmkriepas.lv\/en\/p\/255-60r17-dynamo-hiscend-h-msu02-106h-rp-2\/","name":"255\/60R17 Dynamo Hiscend-H MSU02 106H RP &#8226; MMK Riepas","isPartOf":{"@id":"https:\/\/mmkriepas.lv\/en\/#website"},"primaryImageOfPage":{"@id":"https:\/\/mmkriepas.lv\/en\/p\/255-60r17-dynamo-hiscend-h-msu02-106h-rp-2\/#primaryimage"},"image":{"@id":"https:\/\/mmkriepas.lv\/en\/p\/255-60r17-dynamo-hiscend-h-msu02-106h-rp-2\/#primaryimage"},"thumbnailUrl":"https:\/\/mmkriepas.lv\/wp-content\/uploads\/2022\/08\/22560r18-dynamo-hiscend-h-msu02-100v-vasaras-riepas-2.jpg","datePublished":"2025-03-23T19:27:15+00:00","dateModified":"2026-03-27T12:55:23+00:00","breadcrumb":{"@id":"https:\/\/mmkriepas.lv\/en\/p\/255-60r17-dynamo-hiscend-h-msu02-106h-rp-2\/#breadcrumb"},"inLanguage":"en-US","potentialAction":[{"@type":"ReadAction","target":["https:\/\/mmkriepas.lv\/en\/p\/255-60r17-dynamo-hiscend-h-msu02-106h-rp-2\/"]}]},{"@type":"ImageObject","inLanguage":"en-US","@id":"https:\/\/mmkriepas.lv\/en\/p\/255-60r17-dynamo-hiscend-h-msu02-106h-rp-2\/#primaryimage","url":"https:\/\/mmkriepas.lv\/wp-content\/uploads\/2022\/08\/22560r18-dynamo-hiscend-h-msu02-100v-vasaras-riepas-2.jpg","contentUrl":"https:\/\/mmkriepas.lv\/wp-content\/uploads\/2022\/08\/22560r18-dynamo-hiscend-h-msu02-100v-vasaras-riepas-2.jpg","width":1920,"height":1278,"caption":"225\/60R18 Dynamo Hiscend-H MSU02 100V - Vasaras riepas"},{"@type":"BreadcrumbList","@id":"https:\/\/mmkriepas.lv\/en\/p\/255-60r17-dynamo-hiscend-h-msu02-106h-rp-2\/#breadcrumb","itemListElement":[{"@type":"ListItem","position":1,"name":"S\u0101kums","item":"https:\/\/mmkriepas.lv\/en\/"},{"@type":"ListItem","position":2,"name":"255\/60R17 Dynamo Hiscend-H MSU02 106H RP"}]},{"@type":"WebSite","@id":"https:\/\/mmkriepas.lv\/en\/#website","url":"https:\/\/mmkriepas.lv\/en\/","name":"MMK Riepas","description":"MMK Riepas","alternateName":"MMK Riepu Serviss","potentialAction":[{"@type":"SearchAction","target":{"@type":"EntryPoint","urlTemplate":"https:\/\/mmkriepas.lv\/en\/?s={search_term_string}"},"query-input":{"@type":"PropertyValueSpecification","valueRequired":true,"valueName":"search_term_string"}}],"inLanguage":"en-US"},{"@type":"ImageObject","inLanguage":"en-US","@id":"https:\/\/mmkriepas.lv\/en\/p\/255-60r17-dynamo-hiscend-h-msu02-106h-rp-2\/#local-main-organization-logo","url":"","contentUrl":"","caption":"MMK Riepas"}]},"product_brand":"Dynamo Hiscend-H MSU02","product_price_amount":"83.00","product_price_currency":"EUR","og_availability":"instock","product_availability":"instock","product_retailer_item_id":"TS2556017DYNAM-L46642","product_condition":"new"},"_links":{"self":[{"href":"https:\/\/mmkriepas.lv\/en\/wp-json\/wp\/v2\/product\/1202490","targetHints":{"allow":["GET"]}}],"collection":[{"href":"https:\/\/mmkriepas.lv\/en\/wp-json\/wp\/v2\/product"}],"about":[{"href":"https:\/\/mmkriepas.lv\/en\/wp-json\/wp\/v2\/types\/product"}],"wp:featuredmedia":[{"embeddable":true,"href":"https:\/\/mmkriepas.lv\/en\/wp-json\/wp\/v2\/media\/308153"}],"wp:attachment":[{"href":"https:\/\/mmkriepas.lv\/en\/wp-json\/wp\/v2\/media?parent=1202490"}],"wp:term":[{"taxonomy":"product_brand","embeddable":true,"href":"https:\/\/mmkriepas.lv\/en\/wp-json\/wp\/v2\/product_brand?post=1202490"},{"taxonomy":"product_cat","embeddable":true,"href":"https:\/\/mmkriepas.lv\/en\/wp-json\/wp\/v2\/product_cat?post=1202490"},{"taxonomy":"product_tag","embeddable":true,"href":"https:\/\/mmkriepas.lv\/en\/wp-json\/wp\/v2\/product_tag?post=1202490"}],"curies":[{"name":"wp","href":"https:\/\/api.w.org\/{rel}","templated":true}]}}