{"id":1200377,"date":"2025-03-18T20:44:19","date_gmt":"2025-03-18T18:44:19","guid":{"rendered":"https:\/\/mmkriepas.lv\/?post_type=product&#038;p=1200377"},"modified":"2026-04-05T20:12:46","modified_gmt":"2026-04-05T17:12:46","slug":"215-65r16c-kormoran-cargo-speed-evo-109-107t-michelin","status":"publish","type":"product","link":"https:\/\/mmkriepas.lv\/en\/p\/215-65r16c-kormoran-cargo-speed-evo-109-107t-michelin\/","title":{"rendered":"215\/65R16C Kormoran Cargo Speed EVO 109\/107T (Michelin)"},"content":{"rendered":"<p class=\"western\"><span style=\"color: #ff0000;\"><span style=\"font-family: Arial, serif;\"><span style=\"font-size: large;\"><strong><span style=\"color: #000000;\"><span style=\"font-family: Arial, sans-serif;\"><span style=\"font-size: small;\">Kormoran Cargo Speed EVO\u00a0<\/span><\/span><\/span><\/strong><span style=\"color: #000000;\"><span style=\"font-family: Arial, sans-serif;\"><span style=\"font-size: small;\">ir teicamas kvalit\u0101tes, vid\u0113j\u0101 cenu segmenta vasaras komerctransporta riepu modelis. Tas izce\u013cas ar teicamiem kravnes\u012bbas, nodilumiztur\u012bbas, degvielas ekonomijas un sa\u0137eres r\u0101d\u012bt\u0101jiem gan uz sausa un slapja asfalta, gan ar\u012b uz grants ce\u013ciem. \u0160is riepu modelis piem\u0113rots liel\u0101kajai da\u013cai m\u016bsdienu mikroautobusu un piekabju. Tas pieejams pla\u0161\u0101 izm\u0113ru kl\u0101st\u0101 no R14 l\u012bdz R16.<\/span><\/span><\/span><\/span><\/span><\/span><\/p>\n<h3 class=\"western\"><strong><span style=\"font-family: Arial, sans-serif;\">Kormoran Cargo Speed EVO galven\u0101s \u012bpa\u0161\u012bbas<\/span><\/strong><\/h3>\n<p class=\"western\"><span style=\"font-family: Arial, sans-serif;\">+ Palielin\u0101ti slodzes indeksi smagu kravu p\u0101rvad\u0101\u0161anai.<br \/>+ Zems degvielas pat\u0113ri\u0146\u0161!<br \/>+ Liela nodilumiztur\u012bba.<br \/>+ Teicama sa\u0137ere un manevr\u0113tsp\u0113ja gan uz sausa un slapja asfalta, gan ar\u012b uz grants ce\u013ciem.<br \/>+ Zems akvaplan\u0113\u0161anas risks.<br \/>+ <\/span><strong><span style=\"font-family: Arial, sans-serif;\">Michelin apak\u0161grupas riepas. Ra\u017eotas Eirop\u0101!<br \/><\/span><\/strong><span style=\"font-family: Arial, sans-serif;\">+ Labs akustiskais un brauk\u0161anas gaitas komforts.<\/span><\/p>\n<h3 class=\"western\"><span style=\"color: #ff0000;\"><span style=\"font-family: Arial, serif;\"><span style=\"font-size: large;\"><strong><span style=\"color: #000000;\"><span style=\"font-family: Arial, sans-serif;\">Cargo Speed EVO apr\u012bkojums<\/span><\/span><\/strong><\/span><\/span><\/span><\/h3>\n<p class=\"western\"><strong><span style=\"font-family: Arial, sans-serif;\">Kormoran Cargo Speed EVO\u00a0<\/span><\/strong><span style=\"font-family: Arial, sans-serif;\">komerctransporta jeb c indeksa vasaras riepu modelis apr\u012bkots ar unik\u0101lu asimetrisko protektora rakstu ar lieliem protektora blokiem. \u0160\u0101ds dizains sev\u012b apvieno labas sa\u0137eres, kravnes\u012bbas un degvielas ekonomijas \u012bpa\u0161\u012bbas.<\/span><\/p>\n<p class=\"western\"><span style=\"font-family: Arial, sans-serif;\">Mas\u012bvie, asimetriski izvietotie protektora bloki izvietoti t\u0101, lai palielin\u0101tu riepu kontakta virsmu ar ce\u013cu. Tas uzlabo gan sa\u0137eres, gan kravnes\u012bbas \u012bpa\u0161\u012bbas. Savuk\u0101rt, starp protektora blokiem atrodama efekt\u012bva dren\u0101\u017eas jeb \u016bdens novadkan\u0101lu sist\u0113ma. T\u0101 atbr\u012bvo riepu kontakta virsmu ar ce\u013cu no \u016bdens, samazinot akvaplan\u0113\u0161anas risku.<\/span><\/p>\n<p class=\"western\"><span style=\"font-family: Arial, sans-serif;\">Protektora pamatn\u0113 atrodams ar vair\u0101kiem kordu jeb brekera sl\u0101\u0146iem pastiprin\u0101ts karkass. Tas vienlaikus uzlabo gan kravnes\u012bbas, gan triecieniztur\u012bbas \u012bpa\u0161\u012bbas, paildzinot riepu m\u016b\u017eu.<\/span><\/p>\n","protected":false},"excerpt":{"rendered":"<p><span style=\"color: #ff0000;\"><span style=\"font-family: Arial, serif;\"><span style=\"font-size: large;\"><strong><span style=\"color: #000000;\"><span style=\"font-family: Arial, sans-serif;\"><span style=\"font-size: small;\">Kormoran Cargo Speed EVO\u00a0<\/span><\/span><\/span><\/strong><span style=\"color: #000000;\"><span style=\"font-family: Arial, sans-serif;\"><span style=\"font-size: small;\">ir teicamas kvalit\u0101tes, vid\u0113j\u0101 cenu segmenta vasaras komerctransporta riepu modelis. Tas izce\u013cas ar teicamiem kravnes\u012bbas, nodilumiztur\u012bbas, degvielas ekonomijas un sa\u0137eres r\u0101d\u012bt\u0101jiem gan uz sausa un slapja asfalta, gan ar\u012b uz grants ce\u013ciem. \u0160is riepu modelis piem\u0113rots liel\u0101kajai da\u013cai m\u016bsdienu mikroautobusu un piekabju. Tas pieejams pla\u0161\u0101 izm\u0113ru kl\u0101st\u0101 no R14 l\u012bdz R16.<\/span><\/span><\/span><\/span><\/span><\/span><\/p>\n","protected":false},"featured_media":862293,"template":"","meta":{"_acf_changed":false,"ngg_post_thumbnail":0},"product_brand":[],"product_cat":[46],"product_tag":[],"class_list":{"0":"post-1200377","1":"product","2":"type-product","3":"status-publish","4":"has-post-thumbnail","6":"product_cat-vasaras-riepas","8":"first","9":"instock","10":"sale","11":"taxable","12":"shipping-taxable","13":"purchasable","14":"product-type-simple"},"acf":[],"yoast_head":"<!-- This site is optimized with the Yoast SEO Premium plugin v22.6 (Yoast SEO v27.3) - https:\/\/yoast.com\/product\/yoast-seo-premium-wordpress\/ -->\n<title>215\/65R16C Kormoran Cargo Speed EVO 109\/107T (Michelin) &#8226; MMK Riepas<\/title>\n<meta name=\"robots\" content=\"index, follow, max-snippet:-1, max-image-preview:large, max-video-preview:-1\" \/>\n<link rel=\"canonical\" href=\"https:\/\/mmkriepas.lv\/en\/p\/215-65r16c-kormoran-cargo-speed-evo-109-107t-michelin\/\" \/>\n<meta property=\"og:locale\" content=\"en_US\" \/>\n<meta property=\"og:type\" content=\"article\" \/>\n<meta property=\"og:title\" content=\"215\/65R16C Kormoran Cargo Speed EVO 109\/107T (Michelin)\" \/>\n<meta property=\"og:description\" content=\"Kormoran Cargo Speed EVO\u00a0ir teicamas kvalit\u0101tes, vid\u0113j\u0101 cenu segmenta vasaras komerctransporta riepu modelis. Tas izce\u013cas ar teicamiem kravnes\u012bbas, nodilumiztur\u012bbas, degvielas ekonomijas un sa\u0137eres r\u0101d\u012bt\u0101jiem gan uz sausa un slapja asfalta, gan ar\u012b uz grants ce\u013ciem. \u0160is riepu modelis piem\u0113rots liel\u0101kajai da\u013cai m\u016bsdienu mikroautobusu un piekabju. Tas pieejams pla\u0161\u0101 izm\u0113ru kl\u0101st\u0101 no R14 l\u012bdz R16.\" \/>\n<meta property=\"og:url\" content=\"https:\/\/mmkriepas.lv\/en\/p\/215-65r16c-kormoran-cargo-speed-evo-109-107t-michelin\/\" \/>\n<meta property=\"og:site_name\" content=\"MMK Riepas\" \/>\n<meta property=\"article:publisher\" content=\"https:\/\/www.facebook.com\/mmkserviss\/\" \/>\n<meta property=\"article:modified_time\" content=\"2026-04-05T17:12:46+00:00\" \/>\n<meta property=\"og:image\" content=\"https:\/\/mmkriepas.lv\/wp-content\/uploads\/2024\/02\/20565r16c-kormoran-cargo-speed-evo-107105t-vasaras-riepas.jpg\" \/>\n\t<meta property=\"og:image:width\" content=\"1920\" \/>\n\t<meta property=\"og:image:height\" content=\"1440\" \/>\n\t<meta property=\"og:image:type\" content=\"image\/jpeg\" \/>\n<meta name=\"twitter:card\" content=\"summary_large_image\" \/>\n<meta name=\"twitter:label1\" content=\"Price\" \/>\n\t<meta name=\"twitter:data1\" content=\"&euro;105.00\" \/>\n\t<meta name=\"twitter:label2\" content=\"Availability\" \/>\n\t<meta name=\"twitter:data2\" content=\"In stock\" \/>\n<script type=\"application\/ld+json\" class=\"yoast-schema-graph\">{\"@context\":\"https:\\\/\\\/schema.org\",\"@graph\":[{\"@type\":\"WebPage\",\"@id\":\"https:\\\/\\\/mmkriepas.lv\\\/en\\\/p\\\/215-65r16c-kormoran-cargo-speed-evo-109-107t-michelin\\\/\",\"url\":\"https:\\\/\\\/mmkriepas.lv\\\/en\\\/p\\\/215-65r16c-kormoran-cargo-speed-evo-109-107t-michelin\\\/\",\"name\":\"215\\\/65R16C Kormoran Cargo Speed EVO 109\\\/107T (Michelin) &#8226; MMK Riepas\",\"isPartOf\":{\"@id\":\"https:\\\/\\\/mmkriepas.lv\\\/en\\\/#website\"},\"primaryImageOfPage\":{\"@id\":\"https:\\\/\\\/mmkriepas.lv\\\/en\\\/p\\\/215-65r16c-kormoran-cargo-speed-evo-109-107t-michelin\\\/#primaryimage\"},\"image\":{\"@id\":\"https:\\\/\\\/mmkriepas.lv\\\/en\\\/p\\\/215-65r16c-kormoran-cargo-speed-evo-109-107t-michelin\\\/#primaryimage\"},\"thumbnailUrl\":\"https:\\\/\\\/mmkriepas.lv\\\/wp-content\\\/uploads\\\/2024\\\/02\\\/20565r16c-kormoran-cargo-speed-evo-107105t-vasaras-riepas.jpg\",\"datePublished\":\"2025-03-18T18:44:19+00:00\",\"dateModified\":\"2026-04-05T17:12:46+00:00\",\"breadcrumb\":{\"@id\":\"https:\\\/\\\/mmkriepas.lv\\\/en\\\/p\\\/215-65r16c-kormoran-cargo-speed-evo-109-107t-michelin\\\/#breadcrumb\"},\"inLanguage\":\"en-US\",\"potentialAction\":[{\"@type\":\"ReadAction\",\"target\":[\"https:\\\/\\\/mmkriepas.lv\\\/en\\\/p\\\/215-65r16c-kormoran-cargo-speed-evo-109-107t-michelin\\\/\"]}]},{\"@type\":\"ImageObject\",\"inLanguage\":\"en-US\",\"@id\":\"https:\\\/\\\/mmkriepas.lv\\\/en\\\/p\\\/215-65r16c-kormoran-cargo-speed-evo-109-107t-michelin\\\/#primaryimage\",\"url\":\"https:\\\/\\\/mmkriepas.lv\\\/wp-content\\\/uploads\\\/2024\\\/02\\\/20565r16c-kormoran-cargo-speed-evo-107105t-vasaras-riepas.jpg\",\"contentUrl\":\"https:\\\/\\\/mmkriepas.lv\\\/wp-content\\\/uploads\\\/2024\\\/02\\\/20565r16c-kormoran-cargo-speed-evo-107105t-vasaras-riepas.jpg\",\"width\":1920,\"height\":1440,\"caption\":\"MAIN\"},{\"@type\":\"BreadcrumbList\",\"@id\":\"https:\\\/\\\/mmkriepas.lv\\\/en\\\/p\\\/215-65r16c-kormoran-cargo-speed-evo-109-107t-michelin\\\/#breadcrumb\",\"itemListElement\":[{\"@type\":\"ListItem\",\"position\":1,\"name\":\"S\u0101kums\",\"item\":\"https:\\\/\\\/mmkriepas.lv\\\/en\\\/\"},{\"@type\":\"ListItem\",\"position\":2,\"name\":\"215\\\/65R16C Kormoran Cargo Speed EVO 109\\\/107T (Michelin)\"}]},{\"@type\":\"WebSite\",\"@id\":\"https:\\\/\\\/mmkriepas.lv\\\/en\\\/#website\",\"url\":\"https:\\\/\\\/mmkriepas.lv\\\/en\\\/\",\"name\":\"MMK Riepas\",\"description\":\"MMK Riepas\",\"alternateName\":\"MMK Riepu Serviss\",\"potentialAction\":[{\"@type\":\"SearchAction\",\"target\":{\"@type\":\"EntryPoint\",\"urlTemplate\":\"https:\\\/\\\/mmkriepas.lv\\\/en\\\/?s={search_term_string}\"},\"query-input\":{\"@type\":\"PropertyValueSpecification\",\"valueRequired\":true,\"valueName\":\"search_term_string\"}}],\"inLanguage\":\"en-US\"},{\"@type\":\"ImageObject\",\"inLanguage\":\"en-US\",\"@id\":\"https:\\\/\\\/mmkriepas.lv\\\/en\\\/p\\\/215-65r16c-kormoran-cargo-speed-evo-109-107t-michelin\\\/#local-main-organization-logo\",\"url\":\"\",\"contentUrl\":\"\",\"caption\":\"MMK Riepas\"}]}<\/script>\n<meta property=\"product:brand\" content=\"Kormoran Cargo Speed EVO\" \/>\n<meta property=\"product:price:amount\" content=\"105.00\" \/>\n<meta property=\"product:price:currency\" content=\"EUR\" \/>\n<meta property=\"og:availability\" content=\"instock\" \/>\n<meta property=\"product:availability\" content=\"instock\" \/>\n<meta property=\"product:retailer_item_id\" content=\"TS2156516CKormo-E46495\" \/>\n<meta property=\"product:condition\" content=\"new\" \/>\n<!-- \/ Yoast SEO Premium plugin. -->","yoast_head_json":{"title":"215\/65R16C Kormoran Cargo Speed EVO 109\/107T (Michelin) &#8226; MMK Riepas","robots":{"index":"index","follow":"follow","max-snippet":"max-snippet:-1","max-image-preview":"max-image-preview:large","max-video-preview":"max-video-preview:-1"},"canonical":"https:\/\/mmkriepas.lv\/en\/p\/215-65r16c-kormoran-cargo-speed-evo-109-107t-michelin\/","og_locale":"en_US","og_type":"article","og_title":"215\/65R16C Kormoran Cargo Speed EVO 109\/107T (Michelin)","og_description":"Kormoran Cargo Speed EVO\u00a0ir teicamas kvalit\u0101tes, vid\u0113j\u0101 cenu segmenta vasaras komerctransporta riepu modelis. Tas izce\u013cas ar teicamiem kravnes\u012bbas, nodilumiztur\u012bbas, degvielas ekonomijas un sa\u0137eres r\u0101d\u012bt\u0101jiem gan uz sausa un slapja asfalta, gan ar\u012b uz grants ce\u013ciem. \u0160is riepu modelis piem\u0113rots liel\u0101kajai da\u013cai m\u016bsdienu mikroautobusu un piekabju. Tas pieejams pla\u0161\u0101 izm\u0113ru kl\u0101st\u0101 no R14 l\u012bdz R16.","og_url":"https:\/\/mmkriepas.lv\/en\/p\/215-65r16c-kormoran-cargo-speed-evo-109-107t-michelin\/","og_site_name":"MMK Riepas","article_publisher":"https:\/\/www.facebook.com\/mmkserviss\/","article_modified_time":"2026-04-05T17:12:46+00:00","og_image":[{"width":1920,"height":1440,"url":"https:\/\/mmkriepas.lv\/wp-content\/uploads\/2024\/02\/20565r16c-kormoran-cargo-speed-evo-107105t-vasaras-riepas.jpg","type":"image\/jpeg"}],"twitter_card":"summary_large_image","twitter_misc":{"Price":"&euro;105.00","Availability":"In stock"},"schema":{"@context":"https:\/\/schema.org","@graph":[{"@type":"WebPage","@id":"https:\/\/mmkriepas.lv\/en\/p\/215-65r16c-kormoran-cargo-speed-evo-109-107t-michelin\/","url":"https:\/\/mmkriepas.lv\/en\/p\/215-65r16c-kormoran-cargo-speed-evo-109-107t-michelin\/","name":"215\/65R16C Kormoran Cargo Speed EVO 109\/107T (Michelin) &#8226; MMK Riepas","isPartOf":{"@id":"https:\/\/mmkriepas.lv\/en\/#website"},"primaryImageOfPage":{"@id":"https:\/\/mmkriepas.lv\/en\/p\/215-65r16c-kormoran-cargo-speed-evo-109-107t-michelin\/#primaryimage"},"image":{"@id":"https:\/\/mmkriepas.lv\/en\/p\/215-65r16c-kormoran-cargo-speed-evo-109-107t-michelin\/#primaryimage"},"thumbnailUrl":"https:\/\/mmkriepas.lv\/wp-content\/uploads\/2024\/02\/20565r16c-kormoran-cargo-speed-evo-107105t-vasaras-riepas.jpg","datePublished":"2025-03-18T18:44:19+00:00","dateModified":"2026-04-05T17:12:46+00:00","breadcrumb":{"@id":"https:\/\/mmkriepas.lv\/en\/p\/215-65r16c-kormoran-cargo-speed-evo-109-107t-michelin\/#breadcrumb"},"inLanguage":"en-US","potentialAction":[{"@type":"ReadAction","target":["https:\/\/mmkriepas.lv\/en\/p\/215-65r16c-kormoran-cargo-speed-evo-109-107t-michelin\/"]}]},{"@type":"ImageObject","inLanguage":"en-US","@id":"https:\/\/mmkriepas.lv\/en\/p\/215-65r16c-kormoran-cargo-speed-evo-109-107t-michelin\/#primaryimage","url":"https:\/\/mmkriepas.lv\/wp-content\/uploads\/2024\/02\/20565r16c-kormoran-cargo-speed-evo-107105t-vasaras-riepas.jpg","contentUrl":"https:\/\/mmkriepas.lv\/wp-content\/uploads\/2024\/02\/20565r16c-kormoran-cargo-speed-evo-107105t-vasaras-riepas.jpg","width":1920,"height":1440,"caption":"MAIN"},{"@type":"BreadcrumbList","@id":"https:\/\/mmkriepas.lv\/en\/p\/215-65r16c-kormoran-cargo-speed-evo-109-107t-michelin\/#breadcrumb","itemListElement":[{"@type":"ListItem","position":1,"name":"S\u0101kums","item":"https:\/\/mmkriepas.lv\/en\/"},{"@type":"ListItem","position":2,"name":"215\/65R16C Kormoran Cargo Speed EVO 109\/107T (Michelin)"}]},{"@type":"WebSite","@id":"https:\/\/mmkriepas.lv\/en\/#website","url":"https:\/\/mmkriepas.lv\/en\/","name":"MMK Riepas","description":"MMK Riepas","alternateName":"MMK Riepu Serviss","potentialAction":[{"@type":"SearchAction","target":{"@type":"EntryPoint","urlTemplate":"https:\/\/mmkriepas.lv\/en\/?s={search_term_string}"},"query-input":{"@type":"PropertyValueSpecification","valueRequired":true,"valueName":"search_term_string"}}],"inLanguage":"en-US"},{"@type":"ImageObject","inLanguage":"en-US","@id":"https:\/\/mmkriepas.lv\/en\/p\/215-65r16c-kormoran-cargo-speed-evo-109-107t-michelin\/#local-main-organization-logo","url":"","contentUrl":"","caption":"MMK Riepas"}]},"product_brand":"Kormoran Cargo Speed EVO","product_price_amount":"105.00","product_price_currency":"EUR","og_availability":"instock","product_availability":"instock","product_retailer_item_id":"TS2156516CKormo-E46495","product_condition":"new"},"_links":{"self":[{"href":"https:\/\/mmkriepas.lv\/en\/wp-json\/wp\/v2\/product\/1200377","targetHints":{"allow":["GET"]}}],"collection":[{"href":"https:\/\/mmkriepas.lv\/en\/wp-json\/wp\/v2\/product"}],"about":[{"href":"https:\/\/mmkriepas.lv\/en\/wp-json\/wp\/v2\/types\/product"}],"wp:featuredmedia":[{"embeddable":true,"href":"https:\/\/mmkriepas.lv\/en\/wp-json\/wp\/v2\/media\/862293"}],"wp:attachment":[{"href":"https:\/\/mmkriepas.lv\/en\/wp-json\/wp\/v2\/media?parent=1200377"}],"wp:term":[{"taxonomy":"product_brand","embeddable":true,"href":"https:\/\/mmkriepas.lv\/en\/wp-json\/wp\/v2\/product_brand?post=1200377"},{"taxonomy":"product_cat","embeddable":true,"href":"https:\/\/mmkriepas.lv\/en\/wp-json\/wp\/v2\/product_cat?post=1200377"},{"taxonomy":"product_tag","embeddable":true,"href":"https:\/\/mmkriepas.lv\/en\/wp-json\/wp\/v2\/product_tag?post=1200377"}],"curies":[{"name":"wp","href":"https:\/\/api.w.org\/{rel}","templated":true}]}}