{"id":1200129,"date":"2025-03-18T20:24:36","date_gmt":"2025-03-18T18:24:36","guid":{"rendered":"https:\/\/mmkriepas.lv\/?post_type=product&#038;p=1200129"},"modified":"2026-05-12T13:34:25","modified_gmt":"2026-05-12T10:34:25","slug":"255-50r20-zeta-artoria-ev-109w-xl","status":"publish","type":"product","link":"https:\/\/mmkriepas.lv\/en\/p\/255-50r20-zeta-artoria-ev-109w-xl\/","title":{"rendered":"255\/50R20 ZETA Artoria EV 109W XL"},"content":{"rendered":"<p data-path-to-node=\"7\"><b data-path-to-node=\"7\" data-index-in-node=\"0\">Zeta Artoria EV<\/b> iemieso moderno in\u017eenieriju, kas v\u0113rsta uz ilgtsp\u0113ju un augstu veiktsp\u0113ju. Izstr\u0101d\u0101jot \u0161o modeli, in\u017eenieri ir fokus\u0113ju\u0161ies uz trim galvenajiem elektroauto izaicin\u0101jumiem: palielin\u0101to masu, klus\u0101 dzin\u0113ja rad\u012bto nepiecie\u0161am\u012bbu p\u0113c akustisk\u0101 komforta un t\u016bl\u012bt\u0113ju, jaud\u012bgu griezes momentu.<\/p>\n<p data-path-to-node=\"8\">\u0160\u012b riepa nav vienk\u0101r\u0161i &#8220;eko&#8221; variants; tas ir prec\u012bzi nosl\u012bp\u0113ts instruments, kas \u013cauj elektroauto vad\u012bt\u0101jiem pilnv\u0113rt\u012bgi izmantot sava transportl\u012bdzek\u013ca dinamiku, neupur\u0113jot dro\u0161\u012bbu vai veicamo att\u0101lumu ar vienu uzl\u0101di.<\/p>\n<h3 data-path-to-node=\"9\">Zeta Artoria EV galven\u0101s iez\u012bmes:<\/h3>\n<ul data-path-to-node=\"10\">\n<li>\n<p data-path-to-node=\"10,0,0\"><b data-path-to-node=\"10,0,0\" data-index-in-node=\"0\">&#8220;B&#8221; klases rites pretest\u012bba:<\/b> Pateicoties inovat\u012bvam &#8220;Artoria EV&#8221; gumijas mais\u012bjumam, riepa iev\u0113rojami samazina ener\u0123ijas zudumus, pal\u012bdzot sasniegt maksim\u0101lu nobraukumu ar vienu uzl\u0101di.<\/p>\n<\/li>\n<li>\n<p data-path-to-node=\"10,1,0\"><b data-path-to-node=\"10,1,0\" data-index-in-node=\"0\">&#8220;B&#8221; klases sa\u0137ere uz slapja ce\u013ca:<\/b> Optimiz\u0113tais protektora raksts nodro\u0161ina t\u016bl\u012bt\u0113ju \u016bdens novad\u012b\u0161anu un maksim\u0101lu dro\u0161\u012bbu lietus laik\u0101.<\/p>\n<\/li>\n<li>\n<p data-path-to-node=\"10,2,0\"><b data-path-to-node=\"10,2,0\" data-index-in-node=\"0\">\u012apa\u0161i zems trok\u0161\u0146u l\u012bmenis :<\/b> Protektora dizains ir datoriz\u0113ti optimiz\u0113ts, lai sl\u0101p\u0113tu ska\u0146as vi\u013c\u0146us, radot klusu un relaks\u0113tu vidi elektroauto salon\u0101.<\/p>\n<\/li>\n<li>\n<p data-path-to-node=\"10,3,0\"><b data-path-to-node=\"10,3,0\" data-index-in-node=\"0\">Pastiprin\u0101ta konstrukcija:<\/b> Riepa ir veidota, lai dro\u0161i iztur\u0113tu elektroauto lielo svaru un augsto griezes momentu, nodro\u0161inot stabilit\u0101ti un prec\u012bzu vad\u0101m\u012bbu manos.<\/p>\n<\/li>\n<\/ul>\n<h3 data-path-to-node=\"11\">Detaliz\u0113ts apskats<\/h3>\n<p data-path-to-node=\"12\">Zeta Artoria EV priorit\u0101te ir <b data-path-to-node=\"12\" data-index-in-node=\"30\">balanss starp efektivit\u0101ti un dro\u0161\u012bbu<\/b>. Izmantojot augstas koncentr\u0101cijas sil\u012bcija savienojumus, riepa saglab\u0101 izcilu elast\u012bbu un sa\u0137eri pla\u0161\u0101 temperat\u016bru diapazon\u0101. Tas ir kritiski svar\u012bgi, jo elektroauto jauda uz asfalta tiek novad\u012bta acumirkl\u012b, un riepai ir j\u0101sp\u0113j \u0161o vilkmi p\u0101rv\u0113rst kust\u012bb\u0101 bez nevajadz\u012bgas izsl\u012bd\u0113\u0161anas.<\/p>\n<p data-path-to-node=\"13\">No tehnisk\u0101 viedok\u013ca \u0161is modelis izce\u013cas ar vienm\u0113r\u012bgu spiediena sadali vis\u0101 kontakta laukum\u0101. Tas ne tikai pagarina riepas lietder\u012bgo m\u016b\u017eu, bet ar\u012b nov\u0113r\u0161 nevienm\u0113r\u012bgu nodilumu, kas bie\u017ei skar smagus auto. T\u0101 ir gudra un tehniski pamatota izv\u0113le autovad\u012bt\u0101jiem, kuri mekl\u0113 premium r\u016bpn\u012bcas kvalit\u0101ti un n\u0101kotnes mobilit\u0101tes pras\u012bb\u0101m atbilsto\u0161u produktu.<\/p>\n<p data-path-to-node=\"14\"><b data-path-to-node=\"14\" data-index-in-node=\"0\">Zeta Artoria EV<\/b> ir uzticams instruments J\u016bsu elektroauto efektivit\u0101tes cel\u0161anai, pied\u0101v\u0101jot dro\u0161\u012bbu, klusumu un ilgm\u016b\u017e\u012bbu.<\/p>\n","protected":false},"excerpt":{"rendered":"<p><b data-path-to-node=\"4\" data-index-in-node=\"0\">Zeta Artoria EV<\/b> ir augst\u0101k\u0101s veiktsp\u0113jas vasaras riepa, kas izstr\u0101d\u0101ta specifiski elektroauto (EV) un hibr\u012bda automobi\u013ciem. T\u0101 pied\u0101v\u0101 izcilu efektivit\u0101tes balansu, ko apliecina Eiropas mar\u0137\u0113juma <b data-path-to-node=\"4\" data-index-in-node=\"196\">&#8220;B&#8221; klase gan rites pretest\u012bb\u0101, gan sa\u0137er\u0113 uz slapja asfalta<\/b>, vienlaikus nodro\u0161inot \u012bpa\u0161i zemu trok\u0161\u0146u l\u012bmeni.<\/p>\n","protected":false},"featured_media":1201315,"template":"","meta":{"_acf_changed":false,"ngg_post_thumbnail":0},"product_brand":[],"product_cat":[46],"product_tag":[],"class_list":{"0":"post-1200129","1":"product","2":"type-product","3":"status-publish","4":"has-post-thumbnail","6":"product_cat-vasaras-riepas","8":"first","9":"instock","10":"sale","11":"taxable","12":"shipping-taxable","13":"purchasable","14":"product-type-simple"},"acf":[],"yoast_head":"<!-- This site is optimized with the Yoast SEO Premium plugin v22.6 (Yoast SEO v27.3) - https:\/\/yoast.com\/product\/yoast-seo-premium-wordpress\/ -->\n<title>255\/50R20 ZETA Artoria EV 109W XL &#8226; MMK Riepas<\/title>\n<meta name=\"robots\" content=\"index, follow, max-snippet:-1, max-image-preview:large, max-video-preview:-1\" \/>\n<link rel=\"canonical\" href=\"https:\/\/mmkriepas.lv\/en\/p\/255-50r20-zeta-artoria-ev-109w-xl\/\" \/>\n<meta property=\"og:locale\" content=\"en_US\" \/>\n<meta property=\"og:type\" content=\"article\" \/>\n<meta property=\"og:title\" content=\"255\/50R20 ZETA Artoria EV 109W XL\" \/>\n<meta property=\"og:description\" content=\"Zeta Artoria EV ir augst\u0101k\u0101s veiktsp\u0113jas vasaras riepa, kas izstr\u0101d\u0101ta specifiski elektroauto (EV) un hibr\u012bda automobi\u013ciem. T\u0101 pied\u0101v\u0101 izcilu efektivit\u0101tes balansu, ko apliecina Eiropas mar\u0137\u0113juma &quot;B&quot; klase gan rites pretest\u012bb\u0101, gan sa\u0137er\u0113 uz slapja asfalta, vienlaikus nodro\u0161inot \u012bpa\u0161i zemu trok\u0161\u0146u l\u012bmeni.\" \/>\n<meta property=\"og:url\" content=\"https:\/\/mmkriepas.lv\/en\/p\/255-50r20-zeta-artoria-ev-109w-xl\/\" \/>\n<meta property=\"og:site_name\" content=\"MMK Riepas\" \/>\n<meta property=\"article:publisher\" content=\"https:\/\/www.facebook.com\/mmkserviss\/\" \/>\n<meta property=\"article:modified_time\" content=\"2026-05-12T10:34:25+00:00\" \/>\n<meta property=\"og:image\" content=\"https:\/\/mmkriepas.lv\/wp-content\/uploads\/2025\/03\/ZETA_ARTORIA_EV_LOGO.jpg\" \/>\n\t<meta property=\"og:image:width\" content=\"900\" \/>\n\t<meta property=\"og:image:height\" content=\"720\" \/>\n\t<meta property=\"og:image:type\" content=\"image\/jpeg\" \/>\n<meta name=\"twitter:card\" content=\"summary_large_image\" \/>\n<meta name=\"twitter:label1\" content=\"Price\" \/>\n\t<meta name=\"twitter:data1\" content=\"&euro;112.00\" \/>\n\t<meta name=\"twitter:label2\" content=\"Availability\" \/>\n\t<meta name=\"twitter:data2\" content=\"In stock\" \/>\n<script type=\"application\/ld+json\" class=\"yoast-schema-graph\">{\"@context\":\"https:\\\/\\\/schema.org\",\"@graph\":[{\"@type\":\"WebPage\",\"@id\":\"https:\\\/\\\/mmkriepas.lv\\\/en\\\/p\\\/255-50r20-zeta-artoria-ev-109w-xl\\\/\",\"url\":\"https:\\\/\\\/mmkriepas.lv\\\/en\\\/p\\\/255-50r20-zeta-artoria-ev-109w-xl\\\/\",\"name\":\"255\\\/50R20 ZETA Artoria EV 109W XL &#8226; MMK Riepas\",\"isPartOf\":{\"@id\":\"https:\\\/\\\/mmkriepas.lv\\\/en\\\/#website\"},\"primaryImageOfPage\":{\"@id\":\"https:\\\/\\\/mmkriepas.lv\\\/en\\\/p\\\/255-50r20-zeta-artoria-ev-109w-xl\\\/#primaryimage\"},\"image\":{\"@id\":\"https:\\\/\\\/mmkriepas.lv\\\/en\\\/p\\\/255-50r20-zeta-artoria-ev-109w-xl\\\/#primaryimage\"},\"thumbnailUrl\":\"https:\\\/\\\/mmkriepas.lv\\\/wp-content\\\/uploads\\\/2025\\\/03\\\/ZETA_ARTORIA_EV_LOGO.jpg\",\"datePublished\":\"2025-03-18T18:24:36+00:00\",\"dateModified\":\"2026-05-12T10:34:25+00:00\",\"breadcrumb\":{\"@id\":\"https:\\\/\\\/mmkriepas.lv\\\/en\\\/p\\\/255-50r20-zeta-artoria-ev-109w-xl\\\/#breadcrumb\"},\"inLanguage\":\"en-US\",\"potentialAction\":[{\"@type\":\"ReadAction\",\"target\":[\"https:\\\/\\\/mmkriepas.lv\\\/en\\\/p\\\/255-50r20-zeta-artoria-ev-109w-xl\\\/\"]}]},{\"@type\":\"ImageObject\",\"inLanguage\":\"en-US\",\"@id\":\"https:\\\/\\\/mmkriepas.lv\\\/en\\\/p\\\/255-50r20-zeta-artoria-ev-109w-xl\\\/#primaryimage\",\"url\":\"https:\\\/\\\/mmkriepas.lv\\\/wp-content\\\/uploads\\\/2025\\\/03\\\/ZETA_ARTORIA_EV_LOGO.jpg\",\"contentUrl\":\"https:\\\/\\\/mmkriepas.lv\\\/wp-content\\\/uploads\\\/2025\\\/03\\\/ZETA_ARTORIA_EV_LOGO.jpg\",\"width\":900,\"height\":720,\"caption\":\"MAIN\"},{\"@type\":\"BreadcrumbList\",\"@id\":\"https:\\\/\\\/mmkriepas.lv\\\/en\\\/p\\\/255-50r20-zeta-artoria-ev-109w-xl\\\/#breadcrumb\",\"itemListElement\":[{\"@type\":\"ListItem\",\"position\":1,\"name\":\"S\u0101kums\",\"item\":\"https:\\\/\\\/mmkriepas.lv\\\/en\\\/\"},{\"@type\":\"ListItem\",\"position\":2,\"name\":\"255\\\/50R20 ZETA Artoria EV 109W XL\"}]},{\"@type\":\"WebSite\",\"@id\":\"https:\\\/\\\/mmkriepas.lv\\\/en\\\/#website\",\"url\":\"https:\\\/\\\/mmkriepas.lv\\\/en\\\/\",\"name\":\"MMK Riepas\",\"description\":\"MMK Riepas\",\"alternateName\":\"MMK Riepu Serviss\",\"potentialAction\":[{\"@type\":\"SearchAction\",\"target\":{\"@type\":\"EntryPoint\",\"urlTemplate\":\"https:\\\/\\\/mmkriepas.lv\\\/en\\\/?s={search_term_string}\"},\"query-input\":{\"@type\":\"PropertyValueSpecification\",\"valueRequired\":true,\"valueName\":\"search_term_string\"}}],\"inLanguage\":\"en-US\"},{\"@type\":\"ImageObject\",\"inLanguage\":\"en-US\",\"@id\":\"https:\\\/\\\/mmkriepas.lv\\\/en\\\/p\\\/255-50r20-zeta-artoria-ev-109w-xl\\\/#local-main-organization-logo\",\"url\":\"\",\"contentUrl\":\"\",\"caption\":\"MMK Riepas\"}]}<\/script>\n<meta property=\"product:brand\" content=\"Zeta Artoria EV\" \/>\n<meta property=\"product:price:amount\" content=\"112.00\" \/>\n<meta property=\"product:price:currency\" content=\"EUR\" \/>\n<meta property=\"og:availability\" content=\"instock\" \/>\n<meta property=\"product:availability\" content=\"instock\" \/>\n<meta property=\"product:retailer_item_id\" content=\"TS2555020ZETA-46444\" \/>\n<meta property=\"product:condition\" content=\"new\" \/>\n<!-- \/ Yoast SEO Premium plugin. -->","yoast_head_json":{"title":"255\/50R20 ZETA Artoria EV 109W XL &#8226; MMK Riepas","robots":{"index":"index","follow":"follow","max-snippet":"max-snippet:-1","max-image-preview":"max-image-preview:large","max-video-preview":"max-video-preview:-1"},"canonical":"https:\/\/mmkriepas.lv\/en\/p\/255-50r20-zeta-artoria-ev-109w-xl\/","og_locale":"en_US","og_type":"article","og_title":"255\/50R20 ZETA Artoria EV 109W XL","og_description":"Zeta Artoria EV ir augst\u0101k\u0101s veiktsp\u0113jas vasaras riepa, kas izstr\u0101d\u0101ta specifiski elektroauto (EV) un hibr\u012bda automobi\u013ciem. T\u0101 pied\u0101v\u0101 izcilu efektivit\u0101tes balansu, ko apliecina Eiropas mar\u0137\u0113juma \"B\" klase gan rites pretest\u012bb\u0101, gan sa\u0137er\u0113 uz slapja asfalta, vienlaikus nodro\u0161inot \u012bpa\u0161i zemu trok\u0161\u0146u l\u012bmeni.","og_url":"https:\/\/mmkriepas.lv\/en\/p\/255-50r20-zeta-artoria-ev-109w-xl\/","og_site_name":"MMK Riepas","article_publisher":"https:\/\/www.facebook.com\/mmkserviss\/","article_modified_time":"2026-05-12T10:34:25+00:00","og_image":[{"width":900,"height":720,"url":"https:\/\/mmkriepas.lv\/wp-content\/uploads\/2025\/03\/ZETA_ARTORIA_EV_LOGO.jpg","type":"image\/jpeg"}],"twitter_card":"summary_large_image","twitter_misc":{"Price":"&euro;112.00","Availability":"In stock"},"schema":{"@context":"https:\/\/schema.org","@graph":[{"@type":"WebPage","@id":"https:\/\/mmkriepas.lv\/en\/p\/255-50r20-zeta-artoria-ev-109w-xl\/","url":"https:\/\/mmkriepas.lv\/en\/p\/255-50r20-zeta-artoria-ev-109w-xl\/","name":"255\/50R20 ZETA Artoria EV 109W XL &#8226; MMK Riepas","isPartOf":{"@id":"https:\/\/mmkriepas.lv\/en\/#website"},"primaryImageOfPage":{"@id":"https:\/\/mmkriepas.lv\/en\/p\/255-50r20-zeta-artoria-ev-109w-xl\/#primaryimage"},"image":{"@id":"https:\/\/mmkriepas.lv\/en\/p\/255-50r20-zeta-artoria-ev-109w-xl\/#primaryimage"},"thumbnailUrl":"https:\/\/mmkriepas.lv\/wp-content\/uploads\/2025\/03\/ZETA_ARTORIA_EV_LOGO.jpg","datePublished":"2025-03-18T18:24:36+00:00","dateModified":"2026-05-12T10:34:25+00:00","breadcrumb":{"@id":"https:\/\/mmkriepas.lv\/en\/p\/255-50r20-zeta-artoria-ev-109w-xl\/#breadcrumb"},"inLanguage":"en-US","potentialAction":[{"@type":"ReadAction","target":["https:\/\/mmkriepas.lv\/en\/p\/255-50r20-zeta-artoria-ev-109w-xl\/"]}]},{"@type":"ImageObject","inLanguage":"en-US","@id":"https:\/\/mmkriepas.lv\/en\/p\/255-50r20-zeta-artoria-ev-109w-xl\/#primaryimage","url":"https:\/\/mmkriepas.lv\/wp-content\/uploads\/2025\/03\/ZETA_ARTORIA_EV_LOGO.jpg","contentUrl":"https:\/\/mmkriepas.lv\/wp-content\/uploads\/2025\/03\/ZETA_ARTORIA_EV_LOGO.jpg","width":900,"height":720,"caption":"MAIN"},{"@type":"BreadcrumbList","@id":"https:\/\/mmkriepas.lv\/en\/p\/255-50r20-zeta-artoria-ev-109w-xl\/#breadcrumb","itemListElement":[{"@type":"ListItem","position":1,"name":"S\u0101kums","item":"https:\/\/mmkriepas.lv\/en\/"},{"@type":"ListItem","position":2,"name":"255\/50R20 ZETA Artoria EV 109W XL"}]},{"@type":"WebSite","@id":"https:\/\/mmkriepas.lv\/en\/#website","url":"https:\/\/mmkriepas.lv\/en\/","name":"MMK Riepas","description":"MMK Riepas","alternateName":"MMK Riepu Serviss","potentialAction":[{"@type":"SearchAction","target":{"@type":"EntryPoint","urlTemplate":"https:\/\/mmkriepas.lv\/en\/?s={search_term_string}"},"query-input":{"@type":"PropertyValueSpecification","valueRequired":true,"valueName":"search_term_string"}}],"inLanguage":"en-US"},{"@type":"ImageObject","inLanguage":"en-US","@id":"https:\/\/mmkriepas.lv\/en\/p\/255-50r20-zeta-artoria-ev-109w-xl\/#local-main-organization-logo","url":"","contentUrl":"","caption":"MMK Riepas"}]},"product_brand":"Zeta Artoria EV","product_price_amount":"112.00","product_price_currency":"EUR","og_availability":"instock","product_availability":"instock","product_retailer_item_id":"TS2555020ZETA-46444","product_condition":"new"},"_links":{"self":[{"href":"https:\/\/mmkriepas.lv\/en\/wp-json\/wp\/v2\/product\/1200129","targetHints":{"allow":["GET"]}}],"collection":[{"href":"https:\/\/mmkriepas.lv\/en\/wp-json\/wp\/v2\/product"}],"about":[{"href":"https:\/\/mmkriepas.lv\/en\/wp-json\/wp\/v2\/types\/product"}],"wp:featuredmedia":[{"embeddable":true,"href":"https:\/\/mmkriepas.lv\/en\/wp-json\/wp\/v2\/media\/1201315"}],"wp:attachment":[{"href":"https:\/\/mmkriepas.lv\/en\/wp-json\/wp\/v2\/media?parent=1200129"}],"wp:term":[{"taxonomy":"product_brand","embeddable":true,"href":"https:\/\/mmkriepas.lv\/en\/wp-json\/wp\/v2\/product_brand?post=1200129"},{"taxonomy":"product_cat","embeddable":true,"href":"https:\/\/mmkriepas.lv\/en\/wp-json\/wp\/v2\/product_cat?post=1200129"},{"taxonomy":"product_tag","embeddable":true,"href":"https:\/\/mmkriepas.lv\/en\/wp-json\/wp\/v2\/product_tag?post=1200129"}],"curies":[{"name":"wp","href":"https:\/\/api.w.org\/{rel}","templated":true}]}}