{"id":1191252,"date":"2025-03-07T14:02:56","date_gmt":"2025-03-07T12:02:56","guid":{"rendered":"https:\/\/mmkriepas.lv\/?post_type=product&#038;p=1191252"},"modified":"2026-04-12T11:55:15","modified_gmt":"2026-04-12T08:55:15","slug":"235-40r19-michelin-primacy-5-96w-xl","status":"publish","type":"product","link":"https:\/\/mmkriepas.lv\/en\/p\/235-40r19-michelin-primacy-5-96w-xl\/","title":{"rendered":"235\/40R19 Michelin Primacy 5 96W XL RP"},"content":{"rendered":"<p><b>Michelin Primacy 5<\/b><span style=\"font-weight: 400;\"> ir jaun\u0101kais premium klases vasaras riepu modelis, kas rad\u012bts, lai nodro\u0161in\u0101tu nep\u0101rsp\u0113jamu komfortu un maksim\u0101lu dro\u0161\u012bbu vis\u0101 riepas kalpo\u0161anas laik\u0101. \u0160is modelis ir izstr\u0101d\u0101ts vieglaj\u0101m automa\u0161\u012bn\u0101m un apvidus auto, pied\u0101v\u0101jot izcilu bremz\u0113\u0161anas efektivit\u0101ti uz slapja asfalta un klas\u0113 vado\u0161o ilgm\u016b\u017e\u012bbu.<\/span><\/p>\n","protected":false},"excerpt":{"rendered":"<p><b>Michelin Primacy 5<\/b><span style=\"font-weight: 400;\"> p\u0101rst\u0101v augst\u0101ko sasniegumu virsotni, ko pied\u0101v\u0101 <\/span><b>Michelin<\/b><span style=\"font-weight: 400;\"> \u2013 viens no pasaules liel\u0101kajiem un inovat\u012bv\u0101kajiem riepu ra\u017eot\u0101jiem. \u0160is modelis ir rad\u012bts autovad\u012bt\u0101jiem, kuri nepie\u0146em kompromisus un pieprasa klus\u0101ko, dro\u0161\u0101ko un ekonomisk\u0101ko brauk\u0161anas pieredzi.<\/span><\/p>\n<p><span style=\"font-weight: 400;\">B\u016bdams vado\u0161ais inov\u0101ciju ievies\u0113js, Michelin Primacy 5 model\u012b ir integr\u0113jis tehnolo\u0123ijas, kas \u013cauj riepai saglab\u0101t &#8220;A&#8221; klases sa\u0137eri uz slapja seguma pat tad, kad protektors ir iev\u0113rojami nodilis.<\/span><\/p>\n<h3><b>Michelin Primacy 5 galven\u0101s iez\u012bmes:<\/b><\/h3>\n<ul>\n<li style=\"font-weight: 400;\" aria-level=\"1\"><b>&#8220;EverGrip&#8221; tehnolo\u0123ija:<\/b><span style=\"font-weight: 400;\"> Jaun\u0101k\u0101s paaudzes protektora z\u012bm\u0113jums ar pa\u0161atjaunojo\u0161\u0101m riev\u0101m, kas nodro\u0161ina efekt\u012bvu \u016bdens novad\u012b\u0161anu pat pie minim\u0101la protektora dzi\u013cuma.<\/span><\/li>\n<li style=\"font-weight: 400;\" aria-level=\"1\"><b>Maksim\u0101ls akustiskais komforts:<\/b><span style=\"font-weight: 400;\"> Pateicoties optimiz\u0113tajai protektora joslu sec\u012bbai, riepa sl\u0101p\u0113 ce\u013ca trok\u0161\u0146us, padarot braucienu pat\u012bkami klusu ar\u012b pie liela \u0101truma.<\/span><\/li>\n<li style=\"font-weight: 400;\" aria-level=\"1\"><b>Izcila ilgm\u016b\u017e\u012bba:<\/b><span style=\"font-weight: 400;\"> Pateicoties &#8220;MaxTouch Construction&#8221; tehnolo\u0123ijai, kas vienm\u0113r\u012bgi sadala pa\u0101trin\u0101juma, bremz\u0113\u0161anas un pagriezienu sp\u0113kus, riepa kalpo iev\u0113rojami ilg\u0101k nek\u0101 konkurentu analogi.<\/span><\/li>\n<li style=\"font-weight: 400;\" aria-level=\"1\"><b>Eco-Designed konstrukcija:<\/b><span style=\"font-weight: 400;\"> Samazin\u0101ta rites pretest\u012bba ne tikai ietaupa degvielu, bet ar\u012b palielina nobraukumu elektroauto lietot\u0101jiem.<\/span><\/li>\n<\/ul>\n<h3><b>Detaliz\u0113ts apskats:<\/b><\/h3>\n<p><span style=\"font-weight: 400;\">Michelin Primacy 5 turpina z\u012bmola filozofiju <\/span><b>&#8220;Performance made to last&#8221;<\/b><span style=\"font-weight: 400;\">. Neatkar\u012bgajos testos, ko veiku\u0161as t\u0101das organiz\u0101cijas k\u0101 <\/span><b>T\u00dcV S\u00dcD<\/b><span style=\"font-weight: 400;\">, Primacy s\u0113rija regul\u0101ri uzr\u0101da lab\u0101kos rezult\u0101tus bremz\u0113\u0161an\u0101 uz slapja ce\u013ca sal\u012bdzin\u0101jum\u0101 ar citiem premium segmenta konkurentiem.<\/span><\/p>\n<p><span style=\"font-weight: 400;\">Viena no b\u016btisk\u0101kaj\u0101m inov\u0101cij\u0101m ir uzlabotais gumijas sast\u0101vs, kas apvieno augstu nodilumiztur\u012bbu ar elast\u012bbu. Tas noz\u012bm\u0113, ka riepa burtiski &#8220;piel\u012bp&#8221; ce\u013ca virsmai, nodro\u0161inot stabilit\u0101ti un \u012bsu bremz\u0113\u0161anas ce\u013cu kritisk\u0101s situ\u0101cij\u0101s.<\/span><\/p>\n<p><span style=\"font-weight: 400;\">At\u0161\u0137ir\u012bb\u0101 no sportiskaj\u0101m Pilot Sport s\u0113rijas riep\u0101m, Primacy 5 galvenais fokuss ir gaita \u2013 t\u0101 ir m\u012bksta un absorb\u0113 ce\u013ca nel\u012bdzenumus, padarot garus braucienus maz\u0101k nogurdino\u0161us. T\u0101 ir izv\u0113le numur viens tiem, kas nov\u0113rt\u0113 in\u017eeniertehnisko izcil\u012bbu un v\u0113las invest\u0113t riep\u0101s, kas savas augst\u0101s \u012bpa\u0161\u012bbas saglab\u0101s l\u012bdz pat p\u0113d\u0113jam milimetram.<\/span><\/p>\n<\/p>\n<p><b>Michelin Primacy 5 Energy<\/b><span style=\"font-weight: 400;\"> ir gudra invest\u012bcija tiem, kuri mekl\u0113 lab\u0101ko no lab\u0101k\u0101 \u2013 nep\u0101rsp\u0113jamu nobraukumu, maksim\u0101lu ener\u0123ijas taup\u012b\u0161anu un dro\u0161\u012bbu, kas nemain\u0101s l\u012bdz pat p\u0113d\u0113jam milimetram.<\/span><\/p>\n","protected":false},"featured_media":1189481,"template":"","meta":{"_acf_changed":false,"ngg_post_thumbnail":0},"product_brand":[],"product_cat":[46],"product_tag":[],"class_list":{"0":"post-1191252","1":"product","2":"type-product","3":"status-publish","4":"has-post-thumbnail","6":"product_cat-vasaras-riepas","8":"first","9":"outofstock","10":"sale","11":"taxable","12":"shipping-taxable","13":"product-type-simple"},"acf":[],"yoast_head":"<!-- This site is optimized with the Yoast SEO Premium plugin v22.6 (Yoast SEO v27.3) - https:\/\/yoast.com\/product\/yoast-seo-premium-wordpress\/ -->\n<title>235\/40R19 Michelin Primacy 5 96W XL RP &#8226; MMK Riepas<\/title>\n<meta name=\"robots\" content=\"index, follow, max-snippet:-1, max-image-preview:large, max-video-preview:-1\" \/>\n<link rel=\"canonical\" href=\"https:\/\/mmkriepas.lv\/en\/p\/235-40r19-michelin-primacy-5-96w-xl\/\" \/>\n<meta property=\"og:locale\" content=\"en_US\" \/>\n<meta property=\"og:type\" content=\"article\" \/>\n<meta property=\"og:title\" content=\"235\/40R19 Michelin Primacy 5 96W XL RP\" \/>\n<meta property=\"og:description\" content=\"Michelin Primacy 5 p\u0101rst\u0101v augst\u0101ko sasniegumu virsotni, ko pied\u0101v\u0101 Michelin \u2013 viens no pasaules liel\u0101kajiem un inovat\u012bv\u0101kajiem riepu ra\u017eot\u0101jiem. \u0160is modelis ir rad\u012bts autovad\u012bt\u0101jiem, kuri nepie\u0146em kompromisus un pieprasa klus\u0101ko, dro\u0161\u0101ko un ekonomisk\u0101ko brauk\u0161anas pieredzi.B\u016bdams vado\u0161ais inov\u0101ciju ievies\u0113js, Michelin Primacy 5 model\u012b ir integr\u0113jis tehnolo\u0123ijas, kas \u013cauj riepai saglab\u0101t &quot;A&quot; klases sa\u0137eri uz slapja seguma pat tad, kad protektors ir iev\u0113rojami nodilis.Michelin Primacy 5 galven\u0101s iez\u012bmes:&quot;EverGrip&quot; tehnolo\u0123ija: Jaun\u0101k\u0101s paaudzes protektora z\u012bm\u0113jums ar pa\u0161atjaunojo\u0161\u0101m riev\u0101m, kas nodro\u0161ina efekt\u012bvu \u016bdens novad\u012b\u0161anu pat pie minim\u0101la protektora dzi\u013cuma.Maksim\u0101ls akustiskais komforts: Pateicoties optimiz\u0113tajai protektora joslu sec\u012bbai, riepa sl\u0101p\u0113 ce\u013ca trok\u0161\u0146us, padarot braucienu pat\u012bkami klusu ar\u012b pie liela \u0101truma.Izcila ilgm\u016b\u017e\u012bba: Pateicoties &quot;MaxTouch Construction&quot; tehnolo\u0123ijai, kas vienm\u0113r\u012bgi sadala pa\u0101trin\u0101juma, bremz\u0113\u0161anas un pagriezienu sp\u0113kus, riepa kalpo iev\u0113rojami ilg\u0101k nek\u0101 konkurentu analogi.Eco-Designed konstrukcija: Samazin\u0101ta rites pretest\u012bba ne tikai ietaupa degvielu, bet ar\u012b palielina nobraukumu elektroauto lietot\u0101jiem.Detaliz\u0113ts apskats:Michelin Primacy 5 turpina z\u012bmola filozofiju &quot;Performance made to last&quot;. Neatkar\u012bgajos testos, ko veiku\u0161as t\u0101das organiz\u0101cijas k\u0101 T\u00dcV S\u00dcD, Primacy s\u0113rija regul\u0101ri uzr\u0101da lab\u0101kos rezult\u0101tus bremz\u0113\u0161an\u0101 uz slapja ce\u013ca sal\u012bdzin\u0101jum\u0101 ar citiem premium segmenta konkurentiem.Viena no b\u016btisk\u0101kaj\u0101m inov\u0101cij\u0101m ir uzlabotais gumijas sast\u0101vs, kas apvieno augstu nodilumiztur\u012bbu ar elast\u012bbu. Tas noz\u012bm\u0113, ka riepa burtiski &quot;piel\u012bp&quot; ce\u013ca virsmai, nodro\u0161inot stabilit\u0101ti un \u012bsu bremz\u0113\u0161anas ce\u013cu kritisk\u0101s situ\u0101cij\u0101s.At\u0161\u0137ir\u012bb\u0101 no sportiskaj\u0101m Pilot Sport s\u0113rijas riep\u0101m, Primacy 5 galvenais fokuss ir gaita \u2013 t\u0101 ir m\u012bksta un absorb\u0113 ce\u013ca nel\u012bdzenumus, padarot garus braucienus maz\u0101k nogurdino\u0161us. T\u0101 ir izv\u0113le numur viens tiem, kas nov\u0113rt\u0113 in\u017eeniertehnisko izcil\u012bbu un v\u0113las invest\u0113t riep\u0101s, kas savas augst\u0101s \u012bpa\u0161\u012bbas saglab\u0101s l\u012bdz pat p\u0113d\u0113jam milimetram.Michelin Primacy 5 Energy ir gudra invest\u012bcija tiem, kuri mekl\u0113 lab\u0101ko no lab\u0101k\u0101 \u2013 nep\u0101rsp\u0113jamu nobraukumu, maksim\u0101lu ener\u0123ijas taup\u012b\u0161anu un dro\u0161\u012bbu, kas nemain\u0101s l\u012bdz pat p\u0113d\u0113jam milimetram.\" \/>\n<meta property=\"og:url\" content=\"https:\/\/mmkriepas.lv\/en\/p\/235-40r19-michelin-primacy-5-96w-xl\/\" \/>\n<meta property=\"og:site_name\" content=\"MMK Riepas\" \/>\n<meta property=\"article:publisher\" content=\"https:\/\/www.facebook.com\/mmkserviss\/\" \/>\n<meta property=\"article:modified_time\" content=\"2026-04-12T08:55:15+00:00\" \/>\n<meta property=\"og:image\" content=\"https:\/\/mmkriepas.lv\/wp-content\/uploads\/2025\/03\/22560r17-michelin-primacy-5-103v-xl-dot25-vasaras-riepas.jpeg\" \/>\n\t<meta property=\"og:image:width\" content=\"1920\" \/>\n\t<meta property=\"og:image:height\" content=\"1440\" \/>\n\t<meta property=\"og:image:type\" content=\"image\/jpeg\" \/>\n<meta name=\"twitter:card\" content=\"summary_large_image\" \/>\n<meta name=\"twitter:label1\" content=\"Price\" \/>\n\t<meta name=\"twitter:data1\" content=\"&euro;197.00\" \/>\n\t<meta name=\"twitter:label2\" content=\"Availability\" \/>\n\t<meta name=\"twitter:data2\" content=\"Out of stock\" \/>\n<script type=\"application\/ld+json\" class=\"yoast-schema-graph\">{\"@context\":\"https:\\\/\\\/schema.org\",\"@graph\":[{\"@type\":\"WebPage\",\"@id\":\"https:\\\/\\\/mmkriepas.lv\\\/en\\\/p\\\/235-40r19-michelin-primacy-5-96w-xl\\\/\",\"url\":\"https:\\\/\\\/mmkriepas.lv\\\/en\\\/p\\\/235-40r19-michelin-primacy-5-96w-xl\\\/\",\"name\":\"235\\\/40R19 Michelin Primacy 5 96W XL RP &#8226; MMK Riepas\",\"isPartOf\":{\"@id\":\"https:\\\/\\\/mmkriepas.lv\\\/en\\\/#website\"},\"primaryImageOfPage\":{\"@id\":\"https:\\\/\\\/mmkriepas.lv\\\/en\\\/p\\\/235-40r19-michelin-primacy-5-96w-xl\\\/#primaryimage\"},\"image\":{\"@id\":\"https:\\\/\\\/mmkriepas.lv\\\/en\\\/p\\\/235-40r19-michelin-primacy-5-96w-xl\\\/#primaryimage\"},\"thumbnailUrl\":\"https:\\\/\\\/mmkriepas.lv\\\/wp-content\\\/uploads\\\/2025\\\/03\\\/22560r17-michelin-primacy-5-103v-xl-dot25-vasaras-riepas.jpeg\",\"datePublished\":\"2025-03-07T12:02:56+00:00\",\"dateModified\":\"2026-04-12T08:55:15+00:00\",\"breadcrumb\":{\"@id\":\"https:\\\/\\\/mmkriepas.lv\\\/en\\\/p\\\/235-40r19-michelin-primacy-5-96w-xl\\\/#breadcrumb\"},\"inLanguage\":\"en-US\",\"potentialAction\":[{\"@type\":\"ReadAction\",\"target\":[\"https:\\\/\\\/mmkriepas.lv\\\/en\\\/p\\\/235-40r19-michelin-primacy-5-96w-xl\\\/\"]}]},{\"@type\":\"ImageObject\",\"inLanguage\":\"en-US\",\"@id\":\"https:\\\/\\\/mmkriepas.lv\\\/en\\\/p\\\/235-40r19-michelin-primacy-5-96w-xl\\\/#primaryimage\",\"url\":\"https:\\\/\\\/mmkriepas.lv\\\/wp-content\\\/uploads\\\/2025\\\/03\\\/22560r17-michelin-primacy-5-103v-xl-dot25-vasaras-riepas.jpeg\",\"contentUrl\":\"https:\\\/\\\/mmkriepas.lv\\\/wp-content\\\/uploads\\\/2025\\\/03\\\/22560r17-michelin-primacy-5-103v-xl-dot25-vasaras-riepas.jpeg\",\"width\":1920,\"height\":1440,\"caption\":\"225\\\/60R17 Michelin PRIMACY 5 103V XL dot25 - Vasaras riepas\"},{\"@type\":\"BreadcrumbList\",\"@id\":\"https:\\\/\\\/mmkriepas.lv\\\/en\\\/p\\\/235-40r19-michelin-primacy-5-96w-xl\\\/#breadcrumb\",\"itemListElement\":[{\"@type\":\"ListItem\",\"position\":1,\"name\":\"S\u0101kums\",\"item\":\"https:\\\/\\\/mmkriepas.lv\\\/en\\\/\"},{\"@type\":\"ListItem\",\"position\":2,\"name\":\"235\\\/40R19 Michelin Primacy 5 96W XL RP\"}]},{\"@type\":\"WebSite\",\"@id\":\"https:\\\/\\\/mmkriepas.lv\\\/en\\\/#website\",\"url\":\"https:\\\/\\\/mmkriepas.lv\\\/en\\\/\",\"name\":\"MMK Riepas\",\"description\":\"MMK Riepas\",\"alternateName\":\"MMK Riepu Serviss\",\"potentialAction\":[{\"@type\":\"SearchAction\",\"target\":{\"@type\":\"EntryPoint\",\"urlTemplate\":\"https:\\\/\\\/mmkriepas.lv\\\/en\\\/?s={search_term_string}\"},\"query-input\":{\"@type\":\"PropertyValueSpecification\",\"valueRequired\":true,\"valueName\":\"search_term_string\"}}],\"inLanguage\":\"en-US\"},{\"@type\":\"ImageObject\",\"inLanguage\":\"en-US\",\"@id\":\"https:\\\/\\\/mmkriepas.lv\\\/en\\\/p\\\/235-40r19-michelin-primacy-5-96w-xl\\\/#local-main-organization-logo\",\"url\":\"\",\"contentUrl\":\"\",\"caption\":\"MMK Riepas\"}]}<\/script>\n<meta property=\"product:brand\" content=\"Michelin Primacy 5\" \/>\n<meta property=\"product:price:amount\" content=\"197.00\" \/>\n<meta property=\"product:price:currency\" content=\"EUR\" \/>\n<meta property=\"og:availability\" content=\"out of stock\" \/>\n<meta property=\"product:availability\" content=\"out of stock\" \/>\n<meta property=\"product:retailer_item_id\" content=\"TS2354019MICHE-L45960\" \/>\n<meta property=\"product:condition\" content=\"new\" \/>\n<!-- \/ Yoast SEO Premium plugin. -->","yoast_head_json":{"title":"235\/40R19 Michelin Primacy 5 96W XL RP &#8226; MMK Riepas","robots":{"index":"index","follow":"follow","max-snippet":"max-snippet:-1","max-image-preview":"max-image-preview:large","max-video-preview":"max-video-preview:-1"},"canonical":"https:\/\/mmkriepas.lv\/en\/p\/235-40r19-michelin-primacy-5-96w-xl\/","og_locale":"en_US","og_type":"article","og_title":"235\/40R19 Michelin Primacy 5 96W XL RP","og_description":"Michelin Primacy 5 p\u0101rst\u0101v augst\u0101ko sasniegumu virsotni, ko pied\u0101v\u0101 Michelin \u2013 viens no pasaules liel\u0101kajiem un inovat\u012bv\u0101kajiem riepu ra\u017eot\u0101jiem. \u0160is modelis ir rad\u012bts autovad\u012bt\u0101jiem, kuri nepie\u0146em kompromisus un pieprasa klus\u0101ko, dro\u0161\u0101ko un ekonomisk\u0101ko brauk\u0161anas pieredzi.B\u016bdams vado\u0161ais inov\u0101ciju ievies\u0113js, Michelin Primacy 5 model\u012b ir integr\u0113jis tehnolo\u0123ijas, kas \u013cauj riepai saglab\u0101t \"A\" klases sa\u0137eri uz slapja seguma pat tad, kad protektors ir iev\u0113rojami nodilis.Michelin Primacy 5 galven\u0101s iez\u012bmes:\"EverGrip\" tehnolo\u0123ija: Jaun\u0101k\u0101s paaudzes protektora z\u012bm\u0113jums ar pa\u0161atjaunojo\u0161\u0101m riev\u0101m, kas nodro\u0161ina efekt\u012bvu \u016bdens novad\u012b\u0161anu pat pie minim\u0101la protektora dzi\u013cuma.Maksim\u0101ls akustiskais komforts: Pateicoties optimiz\u0113tajai protektora joslu sec\u012bbai, riepa sl\u0101p\u0113 ce\u013ca trok\u0161\u0146us, padarot braucienu pat\u012bkami klusu ar\u012b pie liela \u0101truma.Izcila ilgm\u016b\u017e\u012bba: Pateicoties \"MaxTouch Construction\" tehnolo\u0123ijai, kas vienm\u0113r\u012bgi sadala pa\u0101trin\u0101juma, bremz\u0113\u0161anas un pagriezienu sp\u0113kus, riepa kalpo iev\u0113rojami ilg\u0101k nek\u0101 konkurentu analogi.Eco-Designed konstrukcija: Samazin\u0101ta rites pretest\u012bba ne tikai ietaupa degvielu, bet ar\u012b palielina nobraukumu elektroauto lietot\u0101jiem.Detaliz\u0113ts apskats:Michelin Primacy 5 turpina z\u012bmola filozofiju \"Performance made to last\". Neatkar\u012bgajos testos, ko veiku\u0161as t\u0101das organiz\u0101cijas k\u0101 T\u00dcV S\u00dcD, Primacy s\u0113rija regul\u0101ri uzr\u0101da lab\u0101kos rezult\u0101tus bremz\u0113\u0161an\u0101 uz slapja ce\u013ca sal\u012bdzin\u0101jum\u0101 ar citiem premium segmenta konkurentiem.Viena no b\u016btisk\u0101kaj\u0101m inov\u0101cij\u0101m ir uzlabotais gumijas sast\u0101vs, kas apvieno augstu nodilumiztur\u012bbu ar elast\u012bbu. Tas noz\u012bm\u0113, ka riepa burtiski \"piel\u012bp\" ce\u013ca virsmai, nodro\u0161inot stabilit\u0101ti un \u012bsu bremz\u0113\u0161anas ce\u013cu kritisk\u0101s situ\u0101cij\u0101s.At\u0161\u0137ir\u012bb\u0101 no sportiskaj\u0101m Pilot Sport s\u0113rijas riep\u0101m, Primacy 5 galvenais fokuss ir gaita \u2013 t\u0101 ir m\u012bksta un absorb\u0113 ce\u013ca nel\u012bdzenumus, padarot garus braucienus maz\u0101k nogurdino\u0161us. T\u0101 ir izv\u0113le numur viens tiem, kas nov\u0113rt\u0113 in\u017eeniertehnisko izcil\u012bbu un v\u0113las invest\u0113t riep\u0101s, kas savas augst\u0101s \u012bpa\u0161\u012bbas saglab\u0101s l\u012bdz pat p\u0113d\u0113jam milimetram.Michelin Primacy 5 Energy ir gudra invest\u012bcija tiem, kuri mekl\u0113 lab\u0101ko no lab\u0101k\u0101 \u2013 nep\u0101rsp\u0113jamu nobraukumu, maksim\u0101lu ener\u0123ijas taup\u012b\u0161anu un dro\u0161\u012bbu, kas nemain\u0101s l\u012bdz pat p\u0113d\u0113jam milimetram.","og_url":"https:\/\/mmkriepas.lv\/en\/p\/235-40r19-michelin-primacy-5-96w-xl\/","og_site_name":"MMK Riepas","article_publisher":"https:\/\/www.facebook.com\/mmkserviss\/","article_modified_time":"2026-04-12T08:55:15+00:00","og_image":[{"width":1920,"height":1440,"url":"https:\/\/mmkriepas.lv\/wp-content\/uploads\/2025\/03\/22560r17-michelin-primacy-5-103v-xl-dot25-vasaras-riepas.jpeg","type":"image\/jpeg"}],"twitter_card":"summary_large_image","twitter_misc":{"Price":"&euro;197.00","Availability":"Out of stock"},"schema":{"@context":"https:\/\/schema.org","@graph":[{"@type":"WebPage","@id":"https:\/\/mmkriepas.lv\/en\/p\/235-40r19-michelin-primacy-5-96w-xl\/","url":"https:\/\/mmkriepas.lv\/en\/p\/235-40r19-michelin-primacy-5-96w-xl\/","name":"235\/40R19 Michelin Primacy 5 96W XL RP &#8226; MMK Riepas","isPartOf":{"@id":"https:\/\/mmkriepas.lv\/en\/#website"},"primaryImageOfPage":{"@id":"https:\/\/mmkriepas.lv\/en\/p\/235-40r19-michelin-primacy-5-96w-xl\/#primaryimage"},"image":{"@id":"https:\/\/mmkriepas.lv\/en\/p\/235-40r19-michelin-primacy-5-96w-xl\/#primaryimage"},"thumbnailUrl":"https:\/\/mmkriepas.lv\/wp-content\/uploads\/2025\/03\/22560r17-michelin-primacy-5-103v-xl-dot25-vasaras-riepas.jpeg","datePublished":"2025-03-07T12:02:56+00:00","dateModified":"2026-04-12T08:55:15+00:00","breadcrumb":{"@id":"https:\/\/mmkriepas.lv\/en\/p\/235-40r19-michelin-primacy-5-96w-xl\/#breadcrumb"},"inLanguage":"en-US","potentialAction":[{"@type":"ReadAction","target":["https:\/\/mmkriepas.lv\/en\/p\/235-40r19-michelin-primacy-5-96w-xl\/"]}]},{"@type":"ImageObject","inLanguage":"en-US","@id":"https:\/\/mmkriepas.lv\/en\/p\/235-40r19-michelin-primacy-5-96w-xl\/#primaryimage","url":"https:\/\/mmkriepas.lv\/wp-content\/uploads\/2025\/03\/22560r17-michelin-primacy-5-103v-xl-dot25-vasaras-riepas.jpeg","contentUrl":"https:\/\/mmkriepas.lv\/wp-content\/uploads\/2025\/03\/22560r17-michelin-primacy-5-103v-xl-dot25-vasaras-riepas.jpeg","width":1920,"height":1440,"caption":"225\/60R17 Michelin PRIMACY 5 103V XL dot25 - Vasaras riepas"},{"@type":"BreadcrumbList","@id":"https:\/\/mmkriepas.lv\/en\/p\/235-40r19-michelin-primacy-5-96w-xl\/#breadcrumb","itemListElement":[{"@type":"ListItem","position":1,"name":"S\u0101kums","item":"https:\/\/mmkriepas.lv\/en\/"},{"@type":"ListItem","position":2,"name":"235\/40R19 Michelin Primacy 5 96W XL RP"}]},{"@type":"WebSite","@id":"https:\/\/mmkriepas.lv\/en\/#website","url":"https:\/\/mmkriepas.lv\/en\/","name":"MMK Riepas","description":"MMK Riepas","alternateName":"MMK Riepu Serviss","potentialAction":[{"@type":"SearchAction","target":{"@type":"EntryPoint","urlTemplate":"https:\/\/mmkriepas.lv\/en\/?s={search_term_string}"},"query-input":{"@type":"PropertyValueSpecification","valueRequired":true,"valueName":"search_term_string"}}],"inLanguage":"en-US"},{"@type":"ImageObject","inLanguage":"en-US","@id":"https:\/\/mmkriepas.lv\/en\/p\/235-40r19-michelin-primacy-5-96w-xl\/#local-main-organization-logo","url":"","contentUrl":"","caption":"MMK Riepas"}]},"product_brand":"Michelin Primacy 5","product_price_amount":"197.00","product_price_currency":"EUR","og_availability":"out of stock","product_availability":"out of stock","product_retailer_item_id":"TS2354019MICHE-L45960","product_condition":"new"},"_links":{"self":[{"href":"https:\/\/mmkriepas.lv\/en\/wp-json\/wp\/v2\/product\/1191252","targetHints":{"allow":["GET"]}}],"collection":[{"href":"https:\/\/mmkriepas.lv\/en\/wp-json\/wp\/v2\/product"}],"about":[{"href":"https:\/\/mmkriepas.lv\/en\/wp-json\/wp\/v2\/types\/product"}],"wp:featuredmedia":[{"embeddable":true,"href":"https:\/\/mmkriepas.lv\/en\/wp-json\/wp\/v2\/media\/1189481"}],"wp:attachment":[{"href":"https:\/\/mmkriepas.lv\/en\/wp-json\/wp\/v2\/media?parent=1191252"}],"wp:term":[{"taxonomy":"product_brand","embeddable":true,"href":"https:\/\/mmkriepas.lv\/en\/wp-json\/wp\/v2\/product_brand?post=1191252"},{"taxonomy":"product_cat","embeddable":true,"href":"https:\/\/mmkriepas.lv\/en\/wp-json\/wp\/v2\/product_cat?post=1191252"},{"taxonomy":"product_tag","embeddable":true,"href":"https:\/\/mmkriepas.lv\/en\/wp-json\/wp\/v2\/product_tag?post=1191252"}],"curies":[{"name":"wp","href":"https:\/\/api.w.org\/{rel}","templated":true}]}}