{"id":11886,"date":"2018-03-16T14:46:08","date_gmt":"2018-03-16T12:46:08","guid":{"rendered":"https:\/\/mmkserviss.lv\/?post_type=product&#038;p=11886"},"modified":"2025-06-02T10:19:48","modified_gmt":"2025-06-02T07:19:48","slug":"19560r15-kama-euro-129-86h","status":"publish","type":"product","link":"https:\/\/mmkriepas.lv\/en\/p\/19560r15-kama-euro-129-86h\/","title":{"rendered":"195\/65R15 Kama Euro HK-129 91H DOT21 DEMO"},"content":{"rendered":"<p><strong>Kama Euro HK-129<\/strong> ir vasaras riepu modelis. Asimetriskais protektora dizains \u013coti labi piem\u0113rots Latvjias ce\u013ciem. Riepas klusas braucot pa \u0161osej\u0101m, ekonomiskas brauk\u0161anai pa pils\u0113tu. Pal\u012bdz\u0113s izbraukt ar\u012b lauku ce\u013cus. Riepas protektora konstrukcija un protektora dzi\u013cums piem\u0113rots m\u016bsdienu pras\u012bb\u0101m &#8211; ilgtsp\u0113j\u012bgas un ar labiem veiktsp\u0113jas r\u0101d\u012bt\u0101jiem uz sausa un mitra seguma.<\/p>\n<p><strong>Euro <\/strong><strong>HK-<\/strong><strong>129 \u012bpa\u0161\u012bbas:<\/strong><\/p>\n<p>+ Continental Conti Premium Contact dizains.<\/p>\n<p>+ Continental tehnolo\u0123iju pielietojums.<\/p>\n<p>+ \u013boti laba cena par \u0161\u0101das klases riep\u0101m.<\/p>\n<p>+ \u012ass bremz\u0113\u0161anas ce\u013c\u0161.<\/p>\n<p>+ \u013boti labi piem\u0113rotas Latvijas ce\u013ciem.<\/p>\n<p>+ Testi uzr\u0101da \u013coti labas sa\u0137eres un vad\u0101m\u012bbas \u012bpa\u0161\u012bbas uz sausa un slapja asfalta<\/p>\n<p>+ Iztur\u012bga riepas bortu uzb\u016bve.<\/p>\n<p><strong>MMK Serviss rekomend\u0113:\u00a0<\/strong><em> Analogs &#8211; Continental Conti Premium Contact tikai uz pusi l\u0113t\u0101k.\u00a0Ra\u017eotas p\u0113c Continental ra\u017eo\u0161anas tehnolo\u0123ij\u0101m.\u00a0Klusas, vieglas un iztur\u012bgas riepas ar \u013coti kvalitat\u012bvu gumijas sast\u0101vu.\u00a0 <\/em><\/p>\n","protected":false},"excerpt":{"rendered":"<p><b><span style=\"font-family: 'Arial',sans-serif;\">Kama Euro HK-129<\/span><\/b><span style=\"font-family: 'Arial',sans-serif;\"> ir vasaras riepu modelis. Asimetriskais protektora dizains \u013coti labi piem\u0113rots Latvjias ce\u013ciem. Riepas klusas braucot pa \u0161osej\u0101m, ekonomiskas brauk\u0161anai pa pils\u0113tu. Pal\u012bdz\u0113s izbraukt ar\u012b lauku ce\u013cus. Riepas protektora konstrukcija un protektora dzi\u013cums piem\u0113rots m\u016bsdienu pras\u012bb\u0101m &#8211; ilgtsp\u0113j\u012bgas un ar labiem veiktsp\u0113jas r\u0101d\u012bt\u0101jiem uz sausa un mitra seguma. <o:p><\/o:p><\/span><\/p>\n","protected":false},"featured_media":11880,"template":"","meta":{"_acf_changed":false,"ngg_post_thumbnail":0},"product_brand":[],"product_cat":[46],"product_tag":[],"class_list":{"0":"post-11886","1":"product","2":"type-product","3":"status-publish","4":"has-post-thumbnail","6":"product_cat-vasaras-riepas","8":"first","9":"outofstock","10":"sale","11":"taxable","12":"shipping-taxable","13":"product-type-simple"},"acf":[],"yoast_head":"<!-- This site is optimized with the Yoast SEO Premium plugin v22.6 (Yoast SEO v27.3) - https:\/\/yoast.com\/product\/yoast-seo-premium-wordpress\/ -->\n<title>195\/65R15 Kama Euro HK-129 91H DOT21 DEMO &#8226; MMK Riepas<\/title>\n<meta name=\"robots\" content=\"index, follow, max-snippet:-1, max-image-preview:large, max-video-preview:-1\" \/>\n<link rel=\"canonical\" href=\"https:\/\/mmkriepas.lv\/en\/p\/19560r15-kama-euro-129-86h\/\" \/>\n<meta property=\"og:locale\" content=\"en_US\" \/>\n<meta property=\"og:type\" content=\"article\" \/>\n<meta property=\"og:title\" content=\"195\/65R15 Kama Euro HK-129 91H DOT21 DEMO\" \/>\n<meta property=\"og:description\" content=\"Kama Euro HK-129 ir vasaras riepu modelis. Asimetriskais protektora dizains \u013coti labi piem\u0113rots Latvjias ce\u013ciem. Riepas klusas braucot pa \u0161osej\u0101m, ekonomiskas brauk\u0161anai pa pils\u0113tu. Pal\u012bdz\u0113s izbraukt ar\u012b lauku ce\u013cus. Riepas protektora konstrukcija un protektora dzi\u013cums piem\u0113rots m\u016bsdienu pras\u012bb\u0101m - ilgtsp\u0113j\u012bgas un ar labiem veiktsp\u0113jas r\u0101d\u012bt\u0101jiem uz sausa un mitra seguma.\" \/>\n<meta property=\"og:url\" content=\"https:\/\/mmkriepas.lv\/en\/p\/19560r15-kama-euro-129-86h\/\" \/>\n<meta property=\"og:site_name\" content=\"MMK Riepas\" \/>\n<meta property=\"article:publisher\" content=\"https:\/\/www.facebook.com\/mmkserviss\/\" \/>\n<meta property=\"article:modified_time\" content=\"2025-06-02T07:19:48+00:00\" \/>\n<meta property=\"og:image\" content=\"https:\/\/mmkriepas.lv\/wp-content\/uploads\/2018\/03\/22545r18-kama-euro-129-95v-vasaras-riepas-3.jpg\" \/>\n\t<meta property=\"og:image:width\" content=\"1920\" \/>\n\t<meta property=\"og:image:height\" content=\"1440\" \/>\n\t<meta property=\"og:image:type\" content=\"image\/jpeg\" \/>\n<meta name=\"twitter:card\" content=\"summary_large_image\" \/>\n<meta name=\"twitter:label1\" content=\"Price\" \/>\n\t<meta name=\"twitter:data1\" content=\"&euro;20.00\" \/>\n\t<meta name=\"twitter:label2\" content=\"Availability\" \/>\n\t<meta name=\"twitter:data2\" content=\"Out of stock\" \/>\n<script type=\"application\/ld+json\" class=\"yoast-schema-graph\">{\"@context\":\"https:\\\/\\\/schema.org\",\"@graph\":[{\"@type\":\"WebPage\",\"@id\":\"https:\\\/\\\/mmkriepas.lv\\\/en\\\/p\\\/19560r15-kama-euro-129-86h\\\/\",\"url\":\"https:\\\/\\\/mmkriepas.lv\\\/en\\\/p\\\/19560r15-kama-euro-129-86h\\\/\",\"name\":\"195\\\/65R15 Kama Euro HK-129 91H DOT21 DEMO &#8226; MMK Riepas\",\"isPartOf\":{\"@id\":\"https:\\\/\\\/mmkriepas.lv\\\/en\\\/#website\"},\"primaryImageOfPage\":{\"@id\":\"https:\\\/\\\/mmkriepas.lv\\\/en\\\/p\\\/19560r15-kama-euro-129-86h\\\/#primaryimage\"},\"image\":{\"@id\":\"https:\\\/\\\/mmkriepas.lv\\\/en\\\/p\\\/19560r15-kama-euro-129-86h\\\/#primaryimage\"},\"thumbnailUrl\":\"https:\\\/\\\/mmkriepas.lv\\\/wp-content\\\/uploads\\\/2018\\\/03\\\/22545r18-kama-euro-129-95v-vasaras-riepas-3.jpg\",\"datePublished\":\"2018-03-16T12:46:08+00:00\",\"dateModified\":\"2025-06-02T07:19:48+00:00\",\"breadcrumb\":{\"@id\":\"https:\\\/\\\/mmkriepas.lv\\\/en\\\/p\\\/19560r15-kama-euro-129-86h\\\/#breadcrumb\"},\"inLanguage\":\"en-US\",\"potentialAction\":[{\"@type\":\"ReadAction\",\"target\":[\"https:\\\/\\\/mmkriepas.lv\\\/en\\\/p\\\/19560r15-kama-euro-129-86h\\\/\"]}]},{\"@type\":\"ImageObject\",\"inLanguage\":\"en-US\",\"@id\":\"https:\\\/\\\/mmkriepas.lv\\\/en\\\/p\\\/19560r15-kama-euro-129-86h\\\/#primaryimage\",\"url\":\"https:\\\/\\\/mmkriepas.lv\\\/wp-content\\\/uploads\\\/2018\\\/03\\\/22545r18-kama-euro-129-95v-vasaras-riepas-3.jpg\",\"contentUrl\":\"https:\\\/\\\/mmkriepas.lv\\\/wp-content\\\/uploads\\\/2018\\\/03\\\/22545r18-kama-euro-129-95v-vasaras-riepas-3.jpg\",\"width\":1920,\"height\":1440,\"caption\":\"225\\\/45R18 Kama Euro 129 95V - Vasaras riepas\"},{\"@type\":\"BreadcrumbList\",\"@id\":\"https:\\\/\\\/mmkriepas.lv\\\/en\\\/p\\\/19560r15-kama-euro-129-86h\\\/#breadcrumb\",\"itemListElement\":[{\"@type\":\"ListItem\",\"position\":1,\"name\":\"S\u0101kums\",\"item\":\"https:\\\/\\\/mmkriepas.lv\\\/en\\\/\"},{\"@type\":\"ListItem\",\"position\":2,\"name\":\"195\\\/65R15 Kama Euro HK-129 91H DOT21 DEMO\"}]},{\"@type\":\"WebSite\",\"@id\":\"https:\\\/\\\/mmkriepas.lv\\\/en\\\/#website\",\"url\":\"https:\\\/\\\/mmkriepas.lv\\\/en\\\/\",\"name\":\"MMK Riepas\",\"description\":\"MMK Riepas\",\"alternateName\":\"MMK Riepu Serviss\",\"potentialAction\":[{\"@type\":\"SearchAction\",\"target\":{\"@type\":\"EntryPoint\",\"urlTemplate\":\"https:\\\/\\\/mmkriepas.lv\\\/en\\\/?s={search_term_string}\"},\"query-input\":{\"@type\":\"PropertyValueSpecification\",\"valueRequired\":true,\"valueName\":\"search_term_string\"}}],\"inLanguage\":\"en-US\"},{\"@type\":\"ImageObject\",\"inLanguage\":\"en-US\",\"@id\":\"https:\\\/\\\/mmkriepas.lv\\\/en\\\/p\\\/19560r15-kama-euro-129-86h\\\/#local-main-organization-logo\",\"url\":\"\",\"contentUrl\":\"\",\"caption\":\"MMK Riepas\"}]}<\/script>\n<meta property=\"product:brand\" content=\"Kama Euro 129\" \/>\n<meta property=\"product:price:amount\" content=\"20.00\" \/>\n<meta property=\"product:price:currency\" content=\"EUR\" \/>\n<meta property=\"og:availability\" content=\"out of stock\" \/>\n<meta property=\"product:availability\" content=\"out of stock\" \/>\n<meta property=\"product:retailer_item_id\" content=\"TS1956515KAMA-D48696\" \/>\n<meta property=\"product:condition\" content=\"new\" \/>\n<!-- \/ Yoast SEO Premium plugin. -->","yoast_head_json":{"title":"195\/65R15 Kama Euro HK-129 91H DOT21 DEMO &#8226; MMK Riepas","robots":{"index":"index","follow":"follow","max-snippet":"max-snippet:-1","max-image-preview":"max-image-preview:large","max-video-preview":"max-video-preview:-1"},"canonical":"https:\/\/mmkriepas.lv\/en\/p\/19560r15-kama-euro-129-86h\/","og_locale":"en_US","og_type":"article","og_title":"195\/65R15 Kama Euro HK-129 91H DOT21 DEMO","og_description":"Kama Euro HK-129 ir vasaras riepu modelis. Asimetriskais protektora dizains \u013coti labi piem\u0113rots Latvjias ce\u013ciem. Riepas klusas braucot pa \u0161osej\u0101m, ekonomiskas brauk\u0161anai pa pils\u0113tu. Pal\u012bdz\u0113s izbraukt ar\u012b lauku ce\u013cus. Riepas protektora konstrukcija un protektora dzi\u013cums piem\u0113rots m\u016bsdienu pras\u012bb\u0101m - ilgtsp\u0113j\u012bgas un ar labiem veiktsp\u0113jas r\u0101d\u012bt\u0101jiem uz sausa un mitra seguma.","og_url":"https:\/\/mmkriepas.lv\/en\/p\/19560r15-kama-euro-129-86h\/","og_site_name":"MMK Riepas","article_publisher":"https:\/\/www.facebook.com\/mmkserviss\/","article_modified_time":"2025-06-02T07:19:48+00:00","og_image":[{"width":1920,"height":1440,"url":"https:\/\/mmkriepas.lv\/wp-content\/uploads\/2018\/03\/22545r18-kama-euro-129-95v-vasaras-riepas-3.jpg","type":"image\/jpeg"}],"twitter_card":"summary_large_image","twitter_misc":{"Price":"&euro;20.00","Availability":"Out of stock"},"schema":{"@context":"https:\/\/schema.org","@graph":[{"@type":"WebPage","@id":"https:\/\/mmkriepas.lv\/en\/p\/19560r15-kama-euro-129-86h\/","url":"https:\/\/mmkriepas.lv\/en\/p\/19560r15-kama-euro-129-86h\/","name":"195\/65R15 Kama Euro HK-129 91H DOT21 DEMO &#8226; MMK Riepas","isPartOf":{"@id":"https:\/\/mmkriepas.lv\/en\/#website"},"primaryImageOfPage":{"@id":"https:\/\/mmkriepas.lv\/en\/p\/19560r15-kama-euro-129-86h\/#primaryimage"},"image":{"@id":"https:\/\/mmkriepas.lv\/en\/p\/19560r15-kama-euro-129-86h\/#primaryimage"},"thumbnailUrl":"https:\/\/mmkriepas.lv\/wp-content\/uploads\/2018\/03\/22545r18-kama-euro-129-95v-vasaras-riepas-3.jpg","datePublished":"2018-03-16T12:46:08+00:00","dateModified":"2025-06-02T07:19:48+00:00","breadcrumb":{"@id":"https:\/\/mmkriepas.lv\/en\/p\/19560r15-kama-euro-129-86h\/#breadcrumb"},"inLanguage":"en-US","potentialAction":[{"@type":"ReadAction","target":["https:\/\/mmkriepas.lv\/en\/p\/19560r15-kama-euro-129-86h\/"]}]},{"@type":"ImageObject","inLanguage":"en-US","@id":"https:\/\/mmkriepas.lv\/en\/p\/19560r15-kama-euro-129-86h\/#primaryimage","url":"https:\/\/mmkriepas.lv\/wp-content\/uploads\/2018\/03\/22545r18-kama-euro-129-95v-vasaras-riepas-3.jpg","contentUrl":"https:\/\/mmkriepas.lv\/wp-content\/uploads\/2018\/03\/22545r18-kama-euro-129-95v-vasaras-riepas-3.jpg","width":1920,"height":1440,"caption":"225\/45R18 Kama Euro 129 95V - Vasaras riepas"},{"@type":"BreadcrumbList","@id":"https:\/\/mmkriepas.lv\/en\/p\/19560r15-kama-euro-129-86h\/#breadcrumb","itemListElement":[{"@type":"ListItem","position":1,"name":"S\u0101kums","item":"https:\/\/mmkriepas.lv\/en\/"},{"@type":"ListItem","position":2,"name":"195\/65R15 Kama Euro HK-129 91H DOT21 DEMO"}]},{"@type":"WebSite","@id":"https:\/\/mmkriepas.lv\/en\/#website","url":"https:\/\/mmkriepas.lv\/en\/","name":"MMK Riepas","description":"MMK Riepas","alternateName":"MMK Riepu Serviss","potentialAction":[{"@type":"SearchAction","target":{"@type":"EntryPoint","urlTemplate":"https:\/\/mmkriepas.lv\/en\/?s={search_term_string}"},"query-input":{"@type":"PropertyValueSpecification","valueRequired":true,"valueName":"search_term_string"}}],"inLanguage":"en-US"},{"@type":"ImageObject","inLanguage":"en-US","@id":"https:\/\/mmkriepas.lv\/en\/p\/19560r15-kama-euro-129-86h\/#local-main-organization-logo","url":"","contentUrl":"","caption":"MMK Riepas"}]},"product_brand":"Kama Euro 129","product_price_amount":"20.00","product_price_currency":"EUR","og_availability":"out of stock","product_availability":"out of stock","product_retailer_item_id":"TS1956515KAMA-D48696","product_condition":"new"},"_links":{"self":[{"href":"https:\/\/mmkriepas.lv\/en\/wp-json\/wp\/v2\/product\/11886","targetHints":{"allow":["GET"]}}],"collection":[{"href":"https:\/\/mmkriepas.lv\/en\/wp-json\/wp\/v2\/product"}],"about":[{"href":"https:\/\/mmkriepas.lv\/en\/wp-json\/wp\/v2\/types\/product"}],"wp:featuredmedia":[{"embeddable":true,"href":"https:\/\/mmkriepas.lv\/en\/wp-json\/wp\/v2\/media\/11880"}],"wp:attachment":[{"href":"https:\/\/mmkriepas.lv\/en\/wp-json\/wp\/v2\/media?parent=11886"}],"wp:term":[{"taxonomy":"product_brand","embeddable":true,"href":"https:\/\/mmkriepas.lv\/en\/wp-json\/wp\/v2\/product_brand?post=11886"},{"taxonomy":"product_cat","embeddable":true,"href":"https:\/\/mmkriepas.lv\/en\/wp-json\/wp\/v2\/product_cat?post=11886"},{"taxonomy":"product_tag","embeddable":true,"href":"https:\/\/mmkriepas.lv\/en\/wp-json\/wp\/v2\/product_tag?post=11886"}],"curies":[{"name":"wp","href":"https:\/\/api.w.org\/{rel}","templated":true}]}}