{"id":1188464,"date":"2025-03-03T16:58:05","date_gmt":"2025-03-03T14:58:05","guid":{"rendered":"https:\/\/mmkriepas.lv\/?post_type=product&#038;p=1188464"},"modified":"2026-04-12T17:31:34","modified_gmt":"2026-04-12T14:31:34","slug":"155-80r13c-ecovision-wv-06-90-88q-2","status":"publish","type":"product","link":"https:\/\/mmkriepas.lv\/en\/p\/155-80r13c-ecovision-wv-06-90-88q-2\/","title":{"rendered":"155\/80R13C Ecovision WV-06 90\/88Q"},"content":{"rendered":"<p align=\"left\"><span style=\"color: #c9211e;\"><span style=\"font-family: Arial, sans-serif;\"><span style=\"font-size: large;\"><b><strong><span style=\"color: #000000;\"><span style=\"font-size: medium;\">Ecovision WV-06<\/span><\/span><\/strong><\/b><span style=\"color: #000000;\"><span style=\"font-size: medium;\"><span> ziemas riepa tiek izmantota komerctransportam un maziem kravas automobi\u013ciem. To raksturo p\u0101rliecino\u0161a veiktsp\u0113ja uz segumiem ar zemu sa\u0137eres koeficientu, stabilit\u0101te sare\u017e\u0123\u012btos apst\u0101k\u013cos, uzlabota degvielas efektivit\u0101te un palielin\u0101ts iesp\u0113jamais nobraukums. \u0160is modelis pieejams gan ar radz\u0113m, gan bez t\u0101m! <\/span><\/span><\/span><\/span><\/span><\/span><\/p>\n<h3 class=\"western\" align=\"left\"><span style=\"color: #000000;\"><span style=\"font-family: Arial, sans-serif;\"><span style=\"font-size: large;\"><b>Ecovision WV-06 galven\u0101s \u012bpa\u0161\u012bbas<\/b><\/span><\/span><\/span><\/h3>\n<p align=\"left\"><span style=\"color: #000000;\"><span style=\"font-family: Arial, sans-serif;\">&#8211;<span style=\"font-size: medium;\"> <\/span><span style=\"font-size: medium;\">P<\/span><span style=\"font-size: medium;\">rotektora z\u012bm\u0113jums ar \u010detr\u0101m plat\u0101m garenisk\u0101m rib\u0101m veido lielu kontaktlaukumu ar ce\u013cu, tas nodro\u0161ina augstu virziena stabilit\u0101ti un lielisku reakciju uz st\u016bres manevriem; <\/span><\/span><\/span><\/p>\n<p align=\"left\"><span style=\"color: #000000;\"><span style=\"font-family: Arial, sans-serif;\"><span style=\"font-size: medium;\">&#8211; Jauktas konstrukcijas \u012bpa\u0161i pastiprin\u0101ts karkass nodro\u0161ina augstu kravnes\u012bbu ar samazin\u0101tu riepas svaru; <\/span><\/span><\/span><\/p>\n<p align=\"left\"><span style=\"color: #000000;\"><span style=\"font-family: Arial, sans-serif;\"><span style=\"font-size: medium;\">&#8211; Sa\u0137eri veidojo\u0161\u0101s \u0161\u0137autnes, kuru skaits pateicoties lamel\u0113m ir iev\u0113rojami audzis, uzlabo vilces sp\u0113kus un bremz\u0113\u0161anas efektivit\u0101ti uz apledoju\u0161\u0101m virsm\u0101m.<\/span><\/span><\/span><\/p>\n<h3 class=\"western\" align=\"left\"><span style=\"color: #000000;\"><span style=\"font-family: Arial, sans-serif;\">WV-06 protektora dizains<\/span><\/span><\/h3>\n<p align=\"left\"><span style=\"color: #000000;\"><span style=\"font-family: Arial, sans-serif;\"><span style=\"font-size: medium;\">Protektora z\u012bm\u0113juma dizains liel\u0101 m\u0113r\u0101 ir saist\u012bts ar faktu, ka riepas ir paredz\u0113tas komerctransportam. Ekspluot\u0113\u0161anas pras\u012bbas ar\u012b ir iemesls k\u0101p\u0113c in\u017eenieri l\u0113ma par labu bezvirziena simetriskajam protektora izvietojumam. Protektora blokiem ir palielin\u0101ts izm\u0113rs, un tie ir izvietoti rakst\u0101, kas veido \u010detras mas\u012bvas ribas. \u0160\u0101ds risin\u0101jums palielina plat\u012bbu, kas atrodas saskar\u0113 ar ce\u013ca virsmu. Tas nodro\u0161ina augstu sa\u0137eres stabilit\u0101ti un samazina protektora agresivit\u0101ti.<\/span><\/span><\/span><\/p>\n","protected":false},"excerpt":{"rendered":"<p><span style=\"color: #c9211e;\"><span style=\"font-family: Arial, sans-serif;\"><span style=\"font-size: large;\"><b><strong><span style=\"color: #000000;\"><span style=\"font-size: medium;\">Ecovision WV-06<\/span><\/span><\/strong><\/b><span style=\"color: #000000;\"><span style=\"font-size: medium;\"><span> ziemas riepa tiek izmantota komerctransportam un maziem kravas automobi\u013ciem. To raksturo p\u0101rliecino\u0161a veiktsp\u0113ja uz segumiem ar zemu sa\u0137eres koeficientu, stabilit\u0101te sare\u017e\u0123\u012btos apst\u0101k\u013cos, uzlabota degvielas efektivit\u0101te un palielin\u0101ts iesp\u0113jamais nobraukums. \u0160is modelis pieejams gan ar radz\u0113m, gan bez t\u0101m! <\/span><\/span><\/span><\/span><\/span><\/span><\/p>\n","protected":false},"featured_media":1159751,"template":"","meta":{"_acf_changed":false,"ngg_post_thumbnail":0},"product_brand":[],"product_cat":[47,45],"product_tag":[],"class_list":{"0":"post-1188464","1":"product","2":"type-product","3":"status-publish","4":"has-post-thumbnail","6":"product_cat-vissezonas-riepas","7":"product_cat-ziemas-riepas","9":"first","10":"instock","11":"sale","12":"taxable","13":"shipping-taxable","14":"purchasable","15":"product-type-simple"},"acf":[],"yoast_head":"<!-- This site is optimized with the Yoast SEO Premium plugin v22.6 (Yoast SEO v27.3) - https:\/\/yoast.com\/product\/yoast-seo-premium-wordpress\/ -->\n<title>155\/80R13C Ecovision WV-06 90\/88Q &#8226; MMK Riepas<\/title>\n<meta name=\"robots\" content=\"index, follow, max-snippet:-1, max-image-preview:large, max-video-preview:-1\" \/>\n<link rel=\"canonical\" href=\"https:\/\/mmkriepas.lv\/en\/p\/155-80r13c-ecovision-wv-06-90-88q-2\/\" \/>\n<meta property=\"og:locale\" content=\"en_US\" \/>\n<meta property=\"og:type\" content=\"article\" \/>\n<meta property=\"og:title\" content=\"155\/80R13C Ecovision WV-06 90\/88Q\" \/>\n<meta property=\"og:description\" content=\"Ecovision WV-06 ziemas riepa tiek izmantota komerctransportam un maziem kravas automobi\u013ciem. To raksturo p\u0101rliecino\u0161a veiktsp\u0113ja uz segumiem ar zemu sa\u0137eres koeficientu, stabilit\u0101te sare\u017e\u0123\u012btos apst\u0101k\u013cos, uzlabota degvielas efektivit\u0101te un palielin\u0101ts iesp\u0113jamais nobraukums. \u0160is modelis pieejams gan ar radz\u0113m, gan bez t\u0101m!\" \/>\n<meta property=\"og:url\" content=\"https:\/\/mmkriepas.lv\/en\/p\/155-80r13c-ecovision-wv-06-90-88q-2\/\" \/>\n<meta property=\"og:site_name\" content=\"MMK Riepas\" \/>\n<meta property=\"article:publisher\" content=\"https:\/\/www.facebook.com\/mmkserviss\/\" \/>\n<meta property=\"article:modified_time\" content=\"2026-04-12T14:31:34+00:00\" \/>\n<meta property=\"og:image\" content=\"https:\/\/mmkriepas.lv\/wp-content\/uploads\/2025\/02\/18575r16c-ecovision-wv-06-104102r-8pr-ziemas-riepas.jpg\" \/>\n\t<meta property=\"og:image:width\" content=\"900\" \/>\n\t<meta property=\"og:image:height\" content=\"720\" \/>\n\t<meta property=\"og:image:type\" content=\"image\/jpeg\" \/>\n<meta name=\"twitter:card\" content=\"summary_large_image\" \/>\n<meta name=\"twitter:label1\" content=\"Price\" \/>\n\t<meta name=\"twitter:data1\" content=\"&euro;42.00\" \/>\n\t<meta name=\"twitter:label2\" content=\"Availability\" \/>\n\t<meta name=\"twitter:data2\" content=\"In stock\" \/>\n<script type=\"application\/ld+json\" class=\"yoast-schema-graph\">{\"@context\":\"https:\\\/\\\/schema.org\",\"@graph\":[{\"@type\":\"WebPage\",\"@id\":\"https:\\\/\\\/mmkriepas.lv\\\/en\\\/p\\\/155-80r13c-ecovision-wv-06-90-88q-2\\\/\",\"url\":\"https:\\\/\\\/mmkriepas.lv\\\/en\\\/p\\\/155-80r13c-ecovision-wv-06-90-88q-2\\\/\",\"name\":\"155\\\/80R13C Ecovision WV-06 90\\\/88Q &#8226; MMK Riepas\",\"isPartOf\":{\"@id\":\"https:\\\/\\\/mmkriepas.lv\\\/en\\\/#website\"},\"primaryImageOfPage\":{\"@id\":\"https:\\\/\\\/mmkriepas.lv\\\/en\\\/p\\\/155-80r13c-ecovision-wv-06-90-88q-2\\\/#primaryimage\"},\"image\":{\"@id\":\"https:\\\/\\\/mmkriepas.lv\\\/en\\\/p\\\/155-80r13c-ecovision-wv-06-90-88q-2\\\/#primaryimage\"},\"thumbnailUrl\":\"https:\\\/\\\/mmkriepas.lv\\\/wp-content\\\/uploads\\\/2025\\\/02\\\/18575r16c-ecovision-wv-06-104102r-8pr-ziemas-riepas.jpg\",\"datePublished\":\"2025-03-03T14:58:05+00:00\",\"dateModified\":\"2026-04-12T14:31:34+00:00\",\"breadcrumb\":{\"@id\":\"https:\\\/\\\/mmkriepas.lv\\\/en\\\/p\\\/155-80r13c-ecovision-wv-06-90-88q-2\\\/#breadcrumb\"},\"inLanguage\":\"en-US\",\"potentialAction\":[{\"@type\":\"ReadAction\",\"target\":[\"https:\\\/\\\/mmkriepas.lv\\\/en\\\/p\\\/155-80r13c-ecovision-wv-06-90-88q-2\\\/\"]}]},{\"@type\":\"ImageObject\",\"inLanguage\":\"en-US\",\"@id\":\"https:\\\/\\\/mmkriepas.lv\\\/en\\\/p\\\/155-80r13c-ecovision-wv-06-90-88q-2\\\/#primaryimage\",\"url\":\"https:\\\/\\\/mmkriepas.lv\\\/wp-content\\\/uploads\\\/2025\\\/02\\\/18575r16c-ecovision-wv-06-104102r-8pr-ziemas-riepas.jpg\",\"contentUrl\":\"https:\\\/\\\/mmkriepas.lv\\\/wp-content\\\/uploads\\\/2025\\\/02\\\/18575r16c-ecovision-wv-06-104102r-8pr-ziemas-riepas.jpg\",\"width\":900,\"height\":720,\"caption\":\"MAIN\"},{\"@type\":\"BreadcrumbList\",\"@id\":\"https:\\\/\\\/mmkriepas.lv\\\/en\\\/p\\\/155-80r13c-ecovision-wv-06-90-88q-2\\\/#breadcrumb\",\"itemListElement\":[{\"@type\":\"ListItem\",\"position\":1,\"name\":\"S\u0101kums\",\"item\":\"https:\\\/\\\/mmkriepas.lv\\\/en\\\/\"},{\"@type\":\"ListItem\",\"position\":2,\"name\":\"155\\\/80R13C Ecovision WV-06 90\\\/88Q\"}]},{\"@type\":\"WebSite\",\"@id\":\"https:\\\/\\\/mmkriepas.lv\\\/en\\\/#website\",\"url\":\"https:\\\/\\\/mmkriepas.lv\\\/en\\\/\",\"name\":\"MMK Riepas\",\"description\":\"MMK Riepas\",\"alternateName\":\"MMK Riepu Serviss\",\"potentialAction\":[{\"@type\":\"SearchAction\",\"target\":{\"@type\":\"EntryPoint\",\"urlTemplate\":\"https:\\\/\\\/mmkriepas.lv\\\/en\\\/?s={search_term_string}\"},\"query-input\":{\"@type\":\"PropertyValueSpecification\",\"valueRequired\":true,\"valueName\":\"search_term_string\"}}],\"inLanguage\":\"en-US\"},{\"@type\":\"ImageObject\",\"inLanguage\":\"en-US\",\"@id\":\"https:\\\/\\\/mmkriepas.lv\\\/en\\\/p\\\/155-80r13c-ecovision-wv-06-90-88q-2\\\/#local-main-organization-logo\",\"url\":\"\",\"contentUrl\":\"\",\"caption\":\"MMK Riepas\"}]}<\/script>\n<meta property=\"product:brand\" content=\"Ecovision WV-06\" \/>\n<meta property=\"product:price:amount\" content=\"42.00\" \/>\n<meta property=\"product:price:currency\" content=\"EUR\" \/>\n<meta property=\"og:availability\" content=\"instock\" \/>\n<meta property=\"product:availability\" content=\"instock\" \/>\n<meta property=\"product:retailer_item_id\" content=\"TW1558013CEcovi-E45605\" \/>\n<meta property=\"product:condition\" content=\"new\" \/>\n<!-- \/ Yoast SEO Premium plugin. -->","yoast_head_json":{"title":"155\/80R13C Ecovision WV-06 90\/88Q &#8226; MMK Riepas","robots":{"index":"index","follow":"follow","max-snippet":"max-snippet:-1","max-image-preview":"max-image-preview:large","max-video-preview":"max-video-preview:-1"},"canonical":"https:\/\/mmkriepas.lv\/en\/p\/155-80r13c-ecovision-wv-06-90-88q-2\/","og_locale":"en_US","og_type":"article","og_title":"155\/80R13C Ecovision WV-06 90\/88Q","og_description":"Ecovision WV-06 ziemas riepa tiek izmantota komerctransportam un maziem kravas automobi\u013ciem. To raksturo p\u0101rliecino\u0161a veiktsp\u0113ja uz segumiem ar zemu sa\u0137eres koeficientu, stabilit\u0101te sare\u017e\u0123\u012btos apst\u0101k\u013cos, uzlabota degvielas efektivit\u0101te un palielin\u0101ts iesp\u0113jamais nobraukums. \u0160is modelis pieejams gan ar radz\u0113m, gan bez t\u0101m!","og_url":"https:\/\/mmkriepas.lv\/en\/p\/155-80r13c-ecovision-wv-06-90-88q-2\/","og_site_name":"MMK Riepas","article_publisher":"https:\/\/www.facebook.com\/mmkserviss\/","article_modified_time":"2026-04-12T14:31:34+00:00","og_image":[{"width":900,"height":720,"url":"https:\/\/mmkriepas.lv\/wp-content\/uploads\/2025\/02\/18575r16c-ecovision-wv-06-104102r-8pr-ziemas-riepas.jpg","type":"image\/jpeg"}],"twitter_card":"summary_large_image","twitter_misc":{"Price":"&euro;42.00","Availability":"In stock"},"schema":{"@context":"https:\/\/schema.org","@graph":[{"@type":"WebPage","@id":"https:\/\/mmkriepas.lv\/en\/p\/155-80r13c-ecovision-wv-06-90-88q-2\/","url":"https:\/\/mmkriepas.lv\/en\/p\/155-80r13c-ecovision-wv-06-90-88q-2\/","name":"155\/80R13C Ecovision WV-06 90\/88Q &#8226; MMK Riepas","isPartOf":{"@id":"https:\/\/mmkriepas.lv\/en\/#website"},"primaryImageOfPage":{"@id":"https:\/\/mmkriepas.lv\/en\/p\/155-80r13c-ecovision-wv-06-90-88q-2\/#primaryimage"},"image":{"@id":"https:\/\/mmkriepas.lv\/en\/p\/155-80r13c-ecovision-wv-06-90-88q-2\/#primaryimage"},"thumbnailUrl":"https:\/\/mmkriepas.lv\/wp-content\/uploads\/2025\/02\/18575r16c-ecovision-wv-06-104102r-8pr-ziemas-riepas.jpg","datePublished":"2025-03-03T14:58:05+00:00","dateModified":"2026-04-12T14:31:34+00:00","breadcrumb":{"@id":"https:\/\/mmkriepas.lv\/en\/p\/155-80r13c-ecovision-wv-06-90-88q-2\/#breadcrumb"},"inLanguage":"en-US","potentialAction":[{"@type":"ReadAction","target":["https:\/\/mmkriepas.lv\/en\/p\/155-80r13c-ecovision-wv-06-90-88q-2\/"]}]},{"@type":"ImageObject","inLanguage":"en-US","@id":"https:\/\/mmkriepas.lv\/en\/p\/155-80r13c-ecovision-wv-06-90-88q-2\/#primaryimage","url":"https:\/\/mmkriepas.lv\/wp-content\/uploads\/2025\/02\/18575r16c-ecovision-wv-06-104102r-8pr-ziemas-riepas.jpg","contentUrl":"https:\/\/mmkriepas.lv\/wp-content\/uploads\/2025\/02\/18575r16c-ecovision-wv-06-104102r-8pr-ziemas-riepas.jpg","width":900,"height":720,"caption":"MAIN"},{"@type":"BreadcrumbList","@id":"https:\/\/mmkriepas.lv\/en\/p\/155-80r13c-ecovision-wv-06-90-88q-2\/#breadcrumb","itemListElement":[{"@type":"ListItem","position":1,"name":"S\u0101kums","item":"https:\/\/mmkriepas.lv\/en\/"},{"@type":"ListItem","position":2,"name":"155\/80R13C Ecovision WV-06 90\/88Q"}]},{"@type":"WebSite","@id":"https:\/\/mmkriepas.lv\/en\/#website","url":"https:\/\/mmkriepas.lv\/en\/","name":"MMK Riepas","description":"MMK Riepas","alternateName":"MMK Riepu Serviss","potentialAction":[{"@type":"SearchAction","target":{"@type":"EntryPoint","urlTemplate":"https:\/\/mmkriepas.lv\/en\/?s={search_term_string}"},"query-input":{"@type":"PropertyValueSpecification","valueRequired":true,"valueName":"search_term_string"}}],"inLanguage":"en-US"},{"@type":"ImageObject","inLanguage":"en-US","@id":"https:\/\/mmkriepas.lv\/en\/p\/155-80r13c-ecovision-wv-06-90-88q-2\/#local-main-organization-logo","url":"","contentUrl":"","caption":"MMK Riepas"}]},"product_brand":"Ecovision WV-06","product_price_amount":"42.00","product_price_currency":"EUR","og_availability":"instock","product_availability":"instock","product_retailer_item_id":"TW1558013CEcovi-E45605","product_condition":"new"},"_links":{"self":[{"href":"https:\/\/mmkriepas.lv\/en\/wp-json\/wp\/v2\/product\/1188464","targetHints":{"allow":["GET"]}}],"collection":[{"href":"https:\/\/mmkriepas.lv\/en\/wp-json\/wp\/v2\/product"}],"about":[{"href":"https:\/\/mmkriepas.lv\/en\/wp-json\/wp\/v2\/types\/product"}],"wp:featuredmedia":[{"embeddable":true,"href":"https:\/\/mmkriepas.lv\/en\/wp-json\/wp\/v2\/media\/1159751"}],"wp:attachment":[{"href":"https:\/\/mmkriepas.lv\/en\/wp-json\/wp\/v2\/media?parent=1188464"}],"wp:term":[{"taxonomy":"product_brand","embeddable":true,"href":"https:\/\/mmkriepas.lv\/en\/wp-json\/wp\/v2\/product_brand?post=1188464"},{"taxonomy":"product_cat","embeddable":true,"href":"https:\/\/mmkriepas.lv\/en\/wp-json\/wp\/v2\/product_cat?post=1188464"},{"taxonomy":"product_tag","embeddable":true,"href":"https:\/\/mmkriepas.lv\/en\/wp-json\/wp\/v2\/product_tag?post=1188464"}],"curies":[{"name":"wp","href":"https:\/\/api.w.org\/{rel}","templated":true}]}}