{"id":1188397,"date":"2025-03-03T16:56:19","date_gmt":"2025-03-03T14:56:19","guid":{"rendered":"https:\/\/mmkriepas.lv\/?post_type=product&#038;p=1188397"},"modified":"2026-03-30T13:35:24","modified_gmt":"2026-03-30T10:35:24","slug":"245-45r19-continental-sportcontact-7-evc-102y-xl","status":"publish","type":"product","link":"https:\/\/mmkriepas.lv\/en\/p\/245-45r19-continental-sportcontact-7-evc-102y-xl\/","title":{"rendered":"245\/45R19 Continental SportContact 7 102Y XL EVc FR"},"content":{"rendered":"<p align=\"left\"><span style=\"font-family: Arial, sans-serif;\"><span style=\"color: #000000;\"><span style=\"font-size: small;\"><b><span>Continental SportContact 7<\/span><\/b><\/span><\/span><span style=\"color: #000000;\"><span style=\"font-size: small;\"><span> ir augst\u0101k\u0101s kvalit\u0101tes, Premium klases UHP jeb augstas veiktsp\u0113jas vasaras riepu modelis. Tas izce\u013cas ar izciliem sa\u0137eres, manevr\u0113tsp\u0113jas, degvielas ekonomijas, nodilumiztur\u012bbas un brauk\u0161anas komforta r\u0101d\u012bt\u0101jiem uz sausa un slapja asfalta ar\u012b lielos brauk\u0161anas \u0101trumos. Vair\u0101kos izm\u0113ros \u0161is riepu modelis pieejams ar \u0101truma indeksu 300km\/h+. <\/span><\/span><\/span><span>Riepu modelis Continental SportContact 7 pieejams pla\u0161\u0101 izm\u0113ru kl\u0101st\u0101 no R18 l\u012bdz R22. Tas paredz\u0113ts uzst\u0101d\u012b\u0161anai sportiska tipa vieglajiem auto, krosoveriem un apvidus automa\u0161\u012bn\u0101m jeb SUV.<\/span><\/span><\/p>\n<h3 class=\"western\"><span style=\"font-family: Arial, sans-serif;\"><span>Continental SportContact 7 galven\u0101s \u012bpa\u0161\u012bbas<\/span><\/span><\/h3>\n<p><span style=\"font-family: Arial, sans-serif;\"><span>+ Izcila sa\u0137ere un manevr\u0113tsp\u0113ja uz sausa un slapja asfalta pat lielos brauk\u0161anas \u0101trumos.<br \/>+ Viens no absol\u016btajiem l\u012bderiem pasaules riepu testos!<br \/>+ Zems akvaplan\u0113\u0161anas risks.<br \/>+ Degvielas\/baterijas ekonomija!<br \/>+ Izteikts akustiskais un brauk\u0161anas gaitas komforts.<br \/>+ Vado\u0161\u0101s riepu giganta Continental tehnolo\u0123ijas!<\/span><\/span><\/p>\n<h3 class=\"western\"><span style=\"font-family: Arial, sans-serif;\"><span>SportContact 7 apr\u012bkojums<\/span><\/span><\/h3>\n<p><span style=\"font-family: Arial, sans-serif;\"><span>Continental SportContact 7 UHP (Ultra High Performance) jeb augstas veiktsp\u0113jas vasaras riepu modelis apr\u012bkots ar sportisku asimetrisko protektora rakstu. \u0160\u0101ds dizains, ar liel\u0101m, nep\u0101rtraukt\u0101m sekcij\u0101m taj\u0101, nodro\u0161ina izcilu sa\u0137eri un manevr\u0113tsp\u0113ju uz sausa asfalta. Savuk\u0101rt, unik\u0101lais gumijas sasat\u0101vs, tand\u0113m\u0101 ar \u012bpa\u0161i \u0161im riepu modelim izstr\u0101d\u0101tu dren\u0101\u017eas kan\u0101lu formu, nodro\u0161ina izcilu sa\u0137eri, manevr\u0113tsp\u0113ju un zemu akvaplan\u0113\u0161anas risku ar\u012b uz slapja asfalta lielos brauk\u0161anas \u0101trumos.<\/span><\/span><\/p>\n<p><span style=\"font-family: Arial, sans-serif;\"><span>Black Chili gumijas mais\u012bjuma sast\u0101vs ticis izstr\u0101d\u0101ts tie\u0161i \u0161im protektora dizainam.. K\u0101 ar\u012b citiem Continental riepu mode\u013ciem, taj\u0101 tiek izmantoti \u012bpa\u0161i polim\u0113ri, gumijas sast\u0101vam \u013cauj rea\u0123\u0113t un piel\u0101goties da\u017e\u0101diem brauk\u0161anas apst\u0101k\u013ciem. Tas \u013c\u0101vis b\u016btiski uzlabot gandr\u012bz visas riepas darb\u012bbas \u012bpa\u0161\u012bbas. Sal\u012bdzinot ar iepriek\u0161\u0113j\u0101s paaudzes riep\u0101m, Continental SportContact 7 uzr\u0101da par vair\u0101kiem desmitiem procentu augst\u0101kus veiktsp\u0113jas r\u0101d\u012bt\u0101jus.<\/span><\/span><\/p>\n","protected":false},"excerpt":{"rendered":"<p><span style=\"font-family: Arial, sans-serif;\"><span style=\"color: #000000;\"><span style=\"font-size: small;\"><b><span>Continental SportContact 7<\/span><\/b><\/span><\/span><span style=\"color: #000000;\"><span style=\"font-size: small;\"><span> ir augst\u0101k\u0101s kvalit\u0101tes, Premium klases UHP jeb augstas veiktsp\u0113jas vasaras riepu modelis. Tas izce\u013cas ar izciliem sa\u0137eres, manevr\u0113tsp\u0113jas, degvielas ekonomijas, nodilumiztur\u012bbas un brauk\u0161anas komforta r\u0101d\u012bt\u0101jiem uz sausa un slapja asfalta ar\u012b lielos brauk\u0161anas \u0101trumos. Vair\u0101kos izm\u0113ros \u0161is riepu modelis pieejams ar \u0101truma indeksu 300km\/h+. <\/span><\/span><\/span><span>Riepu modelis Continental SportContact 7 pieejams pla\u0161\u0101 izm\u0113ru kl\u0101st\u0101 no R18 l\u012bdz R22. Tas paredz\u0113ts uzst\u0101d\u012b\u0161anai sportiska tipa vieglajiem auto, krosoveriem un apvidus automa\u0161\u012bn\u0101m jeb SUV.<\/span><\/span><\/p>\n","protected":false},"featured_media":1253812,"template":"","meta":{"_acf_changed":false,"ngg_post_thumbnail":0},"product_brand":[],"product_cat":[46],"product_tag":[],"class_list":{"0":"post-1188397","1":"product","2":"type-product","3":"status-publish","4":"has-post-thumbnail","6":"product_cat-vasaras-riepas","8":"first","9":"instock","10":"taxable","11":"shipping-taxable","12":"purchasable","13":"product-type-simple"},"acf":[],"yoast_head":"<!-- This site is optimized with the Yoast SEO Premium plugin v22.6 (Yoast SEO v27.3) - https:\/\/yoast.com\/product\/yoast-seo-premium-wordpress\/ -->\n<title>245\/45R19 Continental SportContact 7 102Y XL EVc FR &#8226; MMK Riepas<\/title>\n<meta name=\"robots\" content=\"index, follow, max-snippet:-1, max-image-preview:large, max-video-preview:-1\" \/>\n<link rel=\"canonical\" href=\"https:\/\/mmkriepas.lv\/en\/p\/245-45r19-continental-sportcontact-7-evc-102y-xl\/\" \/>\n<meta property=\"og:locale\" content=\"en_US\" \/>\n<meta property=\"og:type\" content=\"article\" \/>\n<meta property=\"og:title\" content=\"245\/45R19 Continental SportContact 7 102Y XL EVc FR\" \/>\n<meta property=\"og:description\" content=\"Continental SportContact 7 ir augst\u0101k\u0101s kvalit\u0101tes, Premium klases UHP jeb augstas veiktsp\u0113jas vasaras riepu modelis. Tas izce\u013cas ar izciliem sa\u0137eres, manevr\u0113tsp\u0113jas, degvielas ekonomijas, nodilumiztur\u012bbas un brauk\u0161anas komforta r\u0101d\u012bt\u0101jiem uz sausa un slapja asfalta ar\u012b lielos brauk\u0161anas \u0101trumos. Vair\u0101kos izm\u0113ros \u0161is riepu modelis pieejams ar \u0101truma indeksu 300km\/h+. Riepu modelis Continental SportContact 7 pieejams pla\u0161\u0101 izm\u0113ru kl\u0101st\u0101 no R18 l\u012bdz R22. Tas paredz\u0113ts uzst\u0101d\u012b\u0161anai sportiska tipa vieglajiem auto, krosoveriem un apvidus automa\u0161\u012bn\u0101m jeb SUV.\" \/>\n<meta property=\"og:url\" content=\"https:\/\/mmkriepas.lv\/en\/p\/245-45r19-continental-sportcontact-7-evc-102y-xl\/\" \/>\n<meta property=\"og:site_name\" content=\"MMK Riepas\" \/>\n<meta property=\"article:publisher\" content=\"https:\/\/www.facebook.com\/mmkserviss\/\" \/>\n<meta property=\"article:modified_time\" content=\"2026-03-30T10:35:24+00:00\" \/>\n<meta property=\"og:image\" content=\"https:\/\/mmkriepas.lv\/wp-content\/uploads\/2025\/07\/CONTINENTAL_SPORTCONTACT_7.jpg\" \/>\n\t<meta property=\"og:image:width\" content=\"900\" \/>\n\t<meta property=\"og:image:height\" content=\"720\" \/>\n\t<meta property=\"og:image:type\" content=\"image\/jpeg\" \/>\n<meta name=\"twitter:card\" content=\"summary_large_image\" \/>\n<meta name=\"twitter:label1\" content=\"Price\" \/>\n\t<meta name=\"twitter:data1\" content=\"&euro;233.00\" \/>\n\t<meta name=\"twitter:label2\" content=\"Availability\" \/>\n\t<meta name=\"twitter:data2\" content=\"In stock\" \/>\n<script type=\"application\/ld+json\" class=\"yoast-schema-graph\">{\"@context\":\"https:\\\/\\\/schema.org\",\"@graph\":[{\"@type\":\"WebPage\",\"@id\":\"https:\\\/\\\/mmkriepas.lv\\\/en\\\/p\\\/245-45r19-continental-sportcontact-7-evc-102y-xl\\\/\",\"url\":\"https:\\\/\\\/mmkriepas.lv\\\/en\\\/p\\\/245-45r19-continental-sportcontact-7-evc-102y-xl\\\/\",\"name\":\"245\\\/45R19 Continental SportContact 7 102Y XL EVc FR &#8226; MMK Riepas\",\"isPartOf\":{\"@id\":\"https:\\\/\\\/mmkriepas.lv\\\/en\\\/#website\"},\"primaryImageOfPage\":{\"@id\":\"https:\\\/\\\/mmkriepas.lv\\\/en\\\/p\\\/245-45r19-continental-sportcontact-7-evc-102y-xl\\\/#primaryimage\"},\"image\":{\"@id\":\"https:\\\/\\\/mmkriepas.lv\\\/en\\\/p\\\/245-45r19-continental-sportcontact-7-evc-102y-xl\\\/#primaryimage\"},\"thumbnailUrl\":\"https:\\\/\\\/mmkriepas.lv\\\/wp-content\\\/uploads\\\/2025\\\/07\\\/CONTINENTAL_SPORTCONTACT_7.jpg\",\"datePublished\":\"2025-03-03T14:56:19+00:00\",\"dateModified\":\"2026-03-30T10:35:24+00:00\",\"breadcrumb\":{\"@id\":\"https:\\\/\\\/mmkriepas.lv\\\/en\\\/p\\\/245-45r19-continental-sportcontact-7-evc-102y-xl\\\/#breadcrumb\"},\"inLanguage\":\"en-US\",\"potentialAction\":[{\"@type\":\"ReadAction\",\"target\":[\"https:\\\/\\\/mmkriepas.lv\\\/en\\\/p\\\/245-45r19-continental-sportcontact-7-evc-102y-xl\\\/\"]}]},{\"@type\":\"ImageObject\",\"inLanguage\":\"en-US\",\"@id\":\"https:\\\/\\\/mmkriepas.lv\\\/en\\\/p\\\/245-45r19-continental-sportcontact-7-evc-102y-xl\\\/#primaryimage\",\"url\":\"https:\\\/\\\/mmkriepas.lv\\\/wp-content\\\/uploads\\\/2025\\\/07\\\/CONTINENTAL_SPORTCONTACT_7.jpg\",\"contentUrl\":\"https:\\\/\\\/mmkriepas.lv\\\/wp-content\\\/uploads\\\/2025\\\/07\\\/CONTINENTAL_SPORTCONTACT_7.jpg\",\"width\":900,\"height\":720,\"caption\":\"MAIN\"},{\"@type\":\"BreadcrumbList\",\"@id\":\"https:\\\/\\\/mmkriepas.lv\\\/en\\\/p\\\/245-45r19-continental-sportcontact-7-evc-102y-xl\\\/#breadcrumb\",\"itemListElement\":[{\"@type\":\"ListItem\",\"position\":1,\"name\":\"S\u0101kums\",\"item\":\"https:\\\/\\\/mmkriepas.lv\\\/en\\\/\"},{\"@type\":\"ListItem\",\"position\":2,\"name\":\"245\\\/45R19 Continental SportContact 7 102Y XL EVc FR\"}]},{\"@type\":\"WebSite\",\"@id\":\"https:\\\/\\\/mmkriepas.lv\\\/en\\\/#website\",\"url\":\"https:\\\/\\\/mmkriepas.lv\\\/en\\\/\",\"name\":\"MMK Riepas\",\"description\":\"MMK Riepas\",\"alternateName\":\"MMK Riepu Serviss\",\"potentialAction\":[{\"@type\":\"SearchAction\",\"target\":{\"@type\":\"EntryPoint\",\"urlTemplate\":\"https:\\\/\\\/mmkriepas.lv\\\/en\\\/?s={search_term_string}\"},\"query-input\":{\"@type\":\"PropertyValueSpecification\",\"valueRequired\":true,\"valueName\":\"search_term_string\"}}],\"inLanguage\":\"en-US\"},{\"@type\":\"ImageObject\",\"inLanguage\":\"en-US\",\"@id\":\"https:\\\/\\\/mmkriepas.lv\\\/en\\\/p\\\/245-45r19-continental-sportcontact-7-evc-102y-xl\\\/#local-main-organization-logo\",\"url\":\"\",\"contentUrl\":\"\",\"caption\":\"MMK Riepas\"}]}<\/script>\n<meta property=\"product:brand\" content=\"Continental SportContact 7\" \/>\n<meta property=\"product:price:amount\" content=\"233.00\" \/>\n<meta property=\"product:price:currency\" content=\"EUR\" \/>\n<meta property=\"og:availability\" content=\"instock\" \/>\n<meta property=\"product:availability\" content=\"instock\" \/>\n<meta property=\"product:retailer_item_id\" content=\"TS2454519Conti-E45590\" \/>\n<meta property=\"product:condition\" content=\"new\" \/>\n<!-- \/ Yoast SEO Premium plugin. -->","yoast_head_json":{"title":"245\/45R19 Continental SportContact 7 102Y XL EVc FR &#8226; MMK Riepas","robots":{"index":"index","follow":"follow","max-snippet":"max-snippet:-1","max-image-preview":"max-image-preview:large","max-video-preview":"max-video-preview:-1"},"canonical":"https:\/\/mmkriepas.lv\/en\/p\/245-45r19-continental-sportcontact-7-evc-102y-xl\/","og_locale":"en_US","og_type":"article","og_title":"245\/45R19 Continental SportContact 7 102Y XL EVc FR","og_description":"Continental SportContact 7 ir augst\u0101k\u0101s kvalit\u0101tes, Premium klases UHP jeb augstas veiktsp\u0113jas vasaras riepu modelis. Tas izce\u013cas ar izciliem sa\u0137eres, manevr\u0113tsp\u0113jas, degvielas ekonomijas, nodilumiztur\u012bbas un brauk\u0161anas komforta r\u0101d\u012bt\u0101jiem uz sausa un slapja asfalta ar\u012b lielos brauk\u0161anas \u0101trumos. Vair\u0101kos izm\u0113ros \u0161is riepu modelis pieejams ar \u0101truma indeksu 300km\/h+. Riepu modelis Continental SportContact 7 pieejams pla\u0161\u0101 izm\u0113ru kl\u0101st\u0101 no R18 l\u012bdz R22. Tas paredz\u0113ts uzst\u0101d\u012b\u0161anai sportiska tipa vieglajiem auto, krosoveriem un apvidus automa\u0161\u012bn\u0101m jeb SUV.","og_url":"https:\/\/mmkriepas.lv\/en\/p\/245-45r19-continental-sportcontact-7-evc-102y-xl\/","og_site_name":"MMK Riepas","article_publisher":"https:\/\/www.facebook.com\/mmkserviss\/","article_modified_time":"2026-03-30T10:35:24+00:00","og_image":[{"width":900,"height":720,"url":"https:\/\/mmkriepas.lv\/wp-content\/uploads\/2025\/07\/CONTINENTAL_SPORTCONTACT_7.jpg","type":"image\/jpeg"}],"twitter_card":"summary_large_image","twitter_misc":{"Price":"&euro;233.00","Availability":"In stock"},"schema":{"@context":"https:\/\/schema.org","@graph":[{"@type":"WebPage","@id":"https:\/\/mmkriepas.lv\/en\/p\/245-45r19-continental-sportcontact-7-evc-102y-xl\/","url":"https:\/\/mmkriepas.lv\/en\/p\/245-45r19-continental-sportcontact-7-evc-102y-xl\/","name":"245\/45R19 Continental SportContact 7 102Y XL EVc FR &#8226; MMK Riepas","isPartOf":{"@id":"https:\/\/mmkriepas.lv\/en\/#website"},"primaryImageOfPage":{"@id":"https:\/\/mmkriepas.lv\/en\/p\/245-45r19-continental-sportcontact-7-evc-102y-xl\/#primaryimage"},"image":{"@id":"https:\/\/mmkriepas.lv\/en\/p\/245-45r19-continental-sportcontact-7-evc-102y-xl\/#primaryimage"},"thumbnailUrl":"https:\/\/mmkriepas.lv\/wp-content\/uploads\/2025\/07\/CONTINENTAL_SPORTCONTACT_7.jpg","datePublished":"2025-03-03T14:56:19+00:00","dateModified":"2026-03-30T10:35:24+00:00","breadcrumb":{"@id":"https:\/\/mmkriepas.lv\/en\/p\/245-45r19-continental-sportcontact-7-evc-102y-xl\/#breadcrumb"},"inLanguage":"en-US","potentialAction":[{"@type":"ReadAction","target":["https:\/\/mmkriepas.lv\/en\/p\/245-45r19-continental-sportcontact-7-evc-102y-xl\/"]}]},{"@type":"ImageObject","inLanguage":"en-US","@id":"https:\/\/mmkriepas.lv\/en\/p\/245-45r19-continental-sportcontact-7-evc-102y-xl\/#primaryimage","url":"https:\/\/mmkriepas.lv\/wp-content\/uploads\/2025\/07\/CONTINENTAL_SPORTCONTACT_7.jpg","contentUrl":"https:\/\/mmkriepas.lv\/wp-content\/uploads\/2025\/07\/CONTINENTAL_SPORTCONTACT_7.jpg","width":900,"height":720,"caption":"MAIN"},{"@type":"BreadcrumbList","@id":"https:\/\/mmkriepas.lv\/en\/p\/245-45r19-continental-sportcontact-7-evc-102y-xl\/#breadcrumb","itemListElement":[{"@type":"ListItem","position":1,"name":"S\u0101kums","item":"https:\/\/mmkriepas.lv\/en\/"},{"@type":"ListItem","position":2,"name":"245\/45R19 Continental SportContact 7 102Y XL EVc FR"}]},{"@type":"WebSite","@id":"https:\/\/mmkriepas.lv\/en\/#website","url":"https:\/\/mmkriepas.lv\/en\/","name":"MMK Riepas","description":"MMK Riepas","alternateName":"MMK Riepu Serviss","potentialAction":[{"@type":"SearchAction","target":{"@type":"EntryPoint","urlTemplate":"https:\/\/mmkriepas.lv\/en\/?s={search_term_string}"},"query-input":{"@type":"PropertyValueSpecification","valueRequired":true,"valueName":"search_term_string"}}],"inLanguage":"en-US"},{"@type":"ImageObject","inLanguage":"en-US","@id":"https:\/\/mmkriepas.lv\/en\/p\/245-45r19-continental-sportcontact-7-evc-102y-xl\/#local-main-organization-logo","url":"","contentUrl":"","caption":"MMK Riepas"}]},"product_brand":"Continental SportContact 7","product_price_amount":"233.00","product_price_currency":"EUR","og_availability":"instock","product_availability":"instock","product_retailer_item_id":"TS2454519Conti-E45590","product_condition":"new"},"_links":{"self":[{"href":"https:\/\/mmkriepas.lv\/en\/wp-json\/wp\/v2\/product\/1188397","targetHints":{"allow":["GET"]}}],"collection":[{"href":"https:\/\/mmkriepas.lv\/en\/wp-json\/wp\/v2\/product"}],"about":[{"href":"https:\/\/mmkriepas.lv\/en\/wp-json\/wp\/v2\/types\/product"}],"wp:featuredmedia":[{"embeddable":true,"href":"https:\/\/mmkriepas.lv\/en\/wp-json\/wp\/v2\/media\/1253812"}],"wp:attachment":[{"href":"https:\/\/mmkriepas.lv\/en\/wp-json\/wp\/v2\/media?parent=1188397"}],"wp:term":[{"taxonomy":"product_brand","embeddable":true,"href":"https:\/\/mmkriepas.lv\/en\/wp-json\/wp\/v2\/product_brand?post=1188397"},{"taxonomy":"product_cat","embeddable":true,"href":"https:\/\/mmkriepas.lv\/en\/wp-json\/wp\/v2\/product_cat?post=1188397"},{"taxonomy":"product_tag","embeddable":true,"href":"https:\/\/mmkriepas.lv\/en\/wp-json\/wp\/v2\/product_tag?post=1188397"}],"curies":[{"name":"wp","href":"https:\/\/api.w.org\/{rel}","templated":true}]}}