{"id":1188285,"date":"2025-03-03T16:53:28","date_gmt":"2025-03-03T14:53:28","guid":{"rendered":"https:\/\/mmkriepas.lv\/?post_type=product&#038;p=1188285"},"modified":"2026-04-05T13:24:22","modified_gmt":"2026-04-05T10:24:22","slug":"245-45r18-kumho-ecsta-hs52-100w-xl-3","status":"publish","type":"product","link":"https:\/\/mmkriepas.lv\/en\/p\/245-45r18-kumho-ecsta-hs52-100w-xl-3\/","title":{"rendered":"245\/45R18 Kumho ECSTA HS52 100W XL"},"content":{"rendered":"<p class=\"western\"><span style=\"color: #202124;\"><span style=\"font-family: Arial, sans-serif;\"><span style=\"font-size: medium;\"><b><span>Kumho ECSTA HS52<\/span><\/b><\/span><\/span><\/span><span style=\"color: #202124;\"><span style=\"font-family: Arial, sans-serif;\"><span style=\"font-size: medium;\"><span> ir teicamas kvalit\u0101tes, vid\u0113j\u0101s klases vasaras riepu modelis. Tas izce\u013cas ar teicamiem brauk\u0161anas komforta, degvielas ekonomijas un dro\u0161\u012bbas &#8211; sa\u0137eres un manevr\u0113tsp\u0113jas r\u0101d\u012bt\u0101jiem pat lielos brauk\u0161anas \u0101trumos. \u0160is vasaras riepu modelis pieejams pla\u0161\u0101 izm\u0113ru kl\u0101st\u0101 no R14 l\u012bdz R18 un piem\u0113rots gan kompaktklases vieglaj\u0101m, gan apvidus automa\u0161\u012bn\u0101m jeb SUV.<\/span><\/span><\/span><\/span><\/p>\n<h3 class=\"western\"><span style=\"font-family: Arial, sans-serif;\"><span>Kumho ECSTA HS52 galven\u0101s \u012bpa\u0161\u012bbas<\/span><\/span><\/h3>\n<p class=\"western\"><span style=\"font-family: Arial, sans-serif;\"><span>+ Teicama sa\u0137ere un manevr\u0113tsp\u0113ja uz sausa un slapja asfalta pat lielos brauk\u0161anas \u0101trumos.<br \/>+ Zems akvaplan\u0113\u0161anas risks.<br \/>+ Izteikts akustiskais un brauk\u0161anas gaitas komforts.<br \/>+ Degvielas ekonomija!<br \/>+ Laba cenas un veiktsp\u0113jas attiec\u012bba.<\/span><\/span><\/p>\n<h3 class=\"western\"><span style=\"font-family: Arial, sans-serif;\"><span>ECSTA HS52 apr\u012bkojums<\/span><\/span><\/h3>\n<p class=\"western\"><span style=\"font-family: Arial, sans-serif;\"><span>Kumho Ecsta HS52 vasaras riepu modelis apr\u012bkots ar sportiska tipa asimetrisko protektora rakstu. \u0160\u0101ds dizains sev\u012b apvieno teicamas brauk\u0161anas komforta, degvielas ekonomijas un sa\u0137eres \u012bpa\u0161\u012bbas uz sausa un slapja asfalta vasar\u0101.<\/span><\/span><\/p>\n<p class=\"western\"><span style=\"font-family: Arial, sans-serif;\"><span>Starp asimetriski izvietotaj\u0101m protektora bloku virkn\u0113m atrodama augsti att\u012bst\u012bta dren\u0101\u017eas jeb \u016bdens novakdkan\u0101lu sist\u0113ma ar 4 gareniskajiem izvadkan\u0101liem. Lielais izvadkan\u0101lu skaits, tand\u0113m\u0101 ar protektora dizainu, b\u016btiski uzlabo sa\u0137eri uz slapja asfalta, samazinot akvaplan\u0113\u0161anas risku.<\/span><\/span><\/p>\n<p class=\"western\"><span style=\"font-family: Arial, sans-serif;\"><span>Riepu gumijas sast\u0101vam pievienota virkne \u0137\u012bmisko savienojumu, kas vienlaikus uzlabo sa\u0137eres \u012bpa\u0161\u012bbas, palielinot ar\u012b nodilumiztur\u012bbu.<\/span><\/span><\/p>\n","protected":false},"excerpt":{"rendered":"<p><span style=\"color: #202124;\"><span style=\"font-family: Arial, sans-serif;\"><span style=\"font-size: medium;\"><b><span>Kumho ECSTA HS52<\/span><\/b><\/span><\/span><\/span><span style=\"color: #202124;\"><span style=\"font-family: Arial, sans-serif;\"><span style=\"font-size: medium;\"><span> ir teicamas kvalit\u0101tes, vid\u0113j\u0101s klases vasaras riepu modelis. Tas izce\u013cas ar teicamiem brauk\u0161anas komforta, degvielas ekonomijas un dro\u0161\u012bbas &#8211; sa\u0137eres un manevr\u0113tsp\u0113jas r\u0101d\u012bt\u0101jiem pat lielos brauk\u0161anas \u0101trumos. \u0160is vasaras riepu modelis pieejams pla\u0161\u0101 izm\u0113ru kl\u0101st\u0101 no R14 l\u012bdz R18 un piem\u0113rots gan kompaktklases vieglaj\u0101m, gan apvidus automa\u0161\u012bn\u0101m jeb SUV.<\/span><\/span><\/span><\/span><\/p>\n","protected":false},"featured_media":721482,"template":"","meta":{"_acf_changed":false,"ngg_post_thumbnail":0},"product_brand":[],"product_cat":[46],"product_tag":[],"class_list":{"0":"post-1188285","1":"product","2":"type-product","3":"status-publish","4":"has-post-thumbnail","6":"product_cat-vasaras-riepas","8":"first","9":"instock","10":"sale","11":"taxable","12":"shipping-taxable","13":"purchasable","14":"product-type-simple"},"acf":[],"yoast_head":"<!-- This site is optimized with the Yoast SEO Premium plugin v22.6 (Yoast SEO v27.3) - https:\/\/yoast.com\/product\/yoast-seo-premium-wordpress\/ -->\n<title>245\/45R18 Kumho ECSTA HS52 100W XL &#8226; MMK Riepas<\/title>\n<meta name=\"robots\" content=\"index, follow, max-snippet:-1, max-image-preview:large, max-video-preview:-1\" \/>\n<link rel=\"canonical\" href=\"https:\/\/mmkriepas.lv\/en\/p\/245-45r18-kumho-ecsta-hs52-100w-xl-3\/\" \/>\n<meta property=\"og:locale\" content=\"en_US\" \/>\n<meta property=\"og:type\" content=\"article\" \/>\n<meta property=\"og:title\" content=\"245\/45R18 Kumho ECSTA HS52 100W XL\" \/>\n<meta property=\"og:description\" content=\"Kumho ECSTA HS52 ir teicamas kvalit\u0101tes, vid\u0113j\u0101s klases vasaras riepu modelis. Tas izce\u013cas ar teicamiem brauk\u0161anas komforta, degvielas ekonomijas un dro\u0161\u012bbas - sa\u0137eres un manevr\u0113tsp\u0113jas r\u0101d\u012bt\u0101jiem pat lielos brauk\u0161anas \u0101trumos. \u0160is vasaras riepu modelis pieejams pla\u0161\u0101 izm\u0113ru kl\u0101st\u0101 no R14 l\u012bdz R18 un piem\u0113rots gan kompaktklases vieglaj\u0101m, gan apvidus automa\u0161\u012bn\u0101m jeb SUV.\" \/>\n<meta property=\"og:url\" content=\"https:\/\/mmkriepas.lv\/en\/p\/245-45r18-kumho-ecsta-hs52-100w-xl-3\/\" \/>\n<meta property=\"og:site_name\" content=\"MMK Riepas\" \/>\n<meta property=\"article:publisher\" content=\"https:\/\/www.facebook.com\/mmkserviss\/\" \/>\n<meta property=\"article:modified_time\" content=\"2026-04-05T10:24:22+00:00\" \/>\n<meta property=\"og:image\" content=\"https:\/\/mmkriepas.lv\/wp-content\/uploads\/2023\/05\/24545r18-kumho-ecsta-hs52-100w-xl-copy-6.jpeg\" \/>\n\t<meta property=\"og:image:width\" content=\"1920\" \/>\n\t<meta property=\"og:image:height\" content=\"1440\" \/>\n\t<meta property=\"og:image:type\" content=\"image\/jpeg\" \/>\n<meta name=\"twitter:card\" content=\"summary_large_image\" \/>\n<meta name=\"twitter:label1\" content=\"Price\" \/>\n\t<meta name=\"twitter:data1\" content=\"&euro;109.00\" \/>\n\t<meta name=\"twitter:label2\" content=\"Availability\" \/>\n\t<meta name=\"twitter:data2\" content=\"In stock\" \/>\n<script type=\"application\/ld+json\" class=\"yoast-schema-graph\">{\"@context\":\"https:\\\/\\\/schema.org\",\"@graph\":[{\"@type\":\"WebPage\",\"@id\":\"https:\\\/\\\/mmkriepas.lv\\\/en\\\/p\\\/245-45r18-kumho-ecsta-hs52-100w-xl-3\\\/\",\"url\":\"https:\\\/\\\/mmkriepas.lv\\\/en\\\/p\\\/245-45r18-kumho-ecsta-hs52-100w-xl-3\\\/\",\"name\":\"245\\\/45R18 Kumho ECSTA HS52 100W XL &#8226; MMK Riepas\",\"isPartOf\":{\"@id\":\"https:\\\/\\\/mmkriepas.lv\\\/en\\\/#website\"},\"primaryImageOfPage\":{\"@id\":\"https:\\\/\\\/mmkriepas.lv\\\/en\\\/p\\\/245-45r18-kumho-ecsta-hs52-100w-xl-3\\\/#primaryimage\"},\"image\":{\"@id\":\"https:\\\/\\\/mmkriepas.lv\\\/en\\\/p\\\/245-45r18-kumho-ecsta-hs52-100w-xl-3\\\/#primaryimage\"},\"thumbnailUrl\":\"https:\\\/\\\/mmkriepas.lv\\\/wp-content\\\/uploads\\\/2023\\\/05\\\/24545r18-kumho-ecsta-hs52-100w-xl-copy-6.jpeg\",\"datePublished\":\"2025-03-03T14:53:28+00:00\",\"dateModified\":\"2026-04-05T10:24:22+00:00\",\"breadcrumb\":{\"@id\":\"https:\\\/\\\/mmkriepas.lv\\\/en\\\/p\\\/245-45r18-kumho-ecsta-hs52-100w-xl-3\\\/#breadcrumb\"},\"inLanguage\":\"en-US\",\"potentialAction\":[{\"@type\":\"ReadAction\",\"target\":[\"https:\\\/\\\/mmkriepas.lv\\\/en\\\/p\\\/245-45r18-kumho-ecsta-hs52-100w-xl-3\\\/\"]}]},{\"@type\":\"ImageObject\",\"inLanguage\":\"en-US\",\"@id\":\"https:\\\/\\\/mmkriepas.lv\\\/en\\\/p\\\/245-45r18-kumho-ecsta-hs52-100w-xl-3\\\/#primaryimage\",\"url\":\"https:\\\/\\\/mmkriepas.lv\\\/wp-content\\\/uploads\\\/2023\\\/05\\\/24545r18-kumho-ecsta-hs52-100w-xl-copy-6.jpeg\",\"contentUrl\":\"https:\\\/\\\/mmkriepas.lv\\\/wp-content\\\/uploads\\\/2023\\\/05\\\/24545r18-kumho-ecsta-hs52-100w-xl-copy-6.jpeg\",\"width\":1920,\"height\":1440,\"caption\":\"245\\\/45R18 Kumho Ecsta HS52 100W XL\"},{\"@type\":\"BreadcrumbList\",\"@id\":\"https:\\\/\\\/mmkriepas.lv\\\/en\\\/p\\\/245-45r18-kumho-ecsta-hs52-100w-xl-3\\\/#breadcrumb\",\"itemListElement\":[{\"@type\":\"ListItem\",\"position\":1,\"name\":\"S\u0101kums\",\"item\":\"https:\\\/\\\/mmkriepas.lv\\\/en\\\/\"},{\"@type\":\"ListItem\",\"position\":2,\"name\":\"245\\\/45R18 Kumho ECSTA HS52 100W XL\"}]},{\"@type\":\"WebSite\",\"@id\":\"https:\\\/\\\/mmkriepas.lv\\\/en\\\/#website\",\"url\":\"https:\\\/\\\/mmkriepas.lv\\\/en\\\/\",\"name\":\"MMK Riepas\",\"description\":\"MMK Riepas\",\"alternateName\":\"MMK Riepu Serviss\",\"potentialAction\":[{\"@type\":\"SearchAction\",\"target\":{\"@type\":\"EntryPoint\",\"urlTemplate\":\"https:\\\/\\\/mmkriepas.lv\\\/en\\\/?s={search_term_string}\"},\"query-input\":{\"@type\":\"PropertyValueSpecification\",\"valueRequired\":true,\"valueName\":\"search_term_string\"}}],\"inLanguage\":\"en-US\"},{\"@type\":\"ImageObject\",\"inLanguage\":\"en-US\",\"@id\":\"https:\\\/\\\/mmkriepas.lv\\\/en\\\/p\\\/245-45r18-kumho-ecsta-hs52-100w-xl-3\\\/#local-main-organization-logo\",\"url\":\"\",\"contentUrl\":\"\",\"caption\":\"MMK Riepas\"}]}<\/script>\n<meta property=\"product:brand\" content=\"Kumho ECSTA HS52\" \/>\n<meta property=\"product:price:amount\" content=\"109.00\" \/>\n<meta property=\"product:price:currency\" content=\"EUR\" \/>\n<meta property=\"og:availability\" content=\"instock\" \/>\n<meta property=\"product:availability\" content=\"instock\" \/>\n<meta property=\"product:retailer_item_id\" content=\"TS2454518Kumho-E45577\" \/>\n<meta property=\"product:condition\" content=\"new\" \/>\n<!-- \/ Yoast SEO Premium plugin. -->","yoast_head_json":{"title":"245\/45R18 Kumho ECSTA HS52 100W XL &#8226; MMK Riepas","robots":{"index":"index","follow":"follow","max-snippet":"max-snippet:-1","max-image-preview":"max-image-preview:large","max-video-preview":"max-video-preview:-1"},"canonical":"https:\/\/mmkriepas.lv\/en\/p\/245-45r18-kumho-ecsta-hs52-100w-xl-3\/","og_locale":"en_US","og_type":"article","og_title":"245\/45R18 Kumho ECSTA HS52 100W XL","og_description":"Kumho ECSTA HS52 ir teicamas kvalit\u0101tes, vid\u0113j\u0101s klases vasaras riepu modelis. Tas izce\u013cas ar teicamiem brauk\u0161anas komforta, degvielas ekonomijas un dro\u0161\u012bbas - sa\u0137eres un manevr\u0113tsp\u0113jas r\u0101d\u012bt\u0101jiem pat lielos brauk\u0161anas \u0101trumos. \u0160is vasaras riepu modelis pieejams pla\u0161\u0101 izm\u0113ru kl\u0101st\u0101 no R14 l\u012bdz R18 un piem\u0113rots gan kompaktklases vieglaj\u0101m, gan apvidus automa\u0161\u012bn\u0101m jeb SUV.","og_url":"https:\/\/mmkriepas.lv\/en\/p\/245-45r18-kumho-ecsta-hs52-100w-xl-3\/","og_site_name":"MMK Riepas","article_publisher":"https:\/\/www.facebook.com\/mmkserviss\/","article_modified_time":"2026-04-05T10:24:22+00:00","og_image":[{"width":1920,"height":1440,"url":"https:\/\/mmkriepas.lv\/wp-content\/uploads\/2023\/05\/24545r18-kumho-ecsta-hs52-100w-xl-copy-6.jpeg","type":"image\/jpeg"}],"twitter_card":"summary_large_image","twitter_misc":{"Price":"&euro;109.00","Availability":"In stock"},"schema":{"@context":"https:\/\/schema.org","@graph":[{"@type":"WebPage","@id":"https:\/\/mmkriepas.lv\/en\/p\/245-45r18-kumho-ecsta-hs52-100w-xl-3\/","url":"https:\/\/mmkriepas.lv\/en\/p\/245-45r18-kumho-ecsta-hs52-100w-xl-3\/","name":"245\/45R18 Kumho ECSTA HS52 100W XL &#8226; MMK Riepas","isPartOf":{"@id":"https:\/\/mmkriepas.lv\/en\/#website"},"primaryImageOfPage":{"@id":"https:\/\/mmkriepas.lv\/en\/p\/245-45r18-kumho-ecsta-hs52-100w-xl-3\/#primaryimage"},"image":{"@id":"https:\/\/mmkriepas.lv\/en\/p\/245-45r18-kumho-ecsta-hs52-100w-xl-3\/#primaryimage"},"thumbnailUrl":"https:\/\/mmkriepas.lv\/wp-content\/uploads\/2023\/05\/24545r18-kumho-ecsta-hs52-100w-xl-copy-6.jpeg","datePublished":"2025-03-03T14:53:28+00:00","dateModified":"2026-04-05T10:24:22+00:00","breadcrumb":{"@id":"https:\/\/mmkriepas.lv\/en\/p\/245-45r18-kumho-ecsta-hs52-100w-xl-3\/#breadcrumb"},"inLanguage":"en-US","potentialAction":[{"@type":"ReadAction","target":["https:\/\/mmkriepas.lv\/en\/p\/245-45r18-kumho-ecsta-hs52-100w-xl-3\/"]}]},{"@type":"ImageObject","inLanguage":"en-US","@id":"https:\/\/mmkriepas.lv\/en\/p\/245-45r18-kumho-ecsta-hs52-100w-xl-3\/#primaryimage","url":"https:\/\/mmkriepas.lv\/wp-content\/uploads\/2023\/05\/24545r18-kumho-ecsta-hs52-100w-xl-copy-6.jpeg","contentUrl":"https:\/\/mmkriepas.lv\/wp-content\/uploads\/2023\/05\/24545r18-kumho-ecsta-hs52-100w-xl-copy-6.jpeg","width":1920,"height":1440,"caption":"245\/45R18 Kumho Ecsta HS52 100W XL"},{"@type":"BreadcrumbList","@id":"https:\/\/mmkriepas.lv\/en\/p\/245-45r18-kumho-ecsta-hs52-100w-xl-3\/#breadcrumb","itemListElement":[{"@type":"ListItem","position":1,"name":"S\u0101kums","item":"https:\/\/mmkriepas.lv\/en\/"},{"@type":"ListItem","position":2,"name":"245\/45R18 Kumho ECSTA HS52 100W XL"}]},{"@type":"WebSite","@id":"https:\/\/mmkriepas.lv\/en\/#website","url":"https:\/\/mmkriepas.lv\/en\/","name":"MMK Riepas","description":"MMK Riepas","alternateName":"MMK Riepu Serviss","potentialAction":[{"@type":"SearchAction","target":{"@type":"EntryPoint","urlTemplate":"https:\/\/mmkriepas.lv\/en\/?s={search_term_string}"},"query-input":{"@type":"PropertyValueSpecification","valueRequired":true,"valueName":"search_term_string"}}],"inLanguage":"en-US"},{"@type":"ImageObject","inLanguage":"en-US","@id":"https:\/\/mmkriepas.lv\/en\/p\/245-45r18-kumho-ecsta-hs52-100w-xl-3\/#local-main-organization-logo","url":"","contentUrl":"","caption":"MMK Riepas"}]},"product_brand":"Kumho ECSTA HS52","product_price_amount":"109.00","product_price_currency":"EUR","og_availability":"instock","product_availability":"instock","product_retailer_item_id":"TS2454518Kumho-E45577","product_condition":"new"},"_links":{"self":[{"href":"https:\/\/mmkriepas.lv\/en\/wp-json\/wp\/v2\/product\/1188285","targetHints":{"allow":["GET"]}}],"collection":[{"href":"https:\/\/mmkriepas.lv\/en\/wp-json\/wp\/v2\/product"}],"about":[{"href":"https:\/\/mmkriepas.lv\/en\/wp-json\/wp\/v2\/types\/product"}],"wp:featuredmedia":[{"embeddable":true,"href":"https:\/\/mmkriepas.lv\/en\/wp-json\/wp\/v2\/media\/721482"}],"wp:attachment":[{"href":"https:\/\/mmkriepas.lv\/en\/wp-json\/wp\/v2\/media?parent=1188285"}],"wp:term":[{"taxonomy":"product_brand","embeddable":true,"href":"https:\/\/mmkriepas.lv\/en\/wp-json\/wp\/v2\/product_brand?post=1188285"},{"taxonomy":"product_cat","embeddable":true,"href":"https:\/\/mmkriepas.lv\/en\/wp-json\/wp\/v2\/product_cat?post=1188285"},{"taxonomy":"product_tag","embeddable":true,"href":"https:\/\/mmkriepas.lv\/en\/wp-json\/wp\/v2\/product_tag?post=1188285"}],"curies":[{"name":"wp","href":"https:\/\/api.w.org\/{rel}","templated":true}]}}