{"id":1188135,"date":"2025-03-03T16:49:35","date_gmt":"2025-03-03T14:49:35","guid":{"rendered":"https:\/\/mmkriepas.lv\/?post_type=product&#038;p=1188135"},"modified":"2026-04-14T00:45:16","modified_gmt":"2026-04-13T21:45:16","slug":"225-45r17-aplus-a610-94y-xl","status":"publish","type":"product","link":"https:\/\/mmkriepas.lv\/en\/p\/225-45r17-aplus-a610-94y-xl\/","title":{"rendered":"225\/45R17 Aplus A610 94Y XL"},"content":{"rendered":"<p><b>Aplus A610<\/b><span style=\"font-weight: 400;\"> ir izstr\u0101d\u0101ta autovad\u012bt\u0101jiem, kuri v\u0113las jaunas un dro\u0161as riepas, nep\u0101rmaks\u0101jot par premium z\u012bmola nosaukumu. Aplus ra\u017eot\u0101js, b\u016bdams viens no <\/span><b>liel\u0101kajiem un strauj\u0101k augo\u0161ajiem<\/b><span style=\"font-weight: 400;\"> sav\u0101 re\u0123ion\u0101, izmanto progres\u012bvas datoriz\u0113t\u0101s model\u0113\u0161anas tehnolo\u0123ijas, lai rad\u012btu protektora rakstus, kas nepievi\u013c ikdienas satiksm\u0113.<\/span><\/p>\n<p><span style=\"font-weight: 400;\">\u0160is modelis ir rad\u012bts k\u0101 univers\u0101ls risin\u0101ts vasaras sezonai, fokus\u0113joties uz stabilit\u0101ti liel\u0101kos \u0101trumos un efekt\u012bvu \u016bdens novad\u012b\u0161anu, kas ir kritiski svar\u012bgi dro\u0161ai brauk\u0161anai lietus laik\u0101.<\/span><\/p>\n<h3><b>Aplus A610 galven\u0101s iez\u012bmes:<\/b><\/h3>\n<ul>\n<li style=\"font-weight: 400;\" aria-level=\"1\"><b>Asimetrisks protektora raksts:<\/b><span style=\"font-weight: 400;\"> Nodro\u0161ina dubultu funkciju \u2013 iek\u0161\u0113j\u0101 da\u013ca r\u016bp\u0113jas par stabilit\u0101ti liet\u016b, bet \u0101r\u0113j\u0101 \u2013 par prec\u012bzu vad\u0101m\u012bbu pagriezienos.<\/span><\/li>\n<li style=\"font-weight: 400;\" aria-level=\"1\"><b>\u010cetras platas dren\u0101\u017eas rievas:<\/b><span style=\"font-weight: 400;\"> Mas\u012bv\u0101s garenvirziena rievas \u0101tri evaku\u0113 \u016bdeni no kontakta virsmas, iev\u0113rojami samazinot akvaplan\u0113\u0161anas risku.<\/span><\/li>\n<li style=\"font-weight: 400;\" aria-level=\"1\"><b>Zems rites troksnis:<\/b><span style=\"font-weight: 400;\"> Pateicoties optimiz\u0113tajam protektora bloku izk\u0101rtojumam, riepa nodro\u0161ina klus\u0101ku gaitu un paaugstin\u0101tu brauk\u0161anas komfortu.<\/span><\/li>\n<li style=\"font-weight: 400;\" aria-level=\"1\"><b>Pastiprin\u0101ta centr\u0101l\u0101 josla:<\/b><span style=\"font-weight: 400;\"> Uzlabo virziena stabilit\u0101ti (taisnvirziena kust\u012bbu) un st\u016bres reakcijas precizit\u0101ti uz \u0161osejas.<\/span><\/li>\n<\/ul>\n<p><b>Aplus<\/b><span style=\"font-weight: 400;\"> ir viens no vado\u0161ajiem bud\u017eeta klases riepu z\u012bmoliem, kas pieder lielajam \u0136\u012bnas koncernam &#8220;Shandong Haohua Tire&#8221;. Uz\u0146\u0113mums ir paz\u012bstams ar milz\u012bg\u0101m invest\u012bcij\u0101m automatiz\u0113t\u0101s ra\u017eo\u0161anas l\u012bnij\u0101s, kas \u013cauj pied\u0101v\u0101t m\u016bsdien\u012bgu dizainu par \u013coti pievilc\u012bgu cenu.<\/span><\/p>\n<h3><b>Detaliz\u0113ts apskats:<\/b><\/h3>\n<p><span style=\"font-weight: 400;\">Aplus A610 dizains atbilst modern\u0101kaj\u0101m nozares tendenc\u0113m. Lai gan \u0161\u012b ir bud\u017eeta klases riepa, ra\u017eot\u0101js ir sp\u0113jis pan\u0101kt <\/span><b>konkur\u0113tsp\u0113j\u012bgu sniegumu<\/b><span style=\"font-weight: 400;\">, ko apliecina t\u0101s popularit\u0101te Eiropas tirg\u016b. Riepas konstrukcij\u0101 izmantotais gumijas sast\u0101vs ir izstr\u0101d\u0101ts t\u0101, lai saglab\u0101tu elast\u012bbu da\u017e\u0101dos vasaras temperat\u016bras re\u017e\u012bmos, nodro\u0161inot vienm\u0113r\u012bgu nodilumu.<\/span><\/p>\n<p><span style=\"font-weight: 400;\">Daudzi lietot\u0101ji nov\u0113rt\u0113 \u0161o modeli tie\u0161i t\u0101 <\/span><b>akustisk\u0101 komforta<\/b><span style=\"font-weight: 400;\"> d\u0113\u013c. In\u017eenieriem ir izdevies izveidot lameles un rievas t\u0101, lai t\u0101s sl\u0101p\u0113tu gaisa virpu\u013cu rad\u012bto ska\u0146u, kas ir b\u016btisks faktors gar\u0101kos braucienos. Savuk\u0101rt stingrie plecu bloki pal\u012bdz automa\u0161\u012bnai saglab\u0101t l\u012bdzsvaru, veicot strauj\u0101kus manevrus.<\/span><\/p>\n<p><b>Aplus A610<\/b><span style=\"font-weight: 400;\"> ir lieliska alternat\u012bva lietot\u0101m premium riep\u0101m. Izv\u0113loties \u0161o modeli, vad\u012bt\u0101js sa\u0146em jaunu produktu ar pilnu protektora dzi\u013cumu un m\u016bsdien\u012bg\u0101m dro\u0161\u012bbas tehnolo\u0123ij\u0101m, vienlaikus saglab\u0101jot \u013coti pievilc\u012bgu cenu.<\/span><\/p>\n","protected":false},"excerpt":{"rendered":"<p><b>Aplus A610<\/b><span style=\"font-weight: 400;\"> ir augstas veiktsp\u0113jas (UHP) vasaras riepa, kas rad\u012bta, lai pied\u0101v\u0101tu stabilu vad\u0101m\u012bbu un dro\u0161\u012bbu par ekonomiski izdev\u012bgu cenu. \u0160is modelis ir \u012bpa\u0161i piem\u0113rots vid\u0113j\u0101s klases automa\u0161\u012bn\u0101m, nodro\u0161inot labu sa\u0137eri uz sausa un slapja asfalta, k\u0101 ar\u012b m\u016bsdien\u012bgu, sportisku izskatu.<\/span><\/p>\n","protected":false},"featured_media":1189399,"template":"","meta":{"_acf_changed":false,"ngg_post_thumbnail":0},"product_brand":[],"product_cat":[23641],"product_tag":[],"class_list":{"0":"post-1188135","1":"product","2":"type-product","3":"status-publish","4":"has-post-thumbnail","6":"product_cat-summer-tyres","8":"first","9":"instock","10":"sale","11":"taxable","12":"shipping-taxable","13":"purchasable","14":"product-type-simple"},"acf":[],"yoast_head":"<!-- This site is optimized with the Yoast SEO Premium plugin v22.6 (Yoast SEO v27.3) - https:\/\/yoast.com\/product\/yoast-seo-premium-wordpress\/ -->\n<title>225\/45R17 Aplus A610 94Y XL &#8226; MMK Riepas<\/title>\n<meta name=\"robots\" content=\"index, follow, max-snippet:-1, max-image-preview:large, max-video-preview:-1\" \/>\n<link rel=\"canonical\" href=\"https:\/\/mmkriepas.lv\/en\/p\/225-45r17-aplus-a610-94y-xl\/\" \/>\n<meta property=\"og:locale\" content=\"en_US\" \/>\n<meta property=\"og:type\" content=\"article\" \/>\n<meta property=\"og:title\" content=\"225\/45R17 Aplus A610 94Y XL\" \/>\n<meta property=\"og:description\" content=\"Aplus A610 ir augstas veiktsp\u0113jas (UHP) vasaras riepa, kas rad\u012bta, lai pied\u0101v\u0101tu stabilu vad\u0101m\u012bbu un dro\u0161\u012bbu par ekonomiski izdev\u012bgu cenu. \u0160is modelis ir \u012bpa\u0161i piem\u0113rots vid\u0113j\u0101s klases automa\u0161\u012bn\u0101m, nodro\u0161inot labu sa\u0137eri uz sausa un slapja asfalta, k\u0101 ar\u012b m\u016bsdien\u012bgu, sportisku izskatu.\" \/>\n<meta property=\"og:url\" content=\"https:\/\/mmkriepas.lv\/en\/p\/225-45r17-aplus-a610-94y-xl\/\" \/>\n<meta property=\"og:site_name\" content=\"MMK Riepas\" \/>\n<meta property=\"article:publisher\" content=\"https:\/\/www.facebook.com\/mmkserviss\/\" \/>\n<meta property=\"article:modified_time\" content=\"2026-04-13T21:45:16+00:00\" \/>\n<meta property=\"og:image\" content=\"https:\/\/mmkriepas.lv\/wp-content\/uploads\/2025\/03\/22545r17-aplus-a610-94y-xl-vasaras-riepas.jpg\" \/>\n\t<meta property=\"og:image:width\" content=\"1920\" \/>\n\t<meta property=\"og:image:height\" content=\"1440\" \/>\n\t<meta property=\"og:image:type\" content=\"image\/jpeg\" \/>\n<meta name=\"twitter:card\" content=\"summary_large_image\" \/>\n<meta name=\"twitter:label1\" content=\"Price\" \/>\n\t<meta name=\"twitter:data1\" content=\"&euro;49.00\" \/>\n\t<meta name=\"twitter:label2\" content=\"Availability\" \/>\n\t<meta name=\"twitter:data2\" content=\"In stock\" \/>\n<script type=\"application\/ld+json\" class=\"yoast-schema-graph\">{\"@context\":\"https:\\\/\\\/schema.org\",\"@graph\":[{\"@type\":\"WebPage\",\"@id\":\"https:\\\/\\\/mmkriepas.lv\\\/en\\\/p\\\/225-45r17-aplus-a610-94y-xl\\\/\",\"url\":\"https:\\\/\\\/mmkriepas.lv\\\/en\\\/p\\\/225-45r17-aplus-a610-94y-xl\\\/\",\"name\":\"225\\\/45R17 Aplus A610 94Y XL &#8226; MMK Riepas\",\"isPartOf\":{\"@id\":\"https:\\\/\\\/mmkriepas.lv\\\/en\\\/#website\"},\"primaryImageOfPage\":{\"@id\":\"https:\\\/\\\/mmkriepas.lv\\\/en\\\/p\\\/225-45r17-aplus-a610-94y-xl\\\/#primaryimage\"},\"image\":{\"@id\":\"https:\\\/\\\/mmkriepas.lv\\\/en\\\/p\\\/225-45r17-aplus-a610-94y-xl\\\/#primaryimage\"},\"thumbnailUrl\":\"https:\\\/\\\/mmkriepas.lv\\\/wp-content\\\/uploads\\\/2025\\\/03\\\/22545r17-aplus-a610-94y-xl-vasaras-riepas.jpg\",\"datePublished\":\"2025-03-03T14:49:35+00:00\",\"dateModified\":\"2026-04-13T21:45:16+00:00\",\"breadcrumb\":{\"@id\":\"https:\\\/\\\/mmkriepas.lv\\\/en\\\/p\\\/225-45r17-aplus-a610-94y-xl\\\/#breadcrumb\"},\"inLanguage\":\"en-US\",\"potentialAction\":[{\"@type\":\"ReadAction\",\"target\":[\"https:\\\/\\\/mmkriepas.lv\\\/en\\\/p\\\/225-45r17-aplus-a610-94y-xl\\\/\"]}]},{\"@type\":\"ImageObject\",\"inLanguage\":\"en-US\",\"@id\":\"https:\\\/\\\/mmkriepas.lv\\\/en\\\/p\\\/225-45r17-aplus-a610-94y-xl\\\/#primaryimage\",\"url\":\"https:\\\/\\\/mmkriepas.lv\\\/wp-content\\\/uploads\\\/2025\\\/03\\\/22545r17-aplus-a610-94y-xl-vasaras-riepas.jpg\",\"contentUrl\":\"https:\\\/\\\/mmkriepas.lv\\\/wp-content\\\/uploads\\\/2025\\\/03\\\/22545r17-aplus-a610-94y-xl-vasaras-riepas.jpg\",\"width\":1920,\"height\":1440,\"caption\":\"225\\\/45R17 Aplus A610 94Y XL - Vasaras riepas\"},{\"@type\":\"BreadcrumbList\",\"@id\":\"https:\\\/\\\/mmkriepas.lv\\\/en\\\/p\\\/225-45r17-aplus-a610-94y-xl\\\/#breadcrumb\",\"itemListElement\":[{\"@type\":\"ListItem\",\"position\":1,\"name\":\"S\u0101kums\",\"item\":\"https:\\\/\\\/mmkriepas.lv\\\/en\\\/\"},{\"@type\":\"ListItem\",\"position\":2,\"name\":\"225\\\/45R17 Aplus A610 94Y XL\"}]},{\"@type\":\"WebSite\",\"@id\":\"https:\\\/\\\/mmkriepas.lv\\\/en\\\/#website\",\"url\":\"https:\\\/\\\/mmkriepas.lv\\\/en\\\/\",\"name\":\"MMK Riepas\",\"description\":\"MMK Riepas\",\"alternateName\":\"MMK Riepu Serviss\",\"potentialAction\":[{\"@type\":\"SearchAction\",\"target\":{\"@type\":\"EntryPoint\",\"urlTemplate\":\"https:\\\/\\\/mmkriepas.lv\\\/en\\\/?s={search_term_string}\"},\"query-input\":{\"@type\":\"PropertyValueSpecification\",\"valueRequired\":true,\"valueName\":\"search_term_string\"}}],\"inLanguage\":\"en-US\"},{\"@type\":\"ImageObject\",\"inLanguage\":\"en-US\",\"@id\":\"https:\\\/\\\/mmkriepas.lv\\\/en\\\/p\\\/225-45r17-aplus-a610-94y-xl\\\/#local-main-organization-logo\",\"url\":\"\",\"contentUrl\":\"\",\"caption\":\"MMK Riepas\"}]}<\/script>\n<meta property=\"product:brand\" content=\"Aplus A610\" \/>\n<meta property=\"product:price:amount\" content=\"49.00\" \/>\n<meta property=\"product:price:currency\" content=\"EUR\" \/>\n<meta property=\"og:availability\" content=\"instock\" \/>\n<meta property=\"product:availability\" content=\"instock\" \/>\n<meta property=\"product:retailer_item_id\" content=\"TS2254517APLUS-45523\" \/>\n<meta property=\"product:condition\" content=\"new\" \/>\n<!-- \/ Yoast SEO Premium plugin. -->","yoast_head_json":{"title":"225\/45R17 Aplus A610 94Y XL &#8226; MMK Riepas","robots":{"index":"index","follow":"follow","max-snippet":"max-snippet:-1","max-image-preview":"max-image-preview:large","max-video-preview":"max-video-preview:-1"},"canonical":"https:\/\/mmkriepas.lv\/en\/p\/225-45r17-aplus-a610-94y-xl\/","og_locale":"en_US","og_type":"article","og_title":"225\/45R17 Aplus A610 94Y XL","og_description":"Aplus A610 ir augstas veiktsp\u0113jas (UHP) vasaras riepa, kas rad\u012bta, lai pied\u0101v\u0101tu stabilu vad\u0101m\u012bbu un dro\u0161\u012bbu par ekonomiski izdev\u012bgu cenu. \u0160is modelis ir \u012bpa\u0161i piem\u0113rots vid\u0113j\u0101s klases automa\u0161\u012bn\u0101m, nodro\u0161inot labu sa\u0137eri uz sausa un slapja asfalta, k\u0101 ar\u012b m\u016bsdien\u012bgu, sportisku izskatu.","og_url":"https:\/\/mmkriepas.lv\/en\/p\/225-45r17-aplus-a610-94y-xl\/","og_site_name":"MMK Riepas","article_publisher":"https:\/\/www.facebook.com\/mmkserviss\/","article_modified_time":"2026-04-13T21:45:16+00:00","og_image":[{"width":1920,"height":1440,"url":"https:\/\/mmkriepas.lv\/wp-content\/uploads\/2025\/03\/22545r17-aplus-a610-94y-xl-vasaras-riepas.jpg","type":"image\/jpeg"}],"twitter_card":"summary_large_image","twitter_misc":{"Price":"&euro;49.00","Availability":"In stock"},"schema":{"@context":"https:\/\/schema.org","@graph":[{"@type":"WebPage","@id":"https:\/\/mmkriepas.lv\/en\/p\/225-45r17-aplus-a610-94y-xl\/","url":"https:\/\/mmkriepas.lv\/en\/p\/225-45r17-aplus-a610-94y-xl\/","name":"225\/45R17 Aplus A610 94Y XL &#8226; MMK Riepas","isPartOf":{"@id":"https:\/\/mmkriepas.lv\/en\/#website"},"primaryImageOfPage":{"@id":"https:\/\/mmkriepas.lv\/en\/p\/225-45r17-aplus-a610-94y-xl\/#primaryimage"},"image":{"@id":"https:\/\/mmkriepas.lv\/en\/p\/225-45r17-aplus-a610-94y-xl\/#primaryimage"},"thumbnailUrl":"https:\/\/mmkriepas.lv\/wp-content\/uploads\/2025\/03\/22545r17-aplus-a610-94y-xl-vasaras-riepas.jpg","datePublished":"2025-03-03T14:49:35+00:00","dateModified":"2026-04-13T21:45:16+00:00","breadcrumb":{"@id":"https:\/\/mmkriepas.lv\/en\/p\/225-45r17-aplus-a610-94y-xl\/#breadcrumb"},"inLanguage":"en-US","potentialAction":[{"@type":"ReadAction","target":["https:\/\/mmkriepas.lv\/en\/p\/225-45r17-aplus-a610-94y-xl\/"]}]},{"@type":"ImageObject","inLanguage":"en-US","@id":"https:\/\/mmkriepas.lv\/en\/p\/225-45r17-aplus-a610-94y-xl\/#primaryimage","url":"https:\/\/mmkriepas.lv\/wp-content\/uploads\/2025\/03\/22545r17-aplus-a610-94y-xl-vasaras-riepas.jpg","contentUrl":"https:\/\/mmkriepas.lv\/wp-content\/uploads\/2025\/03\/22545r17-aplus-a610-94y-xl-vasaras-riepas.jpg","width":1920,"height":1440,"caption":"225\/45R17 Aplus A610 94Y XL - Vasaras riepas"},{"@type":"BreadcrumbList","@id":"https:\/\/mmkriepas.lv\/en\/p\/225-45r17-aplus-a610-94y-xl\/#breadcrumb","itemListElement":[{"@type":"ListItem","position":1,"name":"S\u0101kums","item":"https:\/\/mmkriepas.lv\/en\/"},{"@type":"ListItem","position":2,"name":"225\/45R17 Aplus A610 94Y XL"}]},{"@type":"WebSite","@id":"https:\/\/mmkriepas.lv\/en\/#website","url":"https:\/\/mmkriepas.lv\/en\/","name":"MMK Riepas","description":"MMK Riepas","alternateName":"MMK Riepu Serviss","potentialAction":[{"@type":"SearchAction","target":{"@type":"EntryPoint","urlTemplate":"https:\/\/mmkriepas.lv\/en\/?s={search_term_string}"},"query-input":{"@type":"PropertyValueSpecification","valueRequired":true,"valueName":"search_term_string"}}],"inLanguage":"en-US"},{"@type":"ImageObject","inLanguage":"en-US","@id":"https:\/\/mmkriepas.lv\/en\/p\/225-45r17-aplus-a610-94y-xl\/#local-main-organization-logo","url":"","contentUrl":"","caption":"MMK Riepas"}]},"product_brand":"Aplus A610","product_price_amount":"49.00","product_price_currency":"EUR","og_availability":"instock","product_availability":"instock","product_retailer_item_id":"TS2254517APLUS-45523","product_condition":"new"},"_links":{"self":[{"href":"https:\/\/mmkriepas.lv\/en\/wp-json\/wp\/v2\/product\/1188135","targetHints":{"allow":["GET"]}}],"collection":[{"href":"https:\/\/mmkriepas.lv\/en\/wp-json\/wp\/v2\/product"}],"about":[{"href":"https:\/\/mmkriepas.lv\/en\/wp-json\/wp\/v2\/types\/product"}],"wp:featuredmedia":[{"embeddable":true,"href":"https:\/\/mmkriepas.lv\/en\/wp-json\/wp\/v2\/media\/1189399"}],"wp:attachment":[{"href":"https:\/\/mmkriepas.lv\/en\/wp-json\/wp\/v2\/media?parent=1188135"}],"wp:term":[{"taxonomy":"product_brand","embeddable":true,"href":"https:\/\/mmkriepas.lv\/en\/wp-json\/wp\/v2\/product_brand?post=1188135"},{"taxonomy":"product_cat","embeddable":true,"href":"https:\/\/mmkriepas.lv\/en\/wp-json\/wp\/v2\/product_cat?post=1188135"},{"taxonomy":"product_tag","embeddable":true,"href":"https:\/\/mmkriepas.lv\/en\/wp-json\/wp\/v2\/product_tag?post=1188135"}],"curies":[{"name":"wp","href":"https:\/\/api.w.org\/{rel}","templated":true}]}}