{"id":1188117,"date":"2025-03-03T16:49:07","date_gmt":"2025-03-03T14:49:07","guid":{"rendered":"https:\/\/mmkriepas.lv\/?post_type=product&#038;p=1188117"},"modified":"2026-04-01T21:37:09","modified_gmt":"2026-04-01T18:37:09","slug":"205-60r16-royal-black-royal-mile-92v-2","status":"publish","type":"product","link":"https:\/\/mmkriepas.lv\/en\/p\/205-60r16-royal-black-royal-mile-92v-2\/","title":{"rendered":"205\/60R16 Royal Black Royal Mile 92V"},"content":{"rendered":"<p><strong>Royal Black Royal Mile<\/strong> &#8211;\u00a0 vasaras riepu modelis, kas izce\u013cas ar teicamu sa\u0137eri gan uz sausa, gan ar\u012b slapja asfalta. Riepas pieejamas pla\u0161\u0101 izm\u0113ru kl\u0101st\u0101 un piem\u0113rotas kompaktklases, vid\u0113j\u0101 izm\u0113ra un pat nelieliem apvidus auto.\u00a0<\/p>\n<h3>Royal Black Royal Mile galven\u0101s \u012bpa\u0161\u012bbas<\/h3>\n<p>+ Augstas sa\u0137eres \u012bpa\u0161\u012bbas gan uz sausa, gan slapja asfalta. + Zems degvielas pat\u0113ri\u0146s. + Akustiskais komforts. + Augsts cenas un veiktsp\u0113jas koeficents.<\/p>\n<h3>Royal Mile apr\u012bkojums<\/h3>\n<p><strong>Royal Black Royal Mile <\/strong>vasaras riepas apr\u012bkotas ar vasaras riep\u0101m rakstur\u012bgu asimetrisko protektora rakstu. Starp t\u0101 gareniskaj\u0101m protektora josl\u0101m izveidoti plati \u016bdens novadkan\u0101li. Tie at\u013cauj saglab\u0101t stabilit\u0101ti un pal\u012bdz samazin\u0101t akvaplan\u0113\u0161anas risku pat lielos brauk\u0161anas \u0101trumos.<\/p>\n<p style=\"margin: 12.0pt 0cm 12.0pt 0cm;\">Riepu konstrukcijai izv\u0113l\u0113ta viegla un iztur\u012bga kostrukcija, kas iet\u0113rpta nodilumiztur\u012bg\u0101 gumijas sakaus\u0113jum\u0101. Tam pievienotie mikroelementi \u013cauj riepai saglab\u0101t formu un elast\u012bbu, k\u0101 ar\u012b pal\u012bdz veidot sa\u0137eri ar sausu un slapju asfalta virsmu.<\/p>\n","protected":false},"excerpt":{"rendered":"<p><strong>Royal Black Royal Mile<\/strong> &#8211;\u00a0 vasaras riepu modelis, kas izce\u013cas ar teicamu sa\u0137eri gan uz sausa, gan ar\u012b slapja asfalta. Riepas pieejamas pla\u0161\u0101 izm\u0113ru kl\u0101st\u0101 un piem\u0113rotas kompaktklases, vid\u0113j\u0101 izm\u0113ra un pat nelieliem apvidus auto.\u00a0<\/p>\n","protected":false},"featured_media":224359,"template":"","meta":{"_acf_changed":false,"ngg_post_thumbnail":0},"product_brand":[],"product_cat":[46],"product_tag":[],"class_list":{"0":"post-1188117","1":"product","2":"type-product","3":"status-publish","4":"has-post-thumbnail","6":"product_cat-vasaras-riepas","8":"first","9":"outofstock","10":"sale","11":"taxable","12":"shipping-taxable","13":"product-type-simple"},"acf":[],"yoast_head":"<!-- This site is optimized with the Yoast SEO Premium plugin v22.6 (Yoast SEO v27.3) - https:\/\/yoast.com\/product\/yoast-seo-premium-wordpress\/ -->\n<title>205\/60R16 Royal Black Royal Mile 92V &#8226; MMK Riepas<\/title>\n<meta name=\"robots\" content=\"index, follow, max-snippet:-1, max-image-preview:large, max-video-preview:-1\" \/>\n<link rel=\"canonical\" href=\"https:\/\/mmkriepas.lv\/en\/p\/205-60r16-royal-black-royal-mile-92v-2\/\" \/>\n<meta property=\"og:locale\" content=\"en_US\" \/>\n<meta property=\"og:type\" content=\"article\" \/>\n<meta property=\"og:title\" content=\"205\/60R16 Royal Black Royal Mile 92V\" \/>\n<meta property=\"og:description\" content=\"Royal Black Royal Mile -\u00a0 vasaras riepu modelis, kas izce\u013cas ar teicamu sa\u0137eri gan uz sausa, gan ar\u012b slapja asfalta. Riepas pieejamas pla\u0161\u0101 izm\u0113ru kl\u0101st\u0101 un piem\u0113rotas kompaktklases, vid\u0113j\u0101 izm\u0113ra un pat nelieliem apvidus auto.\u00a0\" \/>\n<meta property=\"og:url\" content=\"https:\/\/mmkriepas.lv\/en\/p\/205-60r16-royal-black-royal-mile-92v-2\/\" \/>\n<meta property=\"og:site_name\" content=\"MMK Riepas\" \/>\n<meta property=\"article:publisher\" content=\"https:\/\/www.facebook.com\/mmkserviss\/\" \/>\n<meta property=\"article:modified_time\" content=\"2026-04-01T18:37:09+00:00\" \/>\n<meta property=\"og:image\" content=\"https:\/\/mmkriepas.lv\/wp-content\/uploads\/2022\/03\/17570r14-royalblack-royalmile-84h.jpg\" \/>\n\t<meta property=\"og:image:width\" content=\"1920\" \/>\n\t<meta property=\"og:image:height\" content=\"1278\" \/>\n\t<meta property=\"og:image:type\" content=\"image\/jpeg\" \/>\n<meta name=\"twitter:card\" content=\"summary_large_image\" \/>\n<meta name=\"twitter:label1\" content=\"Price\" \/>\n\t<meta name=\"twitter:data1\" content=\"&euro;39.00\" \/>\n\t<meta name=\"twitter:label2\" content=\"Availability\" \/>\n\t<meta name=\"twitter:data2\" content=\"Out of stock\" \/>\n<script type=\"application\/ld+json\" class=\"yoast-schema-graph\">{\"@context\":\"https:\\\/\\\/schema.org\",\"@graph\":[{\"@type\":\"WebPage\",\"@id\":\"https:\\\/\\\/mmkriepas.lv\\\/en\\\/p\\\/205-60r16-royal-black-royal-mile-92v-2\\\/\",\"url\":\"https:\\\/\\\/mmkriepas.lv\\\/en\\\/p\\\/205-60r16-royal-black-royal-mile-92v-2\\\/\",\"name\":\"205\\\/60R16 Royal Black Royal Mile 92V &#8226; MMK Riepas\",\"isPartOf\":{\"@id\":\"https:\\\/\\\/mmkriepas.lv\\\/en\\\/#website\"},\"primaryImageOfPage\":{\"@id\":\"https:\\\/\\\/mmkriepas.lv\\\/en\\\/p\\\/205-60r16-royal-black-royal-mile-92v-2\\\/#primaryimage\"},\"image\":{\"@id\":\"https:\\\/\\\/mmkriepas.lv\\\/en\\\/p\\\/205-60r16-royal-black-royal-mile-92v-2\\\/#primaryimage\"},\"thumbnailUrl\":\"https:\\\/\\\/mmkriepas.lv\\\/wp-content\\\/uploads\\\/2022\\\/03\\\/17570r14-royalblack-royalmile-84h.jpg\",\"datePublished\":\"2025-03-03T14:49:07+00:00\",\"dateModified\":\"2026-04-01T18:37:09+00:00\",\"breadcrumb\":{\"@id\":\"https:\\\/\\\/mmkriepas.lv\\\/en\\\/p\\\/205-60r16-royal-black-royal-mile-92v-2\\\/#breadcrumb\"},\"inLanguage\":\"en-US\",\"potentialAction\":[{\"@type\":\"ReadAction\",\"target\":[\"https:\\\/\\\/mmkriepas.lv\\\/en\\\/p\\\/205-60r16-royal-black-royal-mile-92v-2\\\/\"]}]},{\"@type\":\"ImageObject\",\"inLanguage\":\"en-US\",\"@id\":\"https:\\\/\\\/mmkriepas.lv\\\/en\\\/p\\\/205-60r16-royal-black-royal-mile-92v-2\\\/#primaryimage\",\"url\":\"https:\\\/\\\/mmkriepas.lv\\\/wp-content\\\/uploads\\\/2022\\\/03\\\/17570r14-royalblack-royalmile-84h.jpg\",\"contentUrl\":\"https:\\\/\\\/mmkriepas.lv\\\/wp-content\\\/uploads\\\/2022\\\/03\\\/17570r14-royalblack-royalmile-84h.jpg\",\"width\":1920,\"height\":1278,\"caption\":\"royal black royal mile vasaras riepas\"},{\"@type\":\"BreadcrumbList\",\"@id\":\"https:\\\/\\\/mmkriepas.lv\\\/en\\\/p\\\/205-60r16-royal-black-royal-mile-92v-2\\\/#breadcrumb\",\"itemListElement\":[{\"@type\":\"ListItem\",\"position\":1,\"name\":\"S\u0101kums\",\"item\":\"https:\\\/\\\/mmkriepas.lv\\\/en\\\/\"},{\"@type\":\"ListItem\",\"position\":2,\"name\":\"205\\\/60R16 Royal Black Royal Mile 92V\"}]},{\"@type\":\"WebSite\",\"@id\":\"https:\\\/\\\/mmkriepas.lv\\\/en\\\/#website\",\"url\":\"https:\\\/\\\/mmkriepas.lv\\\/en\\\/\",\"name\":\"MMK Riepas\",\"description\":\"MMK Riepas\",\"alternateName\":\"MMK Riepu Serviss\",\"potentialAction\":[{\"@type\":\"SearchAction\",\"target\":{\"@type\":\"EntryPoint\",\"urlTemplate\":\"https:\\\/\\\/mmkriepas.lv\\\/en\\\/?s={search_term_string}\"},\"query-input\":{\"@type\":\"PropertyValueSpecification\",\"valueRequired\":true,\"valueName\":\"search_term_string\"}}],\"inLanguage\":\"en-US\"},{\"@type\":\"ImageObject\",\"inLanguage\":\"en-US\",\"@id\":\"https:\\\/\\\/mmkriepas.lv\\\/en\\\/p\\\/205-60r16-royal-black-royal-mile-92v-2\\\/#local-main-organization-logo\",\"url\":\"\",\"contentUrl\":\"\",\"caption\":\"MMK Riepas\"}]}<\/script>\n<meta property=\"product:brand\" content=\"Royal Black Royal Mile\" \/>\n<meta property=\"product:price:amount\" content=\"39.00\" \/>\n<meta property=\"product:price:currency\" content=\"EUR\" \/>\n<meta property=\"og:availability\" content=\"out of stock\" \/>\n<meta property=\"product:availability\" content=\"out of stock\" \/>\n<meta property=\"product:retailer_item_id\" content=\"TS2056016ROYAL-45518\" \/>\n<meta property=\"product:condition\" content=\"new\" \/>\n<!-- \/ Yoast SEO Premium plugin. -->","yoast_head_json":{"title":"205\/60R16 Royal Black Royal Mile 92V &#8226; MMK Riepas","robots":{"index":"index","follow":"follow","max-snippet":"max-snippet:-1","max-image-preview":"max-image-preview:large","max-video-preview":"max-video-preview:-1"},"canonical":"https:\/\/mmkriepas.lv\/en\/p\/205-60r16-royal-black-royal-mile-92v-2\/","og_locale":"en_US","og_type":"article","og_title":"205\/60R16 Royal Black Royal Mile 92V","og_description":"Royal Black Royal Mile -\u00a0 vasaras riepu modelis, kas izce\u013cas ar teicamu sa\u0137eri gan uz sausa, gan ar\u012b slapja asfalta. Riepas pieejamas pla\u0161\u0101 izm\u0113ru kl\u0101st\u0101 un piem\u0113rotas kompaktklases, vid\u0113j\u0101 izm\u0113ra un pat nelieliem apvidus auto.\u00a0","og_url":"https:\/\/mmkriepas.lv\/en\/p\/205-60r16-royal-black-royal-mile-92v-2\/","og_site_name":"MMK Riepas","article_publisher":"https:\/\/www.facebook.com\/mmkserviss\/","article_modified_time":"2026-04-01T18:37:09+00:00","og_image":[{"width":1920,"height":1278,"url":"https:\/\/mmkriepas.lv\/wp-content\/uploads\/2022\/03\/17570r14-royalblack-royalmile-84h.jpg","type":"image\/jpeg"}],"twitter_card":"summary_large_image","twitter_misc":{"Price":"&euro;39.00","Availability":"Out of stock"},"schema":{"@context":"https:\/\/schema.org","@graph":[{"@type":"WebPage","@id":"https:\/\/mmkriepas.lv\/en\/p\/205-60r16-royal-black-royal-mile-92v-2\/","url":"https:\/\/mmkriepas.lv\/en\/p\/205-60r16-royal-black-royal-mile-92v-2\/","name":"205\/60R16 Royal Black Royal Mile 92V &#8226; MMK Riepas","isPartOf":{"@id":"https:\/\/mmkriepas.lv\/en\/#website"},"primaryImageOfPage":{"@id":"https:\/\/mmkriepas.lv\/en\/p\/205-60r16-royal-black-royal-mile-92v-2\/#primaryimage"},"image":{"@id":"https:\/\/mmkriepas.lv\/en\/p\/205-60r16-royal-black-royal-mile-92v-2\/#primaryimage"},"thumbnailUrl":"https:\/\/mmkriepas.lv\/wp-content\/uploads\/2022\/03\/17570r14-royalblack-royalmile-84h.jpg","datePublished":"2025-03-03T14:49:07+00:00","dateModified":"2026-04-01T18:37:09+00:00","breadcrumb":{"@id":"https:\/\/mmkriepas.lv\/en\/p\/205-60r16-royal-black-royal-mile-92v-2\/#breadcrumb"},"inLanguage":"en-US","potentialAction":[{"@type":"ReadAction","target":["https:\/\/mmkriepas.lv\/en\/p\/205-60r16-royal-black-royal-mile-92v-2\/"]}]},{"@type":"ImageObject","inLanguage":"en-US","@id":"https:\/\/mmkriepas.lv\/en\/p\/205-60r16-royal-black-royal-mile-92v-2\/#primaryimage","url":"https:\/\/mmkriepas.lv\/wp-content\/uploads\/2022\/03\/17570r14-royalblack-royalmile-84h.jpg","contentUrl":"https:\/\/mmkriepas.lv\/wp-content\/uploads\/2022\/03\/17570r14-royalblack-royalmile-84h.jpg","width":1920,"height":1278,"caption":"royal black royal mile vasaras riepas"},{"@type":"BreadcrumbList","@id":"https:\/\/mmkriepas.lv\/en\/p\/205-60r16-royal-black-royal-mile-92v-2\/#breadcrumb","itemListElement":[{"@type":"ListItem","position":1,"name":"S\u0101kums","item":"https:\/\/mmkriepas.lv\/en\/"},{"@type":"ListItem","position":2,"name":"205\/60R16 Royal Black Royal Mile 92V"}]},{"@type":"WebSite","@id":"https:\/\/mmkriepas.lv\/en\/#website","url":"https:\/\/mmkriepas.lv\/en\/","name":"MMK Riepas","description":"MMK Riepas","alternateName":"MMK Riepu Serviss","potentialAction":[{"@type":"SearchAction","target":{"@type":"EntryPoint","urlTemplate":"https:\/\/mmkriepas.lv\/en\/?s={search_term_string}"},"query-input":{"@type":"PropertyValueSpecification","valueRequired":true,"valueName":"search_term_string"}}],"inLanguage":"en-US"},{"@type":"ImageObject","inLanguage":"en-US","@id":"https:\/\/mmkriepas.lv\/en\/p\/205-60r16-royal-black-royal-mile-92v-2\/#local-main-organization-logo","url":"","contentUrl":"","caption":"MMK Riepas"}]},"product_brand":"Royal Black Royal Mile","product_price_amount":"39.00","product_price_currency":"EUR","og_availability":"out of stock","product_availability":"out of stock","product_retailer_item_id":"TS2056016ROYAL-45518","product_condition":"new"},"_links":{"self":[{"href":"https:\/\/mmkriepas.lv\/en\/wp-json\/wp\/v2\/product\/1188117","targetHints":{"allow":["GET"]}}],"collection":[{"href":"https:\/\/mmkriepas.lv\/en\/wp-json\/wp\/v2\/product"}],"about":[{"href":"https:\/\/mmkriepas.lv\/en\/wp-json\/wp\/v2\/types\/product"}],"wp:featuredmedia":[{"embeddable":true,"href":"https:\/\/mmkriepas.lv\/en\/wp-json\/wp\/v2\/media\/224359"}],"wp:attachment":[{"href":"https:\/\/mmkriepas.lv\/en\/wp-json\/wp\/v2\/media?parent=1188117"}],"wp:term":[{"taxonomy":"product_brand","embeddable":true,"href":"https:\/\/mmkriepas.lv\/en\/wp-json\/wp\/v2\/product_brand?post=1188117"},{"taxonomy":"product_cat","embeddable":true,"href":"https:\/\/mmkriepas.lv\/en\/wp-json\/wp\/v2\/product_cat?post=1188117"},{"taxonomy":"product_tag","embeddable":true,"href":"https:\/\/mmkriepas.lv\/en\/wp-json\/wp\/v2\/product_tag?post=1188117"}],"curies":[{"name":"wp","href":"https:\/\/api.w.org\/{rel}","templated":true}]}}