{"id":1186303,"date":"2025-02-27T20:34:12","date_gmt":"2025-02-27T18:34:12","guid":{"rendered":"https:\/\/mmkriepas.lv\/?post_type=product&#038;p=1186303"},"modified":"2025-05-30T10:26:38","modified_gmt":"2025-05-30T07:26:38","slug":"295-35r18-yokohama-advan-sport-v103s-99y-n1-dot","status":"publish","type":"product","link":"https:\/\/mmkriepas.lv\/en\/p\/295-35r18-yokohama-advan-sport-v103s-99y-n1-dot\/","title":{"rendered":"295\/35R18 Yokohama ADVAN Sport V103S 99Y N1 RPB DOT22"},"content":{"rendered":"<p class=\"western\"><span style=\"font-family: Arial, sans-serif;\"><b><span>Yokohama ADVAN Sport V103<\/span><\/b><span> ir izcilas kvalit\u0101tes, Jap\u0101\u0146u Premium klases vasaras riepu modelis. \u0160is riepu modelis pieder ADVAN Sport s\u0113rijai, kas noz\u012bm\u0113, ka tas izce\u013cas ar izciliem sa\u0137eres un manevr\u0113tsp\u0113jas r\u0101d\u012bt\u0101jiem pat lielos brauk\u0161anas \u0101trumos. Tas pieejams pla\u0161\u0101 izm\u0113ru kl\u0101st\u0101 no R16 l\u012bdz pat R21 un ir piem\u0113rots sportiska tipa vieglaj\u0101m un apvidus automa\u0161\u012bn\u0101m jeb SUV. Turkl\u0101t, \u0161is riepu modelis tiek ra\u017eots ar\u012b nestandarta izm\u0113ros t\u016bn\u0113tiem auto, k\u0101 ar\u012b, tas iek\u013cauts daudzu Premium klases auto r\u016bpn\u012bcas standartkomplekt\u0101cij\u0101s un pieejams ar homolg\u0101cij\u0101m.<\/span><\/span><\/p>\n<h3 class=\"western\"><span style=\"font-family: Arial, sans-serif;\"><span>Yokohama ADVAN Sport V103 galven\u0101s \u012bpa\u0161\u012bbas<\/span><\/span><\/h3>\n<p class=\"western\"><span style=\"font-family: Arial, sans-serif;\"><span>+ Izcila sa\u0137ere un manevr\u0113tsp\u0113ja pat dinamiskos brauk\u0161anas apst\u0101k\u013cos.<br \/>+ Yokohama vado\u0161\u0101s ADVAN tehnoilo\u0123ijas.<br \/>+ Degvielas ekonomija!<br \/>+ \u013boti zems akvaplan\u0113\u0161anas risks ar\u012b liel\u0101 brauk\u0161anas \u0101trum\u0101.<br \/>+ Izteikts akustiskais un brauk\u0161anas gaitas komforts.<br \/>+ \u0160o riepu modeli savu auto standartkomplekt\u0101cij\u0101 iek\u013cauj t\u0101di premium auto ra\u017eot\u0101ji k\u0101 Audi un Mercedes.<br \/>+ UHP jeb augstas veiktsp\u0113jas vasaraz riepas ar \u0101truma indeksu l\u012bdz 300km\/h.<\/span><\/span><\/p>\n<h3 class=\"western\"><span style=\"font-family: Arial, sans-serif;\"><span>ADVAN Sport V103 apr\u012bkojums<\/span><\/span><\/h3>\n<p class=\"western\"><span style=\"font-family: Arial, sans-serif;\"><span>Yokohama ADVAN Sport V103 UHP jeb augstas veiktsp\u0113jas vasaras riepas apr\u012bkotas ar sportisku asimetrisko protektora rakstu. Dizains papildin\u0101ts ar vado\u0161aj\u0101m ADVAN tehnolo\u0123ij\u0101m un riepas izg\u0101ju\u0161as ne tikai standarta riepu testus, bet augstas slodzes test\u0113\u0161anu autosport\u0101, kur tas uzst\u0101d\u012bts sporta automa\u0161\u012bn\u0101m.<\/span><\/span><\/p>\n<p class=\"western\"><span style=\"font-family: Arial, sans-serif;\"><span>Protektors darin\u0101ts no augst\u0101k\u0101s kvalit\u0101tes gumijas sakaus\u0113juma. Tas, neskatoties uz t\u0101diem faktoriem k\u0101 temperat\u016bra, uzr\u0101da izcilus sa\u0137eres un nodilumiztur\u012bbas r\u0101d\u012bt\u0101jus.<\/span><\/span><\/p>\n<p class=\"western\"><span style=\"font-family: Arial, sans-serif;\"><span>Protektora pamatn\u0113 atrodams ar \u012bpa\u0161i viegliem sint\u0113tiskajiem materi\u0101liem pastiprin\u0101ts karkass. Tas samazina rites pretest\u012bbu, uzlabojot sa\u0137eri uz sausa asfalta un b\u016btiski samazinot degvielas pat\u0113ri\u0146u.<\/span><\/span><\/p>\n","protected":false},"excerpt":{"rendered":"<p><span style=\"font-family: Arial, sans-serif;\"><b><span>Yokohama ADVAN Sport V103<\/span><\/b><span> ir izcilas kvalit\u0101tes, Jap\u0101\u0146u Premium klases vasaras riepu modelis. \u0160is riepu modelis pieder ADVAN Sport s\u0113rijai, kas noz\u012bm\u0113, ka tas izce\u013cas ar izciliem sa\u0137eres un manevr\u0113tsp\u0113jas r\u0101d\u012bt\u0101jiem pat lielos brauk\u0161anas \u0101trumos. Tas pieejams pla\u0161\u0101 izm\u0113ru kl\u0101st\u0101 no R16 l\u012bdz pat R21 un ir piem\u0113rots sportiska tipa vieglaj\u0101m un apvidus automa\u0161\u012bn\u0101m jeb SUV. Turkl\u0101t, \u0161is riepu modelis tiek ra\u017eots ar\u012b nestandarta izm\u0113ros t\u016bn\u0113tiem auto, k\u0101 ar\u012b, tas iek\u013cauts daudzu Premium klases auto r\u016bpn\u012bcas standartkomplekt\u0101cij\u0101s un pieejams ar homolg\u0101cij\u0101m.<\/span><\/span><\/p>\n","protected":false},"featured_media":900735,"template":"","meta":{"_acf_changed":false,"ngg_post_thumbnail":0},"product_brand":[],"product_cat":[46],"product_tag":[],"class_list":{"0":"post-1186303","1":"product","2":"type-product","3":"status-publish","4":"has-post-thumbnail","6":"product_cat-vasaras-riepas","8":"first","9":"instock","10":"sale","11":"taxable","12":"shipping-taxable","13":"product-type-simple"},"acf":[],"yoast_head":"<!-- This site is optimized with the Yoast SEO Premium plugin v22.6 (Yoast SEO v27.3) - https:\/\/yoast.com\/product\/yoast-seo-premium-wordpress\/ -->\n<title>295\/35R18 Yokohama ADVAN Sport V103S 99Y N1 RPB DOT22 &#8226; MMK Riepas<\/title>\n<meta name=\"robots\" content=\"index, follow, max-snippet:-1, max-image-preview:large, max-video-preview:-1\" \/>\n<link rel=\"canonical\" href=\"https:\/\/mmkriepas.lv\/en\/p\/295-35r18-yokohama-advan-sport-v103s-99y-n1-dot\/\" \/>\n<meta property=\"og:locale\" content=\"en_US\" \/>\n<meta property=\"og:type\" content=\"article\" \/>\n<meta property=\"og:title\" content=\"295\/35R18 Yokohama ADVAN Sport V103S 99Y N1 RPB DOT22\" \/>\n<meta property=\"og:description\" content=\"Yokohama ADVAN Sport V103 ir izcilas kvalit\u0101tes, Jap\u0101\u0146u Premium klases vasaras riepu modelis. \u0160is riepu modelis pieder ADVAN Sport s\u0113rijai, kas noz\u012bm\u0113, ka tas izce\u013cas ar izciliem sa\u0137eres un manevr\u0113tsp\u0113jas r\u0101d\u012bt\u0101jiem pat lielos brauk\u0161anas \u0101trumos. Tas pieejams pla\u0161\u0101 izm\u0113ru kl\u0101st\u0101 no R16 l\u012bdz pat R21 un ir piem\u0113rots sportiska tipa vieglaj\u0101m un apvidus automa\u0161\u012bn\u0101m jeb SUV. Turkl\u0101t, \u0161is riepu modelis tiek ra\u017eots ar\u012b nestandarta izm\u0113ros t\u016bn\u0113tiem auto, k\u0101 ar\u012b, tas iek\u013cauts daudzu Premium klases auto r\u016bpn\u012bcas standartkomplekt\u0101cij\u0101s un pieejams ar homolg\u0101cij\u0101m.\" \/>\n<meta property=\"og:url\" content=\"https:\/\/mmkriepas.lv\/en\/p\/295-35r18-yokohama-advan-sport-v103s-99y-n1-dot\/\" \/>\n<meta property=\"og:site_name\" content=\"MMK Riepas\" \/>\n<meta property=\"article:publisher\" content=\"https:\/\/www.facebook.com\/mmkserviss\/\" \/>\n<meta property=\"article:modified_time\" content=\"2025-05-30T07:26:38+00:00\" \/>\n<meta property=\"og:image\" content=\"https:\/\/mmkriepas.lv\/wp-content\/uploads\/2024\/05\/27545r20-yokohama-advan-sport-v103b-110y-xl-ao-rpb-vasaras-riepas.jpg\" \/>\n\t<meta property=\"og:image:width\" content=\"900\" \/>\n\t<meta property=\"og:image:height\" content=\"720\" \/>\n\t<meta property=\"og:image:type\" content=\"image\/jpeg\" \/>\n<meta name=\"twitter:card\" content=\"summary_large_image\" \/>\n<meta name=\"twitter:label1\" content=\"Price\" \/>\n\t<meta name=\"twitter:data1\" content=\"&euro;208.00\" \/>\n\t<meta name=\"twitter:label2\" content=\"Availability\" \/>\n\t<meta name=\"twitter:data2\" content=\"In stock\" \/>\n<script type=\"application\/ld+json\" class=\"yoast-schema-graph\">{\"@context\":\"https:\\\/\\\/schema.org\",\"@graph\":[{\"@type\":\"WebPage\",\"@id\":\"https:\\\/\\\/mmkriepas.lv\\\/en\\\/p\\\/295-35r18-yokohama-advan-sport-v103s-99y-n1-dot\\\/\",\"url\":\"https:\\\/\\\/mmkriepas.lv\\\/en\\\/p\\\/295-35r18-yokohama-advan-sport-v103s-99y-n1-dot\\\/\",\"name\":\"295\\\/35R18 Yokohama ADVAN Sport V103S 99Y N1 RPB DOT22 &#8226; MMK Riepas\",\"isPartOf\":{\"@id\":\"https:\\\/\\\/mmkriepas.lv\\\/en\\\/#website\"},\"primaryImageOfPage\":{\"@id\":\"https:\\\/\\\/mmkriepas.lv\\\/en\\\/p\\\/295-35r18-yokohama-advan-sport-v103s-99y-n1-dot\\\/#primaryimage\"},\"image\":{\"@id\":\"https:\\\/\\\/mmkriepas.lv\\\/en\\\/p\\\/295-35r18-yokohama-advan-sport-v103s-99y-n1-dot\\\/#primaryimage\"},\"thumbnailUrl\":\"https:\\\/\\\/mmkriepas.lv\\\/wp-content\\\/uploads\\\/2024\\\/05\\\/27545r20-yokohama-advan-sport-v103b-110y-xl-ao-rpb-vasaras-riepas.jpg\",\"datePublished\":\"2025-02-27T18:34:12+00:00\",\"dateModified\":\"2025-05-30T07:26:38+00:00\",\"breadcrumb\":{\"@id\":\"https:\\\/\\\/mmkriepas.lv\\\/en\\\/p\\\/295-35r18-yokohama-advan-sport-v103s-99y-n1-dot\\\/#breadcrumb\"},\"inLanguage\":\"en-US\",\"potentialAction\":[{\"@type\":\"ReadAction\",\"target\":[\"https:\\\/\\\/mmkriepas.lv\\\/en\\\/p\\\/295-35r18-yokohama-advan-sport-v103s-99y-n1-dot\\\/\"]}]},{\"@type\":\"ImageObject\",\"inLanguage\":\"en-US\",\"@id\":\"https:\\\/\\\/mmkriepas.lv\\\/en\\\/p\\\/295-35r18-yokohama-advan-sport-v103s-99y-n1-dot\\\/#primaryimage\",\"url\":\"https:\\\/\\\/mmkriepas.lv\\\/wp-content\\\/uploads\\\/2024\\\/05\\\/27545r20-yokohama-advan-sport-v103b-110y-xl-ao-rpb-vasaras-riepas.jpg\",\"contentUrl\":\"https:\\\/\\\/mmkriepas.lv\\\/wp-content\\\/uploads\\\/2024\\\/05\\\/27545r20-yokohama-advan-sport-v103b-110y-xl-ao-rpb-vasaras-riepas.jpg\",\"width\":900,\"height\":720,\"caption\":\"MAIN\"},{\"@type\":\"BreadcrumbList\",\"@id\":\"https:\\\/\\\/mmkriepas.lv\\\/en\\\/p\\\/295-35r18-yokohama-advan-sport-v103s-99y-n1-dot\\\/#breadcrumb\",\"itemListElement\":[{\"@type\":\"ListItem\",\"position\":1,\"name\":\"S\u0101kums\",\"item\":\"https:\\\/\\\/mmkriepas.lv\\\/en\\\/\"},{\"@type\":\"ListItem\",\"position\":2,\"name\":\"295\\\/35R18 Yokohama ADVAN Sport V103S 99Y N1 RPB DOT22\"}]},{\"@type\":\"WebSite\",\"@id\":\"https:\\\/\\\/mmkriepas.lv\\\/en\\\/#website\",\"url\":\"https:\\\/\\\/mmkriepas.lv\\\/en\\\/\",\"name\":\"MMK Riepas\",\"description\":\"MMK Riepas\",\"alternateName\":\"MMK Riepu Serviss\",\"potentialAction\":[{\"@type\":\"SearchAction\",\"target\":{\"@type\":\"EntryPoint\",\"urlTemplate\":\"https:\\\/\\\/mmkriepas.lv\\\/en\\\/?s={search_term_string}\"},\"query-input\":{\"@type\":\"PropertyValueSpecification\",\"valueRequired\":true,\"valueName\":\"search_term_string\"}}],\"inLanguage\":\"en-US\"},{\"@type\":\"ImageObject\",\"inLanguage\":\"en-US\",\"@id\":\"https:\\\/\\\/mmkriepas.lv\\\/en\\\/p\\\/295-35r18-yokohama-advan-sport-v103s-99y-n1-dot\\\/#local-main-organization-logo\",\"url\":\"\",\"contentUrl\":\"\",\"caption\":\"MMK Riepas\"}]}<\/script>\n<meta property=\"product:brand\" content=\"Yokohama ADVAN Sport V103\" \/>\n<meta property=\"product:price:amount\" content=\"208.00\" \/>\n<meta property=\"product:price:currency\" content=\"EUR\" \/>\n<meta property=\"og:availability\" content=\"instock\" \/>\n<meta property=\"product:availability\" content=\"instock\" \/>\n<meta property=\"product:retailer_item_id\" content=\"TS2953518YOKOH-L45432\" \/>\n<meta property=\"product:condition\" content=\"new\" \/>\n<!-- \/ Yoast SEO Premium plugin. -->","yoast_head_json":{"title":"295\/35R18 Yokohama ADVAN Sport V103S 99Y N1 RPB DOT22 &#8226; MMK Riepas","robots":{"index":"index","follow":"follow","max-snippet":"max-snippet:-1","max-image-preview":"max-image-preview:large","max-video-preview":"max-video-preview:-1"},"canonical":"https:\/\/mmkriepas.lv\/en\/p\/295-35r18-yokohama-advan-sport-v103s-99y-n1-dot\/","og_locale":"en_US","og_type":"article","og_title":"295\/35R18 Yokohama ADVAN Sport V103S 99Y N1 RPB DOT22","og_description":"Yokohama ADVAN Sport V103 ir izcilas kvalit\u0101tes, Jap\u0101\u0146u Premium klases vasaras riepu modelis. \u0160is riepu modelis pieder ADVAN Sport s\u0113rijai, kas noz\u012bm\u0113, ka tas izce\u013cas ar izciliem sa\u0137eres un manevr\u0113tsp\u0113jas r\u0101d\u012bt\u0101jiem pat lielos brauk\u0161anas \u0101trumos. Tas pieejams pla\u0161\u0101 izm\u0113ru kl\u0101st\u0101 no R16 l\u012bdz pat R21 un ir piem\u0113rots sportiska tipa vieglaj\u0101m un apvidus automa\u0161\u012bn\u0101m jeb SUV. Turkl\u0101t, \u0161is riepu modelis tiek ra\u017eots ar\u012b nestandarta izm\u0113ros t\u016bn\u0113tiem auto, k\u0101 ar\u012b, tas iek\u013cauts daudzu Premium klases auto r\u016bpn\u012bcas standartkomplekt\u0101cij\u0101s un pieejams ar homolg\u0101cij\u0101m.","og_url":"https:\/\/mmkriepas.lv\/en\/p\/295-35r18-yokohama-advan-sport-v103s-99y-n1-dot\/","og_site_name":"MMK Riepas","article_publisher":"https:\/\/www.facebook.com\/mmkserviss\/","article_modified_time":"2025-05-30T07:26:38+00:00","og_image":[{"width":900,"height":720,"url":"https:\/\/mmkriepas.lv\/wp-content\/uploads\/2024\/05\/27545r20-yokohama-advan-sport-v103b-110y-xl-ao-rpb-vasaras-riepas.jpg","type":"image\/jpeg"}],"twitter_card":"summary_large_image","twitter_misc":{"Price":"&euro;208.00","Availability":"In stock"},"schema":{"@context":"https:\/\/schema.org","@graph":[{"@type":"WebPage","@id":"https:\/\/mmkriepas.lv\/en\/p\/295-35r18-yokohama-advan-sport-v103s-99y-n1-dot\/","url":"https:\/\/mmkriepas.lv\/en\/p\/295-35r18-yokohama-advan-sport-v103s-99y-n1-dot\/","name":"295\/35R18 Yokohama ADVAN Sport V103S 99Y N1 RPB DOT22 &#8226; MMK Riepas","isPartOf":{"@id":"https:\/\/mmkriepas.lv\/en\/#website"},"primaryImageOfPage":{"@id":"https:\/\/mmkriepas.lv\/en\/p\/295-35r18-yokohama-advan-sport-v103s-99y-n1-dot\/#primaryimage"},"image":{"@id":"https:\/\/mmkriepas.lv\/en\/p\/295-35r18-yokohama-advan-sport-v103s-99y-n1-dot\/#primaryimage"},"thumbnailUrl":"https:\/\/mmkriepas.lv\/wp-content\/uploads\/2024\/05\/27545r20-yokohama-advan-sport-v103b-110y-xl-ao-rpb-vasaras-riepas.jpg","datePublished":"2025-02-27T18:34:12+00:00","dateModified":"2025-05-30T07:26:38+00:00","breadcrumb":{"@id":"https:\/\/mmkriepas.lv\/en\/p\/295-35r18-yokohama-advan-sport-v103s-99y-n1-dot\/#breadcrumb"},"inLanguage":"en-US","potentialAction":[{"@type":"ReadAction","target":["https:\/\/mmkriepas.lv\/en\/p\/295-35r18-yokohama-advan-sport-v103s-99y-n1-dot\/"]}]},{"@type":"ImageObject","inLanguage":"en-US","@id":"https:\/\/mmkriepas.lv\/en\/p\/295-35r18-yokohama-advan-sport-v103s-99y-n1-dot\/#primaryimage","url":"https:\/\/mmkriepas.lv\/wp-content\/uploads\/2024\/05\/27545r20-yokohama-advan-sport-v103b-110y-xl-ao-rpb-vasaras-riepas.jpg","contentUrl":"https:\/\/mmkriepas.lv\/wp-content\/uploads\/2024\/05\/27545r20-yokohama-advan-sport-v103b-110y-xl-ao-rpb-vasaras-riepas.jpg","width":900,"height":720,"caption":"MAIN"},{"@type":"BreadcrumbList","@id":"https:\/\/mmkriepas.lv\/en\/p\/295-35r18-yokohama-advan-sport-v103s-99y-n1-dot\/#breadcrumb","itemListElement":[{"@type":"ListItem","position":1,"name":"S\u0101kums","item":"https:\/\/mmkriepas.lv\/en\/"},{"@type":"ListItem","position":2,"name":"295\/35R18 Yokohama ADVAN Sport V103S 99Y N1 RPB DOT22"}]},{"@type":"WebSite","@id":"https:\/\/mmkriepas.lv\/en\/#website","url":"https:\/\/mmkriepas.lv\/en\/","name":"MMK Riepas","description":"MMK Riepas","alternateName":"MMK Riepu Serviss","potentialAction":[{"@type":"SearchAction","target":{"@type":"EntryPoint","urlTemplate":"https:\/\/mmkriepas.lv\/en\/?s={search_term_string}"},"query-input":{"@type":"PropertyValueSpecification","valueRequired":true,"valueName":"search_term_string"}}],"inLanguage":"en-US"},{"@type":"ImageObject","inLanguage":"en-US","@id":"https:\/\/mmkriepas.lv\/en\/p\/295-35r18-yokohama-advan-sport-v103s-99y-n1-dot\/#local-main-organization-logo","url":"","contentUrl":"","caption":"MMK Riepas"}]},"product_brand":"Yokohama ADVAN Sport V103","product_price_amount":"208.00","product_price_currency":"EUR","og_availability":"instock","product_availability":"instock","product_retailer_item_id":"TS2953518YOKOH-L45432","product_condition":"new"},"_links":{"self":[{"href":"https:\/\/mmkriepas.lv\/en\/wp-json\/wp\/v2\/product\/1186303","targetHints":{"allow":["GET"]}}],"collection":[{"href":"https:\/\/mmkriepas.lv\/en\/wp-json\/wp\/v2\/product"}],"about":[{"href":"https:\/\/mmkriepas.lv\/en\/wp-json\/wp\/v2\/types\/product"}],"wp:featuredmedia":[{"embeddable":true,"href":"https:\/\/mmkriepas.lv\/en\/wp-json\/wp\/v2\/media\/900735"}],"wp:attachment":[{"href":"https:\/\/mmkriepas.lv\/en\/wp-json\/wp\/v2\/media?parent=1186303"}],"wp:term":[{"taxonomy":"product_brand","embeddable":true,"href":"https:\/\/mmkriepas.lv\/en\/wp-json\/wp\/v2\/product_brand?post=1186303"},{"taxonomy":"product_cat","embeddable":true,"href":"https:\/\/mmkriepas.lv\/en\/wp-json\/wp\/v2\/product_cat?post=1186303"},{"taxonomy":"product_tag","embeddable":true,"href":"https:\/\/mmkriepas.lv\/en\/wp-json\/wp\/v2\/product_tag?post=1186303"}],"curies":[{"name":"wp","href":"https:\/\/api.w.org\/{rel}","templated":true}]}}