{"id":11842,"date":"2018-03-15T11:20:59","date_gmt":"2018-03-15T09:20:59","guid":{"rendered":"https:\/\/mmkserviss.lv\/?post_type=product&#038;p=11842"},"modified":"2025-07-11T14:38:19","modified_gmt":"2025-07-11T11:38:19","slug":"22550r17-kormoran-uhp-98v","status":"publish","type":"product","link":"https:\/\/mmkriepas.lv\/en\/p\/22550r17-kormoran-uhp-98v\/","title":{"rendered":"225\/50R17 Kormoran UHP 98V XL FR (Michelin)"},"content":{"rendered":"<p><strong>Kormoran<\/strong> <strong>UHP<\/strong> ir <em>Michelin grupas augstas kvalit\u0101tes vasaras riepas. <\/em>Asimetrisks protektora raksts &#8211; uzlaboti veiktsp\u0113jas r\u0101d\u012bt\u0101ji. Uzlabota nodiluma iztur\u012bba. Palielin\u0101ts protektora dzi\u013cums un uzlabota protektora bloku iztur\u012bba. Augsta veiktsp\u0113ja uz slapj\u0101m un saus\u0101m ce\u013ca virsm\u0101m. Riepas dizain\u0113tas lai saglab\u0101tu komfortablu saj\u016btu ar\u012b pie dinamiskas brauk\u0161anas.<\/p>\n<p><strong>UHP \u012bpa\u0161\u012bbas:<\/strong><\/p>\n<p>+ Ultra High Performance jeb augstas veiktsp\u0113jas vasaras riepa;<\/p>\n<p>+ \u0160is riepu modelis paredz\u0113ts dinamiskai brauk\u0161anai;<\/p>\n<p>+ Palielin\u0101ta riepas nodilumiztur\u012bba;<\/p>\n<p>+ Uzlabots riepas gumijas sast\u0101vs;<\/p>\n<p>+ Degvielas ekonomija;<\/p>\n<p>+ Palielin\u0101ts akustiskais komfors.<\/p>\n<h3><strong>UHP<\/strong> apr\u012bkojums<\/h3>\n<p><strong>Kormoran UHP<\/strong> asimetrisk\u0101 z\u012bm\u0113juma galven\u0101 priek\u0161roc\u012bba ir t\u0101 sp\u0113ja saglab\u0101t lielisku veiktsp\u0113ju gan sausos, gan mitros brauk\u0161anas apst\u0101k\u013cos. Pateicoties 4 pla\u0161iem dren\u0101\u017eas kan\u0101liem un viscaur savienojo\u0161iem starpkan\u0101liem, \u0161\u012bs riepas \u013coti veiksm\u012bgi novada \u016bdeni no kontaktvirsmas.<\/p>\n<p>Protektora s\u0101nu bloki garant\u0113 \u0101tru riepas piel\u0101go\u0161anos kust\u012bbai. Pla\u0161a centr\u0101l\u0101 sa\u0137eres zona nodro\u0161ina transportl\u012bdzek\u013ca vad\u0101m\u012bbu liel\u0101 \u0101trum\u0101, bet izl\u012bdzin\u0101tais protektora profils <strong>paaugstina stabilit\u0101ti<\/strong> uz ce\u013ca un pal\u012bdz vad\u012bt\u0101jam lieliski izjust ce\u013ca segumu.<\/p>\n<p>Protektora gumijas mais\u012bjums, kura sast\u0101v\u0101 tradicion\u0101li ietilpst kvarcs, paaugstina riepas elast\u012bbu un t\u0101s iztur\u012bbu pret nodilumu. Bez tam, t\u0101 <strong>uzlabo sa\u0137eri ar slapju, slidenu asfaltu<\/strong>.<\/p>\n<p><span style=\"color: #ff0000;\"><strong>Uzman\u012bbu:<\/strong>\u00a0Uz vasaras riepu s\u0101nu bortiem var b\u016bt apz\u012bm\u0113jums M+S. \u0160is apz\u012bm\u0113jums nenoz\u012bm\u0113, ka t\u0101s ir M+S riepas. T\u0101s\u00a0<strong>nav paredz\u0113ts ekspluat\u0113t Latvijas ziemas <\/strong><\/span><\/p>\n","protected":false},"excerpt":{"rendered":"<p><strong>Kormoran<\/strong> <strong>UHP<\/strong> ir <em>Michelin grupas augstas kvalit\u0101tes vasaras riepas. <\/em>Asimetrisks protektora raksts &#8211; uzlaboti veiktsp\u0113jas r\u0101d\u012bt\u0101ji. Uzlabota nodiluma iztur\u012bba. Palielin\u0101ts protektora dzi\u013cums un uzlabota protektora bloku iztur\u012bba. Augsta veiktsp\u0113ja uz slapj\u0101m un saus\u0101m ce\u013ca virsm\u0101m. Riepas dizain\u0113tas lai saglab\u0101tu komfortablu saj\u016btu ar\u012b pie dinamiskas brauk\u0161anas.<\/p>\n","protected":false},"featured_media":862516,"template":"","meta":{"_acf_changed":false,"ngg_post_thumbnail":0},"product_brand":[],"product_cat":[46],"product_tag":[],"class_list":{"0":"post-11842","1":"product","2":"type-product","3":"status-publish","4":"has-post-thumbnail","6":"product_cat-vasaras-riepas","8":"first","9":"outofstock","10":"taxable","11":"shipping-taxable","12":"product-type-simple"},"acf":[],"yoast_head":"<!-- This site is optimized with the Yoast SEO Premium plugin v22.6 (Yoast SEO v27.3) - https:\/\/yoast.com\/product\/yoast-seo-premium-wordpress\/ -->\n<title>225\/50R17 Kormoran UHP 98V XL FR (Michelin) &#8226; MMK Riepas<\/title>\n<meta name=\"robots\" content=\"index, follow, max-snippet:-1, max-image-preview:large, max-video-preview:-1\" \/>\n<link rel=\"canonical\" href=\"https:\/\/mmkriepas.lv\/en\/p\/22550r17-kormoran-uhp-98v\/\" \/>\n<meta property=\"og:locale\" content=\"en_US\" \/>\n<meta property=\"og:type\" content=\"article\" \/>\n<meta property=\"og:title\" content=\"225\/50R17 Kormoran UHP 98V XL FR (Michelin)\" \/>\n<meta property=\"og:description\" content=\"Kormoran UHP ir Michelin grupas augstas kvalit\u0101tes vasaras riepas. Asimetrisks protektora raksts - uzlaboti veiktsp\u0113jas r\u0101d\u012bt\u0101ji. Uzlabota nodiluma iztur\u012bba. Palielin\u0101ts protektora dzi\u013cums un uzlabota protektora bloku iztur\u012bba. Augsta veiktsp\u0113ja uz slapj\u0101m un saus\u0101m ce\u013ca virsm\u0101m. Riepas dizain\u0113tas lai saglab\u0101tu komfortablu saj\u016btu ar\u012b pie dinamiskas brauk\u0161anas.\" \/>\n<meta property=\"og:url\" content=\"https:\/\/mmkriepas.lv\/en\/p\/22550r17-kormoran-uhp-98v\/\" \/>\n<meta property=\"og:site_name\" content=\"MMK Riepas\" \/>\n<meta property=\"article:publisher\" content=\"https:\/\/www.facebook.com\/mmkserviss\/\" \/>\n<meta property=\"article:modified_time\" content=\"2025-07-11T11:38:19+00:00\" \/>\n<meta property=\"og:image\" content=\"https:\/\/mmkriepas.lv\/wp-content\/uploads\/2024\/02\/20550r17-kormoran-uhp-93v-xl-fr-michelin-vasaras-riepas.jpg\" \/>\n\t<meta property=\"og:image:width\" content=\"1920\" \/>\n\t<meta property=\"og:image:height\" content=\"1440\" \/>\n\t<meta property=\"og:image:type\" content=\"image\/jpeg\" \/>\n<meta name=\"twitter:card\" content=\"summary_large_image\" \/>\n<meta name=\"twitter:label1\" content=\"Price\" \/>\n\t<meta name=\"twitter:data1\" content=\"&euro;0.00\" \/>\n\t<meta name=\"twitter:label2\" content=\"Availability\" \/>\n\t<meta name=\"twitter:data2\" content=\"Out of stock\" \/>\n<script type=\"application\/ld+json\" class=\"yoast-schema-graph\">{\"@context\":\"https:\\\/\\\/schema.org\",\"@graph\":[{\"@type\":\"WebPage\",\"@id\":\"https:\\\/\\\/mmkriepas.lv\\\/en\\\/p\\\/22550r17-kormoran-uhp-98v\\\/\",\"url\":\"https:\\\/\\\/mmkriepas.lv\\\/en\\\/p\\\/22550r17-kormoran-uhp-98v\\\/\",\"name\":\"225\\\/50R17 Kormoran UHP 98V XL FR (Michelin) &#8226; MMK Riepas\",\"isPartOf\":{\"@id\":\"https:\\\/\\\/mmkriepas.lv\\\/en\\\/#website\"},\"primaryImageOfPage\":{\"@id\":\"https:\\\/\\\/mmkriepas.lv\\\/en\\\/p\\\/22550r17-kormoran-uhp-98v\\\/#primaryimage\"},\"image\":{\"@id\":\"https:\\\/\\\/mmkriepas.lv\\\/en\\\/p\\\/22550r17-kormoran-uhp-98v\\\/#primaryimage\"},\"thumbnailUrl\":\"https:\\\/\\\/mmkriepas.lv\\\/wp-content\\\/uploads\\\/2024\\\/02\\\/20550r17-kormoran-uhp-93v-xl-fr-michelin-vasaras-riepas.jpg\",\"datePublished\":\"2018-03-15T09:20:59+00:00\",\"dateModified\":\"2025-07-11T11:38:19+00:00\",\"breadcrumb\":{\"@id\":\"https:\\\/\\\/mmkriepas.lv\\\/en\\\/p\\\/22550r17-kormoran-uhp-98v\\\/#breadcrumb\"},\"inLanguage\":\"en-US\",\"potentialAction\":[{\"@type\":\"ReadAction\",\"target\":[\"https:\\\/\\\/mmkriepas.lv\\\/en\\\/p\\\/22550r17-kormoran-uhp-98v\\\/\"]}]},{\"@type\":\"ImageObject\",\"inLanguage\":\"en-US\",\"@id\":\"https:\\\/\\\/mmkriepas.lv\\\/en\\\/p\\\/22550r17-kormoran-uhp-98v\\\/#primaryimage\",\"url\":\"https:\\\/\\\/mmkriepas.lv\\\/wp-content\\\/uploads\\\/2024\\\/02\\\/20550r17-kormoran-uhp-93v-xl-fr-michelin-vasaras-riepas.jpg\",\"contentUrl\":\"https:\\\/\\\/mmkriepas.lv\\\/wp-content\\\/uploads\\\/2024\\\/02\\\/20550r17-kormoran-uhp-93v-xl-fr-michelin-vasaras-riepas.jpg\",\"width\":1920,\"height\":1440,\"caption\":\"MAIN\"},{\"@type\":\"BreadcrumbList\",\"@id\":\"https:\\\/\\\/mmkriepas.lv\\\/en\\\/p\\\/22550r17-kormoran-uhp-98v\\\/#breadcrumb\",\"itemListElement\":[{\"@type\":\"ListItem\",\"position\":1,\"name\":\"S\u0101kums\",\"item\":\"https:\\\/\\\/mmkriepas.lv\\\/en\\\/\"},{\"@type\":\"ListItem\",\"position\":2,\"name\":\"225\\\/50R17 Kormoran UHP 98V XL FR (Michelin)\"}]},{\"@type\":\"WebSite\",\"@id\":\"https:\\\/\\\/mmkriepas.lv\\\/en\\\/#website\",\"url\":\"https:\\\/\\\/mmkriepas.lv\\\/en\\\/\",\"name\":\"MMK Riepas\",\"description\":\"MMK Riepas\",\"alternateName\":\"MMK Riepu Serviss\",\"potentialAction\":[{\"@type\":\"SearchAction\",\"target\":{\"@type\":\"EntryPoint\",\"urlTemplate\":\"https:\\\/\\\/mmkriepas.lv\\\/en\\\/?s={search_term_string}\"},\"query-input\":{\"@type\":\"PropertyValueSpecification\",\"valueRequired\":true,\"valueName\":\"search_term_string\"}}],\"inLanguage\":\"en-US\"},{\"@type\":\"ImageObject\",\"inLanguage\":\"en-US\",\"@id\":\"https:\\\/\\\/mmkriepas.lv\\\/en\\\/p\\\/22550r17-kormoran-uhp-98v\\\/#local-main-organization-logo\",\"url\":\"\",\"contentUrl\":\"\",\"caption\":\"MMK Riepas\"}]}<\/script>\n<meta property=\"product:brand\" content=\"Kormoran UHP\" \/>\n<meta property=\"product:price:amount\" content=\"0.00\" \/>\n<meta property=\"product:price:currency\" content=\"EUR\" \/>\n<meta property=\"og:availability\" content=\"out of stock\" \/>\n<meta property=\"product:availability\" content=\"out of stock\" \/>\n<meta property=\"product:retailer_item_id\" content=\"TS2255017KORMO-477\" \/>\n<meta property=\"product:condition\" content=\"new\" \/>\n<!-- \/ Yoast SEO Premium plugin. -->","yoast_head_json":{"title":"225\/50R17 Kormoran UHP 98V XL FR (Michelin) &#8226; MMK Riepas","robots":{"index":"index","follow":"follow","max-snippet":"max-snippet:-1","max-image-preview":"max-image-preview:large","max-video-preview":"max-video-preview:-1"},"canonical":"https:\/\/mmkriepas.lv\/en\/p\/22550r17-kormoran-uhp-98v\/","og_locale":"en_US","og_type":"article","og_title":"225\/50R17 Kormoran UHP 98V XL FR (Michelin)","og_description":"Kormoran UHP ir Michelin grupas augstas kvalit\u0101tes vasaras riepas. Asimetrisks protektora raksts - uzlaboti veiktsp\u0113jas r\u0101d\u012bt\u0101ji. Uzlabota nodiluma iztur\u012bba. Palielin\u0101ts protektora dzi\u013cums un uzlabota protektora bloku iztur\u012bba. Augsta veiktsp\u0113ja uz slapj\u0101m un saus\u0101m ce\u013ca virsm\u0101m. Riepas dizain\u0113tas lai saglab\u0101tu komfortablu saj\u016btu ar\u012b pie dinamiskas brauk\u0161anas.","og_url":"https:\/\/mmkriepas.lv\/en\/p\/22550r17-kormoran-uhp-98v\/","og_site_name":"MMK Riepas","article_publisher":"https:\/\/www.facebook.com\/mmkserviss\/","article_modified_time":"2025-07-11T11:38:19+00:00","og_image":[{"width":1920,"height":1440,"url":"https:\/\/mmkriepas.lv\/wp-content\/uploads\/2024\/02\/20550r17-kormoran-uhp-93v-xl-fr-michelin-vasaras-riepas.jpg","type":"image\/jpeg"}],"twitter_card":"summary_large_image","twitter_misc":{"Price":"&euro;0.00","Availability":"Out of stock"},"schema":{"@context":"https:\/\/schema.org","@graph":[{"@type":"WebPage","@id":"https:\/\/mmkriepas.lv\/en\/p\/22550r17-kormoran-uhp-98v\/","url":"https:\/\/mmkriepas.lv\/en\/p\/22550r17-kormoran-uhp-98v\/","name":"225\/50R17 Kormoran UHP 98V XL FR (Michelin) &#8226; MMK Riepas","isPartOf":{"@id":"https:\/\/mmkriepas.lv\/en\/#website"},"primaryImageOfPage":{"@id":"https:\/\/mmkriepas.lv\/en\/p\/22550r17-kormoran-uhp-98v\/#primaryimage"},"image":{"@id":"https:\/\/mmkriepas.lv\/en\/p\/22550r17-kormoran-uhp-98v\/#primaryimage"},"thumbnailUrl":"https:\/\/mmkriepas.lv\/wp-content\/uploads\/2024\/02\/20550r17-kormoran-uhp-93v-xl-fr-michelin-vasaras-riepas.jpg","datePublished":"2018-03-15T09:20:59+00:00","dateModified":"2025-07-11T11:38:19+00:00","breadcrumb":{"@id":"https:\/\/mmkriepas.lv\/en\/p\/22550r17-kormoran-uhp-98v\/#breadcrumb"},"inLanguage":"en-US","potentialAction":[{"@type":"ReadAction","target":["https:\/\/mmkriepas.lv\/en\/p\/22550r17-kormoran-uhp-98v\/"]}]},{"@type":"ImageObject","inLanguage":"en-US","@id":"https:\/\/mmkriepas.lv\/en\/p\/22550r17-kormoran-uhp-98v\/#primaryimage","url":"https:\/\/mmkriepas.lv\/wp-content\/uploads\/2024\/02\/20550r17-kormoran-uhp-93v-xl-fr-michelin-vasaras-riepas.jpg","contentUrl":"https:\/\/mmkriepas.lv\/wp-content\/uploads\/2024\/02\/20550r17-kormoran-uhp-93v-xl-fr-michelin-vasaras-riepas.jpg","width":1920,"height":1440,"caption":"MAIN"},{"@type":"BreadcrumbList","@id":"https:\/\/mmkriepas.lv\/en\/p\/22550r17-kormoran-uhp-98v\/#breadcrumb","itemListElement":[{"@type":"ListItem","position":1,"name":"S\u0101kums","item":"https:\/\/mmkriepas.lv\/en\/"},{"@type":"ListItem","position":2,"name":"225\/50R17 Kormoran UHP 98V XL FR (Michelin)"}]},{"@type":"WebSite","@id":"https:\/\/mmkriepas.lv\/en\/#website","url":"https:\/\/mmkriepas.lv\/en\/","name":"MMK Riepas","description":"MMK Riepas","alternateName":"MMK Riepu Serviss","potentialAction":[{"@type":"SearchAction","target":{"@type":"EntryPoint","urlTemplate":"https:\/\/mmkriepas.lv\/en\/?s={search_term_string}"},"query-input":{"@type":"PropertyValueSpecification","valueRequired":true,"valueName":"search_term_string"}}],"inLanguage":"en-US"},{"@type":"ImageObject","inLanguage":"en-US","@id":"https:\/\/mmkriepas.lv\/en\/p\/22550r17-kormoran-uhp-98v\/#local-main-organization-logo","url":"","contentUrl":"","caption":"MMK Riepas"}]},"product_brand":"Kormoran UHP","product_price_amount":"0.00","product_price_currency":"EUR","og_availability":"out of stock","product_availability":"out of stock","product_retailer_item_id":"TS2255017KORMO-477","product_condition":"new"},"_links":{"self":[{"href":"https:\/\/mmkriepas.lv\/en\/wp-json\/wp\/v2\/product\/11842","targetHints":{"allow":["GET"]}}],"collection":[{"href":"https:\/\/mmkriepas.lv\/en\/wp-json\/wp\/v2\/product"}],"about":[{"href":"https:\/\/mmkriepas.lv\/en\/wp-json\/wp\/v2\/types\/product"}],"wp:featuredmedia":[{"embeddable":true,"href":"https:\/\/mmkriepas.lv\/en\/wp-json\/wp\/v2\/media\/862516"}],"wp:attachment":[{"href":"https:\/\/mmkriepas.lv\/en\/wp-json\/wp\/v2\/media?parent=11842"}],"wp:term":[{"taxonomy":"product_brand","embeddable":true,"href":"https:\/\/mmkriepas.lv\/en\/wp-json\/wp\/v2\/product_brand?post=11842"},{"taxonomy":"product_cat","embeddable":true,"href":"https:\/\/mmkriepas.lv\/en\/wp-json\/wp\/v2\/product_cat?post=11842"},{"taxonomy":"product_tag","embeddable":true,"href":"https:\/\/mmkriepas.lv\/en\/wp-json\/wp\/v2\/product_tag?post=11842"}],"curies":[{"name":"wp","href":"https:\/\/api.w.org\/{rel}","templated":true}]}}