{"id":1183335,"date":"2025-02-19T15:13:47","date_gmt":"2025-02-19T13:13:47","guid":{"rendered":"https:\/\/mmkriepas.lv\/?post_type=product&#038;p=1183335"},"modified":"2026-03-27T14:28:40","modified_gmt":"2026-03-27T12:28:40","slug":"255-40r21-continental-ecocontact-6q-102y-xl","status":"publish","type":"product","link":"https:\/\/mmkriepas.lv\/en\/p\/255-40r21-continental-ecocontact-6q-102y-xl\/","title":{"rendered":"255\/40R21 Continental EcoContact 6Q 102Y XL (*) FR"},"content":{"rendered":"<p><span style=\"font-family: Arial, sans-serif;\"><b><span>Continental EcoContact 6Q<\/span><\/b><span> ir augst\u0101k\u0101s kvalit\u0101tes jeb Premium klases vasaras riepu modelis. Tas izce\u013cas ar izciliem sa\u0137eres, manevr\u0113tsp\u0113jas, nodilumiztur\u012bbas, degvielas ekonomijas un brauk\u0161anas komforta r\u0101d\u012bt\u0101jiem uz sausa un slapja asfalta pat lielos brauk\u0161anas \u0101trumos. At\u0161\u0137ir\u012bb\u0101 no parast\u0101 EcoContact 6, tas ir krietni klus\u0101ks (&#8220;Q&#8221; apz\u012bm\u0113 quiet jeb kluss), kas ir \u012bpa\u0161i aktu\u0101li elektroauto \u012bpa\u0161niekiem.<\/span><\/span><\/p>\n<p><span style=\"font-family: Arial, sans-serif;\"><span>Continental EcoContact 6Q tiek pied\u0101v\u0101ts vair\u0101k nek\u0101 simts da\u017e\u0101dos izm\u0113ros, diametram no 13 l\u012bdz 22 coll\u0101m. Protektora platuma izv\u0113le sv\u0101rst\u0101s no 145 l\u012bdz 315 milimetriem, un augstuma attiec\u012bba ir no 30 l\u012bdz 80%. Turkl\u0101t, maksim\u0101lai veiktsp\u0113jai, protektora dizains starp izm\u0113riem m\u0113dz at\u0161\u0137irties. Tas piem\u0113rots uzst\u0101d\u012b\u0161anai gan kompaktklases vieglajiem auto un pat piekab\u0113m, gan lielajiem apvidus auto jeb SUV. Iev\u0113rojama da\u013ca izm\u0113ru ir paredz\u0113ta darbam \u013coti augstos \u0101trumos &#8211; l\u012bdz pat 300 km\/h.<\/span><\/span><\/p>\n<h3 class=\"western\"><span style=\"font-family: Arial, sans-serif;\"><span>Continental EcoContact 6Q galven\u0101s \u012bpa\u0161\u012bbas<\/span><\/span><\/h3>\n<p><span style=\"font-family: Arial, sans-serif;\"><span>+ Izcila sa\u0137ere un manevr\u0113tsp\u0113ja uz sausa un slapja asfalta pat lielos brauk\u0161anas \u0101trumos.<br \/>+ Zems akvaplan\u0113\u0161anas risks.<br \/>+ Degvielas\/baterijas ekonomija!<br \/>+ Izteikts akustiskais un brauk\u0161anas gaitas komforts.<br \/>+ Vado\u0161\u0101s riepu giganta Continental tehnolo\u0123ijas!<\/span><\/span><\/p>\n<h3 class=\"western\"><span style=\"font-family: Arial, sans-serif;\"><span>EcoContact 6Q apr\u012bkojums<\/span><\/span><\/h3>\n<p><span style=\"font-family: Arial, sans-serif;\"><span>Continental EcoContact 6Q UHP jeb augstas veiktsp\u0113jas vasaras riepas apr\u012bkotas ar asimetrisko protektora rakstu, kura dizains main\u0101s, atkar\u012bb\u0101 no riepu izm\u0113ra! \u0160\u0101ds risin\u0101jums, tand\u0113m\u0101 ar asimetrisko protektora dizainu, nodro\u0161ina izcilas veiktsp\u0113jas un komforta \u012bpa\u0161\u012bbas uz sausa un slapja asfalta ar\u012b lielos brauk\u0161anas \u0101trumos.<\/span><\/span><\/p>\n<p><span style=\"font-family: Arial, sans-serif;\"><span>Riepas darin\u0101tas no augstas kvalit\u0101tes gumijas kompoz\u012btmateri\u0101la, kas veidots p\u0113c Continental GreenChilli 2.0 tehnolo\u0123ijas. Galven\u0101 gumijas mais\u012bjuma \u012bpa\u0161\u012bba ir jaunu polim\u0113ru savienojumu izmanto\u0161ana, kas iev\u0113rojami stiprina molekul\u0101r\u0101s saites starp citiem gumijas mais\u012bjuma komponentiem. K\u0101 rezult\u0101t\u0101, protaktora elementi maz\u0101k deform\u0113jas, kad uz tiem iedarbojas t\u0101di \u0101r\u0113jie faktori k\u0101 kar\u0161ana un centrif\u016bgas sp\u0113ks. \u0160ie polim\u0113ri samazina siltuma rad\u012b\u0161anos un l\u012bdz ar to ar\u012b degvielas pat\u0113ri\u0146u, k\u0101 ar\u012b \u013cauj protaktoram efekt\u012bv\u0101k pretoties nodilumam.<\/span><\/span><\/p>\n<p><span style=\"font-family: Arial, sans-serif;\"><span>Atkar\u012bb\u0101 no izm\u0113ra, riepa tiek pied\u0101v\u0101ta ar da\u017e\u0101du protaktora rakstu dizainu. Centr\u0101laj\u0101 da\u013c\u0101 tas var ietvert no tr\u012bs l\u012bdz pieciem garajiem elementiem. \u0160ie elementi ir vienm\u0113r\u012bgi un lieli, kas kop\u0101 ar to b\u016btiski palielina iztur\u012bbu pret deform\u0101cij\u0101m. Tas nov\u0113r\u0161 neregul\u0101ru nodilumu, k\u0101 ar\u012b palielina vad\u0101m\u012bbas precizit\u0101ti. \u0160\u012bs \u012bpa\u0161\u012bbas pastiprin\u0101s, palielinoties protaktora platumam, kas \u013cauj piel\u0101got riepu pieaugo\u0161ai slodzei.<\/span><\/span><\/p>\n","protected":false},"excerpt":{"rendered":"<p><span style=\"font-family: Arial, sans-serif;\"><b><span>Continental EcoContact 6Q<\/span><\/b><span> ir augst\u0101k\u0101s kvalit\u0101tes jeb Premium klases vasaras riepu modelis. Tas izce\u013cas ar izciliem sa\u0137eres, manevr\u0113tsp\u0113jas, nodilumiztur\u012bbas, degvielas ekonomijas un brauk\u0161anas komforta r\u0101d\u012bt\u0101jiem uz sausa un slapja asfalta pat lielos brauk\u0161anas \u0101trumos. At\u0161\u0137ir\u012bb\u0101 no parast\u0101 EcoContact 6, tas ir krietni klus\u0101ks (&#8220;Q&#8221; apz\u012bm\u0113 quiet jeb kluss), kas ir \u012bpa\u0161i aktu\u0101li elektroauto \u012bpa\u0161niekiem.<\/span><\/span><\/p>\n","protected":false},"featured_media":871101,"template":"","meta":{"_acf_changed":false,"ngg_post_thumbnail":0},"product_brand":[],"product_cat":[46],"product_tag":[],"class_list":{"0":"post-1183335","1":"product","2":"type-product","3":"status-publish","4":"has-post-thumbnail","6":"product_cat-vasaras-riepas","8":"first","9":"instock","10":"sale","11":"taxable","12":"shipping-taxable","13":"purchasable","14":"product-type-simple"},"acf":[],"yoast_head":"<!-- This site is optimized with the Yoast SEO Premium plugin v22.6 (Yoast SEO v27.3) - https:\/\/yoast.com\/product\/yoast-seo-premium-wordpress\/ -->\n<title>255\/40R21 Continental EcoContact 6Q 102Y XL (*) FR &#8226; MMK Riepas<\/title>\n<meta name=\"robots\" content=\"index, follow, max-snippet:-1, max-image-preview:large, max-video-preview:-1\" \/>\n<link rel=\"canonical\" href=\"https:\/\/mmkriepas.lv\/en\/p\/255-40r21-continental-ecocontact-6q-102y-xl\/\" \/>\n<meta property=\"og:locale\" content=\"en_US\" \/>\n<meta property=\"og:type\" content=\"article\" \/>\n<meta property=\"og:title\" content=\"255\/40R21 Continental EcoContact 6Q 102Y XL (*) FR\" \/>\n<meta property=\"og:description\" content=\"Continental EcoContact 6Q ir augst\u0101k\u0101s kvalit\u0101tes jeb Premium klases vasaras riepu modelis. Tas izce\u013cas ar izciliem sa\u0137eres, manevr\u0113tsp\u0113jas, nodilumiztur\u012bbas, degvielas ekonomijas un brauk\u0161anas komforta r\u0101d\u012bt\u0101jiem uz sausa un slapja asfalta pat lielos brauk\u0161anas \u0101trumos. At\u0161\u0137ir\u012bb\u0101 no parast\u0101 EcoContact 6, tas ir krietni klus\u0101ks (&quot;Q&quot; apz\u012bm\u0113 quiet jeb kluss), kas ir \u012bpa\u0161i aktu\u0101li elektroauto \u012bpa\u0161niekiem.\" \/>\n<meta property=\"og:url\" content=\"https:\/\/mmkriepas.lv\/en\/p\/255-40r21-continental-ecocontact-6q-102y-xl\/\" \/>\n<meta property=\"og:site_name\" content=\"MMK Riepas\" \/>\n<meta property=\"article:publisher\" content=\"https:\/\/www.facebook.com\/mmkserviss\/\" \/>\n<meta property=\"article:modified_time\" content=\"2026-03-27T12:28:40+00:00\" \/>\n<meta property=\"og:image\" content=\"https:\/\/mmkriepas.lv\/wp-content\/uploads\/2024\/03\/28530r21-continental-ecocontact-6q-103y-xl-vasaras-riepas.jpg\" \/>\n\t<meta property=\"og:image:width\" content=\"1000\" \/>\n\t<meta property=\"og:image:height\" content=\"750\" \/>\n\t<meta property=\"og:image:type\" content=\"image\/jpeg\" \/>\n<meta name=\"twitter:card\" content=\"summary_large_image\" \/>\n<meta name=\"twitter:label1\" content=\"Price\" \/>\n\t<meta name=\"twitter:data1\" content=\"&euro;317.00\" \/>\n\t<meta name=\"twitter:label2\" content=\"Availability\" \/>\n\t<meta name=\"twitter:data2\" content=\"In stock\" \/>\n<script type=\"application\/ld+json\" class=\"yoast-schema-graph\">{\"@context\":\"https:\\\/\\\/schema.org\",\"@graph\":[{\"@type\":\"WebPage\",\"@id\":\"https:\\\/\\\/mmkriepas.lv\\\/en\\\/p\\\/255-40r21-continental-ecocontact-6q-102y-xl\\\/\",\"url\":\"https:\\\/\\\/mmkriepas.lv\\\/en\\\/p\\\/255-40r21-continental-ecocontact-6q-102y-xl\\\/\",\"name\":\"255\\\/40R21 Continental EcoContact 6Q 102Y XL (*) FR &#8226; MMK Riepas\",\"isPartOf\":{\"@id\":\"https:\\\/\\\/mmkriepas.lv\\\/en\\\/#website\"},\"primaryImageOfPage\":{\"@id\":\"https:\\\/\\\/mmkriepas.lv\\\/en\\\/p\\\/255-40r21-continental-ecocontact-6q-102y-xl\\\/#primaryimage\"},\"image\":{\"@id\":\"https:\\\/\\\/mmkriepas.lv\\\/en\\\/p\\\/255-40r21-continental-ecocontact-6q-102y-xl\\\/#primaryimage\"},\"thumbnailUrl\":\"https:\\\/\\\/mmkriepas.lv\\\/wp-content\\\/uploads\\\/2024\\\/03\\\/28530r21-continental-ecocontact-6q-103y-xl-vasaras-riepas.jpg\",\"datePublished\":\"2025-02-19T13:13:47+00:00\",\"dateModified\":\"2026-03-27T12:28:40+00:00\",\"breadcrumb\":{\"@id\":\"https:\\\/\\\/mmkriepas.lv\\\/en\\\/p\\\/255-40r21-continental-ecocontact-6q-102y-xl\\\/#breadcrumb\"},\"inLanguage\":\"en-US\",\"potentialAction\":[{\"@type\":\"ReadAction\",\"target\":[\"https:\\\/\\\/mmkriepas.lv\\\/en\\\/p\\\/255-40r21-continental-ecocontact-6q-102y-xl\\\/\"]}]},{\"@type\":\"ImageObject\",\"inLanguage\":\"en-US\",\"@id\":\"https:\\\/\\\/mmkriepas.lv\\\/en\\\/p\\\/255-40r21-continental-ecocontact-6q-102y-xl\\\/#primaryimage\",\"url\":\"https:\\\/\\\/mmkriepas.lv\\\/wp-content\\\/uploads\\\/2024\\\/03\\\/28530r21-continental-ecocontact-6q-103y-xl-vasaras-riepas.jpg\",\"contentUrl\":\"https:\\\/\\\/mmkriepas.lv\\\/wp-content\\\/uploads\\\/2024\\\/03\\\/28530r21-continental-ecocontact-6q-103y-xl-vasaras-riepas.jpg\",\"width\":1000,\"height\":750,\"caption\":\"MMK Continental EcoContact 6Q MAIN\"},{\"@type\":\"BreadcrumbList\",\"@id\":\"https:\\\/\\\/mmkriepas.lv\\\/en\\\/p\\\/255-40r21-continental-ecocontact-6q-102y-xl\\\/#breadcrumb\",\"itemListElement\":[{\"@type\":\"ListItem\",\"position\":1,\"name\":\"S\u0101kums\",\"item\":\"https:\\\/\\\/mmkriepas.lv\\\/en\\\/\"},{\"@type\":\"ListItem\",\"position\":2,\"name\":\"255\\\/40R21 Continental EcoContact 6Q 102Y XL (*) FR\"}]},{\"@type\":\"WebSite\",\"@id\":\"https:\\\/\\\/mmkriepas.lv\\\/en\\\/#website\",\"url\":\"https:\\\/\\\/mmkriepas.lv\\\/en\\\/\",\"name\":\"MMK Riepas\",\"description\":\"MMK Riepas\",\"alternateName\":\"MMK Riepu Serviss\",\"potentialAction\":[{\"@type\":\"SearchAction\",\"target\":{\"@type\":\"EntryPoint\",\"urlTemplate\":\"https:\\\/\\\/mmkriepas.lv\\\/en\\\/?s={search_term_string}\"},\"query-input\":{\"@type\":\"PropertyValueSpecification\",\"valueRequired\":true,\"valueName\":\"search_term_string\"}}],\"inLanguage\":\"en-US\"},{\"@type\":\"ImageObject\",\"inLanguage\":\"en-US\",\"@id\":\"https:\\\/\\\/mmkriepas.lv\\\/en\\\/p\\\/255-40r21-continental-ecocontact-6q-102y-xl\\\/#local-main-organization-logo\",\"url\":\"\",\"contentUrl\":\"\",\"caption\":\"MMK Riepas\"}]}<\/script>\n<meta property=\"product:brand\" content=\"Continental EcoContact 6Q\" \/>\n<meta property=\"product:price:amount\" content=\"317.00\" \/>\n<meta property=\"product:price:currency\" content=\"EUR\" \/>\n<meta property=\"og:availability\" content=\"instock\" \/>\n<meta property=\"product:availability\" content=\"instock\" \/>\n<meta property=\"product:retailer_item_id\" content=\"TS2554021CONTI-L45088\" \/>\n<meta property=\"product:condition\" content=\"new\" \/>\n<!-- \/ Yoast SEO Premium plugin. -->","yoast_head_json":{"title":"255\/40R21 Continental EcoContact 6Q 102Y XL (*) FR &#8226; MMK Riepas","robots":{"index":"index","follow":"follow","max-snippet":"max-snippet:-1","max-image-preview":"max-image-preview:large","max-video-preview":"max-video-preview:-1"},"canonical":"https:\/\/mmkriepas.lv\/en\/p\/255-40r21-continental-ecocontact-6q-102y-xl\/","og_locale":"en_US","og_type":"article","og_title":"255\/40R21 Continental EcoContact 6Q 102Y XL (*) FR","og_description":"Continental EcoContact 6Q ir augst\u0101k\u0101s kvalit\u0101tes jeb Premium klases vasaras riepu modelis. Tas izce\u013cas ar izciliem sa\u0137eres, manevr\u0113tsp\u0113jas, nodilumiztur\u012bbas, degvielas ekonomijas un brauk\u0161anas komforta r\u0101d\u012bt\u0101jiem uz sausa un slapja asfalta pat lielos brauk\u0161anas \u0101trumos. At\u0161\u0137ir\u012bb\u0101 no parast\u0101 EcoContact 6, tas ir krietni klus\u0101ks (\"Q\" apz\u012bm\u0113 quiet jeb kluss), kas ir \u012bpa\u0161i aktu\u0101li elektroauto \u012bpa\u0161niekiem.","og_url":"https:\/\/mmkriepas.lv\/en\/p\/255-40r21-continental-ecocontact-6q-102y-xl\/","og_site_name":"MMK Riepas","article_publisher":"https:\/\/www.facebook.com\/mmkserviss\/","article_modified_time":"2026-03-27T12:28:40+00:00","og_image":[{"width":1000,"height":750,"url":"https:\/\/mmkriepas.lv\/wp-content\/uploads\/2024\/03\/28530r21-continental-ecocontact-6q-103y-xl-vasaras-riepas.jpg","type":"image\/jpeg"}],"twitter_card":"summary_large_image","twitter_misc":{"Price":"&euro;317.00","Availability":"In stock"},"schema":{"@context":"https:\/\/schema.org","@graph":[{"@type":"WebPage","@id":"https:\/\/mmkriepas.lv\/en\/p\/255-40r21-continental-ecocontact-6q-102y-xl\/","url":"https:\/\/mmkriepas.lv\/en\/p\/255-40r21-continental-ecocontact-6q-102y-xl\/","name":"255\/40R21 Continental EcoContact 6Q 102Y XL (*) FR &#8226; MMK Riepas","isPartOf":{"@id":"https:\/\/mmkriepas.lv\/en\/#website"},"primaryImageOfPage":{"@id":"https:\/\/mmkriepas.lv\/en\/p\/255-40r21-continental-ecocontact-6q-102y-xl\/#primaryimage"},"image":{"@id":"https:\/\/mmkriepas.lv\/en\/p\/255-40r21-continental-ecocontact-6q-102y-xl\/#primaryimage"},"thumbnailUrl":"https:\/\/mmkriepas.lv\/wp-content\/uploads\/2024\/03\/28530r21-continental-ecocontact-6q-103y-xl-vasaras-riepas.jpg","datePublished":"2025-02-19T13:13:47+00:00","dateModified":"2026-03-27T12:28:40+00:00","breadcrumb":{"@id":"https:\/\/mmkriepas.lv\/en\/p\/255-40r21-continental-ecocontact-6q-102y-xl\/#breadcrumb"},"inLanguage":"en-US","potentialAction":[{"@type":"ReadAction","target":["https:\/\/mmkriepas.lv\/en\/p\/255-40r21-continental-ecocontact-6q-102y-xl\/"]}]},{"@type":"ImageObject","inLanguage":"en-US","@id":"https:\/\/mmkriepas.lv\/en\/p\/255-40r21-continental-ecocontact-6q-102y-xl\/#primaryimage","url":"https:\/\/mmkriepas.lv\/wp-content\/uploads\/2024\/03\/28530r21-continental-ecocontact-6q-103y-xl-vasaras-riepas.jpg","contentUrl":"https:\/\/mmkriepas.lv\/wp-content\/uploads\/2024\/03\/28530r21-continental-ecocontact-6q-103y-xl-vasaras-riepas.jpg","width":1000,"height":750,"caption":"MMK Continental EcoContact 6Q MAIN"},{"@type":"BreadcrumbList","@id":"https:\/\/mmkriepas.lv\/en\/p\/255-40r21-continental-ecocontact-6q-102y-xl\/#breadcrumb","itemListElement":[{"@type":"ListItem","position":1,"name":"S\u0101kums","item":"https:\/\/mmkriepas.lv\/en\/"},{"@type":"ListItem","position":2,"name":"255\/40R21 Continental EcoContact 6Q 102Y XL (*) FR"}]},{"@type":"WebSite","@id":"https:\/\/mmkriepas.lv\/en\/#website","url":"https:\/\/mmkriepas.lv\/en\/","name":"MMK Riepas","description":"MMK Riepas","alternateName":"MMK Riepu Serviss","potentialAction":[{"@type":"SearchAction","target":{"@type":"EntryPoint","urlTemplate":"https:\/\/mmkriepas.lv\/en\/?s={search_term_string}"},"query-input":{"@type":"PropertyValueSpecification","valueRequired":true,"valueName":"search_term_string"}}],"inLanguage":"en-US"},{"@type":"ImageObject","inLanguage":"en-US","@id":"https:\/\/mmkriepas.lv\/en\/p\/255-40r21-continental-ecocontact-6q-102y-xl\/#local-main-organization-logo","url":"","contentUrl":"","caption":"MMK Riepas"}]},"product_brand":"Continental EcoContact 6Q","product_price_amount":"317.00","product_price_currency":"EUR","og_availability":"instock","product_availability":"instock","product_retailer_item_id":"TS2554021CONTI-L45088","product_condition":"new"},"_links":{"self":[{"href":"https:\/\/mmkriepas.lv\/en\/wp-json\/wp\/v2\/product\/1183335","targetHints":{"allow":["GET"]}}],"collection":[{"href":"https:\/\/mmkriepas.lv\/en\/wp-json\/wp\/v2\/product"}],"about":[{"href":"https:\/\/mmkriepas.lv\/en\/wp-json\/wp\/v2\/types\/product"}],"wp:featuredmedia":[{"embeddable":true,"href":"https:\/\/mmkriepas.lv\/en\/wp-json\/wp\/v2\/media\/871101"}],"wp:attachment":[{"href":"https:\/\/mmkriepas.lv\/en\/wp-json\/wp\/v2\/media?parent=1183335"}],"wp:term":[{"taxonomy":"product_brand","embeddable":true,"href":"https:\/\/mmkriepas.lv\/en\/wp-json\/wp\/v2\/product_brand?post=1183335"},{"taxonomy":"product_cat","embeddable":true,"href":"https:\/\/mmkriepas.lv\/en\/wp-json\/wp\/v2\/product_cat?post=1183335"},{"taxonomy":"product_tag","embeddable":true,"href":"https:\/\/mmkriepas.lv\/en\/wp-json\/wp\/v2\/product_tag?post=1183335"}],"curies":[{"name":"wp","href":"https:\/\/api.w.org\/{rel}","templated":true}]}}