{"id":1182993,"date":"2025-02-19T15:02:34","date_gmt":"2025-02-19T13:02:34","guid":{"rendered":"https:\/\/mmkriepas.lv\/?post_type=product&#038;p=1182993"},"modified":"2025-05-30T10:27:35","modified_gmt":"2025-05-30T07:27:35","slug":"245-70r16-lassa-competus-a-t2-111t-xl-rp-dot22-bridgestone","status":"publish","type":"product","link":"https:\/\/mmkriepas.lv\/en\/p\/245-70r16-lassa-competus-a-t2-111t-xl-rp-dot22-bridgestone\/","title":{"rendered":"245\/70R16 Lassa Competus A\/T2 111T XL RP DOT22 (Bridgestone)"},"content":{"rendered":"<p><strong>Lassa Competus A\/T2 <\/strong>ir jaun\u0101kais Bridgestone meitas uz\u0146\u0113muma apvidus jeb All-Terrain riepu modelis, kas izce\u013cas ar paaugstin\u0101tu veiktsp\u0113ju skarbos brauk\u0161anas apst\u0101k\u013cos &#8211; dub\u013cos, pa akme\u0146iem, granti vai smilt\u012bs. Piem\u0113rots apvidus jeb SUV automa\u0161\u012bn\u0101m, kas nereti met izaicin\u0101jumu bezce\u013ciem un gr\u016bti izbraucamiem me\u017ea ce\u013ciem, saglab\u0101jot brauk\u0161anas komfortu ar\u012b uz asfalta.<\/p>\n<h3>Lassa Competus A\/T2 galven\u0101s \u012bpa\u0161\u012bbas:<\/h3>\n<p>+ Riepu modelis, kas rad\u012bts brauk\u0161anai gan pa bezce\u013ciem, gan ar\u012b pa pils\u0113tas asfaltu un \u0161oseju,<\/p>\n<p>+ Riepas ra\u017eotas modernaj\u0101s Bridgestone r\u016bpn\u012bc\u0101s Turcij\u0101,<\/p>\n<p>+ Dzi\u013c\u0161 un agres\u012bvs protektora dizains,<\/p>\n<p>+ Palielin\u0101ta kravnes\u012bba, kas at\u013cauj \u0161\u012bs riepas uzst\u0101d\u012bt pat smag\u0101kajiem apvidus auto,<\/p>\n<p>+ Uzlabots riepas gumijas sast\u0101vs, kas palielina t\u0101s ilgstp\u0113j\u012bbu.<\/p>\n<h3>Competus A\/T2 apr\u012bkojums<\/h3>\n<p><strong>Lassa Competus A\/T2 <\/strong>riepas apr\u012bkotas ar agres\u012bvu, simetrisku protektora dizainu. Protektora blokos izvietoti dzi\u013ci iegriezumi jeb lameles, kas vienlaikus pal\u012bdz samazin\u0101t akvaplan\u0113\u0161anas risku un uzlabot sa\u0137eri ar irdenu ce\u013ca virsmu &#8211; smilti, \u0161\u0137embu un pat dub\u013ciem. Palielin\u0101tie trapecveida riepas plecu zonas protektora bloki uzlabo stabilit\u0101ti uz asfalta, k\u0101 ar\u012b palielina riepas kop\u0113jo sa\u0137eres virsmu, pal\u012bdzot c\u012b\u0146\u0101 ar bezce\u013ciem. Turkl\u0101t, \u0161is riepu modelis izce\u013cas ar neticami augstu cenas un veiktsp\u0113jas koeficentu, padarot to par lab\u0101ko apvidus riepu izv\u0113li vid\u0113j\u0101 cenu segment\u0101.<\/p>\n","protected":false},"excerpt":{"rendered":"<p><b><span style=\"font-family: 'Arial',sans-serif;\">Lassa Competus A\/T2 <\/span><\/b><span style=\"font-family: 'Arial',sans-serif;\">ir jaun\u0101kais Bridgestone meitas uz\u0146\u0113muma apvidus jeb All-Terrain riepu modelis, kas izce\u013cas ar paaugstin\u0101tu veiktsp\u0113ju skarbos brauk\u0161anas apst\u0101k\u013cos &#8211; dub\u013cos, pa akme\u0146iem, granti vai smilt\u012bs. Piem\u0113rots apvidus jeb SUV automa\u0161\u012bn\u0101m, kas nereti met izaicin\u0101jumu bezce\u013ciem un gr\u016bti izbraucamiem me\u017ea ce\u013ciem, saglab\u0101jot brauk\u0161anas komfortu ar\u012b uz asfalta.<o:p><\/o:p><\/span><\/p>\n","protected":false},"featured_media":223114,"template":"","meta":{"_acf_changed":false,"ngg_post_thumbnail":0},"product_brand":[],"product_cat":[46],"product_tag":[],"class_list":{"0":"post-1182993","1":"product","2":"type-product","3":"status-publish","4":"has-post-thumbnail","6":"product_cat-vasaras-riepas","8":"first","9":"instock","10":"taxable","11":"shipping-taxable","12":"product-type-simple"},"acf":[],"yoast_head":"<!-- This site is optimized with the Yoast SEO Premium plugin v22.6 (Yoast SEO v27.3) - https:\/\/yoast.com\/product\/yoast-seo-premium-wordpress\/ -->\n<title>245\/70R16 Lassa Competus A\/T2 111T XL RP DOT22 (Bridgestone) &#8226; MMK Riepas<\/title>\n<meta name=\"robots\" content=\"index, follow, max-snippet:-1, max-image-preview:large, max-video-preview:-1\" \/>\n<link rel=\"canonical\" href=\"https:\/\/mmkriepas.lv\/en\/p\/245-70r16-lassa-competus-a-t2-111t-xl-rp-dot22-bridgestone\/\" \/>\n<meta property=\"og:locale\" content=\"en_US\" \/>\n<meta property=\"og:type\" content=\"article\" \/>\n<meta property=\"og:title\" content=\"245\/70R16 Lassa Competus A\/T2 111T XL RP DOT22 (Bridgestone)\" \/>\n<meta property=\"og:description\" content=\"Lassa Competus A\/T2 ir jaun\u0101kais Bridgestone meitas uz\u0146\u0113muma apvidus jeb All-Terrain riepu modelis, kas izce\u013cas ar paaugstin\u0101tu veiktsp\u0113ju skarbos brauk\u0161anas apst\u0101k\u013cos - dub\u013cos, pa akme\u0146iem, granti vai smilt\u012bs. Piem\u0113rots apvidus jeb SUV automa\u0161\u012bn\u0101m, kas nereti met izaicin\u0101jumu bezce\u013ciem un gr\u016bti izbraucamiem me\u017ea ce\u013ciem, saglab\u0101jot brauk\u0161anas komfortu ar\u012b uz asfalta.\" \/>\n<meta property=\"og:url\" content=\"https:\/\/mmkriepas.lv\/en\/p\/245-70r16-lassa-competus-a-t2-111t-xl-rp-dot22-bridgestone\/\" \/>\n<meta property=\"og:site_name\" content=\"MMK Riepas\" \/>\n<meta property=\"article:publisher\" content=\"https:\/\/www.facebook.com\/mmkserviss\/\" \/>\n<meta property=\"article:modified_time\" content=\"2025-05-30T07:27:35+00:00\" \/>\n<meta property=\"og:image\" content=\"https:\/\/mmkriepas.lv\/wp-content\/uploads\/2022\/03\/22570r16-lassa-competus-at-2-103t-all-terrain-riepas-vasaras-riepas.jpg\" \/>\n\t<meta property=\"og:image:width\" content=\"1920\" \/>\n\t<meta property=\"og:image:height\" content=\"1278\" \/>\n\t<meta property=\"og:image:type\" content=\"image\/jpeg\" \/>\n<meta name=\"twitter:card\" content=\"summary_large_image\" \/>\n<meta name=\"twitter:label1\" content=\"Price\" \/>\n\t<meta name=\"twitter:data1\" content=\"&euro;91.00\" \/>\n\t<meta name=\"twitter:label2\" content=\"Availability\" \/>\n\t<meta name=\"twitter:data2\" content=\"In stock\" \/>\n<script type=\"application\/ld+json\" class=\"yoast-schema-graph\">{\"@context\":\"https:\\\/\\\/schema.org\",\"@graph\":[{\"@type\":\"WebPage\",\"@id\":\"https:\\\/\\\/mmkriepas.lv\\\/en\\\/p\\\/245-70r16-lassa-competus-a-t2-111t-xl-rp-dot22-bridgestone\\\/\",\"url\":\"https:\\\/\\\/mmkriepas.lv\\\/en\\\/p\\\/245-70r16-lassa-competus-a-t2-111t-xl-rp-dot22-bridgestone\\\/\",\"name\":\"245\\\/70R16 Lassa Competus A\\\/T2 111T XL RP DOT22 (Bridgestone) &#8226; MMK Riepas\",\"isPartOf\":{\"@id\":\"https:\\\/\\\/mmkriepas.lv\\\/en\\\/#website\"},\"primaryImageOfPage\":{\"@id\":\"https:\\\/\\\/mmkriepas.lv\\\/en\\\/p\\\/245-70r16-lassa-competus-a-t2-111t-xl-rp-dot22-bridgestone\\\/#primaryimage\"},\"image\":{\"@id\":\"https:\\\/\\\/mmkriepas.lv\\\/en\\\/p\\\/245-70r16-lassa-competus-a-t2-111t-xl-rp-dot22-bridgestone\\\/#primaryimage\"},\"thumbnailUrl\":\"https:\\\/\\\/mmkriepas.lv\\\/wp-content\\\/uploads\\\/2022\\\/03\\\/22570r16-lassa-competus-at-2-103t-all-terrain-riepas-vasaras-riepas.jpg\",\"datePublished\":\"2025-02-19T13:02:34+00:00\",\"dateModified\":\"2025-05-30T07:27:35+00:00\",\"breadcrumb\":{\"@id\":\"https:\\\/\\\/mmkriepas.lv\\\/en\\\/p\\\/245-70r16-lassa-competus-a-t2-111t-xl-rp-dot22-bridgestone\\\/#breadcrumb\"},\"inLanguage\":\"en-US\",\"potentialAction\":[{\"@type\":\"ReadAction\",\"target\":[\"https:\\\/\\\/mmkriepas.lv\\\/en\\\/p\\\/245-70r16-lassa-competus-a-t2-111t-xl-rp-dot22-bridgestone\\\/\"]}]},{\"@type\":\"ImageObject\",\"inLanguage\":\"en-US\",\"@id\":\"https:\\\/\\\/mmkriepas.lv\\\/en\\\/p\\\/245-70r16-lassa-competus-a-t2-111t-xl-rp-dot22-bridgestone\\\/#primaryimage\",\"url\":\"https:\\\/\\\/mmkriepas.lv\\\/wp-content\\\/uploads\\\/2022\\\/03\\\/22570r16-lassa-competus-at-2-103t-all-terrain-riepas-vasaras-riepas.jpg\",\"contentUrl\":\"https:\\\/\\\/mmkriepas.lv\\\/wp-content\\\/uploads\\\/2022\\\/03\\\/22570r16-lassa-competus-at-2-103t-all-terrain-riepas-vasaras-riepas.jpg\",\"width\":1920,\"height\":1278,\"caption\":\"Lassa competus A\\\/T2\"},{\"@type\":\"BreadcrumbList\",\"@id\":\"https:\\\/\\\/mmkriepas.lv\\\/en\\\/p\\\/245-70r16-lassa-competus-a-t2-111t-xl-rp-dot22-bridgestone\\\/#breadcrumb\",\"itemListElement\":[{\"@type\":\"ListItem\",\"position\":1,\"name\":\"S\u0101kums\",\"item\":\"https:\\\/\\\/mmkriepas.lv\\\/en\\\/\"},{\"@type\":\"ListItem\",\"position\":2,\"name\":\"245\\\/70R16 Lassa Competus A\\\/T2 111T XL RP DOT22 (Bridgestone)\"}]},{\"@type\":\"WebSite\",\"@id\":\"https:\\\/\\\/mmkriepas.lv\\\/en\\\/#website\",\"url\":\"https:\\\/\\\/mmkriepas.lv\\\/en\\\/\",\"name\":\"MMK Riepas\",\"description\":\"MMK Riepas\",\"alternateName\":\"MMK Riepu Serviss\",\"potentialAction\":[{\"@type\":\"SearchAction\",\"target\":{\"@type\":\"EntryPoint\",\"urlTemplate\":\"https:\\\/\\\/mmkriepas.lv\\\/en\\\/?s={search_term_string}\"},\"query-input\":{\"@type\":\"PropertyValueSpecification\",\"valueRequired\":true,\"valueName\":\"search_term_string\"}}],\"inLanguage\":\"en-US\"},{\"@type\":\"ImageObject\",\"inLanguage\":\"en-US\",\"@id\":\"https:\\\/\\\/mmkriepas.lv\\\/en\\\/p\\\/245-70r16-lassa-competus-a-t2-111t-xl-rp-dot22-bridgestone\\\/#local-main-organization-logo\",\"url\":\"\",\"contentUrl\":\"\",\"caption\":\"MMK Riepas\"}]}<\/script>\n<meta property=\"product:brand\" content=\"Lassa Competus A\/T2\" \/>\n<meta property=\"product:price:amount\" content=\"91.00\" \/>\n<meta property=\"product:price:currency\" content=\"EUR\" \/>\n<meta property=\"og:availability\" content=\"instock\" \/>\n<meta property=\"product:availability\" content=\"instock\" \/>\n<meta property=\"product:retailer_item_id\" content=\"TS2457016LASSA-L44985\" \/>\n<meta property=\"product:condition\" content=\"new\" \/>\n<!-- \/ Yoast SEO Premium plugin. -->","yoast_head_json":{"title":"245\/70R16 Lassa Competus A\/T2 111T XL RP DOT22 (Bridgestone) &#8226; MMK Riepas","robots":{"index":"index","follow":"follow","max-snippet":"max-snippet:-1","max-image-preview":"max-image-preview:large","max-video-preview":"max-video-preview:-1"},"canonical":"https:\/\/mmkriepas.lv\/en\/p\/245-70r16-lassa-competus-a-t2-111t-xl-rp-dot22-bridgestone\/","og_locale":"en_US","og_type":"article","og_title":"245\/70R16 Lassa Competus A\/T2 111T XL RP DOT22 (Bridgestone)","og_description":"Lassa Competus A\/T2 ir jaun\u0101kais Bridgestone meitas uz\u0146\u0113muma apvidus jeb All-Terrain riepu modelis, kas izce\u013cas ar paaugstin\u0101tu veiktsp\u0113ju skarbos brauk\u0161anas apst\u0101k\u013cos - dub\u013cos, pa akme\u0146iem, granti vai smilt\u012bs. Piem\u0113rots apvidus jeb SUV automa\u0161\u012bn\u0101m, kas nereti met izaicin\u0101jumu bezce\u013ciem un gr\u016bti izbraucamiem me\u017ea ce\u013ciem, saglab\u0101jot brauk\u0161anas komfortu ar\u012b uz asfalta.","og_url":"https:\/\/mmkriepas.lv\/en\/p\/245-70r16-lassa-competus-a-t2-111t-xl-rp-dot22-bridgestone\/","og_site_name":"MMK Riepas","article_publisher":"https:\/\/www.facebook.com\/mmkserviss\/","article_modified_time":"2025-05-30T07:27:35+00:00","og_image":[{"width":1920,"height":1278,"url":"https:\/\/mmkriepas.lv\/wp-content\/uploads\/2022\/03\/22570r16-lassa-competus-at-2-103t-all-terrain-riepas-vasaras-riepas.jpg","type":"image\/jpeg"}],"twitter_card":"summary_large_image","twitter_misc":{"Price":"&euro;91.00","Availability":"In stock"},"schema":{"@context":"https:\/\/schema.org","@graph":[{"@type":"WebPage","@id":"https:\/\/mmkriepas.lv\/en\/p\/245-70r16-lassa-competus-a-t2-111t-xl-rp-dot22-bridgestone\/","url":"https:\/\/mmkriepas.lv\/en\/p\/245-70r16-lassa-competus-a-t2-111t-xl-rp-dot22-bridgestone\/","name":"245\/70R16 Lassa Competus A\/T2 111T XL RP DOT22 (Bridgestone) &#8226; MMK Riepas","isPartOf":{"@id":"https:\/\/mmkriepas.lv\/en\/#website"},"primaryImageOfPage":{"@id":"https:\/\/mmkriepas.lv\/en\/p\/245-70r16-lassa-competus-a-t2-111t-xl-rp-dot22-bridgestone\/#primaryimage"},"image":{"@id":"https:\/\/mmkriepas.lv\/en\/p\/245-70r16-lassa-competus-a-t2-111t-xl-rp-dot22-bridgestone\/#primaryimage"},"thumbnailUrl":"https:\/\/mmkriepas.lv\/wp-content\/uploads\/2022\/03\/22570r16-lassa-competus-at-2-103t-all-terrain-riepas-vasaras-riepas.jpg","datePublished":"2025-02-19T13:02:34+00:00","dateModified":"2025-05-30T07:27:35+00:00","breadcrumb":{"@id":"https:\/\/mmkriepas.lv\/en\/p\/245-70r16-lassa-competus-a-t2-111t-xl-rp-dot22-bridgestone\/#breadcrumb"},"inLanguage":"en-US","potentialAction":[{"@type":"ReadAction","target":["https:\/\/mmkriepas.lv\/en\/p\/245-70r16-lassa-competus-a-t2-111t-xl-rp-dot22-bridgestone\/"]}]},{"@type":"ImageObject","inLanguage":"en-US","@id":"https:\/\/mmkriepas.lv\/en\/p\/245-70r16-lassa-competus-a-t2-111t-xl-rp-dot22-bridgestone\/#primaryimage","url":"https:\/\/mmkriepas.lv\/wp-content\/uploads\/2022\/03\/22570r16-lassa-competus-at-2-103t-all-terrain-riepas-vasaras-riepas.jpg","contentUrl":"https:\/\/mmkriepas.lv\/wp-content\/uploads\/2022\/03\/22570r16-lassa-competus-at-2-103t-all-terrain-riepas-vasaras-riepas.jpg","width":1920,"height":1278,"caption":"Lassa competus A\/T2"},{"@type":"BreadcrumbList","@id":"https:\/\/mmkriepas.lv\/en\/p\/245-70r16-lassa-competus-a-t2-111t-xl-rp-dot22-bridgestone\/#breadcrumb","itemListElement":[{"@type":"ListItem","position":1,"name":"S\u0101kums","item":"https:\/\/mmkriepas.lv\/en\/"},{"@type":"ListItem","position":2,"name":"245\/70R16 Lassa Competus A\/T2 111T XL RP DOT22 (Bridgestone)"}]},{"@type":"WebSite","@id":"https:\/\/mmkriepas.lv\/en\/#website","url":"https:\/\/mmkriepas.lv\/en\/","name":"MMK Riepas","description":"MMK Riepas","alternateName":"MMK Riepu Serviss","potentialAction":[{"@type":"SearchAction","target":{"@type":"EntryPoint","urlTemplate":"https:\/\/mmkriepas.lv\/en\/?s={search_term_string}"},"query-input":{"@type":"PropertyValueSpecification","valueRequired":true,"valueName":"search_term_string"}}],"inLanguage":"en-US"},{"@type":"ImageObject","inLanguage":"en-US","@id":"https:\/\/mmkriepas.lv\/en\/p\/245-70r16-lassa-competus-a-t2-111t-xl-rp-dot22-bridgestone\/#local-main-organization-logo","url":"","contentUrl":"","caption":"MMK Riepas"}]},"product_brand":"Lassa Competus A\/T2","product_price_amount":"91.00","product_price_currency":"EUR","og_availability":"instock","product_availability":"instock","product_retailer_item_id":"TS2457016LASSA-L44985","product_condition":"new"},"_links":{"self":[{"href":"https:\/\/mmkriepas.lv\/en\/wp-json\/wp\/v2\/product\/1182993","targetHints":{"allow":["GET"]}}],"collection":[{"href":"https:\/\/mmkriepas.lv\/en\/wp-json\/wp\/v2\/product"}],"about":[{"href":"https:\/\/mmkriepas.lv\/en\/wp-json\/wp\/v2\/types\/product"}],"wp:featuredmedia":[{"embeddable":true,"href":"https:\/\/mmkriepas.lv\/en\/wp-json\/wp\/v2\/media\/223114"}],"wp:attachment":[{"href":"https:\/\/mmkriepas.lv\/en\/wp-json\/wp\/v2\/media?parent=1182993"}],"wp:term":[{"taxonomy":"product_brand","embeddable":true,"href":"https:\/\/mmkriepas.lv\/en\/wp-json\/wp\/v2\/product_brand?post=1182993"},{"taxonomy":"product_cat","embeddable":true,"href":"https:\/\/mmkriepas.lv\/en\/wp-json\/wp\/v2\/product_cat?post=1182993"},{"taxonomy":"product_tag","embeddable":true,"href":"https:\/\/mmkriepas.lv\/en\/wp-json\/wp\/v2\/product_tag?post=1182993"}],"curies":[{"name":"wp","href":"https:\/\/api.w.org\/{rel}","templated":true}]}}