{"id":1182961,"date":"2025-02-19T15:01:26","date_gmt":"2025-02-19T13:01:26","guid":{"rendered":"https:\/\/mmkriepas.lv\/?post_type=product&#038;p=1182961"},"modified":"2025-05-30T10:27:48","modified_gmt":"2025-05-30T07:27:48","slug":"205-80r16-hankook-dynapro-at2-rf11-110-108r-dot","status":"publish","type":"product","link":"https:\/\/mmkriepas.lv\/en\/p\/205-80r16-hankook-dynapro-at2-rf11-110-108r-dot\/","title":{"rendered":"205\/80R16 Hankook Dynapro AT2 RF11 110\/108R WL RP DOT22"},"content":{"rendered":"<p><span style=\"font-family: 'Arial',sans-serif;\">Piln\u012bgi jaunais <b>Hankook Dynapro AT2<\/b> <b>RF11 <\/b>ir iepriek\u0161\u0113j\u0101 Hankook mode\u013ca, Dynapro AT-M, turpin\u0101jums, ta\u010du ar apjom\u012bgiem uzlabojumiem. Tie paredz\u0113ti, lai <b>d\u017eipu<\/b>, <b>vieglo kravas<\/b> automa\u0161\u012bnu un <b>apvidus<\/b> auto vad\u012bt\u0101jiem sniegtu vislab\u0101ko pieredzi uz ce\u013ca un bezce\u013ca apst\u0101k\u013cos. <o:p><\/o:p><\/span><\/p>\n<p><span style=\"font-family: 'Arial',sans-serif;\">\u0160is modelis ir klasific\u0113jas k\u0101 <b>visurg\u0101j\u0113ja riepa<\/b>, un tas pier\u0101da sevi uz sausas un mitras virsmas. Taj\u0101 pa\u0161\u0101 laik\u0101 vienl\u012bdz labi izturot sniegus un apledojumu. Turkl\u0101t Hankook Dynapro izmanto unik\u0101lu protektora savienojumu, kas paredz\u0113ts, lai nodro\u0161in\u0101tu augst\u0101ku degvielas efektivit\u0101ti un uzlabotu iztur\u012bbu <b>pret grie\u0161anu un \u0161\u0137el\u0161anos<\/b> uz nel\u012bdzen\u0101m virsm\u0101m. Mode\u013ca simetriskaj\u0101 protektora rakst\u0101 ir ievietotas papildu &#8220;kodo\u0161\u0101s&#8221; malas, kas nodro\u0161ina papildu sa\u0137eri ar pl\u0101nu sniegu un dub\u013ciem. Speci\u0101li konstru\u0113t\u0101s plecu zonas ir izveidotas atv\u0113rt\u0101 dizain\u0101 ar plat\u0101k\u0101m riev\u0101m, lai izvad\u012btu \u016bdeni no riepas kontakta virsmas. <b>Tas palielina pretest\u012bbu pret akvaplan\u0113\u0161anas risku!<\/b> Liel\u0101ks saskares laukums nodro\u0161ina <b>lab\u0101ku spiediena izklied\u0113\u0161anu<\/b> pa visu riepas konstrukciju. \u0160im modelim ir palielin\u0101ta<b> iztur\u012bba un vad\u012bba<\/b> braucot <b>lielos \u0101trumos<\/b>. Ta ir ieg\u016bta pateicoties div\u0101m t\u0113rauda jost\u0101m, kas pastiprin\u0101tas ar neilona uzmav\u0101m. <o:p><\/o:p><\/span><\/p>\n<p><b><span style=\"font-family: 'Arial',sans-serif;\">Hankook Dynapro AT2 RF11<\/span><\/b><span style=\"font-family: 'Arial',sans-serif;\"> ir apr\u012bkots ar stingriem stiprin\u0101juma stie\u0146iem, kas darbojas k\u0101 protektoru bloku stabilizatori, uzlabojot komfortu un vad\u0101m\u012bbu. <o:p><\/o:p><\/span><\/p>\n<p><b><span style=\"font-family: 'Arial',sans-serif;\">Hankook Dynapro AT2 RF11<\/span><\/b><span style=\"font-family: 'Arial',sans-serif;\"> mode\u013ca lieto\u0161anas dro\u0161\u012bbu ziemas laika apst\u0101k\u013cos un t\u0101 atbilst\u012bbu valst\u012bm ar oblig\u0101tu sezon\u0101lo riepu mai\u0146u apstiprina mar\u0137\u0113jums sniegp\u0101rslas form\u0101 uz kalna fona ar trim virsotn\u0113m (3PMSF). <\/span><\/p>\n","protected":false},"excerpt":{"rendered":"<p>Korej\u0101 rad\u012btas augst\u0101k\u0101s kvalit\u0101tes apvidus riepas. Piem\u0113rotas gan c\u012b\u0146ai ar dzi\u013ciem bezce\u013ciem, gan brauk\u0161anai pa asfaltu. Pieejamas apvidus jeb SUV un bezce\u013cu automa\u0161\u012bn\u0101m.<\/p>\n","protected":false},"featured_media":937208,"template":"","meta":{"_acf_changed":false,"ngg_post_thumbnail":0},"product_brand":[],"product_cat":[46,47,45],"product_tag":[],"class_list":{"0":"post-1182961","1":"product","2":"type-product","3":"status-publish","4":"has-post-thumbnail","6":"product_cat-vasaras-riepas","7":"product_cat-vissezonas-riepas","8":"product_cat-ziemas-riepas","10":"first","11":"instock","12":"taxable","13":"shipping-taxable","14":"product-type-simple"},"acf":[],"yoast_head":"<!-- This site is optimized with the Yoast SEO Premium plugin v22.6 (Yoast SEO v27.3) - https:\/\/yoast.com\/product\/yoast-seo-premium-wordpress\/ -->\n<title>205\/80R16 Hankook Dynapro AT2 RF11 110\/108R WL RP DOT22 &#8226; MMK Riepas<\/title>\n<meta name=\"robots\" content=\"index, follow, max-snippet:-1, max-image-preview:large, max-video-preview:-1\" \/>\n<link rel=\"canonical\" href=\"https:\/\/mmkriepas.lv\/en\/p\/205-80r16-hankook-dynapro-at2-rf11-110-108r-dot\/\" \/>\n<meta property=\"og:locale\" content=\"en_US\" \/>\n<meta property=\"og:type\" content=\"article\" \/>\n<meta property=\"og:title\" content=\"205\/80R16 Hankook Dynapro AT2 RF11 110\/108R WL RP DOT22\" \/>\n<meta property=\"og:description\" content=\"Korej\u0101 rad\u012btas augst\u0101k\u0101s kvalit\u0101tes apvidus riepas. Piem\u0113rotas gan c\u012b\u0146ai ar dzi\u013ciem bezce\u013ciem, gan brauk\u0161anai pa asfaltu. Pieejamas apvidus jeb SUV un bezce\u013cu automa\u0161\u012bn\u0101m.\" \/>\n<meta property=\"og:url\" content=\"https:\/\/mmkriepas.lv\/en\/p\/205-80r16-hankook-dynapro-at2-rf11-110-108r-dot\/\" \/>\n<meta property=\"og:site_name\" content=\"MMK Riepas\" \/>\n<meta property=\"article:publisher\" content=\"https:\/\/www.facebook.com\/mmkserviss\/\" \/>\n<meta property=\"article:modified_time\" content=\"2025-05-30T07:27:48+00:00\" \/>\n<meta property=\"og:image\" content=\"https:\/\/mmkriepas.lv\/wp-content\/uploads\/2024\/07\/hankook-dynapro-at2-rf11.jpg\" \/>\n\t<meta property=\"og:image:width\" content=\"900\" \/>\n\t<meta property=\"og:image:height\" content=\"720\" \/>\n\t<meta property=\"og:image:type\" content=\"image\/jpeg\" \/>\n<meta name=\"twitter:card\" content=\"summary_large_image\" \/>\n<meta name=\"twitter:label1\" content=\"Price\" \/>\n\t<meta name=\"twitter:data1\" content=\"&euro;108.00\" \/>\n\t<meta name=\"twitter:label2\" content=\"Availability\" \/>\n\t<meta name=\"twitter:data2\" content=\"In stock\" \/>\n<script type=\"application\/ld+json\" class=\"yoast-schema-graph\">{\"@context\":\"https:\\\/\\\/schema.org\",\"@graph\":[{\"@type\":\"WebPage\",\"@id\":\"https:\\\/\\\/mmkriepas.lv\\\/en\\\/p\\\/205-80r16-hankook-dynapro-at2-rf11-110-108r-dot\\\/\",\"url\":\"https:\\\/\\\/mmkriepas.lv\\\/en\\\/p\\\/205-80r16-hankook-dynapro-at2-rf11-110-108r-dot\\\/\",\"name\":\"205\\\/80R16 Hankook Dynapro AT2 RF11 110\\\/108R WL RP DOT22 &#8226; MMK Riepas\",\"isPartOf\":{\"@id\":\"https:\\\/\\\/mmkriepas.lv\\\/en\\\/#website\"},\"primaryImageOfPage\":{\"@id\":\"https:\\\/\\\/mmkriepas.lv\\\/en\\\/p\\\/205-80r16-hankook-dynapro-at2-rf11-110-108r-dot\\\/#primaryimage\"},\"image\":{\"@id\":\"https:\\\/\\\/mmkriepas.lv\\\/en\\\/p\\\/205-80r16-hankook-dynapro-at2-rf11-110-108r-dot\\\/#primaryimage\"},\"thumbnailUrl\":\"https:\\\/\\\/mmkriepas.lv\\\/wp-content\\\/uploads\\\/2024\\\/07\\\/hankook-dynapro-at2-rf11.jpg\",\"datePublished\":\"2025-02-19T13:01:26+00:00\",\"dateModified\":\"2025-05-30T07:27:48+00:00\",\"breadcrumb\":{\"@id\":\"https:\\\/\\\/mmkriepas.lv\\\/en\\\/p\\\/205-80r16-hankook-dynapro-at2-rf11-110-108r-dot\\\/#breadcrumb\"},\"inLanguage\":\"en-US\",\"potentialAction\":[{\"@type\":\"ReadAction\",\"target\":[\"https:\\\/\\\/mmkriepas.lv\\\/en\\\/p\\\/205-80r16-hankook-dynapro-at2-rf11-110-108r-dot\\\/\"]}]},{\"@type\":\"ImageObject\",\"inLanguage\":\"en-US\",\"@id\":\"https:\\\/\\\/mmkriepas.lv\\\/en\\\/p\\\/205-80r16-hankook-dynapro-at2-rf11-110-108r-dot\\\/#primaryimage\",\"url\":\"https:\\\/\\\/mmkriepas.lv\\\/wp-content\\\/uploads\\\/2024\\\/07\\\/hankook-dynapro-at2-rf11.jpg\",\"contentUrl\":\"https:\\\/\\\/mmkriepas.lv\\\/wp-content\\\/uploads\\\/2024\\\/07\\\/hankook-dynapro-at2-rf11.jpg\",\"width\":900,\"height\":720,\"caption\":\"MAIN\"},{\"@type\":\"BreadcrumbList\",\"@id\":\"https:\\\/\\\/mmkriepas.lv\\\/en\\\/p\\\/205-80r16-hankook-dynapro-at2-rf11-110-108r-dot\\\/#breadcrumb\",\"itemListElement\":[{\"@type\":\"ListItem\",\"position\":1,\"name\":\"S\u0101kums\",\"item\":\"https:\\\/\\\/mmkriepas.lv\\\/en\\\/\"},{\"@type\":\"ListItem\",\"position\":2,\"name\":\"205\\\/80R16 Hankook Dynapro AT2 RF11 110\\\/108R WL RP DOT22\"}]},{\"@type\":\"WebSite\",\"@id\":\"https:\\\/\\\/mmkriepas.lv\\\/en\\\/#website\",\"url\":\"https:\\\/\\\/mmkriepas.lv\\\/en\\\/\",\"name\":\"MMK Riepas\",\"description\":\"MMK Riepas\",\"alternateName\":\"MMK Riepu Serviss\",\"potentialAction\":[{\"@type\":\"SearchAction\",\"target\":{\"@type\":\"EntryPoint\",\"urlTemplate\":\"https:\\\/\\\/mmkriepas.lv\\\/en\\\/?s={search_term_string}\"},\"query-input\":{\"@type\":\"PropertyValueSpecification\",\"valueRequired\":true,\"valueName\":\"search_term_string\"}}],\"inLanguage\":\"en-US\"},{\"@type\":\"ImageObject\",\"inLanguage\":\"en-US\",\"@id\":\"https:\\\/\\\/mmkriepas.lv\\\/en\\\/p\\\/205-80r16-hankook-dynapro-at2-rf11-110-108r-dot\\\/#local-main-organization-logo\",\"url\":\"\",\"contentUrl\":\"\",\"caption\":\"MMK Riepas\"}]}<\/script>\n<meta property=\"product:brand\" content=\"Hankook Dynapro AT2 RF11\" \/>\n<meta property=\"product:price:amount\" content=\"108.00\" \/>\n<meta property=\"product:price:currency\" content=\"EUR\" \/>\n<meta property=\"og:availability\" content=\"instock\" \/>\n<meta property=\"product:availability\" content=\"instock\" \/>\n<meta property=\"product:retailer_item_id\" content=\"TS2058016HANKO-L44977\" \/>\n<meta property=\"product:condition\" content=\"new\" \/>\n<!-- \/ Yoast SEO Premium plugin. -->","yoast_head_json":{"title":"205\/80R16 Hankook Dynapro AT2 RF11 110\/108R WL RP DOT22 &#8226; MMK Riepas","robots":{"index":"index","follow":"follow","max-snippet":"max-snippet:-1","max-image-preview":"max-image-preview:large","max-video-preview":"max-video-preview:-1"},"canonical":"https:\/\/mmkriepas.lv\/en\/p\/205-80r16-hankook-dynapro-at2-rf11-110-108r-dot\/","og_locale":"en_US","og_type":"article","og_title":"205\/80R16 Hankook Dynapro AT2 RF11 110\/108R WL RP DOT22","og_description":"Korej\u0101 rad\u012btas augst\u0101k\u0101s kvalit\u0101tes apvidus riepas. Piem\u0113rotas gan c\u012b\u0146ai ar dzi\u013ciem bezce\u013ciem, gan brauk\u0161anai pa asfaltu. Pieejamas apvidus jeb SUV un bezce\u013cu automa\u0161\u012bn\u0101m.","og_url":"https:\/\/mmkriepas.lv\/en\/p\/205-80r16-hankook-dynapro-at2-rf11-110-108r-dot\/","og_site_name":"MMK Riepas","article_publisher":"https:\/\/www.facebook.com\/mmkserviss\/","article_modified_time":"2025-05-30T07:27:48+00:00","og_image":[{"width":900,"height":720,"url":"https:\/\/mmkriepas.lv\/wp-content\/uploads\/2024\/07\/hankook-dynapro-at2-rf11.jpg","type":"image\/jpeg"}],"twitter_card":"summary_large_image","twitter_misc":{"Price":"&euro;108.00","Availability":"In stock"},"schema":{"@context":"https:\/\/schema.org","@graph":[{"@type":"WebPage","@id":"https:\/\/mmkriepas.lv\/en\/p\/205-80r16-hankook-dynapro-at2-rf11-110-108r-dot\/","url":"https:\/\/mmkriepas.lv\/en\/p\/205-80r16-hankook-dynapro-at2-rf11-110-108r-dot\/","name":"205\/80R16 Hankook Dynapro AT2 RF11 110\/108R WL RP DOT22 &#8226; MMK Riepas","isPartOf":{"@id":"https:\/\/mmkriepas.lv\/en\/#website"},"primaryImageOfPage":{"@id":"https:\/\/mmkriepas.lv\/en\/p\/205-80r16-hankook-dynapro-at2-rf11-110-108r-dot\/#primaryimage"},"image":{"@id":"https:\/\/mmkriepas.lv\/en\/p\/205-80r16-hankook-dynapro-at2-rf11-110-108r-dot\/#primaryimage"},"thumbnailUrl":"https:\/\/mmkriepas.lv\/wp-content\/uploads\/2024\/07\/hankook-dynapro-at2-rf11.jpg","datePublished":"2025-02-19T13:01:26+00:00","dateModified":"2025-05-30T07:27:48+00:00","breadcrumb":{"@id":"https:\/\/mmkriepas.lv\/en\/p\/205-80r16-hankook-dynapro-at2-rf11-110-108r-dot\/#breadcrumb"},"inLanguage":"en-US","potentialAction":[{"@type":"ReadAction","target":["https:\/\/mmkriepas.lv\/en\/p\/205-80r16-hankook-dynapro-at2-rf11-110-108r-dot\/"]}]},{"@type":"ImageObject","inLanguage":"en-US","@id":"https:\/\/mmkriepas.lv\/en\/p\/205-80r16-hankook-dynapro-at2-rf11-110-108r-dot\/#primaryimage","url":"https:\/\/mmkriepas.lv\/wp-content\/uploads\/2024\/07\/hankook-dynapro-at2-rf11.jpg","contentUrl":"https:\/\/mmkriepas.lv\/wp-content\/uploads\/2024\/07\/hankook-dynapro-at2-rf11.jpg","width":900,"height":720,"caption":"MAIN"},{"@type":"BreadcrumbList","@id":"https:\/\/mmkriepas.lv\/en\/p\/205-80r16-hankook-dynapro-at2-rf11-110-108r-dot\/#breadcrumb","itemListElement":[{"@type":"ListItem","position":1,"name":"S\u0101kums","item":"https:\/\/mmkriepas.lv\/en\/"},{"@type":"ListItem","position":2,"name":"205\/80R16 Hankook Dynapro AT2 RF11 110\/108R WL RP DOT22"}]},{"@type":"WebSite","@id":"https:\/\/mmkriepas.lv\/en\/#website","url":"https:\/\/mmkriepas.lv\/en\/","name":"MMK Riepas","description":"MMK Riepas","alternateName":"MMK Riepu Serviss","potentialAction":[{"@type":"SearchAction","target":{"@type":"EntryPoint","urlTemplate":"https:\/\/mmkriepas.lv\/en\/?s={search_term_string}"},"query-input":{"@type":"PropertyValueSpecification","valueRequired":true,"valueName":"search_term_string"}}],"inLanguage":"en-US"},{"@type":"ImageObject","inLanguage":"en-US","@id":"https:\/\/mmkriepas.lv\/en\/p\/205-80r16-hankook-dynapro-at2-rf11-110-108r-dot\/#local-main-organization-logo","url":"","contentUrl":"","caption":"MMK Riepas"}]},"product_brand":"Hankook Dynapro AT2 RF11","product_price_amount":"108.00","product_price_currency":"EUR","og_availability":"instock","product_availability":"instock","product_retailer_item_id":"TS2058016HANKO-L44977","product_condition":"new"},"_links":{"self":[{"href":"https:\/\/mmkriepas.lv\/en\/wp-json\/wp\/v2\/product\/1182961","targetHints":{"allow":["GET"]}}],"collection":[{"href":"https:\/\/mmkriepas.lv\/en\/wp-json\/wp\/v2\/product"}],"about":[{"href":"https:\/\/mmkriepas.lv\/en\/wp-json\/wp\/v2\/types\/product"}],"wp:featuredmedia":[{"embeddable":true,"href":"https:\/\/mmkriepas.lv\/en\/wp-json\/wp\/v2\/media\/937208"}],"wp:attachment":[{"href":"https:\/\/mmkriepas.lv\/en\/wp-json\/wp\/v2\/media?parent=1182961"}],"wp:term":[{"taxonomy":"product_brand","embeddable":true,"href":"https:\/\/mmkriepas.lv\/en\/wp-json\/wp\/v2\/product_brand?post=1182961"},{"taxonomy":"product_cat","embeddable":true,"href":"https:\/\/mmkriepas.lv\/en\/wp-json\/wp\/v2\/product_cat?post=1182961"},{"taxonomy":"product_tag","embeddable":true,"href":"https:\/\/mmkriepas.lv\/en\/wp-json\/wp\/v2\/product_tag?post=1182961"}],"curies":[{"name":"wp","href":"https:\/\/api.w.org\/{rel}","templated":true}]}}