{"id":11794,"date":"2018-03-09T18:13:51","date_gmt":"2018-03-09T16:13:51","guid":{"rendered":"https:\/\/mmkserviss.lv\/?post_type=product&#038;p=11794"},"modified":"2025-02-12T22:25:08","modified_gmt":"2025-02-12T20:25:08","slug":"20555r16-viatti-strada-asimmetrico-v-130-91v","status":"publish","type":"product","link":"https:\/\/mmkriepas.lv\/en\/p\/20555r16-viatti-strada-asimmetrico-v-130-91v\/","title":{"rendered":"205\/55R16 Viatti Strada Asimmetrico V-130 91V (Continental)"},"content":{"rendered":"<h2>Kvalitat\u012bvas vasaras riepas Viatti Strada Asimmetrico V-130<\/h2>\n<p>Riepu ra\u017eot\u0101js:<strong>\u00a0Viatti<\/strong><\/p>\n<p>Riepu modelis: <strong>Strada Asimmetrico V-130<\/strong><\/p>\n<p><strong>MMK Serviss nov\u0113rt\u0113jums:<\/strong>\u00a0<em>\u201dRa\u017eotas p\u0113c Continental ra\u017eo\u0161anas tehnolo\u0123ij\u0101m vasaras riepas. Kvalit\u0101te augst\u0101ka par samaks\u0101to naudu.\u201d<\/em> \u013boti labi piem\u0113rotas Latvijas ce\u013ciem. Riepas klusas braucot pa \u0161osej\u0101m. Ekonomiskas brauk\u0161anai pa pils\u0113tu. Asimetriskais protektora dizains pal\u012bdz\u0113s izbraukt ar\u012b lauku ce\u013cus. Riepas protektora konstrukcija un protektora dzi\u013cums piem\u0113rots m\u016bsdienu pras\u012bb\u0101m &#8211; ilgtsp\u0113j\u012bgas un ar labiem veiktsp\u0113jas r\u0101d\u012bt\u0101jiem uz sausa un mitra seguma.<\/p>\n<p><strong>Viatti V-130 \u012bpa\u0161\u012bbas:<\/strong><\/p>\n<p>+ Continental ra\u017eo\u0161anas pieredze,<\/p>\n<p>+\u00a0Dro\u0161as riepas,<\/p>\n<p>+ \u013boti labi piem\u0113rotas Latvijas ce\u013ciem,<\/p>\n<p>+ \u0145emot v\u0113r\u0101 Continental tehnolo\u0123iju pielietojumu, veiktsp\u0113jas zi\u0146\u0101 b\u016btiski neatpaliek no premium klases,<\/p>\n<p>+ Testi uzr\u0101da \u013coti labas sa\u0137eres un vad\u0101m\u012bbas \u012bpa\u0161\u012bbas uz sausa un slapja asfalta,<\/p>\n<p>+ \u012ass bremz\u0113\u0161anas ce\u013c\u0161 un\u00a0stabilit\u0101te pagriezienos,<\/p>\n<p>+ Iztur\u012bga riepas bortu uzb\u016bve (riepas ir iztur\u012bgas pret triecieniem),<\/p>\n<p>+ Klusas riepas (brauk\u0161anas komforts).<\/p>\n<p><strong>MMK Serviss rekomend\u0113:\u00a0<\/strong><em> Viatti &#8211; Continental ra\u017eo\u0161anas tehnolo\u0123ijas. Kvalit\u0101te, pieredze un \u013coti laba cena. Nedaudz d\u0101rg\u0101k k\u0101 \u0136\u012bnas riepas, toties krietni lab\u0101ka kvalit\u0101te. Kvalit\u0101te augst\u0101ka par samaks\u0101to naudu.\u00a0 <\/em><\/p>\n","protected":false},"excerpt":{"rendered":"<p><strong>MMK Serviss nov\u0113rt\u0113jums:<\/strong>\u00a0<em>\u201dRa\u017eotas p\u0113c Continental ra\u017eo\u0161anas tehnolo\u0123ij\u0101m vasaras riepas. Kvalit\u0101te augst\u0101ka par samaks\u0101to naudu.\u201d<\/em> \u013boti labi piem\u0113rotas Latvijas ce\u013ciem. Riepas klusas braucot pa \u0161osej\u0101m. Ekonomiskas brauk\u0161anai pa pils\u0113tu. Asimetriskais protektora dizains pal\u012bdz\u0113s izbraukt ar\u012b lauku ce\u013cus. Riepas protektora konstrukcija un protektora dzi\u013cums piem\u0113rots m\u016bsdienu pras\u012bb\u0101m &#8211; ilgtsp\u0113j\u012bgas un ar labiem veiktsp\u0113jas r\u0101d\u012bt\u0101jiem uz sausa un mitra seguma.<\/p>\n","protected":false},"featured_media":634475,"template":"","meta":{"_acf_changed":false,"ngg_post_thumbnail":0},"product_brand":[],"product_cat":[46],"product_tag":[],"class_list":{"0":"post-11794","1":"product","2":"type-product","3":"status-publish","4":"has-post-thumbnail","6":"product_cat-vasaras-riepas","8":"first","9":"outofstock","10":"taxable","11":"shipping-taxable","12":"product-type-simple"},"acf":[],"yoast_head":"<!-- This site is optimized with the Yoast SEO Premium plugin v22.6 (Yoast SEO v27.3) - https:\/\/yoast.com\/product\/yoast-seo-premium-wordpress\/ -->\n<title>205\/55R16 Viatti Strada Asimmetrico V-130 91V (Continental) &#8226; MMK Riepas<\/title>\n<meta name=\"robots\" content=\"index, follow, max-snippet:-1, max-image-preview:large, max-video-preview:-1\" \/>\n<link rel=\"canonical\" href=\"https:\/\/mmkriepas.lv\/en\/p\/20555r16-viatti-strada-asimmetrico-v-130-91v\/\" \/>\n<meta property=\"og:locale\" content=\"en_US\" \/>\n<meta property=\"og:type\" content=\"article\" \/>\n<meta property=\"og:title\" content=\"205\/55R16 Viatti Strada Asimmetrico V-130 91V (Continental)\" \/>\n<meta property=\"og:description\" content=\"MMK Serviss nov\u0113rt\u0113jums:\u00a0\u201dRa\u017eotas p\u0113c Continental ra\u017eo\u0161anas tehnolo\u0123ij\u0101m vasaras riepas. Kvalit\u0101te augst\u0101ka par samaks\u0101to naudu.\u201d \u013boti labi piem\u0113rotas Latvijas ce\u013ciem. Riepas klusas braucot pa \u0161osej\u0101m. Ekonomiskas brauk\u0161anai pa pils\u0113tu. Asimetriskais protektora dizains pal\u012bdz\u0113s izbraukt ar\u012b lauku ce\u013cus. Riepas protektora konstrukcija un protektora dzi\u013cums piem\u0113rots m\u016bsdienu pras\u012bb\u0101m - ilgtsp\u0113j\u012bgas un ar labiem veiktsp\u0113jas r\u0101d\u012bt\u0101jiem uz sausa un mitra seguma.\" \/>\n<meta property=\"og:url\" content=\"https:\/\/mmkriepas.lv\/en\/p\/20555r16-viatti-strada-asimmetrico-v-130-91v\/\" \/>\n<meta property=\"og:site_name\" content=\"MMK Riepas\" \/>\n<meta property=\"article:publisher\" content=\"https:\/\/www.facebook.com\/mmkserviss\/\" \/>\n<meta property=\"article:modified_time\" content=\"2025-02-12T20:25:08+00:00\" \/>\n<meta property=\"og:image\" content=\"https:\/\/mmkriepas.lv\/wp-content\/uploads\/2023\/02\/18565r14-viatti-strada-asimmetrico-v-130-88h-continental-vasaras-riepas.jpeg\" \/>\n\t<meta property=\"og:image:width\" content=\"1920\" \/>\n\t<meta property=\"og:image:height\" content=\"1440\" \/>\n\t<meta property=\"og:image:type\" content=\"image\/jpeg\" \/>\n<meta name=\"twitter:card\" content=\"summary_large_image\" \/>\n<meta name=\"twitter:label1\" content=\"Price\" \/>\n\t<meta name=\"twitter:data1\" content=\"&euro;35.00\" \/>\n\t<meta name=\"twitter:label2\" content=\"Availability\" \/>\n\t<meta name=\"twitter:data2\" content=\"Out of stock\" \/>\n<script type=\"application\/ld+json\" class=\"yoast-schema-graph\">{\"@context\":\"https:\\\/\\\/schema.org\",\"@graph\":[{\"@type\":\"WebPage\",\"@id\":\"https:\\\/\\\/mmkriepas.lv\\\/en\\\/p\\\/20555r16-viatti-strada-asimmetrico-v-130-91v\\\/\",\"url\":\"https:\\\/\\\/mmkriepas.lv\\\/en\\\/p\\\/20555r16-viatti-strada-asimmetrico-v-130-91v\\\/\",\"name\":\"205\\\/55R16 Viatti Strada Asimmetrico V-130 91V (Continental) &#8226; MMK Riepas\",\"isPartOf\":{\"@id\":\"https:\\\/\\\/mmkriepas.lv\\\/en\\\/#website\"},\"primaryImageOfPage\":{\"@id\":\"https:\\\/\\\/mmkriepas.lv\\\/en\\\/p\\\/20555r16-viatti-strada-asimmetrico-v-130-91v\\\/#primaryimage\"},\"image\":{\"@id\":\"https:\\\/\\\/mmkriepas.lv\\\/en\\\/p\\\/20555r16-viatti-strada-asimmetrico-v-130-91v\\\/#primaryimage\"},\"thumbnailUrl\":\"https:\\\/\\\/mmkriepas.lv\\\/wp-content\\\/uploads\\\/2023\\\/02\\\/18565r14-viatti-strada-asimmetrico-v-130-88h-continental-vasaras-riepas.jpeg\",\"datePublished\":\"2018-03-09T16:13:51+00:00\",\"dateModified\":\"2025-02-12T20:25:08+00:00\",\"breadcrumb\":{\"@id\":\"https:\\\/\\\/mmkriepas.lv\\\/en\\\/p\\\/20555r16-viatti-strada-asimmetrico-v-130-91v\\\/#breadcrumb\"},\"inLanguage\":\"en-US\",\"potentialAction\":[{\"@type\":\"ReadAction\",\"target\":[\"https:\\\/\\\/mmkriepas.lv\\\/en\\\/p\\\/20555r16-viatti-strada-asimmetrico-v-130-91v\\\/\"]}]},{\"@type\":\"ImageObject\",\"inLanguage\":\"en-US\",\"@id\":\"https:\\\/\\\/mmkriepas.lv\\\/en\\\/p\\\/20555r16-viatti-strada-asimmetrico-v-130-91v\\\/#primaryimage\",\"url\":\"https:\\\/\\\/mmkriepas.lv\\\/wp-content\\\/uploads\\\/2023\\\/02\\\/18565r14-viatti-strada-asimmetrico-v-130-88h-continental-vasaras-riepas.jpeg\",\"contentUrl\":\"https:\\\/\\\/mmkriepas.lv\\\/wp-content\\\/uploads\\\/2023\\\/02\\\/18565r14-viatti-strada-asimmetrico-v-130-88h-continental-vasaras-riepas.jpeg\",\"width\":1920,\"height\":1440,\"caption\":\"185\\\/65R14 Viatti Strada Asimmetrico V-130 88H (Continental) - Vasaras riepas\"},{\"@type\":\"BreadcrumbList\",\"@id\":\"https:\\\/\\\/mmkriepas.lv\\\/en\\\/p\\\/20555r16-viatti-strada-asimmetrico-v-130-91v\\\/#breadcrumb\",\"itemListElement\":[{\"@type\":\"ListItem\",\"position\":1,\"name\":\"S\u0101kums\",\"item\":\"https:\\\/\\\/mmkriepas.lv\\\/en\\\/\"},{\"@type\":\"ListItem\",\"position\":2,\"name\":\"205\\\/55R16 Viatti Strada Asimmetrico V-130 91V (Continental)\"}]},{\"@type\":\"WebSite\",\"@id\":\"https:\\\/\\\/mmkriepas.lv\\\/en\\\/#website\",\"url\":\"https:\\\/\\\/mmkriepas.lv\\\/en\\\/\",\"name\":\"MMK Riepas\",\"description\":\"MMK Riepas\",\"alternateName\":\"MMK Riepu Serviss\",\"potentialAction\":[{\"@type\":\"SearchAction\",\"target\":{\"@type\":\"EntryPoint\",\"urlTemplate\":\"https:\\\/\\\/mmkriepas.lv\\\/en\\\/?s={search_term_string}\"},\"query-input\":{\"@type\":\"PropertyValueSpecification\",\"valueRequired\":true,\"valueName\":\"search_term_string\"}}],\"inLanguage\":\"en-US\"},{\"@type\":\"ImageObject\",\"inLanguage\":\"en-US\",\"@id\":\"https:\\\/\\\/mmkriepas.lv\\\/en\\\/p\\\/20555r16-viatti-strada-asimmetrico-v-130-91v\\\/#local-main-organization-logo\",\"url\":\"\",\"contentUrl\":\"\",\"caption\":\"MMK Riepas\"}]}<\/script>\n<meta property=\"product:brand\" content=\"Viatti Strada Asimmetrico V-130\" \/>\n<meta property=\"product:price:amount\" content=\"35.00\" \/>\n<meta property=\"product:price:currency\" content=\"EUR\" \/>\n<meta property=\"og:availability\" content=\"out of stock\" \/>\n<meta property=\"product:availability\" content=\"out of stock\" \/>\n<meta property=\"product:retailer_item_id\" content=\"TS2055516VIATT-14207\" \/>\n<meta property=\"product:condition\" content=\"new\" \/>\n<!-- \/ Yoast SEO Premium plugin. -->","yoast_head_json":{"title":"205\/55R16 Viatti Strada Asimmetrico V-130 91V (Continental) &#8226; MMK Riepas","robots":{"index":"index","follow":"follow","max-snippet":"max-snippet:-1","max-image-preview":"max-image-preview:large","max-video-preview":"max-video-preview:-1"},"canonical":"https:\/\/mmkriepas.lv\/en\/p\/20555r16-viatti-strada-asimmetrico-v-130-91v\/","og_locale":"en_US","og_type":"article","og_title":"205\/55R16 Viatti Strada Asimmetrico V-130 91V (Continental)","og_description":"MMK Serviss nov\u0113rt\u0113jums:\u00a0\u201dRa\u017eotas p\u0113c Continental ra\u017eo\u0161anas tehnolo\u0123ij\u0101m vasaras riepas. Kvalit\u0101te augst\u0101ka par samaks\u0101to naudu.\u201d \u013boti labi piem\u0113rotas Latvijas ce\u013ciem. Riepas klusas braucot pa \u0161osej\u0101m. Ekonomiskas brauk\u0161anai pa pils\u0113tu. Asimetriskais protektora dizains pal\u012bdz\u0113s izbraukt ar\u012b lauku ce\u013cus. Riepas protektora konstrukcija un protektora dzi\u013cums piem\u0113rots m\u016bsdienu pras\u012bb\u0101m - ilgtsp\u0113j\u012bgas un ar labiem veiktsp\u0113jas r\u0101d\u012bt\u0101jiem uz sausa un mitra seguma.","og_url":"https:\/\/mmkriepas.lv\/en\/p\/20555r16-viatti-strada-asimmetrico-v-130-91v\/","og_site_name":"MMK Riepas","article_publisher":"https:\/\/www.facebook.com\/mmkserviss\/","article_modified_time":"2025-02-12T20:25:08+00:00","og_image":[{"width":1920,"height":1440,"url":"https:\/\/mmkriepas.lv\/wp-content\/uploads\/2023\/02\/18565r14-viatti-strada-asimmetrico-v-130-88h-continental-vasaras-riepas.jpeg","type":"image\/jpeg"}],"twitter_card":"summary_large_image","twitter_misc":{"Price":"&euro;35.00","Availability":"Out of stock"},"schema":{"@context":"https:\/\/schema.org","@graph":[{"@type":"WebPage","@id":"https:\/\/mmkriepas.lv\/en\/p\/20555r16-viatti-strada-asimmetrico-v-130-91v\/","url":"https:\/\/mmkriepas.lv\/en\/p\/20555r16-viatti-strada-asimmetrico-v-130-91v\/","name":"205\/55R16 Viatti Strada Asimmetrico V-130 91V (Continental) &#8226; MMK Riepas","isPartOf":{"@id":"https:\/\/mmkriepas.lv\/en\/#website"},"primaryImageOfPage":{"@id":"https:\/\/mmkriepas.lv\/en\/p\/20555r16-viatti-strada-asimmetrico-v-130-91v\/#primaryimage"},"image":{"@id":"https:\/\/mmkriepas.lv\/en\/p\/20555r16-viatti-strada-asimmetrico-v-130-91v\/#primaryimage"},"thumbnailUrl":"https:\/\/mmkriepas.lv\/wp-content\/uploads\/2023\/02\/18565r14-viatti-strada-asimmetrico-v-130-88h-continental-vasaras-riepas.jpeg","datePublished":"2018-03-09T16:13:51+00:00","dateModified":"2025-02-12T20:25:08+00:00","breadcrumb":{"@id":"https:\/\/mmkriepas.lv\/en\/p\/20555r16-viatti-strada-asimmetrico-v-130-91v\/#breadcrumb"},"inLanguage":"en-US","potentialAction":[{"@type":"ReadAction","target":["https:\/\/mmkriepas.lv\/en\/p\/20555r16-viatti-strada-asimmetrico-v-130-91v\/"]}]},{"@type":"ImageObject","inLanguage":"en-US","@id":"https:\/\/mmkriepas.lv\/en\/p\/20555r16-viatti-strada-asimmetrico-v-130-91v\/#primaryimage","url":"https:\/\/mmkriepas.lv\/wp-content\/uploads\/2023\/02\/18565r14-viatti-strada-asimmetrico-v-130-88h-continental-vasaras-riepas.jpeg","contentUrl":"https:\/\/mmkriepas.lv\/wp-content\/uploads\/2023\/02\/18565r14-viatti-strada-asimmetrico-v-130-88h-continental-vasaras-riepas.jpeg","width":1920,"height":1440,"caption":"185\/65R14 Viatti Strada Asimmetrico V-130 88H (Continental) - Vasaras riepas"},{"@type":"BreadcrumbList","@id":"https:\/\/mmkriepas.lv\/en\/p\/20555r16-viatti-strada-asimmetrico-v-130-91v\/#breadcrumb","itemListElement":[{"@type":"ListItem","position":1,"name":"S\u0101kums","item":"https:\/\/mmkriepas.lv\/en\/"},{"@type":"ListItem","position":2,"name":"205\/55R16 Viatti Strada Asimmetrico V-130 91V (Continental)"}]},{"@type":"WebSite","@id":"https:\/\/mmkriepas.lv\/en\/#website","url":"https:\/\/mmkriepas.lv\/en\/","name":"MMK Riepas","description":"MMK Riepas","alternateName":"MMK Riepu Serviss","potentialAction":[{"@type":"SearchAction","target":{"@type":"EntryPoint","urlTemplate":"https:\/\/mmkriepas.lv\/en\/?s={search_term_string}"},"query-input":{"@type":"PropertyValueSpecification","valueRequired":true,"valueName":"search_term_string"}}],"inLanguage":"en-US"},{"@type":"ImageObject","inLanguage":"en-US","@id":"https:\/\/mmkriepas.lv\/en\/p\/20555r16-viatti-strada-asimmetrico-v-130-91v\/#local-main-organization-logo","url":"","contentUrl":"","caption":"MMK Riepas"}]},"product_brand":"Viatti Strada Asimmetrico V-130","product_price_amount":"35.00","product_price_currency":"EUR","og_availability":"out of stock","product_availability":"out of stock","product_retailer_item_id":"TS2055516VIATT-14207","product_condition":"new"},"_links":{"self":[{"href":"https:\/\/mmkriepas.lv\/en\/wp-json\/wp\/v2\/product\/11794","targetHints":{"allow":["GET"]}}],"collection":[{"href":"https:\/\/mmkriepas.lv\/en\/wp-json\/wp\/v2\/product"}],"about":[{"href":"https:\/\/mmkriepas.lv\/en\/wp-json\/wp\/v2\/types\/product"}],"wp:featuredmedia":[{"embeddable":true,"href":"https:\/\/mmkriepas.lv\/en\/wp-json\/wp\/v2\/media\/634475"}],"wp:attachment":[{"href":"https:\/\/mmkriepas.lv\/en\/wp-json\/wp\/v2\/media?parent=11794"}],"wp:term":[{"taxonomy":"product_brand","embeddable":true,"href":"https:\/\/mmkriepas.lv\/en\/wp-json\/wp\/v2\/product_brand?post=11794"},{"taxonomy":"product_cat","embeddable":true,"href":"https:\/\/mmkriepas.lv\/en\/wp-json\/wp\/v2\/product_cat?post=11794"},{"taxonomy":"product_tag","embeddable":true,"href":"https:\/\/mmkriepas.lv\/en\/wp-json\/wp\/v2\/product_tag?post=11794"}],"curies":[{"name":"wp","href":"https:\/\/api.w.org\/{rel}","templated":true}]}}