{"id":11675,"date":"2018-03-05T10:53:50","date_gmt":"2018-03-05T08:53:50","guid":{"rendered":"https:\/\/mmkserviss.lv\/?post_type=product&#038;p=11675"},"modified":"2024-02-13T14:23:23","modified_gmt":"2024-02-13T12:23:23","slug":"20550r16-laufenn-s-fit-eq-lk01-87v","status":"publish","type":"product","link":"https:\/\/mmkriepas.lv\/en\/p\/20550r16-laufenn-s-fit-eq-lk01-87v\/","title":{"rendered":"205\/50R16 Laufenn S FIT EQ+ LK01 87V (Hankook)"},"content":{"rendered":"<p><span style=\"font-family: Arial, sans-serif;\"><span style=\"font-size: small;\"><b>Laufenn S FIT EQ+ LK01<\/b> ir vasaras riepu modelis, kas paredz\u0113ts vad\u012bt\u0101jiem, kas mekl\u0113 \u0101tru un dro\u0161u brauk\u0161anu mitros un sausos apst\u0101k\u013cos. Uzlabota sa\u0137ere uz mitra seguma, \u012bpa\u0161i \u012bs\u0101ks bremz\u0113\u0161anas ce\u013c\u0161, degvielas ekonomija un augsts brauk\u0161anas komforts. <\/span><\/span><\/p>\n<p><span style=\"font-family: Arial, sans-serif;\"><span style=\"font-size: large;\"><b>S FIT EQ+ LK01 galven\u0101s iez\u012bmes<\/b><\/span><\/span><\/p>\n<p><span style=\"font-family: Arial, sans-serif;\"><span style=\"font-size: medium;\">+ Vid\u0113j\u0101 klase. \u0145emot v\u0113r\u0101 Hankook tehnolo\u0123iju pielietojumu, veiktsp\u0113jas zi\u0146\u0101 b\u016btiski neatpaliek no premium klases<br \/>+ \u013boti labi piem\u0113rotas Latvijas ce\u013ciem\u00a0<br \/>+ Jaunas tehnolo\u0123ijas \u2013 lieliska st\u016br\u0113\u0161ana un \u0113rta brauk\u0161ana\u00a0<br \/>+ Testi uzr\u0101da \u013coti labas sa\u0137eres un vad\u0101m\u012bbas \u012bpa\u0161\u012bbas (\u012bpa\u0161i uz mitra seguma)<br \/>+ \u012ass bremz\u0113\u0161anas ce\u013c\u0161 (jauns protektora dizains)<br \/>+ Iztur\u012bga riepas bortu uzb\u016bve (riepas ir iztur\u012bgas pret triecieniem)<br \/>+ Disku aizsargmala<br \/>+ Klusas riepas<\/span><\/span><\/p>\n","protected":false},"excerpt":{"rendered":"<p><span style=\"font-family: Arial, sans-serif;\"><span style=\"font-size: small;\"><b>Laufenn S FIT EQ+ LK01<\/b> ir vasaras riepu modelis, kas paredz\u0113ts vad\u012bt\u0101jiem, kas mekl\u0113 \u0101tru un dro\u0161u brauk\u0161anu mitros un sausos apst\u0101k\u013cos. Uzlabota sa\u0137ere uz mitra seguma, \u012bpa\u0161i \u012bs\u0101ks bremz\u0113\u0161anas ce\u013c\u0161, degvielas ekonomija un augsts brauk\u0161anas komforts. <\/span><\/span><\/p>\n","protected":false},"featured_media":769734,"template":"","meta":{"_acf_changed":false,"ngg_post_thumbnail":0},"product_brand":[],"product_cat":[46],"product_tag":[],"class_list":{"0":"post-11675","1":"product","2":"type-product","3":"status-publish","4":"has-post-thumbnail","6":"product_cat-vasaras-riepas","8":"first","9":"instock","10":"taxable","11":"shipping-taxable","12":"product-type-simple"},"acf":[],"yoast_head":"<!-- This site is optimized with the Yoast SEO Premium plugin v22.6 (Yoast SEO v27.3) - https:\/\/yoast.com\/product\/yoast-seo-premium-wordpress\/ -->\n<title>205\/50R16 Laufenn S FIT EQ+ LK01 87V (Hankook) &#8226; MMK Riepas<\/title>\n<meta name=\"robots\" content=\"index, follow, max-snippet:-1, max-image-preview:large, max-video-preview:-1\" \/>\n<link rel=\"canonical\" href=\"https:\/\/mmkriepas.lv\/en\/p\/20550r16-laufenn-s-fit-eq-lk01-87v\/\" \/>\n<meta property=\"og:locale\" content=\"en_US\" \/>\n<meta property=\"og:type\" content=\"article\" \/>\n<meta property=\"og:title\" content=\"205\/50R16 Laufenn S FIT EQ+ LK01 87V (Hankook)\" \/>\n<meta property=\"og:description\" content=\"Laufenn S FIT EQ+ LK01 ir vasaras riepu modelis, kas paredz\u0113ts vad\u012bt\u0101jiem, kas mekl\u0113 \u0101tru un dro\u0161u brauk\u0161anu mitros un sausos apst\u0101k\u013cos. Uzlabota sa\u0137ere uz mitra seguma, \u012bpa\u0161i \u012bs\u0101ks bremz\u0113\u0161anas ce\u013c\u0161, degvielas ekonomija un augsts brauk\u0161anas komforts.\" \/>\n<meta property=\"og:url\" content=\"https:\/\/mmkriepas.lv\/en\/p\/20550r16-laufenn-s-fit-eq-lk01-87v\/\" \/>\n<meta property=\"og:site_name\" content=\"MMK Riepas\" \/>\n<meta property=\"article:publisher\" content=\"https:\/\/www.facebook.com\/mmkserviss\/\" \/>\n<meta property=\"article:modified_time\" content=\"2024-02-13T12:23:23+00:00\" \/>\n<meta property=\"og:image\" content=\"https:\/\/mmkriepas.lv\/wp-content\/uploads\/2023\/08\/22555r16-laufenn-s-fit-eq-lk01-95v-hankook-vasaras-riepas.jpeg\" \/>\n\t<meta property=\"og:image:width\" content=\"1920\" \/>\n\t<meta property=\"og:image:height\" content=\"1440\" \/>\n\t<meta property=\"og:image:type\" content=\"image\/jpeg\" \/>\n<meta name=\"twitter:card\" content=\"summary_large_image\" \/>\n<meta name=\"twitter:label1\" content=\"Price\" \/>\n\t<meta name=\"twitter:data1\" content=\"&euro;76.00\" \/>\n\t<meta name=\"twitter:label2\" content=\"Availability\" \/>\n\t<meta name=\"twitter:data2\" content=\"In stock\" \/>\n<script type=\"application\/ld+json\" class=\"yoast-schema-graph\">{\"@context\":\"https:\\\/\\\/schema.org\",\"@graph\":[{\"@type\":\"WebPage\",\"@id\":\"https:\\\/\\\/mmkriepas.lv\\\/en\\\/p\\\/20550r16-laufenn-s-fit-eq-lk01-87v\\\/\",\"url\":\"https:\\\/\\\/mmkriepas.lv\\\/en\\\/p\\\/20550r16-laufenn-s-fit-eq-lk01-87v\\\/\",\"name\":\"205\\\/50R16 Laufenn S FIT EQ+ LK01 87V (Hankook) &#8226; MMK Riepas\",\"isPartOf\":{\"@id\":\"https:\\\/\\\/mmkriepas.lv\\\/en\\\/#website\"},\"primaryImageOfPage\":{\"@id\":\"https:\\\/\\\/mmkriepas.lv\\\/en\\\/p\\\/20550r16-laufenn-s-fit-eq-lk01-87v\\\/#primaryimage\"},\"image\":{\"@id\":\"https:\\\/\\\/mmkriepas.lv\\\/en\\\/p\\\/20550r16-laufenn-s-fit-eq-lk01-87v\\\/#primaryimage\"},\"thumbnailUrl\":\"https:\\\/\\\/mmkriepas.lv\\\/wp-content\\\/uploads\\\/2023\\\/08\\\/22555r16-laufenn-s-fit-eq-lk01-95v-hankook-vasaras-riepas.jpeg\",\"datePublished\":\"2018-03-05T08:53:50+00:00\",\"dateModified\":\"2024-02-13T12:23:23+00:00\",\"breadcrumb\":{\"@id\":\"https:\\\/\\\/mmkriepas.lv\\\/en\\\/p\\\/20550r16-laufenn-s-fit-eq-lk01-87v\\\/#breadcrumb\"},\"inLanguage\":\"en-US\",\"potentialAction\":[{\"@type\":\"ReadAction\",\"target\":[\"https:\\\/\\\/mmkriepas.lv\\\/en\\\/p\\\/20550r16-laufenn-s-fit-eq-lk01-87v\\\/\"]}]},{\"@type\":\"ImageObject\",\"inLanguage\":\"en-US\",\"@id\":\"https:\\\/\\\/mmkriepas.lv\\\/en\\\/p\\\/20550r16-laufenn-s-fit-eq-lk01-87v\\\/#primaryimage\",\"url\":\"https:\\\/\\\/mmkriepas.lv\\\/wp-content\\\/uploads\\\/2023\\\/08\\\/22555r16-laufenn-s-fit-eq-lk01-95v-hankook-vasaras-riepas.jpeg\",\"contentUrl\":\"https:\\\/\\\/mmkriepas.lv\\\/wp-content\\\/uploads\\\/2023\\\/08\\\/22555r16-laufenn-s-fit-eq-lk01-95v-hankook-vasaras-riepas.jpeg\",\"width\":1920,\"height\":1440,\"caption\":\"225\\\/55R16 Laufenn S FIT EQ+ LK01 95V (Hankook) - Vasaras riepas\"},{\"@type\":\"BreadcrumbList\",\"@id\":\"https:\\\/\\\/mmkriepas.lv\\\/en\\\/p\\\/20550r16-laufenn-s-fit-eq-lk01-87v\\\/#breadcrumb\",\"itemListElement\":[{\"@type\":\"ListItem\",\"position\":1,\"name\":\"S\u0101kums\",\"item\":\"https:\\\/\\\/mmkriepas.lv\\\/en\\\/\"},{\"@type\":\"ListItem\",\"position\":2,\"name\":\"205\\\/50R16 Laufenn S FIT EQ+ LK01 87V (Hankook)\"}]},{\"@type\":\"WebSite\",\"@id\":\"https:\\\/\\\/mmkriepas.lv\\\/en\\\/#website\",\"url\":\"https:\\\/\\\/mmkriepas.lv\\\/en\\\/\",\"name\":\"MMK Riepas\",\"description\":\"MMK Riepas\",\"alternateName\":\"MMK Riepu Serviss\",\"potentialAction\":[{\"@type\":\"SearchAction\",\"target\":{\"@type\":\"EntryPoint\",\"urlTemplate\":\"https:\\\/\\\/mmkriepas.lv\\\/en\\\/?s={search_term_string}\"},\"query-input\":{\"@type\":\"PropertyValueSpecification\",\"valueRequired\":true,\"valueName\":\"search_term_string\"}}],\"inLanguage\":\"en-US\"},{\"@type\":\"ImageObject\",\"inLanguage\":\"en-US\",\"@id\":\"https:\\\/\\\/mmkriepas.lv\\\/en\\\/p\\\/20550r16-laufenn-s-fit-eq-lk01-87v\\\/#local-main-organization-logo\",\"url\":\"\",\"contentUrl\":\"\",\"caption\":\"MMK Riepas\"}]}<\/script>\n<meta property=\"product:brand\" content=\"Laufenn S FIT EQ+ LK01\" \/>\n<meta property=\"product:price:amount\" content=\"76.00\" \/>\n<meta property=\"product:price:currency\" content=\"EUR\" \/>\n<meta property=\"og:availability\" content=\"instock\" \/>\n<meta property=\"product:availability\" content=\"instock\" \/>\n<meta property=\"product:condition\" content=\"new\" \/>\n<!-- \/ Yoast SEO Premium plugin. -->","yoast_head_json":{"title":"205\/50R16 Laufenn S FIT EQ+ LK01 87V (Hankook) &#8226; MMK Riepas","robots":{"index":"index","follow":"follow","max-snippet":"max-snippet:-1","max-image-preview":"max-image-preview:large","max-video-preview":"max-video-preview:-1"},"canonical":"https:\/\/mmkriepas.lv\/en\/p\/20550r16-laufenn-s-fit-eq-lk01-87v\/","og_locale":"en_US","og_type":"article","og_title":"205\/50R16 Laufenn S FIT EQ+ LK01 87V (Hankook)","og_description":"Laufenn S FIT EQ+ LK01 ir vasaras riepu modelis, kas paredz\u0113ts vad\u012bt\u0101jiem, kas mekl\u0113 \u0101tru un dro\u0161u brauk\u0161anu mitros un sausos apst\u0101k\u013cos. Uzlabota sa\u0137ere uz mitra seguma, \u012bpa\u0161i \u012bs\u0101ks bremz\u0113\u0161anas ce\u013c\u0161, degvielas ekonomija un augsts brauk\u0161anas komforts.","og_url":"https:\/\/mmkriepas.lv\/en\/p\/20550r16-laufenn-s-fit-eq-lk01-87v\/","og_site_name":"MMK Riepas","article_publisher":"https:\/\/www.facebook.com\/mmkserviss\/","article_modified_time":"2024-02-13T12:23:23+00:00","og_image":[{"width":1920,"height":1440,"url":"https:\/\/mmkriepas.lv\/wp-content\/uploads\/2023\/08\/22555r16-laufenn-s-fit-eq-lk01-95v-hankook-vasaras-riepas.jpeg","type":"image\/jpeg"}],"twitter_card":"summary_large_image","twitter_misc":{"Price":"&euro;76.00","Availability":"In stock"},"schema":{"@context":"https:\/\/schema.org","@graph":[{"@type":"WebPage","@id":"https:\/\/mmkriepas.lv\/en\/p\/20550r16-laufenn-s-fit-eq-lk01-87v\/","url":"https:\/\/mmkriepas.lv\/en\/p\/20550r16-laufenn-s-fit-eq-lk01-87v\/","name":"205\/50R16 Laufenn S FIT EQ+ LK01 87V (Hankook) &#8226; MMK Riepas","isPartOf":{"@id":"https:\/\/mmkriepas.lv\/en\/#website"},"primaryImageOfPage":{"@id":"https:\/\/mmkriepas.lv\/en\/p\/20550r16-laufenn-s-fit-eq-lk01-87v\/#primaryimage"},"image":{"@id":"https:\/\/mmkriepas.lv\/en\/p\/20550r16-laufenn-s-fit-eq-lk01-87v\/#primaryimage"},"thumbnailUrl":"https:\/\/mmkriepas.lv\/wp-content\/uploads\/2023\/08\/22555r16-laufenn-s-fit-eq-lk01-95v-hankook-vasaras-riepas.jpeg","datePublished":"2018-03-05T08:53:50+00:00","dateModified":"2024-02-13T12:23:23+00:00","breadcrumb":{"@id":"https:\/\/mmkriepas.lv\/en\/p\/20550r16-laufenn-s-fit-eq-lk01-87v\/#breadcrumb"},"inLanguage":"en-US","potentialAction":[{"@type":"ReadAction","target":["https:\/\/mmkriepas.lv\/en\/p\/20550r16-laufenn-s-fit-eq-lk01-87v\/"]}]},{"@type":"ImageObject","inLanguage":"en-US","@id":"https:\/\/mmkriepas.lv\/en\/p\/20550r16-laufenn-s-fit-eq-lk01-87v\/#primaryimage","url":"https:\/\/mmkriepas.lv\/wp-content\/uploads\/2023\/08\/22555r16-laufenn-s-fit-eq-lk01-95v-hankook-vasaras-riepas.jpeg","contentUrl":"https:\/\/mmkriepas.lv\/wp-content\/uploads\/2023\/08\/22555r16-laufenn-s-fit-eq-lk01-95v-hankook-vasaras-riepas.jpeg","width":1920,"height":1440,"caption":"225\/55R16 Laufenn S FIT EQ+ LK01 95V (Hankook) - Vasaras riepas"},{"@type":"BreadcrumbList","@id":"https:\/\/mmkriepas.lv\/en\/p\/20550r16-laufenn-s-fit-eq-lk01-87v\/#breadcrumb","itemListElement":[{"@type":"ListItem","position":1,"name":"S\u0101kums","item":"https:\/\/mmkriepas.lv\/en\/"},{"@type":"ListItem","position":2,"name":"205\/50R16 Laufenn S FIT EQ+ LK01 87V (Hankook)"}]},{"@type":"WebSite","@id":"https:\/\/mmkriepas.lv\/en\/#website","url":"https:\/\/mmkriepas.lv\/en\/","name":"MMK Riepas","description":"MMK Riepas","alternateName":"MMK Riepu Serviss","potentialAction":[{"@type":"SearchAction","target":{"@type":"EntryPoint","urlTemplate":"https:\/\/mmkriepas.lv\/en\/?s={search_term_string}"},"query-input":{"@type":"PropertyValueSpecification","valueRequired":true,"valueName":"search_term_string"}}],"inLanguage":"en-US"},{"@type":"ImageObject","inLanguage":"en-US","@id":"https:\/\/mmkriepas.lv\/en\/p\/20550r16-laufenn-s-fit-eq-lk01-87v\/#local-main-organization-logo","url":"","contentUrl":"","caption":"MMK Riepas"}]},"product_brand":"Laufenn S FIT EQ+ LK01","product_price_amount":"76.00","product_price_currency":"EUR","og_availability":"instock","product_availability":"instock","product_condition":"new"},"_links":{"self":[{"href":"https:\/\/mmkriepas.lv\/en\/wp-json\/wp\/v2\/product\/11675","targetHints":{"allow":["GET"]}}],"collection":[{"href":"https:\/\/mmkriepas.lv\/en\/wp-json\/wp\/v2\/product"}],"about":[{"href":"https:\/\/mmkriepas.lv\/en\/wp-json\/wp\/v2\/types\/product"}],"wp:featuredmedia":[{"embeddable":true,"href":"https:\/\/mmkriepas.lv\/en\/wp-json\/wp\/v2\/media\/769734"}],"wp:attachment":[{"href":"https:\/\/mmkriepas.lv\/en\/wp-json\/wp\/v2\/media?parent=11675"}],"wp:term":[{"taxonomy":"product_brand","embeddable":true,"href":"https:\/\/mmkriepas.lv\/en\/wp-json\/wp\/v2\/product_brand?post=11675"},{"taxonomy":"product_cat","embeddable":true,"href":"https:\/\/mmkriepas.lv\/en\/wp-json\/wp\/v2\/product_cat?post=11675"},{"taxonomy":"product_tag","embeddable":true,"href":"https:\/\/mmkriepas.lv\/en\/wp-json\/wp\/v2\/product_tag?post=11675"}],"curies":[{"name":"wp","href":"https:\/\/api.w.org\/{rel}","templated":true}]}}