{"id":1160805,"date":"2025-02-07T18:26:26","date_gmt":"2025-02-07T16:26:26","guid":{"rendered":"https:\/\/mmkriepas.lv\/?post_type=product&#038;p=1160805"},"modified":"2026-03-30T13:27:25","modified_gmt":"2026-03-30T10:27:25","slug":"235-65r16c-sunfull-sf-05-121-119r","status":"publish","type":"product","link":"https:\/\/mmkriepas.lv\/en\/p\/235-65r16c-sunfull-sf-05-121-119r\/","title":{"rendered":"235\/65R16C Sunfull SF-05 121\/119R"},"content":{"rendered":"<p><b><span style=\"font-family: 'Arial',sans-serif;\">Sunfull SF-05<\/span><\/b><span style=\"font-family: 'Arial',sans-serif;\"> ir vasaras komerctransporta jeb c indeksa riepu modelis. Tas paredz\u0113ts tiem komercauto \u0161oferiem, kas ne tikai v\u0113las justies dro\u0161i un veikt lielus att\u0101lumus, bet ar\u012b saglab\u0101t komfortu un ietaup\u012bt.<o:p><\/o:p><\/span><\/p>\n<h3><span style=\"font-family: 'Arial',sans-serif;\">SF-05 galven\u0101s iez\u012bmes<o:p><\/o:p><\/span><\/h3>\n<p><span style=\"font-family: 'Arial',sans-serif;\">+ Augsta uzticam\u012bba, pateicoties nodilumiztur\u012bgam gumijas mais\u012bjumam un pastiprin\u0101tam riepas karkasam,<o:p><\/o:p><\/span><\/p>\n<p><span style=\"font-family: 'Arial',sans-serif;\">+ Veiktsp\u0113ju uz zemas kvalit\u0101tes ce\u013ca seguma nodro\u0161ina \u012bpa\u0161i izveidots protektora raksts un dren\u0101\u017eas kan\u0101lu sist\u0113ma,<o:p><\/o:p><\/span><\/p>\n<p><span style=\"font-family: 'Arial',sans-serif;\">+ Palielin\u0101ts protektora kontakta laukums un dren\u0101\u017eas kan\u0101lu izm\u0113rs uzlabo sa\u0137eri ar saus\u0101m un mitr\u0101m virsm\u0101m.<o:p><\/o:p><\/span><\/p>\n<h3><span style=\"font-family: 'Arial',sans-serif;\">SF-05 apr\u012bkojums<o:p><\/o:p><\/span><\/h3>\n<p><b><span style=\"font-family: 'Arial',sans-serif;\">Sunfull SF-05<\/span><\/b><span style=\"font-family: 'Arial',sans-serif;\"> komerctransporta riepu modelis apr\u012bkots ar mas\u012bv\u0101m, nep\u0101rtraukt\u0101m protektora bloku virkn\u0113m. \u0160\u0101ds dizains garant\u0113 optim\u0101lu kravas sadal\u012bjumu vis\u0101 kontakta virsm\u0101 ar ce\u013cu, palielinot \u0161\u012b mode\u013ca riepu nodilumiztur\u012bbu.Riepas karkass darin\u0101ts no liela daudzuma \u012bpa\u0161i iztur\u012bgu kordu sl\u0101\u0146u un t\u0101 iet\u0113rpta augstas kvalit\u0101tes, elastrom\u0113riem bag\u0101t\u0101 gumijas mais\u012bjum\u0101.<\/span><\/p>\n","protected":false},"excerpt":{"rendered":"<p><b><span style=\"font-family: 'Arial',sans-serif;\">Sunfull SF-05<\/span><\/b><span style=\"font-family: 'Arial',sans-serif;\"> ir vasaras komerctransporta jeb c indeksa riepu modelis. Tas paredz\u0113ts tiem komercauto \u0161oferiem, kas ne tikai v\u0113las justies dro\u0161i un veikt lielus att\u0101lumus, bet ar\u012b saglab\u0101t komfortu un ietaup\u012bt.<\/span><\/p>\n","protected":false},"featured_media":862557,"template":"","meta":{"_acf_changed":false,"ngg_post_thumbnail":0},"product_brand":[],"product_cat":[46],"product_tag":[],"class_list":{"0":"post-1160805","1":"product","2":"type-product","3":"status-publish","4":"has-post-thumbnail","6":"product_cat-vasaras-riepas","8":"first","9":"instock","10":"sale","11":"taxable","12":"shipping-taxable","13":"purchasable","14":"product-type-simple"},"acf":[],"yoast_head":"<!-- This site is optimized with the Yoast SEO Premium plugin v22.6 (Yoast SEO v27.3) - https:\/\/yoast.com\/product\/yoast-seo-premium-wordpress\/ -->\n<title>235\/65R16C Sunfull SF-05 121\/119R &#8226; MMK Riepas<\/title>\n<meta name=\"robots\" content=\"index, follow, max-snippet:-1, max-image-preview:large, max-video-preview:-1\" \/>\n<link rel=\"canonical\" href=\"https:\/\/mmkriepas.lv\/en\/p\/235-65r16c-sunfull-sf-05-121-119r\/\" \/>\n<meta property=\"og:locale\" content=\"en_US\" \/>\n<meta property=\"og:type\" content=\"article\" \/>\n<meta property=\"og:title\" content=\"235\/65R16C Sunfull SF-05 121\/119R\" \/>\n<meta property=\"og:description\" content=\"Sunfull SF-05 ir vasaras komerctransporta jeb c indeksa riepu modelis. Tas paredz\u0113ts tiem komercauto \u0161oferiem, kas ne tikai v\u0113las justies dro\u0161i un veikt lielus att\u0101lumus, bet ar\u012b saglab\u0101t komfortu un ietaup\u012bt.\" \/>\n<meta property=\"og:url\" content=\"https:\/\/mmkriepas.lv\/en\/p\/235-65r16c-sunfull-sf-05-121-119r\/\" \/>\n<meta property=\"og:site_name\" content=\"MMK Riepas\" \/>\n<meta property=\"article:publisher\" content=\"https:\/\/www.facebook.com\/mmkserviss\/\" \/>\n<meta property=\"article:modified_time\" content=\"2026-03-30T10:27:25+00:00\" \/>\n<meta property=\"og:image\" content=\"https:\/\/mmkriepas.lv\/wp-content\/uploads\/2024\/02\/19575r16c-sunfull-sf-05-107105r-vasaras-riepas.jpeg\" \/>\n\t<meta property=\"og:image:width\" content=\"1920\" \/>\n\t<meta property=\"og:image:height\" content=\"1541\" \/>\n\t<meta property=\"og:image:type\" content=\"image\/jpeg\" \/>\n<meta name=\"twitter:card\" content=\"summary_large_image\" \/>\n<meta name=\"twitter:label1\" content=\"Price\" \/>\n\t<meta name=\"twitter:data1\" content=\"&euro;71.00\" \/>\n\t<meta name=\"twitter:label2\" content=\"Availability\" \/>\n\t<meta name=\"twitter:data2\" content=\"In stock\" \/>\n<script type=\"application\/ld+json\" class=\"yoast-schema-graph\">{\"@context\":\"https:\\\/\\\/schema.org\",\"@graph\":[{\"@type\":\"WebPage\",\"@id\":\"https:\\\/\\\/mmkriepas.lv\\\/en\\\/p\\\/235-65r16c-sunfull-sf-05-121-119r\\\/\",\"url\":\"https:\\\/\\\/mmkriepas.lv\\\/en\\\/p\\\/235-65r16c-sunfull-sf-05-121-119r\\\/\",\"name\":\"235\\\/65R16C Sunfull SF-05 121\\\/119R &#8226; MMK Riepas\",\"isPartOf\":{\"@id\":\"https:\\\/\\\/mmkriepas.lv\\\/en\\\/#website\"},\"primaryImageOfPage\":{\"@id\":\"https:\\\/\\\/mmkriepas.lv\\\/en\\\/p\\\/235-65r16c-sunfull-sf-05-121-119r\\\/#primaryimage\"},\"image\":{\"@id\":\"https:\\\/\\\/mmkriepas.lv\\\/en\\\/p\\\/235-65r16c-sunfull-sf-05-121-119r\\\/#primaryimage\"},\"thumbnailUrl\":\"https:\\\/\\\/mmkriepas.lv\\\/wp-content\\\/uploads\\\/2024\\\/02\\\/19575r16c-sunfull-sf-05-107105r-vasaras-riepas.jpeg\",\"datePublished\":\"2025-02-07T16:26:26+00:00\",\"dateModified\":\"2026-03-30T10:27:25+00:00\",\"breadcrumb\":{\"@id\":\"https:\\\/\\\/mmkriepas.lv\\\/en\\\/p\\\/235-65r16c-sunfull-sf-05-121-119r\\\/#breadcrumb\"},\"inLanguage\":\"en-US\",\"potentialAction\":[{\"@type\":\"ReadAction\",\"target\":[\"https:\\\/\\\/mmkriepas.lv\\\/en\\\/p\\\/235-65r16c-sunfull-sf-05-121-119r\\\/\"]}]},{\"@type\":\"ImageObject\",\"inLanguage\":\"en-US\",\"@id\":\"https:\\\/\\\/mmkriepas.lv\\\/en\\\/p\\\/235-65r16c-sunfull-sf-05-121-119r\\\/#primaryimage\",\"url\":\"https:\\\/\\\/mmkriepas.lv\\\/wp-content\\\/uploads\\\/2024\\\/02\\\/19575r16c-sunfull-sf-05-107105r-vasaras-riepas.jpeg\",\"contentUrl\":\"https:\\\/\\\/mmkriepas.lv\\\/wp-content\\\/uploads\\\/2024\\\/02\\\/19575r16c-sunfull-sf-05-107105r-vasaras-riepas.jpeg\",\"width\":1920,\"height\":1541,\"caption\":\"Sunfull vasaras riepas SF-05 MMK Riepu Serviss\"},{\"@type\":\"BreadcrumbList\",\"@id\":\"https:\\\/\\\/mmkriepas.lv\\\/en\\\/p\\\/235-65r16c-sunfull-sf-05-121-119r\\\/#breadcrumb\",\"itemListElement\":[{\"@type\":\"ListItem\",\"position\":1,\"name\":\"S\u0101kums\",\"item\":\"https:\\\/\\\/mmkriepas.lv\\\/en\\\/\"},{\"@type\":\"ListItem\",\"position\":2,\"name\":\"235\\\/65R16C Sunfull SF-05 121\\\/119R\"}]},{\"@type\":\"WebSite\",\"@id\":\"https:\\\/\\\/mmkriepas.lv\\\/en\\\/#website\",\"url\":\"https:\\\/\\\/mmkriepas.lv\\\/en\\\/\",\"name\":\"MMK Riepas\",\"description\":\"MMK Riepas\",\"alternateName\":\"MMK Riepu Serviss\",\"potentialAction\":[{\"@type\":\"SearchAction\",\"target\":{\"@type\":\"EntryPoint\",\"urlTemplate\":\"https:\\\/\\\/mmkriepas.lv\\\/en\\\/?s={search_term_string}\"},\"query-input\":{\"@type\":\"PropertyValueSpecification\",\"valueRequired\":true,\"valueName\":\"search_term_string\"}}],\"inLanguage\":\"en-US\"},{\"@type\":\"ImageObject\",\"inLanguage\":\"en-US\",\"@id\":\"https:\\\/\\\/mmkriepas.lv\\\/en\\\/p\\\/235-65r16c-sunfull-sf-05-121-119r\\\/#local-main-organization-logo\",\"url\":\"\",\"contentUrl\":\"\",\"caption\":\"MMK Riepas\"}]}<\/script>\n<meta property=\"product:brand\" content=\"Sunfull SF-05\" \/>\n<meta property=\"product:price:amount\" content=\"71.00\" \/>\n<meta property=\"product:price:currency\" content=\"EUR\" \/>\n<meta property=\"og:availability\" content=\"instock\" \/>\n<meta property=\"product:availability\" content=\"instock\" \/>\n<meta property=\"product:retailer_item_id\" content=\"TS2356516CSUNFU-44236\" \/>\n<meta property=\"product:condition\" content=\"new\" \/>\n<!-- \/ Yoast SEO Premium plugin. -->","yoast_head_json":{"title":"235\/65R16C Sunfull SF-05 121\/119R &#8226; MMK Riepas","robots":{"index":"index","follow":"follow","max-snippet":"max-snippet:-1","max-image-preview":"max-image-preview:large","max-video-preview":"max-video-preview:-1"},"canonical":"https:\/\/mmkriepas.lv\/en\/p\/235-65r16c-sunfull-sf-05-121-119r\/","og_locale":"en_US","og_type":"article","og_title":"235\/65R16C Sunfull SF-05 121\/119R","og_description":"Sunfull SF-05 ir vasaras komerctransporta jeb c indeksa riepu modelis. Tas paredz\u0113ts tiem komercauto \u0161oferiem, kas ne tikai v\u0113las justies dro\u0161i un veikt lielus att\u0101lumus, bet ar\u012b saglab\u0101t komfortu un ietaup\u012bt.","og_url":"https:\/\/mmkriepas.lv\/en\/p\/235-65r16c-sunfull-sf-05-121-119r\/","og_site_name":"MMK Riepas","article_publisher":"https:\/\/www.facebook.com\/mmkserviss\/","article_modified_time":"2026-03-30T10:27:25+00:00","og_image":[{"width":1920,"height":1541,"url":"https:\/\/mmkriepas.lv\/wp-content\/uploads\/2024\/02\/19575r16c-sunfull-sf-05-107105r-vasaras-riepas.jpeg","type":"image\/jpeg"}],"twitter_card":"summary_large_image","twitter_misc":{"Price":"&euro;71.00","Availability":"In stock"},"schema":{"@context":"https:\/\/schema.org","@graph":[{"@type":"WebPage","@id":"https:\/\/mmkriepas.lv\/en\/p\/235-65r16c-sunfull-sf-05-121-119r\/","url":"https:\/\/mmkriepas.lv\/en\/p\/235-65r16c-sunfull-sf-05-121-119r\/","name":"235\/65R16C Sunfull SF-05 121\/119R &#8226; MMK Riepas","isPartOf":{"@id":"https:\/\/mmkriepas.lv\/en\/#website"},"primaryImageOfPage":{"@id":"https:\/\/mmkriepas.lv\/en\/p\/235-65r16c-sunfull-sf-05-121-119r\/#primaryimage"},"image":{"@id":"https:\/\/mmkriepas.lv\/en\/p\/235-65r16c-sunfull-sf-05-121-119r\/#primaryimage"},"thumbnailUrl":"https:\/\/mmkriepas.lv\/wp-content\/uploads\/2024\/02\/19575r16c-sunfull-sf-05-107105r-vasaras-riepas.jpeg","datePublished":"2025-02-07T16:26:26+00:00","dateModified":"2026-03-30T10:27:25+00:00","breadcrumb":{"@id":"https:\/\/mmkriepas.lv\/en\/p\/235-65r16c-sunfull-sf-05-121-119r\/#breadcrumb"},"inLanguage":"en-US","potentialAction":[{"@type":"ReadAction","target":["https:\/\/mmkriepas.lv\/en\/p\/235-65r16c-sunfull-sf-05-121-119r\/"]}]},{"@type":"ImageObject","inLanguage":"en-US","@id":"https:\/\/mmkriepas.lv\/en\/p\/235-65r16c-sunfull-sf-05-121-119r\/#primaryimage","url":"https:\/\/mmkriepas.lv\/wp-content\/uploads\/2024\/02\/19575r16c-sunfull-sf-05-107105r-vasaras-riepas.jpeg","contentUrl":"https:\/\/mmkriepas.lv\/wp-content\/uploads\/2024\/02\/19575r16c-sunfull-sf-05-107105r-vasaras-riepas.jpeg","width":1920,"height":1541,"caption":"Sunfull vasaras riepas SF-05 MMK Riepu Serviss"},{"@type":"BreadcrumbList","@id":"https:\/\/mmkriepas.lv\/en\/p\/235-65r16c-sunfull-sf-05-121-119r\/#breadcrumb","itemListElement":[{"@type":"ListItem","position":1,"name":"S\u0101kums","item":"https:\/\/mmkriepas.lv\/en\/"},{"@type":"ListItem","position":2,"name":"235\/65R16C Sunfull SF-05 121\/119R"}]},{"@type":"WebSite","@id":"https:\/\/mmkriepas.lv\/en\/#website","url":"https:\/\/mmkriepas.lv\/en\/","name":"MMK Riepas","description":"MMK Riepas","alternateName":"MMK Riepu Serviss","potentialAction":[{"@type":"SearchAction","target":{"@type":"EntryPoint","urlTemplate":"https:\/\/mmkriepas.lv\/en\/?s={search_term_string}"},"query-input":{"@type":"PropertyValueSpecification","valueRequired":true,"valueName":"search_term_string"}}],"inLanguage":"en-US"},{"@type":"ImageObject","inLanguage":"en-US","@id":"https:\/\/mmkriepas.lv\/en\/p\/235-65r16c-sunfull-sf-05-121-119r\/#local-main-organization-logo","url":"","contentUrl":"","caption":"MMK Riepas"}]},"product_brand":"Sunfull SF-05","product_price_amount":"71.00","product_price_currency":"EUR","og_availability":"instock","product_availability":"instock","product_retailer_item_id":"TS2356516CSUNFU-44236","product_condition":"new"},"_links":{"self":[{"href":"https:\/\/mmkriepas.lv\/en\/wp-json\/wp\/v2\/product\/1160805","targetHints":{"allow":["GET"]}}],"collection":[{"href":"https:\/\/mmkriepas.lv\/en\/wp-json\/wp\/v2\/product"}],"about":[{"href":"https:\/\/mmkriepas.lv\/en\/wp-json\/wp\/v2\/types\/product"}],"wp:featuredmedia":[{"embeddable":true,"href":"https:\/\/mmkriepas.lv\/en\/wp-json\/wp\/v2\/media\/862557"}],"wp:attachment":[{"href":"https:\/\/mmkriepas.lv\/en\/wp-json\/wp\/v2\/media?parent=1160805"}],"wp:term":[{"taxonomy":"product_brand","embeddable":true,"href":"https:\/\/mmkriepas.lv\/en\/wp-json\/wp\/v2\/product_brand?post=1160805"},{"taxonomy":"product_cat","embeddable":true,"href":"https:\/\/mmkriepas.lv\/en\/wp-json\/wp\/v2\/product_cat?post=1160805"},{"taxonomy":"product_tag","embeddable":true,"href":"https:\/\/mmkriepas.lv\/en\/wp-json\/wp\/v2\/product_tag?post=1160805"}],"curies":[{"name":"wp","href":"https:\/\/api.w.org\/{rel}","templated":true}]}}