{"id":1160801,"date":"2025-02-07T18:26:20","date_gmt":"2025-02-07T16:26:20","guid":{"rendered":"https:\/\/mmkriepas.lv\/?post_type=product&#038;p=1160801"},"modified":"2026-03-27T23:28:25","modified_gmt":"2026-03-27T21:28:25","slug":"245-40r19-trazano-sport-sa-37-98y-xl","status":"publish","type":"product","link":"https:\/\/mmkriepas.lv\/en\/p\/245-40r19-trazano-sport-sa-37-98y-xl\/","title":{"rendered":"245\/40R19 Trazano Sport SA-37 98Y XL"},"content":{"rendered":"<p><span style=\"font-family: Times New Roman, serif;\"><span style=\"font-size: medium;\"><span style=\"font-family: Arial, serif;\"><b>Trazano<\/b><\/span><span style=\"font-family: Arial, serif;\"><b> Sport SA-37<\/b><\/span><span style=\"font-family: Arial, serif;\"> ir augstas veiktsp\u0113jas riepas. T\u0101m ir vair\u0101kas priek\u0161roc\u012bbas, tostarp samazin\u0101ta rites pretest\u012bba, zems trok\u0161\u0146a l\u012bmenis un izcila sa\u0137ere. T\u0101p\u0113c, mekl\u0113jot augstas veiktsp\u0113jas riepas, kas ir uzticamas un nemaks\u0101 d\u0101rgi, apsveriet Sport SA-37 riepas.<\/span><\/span><\/span><\/p>\n<h3 class=\"western\"><span style=\"font-family: Arial, serif;\"><span style=\"font-size: medium;\">Sport SA-37 riepu galven\u0101s iez\u012bmes<\/span><\/span><\/h3>\n<p><span style=\"font-family: Times New Roman, serif;\"><span style=\"font-size: medium;\"><span style=\"font-family: Arial, serif;\">+ Samazin\u0101ta rites pretest\u012bba, pateicoties lieliem protektora bloka elementiem;<\/span><\/span><\/span><\/p>\n<p><span style=\"font-family: Times New Roman, serif;\"><span style=\"font-size: medium;\"><span style=\"font-family: Arial, serif;\">+ Lieliska sa\u0137ere uz sausa\/mitra ce\u013ca, ko nodro\u0161ina p\u0113c jaun\u0101kaj\u0101m tehnolo\u0123ij\u0101m veidots gumijas mais\u012bjums;<\/span><\/span><\/span><\/p>\n<p><span style=\"font-family: Times New Roman, serif;\"><span style=\"font-size: medium;\"><span style=\"font-family: Arial, serif;\">+ Zems izdal\u012bt\u0101 trok\u0161\u0146a l\u012bmenis, kur\u0161 pan\u0101kts ar 3D modul\u0101ciju pal\u012bdz\u012bbu.<\/span><\/span><\/span><\/p>\n<p><span style=\"font-family: Times New Roman, serif;\"><span style=\"font-size: medium;\"><span style=\"font-family: Arial, serif;\"><b>Sport SA-37 raksturojums<\/b><\/span><\/span><\/span><\/p>\n<p><span style=\"font-family: Times New Roman, serif;\"><span style=\"font-size: medium;\"><span style=\"font-family: Arial, serif;\">Jaun\u0101s paaudzes asimetrisk\u0101s, \u012bpa\u0161i augstas veiktsp\u0113jas riepas dom\u0101tas vasarai. SILICA TECH savienojums pal\u012bdz uzlabot sa\u0137eri ar mitru ce\u013cu, nodro\u0161inot \u012bs\u0101ku bremz\u0113\u0161anas ce\u013cu. Sp\u0113c\u012bga centra riba garant\u0113 lielisku vad\u0101m\u012bbu gan uz slapja, gan sausa ce\u013ca.<\/span><\/span><\/span><\/p>\n<p><span style=\"font-family: Arial, serif;\"><span style=\"font-size: medium;\">Augstas veiktsp\u0113jas riepas ir lieliski piem\u0113rotas tiem autovad\u012bt\u0101jiem, kuri v\u0113las maksimiz\u0113t savas automa\u0161\u012bnas veiktsp\u0113ju. Ja v\u0113laties uzlabot savu sporta automa\u0161\u012bnu ar augstas veiktsp\u0113jas, zema profila riep\u0101m, Goodride ir paredz\u0113ts jums.<\/span><\/span><\/p>\n<p><span style=\"font-family: Arial, serif;\"><span style=\"font-size: medium;\"><b>Trazano<\/b><\/span><\/span><span style=\"font-family: Arial, serif;\"><span style=\"font-size: medium;\"><b> Sport SA-37<\/b><\/span><\/span><span style=\"font-family: Arial, serif;\"><span style=\"font-size: medium;\"> augstas veiktsp\u0113jas riepas ir konstru\u0113tas, lai nodro\u0161in\u0101tu maksim\u0101lu sa\u0137eri un izcilu manevr\u0113\u0161anas sp\u0113ju, nemazinot j\u016bsu komfortu uz ce\u013ca<\/span><\/span><\/p>\n<p><span style=\"color: #ff0000;\"><span style=\"font-family: Arial, serif;\"><span style=\"font-size: medium;\">*Uzman\u012bbu: vasaras riepas, kas ir ra\u017eotas \u0136\u012bn\u0101, var b\u016bt apz\u012bm\u0113tas ar apz\u012bm\u0113jumu M + S. J\u0101\u0146em ver\u0101, ka \u0136\u012bnas teritorija sniedzas da\u017e\u0101d\u0101s klimatiskaj\u0101s zon\u0101s, kur da\u017eviet metereolo\u0123isk\u0101 ziema t\u0101 ar\u012b neiest\u0101jas. L\u012bdz ar to, tur \u0161\u012bs riepas var izmantot visu gadu, kam\u0113r Latvij\u0101 tas nestr\u0101d\u0101!<\/span><\/span><\/span><\/p>\n","protected":false},"excerpt":{"rendered":"<p><span style=\"font-family: Times New Roman, serif;\"><span style=\"font-size: medium;\"><span style=\"font-family: Arial, serif;\"><b>Trazano<\/b><\/span><span style=\"font-family: Arial, serif;\"><b> Sport SA-37<\/b><\/span><span style=\"font-family: Arial, serif;\"> ir augstas veiktsp\u0113jas riepas. T\u0101m ir vair\u0101kas priek\u0161roc\u012bbas, tostarp samazin\u0101ta rites pretest\u012bba, zems trok\u0161\u0146a l\u012bmenis un izcila sa\u0137ere. T\u0101p\u0113c, mekl\u0113jot augstas veiktsp\u0113jas riepas, kas ir uzticamas un nemaks\u0101 d\u0101rgi, apsveriet Sport SA-37 riepas.<\/span><\/span><\/span><\/p>\n","protected":false},"featured_media":862481,"template":"","meta":{"_acf_changed":false,"ngg_post_thumbnail":0},"product_brand":[],"product_cat":[46],"product_tag":[],"class_list":{"0":"post-1160801","1":"product","2":"type-product","3":"status-publish","4":"has-post-thumbnail","6":"product_cat-vasaras-riepas","8":"first","9":"instock","10":"sale","11":"taxable","12":"shipping-taxable","13":"purchasable","14":"product-type-simple"},"acf":[],"yoast_head":"<!-- This site is optimized with the Yoast SEO Premium plugin v22.6 (Yoast SEO v27.3) - https:\/\/yoast.com\/product\/yoast-seo-premium-wordpress\/ -->\n<title>245\/40R19 Trazano Sport SA-37 98Y XL &#8226; MMK Riepas<\/title>\n<meta name=\"robots\" content=\"index, follow, max-snippet:-1, max-image-preview:large, max-video-preview:-1\" \/>\n<link rel=\"canonical\" href=\"https:\/\/mmkriepas.lv\/en\/p\/245-40r19-trazano-sport-sa-37-98y-xl\/\" \/>\n<meta property=\"og:locale\" content=\"en_US\" \/>\n<meta property=\"og:type\" content=\"article\" \/>\n<meta property=\"og:title\" content=\"245\/40R19 Trazano Sport SA-37 98Y XL\" \/>\n<meta property=\"og:description\" content=\"Trazano Sport SA-37 ir augstas veiktsp\u0113jas riepas. T\u0101m ir vair\u0101kas priek\u0161roc\u012bbas, tostarp samazin\u0101ta rites pretest\u012bba, zems trok\u0161\u0146a l\u012bmenis un izcila sa\u0137ere. T\u0101p\u0113c, mekl\u0113jot augstas veiktsp\u0113jas riepas, kas ir uzticamas un nemaks\u0101 d\u0101rgi, apsveriet Sport SA-37 riepas.\" \/>\n<meta property=\"og:url\" content=\"https:\/\/mmkriepas.lv\/en\/p\/245-40r19-trazano-sport-sa-37-98y-xl\/\" \/>\n<meta property=\"og:site_name\" content=\"MMK Riepas\" \/>\n<meta property=\"article:publisher\" content=\"https:\/\/www.facebook.com\/mmkserviss\/\" \/>\n<meta property=\"article:modified_time\" content=\"2026-03-27T21:28:25+00:00\" \/>\n<meta property=\"og:image\" content=\"https:\/\/mmkriepas.lv\/wp-content\/uploads\/2024\/02\/24540r20-trazano-sport-sa-37-98y-xl-vasaras-riepas.jpg\" \/>\n\t<meta property=\"og:image:width\" content=\"1920\" \/>\n\t<meta property=\"og:image:height\" content=\"1440\" \/>\n\t<meta property=\"og:image:type\" content=\"image\/jpeg\" \/>\n<meta name=\"twitter:card\" content=\"summary_large_image\" \/>\n<meta name=\"twitter:label1\" content=\"Price\" \/>\n\t<meta name=\"twitter:data1\" content=\"&euro;64.00\" \/>\n\t<meta name=\"twitter:label2\" content=\"Availability\" \/>\n\t<meta name=\"twitter:data2\" content=\"In stock\" \/>\n<script type=\"application\/ld+json\" class=\"yoast-schema-graph\">{\"@context\":\"https:\\\/\\\/schema.org\",\"@graph\":[{\"@type\":\"WebPage\",\"@id\":\"https:\\\/\\\/mmkriepas.lv\\\/en\\\/p\\\/245-40r19-trazano-sport-sa-37-98y-xl\\\/\",\"url\":\"https:\\\/\\\/mmkriepas.lv\\\/en\\\/p\\\/245-40r19-trazano-sport-sa-37-98y-xl\\\/\",\"name\":\"245\\\/40R19 Trazano Sport SA-37 98Y XL &#8226; MMK Riepas\",\"isPartOf\":{\"@id\":\"https:\\\/\\\/mmkriepas.lv\\\/en\\\/#website\"},\"primaryImageOfPage\":{\"@id\":\"https:\\\/\\\/mmkriepas.lv\\\/en\\\/p\\\/245-40r19-trazano-sport-sa-37-98y-xl\\\/#primaryimage\"},\"image\":{\"@id\":\"https:\\\/\\\/mmkriepas.lv\\\/en\\\/p\\\/245-40r19-trazano-sport-sa-37-98y-xl\\\/#primaryimage\"},\"thumbnailUrl\":\"https:\\\/\\\/mmkriepas.lv\\\/wp-content\\\/uploads\\\/2024\\\/02\\\/24540r20-trazano-sport-sa-37-98y-xl-vasaras-riepas.jpg\",\"datePublished\":\"2025-02-07T16:26:20+00:00\",\"dateModified\":\"2026-03-27T21:28:25+00:00\",\"breadcrumb\":{\"@id\":\"https:\\\/\\\/mmkriepas.lv\\\/en\\\/p\\\/245-40r19-trazano-sport-sa-37-98y-xl\\\/#breadcrumb\"},\"inLanguage\":\"en-US\",\"potentialAction\":[{\"@type\":\"ReadAction\",\"target\":[\"https:\\\/\\\/mmkriepas.lv\\\/en\\\/p\\\/245-40r19-trazano-sport-sa-37-98y-xl\\\/\"]}]},{\"@type\":\"ImageObject\",\"inLanguage\":\"en-US\",\"@id\":\"https:\\\/\\\/mmkriepas.lv\\\/en\\\/p\\\/245-40r19-trazano-sport-sa-37-98y-xl\\\/#primaryimage\",\"url\":\"https:\\\/\\\/mmkriepas.lv\\\/wp-content\\\/uploads\\\/2024\\\/02\\\/24540r20-trazano-sport-sa-37-98y-xl-vasaras-riepas.jpg\",\"contentUrl\":\"https:\\\/\\\/mmkriepas.lv\\\/wp-content\\\/uploads\\\/2024\\\/02\\\/24540r20-trazano-sport-sa-37-98y-xl-vasaras-riepas.jpg\",\"width\":1920,\"height\":1440,\"caption\":\"MAIN\"},{\"@type\":\"BreadcrumbList\",\"@id\":\"https:\\\/\\\/mmkriepas.lv\\\/en\\\/p\\\/245-40r19-trazano-sport-sa-37-98y-xl\\\/#breadcrumb\",\"itemListElement\":[{\"@type\":\"ListItem\",\"position\":1,\"name\":\"S\u0101kums\",\"item\":\"https:\\\/\\\/mmkriepas.lv\\\/en\\\/\"},{\"@type\":\"ListItem\",\"position\":2,\"name\":\"245\\\/40R19 Trazano Sport SA-37 98Y XL\"}]},{\"@type\":\"WebSite\",\"@id\":\"https:\\\/\\\/mmkriepas.lv\\\/en\\\/#website\",\"url\":\"https:\\\/\\\/mmkriepas.lv\\\/en\\\/\",\"name\":\"MMK Riepas\",\"description\":\"MMK Riepas\",\"alternateName\":\"MMK Riepu Serviss\",\"potentialAction\":[{\"@type\":\"SearchAction\",\"target\":{\"@type\":\"EntryPoint\",\"urlTemplate\":\"https:\\\/\\\/mmkriepas.lv\\\/en\\\/?s={search_term_string}\"},\"query-input\":{\"@type\":\"PropertyValueSpecification\",\"valueRequired\":true,\"valueName\":\"search_term_string\"}}],\"inLanguage\":\"en-US\"},{\"@type\":\"ImageObject\",\"inLanguage\":\"en-US\",\"@id\":\"https:\\\/\\\/mmkriepas.lv\\\/en\\\/p\\\/245-40r19-trazano-sport-sa-37-98y-xl\\\/#local-main-organization-logo\",\"url\":\"\",\"contentUrl\":\"\",\"caption\":\"MMK Riepas\"}]}<\/script>\n<meta property=\"product:brand\" content=\"Trazano Sport SA-37\" \/>\n<meta property=\"product:price:amount\" content=\"64.00\" \/>\n<meta property=\"product:price:currency\" content=\"EUR\" \/>\n<meta property=\"og:availability\" content=\"instock\" \/>\n<meta property=\"product:availability\" content=\"instock\" \/>\n<meta property=\"product:retailer_item_id\" content=\"TS2454019TRAZA-44234\" \/>\n<meta property=\"product:condition\" content=\"new\" \/>\n<!-- \/ Yoast SEO Premium plugin. -->","yoast_head_json":{"title":"245\/40R19 Trazano Sport SA-37 98Y XL &#8226; MMK Riepas","robots":{"index":"index","follow":"follow","max-snippet":"max-snippet:-1","max-image-preview":"max-image-preview:large","max-video-preview":"max-video-preview:-1"},"canonical":"https:\/\/mmkriepas.lv\/en\/p\/245-40r19-trazano-sport-sa-37-98y-xl\/","og_locale":"en_US","og_type":"article","og_title":"245\/40R19 Trazano Sport SA-37 98Y XL","og_description":"Trazano Sport SA-37 ir augstas veiktsp\u0113jas riepas. T\u0101m ir vair\u0101kas priek\u0161roc\u012bbas, tostarp samazin\u0101ta rites pretest\u012bba, zems trok\u0161\u0146a l\u012bmenis un izcila sa\u0137ere. T\u0101p\u0113c, mekl\u0113jot augstas veiktsp\u0113jas riepas, kas ir uzticamas un nemaks\u0101 d\u0101rgi, apsveriet Sport SA-37 riepas.","og_url":"https:\/\/mmkriepas.lv\/en\/p\/245-40r19-trazano-sport-sa-37-98y-xl\/","og_site_name":"MMK Riepas","article_publisher":"https:\/\/www.facebook.com\/mmkserviss\/","article_modified_time":"2026-03-27T21:28:25+00:00","og_image":[{"width":1920,"height":1440,"url":"https:\/\/mmkriepas.lv\/wp-content\/uploads\/2024\/02\/24540r20-trazano-sport-sa-37-98y-xl-vasaras-riepas.jpg","type":"image\/jpeg"}],"twitter_card":"summary_large_image","twitter_misc":{"Price":"&euro;64.00","Availability":"In stock"},"schema":{"@context":"https:\/\/schema.org","@graph":[{"@type":"WebPage","@id":"https:\/\/mmkriepas.lv\/en\/p\/245-40r19-trazano-sport-sa-37-98y-xl\/","url":"https:\/\/mmkriepas.lv\/en\/p\/245-40r19-trazano-sport-sa-37-98y-xl\/","name":"245\/40R19 Trazano Sport SA-37 98Y XL &#8226; MMK Riepas","isPartOf":{"@id":"https:\/\/mmkriepas.lv\/en\/#website"},"primaryImageOfPage":{"@id":"https:\/\/mmkriepas.lv\/en\/p\/245-40r19-trazano-sport-sa-37-98y-xl\/#primaryimage"},"image":{"@id":"https:\/\/mmkriepas.lv\/en\/p\/245-40r19-trazano-sport-sa-37-98y-xl\/#primaryimage"},"thumbnailUrl":"https:\/\/mmkriepas.lv\/wp-content\/uploads\/2024\/02\/24540r20-trazano-sport-sa-37-98y-xl-vasaras-riepas.jpg","datePublished":"2025-02-07T16:26:20+00:00","dateModified":"2026-03-27T21:28:25+00:00","breadcrumb":{"@id":"https:\/\/mmkriepas.lv\/en\/p\/245-40r19-trazano-sport-sa-37-98y-xl\/#breadcrumb"},"inLanguage":"en-US","potentialAction":[{"@type":"ReadAction","target":["https:\/\/mmkriepas.lv\/en\/p\/245-40r19-trazano-sport-sa-37-98y-xl\/"]}]},{"@type":"ImageObject","inLanguage":"en-US","@id":"https:\/\/mmkriepas.lv\/en\/p\/245-40r19-trazano-sport-sa-37-98y-xl\/#primaryimage","url":"https:\/\/mmkriepas.lv\/wp-content\/uploads\/2024\/02\/24540r20-trazano-sport-sa-37-98y-xl-vasaras-riepas.jpg","contentUrl":"https:\/\/mmkriepas.lv\/wp-content\/uploads\/2024\/02\/24540r20-trazano-sport-sa-37-98y-xl-vasaras-riepas.jpg","width":1920,"height":1440,"caption":"MAIN"},{"@type":"BreadcrumbList","@id":"https:\/\/mmkriepas.lv\/en\/p\/245-40r19-trazano-sport-sa-37-98y-xl\/#breadcrumb","itemListElement":[{"@type":"ListItem","position":1,"name":"S\u0101kums","item":"https:\/\/mmkriepas.lv\/en\/"},{"@type":"ListItem","position":2,"name":"245\/40R19 Trazano Sport SA-37 98Y XL"}]},{"@type":"WebSite","@id":"https:\/\/mmkriepas.lv\/en\/#website","url":"https:\/\/mmkriepas.lv\/en\/","name":"MMK Riepas","description":"MMK Riepas","alternateName":"MMK Riepu Serviss","potentialAction":[{"@type":"SearchAction","target":{"@type":"EntryPoint","urlTemplate":"https:\/\/mmkriepas.lv\/en\/?s={search_term_string}"},"query-input":{"@type":"PropertyValueSpecification","valueRequired":true,"valueName":"search_term_string"}}],"inLanguage":"en-US"},{"@type":"ImageObject","inLanguage":"en-US","@id":"https:\/\/mmkriepas.lv\/en\/p\/245-40r19-trazano-sport-sa-37-98y-xl\/#local-main-organization-logo","url":"","contentUrl":"","caption":"MMK Riepas"}]},"product_brand":"Trazano Sport SA-37","product_price_amount":"64.00","product_price_currency":"EUR","og_availability":"instock","product_availability":"instock","product_retailer_item_id":"TS2454019TRAZA-44234","product_condition":"new"},"_links":{"self":[{"href":"https:\/\/mmkriepas.lv\/en\/wp-json\/wp\/v2\/product\/1160801","targetHints":{"allow":["GET"]}}],"collection":[{"href":"https:\/\/mmkriepas.lv\/en\/wp-json\/wp\/v2\/product"}],"about":[{"href":"https:\/\/mmkriepas.lv\/en\/wp-json\/wp\/v2\/types\/product"}],"wp:featuredmedia":[{"embeddable":true,"href":"https:\/\/mmkriepas.lv\/en\/wp-json\/wp\/v2\/media\/862481"}],"wp:attachment":[{"href":"https:\/\/mmkriepas.lv\/en\/wp-json\/wp\/v2\/media?parent=1160801"}],"wp:term":[{"taxonomy":"product_brand","embeddable":true,"href":"https:\/\/mmkriepas.lv\/en\/wp-json\/wp\/v2\/product_brand?post=1160801"},{"taxonomy":"product_cat","embeddable":true,"href":"https:\/\/mmkriepas.lv\/en\/wp-json\/wp\/v2\/product_cat?post=1160801"},{"taxonomy":"product_tag","embeddable":true,"href":"https:\/\/mmkriepas.lv\/en\/wp-json\/wp\/v2\/product_tag?post=1160801"}],"curies":[{"name":"wp","href":"https:\/\/api.w.org\/{rel}","templated":true}]}}