{"id":11606,"date":"2018-02-26T15:19:46","date_gmt":"2018-02-26T13:19:46","guid":{"rendered":"https:\/\/mmkserviss.lv\/?post_type=product&#038;p=11606"},"modified":"2025-07-02T10:35:07","modified_gmt":"2025-07-02T07:35:07","slug":"25555r18-altenzo-sports-navigator-109v-xl-1gb","status":"publish","type":"product","link":"https:\/\/mmkriepas.lv\/en\/p\/25555r18-altenzo-sports-navigator-109v-xl-1gb\/","title":{"rendered":"255\/55R18 Altenzo Sports Navigator 109V XL"},"content":{"rendered":"<p><b>Altenzo Sports Navigator <\/b><span style=\"font-weight: 400;\">ir bud\u017eeta klases vasaras riepu modelis, kas paredz\u0113ts apvidus auto jeb SUV.&nbsp; \u0160is riepu modelis izce\u013cas ar sal\u012bdzino\u0161i zemu trok\u0161\u0146u l\u012bmeni un tam ir daudz teicamu alternat\u012bvu: Sailun, Triangle, Sunfull, Hifly u.c.<\/span><\/p>\n<h3><b>Altenzo Sports Navigator galven\u0101s iez\u012bmes<\/b><\/h3>\n<p><span style=\"font-weight: 400;\">+ Bud\u017eeta klases riepas,<\/span><\/p>\n<p><span style=\"font-weight: 400;\">+ Sam\u0113r\u0101 zems trok\u0161\u0146u l\u012bmenis;<\/span><\/p>\n<p><span style=\"font-weight: 400;\">+ \u013boti daudz lielisku alternat\u012bvu, k\u0101 piem\u0113ram Sailun, Triangle, Hifly, Sunfull, Roadmarch un pat Sailwin.<\/span><\/p>\n<h3><b>Sports Navigator apr\u012bkojums<\/b><\/h3>\n<p><span style=\"font-weight: 400;\">\u0160is krosoveriem un apvidus auto paredz\u0113tais modelis apr\u012bkots ar simetrisku un sam\u0113r\u0101 rupju protektora rakstu. Nedaudz m\u016bsdien\u012bg\u0101ki riepu mode\u013ci, k\u0101 piem\u0113ram<\/span> <a href=\"https:\/\/mmkriepas.lv\/riepas\/sailun\/atrezzo-zsr\/\">Sailun Atrezzo ZSR SUV<\/a> un <a href=\"https:\/\/mmkriepas.lv\/riepas\/triangle\/sportex-th201\/\">Triengle Sportex TH201<\/a> izmanto asimetriskus protektora rakstus, kas krietni lab\u0101k izvada \u016bdeni no kontakta virsmas ar ce\u013cu, samazinot akvaplan\u0113\u0161anas risku. <span style=\"font-weight: 400;\">*Uzman\u012bbu:<\/span><span style=\"font-weight: 400;\"> vasaras riepas, kas ir ra\u017eotas \u0136\u012bn\u0101, var b\u016bt apz\u012bm\u0113tas ar apz\u012bm\u0113jumu M + S. J\u0101\u0146em ver\u0101, ka \u0136\u012bnas teritorija sniedzas da\u017e\u0101d\u0101s klimatiskaj\u0101s zon\u0101s, kur da\u017eviet metereolo\u0123isk\u0101 ziema t\u0101 ar\u012b neiest\u0101jas. L\u012bdz ar to, tur \u0161\u012bs riepas var izmantot visu gadu, kam\u0113r Latvij\u0101 tas nestr\u0101d\u0101!<\/span><\/p>\n<p><b>Altenzo Sports Navigator &#8211; <\/b><span style=\"font-weight: 400;\">bud\u017eeta klases riepu modelis apvidus automa\u0161\u012bn\u0101m. Pieejams abos MMK Riepu Centros par vislab\u0101kaj\u0101m cen\u0101m!<\/span><\/p>\n","protected":false},"excerpt":{"rendered":"<p><b>Altenzo Sports Navigator <\/b><span style=\"font-weight: 400;\">ir bud\u017eeta klases vasaras riepu modelis, kas paredz\u0113ts apvidus auto jeb SUV.&nbsp; \u0160is riepu modelis izce\u013cas ar sal\u012bdzino\u0161i zemu trok\u0161\u0146u l\u012bmeni un tam ir daudz teicamu alternat\u012bvu: Sailun, Triangle, Sunfull, Hifly u.c.<\/span><\/p>\n","protected":false},"featured_media":94035,"template":"","meta":{"_acf_changed":false,"ngg_post_thumbnail":0},"product_brand":[],"product_cat":[46],"product_tag":[],"class_list":{"0":"post-11606","1":"product","2":"type-product","3":"status-publish","4":"has-post-thumbnail","6":"product_cat-vasaras-riepas","8":"first","9":"outofstock","10":"sale","11":"taxable","12":"shipping-taxable","13":"product-type-simple"},"acf":[],"yoast_head":"<!-- This site is optimized with the Yoast SEO Premium plugin v22.6 (Yoast SEO v27.3) - https:\/\/yoast.com\/product\/yoast-seo-premium-wordpress\/ -->\n<title>255\/55R18 Altenzo Sports Navigator 109V XL &#8226; MMK Riepas<\/title>\n<meta name=\"robots\" content=\"index, follow, max-snippet:-1, max-image-preview:large, max-video-preview:-1\" \/>\n<link rel=\"canonical\" href=\"https:\/\/mmkriepas.lv\/en\/p\/25555r18-altenzo-sports-navigator-109v-xl-1gb\/\" \/>\n<meta property=\"og:locale\" content=\"en_US\" \/>\n<meta property=\"og:type\" content=\"article\" \/>\n<meta property=\"og:title\" content=\"255\/55R18 Altenzo Sports Navigator 109V XL\" \/>\n<meta property=\"og:description\" content=\"Altenzo Sports Navigator ir bud\u017eeta klases vasaras riepu modelis, kas paredz\u0113ts apvidus auto jeb SUV.&nbsp; \u0160is riepu modelis izce\u013cas ar sal\u012bdzino\u0161i zemu trok\u0161\u0146u l\u012bmeni un tam ir daudz teicamu alternat\u012bvu: Sailun, Triangle, Sunfull, Hifly u.c.\" \/>\n<meta property=\"og:url\" content=\"https:\/\/mmkriepas.lv\/en\/p\/25555r18-altenzo-sports-navigator-109v-xl-1gb\/\" \/>\n<meta property=\"og:site_name\" content=\"MMK Riepas\" \/>\n<meta property=\"article:publisher\" content=\"https:\/\/www.facebook.com\/mmkserviss\/\" \/>\n<meta property=\"article:modified_time\" content=\"2025-07-02T07:35:07+00:00\" \/>\n<meta property=\"og:image\" content=\"https:\/\/mmkriepas.lv\/wp-content\/uploads\/2019\/02\/26550r20-altenzo-sports-navigator-111v-vasaras-riepas.jpg\" \/>\n\t<meta property=\"og:image:width\" content=\"1640\" \/>\n\t<meta property=\"og:image:height\" content=\"1091\" \/>\n\t<meta property=\"og:image:type\" content=\"image\/jpeg\" \/>\n<meta name=\"twitter:card\" content=\"summary_large_image\" \/>\n<meta name=\"twitter:label1\" content=\"Price\" \/>\n\t<meta name=\"twitter:data1\" content=\"&euro;15.00\" \/>\n\t<meta name=\"twitter:label2\" content=\"Availability\" \/>\n\t<meta name=\"twitter:data2\" content=\"Out of stock\" \/>\n<script type=\"application\/ld+json\" class=\"yoast-schema-graph\">{\"@context\":\"https:\\\/\\\/schema.org\",\"@graph\":[{\"@type\":\"WebPage\",\"@id\":\"https:\\\/\\\/mmkriepas.lv\\\/en\\\/p\\\/25555r18-altenzo-sports-navigator-109v-xl-1gb\\\/\",\"url\":\"https:\\\/\\\/mmkriepas.lv\\\/en\\\/p\\\/25555r18-altenzo-sports-navigator-109v-xl-1gb\\\/\",\"name\":\"255\\\/55R18 Altenzo Sports Navigator 109V XL &#8226; MMK Riepas\",\"isPartOf\":{\"@id\":\"https:\\\/\\\/mmkriepas.lv\\\/en\\\/#website\"},\"primaryImageOfPage\":{\"@id\":\"https:\\\/\\\/mmkriepas.lv\\\/en\\\/p\\\/25555r18-altenzo-sports-navigator-109v-xl-1gb\\\/#primaryimage\"},\"image\":{\"@id\":\"https:\\\/\\\/mmkriepas.lv\\\/en\\\/p\\\/25555r18-altenzo-sports-navigator-109v-xl-1gb\\\/#primaryimage\"},\"thumbnailUrl\":\"https:\\\/\\\/mmkriepas.lv\\\/wp-content\\\/uploads\\\/2019\\\/02\\\/26550r20-altenzo-sports-navigator-111v-vasaras-riepas.jpg\",\"datePublished\":\"2018-02-26T13:19:46+00:00\",\"dateModified\":\"2025-07-02T07:35:07+00:00\",\"breadcrumb\":{\"@id\":\"https:\\\/\\\/mmkriepas.lv\\\/en\\\/p\\\/25555r18-altenzo-sports-navigator-109v-xl-1gb\\\/#breadcrumb\"},\"inLanguage\":\"en-US\",\"potentialAction\":[{\"@type\":\"ReadAction\",\"target\":[\"https:\\\/\\\/mmkriepas.lv\\\/en\\\/p\\\/25555r18-altenzo-sports-navigator-109v-xl-1gb\\\/\"]}]},{\"@type\":\"ImageObject\",\"inLanguage\":\"en-US\",\"@id\":\"https:\\\/\\\/mmkriepas.lv\\\/en\\\/p\\\/25555r18-altenzo-sports-navigator-109v-xl-1gb\\\/#primaryimage\",\"url\":\"https:\\\/\\\/mmkriepas.lv\\\/wp-content\\\/uploads\\\/2019\\\/02\\\/26550r20-altenzo-sports-navigator-111v-vasaras-riepas.jpg\",\"contentUrl\":\"https:\\\/\\\/mmkriepas.lv\\\/wp-content\\\/uploads\\\/2019\\\/02\\\/26550r20-altenzo-sports-navigator-111v-vasaras-riepas.jpg\",\"width\":1640,\"height\":1091,\"caption\":\"265\\\/50R20 Altenzo Sports Navigator 111V - Vasaras riepas\"},{\"@type\":\"BreadcrumbList\",\"@id\":\"https:\\\/\\\/mmkriepas.lv\\\/en\\\/p\\\/25555r18-altenzo-sports-navigator-109v-xl-1gb\\\/#breadcrumb\",\"itemListElement\":[{\"@type\":\"ListItem\",\"position\":1,\"name\":\"S\u0101kums\",\"item\":\"https:\\\/\\\/mmkriepas.lv\\\/en\\\/\"},{\"@type\":\"ListItem\",\"position\":2,\"name\":\"255\\\/55R18 Altenzo Sports Navigator 109V XL\"}]},{\"@type\":\"WebSite\",\"@id\":\"https:\\\/\\\/mmkriepas.lv\\\/en\\\/#website\",\"url\":\"https:\\\/\\\/mmkriepas.lv\\\/en\\\/\",\"name\":\"MMK Riepas\",\"description\":\"MMK Riepas\",\"alternateName\":\"MMK Riepu Serviss\",\"potentialAction\":[{\"@type\":\"SearchAction\",\"target\":{\"@type\":\"EntryPoint\",\"urlTemplate\":\"https:\\\/\\\/mmkriepas.lv\\\/en\\\/?s={search_term_string}\"},\"query-input\":{\"@type\":\"PropertyValueSpecification\",\"valueRequired\":true,\"valueName\":\"search_term_string\"}}],\"inLanguage\":\"en-US\"},{\"@type\":\"ImageObject\",\"inLanguage\":\"en-US\",\"@id\":\"https:\\\/\\\/mmkriepas.lv\\\/en\\\/p\\\/25555r18-altenzo-sports-navigator-109v-xl-1gb\\\/#local-main-organization-logo\",\"url\":\"\",\"contentUrl\":\"\",\"caption\":\"MMK Riepas\"}]}<\/script>\n<meta property=\"product:brand\" content=\"Altenzo Sports Navigator\" \/>\n<meta property=\"product:price:amount\" content=\"15.00\" \/>\n<meta property=\"product:price:currency\" content=\"EUR\" \/>\n<meta property=\"og:availability\" content=\"out of stock\" \/>\n<meta property=\"product:availability\" content=\"out of stock\" \/>\n<meta property=\"product:retailer_item_id\" content=\"TS2555518ALTEN-911\" \/>\n<meta property=\"product:condition\" content=\"new\" \/>\n<!-- \/ Yoast SEO Premium plugin. -->","yoast_head_json":{"title":"255\/55R18 Altenzo Sports Navigator 109V XL &#8226; MMK Riepas","robots":{"index":"index","follow":"follow","max-snippet":"max-snippet:-1","max-image-preview":"max-image-preview:large","max-video-preview":"max-video-preview:-1"},"canonical":"https:\/\/mmkriepas.lv\/en\/p\/25555r18-altenzo-sports-navigator-109v-xl-1gb\/","og_locale":"en_US","og_type":"article","og_title":"255\/55R18 Altenzo Sports Navigator 109V XL","og_description":"Altenzo Sports Navigator ir bud\u017eeta klases vasaras riepu modelis, kas paredz\u0113ts apvidus auto jeb SUV.&nbsp; \u0160is riepu modelis izce\u013cas ar sal\u012bdzino\u0161i zemu trok\u0161\u0146u l\u012bmeni un tam ir daudz teicamu alternat\u012bvu: Sailun, Triangle, Sunfull, Hifly u.c.","og_url":"https:\/\/mmkriepas.lv\/en\/p\/25555r18-altenzo-sports-navigator-109v-xl-1gb\/","og_site_name":"MMK Riepas","article_publisher":"https:\/\/www.facebook.com\/mmkserviss\/","article_modified_time":"2025-07-02T07:35:07+00:00","og_image":[{"width":1640,"height":1091,"url":"https:\/\/mmkriepas.lv\/wp-content\/uploads\/2019\/02\/26550r20-altenzo-sports-navigator-111v-vasaras-riepas.jpg","type":"image\/jpeg"}],"twitter_card":"summary_large_image","twitter_misc":{"Price":"&euro;15.00","Availability":"Out of stock"},"schema":{"@context":"https:\/\/schema.org","@graph":[{"@type":"WebPage","@id":"https:\/\/mmkriepas.lv\/en\/p\/25555r18-altenzo-sports-navigator-109v-xl-1gb\/","url":"https:\/\/mmkriepas.lv\/en\/p\/25555r18-altenzo-sports-navigator-109v-xl-1gb\/","name":"255\/55R18 Altenzo Sports Navigator 109V XL &#8226; MMK Riepas","isPartOf":{"@id":"https:\/\/mmkriepas.lv\/en\/#website"},"primaryImageOfPage":{"@id":"https:\/\/mmkriepas.lv\/en\/p\/25555r18-altenzo-sports-navigator-109v-xl-1gb\/#primaryimage"},"image":{"@id":"https:\/\/mmkriepas.lv\/en\/p\/25555r18-altenzo-sports-navigator-109v-xl-1gb\/#primaryimage"},"thumbnailUrl":"https:\/\/mmkriepas.lv\/wp-content\/uploads\/2019\/02\/26550r20-altenzo-sports-navigator-111v-vasaras-riepas.jpg","datePublished":"2018-02-26T13:19:46+00:00","dateModified":"2025-07-02T07:35:07+00:00","breadcrumb":{"@id":"https:\/\/mmkriepas.lv\/en\/p\/25555r18-altenzo-sports-navigator-109v-xl-1gb\/#breadcrumb"},"inLanguage":"en-US","potentialAction":[{"@type":"ReadAction","target":["https:\/\/mmkriepas.lv\/en\/p\/25555r18-altenzo-sports-navigator-109v-xl-1gb\/"]}]},{"@type":"ImageObject","inLanguage":"en-US","@id":"https:\/\/mmkriepas.lv\/en\/p\/25555r18-altenzo-sports-navigator-109v-xl-1gb\/#primaryimage","url":"https:\/\/mmkriepas.lv\/wp-content\/uploads\/2019\/02\/26550r20-altenzo-sports-navigator-111v-vasaras-riepas.jpg","contentUrl":"https:\/\/mmkriepas.lv\/wp-content\/uploads\/2019\/02\/26550r20-altenzo-sports-navigator-111v-vasaras-riepas.jpg","width":1640,"height":1091,"caption":"265\/50R20 Altenzo Sports Navigator 111V - Vasaras riepas"},{"@type":"BreadcrumbList","@id":"https:\/\/mmkriepas.lv\/en\/p\/25555r18-altenzo-sports-navigator-109v-xl-1gb\/#breadcrumb","itemListElement":[{"@type":"ListItem","position":1,"name":"S\u0101kums","item":"https:\/\/mmkriepas.lv\/en\/"},{"@type":"ListItem","position":2,"name":"255\/55R18 Altenzo Sports Navigator 109V XL"}]},{"@type":"WebSite","@id":"https:\/\/mmkriepas.lv\/en\/#website","url":"https:\/\/mmkriepas.lv\/en\/","name":"MMK Riepas","description":"MMK Riepas","alternateName":"MMK Riepu Serviss","potentialAction":[{"@type":"SearchAction","target":{"@type":"EntryPoint","urlTemplate":"https:\/\/mmkriepas.lv\/en\/?s={search_term_string}"},"query-input":{"@type":"PropertyValueSpecification","valueRequired":true,"valueName":"search_term_string"}}],"inLanguage":"en-US"},{"@type":"ImageObject","inLanguage":"en-US","@id":"https:\/\/mmkriepas.lv\/en\/p\/25555r18-altenzo-sports-navigator-109v-xl-1gb\/#local-main-organization-logo","url":"","contentUrl":"","caption":"MMK Riepas"}]},"product_brand":"Altenzo Sports Navigator","product_price_amount":"15.00","product_price_currency":"EUR","og_availability":"out of stock","product_availability":"out of stock","product_retailer_item_id":"TS2555518ALTEN-911","product_condition":"new"},"_links":{"self":[{"href":"https:\/\/mmkriepas.lv\/en\/wp-json\/wp\/v2\/product\/11606","targetHints":{"allow":["GET"]}}],"collection":[{"href":"https:\/\/mmkriepas.lv\/en\/wp-json\/wp\/v2\/product"}],"about":[{"href":"https:\/\/mmkriepas.lv\/en\/wp-json\/wp\/v2\/types\/product"}],"wp:featuredmedia":[{"embeddable":true,"href":"https:\/\/mmkriepas.lv\/en\/wp-json\/wp\/v2\/media\/94035"}],"wp:attachment":[{"href":"https:\/\/mmkriepas.lv\/en\/wp-json\/wp\/v2\/media?parent=11606"}],"wp:term":[{"taxonomy":"product_brand","embeddable":true,"href":"https:\/\/mmkriepas.lv\/en\/wp-json\/wp\/v2\/product_brand?post=11606"},{"taxonomy":"product_cat","embeddable":true,"href":"https:\/\/mmkriepas.lv\/en\/wp-json\/wp\/v2\/product_cat?post=11606"},{"taxonomy":"product_tag","embeddable":true,"href":"https:\/\/mmkriepas.lv\/en\/wp-json\/wp\/v2\/product_tag?post=11606"}],"curies":[{"name":"wp","href":"https:\/\/api.w.org\/{rel}","templated":true}]}}