{"id":1160244,"date":"2025-02-06T14:49:29","date_gmt":"2025-02-06T12:49:29","guid":{"rendered":"https:\/\/mmkriepas.lv\/?post_type=product&#038;p=1160244"},"modified":"2026-03-27T14:24:22","modified_gmt":"2026-03-27T12:24:22","slug":"255-50r19-marshal-ws71-107v-xl-kumho-2","status":"publish","type":"product","link":"https:\/\/mmkriepas.lv\/en\/p\/255-50r19-marshal-ws71-107v-xl-kumho-2\/","title":{"rendered":"255\/50R19 Marshal WS71 107V XL (Kumho)"},"content":{"rendered":"<p class=\"western\" align=\"left\"><strong><span style=\"font-family: Arial, sans-serif;\">Marshal WS71<\/span><\/strong><span style=\"font-family: Arial, sans-serif;\"> ir teicamas kvalit\u0101tes, vid\u0113j\u0101s klases vissezonas\/ziemas riepu modelis. Izce\u013cas ar teicam\u0101m veiktsp\u0113jas un brauk\u0161anas komforta \u012bpa\u0161\u012bb\u0101m pla\u0161\u0101 temperat\u016bru un brauk\u0161anas apst\u0101k\u013cu spektr\u0101.<\/span><\/p>\n<h3 class=\"western\"><strong><span style=\"font-family: Arial, sans-serif;\">Marshal WS71 galven\u0101s iez\u012bmes<\/span><\/strong><\/h3>\n<p class=\"western\"><span style=\"font-family: Arial, sans-serif;\">+ Teicamas sa\u0137eres \u012bpa\u0161\u012bbas gan uz sausa un slapja asfalta, gan ar\u012b snieg\u0101.<br \/>+ Zems akvaplan\u0113\u0161anas risks.<br \/>+ Izteikts akustiskais un brauk\u0161anas gaitas komforts.<br \/>+ 3D lamel\u0113\u0161anas sist\u0113ma, kas uzlabo riepu veiktsp\u0113ju uz apledoju\u0161\u0101m ce\u013ca virsm\u0101m.<\/span><\/p>\n<h3 class=\"western\" align=\"left\"><strong><span style=\"font-family: Arial, sans-serif;\">WS71 apr\u012bkojums<\/span><\/strong><\/h3>\n<p class=\"western\"><strong><span style=\"font-family: Arial, sans-serif;\">Marshal WS71\u00a0<\/span><\/strong><span style=\"font-family: Arial, sans-serif;\">vissezonas jeb m+s riepas apr\u012bkotas ar asimetrisku protektora rakstu. Lai uzlabotu veiktsp\u0113ju uz slapja asfalta, k\u0101 ar\u012b samazin\u0101tu akvaplan\u0113\u0161anas risku, riep\u0101m izveidota augsti att\u012bst\u012bta dren\u0101\u017eas kan\u0101lu sist\u0113ma.<\/span><\/p>\n<p class=\"western\"><span style=\"font-family: Arial, sans-serif;\">Asimetriski izvietotie protektora bloki bru\u0146oti ar 3D lamel\u0113m. T\u0101s ne tikai iec\u0113rtas led\u016b un sabliet\u0113t\u0101 snieg\u0101 ar as\u0101m kant\u0113m, veidojot sa\u0137eri, bet ar\u012b blo\u0137\u0113jas sav\u0101 starp\u0101, palielinot sa\u0137eres laukumu.<\/span><\/p>\n<p class=\"western\"><span style=\"font-family: Arial, sans-serif;\">Palielin\u0101tais protektora bloku skaits b\u016btiski uzlabo sa\u0137eri pat dzi\u013c\u0101 snieg\u0101. Savuk\u0101rt, protektors darin\u0101ts no augstas kvalit\u0101tes gumijas kompoz\u012btmateri\u0101la. Tam pievienotie \u0137\u012bmiskie elementi pal\u012bdz riepai saglab\u0101t elast\u012bbu un nezaud\u0113t formu pla\u0161\u0101 temperat\u016bru diapazon\u0101. V\u0113rts min\u0113t, ka elast\u012bga riepa daudz lab\u0101k veido sa\u0137eri ar ce\u013cu.<\/span><\/p>\n","protected":false},"excerpt":{"rendered":"<p><strong><span style=\"font-family: Arial, sans-serif;\">Marshal WS71<\/span><\/strong><span style=\"font-family: Arial, sans-serif;\"> ir teicamas kvalit\u0101tes, vid\u0113j\u0101s klases vissezonas\/ziemas riepu modelis. Izce\u013cas ar teicam\u0101m veiktsp\u0113jas un brauk\u0161anas komforta \u012bpa\u0161\u012bb\u0101m pla\u0161\u0101 temperat\u016bru un brauk\u0161anas apst\u0101k\u013cu spektr\u0101.<\/span><\/p>\n","protected":false},"featured_media":915081,"template":"","meta":{"_acf_changed":false,"ngg_post_thumbnail":0},"product_brand":[],"product_cat":[47,45],"product_tag":[],"class_list":{"0":"post-1160244","1":"product","2":"type-product","3":"status-publish","4":"has-post-thumbnail","6":"product_cat-vissezonas-riepas","7":"product_cat-ziemas-riepas","9":"first","10":"instock","11":"sale","12":"taxable","13":"shipping-taxable","14":"purchasable","15":"product-type-simple"},"acf":[],"yoast_head":"<!-- This site is optimized with the Yoast SEO Premium plugin v22.6 (Yoast SEO v27.3) - https:\/\/yoast.com\/product\/yoast-seo-premium-wordpress\/ -->\n<title>255\/50R19 Marshal WS71 107V XL (Kumho) &#8226; MMK Riepas<\/title>\n<meta name=\"robots\" content=\"index, follow, max-snippet:-1, max-image-preview:large, max-video-preview:-1\" \/>\n<link rel=\"canonical\" href=\"https:\/\/mmkriepas.lv\/en\/p\/255-50r19-marshal-ws71-107v-xl-kumho-2\/\" \/>\n<meta property=\"og:locale\" content=\"en_US\" \/>\n<meta property=\"og:type\" content=\"article\" \/>\n<meta property=\"og:title\" content=\"255\/50R19 Marshal WS71 107V XL (Kumho)\" \/>\n<meta property=\"og:description\" content=\"Marshal WS71 ir teicamas kvalit\u0101tes, vid\u0113j\u0101s klases vissezonas\/ziemas riepu modelis. Izce\u013cas ar teicam\u0101m veiktsp\u0113jas un brauk\u0161anas komforta \u012bpa\u0161\u012bb\u0101m pla\u0161\u0101 temperat\u016bru un brauk\u0161anas apst\u0101k\u013cu spektr\u0101.\" \/>\n<meta property=\"og:url\" content=\"https:\/\/mmkriepas.lv\/en\/p\/255-50r19-marshal-ws71-107v-xl-kumho-2\/\" \/>\n<meta property=\"og:site_name\" content=\"MMK Riepas\" \/>\n<meta property=\"article:publisher\" content=\"https:\/\/www.facebook.com\/mmkserviss\/\" \/>\n<meta property=\"article:modified_time\" content=\"2026-03-27T12:24:22+00:00\" \/>\n<meta property=\"og:image\" content=\"https:\/\/mmkriepas.lv\/wp-content\/uploads\/2024\/06\/marshal-ws71.jpg\" \/>\n\t<meta property=\"og:image:width\" content=\"900\" \/>\n\t<meta property=\"og:image:height\" content=\"720\" \/>\n\t<meta property=\"og:image:type\" content=\"image\/jpeg\" \/>\n<meta name=\"twitter:card\" content=\"summary_large_image\" \/>\n<meta name=\"twitter:label1\" content=\"Price\" \/>\n\t<meta name=\"twitter:data1\" content=\"&euro;127.00\" \/>\n\t<meta name=\"twitter:label2\" content=\"Availability\" \/>\n\t<meta name=\"twitter:data2\" content=\"In stock\" \/>\n<script type=\"application\/ld+json\" class=\"yoast-schema-graph\">{\"@context\":\"https:\\\/\\\/schema.org\",\"@graph\":[{\"@type\":\"WebPage\",\"@id\":\"https:\\\/\\\/mmkriepas.lv\\\/en\\\/p\\\/255-50r19-marshal-ws71-107v-xl-kumho-2\\\/\",\"url\":\"https:\\\/\\\/mmkriepas.lv\\\/en\\\/p\\\/255-50r19-marshal-ws71-107v-xl-kumho-2\\\/\",\"name\":\"255\\\/50R19 Marshal WS71 107V XL (Kumho) &#8226; MMK Riepas\",\"isPartOf\":{\"@id\":\"https:\\\/\\\/mmkriepas.lv\\\/en\\\/#website\"},\"primaryImageOfPage\":{\"@id\":\"https:\\\/\\\/mmkriepas.lv\\\/en\\\/p\\\/255-50r19-marshal-ws71-107v-xl-kumho-2\\\/#primaryimage\"},\"image\":{\"@id\":\"https:\\\/\\\/mmkriepas.lv\\\/en\\\/p\\\/255-50r19-marshal-ws71-107v-xl-kumho-2\\\/#primaryimage\"},\"thumbnailUrl\":\"https:\\\/\\\/mmkriepas.lv\\\/wp-content\\\/uploads\\\/2024\\\/06\\\/marshal-ws71.jpg\",\"datePublished\":\"2025-02-06T12:49:29+00:00\",\"dateModified\":\"2026-03-27T12:24:22+00:00\",\"breadcrumb\":{\"@id\":\"https:\\\/\\\/mmkriepas.lv\\\/en\\\/p\\\/255-50r19-marshal-ws71-107v-xl-kumho-2\\\/#breadcrumb\"},\"inLanguage\":\"en-US\",\"potentialAction\":[{\"@type\":\"ReadAction\",\"target\":[\"https:\\\/\\\/mmkriepas.lv\\\/en\\\/p\\\/255-50r19-marshal-ws71-107v-xl-kumho-2\\\/\"]}]},{\"@type\":\"ImageObject\",\"inLanguage\":\"en-US\",\"@id\":\"https:\\\/\\\/mmkriepas.lv\\\/en\\\/p\\\/255-50r19-marshal-ws71-107v-xl-kumho-2\\\/#primaryimage\",\"url\":\"https:\\\/\\\/mmkriepas.lv\\\/wp-content\\\/uploads\\\/2024\\\/06\\\/marshal-ws71.jpg\",\"contentUrl\":\"https:\\\/\\\/mmkriepas.lv\\\/wp-content\\\/uploads\\\/2024\\\/06\\\/marshal-ws71.jpg\",\"width\":900,\"height\":720,\"caption\":\"MAIN\"},{\"@type\":\"BreadcrumbList\",\"@id\":\"https:\\\/\\\/mmkriepas.lv\\\/en\\\/p\\\/255-50r19-marshal-ws71-107v-xl-kumho-2\\\/#breadcrumb\",\"itemListElement\":[{\"@type\":\"ListItem\",\"position\":1,\"name\":\"S\u0101kums\",\"item\":\"https:\\\/\\\/mmkriepas.lv\\\/en\\\/\"},{\"@type\":\"ListItem\",\"position\":2,\"name\":\"255\\\/50R19 Marshal WS71 107V XL (Kumho)\"}]},{\"@type\":\"WebSite\",\"@id\":\"https:\\\/\\\/mmkriepas.lv\\\/en\\\/#website\",\"url\":\"https:\\\/\\\/mmkriepas.lv\\\/en\\\/\",\"name\":\"MMK Riepas\",\"description\":\"MMK Riepas\",\"alternateName\":\"MMK Riepu Serviss\",\"potentialAction\":[{\"@type\":\"SearchAction\",\"target\":{\"@type\":\"EntryPoint\",\"urlTemplate\":\"https:\\\/\\\/mmkriepas.lv\\\/en\\\/?s={search_term_string}\"},\"query-input\":{\"@type\":\"PropertyValueSpecification\",\"valueRequired\":true,\"valueName\":\"search_term_string\"}}],\"inLanguage\":\"en-US\"},{\"@type\":\"ImageObject\",\"inLanguage\":\"en-US\",\"@id\":\"https:\\\/\\\/mmkriepas.lv\\\/en\\\/p\\\/255-50r19-marshal-ws71-107v-xl-kumho-2\\\/#local-main-organization-logo\",\"url\":\"\",\"contentUrl\":\"\",\"caption\":\"MMK Riepas\"}]}<\/script>\n<meta property=\"product:brand\" content=\"Marshal WS71\" \/>\n<meta property=\"product:price:amount\" content=\"127.00\" \/>\n<meta property=\"product:price:currency\" content=\"EUR\" \/>\n<meta property=\"og:availability\" content=\"instock\" \/>\n<meta property=\"product:availability\" content=\"instock\" \/>\n<meta property=\"product:retailer_item_id\" content=\"TW2555019MARSH-L44188\" \/>\n<meta property=\"product:condition\" content=\"new\" \/>\n<!-- \/ Yoast SEO Premium plugin. -->","yoast_head_json":{"title":"255\/50R19 Marshal WS71 107V XL (Kumho) &#8226; MMK Riepas","robots":{"index":"index","follow":"follow","max-snippet":"max-snippet:-1","max-image-preview":"max-image-preview:large","max-video-preview":"max-video-preview:-1"},"canonical":"https:\/\/mmkriepas.lv\/en\/p\/255-50r19-marshal-ws71-107v-xl-kumho-2\/","og_locale":"en_US","og_type":"article","og_title":"255\/50R19 Marshal WS71 107V XL (Kumho)","og_description":"Marshal WS71 ir teicamas kvalit\u0101tes, vid\u0113j\u0101s klases vissezonas\/ziemas riepu modelis. Izce\u013cas ar teicam\u0101m veiktsp\u0113jas un brauk\u0161anas komforta \u012bpa\u0161\u012bb\u0101m pla\u0161\u0101 temperat\u016bru un brauk\u0161anas apst\u0101k\u013cu spektr\u0101.","og_url":"https:\/\/mmkriepas.lv\/en\/p\/255-50r19-marshal-ws71-107v-xl-kumho-2\/","og_site_name":"MMK Riepas","article_publisher":"https:\/\/www.facebook.com\/mmkserviss\/","article_modified_time":"2026-03-27T12:24:22+00:00","og_image":[{"width":900,"height":720,"url":"https:\/\/mmkriepas.lv\/wp-content\/uploads\/2024\/06\/marshal-ws71.jpg","type":"image\/jpeg"}],"twitter_card":"summary_large_image","twitter_misc":{"Price":"&euro;127.00","Availability":"In stock"},"schema":{"@context":"https:\/\/schema.org","@graph":[{"@type":"WebPage","@id":"https:\/\/mmkriepas.lv\/en\/p\/255-50r19-marshal-ws71-107v-xl-kumho-2\/","url":"https:\/\/mmkriepas.lv\/en\/p\/255-50r19-marshal-ws71-107v-xl-kumho-2\/","name":"255\/50R19 Marshal WS71 107V XL (Kumho) &#8226; MMK Riepas","isPartOf":{"@id":"https:\/\/mmkriepas.lv\/en\/#website"},"primaryImageOfPage":{"@id":"https:\/\/mmkriepas.lv\/en\/p\/255-50r19-marshal-ws71-107v-xl-kumho-2\/#primaryimage"},"image":{"@id":"https:\/\/mmkriepas.lv\/en\/p\/255-50r19-marshal-ws71-107v-xl-kumho-2\/#primaryimage"},"thumbnailUrl":"https:\/\/mmkriepas.lv\/wp-content\/uploads\/2024\/06\/marshal-ws71.jpg","datePublished":"2025-02-06T12:49:29+00:00","dateModified":"2026-03-27T12:24:22+00:00","breadcrumb":{"@id":"https:\/\/mmkriepas.lv\/en\/p\/255-50r19-marshal-ws71-107v-xl-kumho-2\/#breadcrumb"},"inLanguage":"en-US","potentialAction":[{"@type":"ReadAction","target":["https:\/\/mmkriepas.lv\/en\/p\/255-50r19-marshal-ws71-107v-xl-kumho-2\/"]}]},{"@type":"ImageObject","inLanguage":"en-US","@id":"https:\/\/mmkriepas.lv\/en\/p\/255-50r19-marshal-ws71-107v-xl-kumho-2\/#primaryimage","url":"https:\/\/mmkriepas.lv\/wp-content\/uploads\/2024\/06\/marshal-ws71.jpg","contentUrl":"https:\/\/mmkriepas.lv\/wp-content\/uploads\/2024\/06\/marshal-ws71.jpg","width":900,"height":720,"caption":"MAIN"},{"@type":"BreadcrumbList","@id":"https:\/\/mmkriepas.lv\/en\/p\/255-50r19-marshal-ws71-107v-xl-kumho-2\/#breadcrumb","itemListElement":[{"@type":"ListItem","position":1,"name":"S\u0101kums","item":"https:\/\/mmkriepas.lv\/en\/"},{"@type":"ListItem","position":2,"name":"255\/50R19 Marshal WS71 107V XL (Kumho)"}]},{"@type":"WebSite","@id":"https:\/\/mmkriepas.lv\/en\/#website","url":"https:\/\/mmkriepas.lv\/en\/","name":"MMK Riepas","description":"MMK Riepas","alternateName":"MMK Riepu Serviss","potentialAction":[{"@type":"SearchAction","target":{"@type":"EntryPoint","urlTemplate":"https:\/\/mmkriepas.lv\/en\/?s={search_term_string}"},"query-input":{"@type":"PropertyValueSpecification","valueRequired":true,"valueName":"search_term_string"}}],"inLanguage":"en-US"},{"@type":"ImageObject","inLanguage":"en-US","@id":"https:\/\/mmkriepas.lv\/en\/p\/255-50r19-marshal-ws71-107v-xl-kumho-2\/#local-main-organization-logo","url":"","contentUrl":"","caption":"MMK Riepas"}]},"product_brand":"Marshal WS71","product_price_amount":"127.00","product_price_currency":"EUR","og_availability":"instock","product_availability":"instock","product_retailer_item_id":"TW2555019MARSH-L44188","product_condition":"new"},"_links":{"self":[{"href":"https:\/\/mmkriepas.lv\/en\/wp-json\/wp\/v2\/product\/1160244","targetHints":{"allow":["GET"]}}],"collection":[{"href":"https:\/\/mmkriepas.lv\/en\/wp-json\/wp\/v2\/product"}],"about":[{"href":"https:\/\/mmkriepas.lv\/en\/wp-json\/wp\/v2\/types\/product"}],"wp:featuredmedia":[{"embeddable":true,"href":"https:\/\/mmkriepas.lv\/en\/wp-json\/wp\/v2\/media\/915081"}],"wp:attachment":[{"href":"https:\/\/mmkriepas.lv\/en\/wp-json\/wp\/v2\/media?parent=1160244"}],"wp:term":[{"taxonomy":"product_brand","embeddable":true,"href":"https:\/\/mmkriepas.lv\/en\/wp-json\/wp\/v2\/product_brand?post=1160244"},{"taxonomy":"product_cat","embeddable":true,"href":"https:\/\/mmkriepas.lv\/en\/wp-json\/wp\/v2\/product_cat?post=1160244"},{"taxonomy":"product_tag","embeddable":true,"href":"https:\/\/mmkriepas.lv\/en\/wp-json\/wp\/v2\/product_tag?post=1160244"}],"curies":[{"name":"wp","href":"https:\/\/api.w.org\/{rel}","templated":true}]}}