{"id":1160204,"date":"2025-02-06T14:48:12","date_gmt":"2025-02-06T12:48:12","guid":{"rendered":"https:\/\/mmkriepas.lv\/?post_type=product&#038;p=1160204"},"modified":"2026-03-27T14:24:05","modified_gmt":"2026-03-27T12:24:05","slug":"175-65r14-marshal-kw31-82r","status":"publish","type":"product","link":"https:\/\/mmkriepas.lv\/en\/p\/175-65r14-marshal-kw31-82r\/","title":{"rendered":"175\/65R14 Marshal I&#8217;Zen KW31 82R (Kumho)"},"content":{"rendered":"<p style=\"margin: 12.0pt 0cm 12.0pt 0cm;\"><b><span style=\"font-size: 11.0pt; font-family: 'Arial',sans-serif; color: black;\">Marshal I`Zen KW31<\/span><\/b><span style=\"font-size: 11.0pt; font-family: 'Arial',sans-serif; color: black;\"> ir \u013coti labs vid\u0113j\u0101s klases ziemas riepu modelis. Tas izce\u013cas ar \u013coti labiem veiktsp\u0113jas r\u0101d\u012bt\u0101jiem gan snieg\u0101, gan uz sausa un slapja asfalta. Protektora blokos iestr\u0101d\u0101t\u0101s 3D lameles b\u016btiski uzlabo sa\u0137eres \u012bpa\u0161\u012bbas uz apledoju\u0161\u0101m ce\u013ca virsm\u0101m.<\/span><o:p><\/o:p><\/p>\n<h3 style=\"margin: 14.0pt 0cm 4.0pt 0cm;\"><span style=\"font-size: 13.0pt; font-family: 'Arial',sans-serif; color: black;\">I`Zen KW31 galven\u0101s iez\u012bmes<\/span><o:p><\/o:p><\/h3>\n<p style=\"margin: 12.0pt 0cm 12.0pt 0cm;\"><span style=\"font-size: 11.0pt; font-family: 'Arial',sans-serif; color: black;\">+ \u013boti laba sa\u0137ere uz gan uz sausa un slapja asfalta, gan snieg\u0101.<\/span><o:p><\/o:p><\/p>\n<p style=\"margin: 12.0pt 0cm 12.0pt 0cm;\"><span style=\"font-size: 11.0pt; font-family: 'Arial',sans-serif; color: black;\">+ Zems akvaplan\u0113\u0161anas risks.<\/span><o:p><\/o:p><\/p>\n<p style=\"margin: 12.0pt 0cm 12.0pt 0cm;\"><span style=\"font-size: 11.0pt; font-family: 'Arial',sans-serif; color: black;\">+ Augsta nodilumiztur\u012bba.<\/span><o:p><\/o:p><\/p>\n<p style=\"margin: 12.0pt 0cm 12.0pt 0cm;\"><span style=\"font-size: 11.0pt; font-family: 'Arial',sans-serif; color: black;\">+ \u013boti laba manevr\u0113tsp\u0113ja un \u012bss bremz\u0113\u0161anas ce\u013c\u0161.<\/span><o:p><\/o:p><\/p>\n<h3 style=\"margin: 14.0pt 0cm 4.0pt 0cm;\"><span style=\"font-size: 13.0pt; font-family: 'Arial',sans-serif; color: black;\">I`Zen KW31 apr\u012bkojums<\/span><o:p><\/o:p><\/h3>\n<p style=\"margin: 12.0pt 0cm 12.0pt 0cm;\"><b><span style=\"font-size: 11.0pt; font-family: 'Arial',sans-serif; color: black;\">Marshal I`Zen KW31 <\/span><\/b><span style=\"font-size: 11.0pt; font-family: 'Arial',sans-serif; color: black;\">ziemas riepas apr\u012bkotas ar dzi\u013cu un agres\u012bvu protektora dizainu. \u0160\u0101da protektora raksta izv\u0113le nodro\u0161ina \u013coti labas sa\u0137eres \u012bpa\u0161\u012bbas snieg\u0101 un uz slapja asfalta.\u00a0<\/span><o:p><\/o:p><\/p>\n<p style=\"margin: 12.0pt 0cm 12.0pt 0cm;\"><span style=\"font-size: 11.0pt; font-family: 'Arial',sans-serif; color: black;\">Riepu gumijas sast\u0101vs ir vid\u0113ji ciets un \u0161\u0101du st\u0101vokli, pateicoties virknei pievienotu elastrom\u0113ru, tas saglab\u0101 ar\u012b \u013coti zem\u0101s gaisa temperat\u016br\u0101s. Elast\u012bga riepa daudz lab\u0101k veido sa\u0137eri ar ce\u013cu, k\u0101 ar\u012b dilst vienm\u0113r\u012bg\u0101k.\u00a0<\/span><o:p><\/o:p><\/p>\n<p style=\"margin: 12.0pt 0cm 12.0pt 0cm;\"><span style=\"font-size: 11.0pt; font-family: 'Arial',sans-serif; color: black;\">Mas\u012bvajos V-veida protektora blokos bl\u012bvi iestr\u0101d\u0101tas 3D lameles. T\u0101s veido cie\u0161u sa\u0137eri ar ledu un sabliet\u0113tu sniegu, slidenaj\u0101s virsm\u0101s iec\u0113rtoties ar as\u0101m kant\u0113m.<\/span><\/p>\n","protected":false},"excerpt":{"rendered":"<p><b><span style=\"font-size: 11.0pt; font-family: 'Arial',sans-serif; color: black;\">Marshal I`Zen KW31<\/span><\/b><span style=\"font-size: 11.0pt; font-family: 'Arial',sans-serif; color: black;\"> ir \u013coti labs vid\u0113j\u0101s klases ziemas riepu modelis. Tas izce\u013cas ar \u013coti labiem veiktsp\u0113jas r\u0101d\u012bt\u0101jiem gan snieg\u0101, gan uz sausa un slapja asfalta. Protektora blokos iestr\u0101d\u0101t\u0101s 3D lameles b\u016btiski uzlabo sa\u0137eres \u012bpa\u0161\u012bbas uz apledoju\u0161\u0101m ce\u013ca virsm\u0101m.<\/span><\/p>\n","protected":false},"featured_media":814912,"template":"","meta":{"_acf_changed":false,"ngg_post_thumbnail":0},"product_brand":[],"product_cat":[47,45],"product_tag":[],"class_list":{"0":"post-1160204","1":"product","2":"type-product","3":"status-publish","4":"has-post-thumbnail","6":"product_cat-vissezonas-riepas","7":"product_cat-ziemas-riepas","9":"first","10":"instock","11":"sale","12":"taxable","13":"shipping-taxable","14":"purchasable","15":"product-type-simple"},"acf":[],"yoast_head":"<!-- This site is optimized with the Yoast SEO Premium plugin v22.6 (Yoast SEO v27.3) - https:\/\/yoast.com\/product\/yoast-seo-premium-wordpress\/ -->\n<title>175\/65R14 Marshal I&#039;Zen KW31 82R (Kumho) &#8226; MMK Riepas<\/title>\n<meta name=\"robots\" content=\"index, follow, max-snippet:-1, max-image-preview:large, max-video-preview:-1\" \/>\n<link rel=\"canonical\" href=\"https:\/\/mmkriepas.lv\/en\/p\/175-65r14-marshal-kw31-82r\/\" \/>\n<meta property=\"og:locale\" content=\"en_US\" \/>\n<meta property=\"og:type\" content=\"article\" \/>\n<meta property=\"og:title\" content=\"175\/65R14 Marshal I&#039;Zen KW31 82R (Kumho)\" \/>\n<meta property=\"og:description\" content=\"Marshal I`Zen KW31 ir \u013coti labs vid\u0113j\u0101s klases ziemas riepu modelis. Tas izce\u013cas ar \u013coti labiem veiktsp\u0113jas r\u0101d\u012bt\u0101jiem gan snieg\u0101, gan uz sausa un slapja asfalta. Protektora blokos iestr\u0101d\u0101t\u0101s 3D lameles b\u016btiski uzlabo sa\u0137eres \u012bpa\u0161\u012bbas uz apledoju\u0161\u0101m ce\u013ca virsm\u0101m.\" \/>\n<meta property=\"og:url\" content=\"https:\/\/mmkriepas.lv\/en\/p\/175-65r14-marshal-kw31-82r\/\" \/>\n<meta property=\"og:site_name\" content=\"MMK Riepas\" \/>\n<meta property=\"article:publisher\" content=\"https:\/\/www.facebook.com\/mmkserviss\/\" \/>\n<meta property=\"article:modified_time\" content=\"2026-03-27T12:24:05+00:00\" \/>\n<meta property=\"og:image\" content=\"https:\/\/mmkriepas.lv\/wp-content\/uploads\/2023\/10\/19555r15-marshal-izen-kw31-85r-dot18-kumho-ziemas-riepas.jpg\" \/>\n\t<meta property=\"og:image:width\" content=\"1920\" \/>\n\t<meta property=\"og:image:height\" content=\"1920\" \/>\n\t<meta property=\"og:image:type\" content=\"image\/jpeg\" \/>\n<meta name=\"twitter:card\" content=\"summary_large_image\" \/>\n<meta name=\"twitter:label1\" content=\"Price\" \/>\n\t<meta name=\"twitter:data1\" content=\"&euro;45.00\" \/>\n\t<meta name=\"twitter:label2\" content=\"Availability\" \/>\n\t<meta name=\"twitter:data2\" content=\"In stock\" \/>\n<script type=\"application\/ld+json\" class=\"yoast-schema-graph\">{\"@context\":\"https:\\\/\\\/schema.org\",\"@graph\":[{\"@type\":\"WebPage\",\"@id\":\"https:\\\/\\\/mmkriepas.lv\\\/en\\\/p\\\/175-65r14-marshal-kw31-82r\\\/\",\"url\":\"https:\\\/\\\/mmkriepas.lv\\\/en\\\/p\\\/175-65r14-marshal-kw31-82r\\\/\",\"name\":\"175\\\/65R14 Marshal I'Zen KW31 82R (Kumho) &#8226; MMK Riepas\",\"isPartOf\":{\"@id\":\"https:\\\/\\\/mmkriepas.lv\\\/en\\\/#website\"},\"primaryImageOfPage\":{\"@id\":\"https:\\\/\\\/mmkriepas.lv\\\/en\\\/p\\\/175-65r14-marshal-kw31-82r\\\/#primaryimage\"},\"image\":{\"@id\":\"https:\\\/\\\/mmkriepas.lv\\\/en\\\/p\\\/175-65r14-marshal-kw31-82r\\\/#primaryimage\"},\"thumbnailUrl\":\"https:\\\/\\\/mmkriepas.lv\\\/wp-content\\\/uploads\\\/2023\\\/10\\\/19555r15-marshal-izen-kw31-85r-dot18-kumho-ziemas-riepas.jpg\",\"datePublished\":\"2025-02-06T12:48:12+00:00\",\"dateModified\":\"2026-03-27T12:24:05+00:00\",\"breadcrumb\":{\"@id\":\"https:\\\/\\\/mmkriepas.lv\\\/en\\\/p\\\/175-65r14-marshal-kw31-82r\\\/#breadcrumb\"},\"inLanguage\":\"en-US\",\"potentialAction\":[{\"@type\":\"ReadAction\",\"target\":[\"https:\\\/\\\/mmkriepas.lv\\\/en\\\/p\\\/175-65r14-marshal-kw31-82r\\\/\"]}]},{\"@type\":\"ImageObject\",\"inLanguage\":\"en-US\",\"@id\":\"https:\\\/\\\/mmkriepas.lv\\\/en\\\/p\\\/175-65r14-marshal-kw31-82r\\\/#primaryimage\",\"url\":\"https:\\\/\\\/mmkriepas.lv\\\/wp-content\\\/uploads\\\/2023\\\/10\\\/19555r15-marshal-izen-kw31-85r-dot18-kumho-ziemas-riepas.jpg\",\"contentUrl\":\"https:\\\/\\\/mmkriepas.lv\\\/wp-content\\\/uploads\\\/2023\\\/10\\\/19555r15-marshal-izen-kw31-85r-dot18-kumho-ziemas-riepas.jpg\",\"width\":1920,\"height\":1920,\"caption\":\"MAIN\"},{\"@type\":\"BreadcrumbList\",\"@id\":\"https:\\\/\\\/mmkriepas.lv\\\/en\\\/p\\\/175-65r14-marshal-kw31-82r\\\/#breadcrumb\",\"itemListElement\":[{\"@type\":\"ListItem\",\"position\":1,\"name\":\"S\u0101kums\",\"item\":\"https:\\\/\\\/mmkriepas.lv\\\/en\\\/\"},{\"@type\":\"ListItem\",\"position\":2,\"name\":\"175\\\/65R14 Marshal I&#8217;Zen KW31 82R (Kumho)\"}]},{\"@type\":\"WebSite\",\"@id\":\"https:\\\/\\\/mmkriepas.lv\\\/en\\\/#website\",\"url\":\"https:\\\/\\\/mmkriepas.lv\\\/en\\\/\",\"name\":\"MMK Riepas\",\"description\":\"MMK Riepas\",\"alternateName\":\"MMK Riepu Serviss\",\"potentialAction\":[{\"@type\":\"SearchAction\",\"target\":{\"@type\":\"EntryPoint\",\"urlTemplate\":\"https:\\\/\\\/mmkriepas.lv\\\/en\\\/?s={search_term_string}\"},\"query-input\":{\"@type\":\"PropertyValueSpecification\",\"valueRequired\":true,\"valueName\":\"search_term_string\"}}],\"inLanguage\":\"en-US\"},{\"@type\":\"ImageObject\",\"inLanguage\":\"en-US\",\"@id\":\"https:\\\/\\\/mmkriepas.lv\\\/en\\\/p\\\/175-65r14-marshal-kw31-82r\\\/#local-main-organization-logo\",\"url\":\"\",\"contentUrl\":\"\",\"caption\":\"MMK Riepas\"}]}<\/script>\n<meta property=\"product:brand\" content=\"Marshal I&#039;Zen KW31\" \/>\n<meta property=\"product:price:amount\" content=\"45.00\" \/>\n<meta property=\"product:price:currency\" content=\"EUR\" \/>\n<meta property=\"og:availability\" content=\"instock\" \/>\n<meta property=\"product:availability\" content=\"instock\" \/>\n<meta property=\"product:retailer_item_id\" content=\"TW1756514MARSH-L44178\" \/>\n<meta property=\"product:condition\" content=\"new\" \/>\n<!-- \/ Yoast SEO Premium plugin. -->","yoast_head_json":{"title":"175\/65R14 Marshal I'Zen KW31 82R (Kumho) &#8226; MMK Riepas","robots":{"index":"index","follow":"follow","max-snippet":"max-snippet:-1","max-image-preview":"max-image-preview:large","max-video-preview":"max-video-preview:-1"},"canonical":"https:\/\/mmkriepas.lv\/en\/p\/175-65r14-marshal-kw31-82r\/","og_locale":"en_US","og_type":"article","og_title":"175\/65R14 Marshal I'Zen KW31 82R (Kumho)","og_description":"Marshal I`Zen KW31 ir \u013coti labs vid\u0113j\u0101s klases ziemas riepu modelis. Tas izce\u013cas ar \u013coti labiem veiktsp\u0113jas r\u0101d\u012bt\u0101jiem gan snieg\u0101, gan uz sausa un slapja asfalta. Protektora blokos iestr\u0101d\u0101t\u0101s 3D lameles b\u016btiski uzlabo sa\u0137eres \u012bpa\u0161\u012bbas uz apledoju\u0161\u0101m ce\u013ca virsm\u0101m.","og_url":"https:\/\/mmkriepas.lv\/en\/p\/175-65r14-marshal-kw31-82r\/","og_site_name":"MMK Riepas","article_publisher":"https:\/\/www.facebook.com\/mmkserviss\/","article_modified_time":"2026-03-27T12:24:05+00:00","og_image":[{"width":1920,"height":1920,"url":"https:\/\/mmkriepas.lv\/wp-content\/uploads\/2023\/10\/19555r15-marshal-izen-kw31-85r-dot18-kumho-ziemas-riepas.jpg","type":"image\/jpeg"}],"twitter_card":"summary_large_image","twitter_misc":{"Price":"&euro;45.00","Availability":"In stock"},"schema":{"@context":"https:\/\/schema.org","@graph":[{"@type":"WebPage","@id":"https:\/\/mmkriepas.lv\/en\/p\/175-65r14-marshal-kw31-82r\/","url":"https:\/\/mmkriepas.lv\/en\/p\/175-65r14-marshal-kw31-82r\/","name":"175\/65R14 Marshal I'Zen KW31 82R (Kumho) &#8226; MMK Riepas","isPartOf":{"@id":"https:\/\/mmkriepas.lv\/en\/#website"},"primaryImageOfPage":{"@id":"https:\/\/mmkriepas.lv\/en\/p\/175-65r14-marshal-kw31-82r\/#primaryimage"},"image":{"@id":"https:\/\/mmkriepas.lv\/en\/p\/175-65r14-marshal-kw31-82r\/#primaryimage"},"thumbnailUrl":"https:\/\/mmkriepas.lv\/wp-content\/uploads\/2023\/10\/19555r15-marshal-izen-kw31-85r-dot18-kumho-ziemas-riepas.jpg","datePublished":"2025-02-06T12:48:12+00:00","dateModified":"2026-03-27T12:24:05+00:00","breadcrumb":{"@id":"https:\/\/mmkriepas.lv\/en\/p\/175-65r14-marshal-kw31-82r\/#breadcrumb"},"inLanguage":"en-US","potentialAction":[{"@type":"ReadAction","target":["https:\/\/mmkriepas.lv\/en\/p\/175-65r14-marshal-kw31-82r\/"]}]},{"@type":"ImageObject","inLanguage":"en-US","@id":"https:\/\/mmkriepas.lv\/en\/p\/175-65r14-marshal-kw31-82r\/#primaryimage","url":"https:\/\/mmkriepas.lv\/wp-content\/uploads\/2023\/10\/19555r15-marshal-izen-kw31-85r-dot18-kumho-ziemas-riepas.jpg","contentUrl":"https:\/\/mmkriepas.lv\/wp-content\/uploads\/2023\/10\/19555r15-marshal-izen-kw31-85r-dot18-kumho-ziemas-riepas.jpg","width":1920,"height":1920,"caption":"MAIN"},{"@type":"BreadcrumbList","@id":"https:\/\/mmkriepas.lv\/en\/p\/175-65r14-marshal-kw31-82r\/#breadcrumb","itemListElement":[{"@type":"ListItem","position":1,"name":"S\u0101kums","item":"https:\/\/mmkriepas.lv\/en\/"},{"@type":"ListItem","position":2,"name":"175\/65R14 Marshal I&#8217;Zen KW31 82R (Kumho)"}]},{"@type":"WebSite","@id":"https:\/\/mmkriepas.lv\/en\/#website","url":"https:\/\/mmkriepas.lv\/en\/","name":"MMK Riepas","description":"MMK Riepas","alternateName":"MMK Riepu Serviss","potentialAction":[{"@type":"SearchAction","target":{"@type":"EntryPoint","urlTemplate":"https:\/\/mmkriepas.lv\/en\/?s={search_term_string}"},"query-input":{"@type":"PropertyValueSpecification","valueRequired":true,"valueName":"search_term_string"}}],"inLanguage":"en-US"},{"@type":"ImageObject","inLanguage":"en-US","@id":"https:\/\/mmkriepas.lv\/en\/p\/175-65r14-marshal-kw31-82r\/#local-main-organization-logo","url":"","contentUrl":"","caption":"MMK Riepas"}]},"product_brand":"Marshal I'Zen KW31","product_price_amount":"45.00","product_price_currency":"EUR","og_availability":"instock","product_availability":"instock","product_retailer_item_id":"TW1756514MARSH-L44178","product_condition":"new"},"_links":{"self":[{"href":"https:\/\/mmkriepas.lv\/en\/wp-json\/wp\/v2\/product\/1160204","targetHints":{"allow":["GET"]}}],"collection":[{"href":"https:\/\/mmkriepas.lv\/en\/wp-json\/wp\/v2\/product"}],"about":[{"href":"https:\/\/mmkriepas.lv\/en\/wp-json\/wp\/v2\/types\/product"}],"wp:featuredmedia":[{"embeddable":true,"href":"https:\/\/mmkriepas.lv\/en\/wp-json\/wp\/v2\/media\/814912"}],"wp:attachment":[{"href":"https:\/\/mmkriepas.lv\/en\/wp-json\/wp\/v2\/media?parent=1160204"}],"wp:term":[{"taxonomy":"product_brand","embeddable":true,"href":"https:\/\/mmkriepas.lv\/en\/wp-json\/wp\/v2\/product_brand?post=1160204"},{"taxonomy":"product_cat","embeddable":true,"href":"https:\/\/mmkriepas.lv\/en\/wp-json\/wp\/v2\/product_cat?post=1160204"},{"taxonomy":"product_tag","embeddable":true,"href":"https:\/\/mmkriepas.lv\/en\/wp-json\/wp\/v2\/product_tag?post=1160204"}],"curies":[{"name":"wp","href":"https:\/\/api.w.org\/{rel}","templated":true}]}}