{"id":11593,"date":"2018-02-26T11:02:28","date_gmt":"2018-02-26T09:02:28","guid":{"rendered":"https:\/\/mmkserviss.lv\/?post_type=product&#038;p=11593"},"modified":"2025-09-24T14:08:46","modified_gmt":"2025-09-24T11:08:46","slug":"23560r16-triangle-te-301-100h","status":"publish","type":"product","link":"https:\/\/mmkriepas.lv\/en\/p\/23560r16-triangle-te-301-100h\/","title":{"rendered":"235\/60R16 Triangle Protract TE301 100H"},"content":{"rendered":"<p><strong>Triangle Protract TE301<\/strong> vasaras riepas pieder pie vieglo pasa\u017eieru auto produktu s\u0113rijas, kas \u012bpa\u0161i izstr\u0101d\u0101tas Eiropas autovad\u012bt\u0101ju tirgum. \u0160\u012bs riepas at\u0161\u0137ir\u012bg\u0101 iez\u012bme no cit\u0101m Triangle vasaras riep\u0101m, ir ra\u017eot\u0101ju v\u0113lme sasniegt maksim\u0101li iesp\u0113jamo balansu starp komfortablu brauk\u0161anu un augstiem nodilumiztur\u012bbas r\u0101d\u012bt\u0101jiem. \u0160is ir liels izaicin\u0101jums, \u0146emot v\u0113r\u0101 faktus, ka komfortablai brauk\u0161anai nepiecie\u0161ams m\u012bkst\u0101ks gumijas sast\u0101vs, tur pret\u012b nodilumiztur\u012bbai &#8211; ciet\u0101ks! Triangle TE301 tiek pied\u0101v\u0101ts vair\u0101kos desmitos izm\u0113ru ar diametru no 13 l\u012bdz 17 coll\u0101m.\u00a0<\/p>\n<ul>\n<li><strong>Protektora z\u012bm\u0113jums, kas izveidots 3D datorsimul\u0101cij\u0101.<\/strong> Izstr\u0101d\u0101jot Triangle TE301, in\u017eenieri uztic\u0113j\u0101s datorsimul\u0101cij\u0101m un modern\u0101kajiem digit\u0101lajiem risin\u0101jumiem. T\u0101 piem\u0113ram protektora dizains tika piln\u012bb\u0101 uztic\u0113ts datormodul\u0101cij\u0101m. Pateicoties \u0161iem risin\u0101jumiem, tika sasniegts l\u012bdz \u0161im lab\u0101kais riepas sprieguma sadal\u012bjums ar ce\u013ca kontaktlaukumu! Tas \u013c\u0101va iev\u0113rojami uzlabot vad\u0101m\u012bbu, pie\u0161\u0137irot riepai nemain\u012bgi uzticamu veiktsp\u0113ju, k\u0101 ar\u012b samazin\u0101t rites pretest\u012bbu, t\u0101d\u0113j\u0101di samazinot nodil\u0161anu un degvielas pat\u0113ri\u0146u.<\/li>\n<li><strong>Stabils sniegums pie jebkura \u0101truma.<\/strong> At\u0161\u0137ir\u012bb\u0101 no vairuma citu z\u012bmolu riep\u0101m \u0161aj\u0101 klas\u0113, Triangle TE301 ir simetrisks virziena veida protektors. To raksturo mas\u012bvu un nep\u0101rtrauktu garenisko ribu izvietojums centr\u0101laj\u0101 da\u013c\u0101. \u0160iem elementiem ir tik augsta stingr\u012bba, ka tie nodro\u0161ina izcilu riepu sa\u0137eres \u012bpa\u0161\u012bbu stabilit\u0101ti gandr\u012bz jebkur\u0101 \u0101trum\u0101. Turkl\u0101t, \u0161\u0101da konstrukcija lieliski rea\u0123\u0113 uz vismaz\u0101kajiem st\u016bres manevriem, t\u0101d\u0113j\u0101di atvieglojot brauk\u0161anas procesu.<\/li>\n<li><strong>Dro\u0161\u012bba ar\u012b lietainos apst\u0101k\u013cos.<\/strong> Ja run\u0101jam par riepas \u016bdens novadsist\u0113mu, tad j\u0101saka, ka reti kurai vasaras riepai protektora dizain\u0101 ir tik daudz da\u017e\u0101du elementu, dom\u0101tu tie\u0161i pret akvaplan\u0113\u0161anu. \u010cetr\u0101m garenisk\u0101m riev\u0101m centr\u0101laj\u0101 da\u013c\u0101, ir sal\u012bdzino\u0161i liels tilpums, kas \u013cauj t\u0101m \u0101tri izvad\u012bt gandr\u012bz visu \u016bdens daudzumu no saskares laukuma. Papildus 4 visaptvero\u0161\u0101m \u016bdens izvadriev\u0101m, pal\u012bdz\u012bbu sniedz daudzu da\u017e\u0101du veidu lame\u013cu efektivit\u0101te. Taisnas rievas novirza \u016bdeni uz k\u0101du no tuvum\u0101 eso\u0161aj\u0101m dren\u0101\u017eas riev\u0101m, un piliena formas rievas, izmantojot transportl\u012bdzek\u013ca svara rad\u012bto spiedienu, ies\u016bc \u016bdeni, p\u0113c tam, to izmetot ar centrb\u0113dzes rot\u0101cijas sp\u0113ka pal\u012bdz\u012bbu.<\/li>\n<\/ul>\n<p><strong>Triangle Protract TE301<\/strong>\u00a0\u012bpa\u0161\u012bbas:<\/p>\n<p>+ degvielas ekonomija\u00a0<\/p>\n<p>+ augsts komforta l\u012bmenis un ilgs kalpo\u0161anas laiks<\/p>\n<p>+ izmantojot modern\u0101k\u0101s 3D datorsimul\u0101cijas, izstr\u0101d\u0101ts protektora dizains Eiropas vasaru klimatiskajiem apst\u0101k\u013ciem<\/p>\n<p>+ lieliska iztur\u012bba pret akvaplan\u0113\u0161anu, pateicoties lielam garenisko rievu apjomam un vair\u0101ku veidu l\u012bst\u012b\u0161u tipa protektora bloku izmanto\u0161anai<\/p>\n<p>+ degvielas ekonomija, zema rites pretest\u012bba<\/p>\n<p>+ \u012bss bremz\u0113\u0161anas ce\u013c\u0161<\/p>\n<p>+ sal\u012bdzino\u0161i klusas riepas<\/p>\n<p>+ riepas izce\u013c\u0101s ar zemiem dilst\u012bbas r\u0101d\u012bt\u0101jiem, kas noz\u012bm\u0113 daudzu t\u016bksto\u0161u kilometru nobraukumu<\/p>\n<p>+ dro\u0161a vad\u0101m\u012bb\u0101 gan uz sausa, gan mitra seguma\u00a0<\/p>\n<h5>*Uzman\u012bbu: vasaras riepas, kas ra\u017eotas \u0100zijas valst\u012bs, var b\u016bt apz\u012bm\u0113tas ar apz\u012bm\u0113jumu M + S. J\u0101\u0146em ver\u0101, ka \u0100zijas teritorija sniedzas da\u017e\u0101d\u0101s klimatiskaj\u0101s zon\u0101s, kur da\u017eviet metereolo\u0123isk\u0101 ziema t\u0101 ar\u012b neiest\u0101jas. L\u012bdz ar to, tur \u0161\u012bs riepas var izmantot visu gadu, kam\u0113r Latvij\u0101 tas nestr\u0101d\u0101! S\u012bk\u0101k par \u0161o un citiem apz\u012bm\u0113jumiem dro\u0161i jaut\u0101jiet MMK Riepu Serviss speci\u0101listiem.<\/h5>\n","protected":false},"excerpt":{"rendered":"<p><b>Triangle Protract TE301<\/b> vasaras riepas pieder pie vieglo pasa\u017eieru auto produktu s\u0113rijas, kas \u012bpa\u0161i izstr\u0101d\u0101tas Eiropas autovad\u012bt\u0101ju tirgum. \u0160\u012bs riepas at\u0161\u0137ir\u012bg\u0101 iez\u012bme no cit\u0101m Triangle vasaras riep\u0101m, ir ra\u017eot\u0101ju v\u0113lme sasniegt maksim\u0101li iesp\u0113jamo balansu starp komfortablu brauk\u0161anu un augstiem nodilumiztur\u012bbas r\u0101d\u012bt\u0101jiem. \u0160is ir liels izaicin\u0101jums, \u0146emot v\u0113r\u0101 faktus, ka komfortablai brauk\u0161anai nepiecie\u0161ams m\u012bkst\u0101ks gumijas sast\u0101vs, tur pret\u012b nodilumiztur\u012bbai &#8211; ciet\u0101ks! Triangle TE301 tiek pied\u0101v\u0101ts vair\u0101kos desmitos izm\u0113ru ar diametru no 13 l\u012bdz 17 coll\u0101m. \u00a0<\/p>\n","protected":false},"featured_media":863834,"template":"","meta":{"_acf_changed":false,"ngg_post_thumbnail":0},"product_brand":[],"product_cat":[46],"product_tag":[],"class_list":{"0":"post-11593","1":"product","2":"type-product","3":"status-publish","4":"has-post-thumbnail","6":"product_cat-vasaras-riepas","8":"first","9":"outofstock","10":"sale","11":"taxable","12":"shipping-taxable","13":"product-type-simple"},"acf":[],"yoast_head":"<!-- This site is optimized with the Yoast SEO Premium plugin v22.6 (Yoast SEO v27.3) - https:\/\/yoast.com\/product\/yoast-seo-premium-wordpress\/ -->\n<title>235\/60R16 Triangle Protract TE301 100H &#8226; MMK Riepas<\/title>\n<meta name=\"robots\" content=\"index, follow, max-snippet:-1, max-image-preview:large, max-video-preview:-1\" \/>\n<link rel=\"canonical\" href=\"https:\/\/mmkriepas.lv\/en\/p\/23560r16-triangle-te-301-100h\/\" \/>\n<meta property=\"og:locale\" content=\"en_US\" \/>\n<meta property=\"og:type\" content=\"article\" \/>\n<meta property=\"og:title\" content=\"235\/60R16 Triangle Protract TE301 100H\" \/>\n<meta property=\"og:description\" content=\"Triangle Protract TE301 vasaras riepas pieder pie vieglo pasa\u017eieru auto produktu s\u0113rijas, kas \u012bpa\u0161i izstr\u0101d\u0101tas Eiropas autovad\u012bt\u0101ju tirgum. \u0160\u012bs riepas at\u0161\u0137ir\u012bg\u0101 iez\u012bme no cit\u0101m Triangle vasaras riep\u0101m, ir ra\u017eot\u0101ju v\u0113lme sasniegt maksim\u0101li iesp\u0113jamo balansu starp komfortablu brauk\u0161anu un augstiem nodilumiztur\u012bbas r\u0101d\u012bt\u0101jiem. \u0160is ir liels izaicin\u0101jums, \u0146emot v\u0113r\u0101 faktus, ka komfortablai brauk\u0161anai nepiecie\u0161ams m\u012bkst\u0101ks gumijas sast\u0101vs, tur pret\u012b nodilumiztur\u012bbai - ciet\u0101ks! Triangle TE301 tiek pied\u0101v\u0101ts vair\u0101kos desmitos izm\u0113ru ar diametru no 13 l\u012bdz 17 coll\u0101m. \u00a0\" \/>\n<meta property=\"og:url\" content=\"https:\/\/mmkriepas.lv\/en\/p\/23560r16-triangle-te-301-100h\/\" \/>\n<meta property=\"og:site_name\" content=\"MMK Riepas\" \/>\n<meta property=\"article:publisher\" content=\"https:\/\/www.facebook.com\/mmkserviss\/\" \/>\n<meta property=\"article:modified_time\" content=\"2025-09-24T11:08:46+00:00\" \/>\n<meta property=\"og:image\" content=\"https:\/\/mmkriepas.lv\/wp-content\/uploads\/2024\/02\/17570r14-triangle-protract-te301-88h-vasaras-riepas.jpg\" \/>\n\t<meta property=\"og:image:width\" content=\"1920\" \/>\n\t<meta property=\"og:image:height\" content=\"1440\" \/>\n\t<meta property=\"og:image:type\" content=\"image\/jpeg\" \/>\n<meta name=\"twitter:card\" content=\"summary_large_image\" \/>\n<meta name=\"twitter:label1\" content=\"Price\" \/>\n\t<meta name=\"twitter:data1\" content=\"&euro;25.00\" \/>\n\t<meta name=\"twitter:label2\" content=\"Availability\" \/>\n\t<meta name=\"twitter:data2\" content=\"Out of stock\" \/>\n<script type=\"application\/ld+json\" class=\"yoast-schema-graph\">{\"@context\":\"https:\\\/\\\/schema.org\",\"@graph\":[{\"@type\":\"WebPage\",\"@id\":\"https:\\\/\\\/mmkriepas.lv\\\/en\\\/p\\\/23560r16-triangle-te-301-100h\\\/\",\"url\":\"https:\\\/\\\/mmkriepas.lv\\\/en\\\/p\\\/23560r16-triangle-te-301-100h\\\/\",\"name\":\"235\\\/60R16 Triangle Protract TE301 100H &#8226; MMK Riepas\",\"isPartOf\":{\"@id\":\"https:\\\/\\\/mmkriepas.lv\\\/en\\\/#website\"},\"primaryImageOfPage\":{\"@id\":\"https:\\\/\\\/mmkriepas.lv\\\/en\\\/p\\\/23560r16-triangle-te-301-100h\\\/#primaryimage\"},\"image\":{\"@id\":\"https:\\\/\\\/mmkriepas.lv\\\/en\\\/p\\\/23560r16-triangle-te-301-100h\\\/#primaryimage\"},\"thumbnailUrl\":\"https:\\\/\\\/mmkriepas.lv\\\/wp-content\\\/uploads\\\/2024\\\/02\\\/17570r14-triangle-protract-te301-88h-vasaras-riepas.jpg\",\"datePublished\":\"2018-02-26T09:02:28+00:00\",\"dateModified\":\"2025-09-24T11:08:46+00:00\",\"breadcrumb\":{\"@id\":\"https:\\\/\\\/mmkriepas.lv\\\/en\\\/p\\\/23560r16-triangle-te-301-100h\\\/#breadcrumb\"},\"inLanguage\":\"en-US\",\"potentialAction\":[{\"@type\":\"ReadAction\",\"target\":[\"https:\\\/\\\/mmkriepas.lv\\\/en\\\/p\\\/23560r16-triangle-te-301-100h\\\/\"]}]},{\"@type\":\"ImageObject\",\"inLanguage\":\"en-US\",\"@id\":\"https:\\\/\\\/mmkriepas.lv\\\/en\\\/p\\\/23560r16-triangle-te-301-100h\\\/#primaryimage\",\"url\":\"https:\\\/\\\/mmkriepas.lv\\\/wp-content\\\/uploads\\\/2024\\\/02\\\/17570r14-triangle-protract-te301-88h-vasaras-riepas.jpg\",\"contentUrl\":\"https:\\\/\\\/mmkriepas.lv\\\/wp-content\\\/uploads\\\/2024\\\/02\\\/17570r14-triangle-protract-te301-88h-vasaras-riepas.jpg\",\"width\":1920,\"height\":1440,\"caption\":\"MAIN\"},{\"@type\":\"BreadcrumbList\",\"@id\":\"https:\\\/\\\/mmkriepas.lv\\\/en\\\/p\\\/23560r16-triangle-te-301-100h\\\/#breadcrumb\",\"itemListElement\":[{\"@type\":\"ListItem\",\"position\":1,\"name\":\"S\u0101kums\",\"item\":\"https:\\\/\\\/mmkriepas.lv\\\/en\\\/\"},{\"@type\":\"ListItem\",\"position\":2,\"name\":\"235\\\/60R16 Triangle Protract TE301 100H\"}]},{\"@type\":\"WebSite\",\"@id\":\"https:\\\/\\\/mmkriepas.lv\\\/en\\\/#website\",\"url\":\"https:\\\/\\\/mmkriepas.lv\\\/en\\\/\",\"name\":\"MMK Riepas\",\"description\":\"MMK Riepas\",\"alternateName\":\"MMK Riepu Serviss\",\"potentialAction\":[{\"@type\":\"SearchAction\",\"target\":{\"@type\":\"EntryPoint\",\"urlTemplate\":\"https:\\\/\\\/mmkriepas.lv\\\/en\\\/?s={search_term_string}\"},\"query-input\":{\"@type\":\"PropertyValueSpecification\",\"valueRequired\":true,\"valueName\":\"search_term_string\"}}],\"inLanguage\":\"en-US\"},{\"@type\":\"ImageObject\",\"inLanguage\":\"en-US\",\"@id\":\"https:\\\/\\\/mmkriepas.lv\\\/en\\\/p\\\/23560r16-triangle-te-301-100h\\\/#local-main-organization-logo\",\"url\":\"\",\"contentUrl\":\"\",\"caption\":\"MMK Riepas\"}]}<\/script>\n<meta property=\"product:brand\" content=\"Triangle Protract TE301\" \/>\n<meta property=\"product:price:amount\" content=\"25.00\" \/>\n<meta property=\"product:price:currency\" content=\"EUR\" \/>\n<meta property=\"og:availability\" content=\"out of stock\" \/>\n<meta property=\"product:availability\" content=\"out of stock\" \/>\n<meta property=\"product:retailer_item_id\" content=\"TS2356016TRIAN-29284\" \/>\n<meta property=\"product:condition\" content=\"new\" \/>\n<!-- \/ Yoast SEO Premium plugin. -->","yoast_head_json":{"title":"235\/60R16 Triangle Protract TE301 100H &#8226; MMK Riepas","robots":{"index":"index","follow":"follow","max-snippet":"max-snippet:-1","max-image-preview":"max-image-preview:large","max-video-preview":"max-video-preview:-1"},"canonical":"https:\/\/mmkriepas.lv\/en\/p\/23560r16-triangle-te-301-100h\/","og_locale":"en_US","og_type":"article","og_title":"235\/60R16 Triangle Protract TE301 100H","og_description":"Triangle Protract TE301 vasaras riepas pieder pie vieglo pasa\u017eieru auto produktu s\u0113rijas, kas \u012bpa\u0161i izstr\u0101d\u0101tas Eiropas autovad\u012bt\u0101ju tirgum. \u0160\u012bs riepas at\u0161\u0137ir\u012bg\u0101 iez\u012bme no cit\u0101m Triangle vasaras riep\u0101m, ir ra\u017eot\u0101ju v\u0113lme sasniegt maksim\u0101li iesp\u0113jamo balansu starp komfortablu brauk\u0161anu un augstiem nodilumiztur\u012bbas r\u0101d\u012bt\u0101jiem. \u0160is ir liels izaicin\u0101jums, \u0146emot v\u0113r\u0101 faktus, ka komfortablai brauk\u0161anai nepiecie\u0161ams m\u012bkst\u0101ks gumijas sast\u0101vs, tur pret\u012b nodilumiztur\u012bbai - ciet\u0101ks! Triangle TE301 tiek pied\u0101v\u0101ts vair\u0101kos desmitos izm\u0113ru ar diametru no 13 l\u012bdz 17 coll\u0101m. \u00a0","og_url":"https:\/\/mmkriepas.lv\/en\/p\/23560r16-triangle-te-301-100h\/","og_site_name":"MMK Riepas","article_publisher":"https:\/\/www.facebook.com\/mmkserviss\/","article_modified_time":"2025-09-24T11:08:46+00:00","og_image":[{"width":1920,"height":1440,"url":"https:\/\/mmkriepas.lv\/wp-content\/uploads\/2024\/02\/17570r14-triangle-protract-te301-88h-vasaras-riepas.jpg","type":"image\/jpeg"}],"twitter_card":"summary_large_image","twitter_misc":{"Price":"&euro;25.00","Availability":"Out of stock"},"schema":{"@context":"https:\/\/schema.org","@graph":[{"@type":"WebPage","@id":"https:\/\/mmkriepas.lv\/en\/p\/23560r16-triangle-te-301-100h\/","url":"https:\/\/mmkriepas.lv\/en\/p\/23560r16-triangle-te-301-100h\/","name":"235\/60R16 Triangle Protract TE301 100H &#8226; MMK Riepas","isPartOf":{"@id":"https:\/\/mmkriepas.lv\/en\/#website"},"primaryImageOfPage":{"@id":"https:\/\/mmkriepas.lv\/en\/p\/23560r16-triangle-te-301-100h\/#primaryimage"},"image":{"@id":"https:\/\/mmkriepas.lv\/en\/p\/23560r16-triangle-te-301-100h\/#primaryimage"},"thumbnailUrl":"https:\/\/mmkriepas.lv\/wp-content\/uploads\/2024\/02\/17570r14-triangle-protract-te301-88h-vasaras-riepas.jpg","datePublished":"2018-02-26T09:02:28+00:00","dateModified":"2025-09-24T11:08:46+00:00","breadcrumb":{"@id":"https:\/\/mmkriepas.lv\/en\/p\/23560r16-triangle-te-301-100h\/#breadcrumb"},"inLanguage":"en-US","potentialAction":[{"@type":"ReadAction","target":["https:\/\/mmkriepas.lv\/en\/p\/23560r16-triangle-te-301-100h\/"]}]},{"@type":"ImageObject","inLanguage":"en-US","@id":"https:\/\/mmkriepas.lv\/en\/p\/23560r16-triangle-te-301-100h\/#primaryimage","url":"https:\/\/mmkriepas.lv\/wp-content\/uploads\/2024\/02\/17570r14-triangle-protract-te301-88h-vasaras-riepas.jpg","contentUrl":"https:\/\/mmkriepas.lv\/wp-content\/uploads\/2024\/02\/17570r14-triangle-protract-te301-88h-vasaras-riepas.jpg","width":1920,"height":1440,"caption":"MAIN"},{"@type":"BreadcrumbList","@id":"https:\/\/mmkriepas.lv\/en\/p\/23560r16-triangle-te-301-100h\/#breadcrumb","itemListElement":[{"@type":"ListItem","position":1,"name":"S\u0101kums","item":"https:\/\/mmkriepas.lv\/en\/"},{"@type":"ListItem","position":2,"name":"235\/60R16 Triangle Protract TE301 100H"}]},{"@type":"WebSite","@id":"https:\/\/mmkriepas.lv\/en\/#website","url":"https:\/\/mmkriepas.lv\/en\/","name":"MMK Riepas","description":"MMK Riepas","alternateName":"MMK Riepu Serviss","potentialAction":[{"@type":"SearchAction","target":{"@type":"EntryPoint","urlTemplate":"https:\/\/mmkriepas.lv\/en\/?s={search_term_string}"},"query-input":{"@type":"PropertyValueSpecification","valueRequired":true,"valueName":"search_term_string"}}],"inLanguage":"en-US"},{"@type":"ImageObject","inLanguage":"en-US","@id":"https:\/\/mmkriepas.lv\/en\/p\/23560r16-triangle-te-301-100h\/#local-main-organization-logo","url":"","contentUrl":"","caption":"MMK Riepas"}]},"product_brand":"Triangle Protract TE301","product_price_amount":"25.00","product_price_currency":"EUR","og_availability":"out of stock","product_availability":"out of stock","product_retailer_item_id":"TS2356016TRIAN-29284","product_condition":"new"},"_links":{"self":[{"href":"https:\/\/mmkriepas.lv\/en\/wp-json\/wp\/v2\/product\/11593","targetHints":{"allow":["GET"]}}],"collection":[{"href":"https:\/\/mmkriepas.lv\/en\/wp-json\/wp\/v2\/product"}],"about":[{"href":"https:\/\/mmkriepas.lv\/en\/wp-json\/wp\/v2\/types\/product"}],"wp:featuredmedia":[{"embeddable":true,"href":"https:\/\/mmkriepas.lv\/en\/wp-json\/wp\/v2\/media\/863834"}],"wp:attachment":[{"href":"https:\/\/mmkriepas.lv\/en\/wp-json\/wp\/v2\/media?parent=11593"}],"wp:term":[{"taxonomy":"product_brand","embeddable":true,"href":"https:\/\/mmkriepas.lv\/en\/wp-json\/wp\/v2\/product_brand?post=11593"},{"taxonomy":"product_cat","embeddable":true,"href":"https:\/\/mmkriepas.lv\/en\/wp-json\/wp\/v2\/product_cat?post=11593"},{"taxonomy":"product_tag","embeddable":true,"href":"https:\/\/mmkriepas.lv\/en\/wp-json\/wp\/v2\/product_tag?post=11593"}],"curies":[{"name":"wp","href":"https:\/\/api.w.org\/{rel}","templated":true}]}}