{"id":1158013,"date":"2025-01-28T18:43:18","date_gmt":"2025-01-28T16:43:18","guid":{"rendered":"https:\/\/mmkriepas.lv\/?post_type=product&#038;p=1158013"},"modified":"2026-03-27T14:46:52","modified_gmt":"2026-03-27T12:46:52","slug":"205-75r16c-lassa-transway-3-113-111r","status":"publish","type":"product","link":"https:\/\/mmkriepas.lv\/en\/p\/205-75r16c-lassa-transway-3-113-111r\/","title":{"rendered":"205\/75R16C Lassa Transway 3 113\/111R (Bridgestone)"},"content":{"rendered":"<p class=\"western\" align=\"left\"><span style=\"font-family: Arial, sans-serif;\"><b><span>Lassa Transway 3<\/span><\/b><span> ir \u013coti labas kvalit\u0101tes, vid\u0113j\u0101 cenu segmenta C indeksa vasaras riepu modelis. Tas izce\u013cas ar teicamiem nodilumiztur\u012bbas, kravnes\u012bbas, degvielas ekonomijas un sa\u0137eres r\u0101d\u012bt\u0101jiem vasaras apst\u0101k\u013cos. \u0160is riepu modelis paredz\u0113ts komerctransportam &#8211; maziem un vid\u0113ja izm\u0113ra busiem, k\u0101 ar\u012b piekab\u0113m<\/span><\/span><\/p>\n<h3 class=\"western\" align=\"left\"><span style=\"font-family: Arial, sans-serif;\"><span>Lassa Transway 3 galven\u0101s \u012bpa\u0161\u012bbas:<\/span><\/span><\/h3>\n<p class=\"western\" align=\"left\"><span style=\"font-family: Arial, sans-serif;\"><span>+ Palielin\u0101ti slodzes indeksi efekt\u012bvai smagu kravu p\u0101rvad\u0101\u0161anai.<\/span><\/span><\/p>\n<p class=\"western\" align=\"left\"><span style=\"font-family: Arial, sans-serif;\"><span>+ Teicami sa\u0137eres r\u0101d\u012bt\u0101ji gan uz sausa, gan slapja asfalta, k\u0101 ar\u012b uz grants ce\u013ciem.<\/span><\/span><\/p>\n<p class=\"western\" align=\"left\"><span style=\"font-family: Arial, sans-serif;\"><span>+ Izmantots uzlabots gumijas sast\u0101vs, nodro\u0161inot ilgsto\u0161u riepu kalpo\u0161anas m\u016b\u017eu.<\/span><\/span><\/p>\n<p class=\"western\" align=\"left\"><span style=\"font-family: Arial, sans-serif;\"><span>+ Komfortabla brauk\u0161anas gaita ar zemu trok\u0161\u0146a l\u012bmeni un labu akustisko komfortu.<\/span><\/span><\/p>\n<p class=\"western\" align=\"left\"><span style=\"font-family: Arial, sans-serif;\"><span>+ Zems akvaplan\u0113\u0161anas risks, pateicoties efekt\u012bvai \u016bdens novadkan\u0101lu sist\u0113mai.<\/span><\/span><\/p>\n<h3 class=\"western\" align=\"left\"><span style=\"font-family: Arial, sans-serif;\"><span>Transway 3 apr\u012bkojums<\/span><\/span><\/h3>\n<p class=\"western\" align=\"left\"><span style=\"font-family: Arial, sans-serif;\"><span>Transway 3 c indeksa riepu modelis apr\u012bkots ar riepas karkasu, kas pastiprin\u0101ts ar vair\u0101kiem papildus kordu jeb brekera sl\u0101\u0146iem. Karkass iet\u0113rpts augstas kvalit\u0101tes, nodilumiztur\u012bg\u0101 gumijas sakaus\u0113jum\u0101, kuru rot\u0101 klasisks, simetrisks protektora raksts.<\/span><\/span><\/p>\n<p class=\"western\" align=\"left\"><span style=\"font-family: Arial, sans-serif;\"><span>Starp mas\u012bvaj\u0101m protektora bloku virkn\u0113m atrodama augsti att\u012bst\u012bta dren\u0101\u017eas kan\u0101lu sist\u0113ma, kas izcili tiek gal\u0101 ar \u016bdens novadi no riepas kontakta virsmas ar ce\u013cu, samazinot akvaplan\u0113\u0161anas risku.<\/span><\/span><\/p>\n<p class=\"western\" align=\"left\"><span style=\"font-family: Arial, sans-serif;\"><span>\u0160is vasaras komerctransporta riepu modelis piem\u0113rots tiem busu vad\u012bt\u0101jiem, kas vasaras laik\u0101 m\u0113ro lielus att\u0101lumus un par sabiedroto v\u0113las riepu, kas b\u016bs nodilumiztur\u012bga, ar zemu rites pretest\u012bbu &#8211; degvielas pat\u0113ri\u0146u un teicamu sa\u0137eri gan uz asfalta, gan ar\u012b grants ce\u013ciem.<\/span><\/span><\/p>\n","protected":false},"excerpt":{"rendered":"<p><span style=\"font-family: Arial, sans-serif;\"><b><span>Lassa Transway 3<\/span><\/b><span> ir \u013coti labas kvalit\u0101tes, vid\u0113j\u0101 cenu segmenta C indeksa vasaras riepu modelis. Tas izce\u013cas ar teicamiem nodilumiztur\u012bbas, kravnes\u012bbas, degvielas ekonomijas un sa\u0137eres r\u0101d\u012bt\u0101jiem vasaras apst\u0101k\u013cos. \u0160is riepu modelis paredz\u0113ts komerctransportam &#8211; maziem un vid\u0113ja izm\u0113ra busiem, k\u0101 ar\u012b piekab\u0113m.<\/span><\/span><\/p>\n","protected":false},"featured_media":850433,"template":"","meta":{"_acf_changed":false,"ngg_post_thumbnail":0},"product_brand":[],"product_cat":[46],"product_tag":[],"class_list":{"0":"post-1158013","1":"product","2":"type-product","3":"status-publish","4":"has-post-thumbnail","6":"product_cat-vasaras-riepas","8":"first","9":"instock","10":"sale","11":"taxable","12":"shipping-taxable","13":"purchasable","14":"product-type-simple"},"acf":[],"yoast_head":"<!-- This site is optimized with the Yoast SEO Premium plugin v22.6 (Yoast SEO v27.3) - https:\/\/yoast.com\/product\/yoast-seo-premium-wordpress\/ -->\n<title>205\/75R16C Lassa Transway 3 113\/111R (Bridgestone) &#8226; MMK Riepas<\/title>\n<meta name=\"robots\" content=\"index, follow, max-snippet:-1, max-image-preview:large, max-video-preview:-1\" \/>\n<link rel=\"canonical\" href=\"https:\/\/mmkriepas.lv\/en\/p\/205-75r16c-lassa-transway-3-113-111r\/\" \/>\n<meta property=\"og:locale\" content=\"en_US\" \/>\n<meta property=\"og:type\" content=\"article\" \/>\n<meta property=\"og:title\" content=\"205\/75R16C Lassa Transway 3 113\/111R (Bridgestone)\" \/>\n<meta property=\"og:description\" content=\"Lassa Transway 3 ir \u013coti labas kvalit\u0101tes, vid\u0113j\u0101 cenu segmenta C indeksa vasaras riepu modelis. Tas izce\u013cas ar teicamiem nodilumiztur\u012bbas, kravnes\u012bbas, degvielas ekonomijas un sa\u0137eres r\u0101d\u012bt\u0101jiem vasaras apst\u0101k\u013cos. \u0160is riepu modelis paredz\u0113ts komerctransportam - maziem un vid\u0113ja izm\u0113ra busiem, k\u0101 ar\u012b piekab\u0113m.\" \/>\n<meta property=\"og:url\" content=\"https:\/\/mmkriepas.lv\/en\/p\/205-75r16c-lassa-transway-3-113-111r\/\" \/>\n<meta property=\"og:site_name\" content=\"MMK Riepas\" \/>\n<meta property=\"article:publisher\" content=\"https:\/\/www.facebook.com\/mmkserviss\/\" \/>\n<meta property=\"article:modified_time\" content=\"2026-03-27T12:46:52+00:00\" \/>\n<meta property=\"og:image\" content=\"https:\/\/mmkriepas.lv\/wp-content\/uploads\/2024\/01\/23565r16c-lassa-transway-3-121119q-bridgestone-vasaras-riepas.jpg\" \/>\n\t<meta property=\"og:image:width\" content=\"1920\" \/>\n\t<meta property=\"og:image:height\" content=\"1920\" \/>\n\t<meta property=\"og:image:type\" content=\"image\/jpeg\" \/>\n<meta name=\"twitter:card\" content=\"summary_large_image\" \/>\n<meta name=\"twitter:label1\" content=\"Price\" \/>\n\t<meta name=\"twitter:data1\" content=\"&euro;108.00\" \/>\n\t<meta name=\"twitter:label2\" content=\"Availability\" \/>\n\t<meta name=\"twitter:data2\" content=\"In stock\" \/>\n<script type=\"application\/ld+json\" class=\"yoast-schema-graph\">{\"@context\":\"https:\\\/\\\/schema.org\",\"@graph\":[{\"@type\":\"WebPage\",\"@id\":\"https:\\\/\\\/mmkriepas.lv\\\/en\\\/p\\\/205-75r16c-lassa-transway-3-113-111r\\\/\",\"url\":\"https:\\\/\\\/mmkriepas.lv\\\/en\\\/p\\\/205-75r16c-lassa-transway-3-113-111r\\\/\",\"name\":\"205\\\/75R16C Lassa Transway 3 113\\\/111R (Bridgestone) &#8226; MMK Riepas\",\"isPartOf\":{\"@id\":\"https:\\\/\\\/mmkriepas.lv\\\/en\\\/#website\"},\"primaryImageOfPage\":{\"@id\":\"https:\\\/\\\/mmkriepas.lv\\\/en\\\/p\\\/205-75r16c-lassa-transway-3-113-111r\\\/#primaryimage\"},\"image\":{\"@id\":\"https:\\\/\\\/mmkriepas.lv\\\/en\\\/p\\\/205-75r16c-lassa-transway-3-113-111r\\\/#primaryimage\"},\"thumbnailUrl\":\"https:\\\/\\\/mmkriepas.lv\\\/wp-content\\\/uploads\\\/2024\\\/01\\\/23565r16c-lassa-transway-3-121119q-bridgestone-vasaras-riepas.jpg\",\"datePublished\":\"2025-01-28T16:43:18+00:00\",\"dateModified\":\"2026-03-27T12:46:52+00:00\",\"breadcrumb\":{\"@id\":\"https:\\\/\\\/mmkriepas.lv\\\/en\\\/p\\\/205-75r16c-lassa-transway-3-113-111r\\\/#breadcrumb\"},\"inLanguage\":\"en-US\",\"potentialAction\":[{\"@type\":\"ReadAction\",\"target\":[\"https:\\\/\\\/mmkriepas.lv\\\/en\\\/p\\\/205-75r16c-lassa-transway-3-113-111r\\\/\"]}]},{\"@type\":\"ImageObject\",\"inLanguage\":\"en-US\",\"@id\":\"https:\\\/\\\/mmkriepas.lv\\\/en\\\/p\\\/205-75r16c-lassa-transway-3-113-111r\\\/#primaryimage\",\"url\":\"https:\\\/\\\/mmkriepas.lv\\\/wp-content\\\/uploads\\\/2024\\\/01\\\/23565r16c-lassa-transway-3-121119q-bridgestone-vasaras-riepas.jpg\",\"contentUrl\":\"https:\\\/\\\/mmkriepas.lv\\\/wp-content\\\/uploads\\\/2024\\\/01\\\/23565r16c-lassa-transway-3-121119q-bridgestone-vasaras-riepas.jpg\",\"width\":1920,\"height\":1920,\"caption\":\"MAIN\"},{\"@type\":\"BreadcrumbList\",\"@id\":\"https:\\\/\\\/mmkriepas.lv\\\/en\\\/p\\\/205-75r16c-lassa-transway-3-113-111r\\\/#breadcrumb\",\"itemListElement\":[{\"@type\":\"ListItem\",\"position\":1,\"name\":\"S\u0101kums\",\"item\":\"https:\\\/\\\/mmkriepas.lv\\\/en\\\/\"},{\"@type\":\"ListItem\",\"position\":2,\"name\":\"205\\\/75R16C Lassa Transway 3 113\\\/111R (Bridgestone)\"}]},{\"@type\":\"WebSite\",\"@id\":\"https:\\\/\\\/mmkriepas.lv\\\/en\\\/#website\",\"url\":\"https:\\\/\\\/mmkriepas.lv\\\/en\\\/\",\"name\":\"MMK Riepas\",\"description\":\"MMK Riepas\",\"alternateName\":\"MMK Riepu Serviss\",\"potentialAction\":[{\"@type\":\"SearchAction\",\"target\":{\"@type\":\"EntryPoint\",\"urlTemplate\":\"https:\\\/\\\/mmkriepas.lv\\\/en\\\/?s={search_term_string}\"},\"query-input\":{\"@type\":\"PropertyValueSpecification\",\"valueRequired\":true,\"valueName\":\"search_term_string\"}}],\"inLanguage\":\"en-US\"},{\"@type\":\"ImageObject\",\"inLanguage\":\"en-US\",\"@id\":\"https:\\\/\\\/mmkriepas.lv\\\/en\\\/p\\\/205-75r16c-lassa-transway-3-113-111r\\\/#local-main-organization-logo\",\"url\":\"\",\"contentUrl\":\"\",\"caption\":\"MMK Riepas\"}]}<\/script>\n<meta property=\"product:brand\" content=\"Lassa Transway 3\" \/>\n<meta property=\"product:price:amount\" content=\"108.00\" \/>\n<meta property=\"product:price:currency\" content=\"EUR\" \/>\n<meta property=\"og:availability\" content=\"instock\" \/>\n<meta property=\"product:availability\" content=\"instock\" \/>\n<meta property=\"product:retailer_item_id\" content=\"TS2057516LASSA-L43908\" \/>\n<meta property=\"product:condition\" content=\"new\" \/>\n<!-- \/ Yoast SEO Premium plugin. -->","yoast_head_json":{"title":"205\/75R16C Lassa Transway 3 113\/111R (Bridgestone) &#8226; MMK Riepas","robots":{"index":"index","follow":"follow","max-snippet":"max-snippet:-1","max-image-preview":"max-image-preview:large","max-video-preview":"max-video-preview:-1"},"canonical":"https:\/\/mmkriepas.lv\/en\/p\/205-75r16c-lassa-transway-3-113-111r\/","og_locale":"en_US","og_type":"article","og_title":"205\/75R16C Lassa Transway 3 113\/111R (Bridgestone)","og_description":"Lassa Transway 3 ir \u013coti labas kvalit\u0101tes, vid\u0113j\u0101 cenu segmenta C indeksa vasaras riepu modelis. Tas izce\u013cas ar teicamiem nodilumiztur\u012bbas, kravnes\u012bbas, degvielas ekonomijas un sa\u0137eres r\u0101d\u012bt\u0101jiem vasaras apst\u0101k\u013cos. \u0160is riepu modelis paredz\u0113ts komerctransportam - maziem un vid\u0113ja izm\u0113ra busiem, k\u0101 ar\u012b piekab\u0113m.","og_url":"https:\/\/mmkriepas.lv\/en\/p\/205-75r16c-lassa-transway-3-113-111r\/","og_site_name":"MMK Riepas","article_publisher":"https:\/\/www.facebook.com\/mmkserviss\/","article_modified_time":"2026-03-27T12:46:52+00:00","og_image":[{"width":1920,"height":1920,"url":"https:\/\/mmkriepas.lv\/wp-content\/uploads\/2024\/01\/23565r16c-lassa-transway-3-121119q-bridgestone-vasaras-riepas.jpg","type":"image\/jpeg"}],"twitter_card":"summary_large_image","twitter_misc":{"Price":"&euro;108.00","Availability":"In stock"},"schema":{"@context":"https:\/\/schema.org","@graph":[{"@type":"WebPage","@id":"https:\/\/mmkriepas.lv\/en\/p\/205-75r16c-lassa-transway-3-113-111r\/","url":"https:\/\/mmkriepas.lv\/en\/p\/205-75r16c-lassa-transway-3-113-111r\/","name":"205\/75R16C Lassa Transway 3 113\/111R (Bridgestone) &#8226; MMK Riepas","isPartOf":{"@id":"https:\/\/mmkriepas.lv\/en\/#website"},"primaryImageOfPage":{"@id":"https:\/\/mmkriepas.lv\/en\/p\/205-75r16c-lassa-transway-3-113-111r\/#primaryimage"},"image":{"@id":"https:\/\/mmkriepas.lv\/en\/p\/205-75r16c-lassa-transway-3-113-111r\/#primaryimage"},"thumbnailUrl":"https:\/\/mmkriepas.lv\/wp-content\/uploads\/2024\/01\/23565r16c-lassa-transway-3-121119q-bridgestone-vasaras-riepas.jpg","datePublished":"2025-01-28T16:43:18+00:00","dateModified":"2026-03-27T12:46:52+00:00","breadcrumb":{"@id":"https:\/\/mmkriepas.lv\/en\/p\/205-75r16c-lassa-transway-3-113-111r\/#breadcrumb"},"inLanguage":"en-US","potentialAction":[{"@type":"ReadAction","target":["https:\/\/mmkriepas.lv\/en\/p\/205-75r16c-lassa-transway-3-113-111r\/"]}]},{"@type":"ImageObject","inLanguage":"en-US","@id":"https:\/\/mmkriepas.lv\/en\/p\/205-75r16c-lassa-transway-3-113-111r\/#primaryimage","url":"https:\/\/mmkriepas.lv\/wp-content\/uploads\/2024\/01\/23565r16c-lassa-transway-3-121119q-bridgestone-vasaras-riepas.jpg","contentUrl":"https:\/\/mmkriepas.lv\/wp-content\/uploads\/2024\/01\/23565r16c-lassa-transway-3-121119q-bridgestone-vasaras-riepas.jpg","width":1920,"height":1920,"caption":"MAIN"},{"@type":"BreadcrumbList","@id":"https:\/\/mmkriepas.lv\/en\/p\/205-75r16c-lassa-transway-3-113-111r\/#breadcrumb","itemListElement":[{"@type":"ListItem","position":1,"name":"S\u0101kums","item":"https:\/\/mmkriepas.lv\/en\/"},{"@type":"ListItem","position":2,"name":"205\/75R16C Lassa Transway 3 113\/111R (Bridgestone)"}]},{"@type":"WebSite","@id":"https:\/\/mmkriepas.lv\/en\/#website","url":"https:\/\/mmkriepas.lv\/en\/","name":"MMK Riepas","description":"MMK Riepas","alternateName":"MMK Riepu Serviss","potentialAction":[{"@type":"SearchAction","target":{"@type":"EntryPoint","urlTemplate":"https:\/\/mmkriepas.lv\/en\/?s={search_term_string}"},"query-input":{"@type":"PropertyValueSpecification","valueRequired":true,"valueName":"search_term_string"}}],"inLanguage":"en-US"},{"@type":"ImageObject","inLanguage":"en-US","@id":"https:\/\/mmkriepas.lv\/en\/p\/205-75r16c-lassa-transway-3-113-111r\/#local-main-organization-logo","url":"","contentUrl":"","caption":"MMK Riepas"}]},"product_brand":"Lassa Transway 3","product_price_amount":"108.00","product_price_currency":"EUR","og_availability":"instock","product_availability":"instock","product_retailer_item_id":"TS2057516LASSA-L43908","product_condition":"new"},"_links":{"self":[{"href":"https:\/\/mmkriepas.lv\/en\/wp-json\/wp\/v2\/product\/1158013","targetHints":{"allow":["GET"]}}],"collection":[{"href":"https:\/\/mmkriepas.lv\/en\/wp-json\/wp\/v2\/product"}],"about":[{"href":"https:\/\/mmkriepas.lv\/en\/wp-json\/wp\/v2\/types\/product"}],"wp:featuredmedia":[{"embeddable":true,"href":"https:\/\/mmkriepas.lv\/en\/wp-json\/wp\/v2\/media\/850433"}],"wp:attachment":[{"href":"https:\/\/mmkriepas.lv\/en\/wp-json\/wp\/v2\/media?parent=1158013"}],"wp:term":[{"taxonomy":"product_brand","embeddable":true,"href":"https:\/\/mmkriepas.lv\/en\/wp-json\/wp\/v2\/product_brand?post=1158013"},{"taxonomy":"product_cat","embeddable":true,"href":"https:\/\/mmkriepas.lv\/en\/wp-json\/wp\/v2\/product_cat?post=1158013"},{"taxonomy":"product_tag","embeddable":true,"href":"https:\/\/mmkriepas.lv\/en\/wp-json\/wp\/v2\/product_tag?post=1158013"}],"curies":[{"name":"wp","href":"https:\/\/api.w.org\/{rel}","templated":true}]}}