{"id":1157113,"date":"2025-01-24T18:45:27","date_gmt":"2025-01-24T16:45:27","guid":{"rendered":"https:\/\/mmkriepas.lv\/?post_type=product&#038;p=1157113"},"modified":"2026-04-02T15:07:37","modified_gmt":"2026-04-02T12:07:37","slug":"235-45r17-zeta-alventi-97y-xl","status":"publish","type":"product","link":"https:\/\/mmkriepas.lv\/en\/p\/235-45r17-zeta-alventi-97y-xl\/","title":{"rendered":"235\/45R17 ZETA Alventi 97Y XL"},"content":{"rendered":"<p align=\"left\"><span style=\"color: #000000;\"><span style=\"font-family: Arial, sans-serif;\"><span style=\"font-size: medium;\"><b><span>Zeta Alventi<\/span><\/b><span> &#8211; augstas veiktsp\u0113jas vasaras riepu modelis, kas izce\u013cas ar teicamu sa\u0137eri gan ar sausu, gan slapju asfaltu, k\u0101 ar\u012b ar granti. Uzlabots ar\u012b riepu gumijas sast\u0101vs, b\u016btiksi palielinot nodilumiztur\u012bbu. Paredz\u0113tas gan vieglaj\u0101m, gan apvidus jeb SUV automa\u0161\u012bn\u0101m.<\/span><\/span><\/span><\/span><\/p>\n<h3 class=\"western\" align=\"left\"><span style=\"font-family: Arial, sans-serif;\"><span>Zeta Alventi galven\u0101s \u012bpa\u0161\u012bbas<\/span><\/span><\/h3>\n<p align=\"left\"><span style=\"font-family: Arial, sans-serif;\"><span>+ \u013boti laba sa\u0137ere uz sausa un slapja asfalta pat liel\u0101 brauk\u0161anas \u0101trum\u0101.<\/span><\/span><\/p>\n<p align=\"left\"><span style=\"font-family: Arial, sans-serif;\"><span>+ \u013boti labi sa\u0137eres r\u0101d\u012bt\u0101ji ar\u012b uz grants ce\u013ciem.<\/span><\/span><\/p>\n<p align=\"left\"><span style=\"font-family: Arial, sans-serif;\"><span>+ Uzlabots riepu gumijas sast\u0101vs.<\/span><\/span><\/p>\n<p align=\"left\"><span style=\"font-family: Arial, sans-serif;\"><span>+ Palielin\u0101ta riepu nodilumiztur\u012bba.<\/span><\/span><\/p>\n<p align=\"left\"><span style=\"font-family: Arial, sans-serif;\"><span>+ Izteikts akustiskais un brauk\u0161anas komforts.<\/span><\/span><\/p>\n<p align=\"left\"><span style=\"font-family: Arial, sans-serif;\"><span>+ Zems akvaplan\u0113\u0161anas risks.<\/span><\/span><\/p>\n<p align=\"left\"><span style=\"font-family: Arial, sans-serif;\"><span>+ \u013boti laba cenas un veiktsp\u0113jas attiec\u012bba.<\/span><\/span><\/p>\n<h3 class=\"western\" align=\"left\"><span style=\"font-family: Arial, sans-serif;\"><span>Zeta Alventi apr\u012bkojums<\/span><\/span><\/h3>\n<p align=\"left\"><span style=\"font-family: Arial, sans-serif;\"><span>Zeta Alventi vasaras riepas apr\u012bkotas ar asimetrisku protektora dizainu. Starp asimetriskaj\u0101m protektora josl\u0101m atrodama augsti att\u012bst\u012bta dren\u0101\u017eas jeb \u016bdens novadkan\u0101lu sist\u0113ma. T\u0101 pal\u012bdz efekt\u012bvi novad\u012bt \u016bdeni no riepu kontakta virsmas ar ce\u013cu, samazinot akvaplan\u0113\u0161anas risku l\u012bdz minimumam pat lielos brauk\u0161anas \u0101trumos.<\/span><\/span><\/p>\n<p align=\"left\"><span style=\"font-family: Arial, sans-serif;\"><span>Riepu gumijas sast\u0101vam pievienota virkne elastrom\u0113ru, kas ne tikai uzlabo sa\u0137eri, bet pal\u012bdz ar\u012b samazin\u0101t trok\u0161\u0146a l\u012bmeni un degvielas pat\u0113ri\u0146u. Protektora josl\u0101s iestr\u0101d\u0101ts milz\u012bgs skaits papildus dren\u0101\u017eas kan\u0101lu, kas pal\u012bdz veidot sa\u0137eri ar grants ce\u013ciem.<\/span><\/span><\/p>\n","protected":false},"excerpt":{"rendered":"<p><span style=\"color: #000000;\"><span style=\"font-family: Arial, sans-serif;\"><span style=\"font-size: medium;\"><b><span>Zeta Alventi<\/span><\/b><span> &#8211; augstas veiktsp\u0113jas vasaras riepu modelis, kas izce\u013cas ar teicamu sa\u0137eri gan ar sausu, gan slapju asfaltu, k\u0101 ar\u012b ar granti. Uzlabots ar\u012b riepu gumijas sast\u0101vs, b\u016btiksi palielinot nodilumiztur\u012bbu. Paredz\u0113tas gan vieglaj\u0101m, gan apvidus jeb SUV automa\u0161\u012bn\u0101m.<\/span><\/span><\/span><\/span><\/p>\n","protected":false},"featured_media":1456351,"template":"","meta":{"_acf_changed":false,"ngg_post_thumbnail":0},"product_brand":[],"product_cat":[46],"product_tag":[],"class_list":{"0":"post-1157113","1":"product","2":"type-product","3":"status-publish","4":"has-post-thumbnail","6":"product_cat-vasaras-riepas","8":"first","9":"instock","10":"sale","11":"taxable","12":"shipping-taxable","13":"purchasable","14":"product-type-simple"},"acf":[],"yoast_head":"<!-- This site is optimized with the Yoast SEO Premium plugin v22.6 (Yoast SEO v27.3) - https:\/\/yoast.com\/product\/yoast-seo-premium-wordpress\/ -->\n<title>235\/45R17 ZETA Alventi 97Y XL &#8226; MMK Riepas<\/title>\n<meta name=\"robots\" content=\"index, follow, max-snippet:-1, max-image-preview:large, max-video-preview:-1\" \/>\n<link rel=\"canonical\" href=\"https:\/\/mmkriepas.lv\/en\/p\/235-45r17-zeta-alventi-97y-xl\/\" \/>\n<meta property=\"og:locale\" content=\"en_US\" \/>\n<meta property=\"og:type\" content=\"article\" \/>\n<meta property=\"og:title\" content=\"235\/45R17 ZETA Alventi 97Y XL\" \/>\n<meta property=\"og:description\" content=\"Zeta Alventi - augstas veiktsp\u0113jas vasaras riepu modelis, kas izce\u013cas ar teicamu sa\u0137eri gan ar sausu, gan slapju asfaltu, k\u0101 ar\u012b ar granti. Uzlabots ar\u012b riepu gumijas sast\u0101vs, b\u016btiksi palielinot nodilumiztur\u012bbu. Paredz\u0113tas gan vieglaj\u0101m, gan apvidus jeb SUV automa\u0161\u012bn\u0101m.\" \/>\n<meta property=\"og:url\" content=\"https:\/\/mmkriepas.lv\/en\/p\/235-45r17-zeta-alventi-97y-xl\/\" \/>\n<meta property=\"og:site_name\" content=\"MMK Riepas\" \/>\n<meta property=\"article:publisher\" content=\"https:\/\/www.facebook.com\/mmkserviss\/\" \/>\n<meta property=\"article:modified_time\" content=\"2026-04-02T12:07:37+00:00\" \/>\n<meta property=\"og:image\" content=\"https:\/\/mmkriepas.lv\/wp-content\/uploads\/2026\/03\/20555r16-zeta-alventi-91w-vasaras-riepas.jpg\" \/>\n\t<meta property=\"og:image:width\" content=\"1920\" \/>\n\t<meta property=\"og:image:height\" content=\"1476\" \/>\n\t<meta property=\"og:image:type\" content=\"image\/jpeg\" \/>\n<meta name=\"twitter:card\" content=\"summary_large_image\" \/>\n<meta name=\"twitter:label1\" content=\"Price\" \/>\n\t<meta name=\"twitter:data1\" content=\"&euro;77.00\" \/>\n\t<meta name=\"twitter:label2\" content=\"Availability\" \/>\n\t<meta name=\"twitter:data2\" content=\"In stock\" \/>\n<script type=\"application\/ld+json\" class=\"yoast-schema-graph\">{\"@context\":\"https:\\\/\\\/schema.org\",\"@graph\":[{\"@type\":\"WebPage\",\"@id\":\"https:\\\/\\\/mmkriepas.lv\\\/en\\\/p\\\/235-45r17-zeta-alventi-97y-xl\\\/\",\"url\":\"https:\\\/\\\/mmkriepas.lv\\\/en\\\/p\\\/235-45r17-zeta-alventi-97y-xl\\\/\",\"name\":\"235\\\/45R17 ZETA Alventi 97Y XL &#8226; MMK Riepas\",\"isPartOf\":{\"@id\":\"https:\\\/\\\/mmkriepas.lv\\\/en\\\/#website\"},\"primaryImageOfPage\":{\"@id\":\"https:\\\/\\\/mmkriepas.lv\\\/en\\\/p\\\/235-45r17-zeta-alventi-97y-xl\\\/#primaryimage\"},\"image\":{\"@id\":\"https:\\\/\\\/mmkriepas.lv\\\/en\\\/p\\\/235-45r17-zeta-alventi-97y-xl\\\/#primaryimage\"},\"thumbnailUrl\":\"https:\\\/\\\/mmkriepas.lv\\\/wp-content\\\/uploads\\\/2026\\\/03\\\/20555r16-zeta-alventi-91w-vasaras-riepas.jpg\",\"datePublished\":\"2025-01-24T16:45:27+00:00\",\"dateModified\":\"2026-04-02T12:07:37+00:00\",\"breadcrumb\":{\"@id\":\"https:\\\/\\\/mmkriepas.lv\\\/en\\\/p\\\/235-45r17-zeta-alventi-97y-xl\\\/#breadcrumb\"},\"inLanguage\":\"en-US\",\"potentialAction\":[{\"@type\":\"ReadAction\",\"target\":[\"https:\\\/\\\/mmkriepas.lv\\\/en\\\/p\\\/235-45r17-zeta-alventi-97y-xl\\\/\"]}]},{\"@type\":\"ImageObject\",\"inLanguage\":\"en-US\",\"@id\":\"https:\\\/\\\/mmkriepas.lv\\\/en\\\/p\\\/235-45r17-zeta-alventi-97y-xl\\\/#primaryimage\",\"url\":\"https:\\\/\\\/mmkriepas.lv\\\/wp-content\\\/uploads\\\/2026\\\/03\\\/20555r16-zeta-alventi-91w-vasaras-riepas.jpg\",\"contentUrl\":\"https:\\\/\\\/mmkriepas.lv\\\/wp-content\\\/uploads\\\/2026\\\/03\\\/20555r16-zeta-alventi-91w-vasaras-riepas.jpg\",\"width\":1920,\"height\":1476,\"caption\":\"205\\\/55R16 ZETA Alventi 91W - Vasaras riepas\"},{\"@type\":\"BreadcrumbList\",\"@id\":\"https:\\\/\\\/mmkriepas.lv\\\/en\\\/p\\\/235-45r17-zeta-alventi-97y-xl\\\/#breadcrumb\",\"itemListElement\":[{\"@type\":\"ListItem\",\"position\":1,\"name\":\"S\u0101kums\",\"item\":\"https:\\\/\\\/mmkriepas.lv\\\/en\\\/\"},{\"@type\":\"ListItem\",\"position\":2,\"name\":\"235\\\/45R17 ZETA Alventi 97Y XL\"}]},{\"@type\":\"WebSite\",\"@id\":\"https:\\\/\\\/mmkriepas.lv\\\/en\\\/#website\",\"url\":\"https:\\\/\\\/mmkriepas.lv\\\/en\\\/\",\"name\":\"MMK Riepas\",\"description\":\"MMK Riepas\",\"alternateName\":\"MMK Riepu Serviss\",\"potentialAction\":[{\"@type\":\"SearchAction\",\"target\":{\"@type\":\"EntryPoint\",\"urlTemplate\":\"https:\\\/\\\/mmkriepas.lv\\\/en\\\/?s={search_term_string}\"},\"query-input\":{\"@type\":\"PropertyValueSpecification\",\"valueRequired\":true,\"valueName\":\"search_term_string\"}}],\"inLanguage\":\"en-US\"},{\"@type\":\"ImageObject\",\"inLanguage\":\"en-US\",\"@id\":\"https:\\\/\\\/mmkriepas.lv\\\/en\\\/p\\\/235-45r17-zeta-alventi-97y-xl\\\/#local-main-organization-logo\",\"url\":\"\",\"contentUrl\":\"\",\"caption\":\"MMK Riepas\"}]}<\/script>\n<meta property=\"product:brand\" content=\"Zeta Alventi\" \/>\n<meta property=\"product:price:amount\" content=\"77.00\" \/>\n<meta property=\"product:price:currency\" content=\"EUR\" \/>\n<meta property=\"og:availability\" content=\"instock\" \/>\n<meta property=\"product:availability\" content=\"instock\" \/>\n<meta property=\"product:retailer_item_id\" content=\"TS2354517ZETA-43854\" \/>\n<meta property=\"product:condition\" content=\"new\" \/>\n<!-- \/ Yoast SEO Premium plugin. -->","yoast_head_json":{"title":"235\/45R17 ZETA Alventi 97Y XL &#8226; MMK Riepas","robots":{"index":"index","follow":"follow","max-snippet":"max-snippet:-1","max-image-preview":"max-image-preview:large","max-video-preview":"max-video-preview:-1"},"canonical":"https:\/\/mmkriepas.lv\/en\/p\/235-45r17-zeta-alventi-97y-xl\/","og_locale":"en_US","og_type":"article","og_title":"235\/45R17 ZETA Alventi 97Y XL","og_description":"Zeta Alventi - augstas veiktsp\u0113jas vasaras riepu modelis, kas izce\u013cas ar teicamu sa\u0137eri gan ar sausu, gan slapju asfaltu, k\u0101 ar\u012b ar granti. Uzlabots ar\u012b riepu gumijas sast\u0101vs, b\u016btiksi palielinot nodilumiztur\u012bbu. Paredz\u0113tas gan vieglaj\u0101m, gan apvidus jeb SUV automa\u0161\u012bn\u0101m.","og_url":"https:\/\/mmkriepas.lv\/en\/p\/235-45r17-zeta-alventi-97y-xl\/","og_site_name":"MMK Riepas","article_publisher":"https:\/\/www.facebook.com\/mmkserviss\/","article_modified_time":"2026-04-02T12:07:37+00:00","og_image":[{"width":1920,"height":1476,"url":"https:\/\/mmkriepas.lv\/wp-content\/uploads\/2026\/03\/20555r16-zeta-alventi-91w-vasaras-riepas.jpg","type":"image\/jpeg"}],"twitter_card":"summary_large_image","twitter_misc":{"Price":"&euro;77.00","Availability":"In stock"},"schema":{"@context":"https:\/\/schema.org","@graph":[{"@type":"WebPage","@id":"https:\/\/mmkriepas.lv\/en\/p\/235-45r17-zeta-alventi-97y-xl\/","url":"https:\/\/mmkriepas.lv\/en\/p\/235-45r17-zeta-alventi-97y-xl\/","name":"235\/45R17 ZETA Alventi 97Y XL &#8226; MMK Riepas","isPartOf":{"@id":"https:\/\/mmkriepas.lv\/en\/#website"},"primaryImageOfPage":{"@id":"https:\/\/mmkriepas.lv\/en\/p\/235-45r17-zeta-alventi-97y-xl\/#primaryimage"},"image":{"@id":"https:\/\/mmkriepas.lv\/en\/p\/235-45r17-zeta-alventi-97y-xl\/#primaryimage"},"thumbnailUrl":"https:\/\/mmkriepas.lv\/wp-content\/uploads\/2026\/03\/20555r16-zeta-alventi-91w-vasaras-riepas.jpg","datePublished":"2025-01-24T16:45:27+00:00","dateModified":"2026-04-02T12:07:37+00:00","breadcrumb":{"@id":"https:\/\/mmkriepas.lv\/en\/p\/235-45r17-zeta-alventi-97y-xl\/#breadcrumb"},"inLanguage":"en-US","potentialAction":[{"@type":"ReadAction","target":["https:\/\/mmkriepas.lv\/en\/p\/235-45r17-zeta-alventi-97y-xl\/"]}]},{"@type":"ImageObject","inLanguage":"en-US","@id":"https:\/\/mmkriepas.lv\/en\/p\/235-45r17-zeta-alventi-97y-xl\/#primaryimage","url":"https:\/\/mmkriepas.lv\/wp-content\/uploads\/2026\/03\/20555r16-zeta-alventi-91w-vasaras-riepas.jpg","contentUrl":"https:\/\/mmkriepas.lv\/wp-content\/uploads\/2026\/03\/20555r16-zeta-alventi-91w-vasaras-riepas.jpg","width":1920,"height":1476,"caption":"205\/55R16 ZETA Alventi 91W - Vasaras riepas"},{"@type":"BreadcrumbList","@id":"https:\/\/mmkriepas.lv\/en\/p\/235-45r17-zeta-alventi-97y-xl\/#breadcrumb","itemListElement":[{"@type":"ListItem","position":1,"name":"S\u0101kums","item":"https:\/\/mmkriepas.lv\/en\/"},{"@type":"ListItem","position":2,"name":"235\/45R17 ZETA Alventi 97Y XL"}]},{"@type":"WebSite","@id":"https:\/\/mmkriepas.lv\/en\/#website","url":"https:\/\/mmkriepas.lv\/en\/","name":"MMK Riepas","description":"MMK Riepas","alternateName":"MMK Riepu Serviss","potentialAction":[{"@type":"SearchAction","target":{"@type":"EntryPoint","urlTemplate":"https:\/\/mmkriepas.lv\/en\/?s={search_term_string}"},"query-input":{"@type":"PropertyValueSpecification","valueRequired":true,"valueName":"search_term_string"}}],"inLanguage":"en-US"},{"@type":"ImageObject","inLanguage":"en-US","@id":"https:\/\/mmkriepas.lv\/en\/p\/235-45r17-zeta-alventi-97y-xl\/#local-main-organization-logo","url":"","contentUrl":"","caption":"MMK Riepas"}]},"product_brand":"Zeta Alventi","product_price_amount":"77.00","product_price_currency":"EUR","og_availability":"instock","product_availability":"instock","product_retailer_item_id":"TS2354517ZETA-43854","product_condition":"new"},"_links":{"self":[{"href":"https:\/\/mmkriepas.lv\/en\/wp-json\/wp\/v2\/product\/1157113","targetHints":{"allow":["GET"]}}],"collection":[{"href":"https:\/\/mmkriepas.lv\/en\/wp-json\/wp\/v2\/product"}],"about":[{"href":"https:\/\/mmkriepas.lv\/en\/wp-json\/wp\/v2\/types\/product"}],"wp:featuredmedia":[{"embeddable":true,"href":"https:\/\/mmkriepas.lv\/en\/wp-json\/wp\/v2\/media\/1456351"}],"wp:attachment":[{"href":"https:\/\/mmkriepas.lv\/en\/wp-json\/wp\/v2\/media?parent=1157113"}],"wp:term":[{"taxonomy":"product_brand","embeddable":true,"href":"https:\/\/mmkriepas.lv\/en\/wp-json\/wp\/v2\/product_brand?post=1157113"},{"taxonomy":"product_cat","embeddable":true,"href":"https:\/\/mmkriepas.lv\/en\/wp-json\/wp\/v2\/product_cat?post=1157113"},{"taxonomy":"product_tag","embeddable":true,"href":"https:\/\/mmkriepas.lv\/en\/wp-json\/wp\/v2\/product_tag?post=1157113"}],"curies":[{"name":"wp","href":"https:\/\/api.w.org\/{rel}","templated":true}]}}