{"id":1150326,"date":"2025-01-07T16:32:42","date_gmt":"2025-01-07T14:32:42","guid":{"rendered":"https:\/\/mmkriepas.lv\/?post_type=product&#038;p=1150326"},"modified":"2026-03-30T14:20:31","modified_gmt":"2026-03-30T11:20:31","slug":"225-55r18-laufenn-i-fit-lw31-98v-hankook","status":"publish","type":"product","link":"https:\/\/mmkriepas.lv\/en\/p\/225-55r18-laufenn-i-fit-lw31-98v-hankook\/","title":{"rendered":"225\/55R18 Laufenn I FIT+ LW31 98V (Hankook)"},"content":{"rendered":"<p><strong><span style=\"font-family: 'Arial',sans-serif;\">Laufenn I FIT+ LW31<\/span><\/strong><span style=\"font-family: 'Arial',sans-serif;\"> ir ciet\u0101 sast\u0101va jeb Centr\u0101leiropas tipa ziemas riepa, kas uzr\u0101da augstus r\u0101d\u012bt\u0101jus sa\u0137er\u0113 ar slapju un apsnigu\u0161u ce\u013cu. \u0160\u012b riepa izce\u013cas ar sal\u012bdzino\u0161i zemu cenu un ilgsto\u0161u kalpotsp\u0113ju.<o:p><\/o:p><\/span><\/p>\n<h3><strong><span style=\"font-size: 12.0pt; font-family: 'Arial',sans-serif;\">I FIT+ LW31<\/span><\/strong><span style=\"font-family: 'Arial',sans-serif;\"> galven\u0101s iez\u012bmes<o:p><\/o:p><\/span><\/h3>\n<p><span style=\"font-family: 'Arial',sans-serif;\">+ Labi r\u0101d\u012bt\u0101ji uz mitriem ce\u013ca segumiem un samazin\u0101ts akvaplan\u0113\u0161anas risks.<o:p><\/o:p><\/span><\/p>\n<p><span style=\"font-family: 'Arial',sans-serif;\">+ \u012apa\u0161s protektora raksts ar labiem vilknes un sa\u012bsin\u0101ta bremz\u0113\u0161an\u0101s ce\u013ca r\u0101d\u012bt\u0101jiem pat uz sniegotiem ce\u013ciem.<o:p><\/o:p><\/span><\/p>\n<p><span style=\"font-family: 'Arial',sans-serif;\">+ Vi\u013c\u0146veida lameles, kas veido sa\u0137eri pat ar apledoju\u0161\u0101m ce\u013ca virsm\u0101m.<o:p><\/o:p><\/span><\/p>\n<p><span style=\"font-family: 'Arial',sans-serif;\">+ Riepas materi\u0101la mais\u012bjums, kas papildin\u0101ts ar elestrom\u0113riem.<o:p><\/o:p><\/span><\/p>\n<h3><span style=\"font-family: 'Arial',sans-serif;\">I FIT+ LW31 materi\u0101la kompaunds<o:p><\/o:p><\/span><\/h3>\n<p><strong><span style=\"font-family: 'Arial',sans-serif;\">Laufenn I FIT+ LW31<\/span><\/strong><span style=\"font-family: 'Arial',sans-serif;\"> izgatavo\u0161an\u0101 gumijas sast\u0101vam ir pievienota virkne elastrom\u0113ru, kas saglab\u0101 riepas elast\u012bbu pat zem\u0101s gaisa temperat\u016br\u0101s. Tas pal\u012bdz riepai lab\u0101k veidot sa\u0137eri ar da\u017e\u0101d\u0101m ce\u013ca virsm\u0101m un padara brauk\u0161anu dro\u0161\u0101ku.<b><o:p><\/o:p><\/b><\/span><\/p>\n<p><b><span style=\"font-family: 'Arial',sans-serif;\">Laufenn I FIT+ LW31 <\/span><\/b><span style=\"font-family: 'Arial',sans-serif;\">mode\u013ca lieto\u0161anas dro\u0161\u012bbu ziemas laika apst\u0101k\u013cos un t\u0101 atbilst\u012bbu valst\u012bm ar oblig\u0101tu sezon\u0101lo riepu mai\u0146u apstiprina mar\u0137\u0113jums sniegp\u0101rslas form\u0101 uz kalna fona ar trim virsotn\u0113m (3PMSF).<\/span><\/p>\n","protected":false},"excerpt":{"rendered":"<p><strong><span style=\"font-family: 'Arial',sans-serif;\">Laufenn I FIT+ LW31<\/span><\/strong><span style=\"font-family: 'Arial',sans-serif;\"> ir ciet\u0101 sast\u0101va jeb Centr\u0101leiropas tipa ziemas riepa, kas uzr\u0101da augstus r\u0101d\u012bt\u0101jus sa\u0137er\u0113 ar slapju un apsnigu\u0161u ce\u013cu. \u0160\u012b riepa izce\u013cas ar sal\u012bdzino\u0161i zemu cenu un ilgsto\u0161u kalpotsp\u0113ju.<\/span><\/p>\n","protected":false},"featured_media":769684,"template":"","meta":{"_acf_changed":false,"ngg_post_thumbnail":0},"product_brand":[],"product_cat":[47,45],"product_tag":[],"class_list":{"0":"post-1150326","1":"product","2":"type-product","3":"status-publish","4":"has-post-thumbnail","6":"product_cat-vissezonas-riepas","7":"product_cat-ziemas-riepas","9":"first","10":"instock","11":"sale","12":"taxable","13":"shipping-taxable","14":"purchasable","15":"product-type-simple"},"acf":[],"yoast_head":"<!-- This site is optimized with the Yoast SEO Premium plugin v22.6 (Yoast SEO v27.3) - https:\/\/yoast.com\/product\/yoast-seo-premium-wordpress\/ -->\n<title>225\/55R18 Laufenn I FIT+ LW31 98V (Hankook) &#8226; MMK Riepas<\/title>\n<meta name=\"robots\" content=\"index, follow, max-snippet:-1, max-image-preview:large, max-video-preview:-1\" \/>\n<link rel=\"canonical\" href=\"https:\/\/mmkriepas.lv\/en\/p\/225-55r18-laufenn-i-fit-lw31-98v-hankook\/\" \/>\n<meta property=\"og:locale\" content=\"en_US\" \/>\n<meta property=\"og:type\" content=\"article\" \/>\n<meta property=\"og:title\" content=\"225\/55R18 Laufenn I FIT+ LW31 98V (Hankook)\" \/>\n<meta property=\"og:description\" content=\"Laufenn I FIT+ LW31 ir ciet\u0101 sast\u0101va jeb Centr\u0101leiropas tipa ziemas riepa, kas uzr\u0101da augstus r\u0101d\u012bt\u0101jus sa\u0137er\u0113 ar slapju un apsnigu\u0161u ce\u013cu. \u0160\u012b riepa izce\u013cas ar sal\u012bdzino\u0161i zemu cenu un ilgsto\u0161u kalpotsp\u0113ju.\" \/>\n<meta property=\"og:url\" content=\"https:\/\/mmkriepas.lv\/en\/p\/225-55r18-laufenn-i-fit-lw31-98v-hankook\/\" \/>\n<meta property=\"og:site_name\" content=\"MMK Riepas\" \/>\n<meta property=\"article:publisher\" content=\"https:\/\/www.facebook.com\/mmkserviss\/\" \/>\n<meta property=\"article:modified_time\" content=\"2026-03-30T11:20:31+00:00\" \/>\n<meta property=\"og:image\" content=\"https:\/\/mmkriepas.lv\/wp-content\/uploads\/2023\/08\/20555r16-laufenn-i-fit-lw31-91h-hankook-ziemas-riepas.jpeg\" \/>\n\t<meta property=\"og:image:width\" content=\"1920\" \/>\n\t<meta property=\"og:image:height\" content=\"1440\" \/>\n\t<meta property=\"og:image:type\" content=\"image\/jpeg\" \/>\n<meta name=\"twitter:card\" content=\"summary_large_image\" \/>\n<meta name=\"twitter:label1\" content=\"Price\" \/>\n\t<meta name=\"twitter:data1\" content=\"&euro;121.00\" \/>\n\t<meta name=\"twitter:label2\" content=\"Availability\" \/>\n\t<meta name=\"twitter:data2\" content=\"In stock\" \/>\n<script type=\"application\/ld+json\" class=\"yoast-schema-graph\">{\"@context\":\"https:\\\/\\\/schema.org\",\"@graph\":[{\"@type\":\"WebPage\",\"@id\":\"https:\\\/\\\/mmkriepas.lv\\\/en\\\/p\\\/225-55r18-laufenn-i-fit-lw31-98v-hankook\\\/\",\"url\":\"https:\\\/\\\/mmkriepas.lv\\\/en\\\/p\\\/225-55r18-laufenn-i-fit-lw31-98v-hankook\\\/\",\"name\":\"225\\\/55R18 Laufenn I FIT+ LW31 98V (Hankook) &#8226; MMK Riepas\",\"isPartOf\":{\"@id\":\"https:\\\/\\\/mmkriepas.lv\\\/en\\\/#website\"},\"primaryImageOfPage\":{\"@id\":\"https:\\\/\\\/mmkriepas.lv\\\/en\\\/p\\\/225-55r18-laufenn-i-fit-lw31-98v-hankook\\\/#primaryimage\"},\"image\":{\"@id\":\"https:\\\/\\\/mmkriepas.lv\\\/en\\\/p\\\/225-55r18-laufenn-i-fit-lw31-98v-hankook\\\/#primaryimage\"},\"thumbnailUrl\":\"https:\\\/\\\/mmkriepas.lv\\\/wp-content\\\/uploads\\\/2023\\\/08\\\/20555r16-laufenn-i-fit-lw31-91h-hankook-ziemas-riepas.jpeg\",\"datePublished\":\"2025-01-07T14:32:42+00:00\",\"dateModified\":\"2026-03-30T11:20:31+00:00\",\"breadcrumb\":{\"@id\":\"https:\\\/\\\/mmkriepas.lv\\\/en\\\/p\\\/225-55r18-laufenn-i-fit-lw31-98v-hankook\\\/#breadcrumb\"},\"inLanguage\":\"en-US\",\"potentialAction\":[{\"@type\":\"ReadAction\",\"target\":[\"https:\\\/\\\/mmkriepas.lv\\\/en\\\/p\\\/225-55r18-laufenn-i-fit-lw31-98v-hankook\\\/\"]}]},{\"@type\":\"ImageObject\",\"inLanguage\":\"en-US\",\"@id\":\"https:\\\/\\\/mmkriepas.lv\\\/en\\\/p\\\/225-55r18-laufenn-i-fit-lw31-98v-hankook\\\/#primaryimage\",\"url\":\"https:\\\/\\\/mmkriepas.lv\\\/wp-content\\\/uploads\\\/2023\\\/08\\\/20555r16-laufenn-i-fit-lw31-91h-hankook-ziemas-riepas.jpeg\",\"contentUrl\":\"https:\\\/\\\/mmkriepas.lv\\\/wp-content\\\/uploads\\\/2023\\\/08\\\/20555r16-laufenn-i-fit-lw31-91h-hankook-ziemas-riepas.jpeg\",\"width\":1920,\"height\":1440,\"caption\":\"205\\\/55R16 Laufenn I FIT+ LW31 91H (Hankook) - Vissezonas riepas \\\/ Ziemas riepas\"},{\"@type\":\"BreadcrumbList\",\"@id\":\"https:\\\/\\\/mmkriepas.lv\\\/en\\\/p\\\/225-55r18-laufenn-i-fit-lw31-98v-hankook\\\/#breadcrumb\",\"itemListElement\":[{\"@type\":\"ListItem\",\"position\":1,\"name\":\"S\u0101kums\",\"item\":\"https:\\\/\\\/mmkriepas.lv\\\/en\\\/\"},{\"@type\":\"ListItem\",\"position\":2,\"name\":\"225\\\/55R18 Laufenn I FIT+ LW31 98V (Hankook)\"}]},{\"@type\":\"WebSite\",\"@id\":\"https:\\\/\\\/mmkriepas.lv\\\/en\\\/#website\",\"url\":\"https:\\\/\\\/mmkriepas.lv\\\/en\\\/\",\"name\":\"MMK Riepas\",\"description\":\"MMK Riepas\",\"alternateName\":\"MMK Riepu Serviss\",\"potentialAction\":[{\"@type\":\"SearchAction\",\"target\":{\"@type\":\"EntryPoint\",\"urlTemplate\":\"https:\\\/\\\/mmkriepas.lv\\\/en\\\/?s={search_term_string}\"},\"query-input\":{\"@type\":\"PropertyValueSpecification\",\"valueRequired\":true,\"valueName\":\"search_term_string\"}}],\"inLanguage\":\"en-US\"},{\"@type\":\"ImageObject\",\"inLanguage\":\"en-US\",\"@id\":\"https:\\\/\\\/mmkriepas.lv\\\/en\\\/p\\\/225-55r18-laufenn-i-fit-lw31-98v-hankook\\\/#local-main-organization-logo\",\"url\":\"\",\"contentUrl\":\"\",\"caption\":\"MMK Riepas\"}]}<\/script>\n<meta property=\"product:brand\" content=\"Laufenn I FIT+ LW31\" \/>\n<meta property=\"product:price:amount\" content=\"121.00\" \/>\n<meta property=\"product:price:currency\" content=\"EUR\" \/>\n<meta property=\"og:availability\" content=\"instock\" \/>\n<meta property=\"product:availability\" content=\"instock\" \/>\n<meta property=\"product:retailer_item_id\" content=\"TW2255518Laufe-E43316\" \/>\n<meta property=\"product:condition\" content=\"new\" \/>\n<!-- \/ Yoast SEO Premium plugin. -->","yoast_head_json":{"title":"225\/55R18 Laufenn I FIT+ LW31 98V (Hankook) &#8226; MMK Riepas","robots":{"index":"index","follow":"follow","max-snippet":"max-snippet:-1","max-image-preview":"max-image-preview:large","max-video-preview":"max-video-preview:-1"},"canonical":"https:\/\/mmkriepas.lv\/en\/p\/225-55r18-laufenn-i-fit-lw31-98v-hankook\/","og_locale":"en_US","og_type":"article","og_title":"225\/55R18 Laufenn I FIT+ LW31 98V (Hankook)","og_description":"Laufenn I FIT+ LW31 ir ciet\u0101 sast\u0101va jeb Centr\u0101leiropas tipa ziemas riepa, kas uzr\u0101da augstus r\u0101d\u012bt\u0101jus sa\u0137er\u0113 ar slapju un apsnigu\u0161u ce\u013cu. \u0160\u012b riepa izce\u013cas ar sal\u012bdzino\u0161i zemu cenu un ilgsto\u0161u kalpotsp\u0113ju.","og_url":"https:\/\/mmkriepas.lv\/en\/p\/225-55r18-laufenn-i-fit-lw31-98v-hankook\/","og_site_name":"MMK Riepas","article_publisher":"https:\/\/www.facebook.com\/mmkserviss\/","article_modified_time":"2026-03-30T11:20:31+00:00","og_image":[{"width":1920,"height":1440,"url":"https:\/\/mmkriepas.lv\/wp-content\/uploads\/2023\/08\/20555r16-laufenn-i-fit-lw31-91h-hankook-ziemas-riepas.jpeg","type":"image\/jpeg"}],"twitter_card":"summary_large_image","twitter_misc":{"Price":"&euro;121.00","Availability":"In stock"},"schema":{"@context":"https:\/\/schema.org","@graph":[{"@type":"WebPage","@id":"https:\/\/mmkriepas.lv\/en\/p\/225-55r18-laufenn-i-fit-lw31-98v-hankook\/","url":"https:\/\/mmkriepas.lv\/en\/p\/225-55r18-laufenn-i-fit-lw31-98v-hankook\/","name":"225\/55R18 Laufenn I FIT+ LW31 98V (Hankook) &#8226; MMK Riepas","isPartOf":{"@id":"https:\/\/mmkriepas.lv\/en\/#website"},"primaryImageOfPage":{"@id":"https:\/\/mmkriepas.lv\/en\/p\/225-55r18-laufenn-i-fit-lw31-98v-hankook\/#primaryimage"},"image":{"@id":"https:\/\/mmkriepas.lv\/en\/p\/225-55r18-laufenn-i-fit-lw31-98v-hankook\/#primaryimage"},"thumbnailUrl":"https:\/\/mmkriepas.lv\/wp-content\/uploads\/2023\/08\/20555r16-laufenn-i-fit-lw31-91h-hankook-ziemas-riepas.jpeg","datePublished":"2025-01-07T14:32:42+00:00","dateModified":"2026-03-30T11:20:31+00:00","breadcrumb":{"@id":"https:\/\/mmkriepas.lv\/en\/p\/225-55r18-laufenn-i-fit-lw31-98v-hankook\/#breadcrumb"},"inLanguage":"en-US","potentialAction":[{"@type":"ReadAction","target":["https:\/\/mmkriepas.lv\/en\/p\/225-55r18-laufenn-i-fit-lw31-98v-hankook\/"]}]},{"@type":"ImageObject","inLanguage":"en-US","@id":"https:\/\/mmkriepas.lv\/en\/p\/225-55r18-laufenn-i-fit-lw31-98v-hankook\/#primaryimage","url":"https:\/\/mmkriepas.lv\/wp-content\/uploads\/2023\/08\/20555r16-laufenn-i-fit-lw31-91h-hankook-ziemas-riepas.jpeg","contentUrl":"https:\/\/mmkriepas.lv\/wp-content\/uploads\/2023\/08\/20555r16-laufenn-i-fit-lw31-91h-hankook-ziemas-riepas.jpeg","width":1920,"height":1440,"caption":"205\/55R16 Laufenn I FIT+ LW31 91H (Hankook) - Vissezonas riepas \/ Ziemas riepas"},{"@type":"BreadcrumbList","@id":"https:\/\/mmkriepas.lv\/en\/p\/225-55r18-laufenn-i-fit-lw31-98v-hankook\/#breadcrumb","itemListElement":[{"@type":"ListItem","position":1,"name":"S\u0101kums","item":"https:\/\/mmkriepas.lv\/en\/"},{"@type":"ListItem","position":2,"name":"225\/55R18 Laufenn I FIT+ LW31 98V (Hankook)"}]},{"@type":"WebSite","@id":"https:\/\/mmkriepas.lv\/en\/#website","url":"https:\/\/mmkriepas.lv\/en\/","name":"MMK Riepas","description":"MMK Riepas","alternateName":"MMK Riepu Serviss","potentialAction":[{"@type":"SearchAction","target":{"@type":"EntryPoint","urlTemplate":"https:\/\/mmkriepas.lv\/en\/?s={search_term_string}"},"query-input":{"@type":"PropertyValueSpecification","valueRequired":true,"valueName":"search_term_string"}}],"inLanguage":"en-US"},{"@type":"ImageObject","inLanguage":"en-US","@id":"https:\/\/mmkriepas.lv\/en\/p\/225-55r18-laufenn-i-fit-lw31-98v-hankook\/#local-main-organization-logo","url":"","contentUrl":"","caption":"MMK Riepas"}]},"product_brand":"Laufenn I FIT+ LW31","product_price_amount":"121.00","product_price_currency":"EUR","og_availability":"instock","product_availability":"instock","product_retailer_item_id":"TW2255518Laufe-E43316","product_condition":"new"},"_links":{"self":[{"href":"https:\/\/mmkriepas.lv\/en\/wp-json\/wp\/v2\/product\/1150326","targetHints":{"allow":["GET"]}}],"collection":[{"href":"https:\/\/mmkriepas.lv\/en\/wp-json\/wp\/v2\/product"}],"about":[{"href":"https:\/\/mmkriepas.lv\/en\/wp-json\/wp\/v2\/types\/product"}],"wp:featuredmedia":[{"embeddable":true,"href":"https:\/\/mmkriepas.lv\/en\/wp-json\/wp\/v2\/media\/769684"}],"wp:attachment":[{"href":"https:\/\/mmkriepas.lv\/en\/wp-json\/wp\/v2\/media?parent=1150326"}],"wp:term":[{"taxonomy":"product_brand","embeddable":true,"href":"https:\/\/mmkriepas.lv\/en\/wp-json\/wp\/v2\/product_brand?post=1150326"},{"taxonomy":"product_cat","embeddable":true,"href":"https:\/\/mmkriepas.lv\/en\/wp-json\/wp\/v2\/product_cat?post=1150326"},{"taxonomy":"product_tag","embeddable":true,"href":"https:\/\/mmkriepas.lv\/en\/wp-json\/wp\/v2\/product_tag?post=1150326"}],"curies":[{"name":"wp","href":"https:\/\/api.w.org\/{rel}","templated":true}]}}