{"id":1150317,"date":"2025-01-07T16:32:30","date_gmt":"2025-01-07T14:32:30","guid":{"rendered":"https:\/\/mmkriepas.lv\/?post_type=product&#038;p=1150317"},"modified":"2026-04-05T21:42:13","modified_gmt":"2026-04-05T18:42:13","slug":"235-65r16c-laufenn-i-fit-van-ly31-115-113r-hankook","status":"publish","type":"product","link":"https:\/\/mmkriepas.lv\/en\/p\/235-65r16c-laufenn-i-fit-van-ly31-115-113r-hankook\/","title":{"rendered":"235\/65R16C Laufenn I FIT Van LY31 115\/113R (Hankook)"},"content":{"rendered":"<p><span>Vid\u0113j\u0101s klases riepas. <a href=\"https:\/\/mmkriepas.lv\/riepas\/laufenn\/ziemas\/\">Laufenn Riepas<\/a> &#8211; <strong>izcila kvalit\u0101te par labu cenu!<\/strong><\/span> Laufenn pre\u010du z\u012bme pieder Dienvidkorejas uz\u0146\u0113mumam Hankook Tyres. 2013. gad\u0101 tas ieguld\u012bja 1,1 miljardu dol\u0101ru, lai izveidotu automa\u0161\u012bnu riepu r\u016bpn\u012bcu Java, izmantojot Indon\u0113zijas zem\u0101s person\u0101la un zemes izmaksas. Pa\u0161laik aptuveni tre\u0161da\u013ca sara\u017eoto produktu tiek p\u0101rdoti Indon\u0113zijas tirg\u016b, bet p\u0101r\u0113j\u0101 da\u013ca tiek nos\u016bt\u012bta uz Zieme\u013cameriku, Tuvajiem Austrumiem, Krieviju un Austrumeiropu.<\/p>\n<p><strong>Laufenn I Fit Van LY31<\/strong> ir ziemas riepu modelis, kas paredz\u0113ts komerctransportam. \u0160\u012b ziemas riepa <strong>izce\u013cas ar sabalans\u0113t\u0101m eksplaut\u0101cijas \u012bpa\u0161\u012bb\u0101m<\/strong>, vienlaikus demonstr\u0113jot ar\u012b augstas komforta \u012bpa\u0161\u012bbas, palielin\u0101tu veiktsp\u0113ju un un uzticam\u012bbu skarb\u0101kos apst\u0101k\u013cos.<\/p>\n<h3><strong>Laufenn I Fit Van LY31 galven\u0101s iez\u012bmes<\/strong><\/h3>\n<p>+Pastiprin\u0101ti protektora bloki, kas vienm\u0113r\u012bgi sadala slodzi kontakta virsm\u0101.<\/p>\n<p>+Z\u0101\u0123veida lameles uzlabo sa\u0137eri ar sliden\u0101m ce\u013ca virsm\u0101m.<\/p>\n<p>+Uzlabota veiktsp\u0113ja snieg\u0101, pateicoties protektora bloku augstumam un \u012bpa\u0161iem elementiem riepas plecu zon\u0101.<\/p>\n<h3><strong>Laufenn I Fit Van LY31 protektora raksts<\/strong><\/h3>\n<p><strong>Laufenn I Fit Van LY31<\/strong> protektora raksts izce\u013cas ar vair\u0101kiem t\u016bksto\u0161iem z\u0101\u0123veida formas lame\u013cu, kas b\u016btiski uzlabo sa\u0137eri ar sliden\u0101m ce\u013ca virsm\u0101m, ar kur\u0101m var n\u0101kties saskarties ziemas apst\u0101k\u013cos. Dzi\u013c\u0101 snieg\u0101 veiktsp\u0113jas efektivit\u0101ti nodro\u0161ina <strong>palielin\u0101tais protektora bloku augstums<\/strong>, turkl\u0101t riepas plecu zon\u0101 atrodas iegriezumi, kas rad\u012bti tie\u0161i \u0161im m\u0113r\u0137im <b>Laufenn I Fit Van LY31 <\/b>mode\u013ca lieto\u0161anas dro\u0161\u012bbu ziemas laika apst\u0101k\u013cos un t\u0101 atbilst\u012bbu valst\u012bm ar oblig\u0101tu sezon\u0101lo riepu mai\u0146u apstiprina mar\u0137\u0113jums sniegp\u0101rslas form\u0101 uz kalna fona ar trim virsotn\u0113m (3PMSF).<\/p>\n","protected":false},"excerpt":{"rendered":"<p><span>Vid\u0113j\u0101s klases riepas. <a href=\"https:\/\/mmkriepas.lv\/riepas\/laufenn\/ziemas\/\">Laufenn Riepas<\/a> &#8211; <strong>izcila kvalit\u0101te par labu cenu!<\/strong><\/span> Laufenn pre\u010du z\u012bme pieder Dienvidkorejas uz\u0146\u0113mumam Hankook Tyres. 2013. gad\u0101 tas ieguld\u012bja 1,1 miljardu dol\u0101ru, lai izveidotu automa\u0161\u012bnu riepu r\u016bpn\u012bcu Java, izmantojot Indon\u0113zijas zem\u0101s person\u0101la un zemes izmaksas. Pa\u0161laik aptuveni tre\u0161da\u013ca sara\u017eoto produktu tiek p\u0101rdoti Indon\u0113zijas tirg\u016b, bet p\u0101r\u0113j\u0101 da\u013ca tiek nos\u016bt\u012bta uz Zieme\u013cameriku, Tuvajiem Austrumiem, Krieviju un Austrumeiropu.<\/p>\n","protected":false},"featured_media":1135611,"template":"","meta":{"_acf_changed":false,"ngg_post_thumbnail":0},"product_brand":[],"product_cat":[47,45],"product_tag":[],"class_list":{"0":"post-1150317","1":"product","2":"type-product","3":"status-publish","4":"has-post-thumbnail","6":"product_cat-vissezonas-riepas","7":"product_cat-ziemas-riepas","9":"first","10":"instock","11":"sale","12":"taxable","13":"shipping-taxable","14":"purchasable","15":"product-type-simple"},"acf":[],"yoast_head":"<!-- This site is optimized with the Yoast SEO Premium plugin v22.6 (Yoast SEO v27.3) - https:\/\/yoast.com\/product\/yoast-seo-premium-wordpress\/ -->\n<title>235\/65R16C Laufenn I FIT Van LY31 115\/113R (Hankook) &#8226; MMK Riepas<\/title>\n<meta name=\"robots\" content=\"index, follow, max-snippet:-1, max-image-preview:large, max-video-preview:-1\" \/>\n<link rel=\"canonical\" href=\"https:\/\/mmkriepas.lv\/en\/p\/235-65r16c-laufenn-i-fit-van-ly31-115-113r-hankook\/\" \/>\n<meta property=\"og:locale\" content=\"en_US\" \/>\n<meta property=\"og:type\" content=\"article\" \/>\n<meta property=\"og:title\" content=\"235\/65R16C Laufenn I FIT Van LY31 115\/113R (Hankook)\" \/>\n<meta property=\"og:description\" content=\"Vid\u0113j\u0101s klases riepas. Laufenn Riepas - izcila kvalit\u0101te par labu cenu! Laufenn pre\u010du z\u012bme pieder Dienvidkorejas uz\u0146\u0113mumam Hankook Tyres. 2013. gad\u0101 tas ieguld\u012bja 1,1 miljardu dol\u0101ru, lai izveidotu automa\u0161\u012bnu riepu r\u016bpn\u012bcu Java, izmantojot Indon\u0113zijas zem\u0101s person\u0101la un zemes izmaksas. Pa\u0161laik aptuveni tre\u0161da\u013ca sara\u017eoto produktu tiek p\u0101rdoti Indon\u0113zijas tirg\u016b, bet p\u0101r\u0113j\u0101 da\u013ca tiek nos\u016bt\u012bta uz Zieme\u013cameriku, Tuvajiem Austrumiem, Krieviju un Austrumeiropu.\" \/>\n<meta property=\"og:url\" content=\"https:\/\/mmkriepas.lv\/en\/p\/235-65r16c-laufenn-i-fit-van-ly31-115-113r-hankook\/\" \/>\n<meta property=\"og:site_name\" content=\"MMK Riepas\" \/>\n<meta property=\"article:publisher\" content=\"https:\/\/www.facebook.com\/mmkserviss\/\" \/>\n<meta property=\"article:modified_time\" content=\"2026-04-05T18:42:13+00:00\" \/>\n<meta property=\"og:image\" content=\"https:\/\/mmkriepas.lv\/wp-content\/uploads\/2024\/11\/20565r16c-laufenn-i-fit-van-ly31-107105t-hankook-ziemas-riepas.jpg\" \/>\n\t<meta property=\"og:image:width\" content=\"900\" \/>\n\t<meta property=\"og:image:height\" content=\"720\" \/>\n\t<meta property=\"og:image:type\" content=\"image\/jpeg\" \/>\n<meta name=\"twitter:card\" content=\"summary_large_image\" \/>\n<meta name=\"twitter:label1\" content=\"Price\" \/>\n\t<meta name=\"twitter:data1\" content=\"&euro;120.00\" \/>\n\t<meta name=\"twitter:label2\" content=\"Availability\" \/>\n\t<meta name=\"twitter:data2\" content=\"In stock\" \/>\n<script type=\"application\/ld+json\" class=\"yoast-schema-graph\">{\"@context\":\"https:\\\/\\\/schema.org\",\"@graph\":[{\"@type\":\"WebPage\",\"@id\":\"https:\\\/\\\/mmkriepas.lv\\\/en\\\/p\\\/235-65r16c-laufenn-i-fit-van-ly31-115-113r-hankook\\\/\",\"url\":\"https:\\\/\\\/mmkriepas.lv\\\/en\\\/p\\\/235-65r16c-laufenn-i-fit-van-ly31-115-113r-hankook\\\/\",\"name\":\"235\\\/65R16C Laufenn I FIT Van LY31 115\\\/113R (Hankook) &#8226; MMK Riepas\",\"isPartOf\":{\"@id\":\"https:\\\/\\\/mmkriepas.lv\\\/en\\\/#website\"},\"primaryImageOfPage\":{\"@id\":\"https:\\\/\\\/mmkriepas.lv\\\/en\\\/p\\\/235-65r16c-laufenn-i-fit-van-ly31-115-113r-hankook\\\/#primaryimage\"},\"image\":{\"@id\":\"https:\\\/\\\/mmkriepas.lv\\\/en\\\/p\\\/235-65r16c-laufenn-i-fit-van-ly31-115-113r-hankook\\\/#primaryimage\"},\"thumbnailUrl\":\"https:\\\/\\\/mmkriepas.lv\\\/wp-content\\\/uploads\\\/2024\\\/11\\\/20565r16c-laufenn-i-fit-van-ly31-107105t-hankook-ziemas-riepas.jpg\",\"datePublished\":\"2025-01-07T14:32:30+00:00\",\"dateModified\":\"2026-04-05T18:42:13+00:00\",\"breadcrumb\":{\"@id\":\"https:\\\/\\\/mmkriepas.lv\\\/en\\\/p\\\/235-65r16c-laufenn-i-fit-van-ly31-115-113r-hankook\\\/#breadcrumb\"},\"inLanguage\":\"en-US\",\"potentialAction\":[{\"@type\":\"ReadAction\",\"target\":[\"https:\\\/\\\/mmkriepas.lv\\\/en\\\/p\\\/235-65r16c-laufenn-i-fit-van-ly31-115-113r-hankook\\\/\"]}]},{\"@type\":\"ImageObject\",\"inLanguage\":\"en-US\",\"@id\":\"https:\\\/\\\/mmkriepas.lv\\\/en\\\/p\\\/235-65r16c-laufenn-i-fit-van-ly31-115-113r-hankook\\\/#primaryimage\",\"url\":\"https:\\\/\\\/mmkriepas.lv\\\/wp-content\\\/uploads\\\/2024\\\/11\\\/20565r16c-laufenn-i-fit-van-ly31-107105t-hankook-ziemas-riepas.jpg\",\"contentUrl\":\"https:\\\/\\\/mmkriepas.lv\\\/wp-content\\\/uploads\\\/2024\\\/11\\\/20565r16c-laufenn-i-fit-van-ly31-107105t-hankook-ziemas-riepas.jpg\",\"width\":900,\"height\":720,\"caption\":\"MAIN\"},{\"@type\":\"BreadcrumbList\",\"@id\":\"https:\\\/\\\/mmkriepas.lv\\\/en\\\/p\\\/235-65r16c-laufenn-i-fit-van-ly31-115-113r-hankook\\\/#breadcrumb\",\"itemListElement\":[{\"@type\":\"ListItem\",\"position\":1,\"name\":\"S\u0101kums\",\"item\":\"https:\\\/\\\/mmkriepas.lv\\\/en\\\/\"},{\"@type\":\"ListItem\",\"position\":2,\"name\":\"235\\\/65R16C Laufenn I FIT Van LY31 115\\\/113R (Hankook)\"}]},{\"@type\":\"WebSite\",\"@id\":\"https:\\\/\\\/mmkriepas.lv\\\/en\\\/#website\",\"url\":\"https:\\\/\\\/mmkriepas.lv\\\/en\\\/\",\"name\":\"MMK Riepas\",\"description\":\"MMK Riepas\",\"alternateName\":\"MMK Riepu Serviss\",\"potentialAction\":[{\"@type\":\"SearchAction\",\"target\":{\"@type\":\"EntryPoint\",\"urlTemplate\":\"https:\\\/\\\/mmkriepas.lv\\\/en\\\/?s={search_term_string}\"},\"query-input\":{\"@type\":\"PropertyValueSpecification\",\"valueRequired\":true,\"valueName\":\"search_term_string\"}}],\"inLanguage\":\"en-US\"},{\"@type\":\"ImageObject\",\"inLanguage\":\"en-US\",\"@id\":\"https:\\\/\\\/mmkriepas.lv\\\/en\\\/p\\\/235-65r16c-laufenn-i-fit-van-ly31-115-113r-hankook\\\/#local-main-organization-logo\",\"url\":\"\",\"contentUrl\":\"\",\"caption\":\"MMK Riepas\"}]}<\/script>\n<meta property=\"product:brand\" content=\"Laufenn I FIT Van LY31\" \/>\n<meta property=\"product:price:amount\" content=\"120.00\" \/>\n<meta property=\"product:price:currency\" content=\"EUR\" \/>\n<meta property=\"og:availability\" content=\"instock\" \/>\n<meta property=\"product:availability\" content=\"instock\" \/>\n<meta property=\"product:retailer_item_id\" content=\"TW2356516CLaufe-E43314\" \/>\n<meta property=\"product:condition\" content=\"new\" \/>\n<!-- \/ Yoast SEO Premium plugin. -->","yoast_head_json":{"title":"235\/65R16C Laufenn I FIT Van LY31 115\/113R (Hankook) &#8226; MMK Riepas","robots":{"index":"index","follow":"follow","max-snippet":"max-snippet:-1","max-image-preview":"max-image-preview:large","max-video-preview":"max-video-preview:-1"},"canonical":"https:\/\/mmkriepas.lv\/en\/p\/235-65r16c-laufenn-i-fit-van-ly31-115-113r-hankook\/","og_locale":"en_US","og_type":"article","og_title":"235\/65R16C Laufenn I FIT Van LY31 115\/113R (Hankook)","og_description":"Vid\u0113j\u0101s klases riepas. Laufenn Riepas - izcila kvalit\u0101te par labu cenu! Laufenn pre\u010du z\u012bme pieder Dienvidkorejas uz\u0146\u0113mumam Hankook Tyres. 2013. gad\u0101 tas ieguld\u012bja 1,1 miljardu dol\u0101ru, lai izveidotu automa\u0161\u012bnu riepu r\u016bpn\u012bcu Java, izmantojot Indon\u0113zijas zem\u0101s person\u0101la un zemes izmaksas. Pa\u0161laik aptuveni tre\u0161da\u013ca sara\u017eoto produktu tiek p\u0101rdoti Indon\u0113zijas tirg\u016b, bet p\u0101r\u0113j\u0101 da\u013ca tiek nos\u016bt\u012bta uz Zieme\u013cameriku, Tuvajiem Austrumiem, Krieviju un Austrumeiropu.","og_url":"https:\/\/mmkriepas.lv\/en\/p\/235-65r16c-laufenn-i-fit-van-ly31-115-113r-hankook\/","og_site_name":"MMK Riepas","article_publisher":"https:\/\/www.facebook.com\/mmkserviss\/","article_modified_time":"2026-04-05T18:42:13+00:00","og_image":[{"width":900,"height":720,"url":"https:\/\/mmkriepas.lv\/wp-content\/uploads\/2024\/11\/20565r16c-laufenn-i-fit-van-ly31-107105t-hankook-ziemas-riepas.jpg","type":"image\/jpeg"}],"twitter_card":"summary_large_image","twitter_misc":{"Price":"&euro;120.00","Availability":"In stock"},"schema":{"@context":"https:\/\/schema.org","@graph":[{"@type":"WebPage","@id":"https:\/\/mmkriepas.lv\/en\/p\/235-65r16c-laufenn-i-fit-van-ly31-115-113r-hankook\/","url":"https:\/\/mmkriepas.lv\/en\/p\/235-65r16c-laufenn-i-fit-van-ly31-115-113r-hankook\/","name":"235\/65R16C Laufenn I FIT Van LY31 115\/113R (Hankook) &#8226; MMK Riepas","isPartOf":{"@id":"https:\/\/mmkriepas.lv\/en\/#website"},"primaryImageOfPage":{"@id":"https:\/\/mmkriepas.lv\/en\/p\/235-65r16c-laufenn-i-fit-van-ly31-115-113r-hankook\/#primaryimage"},"image":{"@id":"https:\/\/mmkriepas.lv\/en\/p\/235-65r16c-laufenn-i-fit-van-ly31-115-113r-hankook\/#primaryimage"},"thumbnailUrl":"https:\/\/mmkriepas.lv\/wp-content\/uploads\/2024\/11\/20565r16c-laufenn-i-fit-van-ly31-107105t-hankook-ziemas-riepas.jpg","datePublished":"2025-01-07T14:32:30+00:00","dateModified":"2026-04-05T18:42:13+00:00","breadcrumb":{"@id":"https:\/\/mmkriepas.lv\/en\/p\/235-65r16c-laufenn-i-fit-van-ly31-115-113r-hankook\/#breadcrumb"},"inLanguage":"en-US","potentialAction":[{"@type":"ReadAction","target":["https:\/\/mmkriepas.lv\/en\/p\/235-65r16c-laufenn-i-fit-van-ly31-115-113r-hankook\/"]}]},{"@type":"ImageObject","inLanguage":"en-US","@id":"https:\/\/mmkriepas.lv\/en\/p\/235-65r16c-laufenn-i-fit-van-ly31-115-113r-hankook\/#primaryimage","url":"https:\/\/mmkriepas.lv\/wp-content\/uploads\/2024\/11\/20565r16c-laufenn-i-fit-van-ly31-107105t-hankook-ziemas-riepas.jpg","contentUrl":"https:\/\/mmkriepas.lv\/wp-content\/uploads\/2024\/11\/20565r16c-laufenn-i-fit-van-ly31-107105t-hankook-ziemas-riepas.jpg","width":900,"height":720,"caption":"MAIN"},{"@type":"BreadcrumbList","@id":"https:\/\/mmkriepas.lv\/en\/p\/235-65r16c-laufenn-i-fit-van-ly31-115-113r-hankook\/#breadcrumb","itemListElement":[{"@type":"ListItem","position":1,"name":"S\u0101kums","item":"https:\/\/mmkriepas.lv\/en\/"},{"@type":"ListItem","position":2,"name":"235\/65R16C Laufenn I FIT Van LY31 115\/113R (Hankook)"}]},{"@type":"WebSite","@id":"https:\/\/mmkriepas.lv\/en\/#website","url":"https:\/\/mmkriepas.lv\/en\/","name":"MMK Riepas","description":"MMK Riepas","alternateName":"MMK Riepu Serviss","potentialAction":[{"@type":"SearchAction","target":{"@type":"EntryPoint","urlTemplate":"https:\/\/mmkriepas.lv\/en\/?s={search_term_string}"},"query-input":{"@type":"PropertyValueSpecification","valueRequired":true,"valueName":"search_term_string"}}],"inLanguage":"en-US"},{"@type":"ImageObject","inLanguage":"en-US","@id":"https:\/\/mmkriepas.lv\/en\/p\/235-65r16c-laufenn-i-fit-van-ly31-115-113r-hankook\/#local-main-organization-logo","url":"","contentUrl":"","caption":"MMK Riepas"}]},"product_brand":"Laufenn I FIT Van LY31","product_price_amount":"120.00","product_price_currency":"EUR","og_availability":"instock","product_availability":"instock","product_retailer_item_id":"TW2356516CLaufe-E43314","product_condition":"new"},"_links":{"self":[{"href":"https:\/\/mmkriepas.lv\/en\/wp-json\/wp\/v2\/product\/1150317","targetHints":{"allow":["GET"]}}],"collection":[{"href":"https:\/\/mmkriepas.lv\/en\/wp-json\/wp\/v2\/product"}],"about":[{"href":"https:\/\/mmkriepas.lv\/en\/wp-json\/wp\/v2\/types\/product"}],"wp:featuredmedia":[{"embeddable":true,"href":"https:\/\/mmkriepas.lv\/en\/wp-json\/wp\/v2\/media\/1135611"}],"wp:attachment":[{"href":"https:\/\/mmkriepas.lv\/en\/wp-json\/wp\/v2\/media?parent=1150317"}],"wp:term":[{"taxonomy":"product_brand","embeddable":true,"href":"https:\/\/mmkriepas.lv\/en\/wp-json\/wp\/v2\/product_brand?post=1150317"},{"taxonomy":"product_cat","embeddable":true,"href":"https:\/\/mmkriepas.lv\/en\/wp-json\/wp\/v2\/product_cat?post=1150317"},{"taxonomy":"product_tag","embeddable":true,"href":"https:\/\/mmkriepas.lv\/en\/wp-json\/wp\/v2\/product_tag?post=1150317"}],"curies":[{"name":"wp","href":"https:\/\/api.w.org\/{rel}","templated":true}]}}