{"id":1147172,"date":"2024-12-19T09:50:12","date_gmt":"2024-12-19T07:50:12","guid":{"rendered":"https:\/\/mmkriepas.lv\/?post_type=product&#038;p=1147172"},"modified":"2026-03-30T14:32:23","modified_gmt":"2026-03-30T11:32:23","slug":"235-65r17-bridgestone-blizzak-lm005-108v-xl","status":"publish","type":"product","link":"https:\/\/mmkriepas.lv\/en\/p\/235-65r17-bridgestone-blizzak-lm005-108v-xl\/","title":{"rendered":"235\/65R17 Bridgestone Blizzak LM005 108V XL"},"content":{"rendered":"<p><b>Bridgestone Blizzak LM005<\/b><span style=\"font-weight: 400;\"> ir ziemas riepu modelis, kas paredz\u0113ts brauk\u0161anai Centr\u0101leiropas ziemas apst\u0101k\u013cos, kur temperat\u016bra bie\u017ei vien sv\u0101rst\u0101s ap 0\u00baC. Ar\u012b Latvij\u0101 p\u0113d\u0113jos gados biju\u0161i nov\u0113rojami \u0161\u0101di laikapst\u0101k\u013ci ziem\u0101 un tie\u0161i \u0161ajos apst\u0101k\u013cos \u0161is modelis uzr\u0101da lab\u0101k\u0101s veiktsp\u0113jas \u012bpa\u0161\u012bbas.<\/span><\/p>\n<h3><b>Bridgestone Blizzak LM005 galven\u0101s iez\u012bmes<\/b><\/h3>\n<p><span style=\"font-weight: 400;\">+2D un 3D lameles uzlabo sa\u0137eri ar sniegu un ledu, papildus uzlabojot ar\u012b manevr\u0113tsp\u0113ju un padarot braucienu m\u012bkst\u0101ku.<\/span><\/p>\n<p><span style=\"font-weight: 400;\">+Z\u0101\u0123veida dren\u0101\u017eas rievas uzlabo veiktsp\u0113ju snieg\u0101.<\/span><\/p>\n<p><span style=\"font-weight: 400;\">+Riepas gumijas mais\u012bjuma sast\u0101vs papildin\u0101ts ar Nano Pro-Tech tehnolo\u0123iju.<\/span><\/p>\n<h3><b>Augsta efektivit\u0101te bremz\u0113jot<\/b><\/h3>\n<p><span style=\"font-weight: 400;\">Viss protektora raksts nokl\u0101ts ar bl\u012bvi izvietot\u0101m lamel\u0113m. 2D lameles, kuras izvietotas protektora centr\u0101laj\u0101 da\u013c\u0101, uzlabo vilktni uz sniegotiem un apledoju\u0161iem ce\u013ciem, k\u0101 ar\u012b padara braucienu klusu un komfortablu. Turpret\u012b 3D lameles izvietotas Bridgestone Blizzak LM005 plecu zon\u0101 un t\u0101s r\u016bp\u0113jas par sa\u0137eri un manevr\u0113tsp\u0113ju uz slapj\u0101m ce\u013ca virsm\u0101m.<\/span><\/p>\n<h3><b>Z\u0101\u0123veida dren\u0101\u017eas rievas Bridgestone Blizzak LM005 protektor\u0101<\/b><\/h3>\n<p><span style=\"font-weight: 400;\">Riepas protektora bloki izvietoti t\u0101, lai starp centr\u0101lo zonu un plecu blokiem veidotos z\u0101\u0123veida dren\u0101\u017eas rievas. \u0160\u0101ds dren\u0101\u017eas rievu tips uzlabo veiktsp\u0113ju snieg\u0101.<\/span><\/p>\n<h3><b>Paaugstin\u0101ta efektivit\u0101te uz jebkuras ce\u013ca virsmas<\/b><\/h3>\n<p><span style=\"font-weight: 400;\">Riepas protektora izgatavo\u0161anai izmantots gumijas mais\u012bjums, kur\u0161 ir papildin\u0101ts ar Nano Pro-Tech tehnolo\u0123iju. Pateicoties tam, riepa saglab\u0101 elast\u012bbu ar\u012b sal\u012bdzino\u0161i zem\u0101s temperat\u016br\u0101s, kas at\u013cauj tai izcili veidot sa\u0137eri ar visda\u017e\u0101d\u0101kaj\u0101m ce\u013ca virsm\u0101m, ta\u010du tas v\u0113l nav viss! Nano Pro-Tech uzlabo ar\u012b riepas triecieniztur\u012bbu un riepa l\u0113n\u0101k nodilst.<\/span> <b>Bridgestone Blizzak LM005 <\/b><span style=\"font-weight: 400;\">mode\u013ca lieto\u0161anas dro\u0161\u012bbu ziemas laika apst\u0101k\u013cos un t\u0101 atbilst\u012bbu valst\u012bm ar oblig\u0101tu sezon\u0101lo riepu mai\u0146u apstiprina mar\u0137\u0113jums sniegp\u0101rslas form\u0101 uz kalna fona ar trim virsotn\u0113m (3PMSF).<\/span><\/p>\n","protected":false},"excerpt":{"rendered":"<p><b>Bridgestone Blizzak LM005<\/b><span style=\"font-weight: 400;\"> ir ziemas riepu modelis, kas paredz\u0113ts brauk\u0161anai Centr\u0101leiropas ziemas apst\u0101k\u013cos, kur temperat\u016bra bie\u017ei vien sv\u0101rst\u0101s ap 0\u00baC. Ar\u012b Latvij\u0101 p\u0113d\u0113jos gados biju\u0161i nov\u0113rojami \u0161\u0101di laikapst\u0101k\u013ci ziem\u0101 un tie\u0161i \u0161ajos apst\u0101k\u013cos \u0161is modelis uzr\u0101da lab\u0101k\u0101s veiktsp\u0113jas \u012bpa\u0161\u012bbas.<\/span><\/p>\n","protected":false},"featured_media":864264,"template":"","meta":{"_acf_changed":false,"ngg_post_thumbnail":0},"product_brand":[],"product_cat":[47,45],"product_tag":[],"class_list":{"0":"post-1147172","1":"product","2":"type-product","3":"status-publish","4":"has-post-thumbnail","6":"product_cat-vissezonas-riepas","7":"product_cat-ziemas-riepas","9":"first","10":"instock","11":"sale","12":"taxable","13":"shipping-taxable","14":"purchasable","15":"product-type-simple"},"acf":[],"yoast_head":"<!-- This site is optimized with the Yoast SEO Premium plugin v22.6 (Yoast SEO v27.3) - https:\/\/yoast.com\/product\/yoast-seo-premium-wordpress\/ -->\n<title>235\/65R17 Bridgestone Blizzak LM005 108V XL &#8226; MMK Riepas<\/title>\n<meta name=\"robots\" content=\"index, follow, max-snippet:-1, max-image-preview:large, max-video-preview:-1\" \/>\n<link rel=\"canonical\" href=\"https:\/\/mmkriepas.lv\/en\/p\/235-65r17-bridgestone-blizzak-lm005-108v-xl\/\" \/>\n<meta property=\"og:locale\" content=\"en_US\" \/>\n<meta property=\"og:type\" content=\"article\" \/>\n<meta property=\"og:title\" content=\"235\/65R17 Bridgestone Blizzak LM005 108V XL\" \/>\n<meta property=\"og:description\" content=\"Bridgestone Blizzak LM005 ir ziemas riepu modelis, kas paredz\u0113ts brauk\u0161anai Centr\u0101leiropas ziemas apst\u0101k\u013cos, kur temperat\u016bra bie\u017ei vien sv\u0101rst\u0101s ap 0\u00baC. Ar\u012b Latvij\u0101 p\u0113d\u0113jos gados biju\u0161i nov\u0113rojami \u0161\u0101di laikapst\u0101k\u013ci ziem\u0101 un tie\u0161i \u0161ajos apst\u0101k\u013cos \u0161is modelis uzr\u0101da lab\u0101k\u0101s veiktsp\u0113jas \u012bpa\u0161\u012bbas.\" \/>\n<meta property=\"og:url\" content=\"https:\/\/mmkriepas.lv\/en\/p\/235-65r17-bridgestone-blizzak-lm005-108v-xl\/\" \/>\n<meta property=\"og:site_name\" content=\"MMK Riepas\" \/>\n<meta property=\"article:publisher\" content=\"https:\/\/www.facebook.com\/mmkserviss\/\" \/>\n<meta property=\"article:modified_time\" content=\"2026-03-30T11:32:23+00:00\" \/>\n<meta property=\"og:image\" content=\"https:\/\/mmkriepas.lv\/wp-content\/uploads\/2024\/02\/31540r21-bridgestone-blizzak-lm005-115v-xl-ziemas-riepas.jpg\" \/>\n\t<meta property=\"og:image:width\" content=\"1920\" \/>\n\t<meta property=\"og:image:height\" content=\"1450\" \/>\n\t<meta property=\"og:image:type\" content=\"image\/jpeg\" \/>\n<meta name=\"twitter:card\" content=\"summary_large_image\" \/>\n<meta name=\"twitter:label1\" content=\"Price\" \/>\n\t<meta name=\"twitter:data1\" content=\"&euro;179.00\" \/>\n\t<meta name=\"twitter:label2\" content=\"Availability\" \/>\n\t<meta name=\"twitter:data2\" content=\"In stock\" \/>\n<script type=\"application\/ld+json\" class=\"yoast-schema-graph\">{\"@context\":\"https:\\\/\\\/schema.org\",\"@graph\":[{\"@type\":\"WebPage\",\"@id\":\"https:\\\/\\\/mmkriepas.lv\\\/en\\\/p\\\/235-65r17-bridgestone-blizzak-lm005-108v-xl\\\/\",\"url\":\"https:\\\/\\\/mmkriepas.lv\\\/en\\\/p\\\/235-65r17-bridgestone-blizzak-lm005-108v-xl\\\/\",\"name\":\"235\\\/65R17 Bridgestone Blizzak LM005 108V XL &#8226; MMK Riepas\",\"isPartOf\":{\"@id\":\"https:\\\/\\\/mmkriepas.lv\\\/en\\\/#website\"},\"primaryImageOfPage\":{\"@id\":\"https:\\\/\\\/mmkriepas.lv\\\/en\\\/p\\\/235-65r17-bridgestone-blizzak-lm005-108v-xl\\\/#primaryimage\"},\"image\":{\"@id\":\"https:\\\/\\\/mmkriepas.lv\\\/en\\\/p\\\/235-65r17-bridgestone-blizzak-lm005-108v-xl\\\/#primaryimage\"},\"thumbnailUrl\":\"https:\\\/\\\/mmkriepas.lv\\\/wp-content\\\/uploads\\\/2024\\\/02\\\/31540r21-bridgestone-blizzak-lm005-115v-xl-ziemas-riepas.jpg\",\"datePublished\":\"2024-12-19T07:50:12+00:00\",\"dateModified\":\"2026-03-30T11:32:23+00:00\",\"breadcrumb\":{\"@id\":\"https:\\\/\\\/mmkriepas.lv\\\/en\\\/p\\\/235-65r17-bridgestone-blizzak-lm005-108v-xl\\\/#breadcrumb\"},\"inLanguage\":\"en-US\",\"potentialAction\":[{\"@type\":\"ReadAction\",\"target\":[\"https:\\\/\\\/mmkriepas.lv\\\/en\\\/p\\\/235-65r17-bridgestone-blizzak-lm005-108v-xl\\\/\"]}]},{\"@type\":\"ImageObject\",\"inLanguage\":\"en-US\",\"@id\":\"https:\\\/\\\/mmkriepas.lv\\\/en\\\/p\\\/235-65r17-bridgestone-blizzak-lm005-108v-xl\\\/#primaryimage\",\"url\":\"https:\\\/\\\/mmkriepas.lv\\\/wp-content\\\/uploads\\\/2024\\\/02\\\/31540r21-bridgestone-blizzak-lm005-115v-xl-ziemas-riepas.jpg\",\"contentUrl\":\"https:\\\/\\\/mmkriepas.lv\\\/wp-content\\\/uploads\\\/2024\\\/02\\\/31540r21-bridgestone-blizzak-lm005-115v-xl-ziemas-riepas.jpg\",\"width\":1920,\"height\":1450,\"caption\":\"MAIN\"},{\"@type\":\"BreadcrumbList\",\"@id\":\"https:\\\/\\\/mmkriepas.lv\\\/en\\\/p\\\/235-65r17-bridgestone-blizzak-lm005-108v-xl\\\/#breadcrumb\",\"itemListElement\":[{\"@type\":\"ListItem\",\"position\":1,\"name\":\"S\u0101kums\",\"item\":\"https:\\\/\\\/mmkriepas.lv\\\/en\\\/\"},{\"@type\":\"ListItem\",\"position\":2,\"name\":\"235\\\/65R17 Bridgestone Blizzak LM005 108V XL\"}]},{\"@type\":\"WebSite\",\"@id\":\"https:\\\/\\\/mmkriepas.lv\\\/en\\\/#website\",\"url\":\"https:\\\/\\\/mmkriepas.lv\\\/en\\\/\",\"name\":\"MMK Riepas\",\"description\":\"MMK Riepas\",\"alternateName\":\"MMK Riepu Serviss\",\"potentialAction\":[{\"@type\":\"SearchAction\",\"target\":{\"@type\":\"EntryPoint\",\"urlTemplate\":\"https:\\\/\\\/mmkriepas.lv\\\/en\\\/?s={search_term_string}\"},\"query-input\":{\"@type\":\"PropertyValueSpecification\",\"valueRequired\":true,\"valueName\":\"search_term_string\"}}],\"inLanguage\":\"en-US\"},{\"@type\":\"ImageObject\",\"inLanguage\":\"en-US\",\"@id\":\"https:\\\/\\\/mmkriepas.lv\\\/en\\\/p\\\/235-65r17-bridgestone-blizzak-lm005-108v-xl\\\/#local-main-organization-logo\",\"url\":\"\",\"contentUrl\":\"\",\"caption\":\"MMK Riepas\"}]}<\/script>\n<meta property=\"product:brand\" content=\"Bridgestone Blizzak LM005\" \/>\n<meta property=\"product:price:amount\" content=\"179.00\" \/>\n<meta property=\"product:price:currency\" content=\"EUR\" \/>\n<meta property=\"og:availability\" content=\"instock\" \/>\n<meta property=\"product:availability\" content=\"instock\" \/>\n<meta property=\"product:retailer_item_id\" content=\"TW2356517Bridg-E43035\" \/>\n<meta property=\"product:condition\" content=\"new\" \/>\n<!-- \/ Yoast SEO Premium plugin. -->","yoast_head_json":{"title":"235\/65R17 Bridgestone Blizzak LM005 108V XL &#8226; MMK Riepas","robots":{"index":"index","follow":"follow","max-snippet":"max-snippet:-1","max-image-preview":"max-image-preview:large","max-video-preview":"max-video-preview:-1"},"canonical":"https:\/\/mmkriepas.lv\/en\/p\/235-65r17-bridgestone-blizzak-lm005-108v-xl\/","og_locale":"en_US","og_type":"article","og_title":"235\/65R17 Bridgestone Blizzak LM005 108V XL","og_description":"Bridgestone Blizzak LM005 ir ziemas riepu modelis, kas paredz\u0113ts brauk\u0161anai Centr\u0101leiropas ziemas apst\u0101k\u013cos, kur temperat\u016bra bie\u017ei vien sv\u0101rst\u0101s ap 0\u00baC. Ar\u012b Latvij\u0101 p\u0113d\u0113jos gados biju\u0161i nov\u0113rojami \u0161\u0101di laikapst\u0101k\u013ci ziem\u0101 un tie\u0161i \u0161ajos apst\u0101k\u013cos \u0161is modelis uzr\u0101da lab\u0101k\u0101s veiktsp\u0113jas \u012bpa\u0161\u012bbas.","og_url":"https:\/\/mmkriepas.lv\/en\/p\/235-65r17-bridgestone-blizzak-lm005-108v-xl\/","og_site_name":"MMK Riepas","article_publisher":"https:\/\/www.facebook.com\/mmkserviss\/","article_modified_time":"2026-03-30T11:32:23+00:00","og_image":[{"width":1920,"height":1450,"url":"https:\/\/mmkriepas.lv\/wp-content\/uploads\/2024\/02\/31540r21-bridgestone-blizzak-lm005-115v-xl-ziemas-riepas.jpg","type":"image\/jpeg"}],"twitter_card":"summary_large_image","twitter_misc":{"Price":"&euro;179.00","Availability":"In stock"},"schema":{"@context":"https:\/\/schema.org","@graph":[{"@type":"WebPage","@id":"https:\/\/mmkriepas.lv\/en\/p\/235-65r17-bridgestone-blizzak-lm005-108v-xl\/","url":"https:\/\/mmkriepas.lv\/en\/p\/235-65r17-bridgestone-blizzak-lm005-108v-xl\/","name":"235\/65R17 Bridgestone Blizzak LM005 108V XL &#8226; MMK Riepas","isPartOf":{"@id":"https:\/\/mmkriepas.lv\/en\/#website"},"primaryImageOfPage":{"@id":"https:\/\/mmkriepas.lv\/en\/p\/235-65r17-bridgestone-blizzak-lm005-108v-xl\/#primaryimage"},"image":{"@id":"https:\/\/mmkriepas.lv\/en\/p\/235-65r17-bridgestone-blizzak-lm005-108v-xl\/#primaryimage"},"thumbnailUrl":"https:\/\/mmkriepas.lv\/wp-content\/uploads\/2024\/02\/31540r21-bridgestone-blizzak-lm005-115v-xl-ziemas-riepas.jpg","datePublished":"2024-12-19T07:50:12+00:00","dateModified":"2026-03-30T11:32:23+00:00","breadcrumb":{"@id":"https:\/\/mmkriepas.lv\/en\/p\/235-65r17-bridgestone-blizzak-lm005-108v-xl\/#breadcrumb"},"inLanguage":"en-US","potentialAction":[{"@type":"ReadAction","target":["https:\/\/mmkriepas.lv\/en\/p\/235-65r17-bridgestone-blizzak-lm005-108v-xl\/"]}]},{"@type":"ImageObject","inLanguage":"en-US","@id":"https:\/\/mmkriepas.lv\/en\/p\/235-65r17-bridgestone-blizzak-lm005-108v-xl\/#primaryimage","url":"https:\/\/mmkriepas.lv\/wp-content\/uploads\/2024\/02\/31540r21-bridgestone-blizzak-lm005-115v-xl-ziemas-riepas.jpg","contentUrl":"https:\/\/mmkriepas.lv\/wp-content\/uploads\/2024\/02\/31540r21-bridgestone-blizzak-lm005-115v-xl-ziemas-riepas.jpg","width":1920,"height":1450,"caption":"MAIN"},{"@type":"BreadcrumbList","@id":"https:\/\/mmkriepas.lv\/en\/p\/235-65r17-bridgestone-blizzak-lm005-108v-xl\/#breadcrumb","itemListElement":[{"@type":"ListItem","position":1,"name":"S\u0101kums","item":"https:\/\/mmkriepas.lv\/en\/"},{"@type":"ListItem","position":2,"name":"235\/65R17 Bridgestone Blizzak LM005 108V XL"}]},{"@type":"WebSite","@id":"https:\/\/mmkriepas.lv\/en\/#website","url":"https:\/\/mmkriepas.lv\/en\/","name":"MMK Riepas","description":"MMK Riepas","alternateName":"MMK Riepu Serviss","potentialAction":[{"@type":"SearchAction","target":{"@type":"EntryPoint","urlTemplate":"https:\/\/mmkriepas.lv\/en\/?s={search_term_string}"},"query-input":{"@type":"PropertyValueSpecification","valueRequired":true,"valueName":"search_term_string"}}],"inLanguage":"en-US"},{"@type":"ImageObject","inLanguage":"en-US","@id":"https:\/\/mmkriepas.lv\/en\/p\/235-65r17-bridgestone-blizzak-lm005-108v-xl\/#local-main-organization-logo","url":"","contentUrl":"","caption":"MMK Riepas"}]},"product_brand":"Bridgestone Blizzak LM005","product_price_amount":"179.00","product_price_currency":"EUR","og_availability":"instock","product_availability":"instock","product_retailer_item_id":"TW2356517Bridg-E43035","product_condition":"new"},"_links":{"self":[{"href":"https:\/\/mmkriepas.lv\/en\/wp-json\/wp\/v2\/product\/1147172","targetHints":{"allow":["GET"]}}],"collection":[{"href":"https:\/\/mmkriepas.lv\/en\/wp-json\/wp\/v2\/product"}],"about":[{"href":"https:\/\/mmkriepas.lv\/en\/wp-json\/wp\/v2\/types\/product"}],"wp:featuredmedia":[{"embeddable":true,"href":"https:\/\/mmkriepas.lv\/en\/wp-json\/wp\/v2\/media\/864264"}],"wp:attachment":[{"href":"https:\/\/mmkriepas.lv\/en\/wp-json\/wp\/v2\/media?parent=1147172"}],"wp:term":[{"taxonomy":"product_brand","embeddable":true,"href":"https:\/\/mmkriepas.lv\/en\/wp-json\/wp\/v2\/product_brand?post=1147172"},{"taxonomy":"product_cat","embeddable":true,"href":"https:\/\/mmkriepas.lv\/en\/wp-json\/wp\/v2\/product_cat?post=1147172"},{"taxonomy":"product_tag","embeddable":true,"href":"https:\/\/mmkriepas.lv\/en\/wp-json\/wp\/v2\/product_tag?post=1147172"}],"curies":[{"name":"wp","href":"https:\/\/api.w.org\/{rel}","templated":true}]}}