{"id":1144198,"date":"2024-12-14T11:49:37","date_gmt":"2024-12-14T09:49:37","guid":{"rendered":"https:\/\/mmkriepas.lv\/?post_type=product&#038;p=1144198"},"modified":"2026-03-28T00:17:01","modified_gmt":"2026-03-27T22:17:01","slug":"245-70r16-luxxan-commander-w7-111t-xl","status":"publish","type":"product","link":"https:\/\/mmkriepas.lv\/en\/p\/245-70r16-luxxan-commander-w7-111t-xl\/","title":{"rendered":"245\/70R16 Luxxan Commander W7 111T XL"},"content":{"rendered":"<p><b>Luxxan Commander W7 <\/b><span style=\"font-weight: 400;\">\u00a0ir bud\u017eeta klases ziemas riepa, kas paredz\u0113ta vieglajiem auto. M\u016bsdien\u012bgas tehnolo\u0123ijas un virkne atjaut\u012bgu risin\u0101jumu, kas pielietoti \u0161\u012bs riepas izgatavo\u0161an\u0101, ir pal\u012bdz\u0113ju\u0161i izveidot uzticamu ziemas riepu modeli, kas uzr\u0101da p\u0101rliecino\u0161u veiktsp\u0113ju jebk\u0101dos ziemas apst\u0101k\u013cos.<\/span><\/p>\n<h3><b>Luxxan Commander W7 galven\u0101s iez\u012bmes<\/b><\/h3>\n<ul>\n<li style=\"font-weight: 400;\"><span style=\"font-weight: 400;\">Izcila veiktsp\u0113ja snieg\u0101 un uz ledus!<\/span><\/li>\n<li style=\"font-weight: 400;\"><span style=\"font-weight: 400;\">Degvielas ekonomija!<\/span><\/li>\n<li style=\"font-weight: 400;\"><span style=\"font-weight: 400;\">Ilglaic\u012bga kalpotsp\u0113ja!<\/span><\/li>\n<li style=\"font-weight: 400;\"><span style=\"font-weight: 400;\">Komfortabla un klusa gaita!<\/span><\/li>\n<li style=\"font-weight: 400;\"><span style=\"font-weight: 400;\">Stabilit\u0101te, laba manevr\u0113tsp\u0113ja un atsauc\u012bba lielos brauk\u0161anas \u0101trumos!<\/span><\/li>\n<li style=\"font-weight: 400;\"><b>Neticami laba cena!<\/b><\/li>\n<\/ul>\n<h3><b>Commander W7 apr\u012bkojums<\/b><\/h3>\n<p><span style=\"font-weight: 400;\">Riepas protektors veidots asimetrisk\u0101 stil\u0101, padarot gaitu klus\u0101ku un komfortabl\u0101ku. Dizain\u0101 man\u0101mas nelielas virz\u012bta stila iez\u012bmes, kas pal\u012bdz riepai b\u016bt veiktsp\u0113j\u012bg\u0101kai snieg\u0101. Asimetriski izvietotajos protektora blokos bl\u012bvi iestr\u0101d\u0101ti vair\u0101ki t\u016bksto\u0161i lame\u013cu, kas ar as\u0101m kant\u0113m burtiski iec\u0113rtas ledus slidenaj\u0101 virsm\u0101, ar to veidojot sa\u0137eri.\u00a0<\/span> <span style=\"font-weight: 400;\">Sailwin Ice Winner 868 gumijas mais\u012bjumam pievienota virkne elastrom\u0113ru, kas riepai liek saglab\u0101t elast\u012bbu un, l\u012bdz ar to, augstus sa\u0137eres r\u0101d\u012bt\u0101jus pla\u0161\u0101 temperat\u016bru diapazon\u0101! Riepas saskares virsmu ar ce\u013cu sausina pla\u0161as dren\u0101\u017eas rievas, kas, tand\u0113m\u0101 ar lamel\u0113m, novada \u016bdeni un sniegu.<\/span> <b>Luxxan Commander W7<\/b><span style=\"font-weight: 400;\"> mode\u013ca lieto\u0161anas dro\u0161\u012bbu ziemas laika apst\u0101k\u013cos un t\u0101 atbilst\u012bbu valst\u012bm ar oblig\u0101tu sezon\u0101lo riepu mai\u0146u apstiprina mar\u0137\u0113jums sniegp\u0101rslas form\u0101 uz kalna fona ar trim virsotn\u0113m (3PMSF).<\/span> <span style=\"font-weight: 400;\"><\/span><span style=\"font-weight: 400;\">Z<\/span><span style=\"font-weight: 400;\">iemas riepa ar neticami labu veiktsp\u0113jas\/cenas attiec\u012bbu. Pieejamas MMK Riepu Centros par vislab\u0101kaj\u0101m cen\u0101m!<\/span><\/p>\n","protected":false},"excerpt":{"rendered":"<p><b>Luxxan Commander W7 <\/b><span style=\"font-weight: 400;\">\u00a0ir bud\u017eeta klases ziemas riepa, kas paredz\u0113ta vieglajiem auto. M\u016bsdien\u012bgas tehnolo\u0123ijas un virkne atjaut\u012bgu risin\u0101jumu, kas pielietoti \u0161\u012bs riepas izgatavo\u0161an\u0101, ir pal\u012bdz\u0113ju\u0161i izveidot uzticamu ziemas riepu modeli, kas uzr\u0101da p\u0101rliecino\u0161u veiktsp\u0113ju jebk\u0101dos ziemas apst\u0101k\u013cos.<\/span><\/p>\n","protected":false},"featured_media":1145213,"template":"","meta":{"_acf_changed":false,"ngg_post_thumbnail":0},"product_brand":[],"product_cat":[47,45],"product_tag":[],"class_list":{"0":"post-1144198","1":"product","2":"type-product","3":"status-publish","4":"has-post-thumbnail","6":"product_cat-vissezonas-riepas","7":"product_cat-ziemas-riepas","9":"first","10":"instock","11":"sale","12":"taxable","13":"shipping-taxable","14":"purchasable","15":"product-type-simple"},"acf":[],"yoast_head":"<!-- This site is optimized with the Yoast SEO Premium plugin v22.6 (Yoast SEO v27.3) - https:\/\/yoast.com\/product\/yoast-seo-premium-wordpress\/ -->\n<title>245\/70R16 Luxxan Commander W7 111T XL &#8226; MMK Riepas<\/title>\n<meta name=\"robots\" content=\"index, follow, max-snippet:-1, max-image-preview:large, max-video-preview:-1\" \/>\n<link rel=\"canonical\" href=\"https:\/\/mmkriepas.lv\/en\/p\/245-70r16-luxxan-commander-w7-111t-xl\/\" \/>\n<meta property=\"og:locale\" content=\"en_US\" \/>\n<meta property=\"og:type\" content=\"article\" \/>\n<meta property=\"og:title\" content=\"245\/70R16 Luxxan Commander W7 111T XL\" \/>\n<meta property=\"og:description\" content=\"Luxxan Commander W7 \u00a0ir bud\u017eeta klases ziemas riepa, kas paredz\u0113ta vieglajiem auto. M\u016bsdien\u012bgas tehnolo\u0123ijas un virkne atjaut\u012bgu risin\u0101jumu, kas pielietoti \u0161\u012bs riepas izgatavo\u0161an\u0101, ir pal\u012bdz\u0113ju\u0161i izveidot uzticamu ziemas riepu modeli, kas uzr\u0101da p\u0101rliecino\u0161u veiktsp\u0113ju jebk\u0101dos ziemas apst\u0101k\u013cos.\" \/>\n<meta property=\"og:url\" content=\"https:\/\/mmkriepas.lv\/en\/p\/245-70r16-luxxan-commander-w7-111t-xl\/\" \/>\n<meta property=\"og:site_name\" content=\"MMK Riepas\" \/>\n<meta property=\"article:publisher\" content=\"https:\/\/www.facebook.com\/mmkserviss\/\" \/>\n<meta property=\"article:modified_time\" content=\"2026-03-27T22:17:01+00:00\" \/>\n<meta property=\"og:image\" content=\"https:\/\/mmkriepas.lv\/wp-content\/uploads\/2024\/12\/LUXXAN-COMMANDER-W7.jpg\" \/>\n\t<meta property=\"og:image:width\" content=\"900\" \/>\n\t<meta property=\"og:image:height\" content=\"720\" \/>\n\t<meta property=\"og:image:type\" content=\"image\/jpeg\" \/>\n<meta name=\"twitter:card\" content=\"summary_large_image\" \/>\n<meta name=\"twitter:label1\" content=\"Price\" \/>\n\t<meta name=\"twitter:data1\" content=\"&euro;60.00\" \/>\n\t<meta name=\"twitter:label2\" content=\"Availability\" \/>\n\t<meta name=\"twitter:data2\" content=\"In stock\" \/>\n<script type=\"application\/ld+json\" class=\"yoast-schema-graph\">{\"@context\":\"https:\\\/\\\/schema.org\",\"@graph\":[{\"@type\":\"WebPage\",\"@id\":\"https:\\\/\\\/mmkriepas.lv\\\/en\\\/p\\\/245-70r16-luxxan-commander-w7-111t-xl\\\/\",\"url\":\"https:\\\/\\\/mmkriepas.lv\\\/en\\\/p\\\/245-70r16-luxxan-commander-w7-111t-xl\\\/\",\"name\":\"245\\\/70R16 Luxxan Commander W7 111T XL &#8226; MMK Riepas\",\"isPartOf\":{\"@id\":\"https:\\\/\\\/mmkriepas.lv\\\/en\\\/#website\"},\"primaryImageOfPage\":{\"@id\":\"https:\\\/\\\/mmkriepas.lv\\\/en\\\/p\\\/245-70r16-luxxan-commander-w7-111t-xl\\\/#primaryimage\"},\"image\":{\"@id\":\"https:\\\/\\\/mmkriepas.lv\\\/en\\\/p\\\/245-70r16-luxxan-commander-w7-111t-xl\\\/#primaryimage\"},\"thumbnailUrl\":\"https:\\\/\\\/mmkriepas.lv\\\/wp-content\\\/uploads\\\/2024\\\/12\\\/LUXXAN-COMMANDER-W7.jpg\",\"datePublished\":\"2024-12-14T09:49:37+00:00\",\"dateModified\":\"2026-03-27T22:17:01+00:00\",\"breadcrumb\":{\"@id\":\"https:\\\/\\\/mmkriepas.lv\\\/en\\\/p\\\/245-70r16-luxxan-commander-w7-111t-xl\\\/#breadcrumb\"},\"inLanguage\":\"en-US\",\"potentialAction\":[{\"@type\":\"ReadAction\",\"target\":[\"https:\\\/\\\/mmkriepas.lv\\\/en\\\/p\\\/245-70r16-luxxan-commander-w7-111t-xl\\\/\"]}]},{\"@type\":\"ImageObject\",\"inLanguage\":\"en-US\",\"@id\":\"https:\\\/\\\/mmkriepas.lv\\\/en\\\/p\\\/245-70r16-luxxan-commander-w7-111t-xl\\\/#primaryimage\",\"url\":\"https:\\\/\\\/mmkriepas.lv\\\/wp-content\\\/uploads\\\/2024\\\/12\\\/LUXXAN-COMMANDER-W7.jpg\",\"contentUrl\":\"https:\\\/\\\/mmkriepas.lv\\\/wp-content\\\/uploads\\\/2024\\\/12\\\/LUXXAN-COMMANDER-W7.jpg\",\"width\":900,\"height\":720,\"caption\":\"MAIN\"},{\"@type\":\"BreadcrumbList\",\"@id\":\"https:\\\/\\\/mmkriepas.lv\\\/en\\\/p\\\/245-70r16-luxxan-commander-w7-111t-xl\\\/#breadcrumb\",\"itemListElement\":[{\"@type\":\"ListItem\",\"position\":1,\"name\":\"S\u0101kums\",\"item\":\"https:\\\/\\\/mmkriepas.lv\\\/en\\\/\"},{\"@type\":\"ListItem\",\"position\":2,\"name\":\"245\\\/70R16 Luxxan Commander W7 111T XL\"}]},{\"@type\":\"WebSite\",\"@id\":\"https:\\\/\\\/mmkriepas.lv\\\/en\\\/#website\",\"url\":\"https:\\\/\\\/mmkriepas.lv\\\/en\\\/\",\"name\":\"MMK Riepas\",\"description\":\"MMK Riepas\",\"alternateName\":\"MMK Riepu Serviss\",\"potentialAction\":[{\"@type\":\"SearchAction\",\"target\":{\"@type\":\"EntryPoint\",\"urlTemplate\":\"https:\\\/\\\/mmkriepas.lv\\\/en\\\/?s={search_term_string}\"},\"query-input\":{\"@type\":\"PropertyValueSpecification\",\"valueRequired\":true,\"valueName\":\"search_term_string\"}}],\"inLanguage\":\"en-US\"},{\"@type\":\"ImageObject\",\"inLanguage\":\"en-US\",\"@id\":\"https:\\\/\\\/mmkriepas.lv\\\/en\\\/p\\\/245-70r16-luxxan-commander-w7-111t-xl\\\/#local-main-organization-logo\",\"url\":\"\",\"contentUrl\":\"\",\"caption\":\"MMK Riepas\"}]}<\/script>\n<meta property=\"product:brand\" content=\"Luxxan Commander W7\" \/>\n<meta property=\"product:price:amount\" content=\"60.00\" \/>\n<meta property=\"product:price:currency\" content=\"EUR\" \/>\n<meta property=\"og:availability\" content=\"instock\" \/>\n<meta property=\"product:availability\" content=\"instock\" \/>\n<meta property=\"product:retailer_item_id\" content=\"TW2457016LUXXA-42915\" \/>\n<meta property=\"product:condition\" content=\"new\" \/>\n<!-- \/ Yoast SEO Premium plugin. -->","yoast_head_json":{"title":"245\/70R16 Luxxan Commander W7 111T XL &#8226; MMK Riepas","robots":{"index":"index","follow":"follow","max-snippet":"max-snippet:-1","max-image-preview":"max-image-preview:large","max-video-preview":"max-video-preview:-1"},"canonical":"https:\/\/mmkriepas.lv\/en\/p\/245-70r16-luxxan-commander-w7-111t-xl\/","og_locale":"en_US","og_type":"article","og_title":"245\/70R16 Luxxan Commander W7 111T XL","og_description":"Luxxan Commander W7 \u00a0ir bud\u017eeta klases ziemas riepa, kas paredz\u0113ta vieglajiem auto. M\u016bsdien\u012bgas tehnolo\u0123ijas un virkne atjaut\u012bgu risin\u0101jumu, kas pielietoti \u0161\u012bs riepas izgatavo\u0161an\u0101, ir pal\u012bdz\u0113ju\u0161i izveidot uzticamu ziemas riepu modeli, kas uzr\u0101da p\u0101rliecino\u0161u veiktsp\u0113ju jebk\u0101dos ziemas apst\u0101k\u013cos.","og_url":"https:\/\/mmkriepas.lv\/en\/p\/245-70r16-luxxan-commander-w7-111t-xl\/","og_site_name":"MMK Riepas","article_publisher":"https:\/\/www.facebook.com\/mmkserviss\/","article_modified_time":"2026-03-27T22:17:01+00:00","og_image":[{"width":900,"height":720,"url":"https:\/\/mmkriepas.lv\/wp-content\/uploads\/2024\/12\/LUXXAN-COMMANDER-W7.jpg","type":"image\/jpeg"}],"twitter_card":"summary_large_image","twitter_misc":{"Price":"&euro;60.00","Availability":"In stock"},"schema":{"@context":"https:\/\/schema.org","@graph":[{"@type":"WebPage","@id":"https:\/\/mmkriepas.lv\/en\/p\/245-70r16-luxxan-commander-w7-111t-xl\/","url":"https:\/\/mmkriepas.lv\/en\/p\/245-70r16-luxxan-commander-w7-111t-xl\/","name":"245\/70R16 Luxxan Commander W7 111T XL &#8226; MMK Riepas","isPartOf":{"@id":"https:\/\/mmkriepas.lv\/en\/#website"},"primaryImageOfPage":{"@id":"https:\/\/mmkriepas.lv\/en\/p\/245-70r16-luxxan-commander-w7-111t-xl\/#primaryimage"},"image":{"@id":"https:\/\/mmkriepas.lv\/en\/p\/245-70r16-luxxan-commander-w7-111t-xl\/#primaryimage"},"thumbnailUrl":"https:\/\/mmkriepas.lv\/wp-content\/uploads\/2024\/12\/LUXXAN-COMMANDER-W7.jpg","datePublished":"2024-12-14T09:49:37+00:00","dateModified":"2026-03-27T22:17:01+00:00","breadcrumb":{"@id":"https:\/\/mmkriepas.lv\/en\/p\/245-70r16-luxxan-commander-w7-111t-xl\/#breadcrumb"},"inLanguage":"en-US","potentialAction":[{"@type":"ReadAction","target":["https:\/\/mmkriepas.lv\/en\/p\/245-70r16-luxxan-commander-w7-111t-xl\/"]}]},{"@type":"ImageObject","inLanguage":"en-US","@id":"https:\/\/mmkriepas.lv\/en\/p\/245-70r16-luxxan-commander-w7-111t-xl\/#primaryimage","url":"https:\/\/mmkriepas.lv\/wp-content\/uploads\/2024\/12\/LUXXAN-COMMANDER-W7.jpg","contentUrl":"https:\/\/mmkriepas.lv\/wp-content\/uploads\/2024\/12\/LUXXAN-COMMANDER-W7.jpg","width":900,"height":720,"caption":"MAIN"},{"@type":"BreadcrumbList","@id":"https:\/\/mmkriepas.lv\/en\/p\/245-70r16-luxxan-commander-w7-111t-xl\/#breadcrumb","itemListElement":[{"@type":"ListItem","position":1,"name":"S\u0101kums","item":"https:\/\/mmkriepas.lv\/en\/"},{"@type":"ListItem","position":2,"name":"245\/70R16 Luxxan Commander W7 111T XL"}]},{"@type":"WebSite","@id":"https:\/\/mmkriepas.lv\/en\/#website","url":"https:\/\/mmkriepas.lv\/en\/","name":"MMK Riepas","description":"MMK Riepas","alternateName":"MMK Riepu Serviss","potentialAction":[{"@type":"SearchAction","target":{"@type":"EntryPoint","urlTemplate":"https:\/\/mmkriepas.lv\/en\/?s={search_term_string}"},"query-input":{"@type":"PropertyValueSpecification","valueRequired":true,"valueName":"search_term_string"}}],"inLanguage":"en-US"},{"@type":"ImageObject","inLanguage":"en-US","@id":"https:\/\/mmkriepas.lv\/en\/p\/245-70r16-luxxan-commander-w7-111t-xl\/#local-main-organization-logo","url":"","contentUrl":"","caption":"MMK Riepas"}]},"product_brand":"Luxxan Commander W7","product_price_amount":"60.00","product_price_currency":"EUR","og_availability":"instock","product_availability":"instock","product_retailer_item_id":"TW2457016LUXXA-42915","product_condition":"new"},"_links":{"self":[{"href":"https:\/\/mmkriepas.lv\/en\/wp-json\/wp\/v2\/product\/1144198","targetHints":{"allow":["GET"]}}],"collection":[{"href":"https:\/\/mmkriepas.lv\/en\/wp-json\/wp\/v2\/product"}],"about":[{"href":"https:\/\/mmkriepas.lv\/en\/wp-json\/wp\/v2\/types\/product"}],"wp:featuredmedia":[{"embeddable":true,"href":"https:\/\/mmkriepas.lv\/en\/wp-json\/wp\/v2\/media\/1145213"}],"wp:attachment":[{"href":"https:\/\/mmkriepas.lv\/en\/wp-json\/wp\/v2\/media?parent=1144198"}],"wp:term":[{"taxonomy":"product_brand","embeddable":true,"href":"https:\/\/mmkriepas.lv\/en\/wp-json\/wp\/v2\/product_brand?post=1144198"},{"taxonomy":"product_cat","embeddable":true,"href":"https:\/\/mmkriepas.lv\/en\/wp-json\/wp\/v2\/product_cat?post=1144198"},{"taxonomy":"product_tag","embeddable":true,"href":"https:\/\/mmkriepas.lv\/en\/wp-json\/wp\/v2\/product_tag?post=1144198"}],"curies":[{"name":"wp","href":"https:\/\/api.w.org\/{rel}","templated":true}]}}