{"id":1143728,"date":"2024-12-12T16:08:11","date_gmt":"2024-12-12T14:08:11","guid":{"rendered":"https:\/\/mmkriepas.lv\/?post_type=product&#038;p=1143728"},"modified":"2026-02-14T00:37:07","modified_gmt":"2026-02-13T22:37:07","slug":"215-55r17-royal-black-royal-winter-uhp-98v-xl","status":"publish","type":"product","link":"https:\/\/mmkriepas.lv\/en\/p\/215-55r17-royal-black-royal-winter-uhp-98v-xl\/","title":{"rendered":"215\/55R17 Royal Black Royal Winter UHP 98V XL"},"content":{"rendered":"<p><strong>Royal Black Royal Winter UHP<\/strong> ir ziemas riepu modelis, kas paredz\u0113ts vieglajam autotransportam. Tas izce\u013cas ar \u012bpa\u0161u virzien veida protektora rakstu un augst\u0101m veiktsp\u0113jas \u012bpa\u0161\u012bb\u0101m uz apledoju\u0161iem un apsnigu\u0161iem ce\u013ciem, k\u0101 ar\u012b gludu, komfortablu un <strong>ekonomisku<\/strong> gaitu.<\/p>\n<h3>Royal Black Royal Winter UHP galven\u0101s iez\u012bmes<\/h3>\n<ul>\n<li>Palielin\u0101ta ilgtsp\u0113ja!<\/li>\n<li>\u0160is modelis lieliski adapt\u0113jas da\u017e\u0101diem brauk\u0161anas apst\u0101k\u013ciem un \u0101trumiem!<\/li>\n<li>Vair\u0101ki t\u016bksto\u0161i lame\u013cu uzlabo sa\u0137eri ar pat vissliden\u0101kaj\u0101m ce\u013ca virsm\u0101m.<\/li>\n<li>Z\u0101\u0123veida dren\u0101\u017eas kan\u0101li uzlabo veiktsp\u0113ju snieg\u0101!<\/li>\n<li><strong>Degvielas ekonomija!<\/strong><\/li>\n<li>Laba cenas\/veiktsp\u0113jas attiec\u012bba!<\/li>\n<\/ul>\n<h3>\u012apa\u0161ais gumijas mais\u012bjums<\/h3>\n<p>Royal Black Royal Winter UHP riepa darin\u0101ta no gumijas mais\u012bjuma, kas bag\u0101tin\u0101ts ar sil\u012bciju, padarot riepu elast\u012bgu un liekot tai elast\u012bbu saglab\u0101t pla\u0161\u0101 temperat\u016bru diapazon\u0101. Turkl\u0101t, riepa palikusi ar\u012b nodilumiztur\u012bg\u0101ka un ar to var\u0113siet p\u0101rvietoties par l\u012bdz pat 15% ilg\u0101k. Elast\u012bga riepa daudz lab\u0101k veido sa\u0137eri ar ce\u013ca virsmu.<\/p>\n<h3>Royal Black Royal Winter UHP apr\u012bkojums<\/h3>\n<p>Ar vair\u0101kiem t\u016bksto\u0161iem bl\u012bvi izvietotu. Tas dar\u012bts ar m\u0113r\u0137i brauciena gaitu padar\u012bt klus\u0101ku un ekonomisk\u0101ku. Starp protektora bloku virkn\u0113m atrodas platas dren\u0101\u017eas rievas, kuras izcili tiek gal\u0101 ar sniega un \u016bdens novadi, sausinot kontakta virsmu.<\/p>\n","protected":false},"excerpt":{"rendered":"<p><b><span style=\"font-size: 11.0pt; font-family: 'Arial',sans-serif; color: black;\">Royal Black Royal Winter UHP<\/span><\/b><span style=\"font-size: 11.0pt; font-family: 'Arial',sans-serif; color: black;\"> ir vissezonas\/ziemas riepu modelis, kas izce\u013cas ar augstu veiktsp\u0113ju pla\u0161\u0101 brauk\u0161anas apst\u0101k\u013cu diapazon\u0101, k\u0101 ar\u012b teicamu cenas un veiktsp\u0113jas attiec\u012bbu. Asimetriskais protektora raksts samazina akvaplan\u0113\u0161anas risku un nodro\u0161ina uzlabotu akustisko komfortu, bet protektora blokos bl\u012bvi iestr\u0101d\u0101t\u0101s lameles &#8211; izcilu veiktsp\u0113ju ziemas apst\u0101k\u013cos.<\/span><\/p>\n","protected":false},"featured_media":310774,"template":"","meta":{"_acf_changed":false,"ngg_post_thumbnail":0},"product_brand":[],"product_cat":[47,45],"product_tag":[],"class_list":{"0":"post-1143728","1":"product","2":"type-product","3":"status-publish","4":"has-post-thumbnail","6":"product_cat-vissezonas-riepas","7":"product_cat-ziemas-riepas","9":"first","10":"outofstock","11":"sale","12":"taxable","13":"shipping-taxable","14":"product-type-simple"},"acf":[],"yoast_head":"<!-- This site is optimized with the Yoast SEO Premium plugin v22.6 (Yoast SEO v27.3) - https:\/\/yoast.com\/product\/yoast-seo-premium-wordpress\/ -->\n<title>215\/55R17 Royal Black Royal Winter UHP 98V XL &#8226; MMK Riepas<\/title>\n<meta name=\"robots\" content=\"index, follow, max-snippet:-1, max-image-preview:large, max-video-preview:-1\" \/>\n<link rel=\"canonical\" href=\"https:\/\/mmkriepas.lv\/en\/p\/215-55r17-royal-black-royal-winter-uhp-98v-xl\/\" \/>\n<meta property=\"og:locale\" content=\"en_US\" \/>\n<meta property=\"og:type\" content=\"article\" \/>\n<meta property=\"og:title\" content=\"215\/55R17 Royal Black Royal Winter UHP 98V XL\" \/>\n<meta property=\"og:description\" content=\"Royal Black Royal Winter UHP ir vissezonas\/ziemas riepu modelis, kas izce\u013cas ar augstu veiktsp\u0113ju pla\u0161\u0101 brauk\u0161anas apst\u0101k\u013cu diapazon\u0101, k\u0101 ar\u012b teicamu cenas un veiktsp\u0113jas attiec\u012bbu. Asimetriskais protektora raksts samazina akvaplan\u0113\u0161anas risku un nodro\u0161ina uzlabotu akustisko komfortu, bet protektora blokos bl\u012bvi iestr\u0101d\u0101t\u0101s lameles - izcilu veiktsp\u0113ju ziemas apst\u0101k\u013cos.\" \/>\n<meta property=\"og:url\" content=\"https:\/\/mmkriepas.lv\/en\/p\/215-55r17-royal-black-royal-winter-uhp-98v-xl\/\" \/>\n<meta property=\"og:site_name\" content=\"MMK Riepas\" \/>\n<meta property=\"article:publisher\" content=\"https:\/\/www.facebook.com\/mmkserviss\/\" \/>\n<meta property=\"article:modified_time\" content=\"2026-02-13T22:37:07+00:00\" \/>\n<meta property=\"og:image\" content=\"https:\/\/mmkriepas.lv\/wp-content\/uploads\/2022\/08\/25540r19-royal-black-royal-winter-uhp-100v-xl-ziemas-riepas.jpg\" \/>\n\t<meta property=\"og:image:width\" content=\"1920\" \/>\n\t<meta property=\"og:image:height\" content=\"1278\" \/>\n\t<meta property=\"og:image:type\" content=\"image\/jpeg\" \/>\n<meta name=\"twitter:card\" content=\"summary_large_image\" \/>\n<meta name=\"twitter:label1\" content=\"Price\" \/>\n\t<meta name=\"twitter:data1\" content=\"&euro;49.00\" \/>\n\t<meta name=\"twitter:label2\" content=\"Availability\" \/>\n\t<meta name=\"twitter:data2\" content=\"Out of stock\" \/>\n<script type=\"application\/ld+json\" class=\"yoast-schema-graph\">{\"@context\":\"https:\\\/\\\/schema.org\",\"@graph\":[{\"@type\":\"WebPage\",\"@id\":\"https:\\\/\\\/mmkriepas.lv\\\/en\\\/p\\\/215-55r17-royal-black-royal-winter-uhp-98v-xl\\\/\",\"url\":\"https:\\\/\\\/mmkriepas.lv\\\/en\\\/p\\\/215-55r17-royal-black-royal-winter-uhp-98v-xl\\\/\",\"name\":\"215\\\/55R17 Royal Black Royal Winter UHP 98V XL &#8226; MMK Riepas\",\"isPartOf\":{\"@id\":\"https:\\\/\\\/mmkriepas.lv\\\/en\\\/#website\"},\"primaryImageOfPage\":{\"@id\":\"https:\\\/\\\/mmkriepas.lv\\\/en\\\/p\\\/215-55r17-royal-black-royal-winter-uhp-98v-xl\\\/#primaryimage\"},\"image\":{\"@id\":\"https:\\\/\\\/mmkriepas.lv\\\/en\\\/p\\\/215-55r17-royal-black-royal-winter-uhp-98v-xl\\\/#primaryimage\"},\"thumbnailUrl\":\"https:\\\/\\\/mmkriepas.lv\\\/wp-content\\\/uploads\\\/2022\\\/08\\\/25540r19-royal-black-royal-winter-uhp-100v-xl-ziemas-riepas.jpg\",\"datePublished\":\"2024-12-12T14:08:11+00:00\",\"dateModified\":\"2026-02-13T22:37:07+00:00\",\"breadcrumb\":{\"@id\":\"https:\\\/\\\/mmkriepas.lv\\\/en\\\/p\\\/215-55r17-royal-black-royal-winter-uhp-98v-xl\\\/#breadcrumb\"},\"inLanguage\":\"en-US\",\"potentialAction\":[{\"@type\":\"ReadAction\",\"target\":[\"https:\\\/\\\/mmkriepas.lv\\\/en\\\/p\\\/215-55r17-royal-black-royal-winter-uhp-98v-xl\\\/\"]}]},{\"@type\":\"ImageObject\",\"inLanguage\":\"en-US\",\"@id\":\"https:\\\/\\\/mmkriepas.lv\\\/en\\\/p\\\/215-55r17-royal-black-royal-winter-uhp-98v-xl\\\/#primaryimage\",\"url\":\"https:\\\/\\\/mmkriepas.lv\\\/wp-content\\\/uploads\\\/2022\\\/08\\\/25540r19-royal-black-royal-winter-uhp-100v-xl-ziemas-riepas.jpg\",\"contentUrl\":\"https:\\\/\\\/mmkriepas.lv\\\/wp-content\\\/uploads\\\/2022\\\/08\\\/25540r19-royal-black-royal-winter-uhp-100v-xl-ziemas-riepas.jpg\",\"width\":1920,\"height\":1278,\"caption\":\"MAIN\"},{\"@type\":\"BreadcrumbList\",\"@id\":\"https:\\\/\\\/mmkriepas.lv\\\/en\\\/p\\\/215-55r17-royal-black-royal-winter-uhp-98v-xl\\\/#breadcrumb\",\"itemListElement\":[{\"@type\":\"ListItem\",\"position\":1,\"name\":\"S\u0101kums\",\"item\":\"https:\\\/\\\/mmkriepas.lv\\\/en\\\/\"},{\"@type\":\"ListItem\",\"position\":2,\"name\":\"215\\\/55R17 Royal Black Royal Winter UHP 98V XL\"}]},{\"@type\":\"WebSite\",\"@id\":\"https:\\\/\\\/mmkriepas.lv\\\/en\\\/#website\",\"url\":\"https:\\\/\\\/mmkriepas.lv\\\/en\\\/\",\"name\":\"MMK Riepas\",\"description\":\"MMK Riepas\",\"alternateName\":\"MMK Riepu Serviss\",\"potentialAction\":[{\"@type\":\"SearchAction\",\"target\":{\"@type\":\"EntryPoint\",\"urlTemplate\":\"https:\\\/\\\/mmkriepas.lv\\\/en\\\/?s={search_term_string}\"},\"query-input\":{\"@type\":\"PropertyValueSpecification\",\"valueRequired\":true,\"valueName\":\"search_term_string\"}}],\"inLanguage\":\"en-US\"},{\"@type\":\"ImageObject\",\"inLanguage\":\"en-US\",\"@id\":\"https:\\\/\\\/mmkriepas.lv\\\/en\\\/p\\\/215-55r17-royal-black-royal-winter-uhp-98v-xl\\\/#local-main-organization-logo\",\"url\":\"\",\"contentUrl\":\"\",\"caption\":\"MMK Riepas\"}]}<\/script>\n<meta property=\"product:brand\" content=\"Royal Black Royal Winter UHP\" \/>\n<meta property=\"product:price:amount\" content=\"49.00\" \/>\n<meta property=\"product:price:currency\" content=\"EUR\" \/>\n<meta property=\"og:availability\" content=\"out of stock\" \/>\n<meta property=\"product:availability\" content=\"out of stock\" \/>\n<meta property=\"product:retailer_item_id\" content=\"TW2155517ROYAL-42812\" \/>\n<meta property=\"product:condition\" content=\"new\" \/>\n<!-- \/ Yoast SEO Premium plugin. -->","yoast_head_json":{"title":"215\/55R17 Royal Black Royal Winter UHP 98V XL &#8226; MMK Riepas","robots":{"index":"index","follow":"follow","max-snippet":"max-snippet:-1","max-image-preview":"max-image-preview:large","max-video-preview":"max-video-preview:-1"},"canonical":"https:\/\/mmkriepas.lv\/en\/p\/215-55r17-royal-black-royal-winter-uhp-98v-xl\/","og_locale":"en_US","og_type":"article","og_title":"215\/55R17 Royal Black Royal Winter UHP 98V XL","og_description":"Royal Black Royal Winter UHP ir vissezonas\/ziemas riepu modelis, kas izce\u013cas ar augstu veiktsp\u0113ju pla\u0161\u0101 brauk\u0161anas apst\u0101k\u013cu diapazon\u0101, k\u0101 ar\u012b teicamu cenas un veiktsp\u0113jas attiec\u012bbu. Asimetriskais protektora raksts samazina akvaplan\u0113\u0161anas risku un nodro\u0161ina uzlabotu akustisko komfortu, bet protektora blokos bl\u012bvi iestr\u0101d\u0101t\u0101s lameles - izcilu veiktsp\u0113ju ziemas apst\u0101k\u013cos.","og_url":"https:\/\/mmkriepas.lv\/en\/p\/215-55r17-royal-black-royal-winter-uhp-98v-xl\/","og_site_name":"MMK Riepas","article_publisher":"https:\/\/www.facebook.com\/mmkserviss\/","article_modified_time":"2026-02-13T22:37:07+00:00","og_image":[{"width":1920,"height":1278,"url":"https:\/\/mmkriepas.lv\/wp-content\/uploads\/2022\/08\/25540r19-royal-black-royal-winter-uhp-100v-xl-ziemas-riepas.jpg","type":"image\/jpeg"}],"twitter_card":"summary_large_image","twitter_misc":{"Price":"&euro;49.00","Availability":"Out of stock"},"schema":{"@context":"https:\/\/schema.org","@graph":[{"@type":"WebPage","@id":"https:\/\/mmkriepas.lv\/en\/p\/215-55r17-royal-black-royal-winter-uhp-98v-xl\/","url":"https:\/\/mmkriepas.lv\/en\/p\/215-55r17-royal-black-royal-winter-uhp-98v-xl\/","name":"215\/55R17 Royal Black Royal Winter UHP 98V XL &#8226; MMK Riepas","isPartOf":{"@id":"https:\/\/mmkriepas.lv\/en\/#website"},"primaryImageOfPage":{"@id":"https:\/\/mmkriepas.lv\/en\/p\/215-55r17-royal-black-royal-winter-uhp-98v-xl\/#primaryimage"},"image":{"@id":"https:\/\/mmkriepas.lv\/en\/p\/215-55r17-royal-black-royal-winter-uhp-98v-xl\/#primaryimage"},"thumbnailUrl":"https:\/\/mmkriepas.lv\/wp-content\/uploads\/2022\/08\/25540r19-royal-black-royal-winter-uhp-100v-xl-ziemas-riepas.jpg","datePublished":"2024-12-12T14:08:11+00:00","dateModified":"2026-02-13T22:37:07+00:00","breadcrumb":{"@id":"https:\/\/mmkriepas.lv\/en\/p\/215-55r17-royal-black-royal-winter-uhp-98v-xl\/#breadcrumb"},"inLanguage":"en-US","potentialAction":[{"@type":"ReadAction","target":["https:\/\/mmkriepas.lv\/en\/p\/215-55r17-royal-black-royal-winter-uhp-98v-xl\/"]}]},{"@type":"ImageObject","inLanguage":"en-US","@id":"https:\/\/mmkriepas.lv\/en\/p\/215-55r17-royal-black-royal-winter-uhp-98v-xl\/#primaryimage","url":"https:\/\/mmkriepas.lv\/wp-content\/uploads\/2022\/08\/25540r19-royal-black-royal-winter-uhp-100v-xl-ziemas-riepas.jpg","contentUrl":"https:\/\/mmkriepas.lv\/wp-content\/uploads\/2022\/08\/25540r19-royal-black-royal-winter-uhp-100v-xl-ziemas-riepas.jpg","width":1920,"height":1278,"caption":"MAIN"},{"@type":"BreadcrumbList","@id":"https:\/\/mmkriepas.lv\/en\/p\/215-55r17-royal-black-royal-winter-uhp-98v-xl\/#breadcrumb","itemListElement":[{"@type":"ListItem","position":1,"name":"S\u0101kums","item":"https:\/\/mmkriepas.lv\/en\/"},{"@type":"ListItem","position":2,"name":"215\/55R17 Royal Black Royal Winter UHP 98V XL"}]},{"@type":"WebSite","@id":"https:\/\/mmkriepas.lv\/en\/#website","url":"https:\/\/mmkriepas.lv\/en\/","name":"MMK Riepas","description":"MMK Riepas","alternateName":"MMK Riepu Serviss","potentialAction":[{"@type":"SearchAction","target":{"@type":"EntryPoint","urlTemplate":"https:\/\/mmkriepas.lv\/en\/?s={search_term_string}"},"query-input":{"@type":"PropertyValueSpecification","valueRequired":true,"valueName":"search_term_string"}}],"inLanguage":"en-US"},{"@type":"ImageObject","inLanguage":"en-US","@id":"https:\/\/mmkriepas.lv\/en\/p\/215-55r17-royal-black-royal-winter-uhp-98v-xl\/#local-main-organization-logo","url":"","contentUrl":"","caption":"MMK Riepas"}]},"product_brand":"Royal Black Royal Winter UHP","product_price_amount":"49.00","product_price_currency":"EUR","og_availability":"out of stock","product_availability":"out of stock","product_retailer_item_id":"TW2155517ROYAL-42812","product_condition":"new"},"_links":{"self":[{"href":"https:\/\/mmkriepas.lv\/en\/wp-json\/wp\/v2\/product\/1143728","targetHints":{"allow":["GET"]}}],"collection":[{"href":"https:\/\/mmkriepas.lv\/en\/wp-json\/wp\/v2\/product"}],"about":[{"href":"https:\/\/mmkriepas.lv\/en\/wp-json\/wp\/v2\/types\/product"}],"wp:featuredmedia":[{"embeddable":true,"href":"https:\/\/mmkriepas.lv\/en\/wp-json\/wp\/v2\/media\/310774"}],"wp:attachment":[{"href":"https:\/\/mmkriepas.lv\/en\/wp-json\/wp\/v2\/media?parent=1143728"}],"wp:term":[{"taxonomy":"product_brand","embeddable":true,"href":"https:\/\/mmkriepas.lv\/en\/wp-json\/wp\/v2\/product_brand?post=1143728"},{"taxonomy":"product_cat","embeddable":true,"href":"https:\/\/mmkriepas.lv\/en\/wp-json\/wp\/v2\/product_cat?post=1143728"},{"taxonomy":"product_tag","embeddable":true,"href":"https:\/\/mmkriepas.lv\/en\/wp-json\/wp\/v2\/product_tag?post=1143728"}],"curies":[{"name":"wp","href":"https:\/\/api.w.org\/{rel}","templated":true}]}}