{"id":1142971,"date":"2024-12-10T16:46:53","date_gmt":"2024-12-10T14:46:53","guid":{"rendered":"https:\/\/mmkriepas.lv\/?post_type=product&#038;p=1142971"},"modified":"2026-03-22T12:24:59","modified_gmt":"2026-03-22T10:24:59","slug":"215-60r16-nokian-wr-d4-99h-xl-3","status":"publish","type":"product","link":"https:\/\/mmkriepas.lv\/en\/p\/215-60r16-nokian-wr-d4-99h-xl-3\/","title":{"rendered":"215\/60R16 Nokian WR D4 99H XL"},"content":{"rendered":"<p><span>Premium klases riepas. Nokian riepas &#8211; <strong>izcila kvalit\u0101te par labu cenu!<\/strong><\/span> Nokian riepas Latvij\u0101 \u013coti veiksm\u012bgi darbojas jau tre\u0161o dek\u0101di. Tas ir vien\u012bgais riepu ra\u017eot\u0101js pasaul\u0113, kas <strong>specializ\u0113jas uz ziemas riepu izstr\u0101di skarbajiem Zieme\u013cvalstu ziemas apst\u0101k\u013ciem<\/strong>. Latvijas ziemas\u00a0 nereti ir \u013coti tuvu skandin\u0101vijas laikapst\u0101k\u013cu tipam, kas, visticam\u0101k, ar\u012b ir kalpojis par iemeslu veiksm\u012bgai z\u012bmola darb\u012bbai Baltijas valst\u012bs. Galvenais uz\u0146\u0113mums, kas atrodas Nokia pils\u0113t\u0101, gad\u0101 sara\u017eo 4 000 000 riepu. Otr\u0101 r\u016bpn\u012bca Vsevolo\u017esk\u0101 (Krievija) gad\u0101 sara\u017eo 8 miljonus riepu. Net\u0101lu no Sanktp\u0113terburgas ir pl\u0101nots atv\u0113rt v\u0113l vienu r\u016bpn\u012bcu, t\u0101dej\u0101di nostiprinot poz\u012bcijas Zieme\u013ceiropas un biju\u0161\u0101s PSRS teritorij\u0101. <a href=\"https:\/\/mmkriepas.lv\/riepas\/nokian\/\">Nokian<\/a> \u0161obr\u012bd ir liel\u0101kais riepu ra\u017eot\u0101js Zieme\u013ceirop\u0101. <strong>Nokian WR D4<\/strong> ir Centr\u0101leiropas tipa jeb ciet\u0101 sast\u0101va ziemas riepa, kas izstr\u0101d\u0101ta, \u0146emot v\u0113r\u0101 Centr\u0101leiropas ziemas laikapst\u0101k\u013cu specifiku. Viena no galvenaj\u0101m at\u0161\u0137ir\u012bb\u0101m no iepriek\u0161\u0113j\u0101s paaudzes mode\u013ciem ir jaunums no Nokian- lamel\u0113\u0161anas tehnolo\u0123ija <strong>NokianBlock Optimized Siped<\/strong>. Somiem ir izdevies samazin\u0101t att\u0101lumus starp lamel\u0113m, palielinot to skaitu, kas pal\u012bdz \u0161\u012bm riep\u0101m saglab\u0101t veiktsp\u0113ju uz apledoju\u0161im ce\u013ciem augst\u0101k\u0101 l\u012bmen\u012b k\u0101 jebkad iepriek\u0161. Rezult\u0101t\u0101, Nokian WR D4 ir pasaul\u0113 pirm\u0101 riepa, kas p\u0113c Eiropas Savien\u012bbas riepu mar\u0137\u0113juma ir ieguvusi A klasi sa\u0137erei uz slapj\u0101m virsm\u0101m.<\/p>\n<h3><strong>Nokian WR D4 galven\u0101s iez\u012bmes<\/strong><\/h3>\n<p>+NokianBlock Optimized Siped tehnolo\u0123ija nodro\u0161ina dro\u0161\u012bbu pat uz apledoju\u0161iem ce\u013ciem! +Nep\u0101rtraukt\u0101 centr\u0101l\u0101 riba protektora rakst\u0101 uzlabo manevr\u0113tsp\u0113ju pat lielos \u0101trumos! +Protektora bloki, tand\u0113m\u0101 ar lamel\u0113m, b\u016btiski uzlabo sa\u0137eri uz\u0146emot \u0101trumu ziemas apst\u0101k\u013cos!<\/p>\n<h3>Nokian WR D4 centr\u0101l\u0101 protektora riba\u00a0<\/h3>\n<p>Nokian WR D4 centr\u0101l\u0101 protektora riba ir nep\u0101rtraukta, ar riev\u0101m, kas neaiziet dzi\u013c\u0101k par riepas simetrisko centru. Tas nodro\u0161ina augst\u0101kus manevr\u0113tsp\u0113jas r\u0101d\u012bt\u0101jus. Braucot liel\u0101k\u0101 \u0101trum\u0101, auto b\u016bs daudz atsauc\u012bg\u0101ks, izpildot vad\u012bt\u0101ja manevrus.<\/p>\n<h3>Nokian WR D4 uzlabot\u0101 sa\u0137ere snieg\u0101<\/h3>\n<p>Sa\u0137eri snieg\u0101 b\u016btiski uzlabo protektora bloku izvietojums. Tajos izvietoti t\u016bksto\u0161iem lame\u013cu, kuras stiepjas vis\u0101 kontaktvirsmas garum\u0101. \u0160o \u012bpa\u0161\u012bbu salikums \u013cauj Nokian WR D4 uzr\u0101d\u012bt augst\u0101kos r\u0101d\u012bt\u0101jus sav\u0101 klas\u0113, ja runa ir par brauk\u0161anu snieg\u0101.<\/p>\n<h3><a href=\"https:\/\/mmkriepas.lv\/riepas\/nokian\/ziemas\/\">Nokian WR D4<\/a> piem\u0113rot\u012bba Latvijas apst\u0101k\u013ciem<\/h3>\n<p>Nokian WR D4 ir riepa, kas ir \u012bpa\u0161i rad\u012bta Centr\u0101leiropas klimatam, t\u0101 izcili darbojas uz slapj\u0101 pils\u0113tas asfalta, turkl\u0101t Nokian ir veiku\u0161i b\u016btiskus uzlabojumus, kuri \u013cauj \u0161ai riepai saglab\u0101t augstus r\u0101d\u012bt\u0101jus ar\u012b skarb\u0101kos ziemas apst\u0101k\u013cos. <strong>Nokian WR D4<\/strong> tika \u012bpa\u0161i paredz\u0113ts Eiropas tirgum, \u0146emot v\u0113r\u0101 to laikapst\u0101k\u013cu daudzveid\u012bbu, ar kuru saskar\u0101s Eiropas iedz\u012bvot\u0101ji visos t\u0101s platuma gr\u0101dos.<\/p>\n","protected":false},"excerpt":{"rendered":"<p>Premium klases riepas. Nokian riepas &#8211; izcila kvalit\u0101te par labu cenu! Nokian riepas Latvij\u0101 \u013coti veiksm\u012bgi darbojas jau tre\u0161o dek\u0101di. Tas ir vien\u012bgais riepu ra\u017eot\u0101js pasaul\u0113, kas specializ\u0113jas uz ziemas<\/p>\n","protected":false},"featured_media":70629,"template":"","meta":{"_acf_changed":false,"ngg_post_thumbnail":0},"product_brand":[],"product_cat":[47,45],"product_tag":[],"class_list":{"0":"post-1142971","1":"product","2":"type-product","3":"status-publish","4":"has-post-thumbnail","6":"product_cat-vissezonas-riepas","7":"product_cat-ziemas-riepas","9":"first","10":"instock","11":"sale","12":"taxable","13":"shipping-taxable","14":"purchasable","15":"product-type-simple"},"acf":[],"yoast_head":"<!-- This site is optimized with the Yoast SEO Premium plugin v22.6 (Yoast SEO v27.3) - https:\/\/yoast.com\/product\/yoast-seo-premium-wordpress\/ -->\n<title>215\/60R16 Nokian WR D4 99H XL &#8226; MMK Riepas<\/title>\n<meta name=\"robots\" content=\"index, follow, max-snippet:-1, max-image-preview:large, max-video-preview:-1\" \/>\n<link rel=\"canonical\" href=\"https:\/\/mmkriepas.lv\/en\/p\/215-60r16-nokian-wr-d4-99h-xl-3\/\" \/>\n<meta property=\"og:locale\" content=\"en_US\" \/>\n<meta property=\"og:type\" content=\"article\" \/>\n<meta property=\"og:title\" content=\"215\/60R16 Nokian WR D4 99H XL\" \/>\n<meta property=\"og:description\" content=\"Premium klases riepas. Nokian riepas &#8211; izcila kvalit\u0101te par labu cenu! Nokian riepas Latvij\u0101 \u013coti veiksm\u012bgi darbojas jau tre\u0161o dek\u0101di. Tas ir vien\u012bgais riepu ra\u017eot\u0101js pasaul\u0113, kas specializ\u0113jas uz ziemas\" \/>\n<meta property=\"og:url\" content=\"https:\/\/mmkriepas.lv\/en\/p\/215-60r16-nokian-wr-d4-99h-xl-3\/\" \/>\n<meta property=\"og:site_name\" content=\"MMK Riepas\" \/>\n<meta property=\"article:publisher\" content=\"https:\/\/www.facebook.com\/mmkserviss\/\" \/>\n<meta property=\"article:modified_time\" content=\"2026-03-22T10:24:59+00:00\" \/>\n<meta property=\"og:image\" content=\"https:\/\/mmkriepas.lv\/wp-content\/uploads\/2018\/09\/20550r17-nokian-wr-d4-93v-ziemas-riepas.jpg\" \/>\n\t<meta property=\"og:image:width\" content=\"1920\" \/>\n\t<meta property=\"og:image:height\" content=\"1280\" \/>\n\t<meta property=\"og:image:type\" content=\"image\/jpeg\" \/>\n<meta name=\"twitter:card\" content=\"summary_large_image\" \/>\n<meta name=\"twitter:label1\" content=\"Price\" \/>\n\t<meta name=\"twitter:data1\" content=\"&euro;73.00\" \/>\n\t<meta name=\"twitter:label2\" content=\"Availability\" \/>\n\t<meta name=\"twitter:data2\" content=\"In stock\" \/>\n<script type=\"application\/ld+json\" class=\"yoast-schema-graph\">{\"@context\":\"https:\\\/\\\/schema.org\",\"@graph\":[{\"@type\":\"WebPage\",\"@id\":\"https:\\\/\\\/mmkriepas.lv\\\/en\\\/p\\\/215-60r16-nokian-wr-d4-99h-xl-3\\\/\",\"url\":\"https:\\\/\\\/mmkriepas.lv\\\/en\\\/p\\\/215-60r16-nokian-wr-d4-99h-xl-3\\\/\",\"name\":\"215\\\/60R16 Nokian WR D4 99H XL &#8226; MMK Riepas\",\"isPartOf\":{\"@id\":\"https:\\\/\\\/mmkriepas.lv\\\/en\\\/#website\"},\"primaryImageOfPage\":{\"@id\":\"https:\\\/\\\/mmkriepas.lv\\\/en\\\/p\\\/215-60r16-nokian-wr-d4-99h-xl-3\\\/#primaryimage\"},\"image\":{\"@id\":\"https:\\\/\\\/mmkriepas.lv\\\/en\\\/p\\\/215-60r16-nokian-wr-d4-99h-xl-3\\\/#primaryimage\"},\"thumbnailUrl\":\"https:\\\/\\\/mmkriepas.lv\\\/wp-content\\\/uploads\\\/2018\\\/09\\\/20550r17-nokian-wr-d4-93v-ziemas-riepas.jpg\",\"datePublished\":\"2024-12-10T14:46:53+00:00\",\"dateModified\":\"2026-03-22T10:24:59+00:00\",\"breadcrumb\":{\"@id\":\"https:\\\/\\\/mmkriepas.lv\\\/en\\\/p\\\/215-60r16-nokian-wr-d4-99h-xl-3\\\/#breadcrumb\"},\"inLanguage\":\"en-US\",\"potentialAction\":[{\"@type\":\"ReadAction\",\"target\":[\"https:\\\/\\\/mmkriepas.lv\\\/en\\\/p\\\/215-60r16-nokian-wr-d4-99h-xl-3\\\/\"]}]},{\"@type\":\"ImageObject\",\"inLanguage\":\"en-US\",\"@id\":\"https:\\\/\\\/mmkriepas.lv\\\/en\\\/p\\\/215-60r16-nokian-wr-d4-99h-xl-3\\\/#primaryimage\",\"url\":\"https:\\\/\\\/mmkriepas.lv\\\/wp-content\\\/uploads\\\/2018\\\/09\\\/20550r17-nokian-wr-d4-93v-ziemas-riepas.jpg\",\"contentUrl\":\"https:\\\/\\\/mmkriepas.lv\\\/wp-content\\\/uploads\\\/2018\\\/09\\\/20550r17-nokian-wr-d4-93v-ziemas-riepas.jpg\",\"width\":1920,\"height\":1280,\"caption\":\"205\\\/50R17 Nokian WR D4 93V - Vissezonas riepas \\\/ Ziemas riepas\"},{\"@type\":\"BreadcrumbList\",\"@id\":\"https:\\\/\\\/mmkriepas.lv\\\/en\\\/p\\\/215-60r16-nokian-wr-d4-99h-xl-3\\\/#breadcrumb\",\"itemListElement\":[{\"@type\":\"ListItem\",\"position\":1,\"name\":\"S\u0101kums\",\"item\":\"https:\\\/\\\/mmkriepas.lv\\\/en\\\/\"},{\"@type\":\"ListItem\",\"position\":2,\"name\":\"215\\\/60R16 Nokian WR D4 99H XL\"}]},{\"@type\":\"WebSite\",\"@id\":\"https:\\\/\\\/mmkriepas.lv\\\/en\\\/#website\",\"url\":\"https:\\\/\\\/mmkriepas.lv\\\/en\\\/\",\"name\":\"MMK Riepas\",\"description\":\"MMK Riepas\",\"alternateName\":\"MMK Riepu Serviss\",\"potentialAction\":[{\"@type\":\"SearchAction\",\"target\":{\"@type\":\"EntryPoint\",\"urlTemplate\":\"https:\\\/\\\/mmkriepas.lv\\\/en\\\/?s={search_term_string}\"},\"query-input\":{\"@type\":\"PropertyValueSpecification\",\"valueRequired\":true,\"valueName\":\"search_term_string\"}}],\"inLanguage\":\"en-US\"},{\"@type\":\"ImageObject\",\"inLanguage\":\"en-US\",\"@id\":\"https:\\\/\\\/mmkriepas.lv\\\/en\\\/p\\\/215-60r16-nokian-wr-d4-99h-xl-3\\\/#local-main-organization-logo\",\"url\":\"\",\"contentUrl\":\"\",\"caption\":\"MMK Riepas\"}]}<\/script>\n<meta property=\"product:brand\" content=\"Nokian WR D4\" \/>\n<meta property=\"product:price:amount\" content=\"73.00\" \/>\n<meta property=\"product:price:currency\" content=\"EUR\" \/>\n<meta property=\"og:availability\" content=\"instock\" \/>\n<meta property=\"product:availability\" content=\"instock\" \/>\n<meta property=\"product:retailer_item_id\" content=\"TW2156016Nokia-E42786\" \/>\n<meta property=\"product:condition\" content=\"new\" \/>\n<!-- \/ Yoast SEO Premium plugin. -->","yoast_head_json":{"title":"215\/60R16 Nokian WR D4 99H XL &#8226; MMK Riepas","robots":{"index":"index","follow":"follow","max-snippet":"max-snippet:-1","max-image-preview":"max-image-preview:large","max-video-preview":"max-video-preview:-1"},"canonical":"https:\/\/mmkriepas.lv\/en\/p\/215-60r16-nokian-wr-d4-99h-xl-3\/","og_locale":"en_US","og_type":"article","og_title":"215\/60R16 Nokian WR D4 99H XL","og_description":"Premium klases riepas. Nokian riepas &#8211; izcila kvalit\u0101te par labu cenu! Nokian riepas Latvij\u0101 \u013coti veiksm\u012bgi darbojas jau tre\u0161o dek\u0101di. Tas ir vien\u012bgais riepu ra\u017eot\u0101js pasaul\u0113, kas specializ\u0113jas uz ziemas","og_url":"https:\/\/mmkriepas.lv\/en\/p\/215-60r16-nokian-wr-d4-99h-xl-3\/","og_site_name":"MMK Riepas","article_publisher":"https:\/\/www.facebook.com\/mmkserviss\/","article_modified_time":"2026-03-22T10:24:59+00:00","og_image":[{"width":1920,"height":1280,"url":"https:\/\/mmkriepas.lv\/wp-content\/uploads\/2018\/09\/20550r17-nokian-wr-d4-93v-ziemas-riepas.jpg","type":"image\/jpeg"}],"twitter_card":"summary_large_image","twitter_misc":{"Price":"&euro;73.00","Availability":"In stock"},"schema":{"@context":"https:\/\/schema.org","@graph":[{"@type":"WebPage","@id":"https:\/\/mmkriepas.lv\/en\/p\/215-60r16-nokian-wr-d4-99h-xl-3\/","url":"https:\/\/mmkriepas.lv\/en\/p\/215-60r16-nokian-wr-d4-99h-xl-3\/","name":"215\/60R16 Nokian WR D4 99H XL &#8226; MMK Riepas","isPartOf":{"@id":"https:\/\/mmkriepas.lv\/en\/#website"},"primaryImageOfPage":{"@id":"https:\/\/mmkriepas.lv\/en\/p\/215-60r16-nokian-wr-d4-99h-xl-3\/#primaryimage"},"image":{"@id":"https:\/\/mmkriepas.lv\/en\/p\/215-60r16-nokian-wr-d4-99h-xl-3\/#primaryimage"},"thumbnailUrl":"https:\/\/mmkriepas.lv\/wp-content\/uploads\/2018\/09\/20550r17-nokian-wr-d4-93v-ziemas-riepas.jpg","datePublished":"2024-12-10T14:46:53+00:00","dateModified":"2026-03-22T10:24:59+00:00","breadcrumb":{"@id":"https:\/\/mmkriepas.lv\/en\/p\/215-60r16-nokian-wr-d4-99h-xl-3\/#breadcrumb"},"inLanguage":"en-US","potentialAction":[{"@type":"ReadAction","target":["https:\/\/mmkriepas.lv\/en\/p\/215-60r16-nokian-wr-d4-99h-xl-3\/"]}]},{"@type":"ImageObject","inLanguage":"en-US","@id":"https:\/\/mmkriepas.lv\/en\/p\/215-60r16-nokian-wr-d4-99h-xl-3\/#primaryimage","url":"https:\/\/mmkriepas.lv\/wp-content\/uploads\/2018\/09\/20550r17-nokian-wr-d4-93v-ziemas-riepas.jpg","contentUrl":"https:\/\/mmkriepas.lv\/wp-content\/uploads\/2018\/09\/20550r17-nokian-wr-d4-93v-ziemas-riepas.jpg","width":1920,"height":1280,"caption":"205\/50R17 Nokian WR D4 93V - Vissezonas riepas \/ Ziemas riepas"},{"@type":"BreadcrumbList","@id":"https:\/\/mmkriepas.lv\/en\/p\/215-60r16-nokian-wr-d4-99h-xl-3\/#breadcrumb","itemListElement":[{"@type":"ListItem","position":1,"name":"S\u0101kums","item":"https:\/\/mmkriepas.lv\/en\/"},{"@type":"ListItem","position":2,"name":"215\/60R16 Nokian WR D4 99H XL"}]},{"@type":"WebSite","@id":"https:\/\/mmkriepas.lv\/en\/#website","url":"https:\/\/mmkriepas.lv\/en\/","name":"MMK Riepas","description":"MMK Riepas","alternateName":"MMK Riepu Serviss","potentialAction":[{"@type":"SearchAction","target":{"@type":"EntryPoint","urlTemplate":"https:\/\/mmkriepas.lv\/en\/?s={search_term_string}"},"query-input":{"@type":"PropertyValueSpecification","valueRequired":true,"valueName":"search_term_string"}}],"inLanguage":"en-US"},{"@type":"ImageObject","inLanguage":"en-US","@id":"https:\/\/mmkriepas.lv\/en\/p\/215-60r16-nokian-wr-d4-99h-xl-3\/#local-main-organization-logo","url":"","contentUrl":"","caption":"MMK Riepas"}]},"product_brand":"Nokian WR D4","product_price_amount":"73.00","product_price_currency":"EUR","og_availability":"instock","product_availability":"instock","product_retailer_item_id":"TW2156016Nokia-E42786","product_condition":"new"},"_links":{"self":[{"href":"https:\/\/mmkriepas.lv\/en\/wp-json\/wp\/v2\/product\/1142971","targetHints":{"allow":["GET"]}}],"collection":[{"href":"https:\/\/mmkriepas.lv\/en\/wp-json\/wp\/v2\/product"}],"about":[{"href":"https:\/\/mmkriepas.lv\/en\/wp-json\/wp\/v2\/types\/product"}],"wp:featuredmedia":[{"embeddable":true,"href":"https:\/\/mmkriepas.lv\/en\/wp-json\/wp\/v2\/media\/70629"}],"wp:attachment":[{"href":"https:\/\/mmkriepas.lv\/en\/wp-json\/wp\/v2\/media?parent=1142971"}],"wp:term":[{"taxonomy":"product_brand","embeddable":true,"href":"https:\/\/mmkriepas.lv\/en\/wp-json\/wp\/v2\/product_brand?post=1142971"},{"taxonomy":"product_cat","embeddable":true,"href":"https:\/\/mmkriepas.lv\/en\/wp-json\/wp\/v2\/product_cat?post=1142971"},{"taxonomy":"product_tag","embeddable":true,"href":"https:\/\/mmkriepas.lv\/en\/wp-json\/wp\/v2\/product_tag?post=1142971"}],"curies":[{"name":"wp","href":"https:\/\/api.w.org\/{rel}","templated":true}]}}