{"id":1131546,"date":"2024-11-21T15:44:49","date_gmt":"2024-11-21T13:44:49","guid":{"rendered":"https:\/\/mmkriepas.lv\/?post_type=product&#038;p=1131546"},"modified":"2026-03-30T15:55:48","modified_gmt":"2026-03-30T12:55:48","slug":"195-50r15-rotalla-setula-w-race-s130-82h-2","status":"publish","type":"product","link":"https:\/\/mmkriepas.lv\/en\/p\/195-50r15-rotalla-setula-w-race-s130-82h-2\/","title":{"rendered":"195\/50R15 Rotalla Setula W Race S130 82H"},"content":{"rendered":"<p><strong>Rotalla Setula W Race S130<\/strong> ir vissezonas riepa, kas paredz\u0113ta vieglajiem auto. \u0160\u012bs riepas uzr\u0101da labus veiktsp\u0113jas r\u0101d\u012bt\u0101jus un sausa un slapja asfalta, k\u0101 ar\u012b uz nedaudz apsnigu\u0161iem ce\u013ciem. Brauciens ar \u0161\u012bm riep\u0101m b\u016bs gluds, komfortabls un kluss.<\/p>\n<p><strong>Setula W Race S130 galven\u0101s iez\u012bmes<\/strong><\/p>\n<p>+Labi veiktsp\u0113jas r\u0101d\u012bt\u0101ji uz sausa un slapja asfalta.<\/p>\n<p>+Pla\u0161as dren\u0101\u017eas rievas, kas labi novada \u016bdeni un sniegu.<\/p>\n<p>+Gluds, komfortabls un kluss brauciens.<\/p>\n<p>+Elastrom\u0113ri gumijas sast\u0101v\u0101 padara \u0161o riepu elast\u012bgu pla\u0161\u0101 temperat\u016bras diapazon\u0101.<\/p>\n<p>+Z\u0101\u0123veida lameles uzlabo sa\u0137eri ar sliden\u0101m ce\u013ca virsm\u0101m.<\/p>\n<p><strong>Setula W Race S130 protektora raksts<\/strong><\/p>\n<p><strong>Rotalla Setula W Race S130<\/strong> protektora raksts ir simetrisks un virz\u012bts, taj\u0101 ir izvietotas vair\u0101kas pla\u0161as dren\u0101\u017eas rievas, kas izcili tiek gal\u0101 ar \u016bdens un sniega novadi. Protektora rakst\u0101 iestr\u0101d\u0101t\u0101s z\u0101\u0123veida lameles, tand\u0113m\u0101 ar protektora blokiem, kas cits no cita izvietoti 90\u00ba le\u0146\u0137\u012b, palielina stabilit\u0101ti, manevr\u0113tsp\u0113ju un sa\u0137eri ar sliden\u0101m ce\u013ca virsm\u0101m. Protektora raksts izgatavots no unik\u0101la gumijas mais\u012bjuma, darbojas pla\u0161\u0101 temperat\u016bras diapazon\u0101.<\/p>\n","protected":false},"excerpt":{"rendered":"<p><strong>Rotalla Setula W Race S130<\/strong> ir vissezonas riepa, kas paredz\u0113ta vieglajiem auto. \u0160\u012bs riepas uzr\u0101da labus veiktsp\u0113jas r\u0101d\u012bt\u0101jus un sausa un slapja asfalta, k\u0101 ar\u012b uz nedaudz apsnigu\u0161iem ce\u013ciem. Brauciens ar \u0161\u012bm riep\u0101m b\u016bs gluds, komfortabls un kluss.<\/p>\n","protected":false},"featured_media":1435740,"template":"","meta":{"_acf_changed":false,"ngg_post_thumbnail":0},"product_brand":[],"product_cat":[23644,23643],"product_tag":[],"class_list":{"0":"post-1131546","1":"product","2":"type-product","3":"status-publish","4":"has-post-thumbnail","6":"product_cat-all-season-tyres","7":"product_cat-winter-tyres","9":"first","10":"instock","11":"sale","12":"taxable","13":"shipping-taxable","14":"purchasable","15":"product-type-simple"},"acf":[],"yoast_head":"<!-- This site is optimized with the Yoast SEO Premium plugin v22.6 (Yoast SEO v27.3) - https:\/\/yoast.com\/product\/yoast-seo-premium-wordpress\/ -->\n<title>195\/50R15 Rotalla Setula W Race S130 82H &#8226; MMK Riepas<\/title>\n<meta name=\"robots\" content=\"index, follow, max-snippet:-1, max-image-preview:large, max-video-preview:-1\" \/>\n<link rel=\"canonical\" href=\"https:\/\/mmkriepas.lv\/en\/p\/195-50r15-rotalla-setula-w-race-s130-82h-2\/\" \/>\n<meta property=\"og:locale\" content=\"en_US\" \/>\n<meta property=\"og:type\" content=\"article\" \/>\n<meta property=\"og:title\" content=\"195\/50R15 Rotalla Setula W Race S130 82H\" \/>\n<meta property=\"og:description\" content=\"Rotalla Setula W Race S130 ir vissezonas riepa, kas paredz\u0113ta vieglajiem auto. \u0160\u012bs riepas uzr\u0101da labus veiktsp\u0113jas r\u0101d\u012bt\u0101jus un sausa un slapja asfalta, k\u0101 ar\u012b uz nedaudz apsnigu\u0161iem ce\u013ciem. Brauciens ar \u0161\u012bm riep\u0101m b\u016bs gluds, komfortabls un kluss.\" \/>\n<meta property=\"og:url\" content=\"https:\/\/mmkriepas.lv\/en\/p\/195-50r15-rotalla-setula-w-race-s130-82h-2\/\" \/>\n<meta property=\"og:site_name\" content=\"MMK Riepas\" \/>\n<meta property=\"article:publisher\" content=\"https:\/\/www.facebook.com\/mmkserviss\/\" \/>\n<meta property=\"article:modified_time\" content=\"2026-03-30T12:55:48+00:00\" \/>\n<meta property=\"og:image\" content=\"https:\/\/mmkriepas.lv\/wp-content\/uploads\/2026\/01\/13570r15-rotalla-setula-w-race-s130-70t-ziemas-riepas.jpg\" \/>\n\t<meta property=\"og:image:width\" content=\"1200\" \/>\n\t<meta property=\"og:image:height\" content=\"1200\" \/>\n\t<meta property=\"og:image:type\" content=\"image\/jpeg\" \/>\n<meta name=\"twitter:card\" content=\"summary_large_image\" \/>\n<meta name=\"twitter:label1\" content=\"Price\" \/>\n\t<meta name=\"twitter:data1\" content=\"&euro;48.00\" \/>\n\t<meta name=\"twitter:label2\" content=\"Availability\" \/>\n\t<meta name=\"twitter:data2\" content=\"In stock\" \/>\n<script type=\"application\/ld+json\" class=\"yoast-schema-graph\">{\"@context\":\"https:\\\/\\\/schema.org\",\"@graph\":[{\"@type\":\"WebPage\",\"@id\":\"https:\\\/\\\/mmkriepas.lv\\\/en\\\/p\\\/195-50r15-rotalla-setula-w-race-s130-82h-2\\\/\",\"url\":\"https:\\\/\\\/mmkriepas.lv\\\/en\\\/p\\\/195-50r15-rotalla-setula-w-race-s130-82h-2\\\/\",\"name\":\"195\\\/50R15 Rotalla Setula W Race S130 82H &#8226; MMK Riepas\",\"isPartOf\":{\"@id\":\"https:\\\/\\\/mmkriepas.lv\\\/en\\\/#website\"},\"primaryImageOfPage\":{\"@id\":\"https:\\\/\\\/mmkriepas.lv\\\/en\\\/p\\\/195-50r15-rotalla-setula-w-race-s130-82h-2\\\/#primaryimage\"},\"image\":{\"@id\":\"https:\\\/\\\/mmkriepas.lv\\\/en\\\/p\\\/195-50r15-rotalla-setula-w-race-s130-82h-2\\\/#primaryimage\"},\"thumbnailUrl\":\"https:\\\/\\\/mmkriepas.lv\\\/wp-content\\\/uploads\\\/2026\\\/01\\\/13570r15-rotalla-setula-w-race-s130-70t-ziemas-riepas.jpg\",\"datePublished\":\"2024-11-21T13:44:49+00:00\",\"dateModified\":\"2026-03-30T12:55:48+00:00\",\"breadcrumb\":{\"@id\":\"https:\\\/\\\/mmkriepas.lv\\\/en\\\/p\\\/195-50r15-rotalla-setula-w-race-s130-82h-2\\\/#breadcrumb\"},\"inLanguage\":\"en-US\",\"potentialAction\":[{\"@type\":\"ReadAction\",\"target\":[\"https:\\\/\\\/mmkriepas.lv\\\/en\\\/p\\\/195-50r15-rotalla-setula-w-race-s130-82h-2\\\/\"]}]},{\"@type\":\"ImageObject\",\"inLanguage\":\"en-US\",\"@id\":\"https:\\\/\\\/mmkriepas.lv\\\/en\\\/p\\\/195-50r15-rotalla-setula-w-race-s130-82h-2\\\/#primaryimage\",\"url\":\"https:\\\/\\\/mmkriepas.lv\\\/wp-content\\\/uploads\\\/2026\\\/01\\\/13570r15-rotalla-setula-w-race-s130-70t-ziemas-riepas.jpg\",\"contentUrl\":\"https:\\\/\\\/mmkriepas.lv\\\/wp-content\\\/uploads\\\/2026\\\/01\\\/13570r15-rotalla-setula-w-race-s130-70t-ziemas-riepas.jpg\",\"width\":1200,\"height\":1200,\"caption\":\"135\\\/70R15 Rotalla Setula W Race S130 70T - Vissezonas riepas \\\/ Ziemas riepas\"},{\"@type\":\"BreadcrumbList\",\"@id\":\"https:\\\/\\\/mmkriepas.lv\\\/en\\\/p\\\/195-50r15-rotalla-setula-w-race-s130-82h-2\\\/#breadcrumb\",\"itemListElement\":[{\"@type\":\"ListItem\",\"position\":1,\"name\":\"S\u0101kums\",\"item\":\"https:\\\/\\\/mmkriepas.lv\\\/en\\\/\"},{\"@type\":\"ListItem\",\"position\":2,\"name\":\"195\\\/50R15 Rotalla Setula W Race S130 82H\"}]},{\"@type\":\"WebSite\",\"@id\":\"https:\\\/\\\/mmkriepas.lv\\\/en\\\/#website\",\"url\":\"https:\\\/\\\/mmkriepas.lv\\\/en\\\/\",\"name\":\"MMK Riepas\",\"description\":\"MMK Riepas\",\"alternateName\":\"MMK Riepu Serviss\",\"potentialAction\":[{\"@type\":\"SearchAction\",\"target\":{\"@type\":\"EntryPoint\",\"urlTemplate\":\"https:\\\/\\\/mmkriepas.lv\\\/en\\\/?s={search_term_string}\"},\"query-input\":{\"@type\":\"PropertyValueSpecification\",\"valueRequired\":true,\"valueName\":\"search_term_string\"}}],\"inLanguage\":\"en-US\"},{\"@type\":\"ImageObject\",\"inLanguage\":\"en-US\",\"@id\":\"https:\\\/\\\/mmkriepas.lv\\\/en\\\/p\\\/195-50r15-rotalla-setula-w-race-s130-82h-2\\\/#local-main-organization-logo\",\"url\":\"\",\"contentUrl\":\"\",\"caption\":\"MMK Riepas\"}]}<\/script>\n<meta property=\"product:brand\" content=\"Rotalla Setula W Race S130\" \/>\n<meta property=\"product:price:amount\" content=\"48.00\" \/>\n<meta property=\"product:price:currency\" content=\"EUR\" \/>\n<meta property=\"og:availability\" content=\"instock\" \/>\n<meta property=\"product:availability\" content=\"instock\" \/>\n<meta property=\"product:retailer_item_id\" content=\"TW1955015Rotal-E42303\" \/>\n<meta property=\"product:condition\" content=\"new\" \/>\n<!-- \/ Yoast SEO Premium plugin. -->","yoast_head_json":{"title":"195\/50R15 Rotalla Setula W Race S130 82H &#8226; MMK Riepas","robots":{"index":"index","follow":"follow","max-snippet":"max-snippet:-1","max-image-preview":"max-image-preview:large","max-video-preview":"max-video-preview:-1"},"canonical":"https:\/\/mmkriepas.lv\/en\/p\/195-50r15-rotalla-setula-w-race-s130-82h-2\/","og_locale":"en_US","og_type":"article","og_title":"195\/50R15 Rotalla Setula W Race S130 82H","og_description":"Rotalla Setula W Race S130 ir vissezonas riepa, kas paredz\u0113ta vieglajiem auto. \u0160\u012bs riepas uzr\u0101da labus veiktsp\u0113jas r\u0101d\u012bt\u0101jus un sausa un slapja asfalta, k\u0101 ar\u012b uz nedaudz apsnigu\u0161iem ce\u013ciem. Brauciens ar \u0161\u012bm riep\u0101m b\u016bs gluds, komfortabls un kluss.","og_url":"https:\/\/mmkriepas.lv\/en\/p\/195-50r15-rotalla-setula-w-race-s130-82h-2\/","og_site_name":"MMK Riepas","article_publisher":"https:\/\/www.facebook.com\/mmkserviss\/","article_modified_time":"2026-03-30T12:55:48+00:00","og_image":[{"width":1200,"height":1200,"url":"https:\/\/mmkriepas.lv\/wp-content\/uploads\/2026\/01\/13570r15-rotalla-setula-w-race-s130-70t-ziemas-riepas.jpg","type":"image\/jpeg"}],"twitter_card":"summary_large_image","twitter_misc":{"Price":"&euro;48.00","Availability":"In stock"},"schema":{"@context":"https:\/\/schema.org","@graph":[{"@type":"WebPage","@id":"https:\/\/mmkriepas.lv\/en\/p\/195-50r15-rotalla-setula-w-race-s130-82h-2\/","url":"https:\/\/mmkriepas.lv\/en\/p\/195-50r15-rotalla-setula-w-race-s130-82h-2\/","name":"195\/50R15 Rotalla Setula W Race S130 82H &#8226; MMK Riepas","isPartOf":{"@id":"https:\/\/mmkriepas.lv\/en\/#website"},"primaryImageOfPage":{"@id":"https:\/\/mmkriepas.lv\/en\/p\/195-50r15-rotalla-setula-w-race-s130-82h-2\/#primaryimage"},"image":{"@id":"https:\/\/mmkriepas.lv\/en\/p\/195-50r15-rotalla-setula-w-race-s130-82h-2\/#primaryimage"},"thumbnailUrl":"https:\/\/mmkriepas.lv\/wp-content\/uploads\/2026\/01\/13570r15-rotalla-setula-w-race-s130-70t-ziemas-riepas.jpg","datePublished":"2024-11-21T13:44:49+00:00","dateModified":"2026-03-30T12:55:48+00:00","breadcrumb":{"@id":"https:\/\/mmkriepas.lv\/en\/p\/195-50r15-rotalla-setula-w-race-s130-82h-2\/#breadcrumb"},"inLanguage":"en-US","potentialAction":[{"@type":"ReadAction","target":["https:\/\/mmkriepas.lv\/en\/p\/195-50r15-rotalla-setula-w-race-s130-82h-2\/"]}]},{"@type":"ImageObject","inLanguage":"en-US","@id":"https:\/\/mmkriepas.lv\/en\/p\/195-50r15-rotalla-setula-w-race-s130-82h-2\/#primaryimage","url":"https:\/\/mmkriepas.lv\/wp-content\/uploads\/2026\/01\/13570r15-rotalla-setula-w-race-s130-70t-ziemas-riepas.jpg","contentUrl":"https:\/\/mmkriepas.lv\/wp-content\/uploads\/2026\/01\/13570r15-rotalla-setula-w-race-s130-70t-ziemas-riepas.jpg","width":1200,"height":1200,"caption":"135\/70R15 Rotalla Setula W Race S130 70T - Vissezonas riepas \/ Ziemas riepas"},{"@type":"BreadcrumbList","@id":"https:\/\/mmkriepas.lv\/en\/p\/195-50r15-rotalla-setula-w-race-s130-82h-2\/#breadcrumb","itemListElement":[{"@type":"ListItem","position":1,"name":"S\u0101kums","item":"https:\/\/mmkriepas.lv\/en\/"},{"@type":"ListItem","position":2,"name":"195\/50R15 Rotalla Setula W Race S130 82H"}]},{"@type":"WebSite","@id":"https:\/\/mmkriepas.lv\/en\/#website","url":"https:\/\/mmkriepas.lv\/en\/","name":"MMK Riepas","description":"MMK Riepas","alternateName":"MMK Riepu Serviss","potentialAction":[{"@type":"SearchAction","target":{"@type":"EntryPoint","urlTemplate":"https:\/\/mmkriepas.lv\/en\/?s={search_term_string}"},"query-input":{"@type":"PropertyValueSpecification","valueRequired":true,"valueName":"search_term_string"}}],"inLanguage":"en-US"},{"@type":"ImageObject","inLanguage":"en-US","@id":"https:\/\/mmkriepas.lv\/en\/p\/195-50r15-rotalla-setula-w-race-s130-82h-2\/#local-main-organization-logo","url":"","contentUrl":"","caption":"MMK Riepas"}]},"product_brand":"Rotalla Setula W Race S130","product_price_amount":"48.00","product_price_currency":"EUR","og_availability":"instock","product_availability":"instock","product_retailer_item_id":"TW1955015Rotal-E42303","product_condition":"new"},"_links":{"self":[{"href":"https:\/\/mmkriepas.lv\/en\/wp-json\/wp\/v2\/product\/1131546","targetHints":{"allow":["GET"]}}],"collection":[{"href":"https:\/\/mmkriepas.lv\/en\/wp-json\/wp\/v2\/product"}],"about":[{"href":"https:\/\/mmkriepas.lv\/en\/wp-json\/wp\/v2\/types\/product"}],"wp:featuredmedia":[{"embeddable":true,"href":"https:\/\/mmkriepas.lv\/en\/wp-json\/wp\/v2\/media\/1435740"}],"wp:attachment":[{"href":"https:\/\/mmkriepas.lv\/en\/wp-json\/wp\/v2\/media?parent=1131546"}],"wp:term":[{"taxonomy":"product_brand","embeddable":true,"href":"https:\/\/mmkriepas.lv\/en\/wp-json\/wp\/v2\/product_brand?post=1131546"},{"taxonomy":"product_cat","embeddable":true,"href":"https:\/\/mmkriepas.lv\/en\/wp-json\/wp\/v2\/product_cat?post=1131546"},{"taxonomy":"product_tag","embeddable":true,"href":"https:\/\/mmkriepas.lv\/en\/wp-json\/wp\/v2\/product_tag?post=1131546"}],"curies":[{"name":"wp","href":"https:\/\/api.w.org\/{rel}","templated":true}]}}