{"id":1124437,"date":"2024-11-08T16:48:28","date_gmt":"2024-11-08T14:48:28","guid":{"rendered":"https:\/\/mmkriepas.lv\/?post_type=product&#038;p=1124437"},"modified":"2026-04-05T20:33:19","modified_gmt":"2026-04-05T17:33:19","slug":"165-65r14-headway-hw508-79t","status":"publish","type":"product","link":"https:\/\/mmkriepas.lv\/en\/p\/165-65r14-headway-hw508-79t\/","title":{"rendered":"165\/65R14 Headway HW508 79T"},"content":{"rendered":"<p class=\"western\" align=\"left\"><span style=\"color: #c9211e;\"><span style=\"font-family: Arial, sans-serif;\"><span style=\"font-size: large;\"><span style=\"color: #000000;\"><span style=\"font-size: small;\"><b>Headway HW508 <\/b><\/span><\/span><span style=\"color: #000000;\"><span style=\"font-size: small;\">ir labs ziemas riepu modelis. Tas izce\u013cas ar lab\u0101m sa\u0137eres un brauk\u0161anas komforta \u012bpa\u0161\u012bb\u0101m pla\u0161\u0101 laikapst\u0101k\u013cu un ce\u013ca segumu spektr\u0101. \u012apa\u0161i agres\u012bvais protektora raksts nodro\u0161ina labu sa\u0137eri pat skarbos ziemas apst\u0101k\u013cos.<\/span><\/span><\/span><\/span><\/span><\/p>\n<h3 class=\"western\" align=\"left\"><span style=\"font-family: Arial, sans-serif;\"><span style=\"color: #000000;\"><span style=\"font-size: medium;\">Headway HW508<\/span><\/span><span style=\"color: #000000;\"><span style=\"font-size: medium;\"> apr\u012bkojums<\/span><\/span><\/span><\/h3>\n<p align=\"left\"><span style=\"font-family: Arial, sans-serif;\"><span style=\"color: #000000;\"><span style=\"font-size: small;\">+ Laba sa\u0137ere gan uz sausa, gan slapja asfalta, k\u0101 ar\u012b snieg\u0101.<\/span><\/span><\/span><\/p>\n<p align=\"left\"><span style=\"font-family: Arial, sans-serif;\"><span style=\"color: #000000;\"><span style=\"font-size: small;\">+ Labs akustiskais un brauk\u0161anas komforts.<\/span><\/span><\/span><\/p>\n<p align=\"left\"><span style=\"font-family: Arial, sans-serif;\"><span style=\"color: #000000;\"><span style=\"font-size: small;\">+ Degvielas ekonomija.<\/span><\/span><\/span><\/p>\n<p align=\"left\"><span style=\"font-family: Arial, sans-serif;\"><span style=\"color: #000000;\"><span style=\"font-size: small;\">+ Augsta nodilumiztur\u012bba.<\/span><\/span><\/span><\/p>\n<p align=\"left\"><span style=\"font-family: Arial, sans-serif;\"><span style=\"color: #000000;\"><span style=\"font-size: small;\">+ Kvalit\u0101te atbilst cenai.<\/span><\/span><\/span><\/p>\n<h3 class=\"western\" align=\"left\"><span style=\"font-family: Arial, sans-serif;\"><span style=\"color: #000000;\"><span style=\"font-size: medium;\">HW508<\/span><\/span><span style=\"color: #000000;\"><span style=\"font-size: medium;\"> apr\u012bkojums<\/span><\/span><\/span><\/h3>\n<p align=\"left\"><span style=\"font-family: Arial, sans-serif;\"><span style=\"color: #000000;\"><span style=\"font-size: small;\"><b>Headway HW508<\/b><\/span><\/span><span style=\"color: #000000;\"><span style=\"font-size: small;\"><b> <\/b><\/span><\/span><span style=\"color: #000000;\"><span style=\"font-size: small;\">riepu modelis apr\u012bkots ar simetrisku virzienveida protektora dizainu. \u0160\u0101ds musturs \u013cauj saglab\u0101t optim\u0101las veiktsp\u0113jas un brauk\u0161anas komforta \u012bpa\u0161\u012bbas pla\u0161\u0101 brauk\u0161anas apst\u0101k\u013cu spektr\u0101.<\/span><\/span><\/span><\/p>\n<p align=\"left\"><span style=\"font-family: Arial, sans-serif;\"><span style=\"color: #000000;\"><span style=\"font-size: small;\">V-formas protektora bloki uzlabo riepu veiktsp\u0113ju snieg\u0101. Savuk\u0101rt, pla\u0161ie dren\u0101\u017eas jeb \u016bdens novadkan\u0101li samazina akvaplan\u0113\u0161anas risku ruden\u012b un pavasar\u012b.<\/span><\/span><\/span><\/p>\n<p align=\"left\"><span style=\"font-family: Arial, sans-serif;\"><span style=\"color: #000000;\"><span style=\"font-size: small;\">Mas\u012bvajos protektora blokos bl\u012bvi iestr\u0101d\u0101tas ar\u012b lameles. T\u0101s pal\u012bdz veidot sa\u0137eri ar sabliet\u0113tu sniegu un ledu ziem\u0101.<\/span><\/span><\/span><\/p>\n<p class=\"western\" align=\"left\"><span style=\"color: #c9211e;\"><span style=\"font-family: Arial, sans-serif;\"><span style=\"font-size: large;\"><span style=\"color: #000000;\"><span style=\"font-size: small;\"><b>Headway HW508 <\/b><\/span><\/span><span style=\"color: #000000;\"><span style=\"font-size: small;\">riepas darin\u0101tas no augstv\u0113rt\u012bga kompoz\u012btmateri\u0101la. Tam pievienotie elastrom\u0113ri pal\u012bdz riep\u0101m saglab\u0101t elast\u012bbu un nezaud\u0113t formu pla\u0161\u0101 temperat\u016bru diapazon\u0101. Elast\u012bga riepa daudz lab\u0101k veido sa\u0137eri ar ce\u013ca virsmu, k\u0101 ar\u012b dilst vienm\u0113r\u012bg\u0101k.<\/span><\/span><\/span><\/span><\/span><\/p>\n","protected":false},"excerpt":{"rendered":"<p><span style=\"color: #c9211e;\"><span style=\"font-family: Arial, sans-serif;\"><span style=\"font-size: large;\"><span style=\"color: #000000;\"><span style=\"font-size: small;\"><b>Headway HW508 <\/b><\/span><\/span><span style=\"color: #000000;\"><span style=\"font-size: small;\">ir labs ziemas riepu modelis. Tas izce\u013cas ar lab\u0101m sa\u0137eres un brauk\u0161anas komforta \u012bpa\u0161\u012bb\u0101m pla\u0161\u0101 laikapst\u0101k\u013cu un ce\u013ca segumu spektr\u0101. \u012apa\u0161i agres\u012bvais protektora raksts nodro\u0161ina labu sa\u0137eri pat skarbos ziemas apst\u0101k\u013cos.<\/span><\/span><\/span><\/span><\/span><\/p>\n","protected":false},"featured_media":1086203,"template":"","meta":{"_acf_changed":false,"ngg_post_thumbnail":0},"product_brand":[],"product_cat":[47,45],"product_tag":[],"class_list":{"0":"post-1124437","1":"product","2":"type-product","3":"status-publish","4":"has-post-thumbnail","6":"product_cat-vissezonas-riepas","7":"product_cat-ziemas-riepas","9":"first","10":"instock","11":"sale","12":"taxable","13":"shipping-taxable","14":"purchasable","15":"product-type-simple"},"acf":[],"yoast_head":"<!-- This site is optimized with the Yoast SEO Premium plugin v22.6 (Yoast SEO v27.3) - https:\/\/yoast.com\/product\/yoast-seo-premium-wordpress\/ -->\n<title>165\/65R14 Headway HW508 79T &#8226; MMK Riepas<\/title>\n<meta name=\"robots\" content=\"index, follow, max-snippet:-1, max-image-preview:large, max-video-preview:-1\" \/>\n<link rel=\"canonical\" href=\"https:\/\/mmkriepas.lv\/en\/p\/165-65r14-headway-hw508-79t\/\" \/>\n<meta property=\"og:locale\" content=\"en_US\" \/>\n<meta property=\"og:type\" content=\"article\" \/>\n<meta property=\"og:title\" content=\"165\/65R14 Headway HW508 79T\" \/>\n<meta property=\"og:description\" content=\"Headway HW508 ir labs ziemas riepu modelis. Tas izce\u013cas ar lab\u0101m sa\u0137eres un brauk\u0161anas komforta \u012bpa\u0161\u012bb\u0101m pla\u0161\u0101 laikapst\u0101k\u013cu un ce\u013ca segumu spektr\u0101. \u012apa\u0161i agres\u012bvais protektora raksts nodro\u0161ina labu sa\u0137eri pat skarbos ziemas apst\u0101k\u013cos.\" \/>\n<meta property=\"og:url\" content=\"https:\/\/mmkriepas.lv\/en\/p\/165-65r14-headway-hw508-79t\/\" \/>\n<meta property=\"og:site_name\" content=\"MMK Riepas\" \/>\n<meta property=\"article:publisher\" content=\"https:\/\/www.facebook.com\/mmkserviss\/\" \/>\n<meta property=\"article:modified_time\" content=\"2026-04-05T17:33:19+00:00\" \/>\n<meta property=\"og:image\" content=\"https:\/\/mmkriepas.lv\/wp-content\/uploads\/2024\/10\/HEADWAY-HW508.jpg\" \/>\n\t<meta property=\"og:image:width\" content=\"900\" \/>\n\t<meta property=\"og:image:height\" content=\"720\" \/>\n\t<meta property=\"og:image:type\" content=\"image\/jpeg\" \/>\n<meta name=\"twitter:card\" content=\"summary_large_image\" \/>\n<meta name=\"twitter:label1\" content=\"Price\" \/>\n\t<meta name=\"twitter:data1\" content=\"&euro;39.00\" \/>\n\t<meta name=\"twitter:label2\" content=\"Availability\" \/>\n\t<meta name=\"twitter:data2\" content=\"In stock\" \/>\n<script type=\"application\/ld+json\" class=\"yoast-schema-graph\">{\"@context\":\"https:\\\/\\\/schema.org\",\"@graph\":[{\"@type\":\"WebPage\",\"@id\":\"https:\\\/\\\/mmkriepas.lv\\\/en\\\/p\\\/165-65r14-headway-hw508-79t\\\/\",\"url\":\"https:\\\/\\\/mmkriepas.lv\\\/en\\\/p\\\/165-65r14-headway-hw508-79t\\\/\",\"name\":\"165\\\/65R14 Headway HW508 79T &#8226; MMK Riepas\",\"isPartOf\":{\"@id\":\"https:\\\/\\\/mmkriepas.lv\\\/en\\\/#website\"},\"primaryImageOfPage\":{\"@id\":\"https:\\\/\\\/mmkriepas.lv\\\/en\\\/p\\\/165-65r14-headway-hw508-79t\\\/#primaryimage\"},\"image\":{\"@id\":\"https:\\\/\\\/mmkriepas.lv\\\/en\\\/p\\\/165-65r14-headway-hw508-79t\\\/#primaryimage\"},\"thumbnailUrl\":\"https:\\\/\\\/mmkriepas.lv\\\/wp-content\\\/uploads\\\/2024\\\/10\\\/HEADWAY-HW508.jpg\",\"datePublished\":\"2024-11-08T14:48:28+00:00\",\"dateModified\":\"2026-04-05T17:33:19+00:00\",\"breadcrumb\":{\"@id\":\"https:\\\/\\\/mmkriepas.lv\\\/en\\\/p\\\/165-65r14-headway-hw508-79t\\\/#breadcrumb\"},\"inLanguage\":\"en-US\",\"potentialAction\":[{\"@type\":\"ReadAction\",\"target\":[\"https:\\\/\\\/mmkriepas.lv\\\/en\\\/p\\\/165-65r14-headway-hw508-79t\\\/\"]}]},{\"@type\":\"ImageObject\",\"inLanguage\":\"en-US\",\"@id\":\"https:\\\/\\\/mmkriepas.lv\\\/en\\\/p\\\/165-65r14-headway-hw508-79t\\\/#primaryimage\",\"url\":\"https:\\\/\\\/mmkriepas.lv\\\/wp-content\\\/uploads\\\/2024\\\/10\\\/HEADWAY-HW508.jpg\",\"contentUrl\":\"https:\\\/\\\/mmkriepas.lv\\\/wp-content\\\/uploads\\\/2024\\\/10\\\/HEADWAY-HW508.jpg\",\"width\":900,\"height\":720,\"caption\":\"MAIN\"},{\"@type\":\"BreadcrumbList\",\"@id\":\"https:\\\/\\\/mmkriepas.lv\\\/en\\\/p\\\/165-65r14-headway-hw508-79t\\\/#breadcrumb\",\"itemListElement\":[{\"@type\":\"ListItem\",\"position\":1,\"name\":\"S\u0101kums\",\"item\":\"https:\\\/\\\/mmkriepas.lv\\\/en\\\/\"},{\"@type\":\"ListItem\",\"position\":2,\"name\":\"165\\\/65R14 Headway HW508 79T\"}]},{\"@type\":\"WebSite\",\"@id\":\"https:\\\/\\\/mmkriepas.lv\\\/en\\\/#website\",\"url\":\"https:\\\/\\\/mmkriepas.lv\\\/en\\\/\",\"name\":\"MMK Riepas\",\"description\":\"MMK Riepas\",\"alternateName\":\"MMK Riepu Serviss\",\"potentialAction\":[{\"@type\":\"SearchAction\",\"target\":{\"@type\":\"EntryPoint\",\"urlTemplate\":\"https:\\\/\\\/mmkriepas.lv\\\/en\\\/?s={search_term_string}\"},\"query-input\":{\"@type\":\"PropertyValueSpecification\",\"valueRequired\":true,\"valueName\":\"search_term_string\"}}],\"inLanguage\":\"en-US\"},{\"@type\":\"ImageObject\",\"inLanguage\":\"en-US\",\"@id\":\"https:\\\/\\\/mmkriepas.lv\\\/en\\\/p\\\/165-65r14-headway-hw508-79t\\\/#local-main-organization-logo\",\"url\":\"\",\"contentUrl\":\"\",\"caption\":\"MMK Riepas\"}]}<\/script>\n<meta property=\"product:brand\" content=\"Headway HW508\" \/>\n<meta property=\"product:price:amount\" content=\"39.00\" \/>\n<meta property=\"product:price:currency\" content=\"EUR\" \/>\n<meta property=\"og:availability\" content=\"instock\" \/>\n<meta property=\"product:availability\" content=\"instock\" \/>\n<meta property=\"product:retailer_item_id\" content=\"TW1656514Headw-E41981\" \/>\n<meta property=\"product:condition\" content=\"new\" \/>\n<!-- \/ Yoast SEO Premium plugin. -->","yoast_head_json":{"title":"165\/65R14 Headway HW508 79T &#8226; MMK Riepas","robots":{"index":"index","follow":"follow","max-snippet":"max-snippet:-1","max-image-preview":"max-image-preview:large","max-video-preview":"max-video-preview:-1"},"canonical":"https:\/\/mmkriepas.lv\/en\/p\/165-65r14-headway-hw508-79t\/","og_locale":"en_US","og_type":"article","og_title":"165\/65R14 Headway HW508 79T","og_description":"Headway HW508 ir labs ziemas riepu modelis. Tas izce\u013cas ar lab\u0101m sa\u0137eres un brauk\u0161anas komforta \u012bpa\u0161\u012bb\u0101m pla\u0161\u0101 laikapst\u0101k\u013cu un ce\u013ca segumu spektr\u0101. \u012apa\u0161i agres\u012bvais protektora raksts nodro\u0161ina labu sa\u0137eri pat skarbos ziemas apst\u0101k\u013cos.","og_url":"https:\/\/mmkriepas.lv\/en\/p\/165-65r14-headway-hw508-79t\/","og_site_name":"MMK Riepas","article_publisher":"https:\/\/www.facebook.com\/mmkserviss\/","article_modified_time":"2026-04-05T17:33:19+00:00","og_image":[{"width":900,"height":720,"url":"https:\/\/mmkriepas.lv\/wp-content\/uploads\/2024\/10\/HEADWAY-HW508.jpg","type":"image\/jpeg"}],"twitter_card":"summary_large_image","twitter_misc":{"Price":"&euro;39.00","Availability":"In stock"},"schema":{"@context":"https:\/\/schema.org","@graph":[{"@type":"WebPage","@id":"https:\/\/mmkriepas.lv\/en\/p\/165-65r14-headway-hw508-79t\/","url":"https:\/\/mmkriepas.lv\/en\/p\/165-65r14-headway-hw508-79t\/","name":"165\/65R14 Headway HW508 79T &#8226; MMK Riepas","isPartOf":{"@id":"https:\/\/mmkriepas.lv\/en\/#website"},"primaryImageOfPage":{"@id":"https:\/\/mmkriepas.lv\/en\/p\/165-65r14-headway-hw508-79t\/#primaryimage"},"image":{"@id":"https:\/\/mmkriepas.lv\/en\/p\/165-65r14-headway-hw508-79t\/#primaryimage"},"thumbnailUrl":"https:\/\/mmkriepas.lv\/wp-content\/uploads\/2024\/10\/HEADWAY-HW508.jpg","datePublished":"2024-11-08T14:48:28+00:00","dateModified":"2026-04-05T17:33:19+00:00","breadcrumb":{"@id":"https:\/\/mmkriepas.lv\/en\/p\/165-65r14-headway-hw508-79t\/#breadcrumb"},"inLanguage":"en-US","potentialAction":[{"@type":"ReadAction","target":["https:\/\/mmkriepas.lv\/en\/p\/165-65r14-headway-hw508-79t\/"]}]},{"@type":"ImageObject","inLanguage":"en-US","@id":"https:\/\/mmkriepas.lv\/en\/p\/165-65r14-headway-hw508-79t\/#primaryimage","url":"https:\/\/mmkriepas.lv\/wp-content\/uploads\/2024\/10\/HEADWAY-HW508.jpg","contentUrl":"https:\/\/mmkriepas.lv\/wp-content\/uploads\/2024\/10\/HEADWAY-HW508.jpg","width":900,"height":720,"caption":"MAIN"},{"@type":"BreadcrumbList","@id":"https:\/\/mmkriepas.lv\/en\/p\/165-65r14-headway-hw508-79t\/#breadcrumb","itemListElement":[{"@type":"ListItem","position":1,"name":"S\u0101kums","item":"https:\/\/mmkriepas.lv\/en\/"},{"@type":"ListItem","position":2,"name":"165\/65R14 Headway HW508 79T"}]},{"@type":"WebSite","@id":"https:\/\/mmkriepas.lv\/en\/#website","url":"https:\/\/mmkriepas.lv\/en\/","name":"MMK Riepas","description":"MMK Riepas","alternateName":"MMK Riepu Serviss","potentialAction":[{"@type":"SearchAction","target":{"@type":"EntryPoint","urlTemplate":"https:\/\/mmkriepas.lv\/en\/?s={search_term_string}"},"query-input":{"@type":"PropertyValueSpecification","valueRequired":true,"valueName":"search_term_string"}}],"inLanguage":"en-US"},{"@type":"ImageObject","inLanguage":"en-US","@id":"https:\/\/mmkriepas.lv\/en\/p\/165-65r14-headway-hw508-79t\/#local-main-organization-logo","url":"","contentUrl":"","caption":"MMK Riepas"}]},"product_brand":"Headway HW508","product_price_amount":"39.00","product_price_currency":"EUR","og_availability":"instock","product_availability":"instock","product_retailer_item_id":"TW1656514Headw-E41981","product_condition":"new"},"_links":{"self":[{"href":"https:\/\/mmkriepas.lv\/en\/wp-json\/wp\/v2\/product\/1124437","targetHints":{"allow":["GET"]}}],"collection":[{"href":"https:\/\/mmkriepas.lv\/en\/wp-json\/wp\/v2\/product"}],"about":[{"href":"https:\/\/mmkriepas.lv\/en\/wp-json\/wp\/v2\/types\/product"}],"wp:featuredmedia":[{"embeddable":true,"href":"https:\/\/mmkriepas.lv\/en\/wp-json\/wp\/v2\/media\/1086203"}],"wp:attachment":[{"href":"https:\/\/mmkriepas.lv\/en\/wp-json\/wp\/v2\/media?parent=1124437"}],"wp:term":[{"taxonomy":"product_brand","embeddable":true,"href":"https:\/\/mmkriepas.lv\/en\/wp-json\/wp\/v2\/product_brand?post=1124437"},{"taxonomy":"product_cat","embeddable":true,"href":"https:\/\/mmkriepas.lv\/en\/wp-json\/wp\/v2\/product_cat?post=1124437"},{"taxonomy":"product_tag","embeddable":true,"href":"https:\/\/mmkriepas.lv\/en\/wp-json\/wp\/v2\/product_tag?post=1124437"}],"curies":[{"name":"wp","href":"https:\/\/api.w.org\/{rel}","templated":true}]}}