{"id":1124425,"date":"2024-11-08T16:48:12","date_gmt":"2024-11-08T14:48:12","guid":{"rendered":"https:\/\/mmkriepas.lv\/?post_type=product&#038;p=1124425"},"modified":"2026-03-30T14:20:24","modified_gmt":"2026-03-30T11:20:24","slug":"225-55r18-gripmax-stature-m-s-98v-2","status":"publish","type":"product","link":"https:\/\/mmkriepas.lv\/en\/p\/225-55r18-gripmax-stature-m-s-98v-2\/","title":{"rendered":"225\/55R18 Gripmax Stature M\/S 98V"},"content":{"rendered":"<p><strong>Gripmax Stature M\/S <\/strong><strong><span style=\"font-weight: normal;\">ir ziemas riepu modelis<\/span><\/strong>, kas paredz\u0113ts krosoveriem un apvidus auto jeb SUV. Pats ra\u017eot\u0101js \u0161o riepu iek\u013cauj <strong>High Terrain<\/strong> kategorij\u0101, kas noz\u012bm\u0113, ka brauk\u0161ana pa asfalt\u0113tiem ce\u013ciem ir t\u0101s stipr\u0101 puse.<o:p><\/o:p><\/p>\n<h3>Stature M\/S galven\u0101s iez\u012bmes<o:p><\/o:p><\/h3>\n<p>+ Modu\u013cveida bloki riepas centr\u0101laj\u0101 da\u013c\u0101 izveidoti t\u0101, lai uzlabotu vilktni un sa\u012bsin\u0101tu bremz\u0113\u0161anas ce\u013cu!<o:p><\/o:p><\/p>\n<p>+ V- veida protektora raksts uzlabo sa\u0137eri ar sniegu!<o:p><\/o:p><\/p>\n<p>+ Vair\u0101ku tipu lameles veido pastiprin\u0101tu sa\u0137eri ar apledoju\u0161iem ce\u013ciem.<o:p><\/o:p><\/p>\n<p>+ Labas veiktsp\u0113jas \u012bpa\u0161\u012bbas nelabv\u0113l\u012bgos brauks\u0101nas apst\u0101k\u013cos!<o:p><\/o:p><\/p>\n<p>+ Samazin\u0101ts akvaplan\u0113\u0161anas risks!<o:p><\/o:p><\/p>\n<h3>Stature M\/S protektora raksturojums<o:p><\/o:p><\/h3>\n<p>Gripmax Stature M\/S protektor\u0101 iestr\u0101d\u0101ti vair\u0101ki lame\u013cu tipi un to kop\u0113jais skaits p\u0101rsniedz vair\u0101kus t\u016bksto\u0161us. Cen\u0161oties lamel\u0113m pie\u0161\u0137irt papildus efektivit\u0101ti, in\u017eenieri ir izv\u0113l\u0113ju\u0161ies riepas plecu zon\u0101 izvietot <strong>pa\u0161blo\u0137\u0113jo\u0161as lameles<\/strong>. Kontakt\u0101 ar ce\u013cu t\u0101s atveras, veidojot sa\u0137eres kantes un ierobe\u017eo protektora bloka kust\u012bbu, palielinot stabilit\u0101ti un manevr\u0113tsp\u0113ju. Riepas centr\u0101l\u0101 da\u013ca kl\u0101ta ar klasisk\u0101m, taisn\u0101m lamel\u0113m, kas ar\u012b veido sa\u0137eres kantes, ta\u010du at\u013cauj protektora blokam nelielu kust\u012bbu. Tas braucienu padara komfortabl\u0101ku un glud\u0101ku, vienlaikus nezaud\u0113jot efektivit\u0101ti.<o:p><\/o:p><\/p>\n<p><b>Gripmax Stature M\/S <\/b>mode\u013ca lieto\u0161anas dro\u0161\u012bbu ziemas laika apst\u0101k\u013cos un t\u0101 atbilst\u012bbu valst\u012bm ar oblig\u0101tu sezon\u0101lo riepu mai\u0146u apstiprina mar\u0137\u0113jums sniegp\u0101rslas form\u0101 uz kalna fona ar trim virsotn\u0113m (3PMSF).<\/p>\n","protected":false},"excerpt":{"rendered":"<p><strong>Gripmax Stature M\/S ir ziemas riepu modelis<\/strong>, kas paredz\u0113ts krosoveriem un apvidus auto jeb SUV. Pats ra\u017eot\u0101js \u0161o riepu iek\u013cauj <strong>High Terrain<\/strong> kategorij\u0101, kas noz\u012bm\u0113, ka brauk\u0161ana pa asfalt\u0113tiem ce\u013ciem ir t\u0101s stipr\u0101 puse.<\/p>\n","protected":false},"featured_media":310803,"template":"","meta":{"_acf_changed":false,"ngg_post_thumbnail":0},"product_brand":[],"product_cat":[47,45],"product_tag":[],"class_list":{"0":"post-1124425","1":"product","2":"type-product","3":"status-publish","4":"has-post-thumbnail","6":"product_cat-vissezonas-riepas","7":"product_cat-ziemas-riepas","9":"first","10":"instock","11":"sale","12":"taxable","13":"shipping-taxable","14":"purchasable","15":"product-type-simple"},"acf":[],"yoast_head":"<!-- This site is optimized with the Yoast SEO Premium plugin v22.6 (Yoast SEO v27.3) - https:\/\/yoast.com\/product\/yoast-seo-premium-wordpress\/ -->\n<title>225\/55R18 Gripmax Stature M\/S 98V &#8226; MMK Riepas<\/title>\n<meta name=\"robots\" content=\"index, follow, max-snippet:-1, max-image-preview:large, max-video-preview:-1\" \/>\n<link rel=\"canonical\" href=\"https:\/\/mmkriepas.lv\/en\/p\/225-55r18-gripmax-stature-m-s-98v-2\/\" \/>\n<meta property=\"og:locale\" content=\"en_US\" \/>\n<meta property=\"og:type\" content=\"article\" \/>\n<meta property=\"og:title\" content=\"225\/55R18 Gripmax Stature M\/S 98V\" \/>\n<meta property=\"og:description\" content=\"Gripmax Stature M\/S ir ziemas riepu modelis, kas paredz\u0113ts krosoveriem un apvidus auto jeb SUV. Pats ra\u017eot\u0101js \u0161o riepu iek\u013cauj High Terrain kategorij\u0101, kas noz\u012bm\u0113, ka brauk\u0161ana pa asfalt\u0113tiem ce\u013ciem ir t\u0101s stipr\u0101 puse.\" \/>\n<meta property=\"og:url\" content=\"https:\/\/mmkriepas.lv\/en\/p\/225-55r18-gripmax-stature-m-s-98v-2\/\" \/>\n<meta property=\"og:site_name\" content=\"MMK Riepas\" \/>\n<meta property=\"article:publisher\" content=\"https:\/\/www.facebook.com\/mmkserviss\/\" \/>\n<meta property=\"article:modified_time\" content=\"2026-03-30T11:20:24+00:00\" \/>\n<meta property=\"og:image\" content=\"https:\/\/mmkriepas.lv\/wp-content\/uploads\/2022\/08\/27540r21-gripmax-stature-ms-107v-xl-ziemas-riepas-2.jpg\" \/>\n\t<meta property=\"og:image:width\" content=\"1920\" \/>\n\t<meta property=\"og:image:height\" content=\"1280\" \/>\n\t<meta property=\"og:image:type\" content=\"image\/jpeg\" \/>\n<meta name=\"twitter:card\" content=\"summary_large_image\" \/>\n<meta name=\"twitter:label1\" content=\"Price\" \/>\n\t<meta name=\"twitter:data1\" content=\"&euro;99.00\" \/>\n\t<meta name=\"twitter:label2\" content=\"Availability\" \/>\n\t<meta name=\"twitter:data2\" content=\"In stock\" \/>\n<script type=\"application\/ld+json\" class=\"yoast-schema-graph\">{\"@context\":\"https:\\\/\\\/schema.org\",\"@graph\":[{\"@type\":\"WebPage\",\"@id\":\"https:\\\/\\\/mmkriepas.lv\\\/en\\\/p\\\/225-55r18-gripmax-stature-m-s-98v-2\\\/\",\"url\":\"https:\\\/\\\/mmkriepas.lv\\\/en\\\/p\\\/225-55r18-gripmax-stature-m-s-98v-2\\\/\",\"name\":\"225\\\/55R18 Gripmax Stature M\\\/S 98V &#8226; MMK Riepas\",\"isPartOf\":{\"@id\":\"https:\\\/\\\/mmkriepas.lv\\\/en\\\/#website\"},\"primaryImageOfPage\":{\"@id\":\"https:\\\/\\\/mmkriepas.lv\\\/en\\\/p\\\/225-55r18-gripmax-stature-m-s-98v-2\\\/#primaryimage\"},\"image\":{\"@id\":\"https:\\\/\\\/mmkriepas.lv\\\/en\\\/p\\\/225-55r18-gripmax-stature-m-s-98v-2\\\/#primaryimage\"},\"thumbnailUrl\":\"https:\\\/\\\/mmkriepas.lv\\\/wp-content\\\/uploads\\\/2022\\\/08\\\/27540r21-gripmax-stature-ms-107v-xl-ziemas-riepas-2.jpg\",\"datePublished\":\"2024-11-08T14:48:12+00:00\",\"dateModified\":\"2026-03-30T11:20:24+00:00\",\"breadcrumb\":{\"@id\":\"https:\\\/\\\/mmkriepas.lv\\\/en\\\/p\\\/225-55r18-gripmax-stature-m-s-98v-2\\\/#breadcrumb\"},\"inLanguage\":\"en-US\",\"potentialAction\":[{\"@type\":\"ReadAction\",\"target\":[\"https:\\\/\\\/mmkriepas.lv\\\/en\\\/p\\\/225-55r18-gripmax-stature-m-s-98v-2\\\/\"]}]},{\"@type\":\"ImageObject\",\"inLanguage\":\"en-US\",\"@id\":\"https:\\\/\\\/mmkriepas.lv\\\/en\\\/p\\\/225-55r18-gripmax-stature-m-s-98v-2\\\/#primaryimage\",\"url\":\"https:\\\/\\\/mmkriepas.lv\\\/wp-content\\\/uploads\\\/2022\\\/08\\\/27540r21-gripmax-stature-ms-107v-xl-ziemas-riepas-2.jpg\",\"contentUrl\":\"https:\\\/\\\/mmkriepas.lv\\\/wp-content\\\/uploads\\\/2022\\\/08\\\/27540r21-gripmax-stature-ms-107v-xl-ziemas-riepas-2.jpg\",\"width\":1920,\"height\":1280,\"caption\":\"275\\\/40R21 Gripmax Stature M\\\/S 107V XL - Vissezonas riepas \\\/ Ziemas riepas\"},{\"@type\":\"BreadcrumbList\",\"@id\":\"https:\\\/\\\/mmkriepas.lv\\\/en\\\/p\\\/225-55r18-gripmax-stature-m-s-98v-2\\\/#breadcrumb\",\"itemListElement\":[{\"@type\":\"ListItem\",\"position\":1,\"name\":\"S\u0101kums\",\"item\":\"https:\\\/\\\/mmkriepas.lv\\\/en\\\/\"},{\"@type\":\"ListItem\",\"position\":2,\"name\":\"225\\\/55R18 Gripmax Stature M\\\/S 98V\"}]},{\"@type\":\"WebSite\",\"@id\":\"https:\\\/\\\/mmkriepas.lv\\\/en\\\/#website\",\"url\":\"https:\\\/\\\/mmkriepas.lv\\\/en\\\/\",\"name\":\"MMK Riepas\",\"description\":\"MMK Riepas\",\"alternateName\":\"MMK Riepu Serviss\",\"potentialAction\":[{\"@type\":\"SearchAction\",\"target\":{\"@type\":\"EntryPoint\",\"urlTemplate\":\"https:\\\/\\\/mmkriepas.lv\\\/en\\\/?s={search_term_string}\"},\"query-input\":{\"@type\":\"PropertyValueSpecification\",\"valueRequired\":true,\"valueName\":\"search_term_string\"}}],\"inLanguage\":\"en-US\"},{\"@type\":\"ImageObject\",\"inLanguage\":\"en-US\",\"@id\":\"https:\\\/\\\/mmkriepas.lv\\\/en\\\/p\\\/225-55r18-gripmax-stature-m-s-98v-2\\\/#local-main-organization-logo\",\"url\":\"\",\"contentUrl\":\"\",\"caption\":\"MMK Riepas\"}]}<\/script>\n<meta property=\"product:brand\" content=\"Gripmax Stature M\/S\" \/>\n<meta property=\"product:price:amount\" content=\"99.00\" \/>\n<meta property=\"product:price:currency\" content=\"EUR\" \/>\n<meta property=\"og:availability\" content=\"instock\" \/>\n<meta property=\"product:availability\" content=\"instock\" \/>\n<meta property=\"product:retailer_item_id\" content=\"TW2255518Gripm-E41978\" \/>\n<meta property=\"product:condition\" content=\"new\" \/>\n<!-- \/ Yoast SEO Premium plugin. -->","yoast_head_json":{"title":"225\/55R18 Gripmax Stature M\/S 98V &#8226; MMK Riepas","robots":{"index":"index","follow":"follow","max-snippet":"max-snippet:-1","max-image-preview":"max-image-preview:large","max-video-preview":"max-video-preview:-1"},"canonical":"https:\/\/mmkriepas.lv\/en\/p\/225-55r18-gripmax-stature-m-s-98v-2\/","og_locale":"en_US","og_type":"article","og_title":"225\/55R18 Gripmax Stature M\/S 98V","og_description":"Gripmax Stature M\/S ir ziemas riepu modelis, kas paredz\u0113ts krosoveriem un apvidus auto jeb SUV. Pats ra\u017eot\u0101js \u0161o riepu iek\u013cauj High Terrain kategorij\u0101, kas noz\u012bm\u0113, ka brauk\u0161ana pa asfalt\u0113tiem ce\u013ciem ir t\u0101s stipr\u0101 puse.","og_url":"https:\/\/mmkriepas.lv\/en\/p\/225-55r18-gripmax-stature-m-s-98v-2\/","og_site_name":"MMK Riepas","article_publisher":"https:\/\/www.facebook.com\/mmkserviss\/","article_modified_time":"2026-03-30T11:20:24+00:00","og_image":[{"width":1920,"height":1280,"url":"https:\/\/mmkriepas.lv\/wp-content\/uploads\/2022\/08\/27540r21-gripmax-stature-ms-107v-xl-ziemas-riepas-2.jpg","type":"image\/jpeg"}],"twitter_card":"summary_large_image","twitter_misc":{"Price":"&euro;99.00","Availability":"In stock"},"schema":{"@context":"https:\/\/schema.org","@graph":[{"@type":"WebPage","@id":"https:\/\/mmkriepas.lv\/en\/p\/225-55r18-gripmax-stature-m-s-98v-2\/","url":"https:\/\/mmkriepas.lv\/en\/p\/225-55r18-gripmax-stature-m-s-98v-2\/","name":"225\/55R18 Gripmax Stature M\/S 98V &#8226; MMK Riepas","isPartOf":{"@id":"https:\/\/mmkriepas.lv\/en\/#website"},"primaryImageOfPage":{"@id":"https:\/\/mmkriepas.lv\/en\/p\/225-55r18-gripmax-stature-m-s-98v-2\/#primaryimage"},"image":{"@id":"https:\/\/mmkriepas.lv\/en\/p\/225-55r18-gripmax-stature-m-s-98v-2\/#primaryimage"},"thumbnailUrl":"https:\/\/mmkriepas.lv\/wp-content\/uploads\/2022\/08\/27540r21-gripmax-stature-ms-107v-xl-ziemas-riepas-2.jpg","datePublished":"2024-11-08T14:48:12+00:00","dateModified":"2026-03-30T11:20:24+00:00","breadcrumb":{"@id":"https:\/\/mmkriepas.lv\/en\/p\/225-55r18-gripmax-stature-m-s-98v-2\/#breadcrumb"},"inLanguage":"en-US","potentialAction":[{"@type":"ReadAction","target":["https:\/\/mmkriepas.lv\/en\/p\/225-55r18-gripmax-stature-m-s-98v-2\/"]}]},{"@type":"ImageObject","inLanguage":"en-US","@id":"https:\/\/mmkriepas.lv\/en\/p\/225-55r18-gripmax-stature-m-s-98v-2\/#primaryimage","url":"https:\/\/mmkriepas.lv\/wp-content\/uploads\/2022\/08\/27540r21-gripmax-stature-ms-107v-xl-ziemas-riepas-2.jpg","contentUrl":"https:\/\/mmkriepas.lv\/wp-content\/uploads\/2022\/08\/27540r21-gripmax-stature-ms-107v-xl-ziemas-riepas-2.jpg","width":1920,"height":1280,"caption":"275\/40R21 Gripmax Stature M\/S 107V XL - Vissezonas riepas \/ Ziemas riepas"},{"@type":"BreadcrumbList","@id":"https:\/\/mmkriepas.lv\/en\/p\/225-55r18-gripmax-stature-m-s-98v-2\/#breadcrumb","itemListElement":[{"@type":"ListItem","position":1,"name":"S\u0101kums","item":"https:\/\/mmkriepas.lv\/en\/"},{"@type":"ListItem","position":2,"name":"225\/55R18 Gripmax Stature M\/S 98V"}]},{"@type":"WebSite","@id":"https:\/\/mmkriepas.lv\/en\/#website","url":"https:\/\/mmkriepas.lv\/en\/","name":"MMK Riepas","description":"MMK Riepas","alternateName":"MMK Riepu Serviss","potentialAction":[{"@type":"SearchAction","target":{"@type":"EntryPoint","urlTemplate":"https:\/\/mmkriepas.lv\/en\/?s={search_term_string}"},"query-input":{"@type":"PropertyValueSpecification","valueRequired":true,"valueName":"search_term_string"}}],"inLanguage":"en-US"},{"@type":"ImageObject","inLanguage":"en-US","@id":"https:\/\/mmkriepas.lv\/en\/p\/225-55r18-gripmax-stature-m-s-98v-2\/#local-main-organization-logo","url":"","contentUrl":"","caption":"MMK Riepas"}]},"product_brand":"Gripmax Stature M\/S","product_price_amount":"99.00","product_price_currency":"EUR","og_availability":"instock","product_availability":"instock","product_retailer_item_id":"TW2255518Gripm-E41978","product_condition":"new"},"_links":{"self":[{"href":"https:\/\/mmkriepas.lv\/en\/wp-json\/wp\/v2\/product\/1124425","targetHints":{"allow":["GET"]}}],"collection":[{"href":"https:\/\/mmkriepas.lv\/en\/wp-json\/wp\/v2\/product"}],"about":[{"href":"https:\/\/mmkriepas.lv\/en\/wp-json\/wp\/v2\/types\/product"}],"wp:featuredmedia":[{"embeddable":true,"href":"https:\/\/mmkriepas.lv\/en\/wp-json\/wp\/v2\/media\/310803"}],"wp:attachment":[{"href":"https:\/\/mmkriepas.lv\/en\/wp-json\/wp\/v2\/media?parent=1124425"}],"wp:term":[{"taxonomy":"product_brand","embeddable":true,"href":"https:\/\/mmkriepas.lv\/en\/wp-json\/wp\/v2\/product_brand?post=1124425"},{"taxonomy":"product_cat","embeddable":true,"href":"https:\/\/mmkriepas.lv\/en\/wp-json\/wp\/v2\/product_cat?post=1124425"},{"taxonomy":"product_tag","embeddable":true,"href":"https:\/\/mmkriepas.lv\/en\/wp-json\/wp\/v2\/product_tag?post=1124425"}],"curies":[{"name":"wp","href":"https:\/\/api.w.org\/{rel}","templated":true}]}}