{"id":1122509,"date":"2024-11-05T19:16:18","date_gmt":"2024-11-05T17:16:18","guid":{"rendered":"https:\/\/mmkriepas.lv\/?post_type=product&#038;p=1122509"},"modified":"2026-03-30T16:17:05","modified_gmt":"2026-03-30T13:17:05","slug":"245-35r20-rotalla-setula-w-raca-s330-95v-xl","status":"publish","type":"product","link":"https:\/\/mmkriepas.lv\/en\/p\/245-35r20-rotalla-setula-w-raca-s330-95v-xl\/","title":{"rendered":"245\/35R20 Rotalla Setula W Raca S330 95V XL"},"content":{"rendered":"<p><b><span style=\"font-family: 'Arial',sans-serif;\">Rotalla Setula W Race S330<\/span><\/b><span style=\"font-family: 'Arial',sans-serif;\"> ir ziemas riepu modelis, kas paredz\u0113ts apvidus jeb SUV automa\u0161\u012bn\u0101m. Tas izce\u013cas ar teicamu veiktsp\u0113ju da\u017e\u0101d\u0101kajos ziemas brauk\u0161anas apst\u0101k\u013cos, k\u0101 ar\u012b ar pievilc\u012bgu cenu.<o:p><\/o:p><\/span><\/p>\n<h3><span style=\"font-family: 'Arial',sans-serif;\">Setula W Race S330 galven\u0101s iez\u012bmes<o:p><\/o:p><\/span><\/h3>\n<p><span style=\"font-family: 'Arial',sans-serif;\">+ Lieliska veiktsp\u0113ja snieg\u0101, pateicoties virzienveida protektora rakstam.<o:p><\/o:p><\/span><\/p>\n<p><span style=\"font-family: 'Arial',sans-serif;\">+ Augsti att\u012bst\u012bta dren\u0101\u017eas kan\u0101lu sist\u0113ma, kas at\u013cauj efekt\u012bvi novad\u012bt \u016bdeni un sniegu no sa\u0137eres virsmas, mazinot akvaplan\u0113\u0161anas risku!<o:p><\/o:p><\/span><\/p>\n<p><span style=\"font-family: 'Arial',sans-serif;\">+ Uzlabots gumijas sast\u0101vs, kas papildin\u0101ts ar elastrom\u0113riem, \u013caujot riepai saglab\u0101t elastibu zem\u0101s gaisa temperat\u016br\u0101s.<o:p><\/o:p><\/span><\/p>\n<p><span style=\"font-family: 'Arial',sans-serif;\">+ Modelis paredz\u0113ts tie\u0161i apvidus jeb SUV automa\u0161\u012bn\u0101m.<o:p><\/o:p><\/span><\/p>\n<h3><span style=\"font-family: 'Arial',sans-serif;\">Setula W Race S330 apr\u012bkojums<o:p><\/o:p><\/span><\/h3>\n<p><span style=\"font-family: 'Arial',sans-serif;\">\u0160is Rotalla modelis apr\u012bkots ar virz\u012bta stila protektora rakstu, kas darin\u0101ts no augstas kvalit\u0101tes, elastrom\u0113riem bag\u0101ta gumijas mais\u012bjuma. Starp protektora blokiem atrodama att\u012bst\u012bta dren\u0101\u017eas kan\u0101lu sist\u0113ma, kas pal\u012bdz\u0113s sausin\u0101t kontakta virsmu, novadot no t\u0101s visu lieko \u016bdeni un sniegu. Mas\u012bvajos protektora blokos bl\u012bvi iestr\u0101d\u0101ti vair\u0101ki t\u016bksto\u0161i lame\u013cu, kuras veido sa\u0137eri ar ledu,slidenaj\u0101 virsm\u0101 iec\u0113rtoties ar as\u0101m kant\u0113m.\u00a0<o:p><\/o:p><\/span><\/p>\n<p><b><span style=\"font-family: 'Arial',sans-serif;\">Rotalla Setula W Race S330 <\/span><\/b><span style=\"font-family: 'Arial',sans-serif;\">mode\u013ca lieto\u0161anas dro\u0161\u012bbu ziemas laika apst\u0101k\u013cos un t\u0101 atbilst\u012bbu valst\u012bm ar oblig\u0101tu sezon\u0101lo riepu mai\u0146u apstiprina mar\u0137\u0113jums sniegp\u0101rslas form\u0101 uz kalna fona ar trim virsotn\u0113m (3PMSF).<\/span><\/p>\n","protected":false},"excerpt":{"rendered":"<p><b><span style=\"font-family: 'Arial',sans-serif;\">Rotalla Setula W Race S330<\/span><\/b><span style=\"font-family: 'Arial',sans-serif;\"> ir ziemas riepu modelis, kas paredz\u0113ts apvidus jeb SUV automa\u0161\u012bn\u0101m. Tas izce\u013cas ar teicamu veiktsp\u0113ju da\u017e\u0101d\u0101kajos ziemas brauk\u0161anas apst\u0101k\u013cos, k\u0101 ar\u012b ar pievilc\u012bgu cenu.<\/span><\/p>\n","protected":false},"featured_media":312636,"template":"","meta":{"_acf_changed":false,"ngg_post_thumbnail":0},"product_brand":[],"product_cat":[47,45],"product_tag":[],"class_list":{"0":"post-1122509","1":"product","2":"type-product","3":"status-publish","4":"has-post-thumbnail","6":"product_cat-vissezonas-riepas","7":"product_cat-ziemas-riepas","9":"first","10":"instock","11":"sale","12":"taxable","13":"shipping-taxable","14":"purchasable","15":"product-type-simple"},"acf":[],"yoast_head":"<!-- This site is optimized with the Yoast SEO Premium plugin v22.6 (Yoast SEO v27.3) - https:\/\/yoast.com\/product\/yoast-seo-premium-wordpress\/ -->\n<title>245\/35R20 Rotalla Setula W Raca S330 95V XL &#8226; MMK Riepas<\/title>\n<meta name=\"robots\" content=\"index, follow, max-snippet:-1, max-image-preview:large, max-video-preview:-1\" \/>\n<link rel=\"canonical\" href=\"https:\/\/mmkriepas.lv\/en\/p\/245-35r20-rotalla-setula-w-raca-s330-95v-xl\/\" \/>\n<meta property=\"og:locale\" content=\"en_US\" \/>\n<meta property=\"og:type\" content=\"article\" \/>\n<meta property=\"og:title\" content=\"245\/35R20 Rotalla Setula W Raca S330 95V XL\" \/>\n<meta property=\"og:description\" content=\"Rotalla Setula W Race S330 ir ziemas riepu modelis, kas paredz\u0113ts apvidus jeb SUV automa\u0161\u012bn\u0101m. Tas izce\u013cas ar teicamu veiktsp\u0113ju da\u017e\u0101d\u0101kajos ziemas brauk\u0161anas apst\u0101k\u013cos, k\u0101 ar\u012b ar pievilc\u012bgu cenu.\" \/>\n<meta property=\"og:url\" content=\"https:\/\/mmkriepas.lv\/en\/p\/245-35r20-rotalla-setula-w-raca-s330-95v-xl\/\" \/>\n<meta property=\"og:site_name\" content=\"MMK Riepas\" \/>\n<meta property=\"article:publisher\" content=\"https:\/\/www.facebook.com\/mmkserviss\/\" \/>\n<meta property=\"article:modified_time\" content=\"2026-03-30T13:17:05+00:00\" \/>\n<meta property=\"og:image\" content=\"https:\/\/mmkriepas.lv\/wp-content\/uploads\/2022\/09\/29535r21-rotalla-setula-w-race-s330-107v-xl-ziemas-riepas.jpg\" \/>\n\t<meta property=\"og:image:width\" content=\"1920\" \/>\n\t<meta property=\"og:image:height\" content=\"1278\" \/>\n\t<meta property=\"og:image:type\" content=\"image\/jpeg\" \/>\n<meta name=\"twitter:card\" content=\"summary_large_image\" \/>\n<meta name=\"twitter:label1\" content=\"Price\" \/>\n\t<meta name=\"twitter:data1\" content=\"&euro;94.00\" \/>\n\t<meta name=\"twitter:label2\" content=\"Availability\" \/>\n\t<meta name=\"twitter:data2\" content=\"In stock\" \/>\n<script type=\"application\/ld+json\" class=\"yoast-schema-graph\">{\"@context\":\"https:\\\/\\\/schema.org\",\"@graph\":[{\"@type\":\"WebPage\",\"@id\":\"https:\\\/\\\/mmkriepas.lv\\\/en\\\/p\\\/245-35r20-rotalla-setula-w-raca-s330-95v-xl\\\/\",\"url\":\"https:\\\/\\\/mmkriepas.lv\\\/en\\\/p\\\/245-35r20-rotalla-setula-w-raca-s330-95v-xl\\\/\",\"name\":\"245\\\/35R20 Rotalla Setula W Raca S330 95V XL &#8226; MMK Riepas\",\"isPartOf\":{\"@id\":\"https:\\\/\\\/mmkriepas.lv\\\/en\\\/#website\"},\"primaryImageOfPage\":{\"@id\":\"https:\\\/\\\/mmkriepas.lv\\\/en\\\/p\\\/245-35r20-rotalla-setula-w-raca-s330-95v-xl\\\/#primaryimage\"},\"image\":{\"@id\":\"https:\\\/\\\/mmkriepas.lv\\\/en\\\/p\\\/245-35r20-rotalla-setula-w-raca-s330-95v-xl\\\/#primaryimage\"},\"thumbnailUrl\":\"https:\\\/\\\/mmkriepas.lv\\\/wp-content\\\/uploads\\\/2022\\\/09\\\/29535r21-rotalla-setula-w-race-s330-107v-xl-ziemas-riepas.jpg\",\"datePublished\":\"2024-11-05T17:16:18+00:00\",\"dateModified\":\"2026-03-30T13:17:05+00:00\",\"breadcrumb\":{\"@id\":\"https:\\\/\\\/mmkriepas.lv\\\/en\\\/p\\\/245-35r20-rotalla-setula-w-raca-s330-95v-xl\\\/#breadcrumb\"},\"inLanguage\":\"en-US\",\"potentialAction\":[{\"@type\":\"ReadAction\",\"target\":[\"https:\\\/\\\/mmkriepas.lv\\\/en\\\/p\\\/245-35r20-rotalla-setula-w-raca-s330-95v-xl\\\/\"]}]},{\"@type\":\"ImageObject\",\"inLanguage\":\"en-US\",\"@id\":\"https:\\\/\\\/mmkriepas.lv\\\/en\\\/p\\\/245-35r20-rotalla-setula-w-raca-s330-95v-xl\\\/#primaryimage\",\"url\":\"https:\\\/\\\/mmkriepas.lv\\\/wp-content\\\/uploads\\\/2022\\\/09\\\/29535r21-rotalla-setula-w-race-s330-107v-xl-ziemas-riepas.jpg\",\"contentUrl\":\"https:\\\/\\\/mmkriepas.lv\\\/wp-content\\\/uploads\\\/2022\\\/09\\\/29535r21-rotalla-setula-w-race-s330-107v-xl-ziemas-riepas.jpg\",\"width\":1920,\"height\":1278,\"caption\":\"295\\\/35R21 Rotalla Setula W Race S330 107V XL - Vissezonas riepas \\\/ Ziemas riepas\"},{\"@type\":\"BreadcrumbList\",\"@id\":\"https:\\\/\\\/mmkriepas.lv\\\/en\\\/p\\\/245-35r20-rotalla-setula-w-raca-s330-95v-xl\\\/#breadcrumb\",\"itemListElement\":[{\"@type\":\"ListItem\",\"position\":1,\"name\":\"S\u0101kums\",\"item\":\"https:\\\/\\\/mmkriepas.lv\\\/en\\\/\"},{\"@type\":\"ListItem\",\"position\":2,\"name\":\"245\\\/35R20 Rotalla Setula W Raca S330 95V XL\"}]},{\"@type\":\"WebSite\",\"@id\":\"https:\\\/\\\/mmkriepas.lv\\\/en\\\/#website\",\"url\":\"https:\\\/\\\/mmkriepas.lv\\\/en\\\/\",\"name\":\"MMK Riepas\",\"description\":\"MMK Riepas\",\"alternateName\":\"MMK Riepu Serviss\",\"potentialAction\":[{\"@type\":\"SearchAction\",\"target\":{\"@type\":\"EntryPoint\",\"urlTemplate\":\"https:\\\/\\\/mmkriepas.lv\\\/en\\\/?s={search_term_string}\"},\"query-input\":{\"@type\":\"PropertyValueSpecification\",\"valueRequired\":true,\"valueName\":\"search_term_string\"}}],\"inLanguage\":\"en-US\"},{\"@type\":\"ImageObject\",\"inLanguage\":\"en-US\",\"@id\":\"https:\\\/\\\/mmkriepas.lv\\\/en\\\/p\\\/245-35r20-rotalla-setula-w-raca-s330-95v-xl\\\/#local-main-organization-logo\",\"url\":\"\",\"contentUrl\":\"\",\"caption\":\"MMK Riepas\"}]}<\/script>\n<meta property=\"product:brand\" content=\"Rotalla Setula W Race S330\" \/>\n<meta property=\"product:price:amount\" content=\"94.00\" \/>\n<meta property=\"product:price:currency\" content=\"EUR\" \/>\n<meta property=\"og:availability\" content=\"instock\" \/>\n<meta property=\"product:availability\" content=\"instock\" \/>\n<meta property=\"product:retailer_item_id\" content=\"TW2453520Rotal-E41872\" \/>\n<meta property=\"product:condition\" content=\"new\" \/>\n<!-- \/ Yoast SEO Premium plugin. -->","yoast_head_json":{"title":"245\/35R20 Rotalla Setula W Raca S330 95V XL &#8226; MMK Riepas","robots":{"index":"index","follow":"follow","max-snippet":"max-snippet:-1","max-image-preview":"max-image-preview:large","max-video-preview":"max-video-preview:-1"},"canonical":"https:\/\/mmkriepas.lv\/en\/p\/245-35r20-rotalla-setula-w-raca-s330-95v-xl\/","og_locale":"en_US","og_type":"article","og_title":"245\/35R20 Rotalla Setula W Raca S330 95V XL","og_description":"Rotalla Setula W Race S330 ir ziemas riepu modelis, kas paredz\u0113ts apvidus jeb SUV automa\u0161\u012bn\u0101m. Tas izce\u013cas ar teicamu veiktsp\u0113ju da\u017e\u0101d\u0101kajos ziemas brauk\u0161anas apst\u0101k\u013cos, k\u0101 ar\u012b ar pievilc\u012bgu cenu.","og_url":"https:\/\/mmkriepas.lv\/en\/p\/245-35r20-rotalla-setula-w-raca-s330-95v-xl\/","og_site_name":"MMK Riepas","article_publisher":"https:\/\/www.facebook.com\/mmkserviss\/","article_modified_time":"2026-03-30T13:17:05+00:00","og_image":[{"width":1920,"height":1278,"url":"https:\/\/mmkriepas.lv\/wp-content\/uploads\/2022\/09\/29535r21-rotalla-setula-w-race-s330-107v-xl-ziemas-riepas.jpg","type":"image\/jpeg"}],"twitter_card":"summary_large_image","twitter_misc":{"Price":"&euro;94.00","Availability":"In stock"},"schema":{"@context":"https:\/\/schema.org","@graph":[{"@type":"WebPage","@id":"https:\/\/mmkriepas.lv\/en\/p\/245-35r20-rotalla-setula-w-raca-s330-95v-xl\/","url":"https:\/\/mmkriepas.lv\/en\/p\/245-35r20-rotalla-setula-w-raca-s330-95v-xl\/","name":"245\/35R20 Rotalla Setula W Raca S330 95V XL &#8226; MMK Riepas","isPartOf":{"@id":"https:\/\/mmkriepas.lv\/en\/#website"},"primaryImageOfPage":{"@id":"https:\/\/mmkriepas.lv\/en\/p\/245-35r20-rotalla-setula-w-raca-s330-95v-xl\/#primaryimage"},"image":{"@id":"https:\/\/mmkriepas.lv\/en\/p\/245-35r20-rotalla-setula-w-raca-s330-95v-xl\/#primaryimage"},"thumbnailUrl":"https:\/\/mmkriepas.lv\/wp-content\/uploads\/2022\/09\/29535r21-rotalla-setula-w-race-s330-107v-xl-ziemas-riepas.jpg","datePublished":"2024-11-05T17:16:18+00:00","dateModified":"2026-03-30T13:17:05+00:00","breadcrumb":{"@id":"https:\/\/mmkriepas.lv\/en\/p\/245-35r20-rotalla-setula-w-raca-s330-95v-xl\/#breadcrumb"},"inLanguage":"en-US","potentialAction":[{"@type":"ReadAction","target":["https:\/\/mmkriepas.lv\/en\/p\/245-35r20-rotalla-setula-w-raca-s330-95v-xl\/"]}]},{"@type":"ImageObject","inLanguage":"en-US","@id":"https:\/\/mmkriepas.lv\/en\/p\/245-35r20-rotalla-setula-w-raca-s330-95v-xl\/#primaryimage","url":"https:\/\/mmkriepas.lv\/wp-content\/uploads\/2022\/09\/29535r21-rotalla-setula-w-race-s330-107v-xl-ziemas-riepas.jpg","contentUrl":"https:\/\/mmkriepas.lv\/wp-content\/uploads\/2022\/09\/29535r21-rotalla-setula-w-race-s330-107v-xl-ziemas-riepas.jpg","width":1920,"height":1278,"caption":"295\/35R21 Rotalla Setula W Race S330 107V XL - Vissezonas riepas \/ Ziemas riepas"},{"@type":"BreadcrumbList","@id":"https:\/\/mmkriepas.lv\/en\/p\/245-35r20-rotalla-setula-w-raca-s330-95v-xl\/#breadcrumb","itemListElement":[{"@type":"ListItem","position":1,"name":"S\u0101kums","item":"https:\/\/mmkriepas.lv\/en\/"},{"@type":"ListItem","position":2,"name":"245\/35R20 Rotalla Setula W Raca S330 95V XL"}]},{"@type":"WebSite","@id":"https:\/\/mmkriepas.lv\/en\/#website","url":"https:\/\/mmkriepas.lv\/en\/","name":"MMK Riepas","description":"MMK Riepas","alternateName":"MMK Riepu Serviss","potentialAction":[{"@type":"SearchAction","target":{"@type":"EntryPoint","urlTemplate":"https:\/\/mmkriepas.lv\/en\/?s={search_term_string}"},"query-input":{"@type":"PropertyValueSpecification","valueRequired":true,"valueName":"search_term_string"}}],"inLanguage":"en-US"},{"@type":"ImageObject","inLanguage":"en-US","@id":"https:\/\/mmkriepas.lv\/en\/p\/245-35r20-rotalla-setula-w-raca-s330-95v-xl\/#local-main-organization-logo","url":"","contentUrl":"","caption":"MMK Riepas"}]},"product_brand":"Rotalla Setula W Race S330","product_price_amount":"94.00","product_price_currency":"EUR","og_availability":"instock","product_availability":"instock","product_retailer_item_id":"TW2453520Rotal-E41872","product_condition":"new"},"_links":{"self":[{"href":"https:\/\/mmkriepas.lv\/en\/wp-json\/wp\/v2\/product\/1122509","targetHints":{"allow":["GET"]}}],"collection":[{"href":"https:\/\/mmkriepas.lv\/en\/wp-json\/wp\/v2\/product"}],"about":[{"href":"https:\/\/mmkriepas.lv\/en\/wp-json\/wp\/v2\/types\/product"}],"wp:featuredmedia":[{"embeddable":true,"href":"https:\/\/mmkriepas.lv\/en\/wp-json\/wp\/v2\/media\/312636"}],"wp:attachment":[{"href":"https:\/\/mmkriepas.lv\/en\/wp-json\/wp\/v2\/media?parent=1122509"}],"wp:term":[{"taxonomy":"product_brand","embeddable":true,"href":"https:\/\/mmkriepas.lv\/en\/wp-json\/wp\/v2\/product_brand?post=1122509"},{"taxonomy":"product_cat","embeddable":true,"href":"https:\/\/mmkriepas.lv\/en\/wp-json\/wp\/v2\/product_cat?post=1122509"},{"taxonomy":"product_tag","embeddable":true,"href":"https:\/\/mmkriepas.lv\/en\/wp-json\/wp\/v2\/product_tag?post=1122509"}],"curies":[{"name":"wp","href":"https:\/\/api.w.org\/{rel}","templated":true}]}}