{"id":1122349,"date":"2024-11-05T19:10:48","date_gmt":"2024-11-05T17:10:48","guid":{"rendered":"https:\/\/mmkriepas.lv\/?post_type=product&#038;p=1122349"},"modified":"2026-03-30T14:23:40","modified_gmt":"2026-03-30T11:23:40","slug":"225-65r17-yokohama-geolandar-a-t-g015-102h","status":"publish","type":"product","link":"https:\/\/mmkriepas.lv\/en\/p\/225-65r17-yokohama-geolandar-a-t-g015-102h\/","title":{"rendered":"225\/65R17 Yokohama GEOLANDAR A\/T G015 102H RPB"},"content":{"rendered":"<p class=\"western\" align=\"left\"><span style=\"font-family: Arial, sans-serif;\"><b><span>Yokohama GEOLANDAR A\/T G015<\/span><\/b><span> ir izcilas kvalit\u0101tes, Jap\u0101\u0146u premium klases All-Terrain jeb apvidus riepu modelis. Tas izce\u013cas ar teicamiem veiktsp\u0113jas r\u0101d\u012bt\u0101jiem uz irden\u0101m ce\u013ca virsm\u0101m &#8211; smilt\u012bs, uz grants ce\u013ciem, dub\u013cos un m\u0113renos bezce\u013cos, k\u0101 ar\u012b ar palielin\u0101tu nodilumiztur\u012bbu. \u0160is riepu modelis paredz\u0113ts tiem apvidus auto jeb SUV vad\u012bt\u0101jiem, kuri ikdien\u0101 p\u0101rvietojas ne tikai pa pils\u0113tas asfaltu un \u0161oseju, bet sastopas ar\u012b ar bezce\u013ciem. Modelis pieejams pla\u0161\u0101 izm\u0113ru kl\u0101st\u0101 no R15 l\u012bdz pat R22 un der\u0113s liel\u0101kajai da\u013cai m\u016bsdienu apvidus automa\u0161\u012bnu.<\/span><\/span><\/p>\n<h3 class=\"western\"><span style=\"font-family: Arial, sans-serif;\"><span>Yokohama GEOLANDAR A\/T G015 galven\u0101s \u012bpa\u0161\u012bbas<\/span><\/span><\/h3>\n<p class=\"western\"><span style=\"font-family: Arial, sans-serif;\"><span>+ Teicama sa\u0137ere ne tikai uz asfalta, bet ar\u012b smilt\u012bs, uz grants ce\u013ciem un pat m\u0113renos bezce\u013cos.<br \/>+ Dzi\u013c\u0161 un agres\u012bvs protektora raksts.<br \/>+ Zems akvaplan\u0113\u0161anas risks, pateicoties att\u012bst\u012btai dren\u0101\u017eas jeb \u016bdens novadkan\u0101lu sist\u0113mai.<br \/>+ Palielin\u0101ta nodilumiztur\u012bba.<br \/>+ Viens no zem\u0101kajiem trok\u0161\u0146a l\u012bme\u0146iem sav\u0101 klas\u0113.<br \/>+ Vado\u0161\u0101s jap\u0101\u0146u riepu giganta &#8211; Yokohama tehnolo\u0123ijas.<br \/>+ Lieli slodzes indeksi \u012bpa\u0161i smag\u0101m apvidus automa\u0161\u012bn\u0101m.<\/span><\/span><\/p>\n<h3 class=\"western\"><span style=\"font-family: Arial, sans-serif;\"><span>G015 apr\u012bkojums<\/span><\/span><\/h3>\n<p class=\"western\"><span style=\"font-family: Arial, sans-serif;\"><span>Yokohama GEOLANDAR A\/T G015 All-Terrains jeb apvidus riepu modelis apr\u012bkots ar agres\u012bvu un dzi\u013cu simetrisko protektora rakstu. \u0160\u0101ds dizains sev\u012b apvieno teicamas kravnes\u012bbas un sa\u0137eres \u012bpa\u0161\u012bbas smilt\u012bs, uz grants ce\u013ciem, dub\u013cos, k\u0101 ar\u012b m\u0113renos bezce\u013cos.\u00a0<\/span><\/span><\/p>\n<p class=\"western\"><span style=\"font-family: Arial, sans-serif;\"><span>Protektora bloki darin\u0101ti no \u012bpa\u0161i izstr\u0101d\u0101ta, iztur\u012bga gumijas sakaus\u0113juma. Tam pievienotie elastrom\u0113ri \u013cauj riepai, saglab\u0101jot iztur\u012bbu, nezaud\u0113t ar\u012b elast\u012bbu. K\u0101 zin\u0101ms, elast\u012bga riepa lab\u0101k veido sa\u0137eri ar ce\u013cu, un ar\u012b dilst vienm\u0113r\u012bg\u0101k.<\/span><\/span><\/p>\n<p class=\"western\"><span style=\"font-family: Arial, sans-serif;\"><span>Atsevi\u0161\u0137os izm\u0113ros \u0161is riepu modelis pieejams ar palielin\u0101tiem kravnes\u012bbas indeksiem. Tas noz\u012bm\u0113, ka riepas karkass ticis pastiprin\u0101ts ar vair\u0101kiem kordu jeb brekera sl\u0101\u0146iem, b\u016btiski paildzinot riepu m\u016b\u017eu, k\u0101 ar\u012b uzlabojot to triecieniztur\u012bbu un celtsp\u0113ju.<\/span><\/span><\/p>\n","protected":false},"excerpt":{"rendered":"<p><span style=\"font-family: Arial, sans-serif;\"><b><span>Yokohama GEOLANDAR A\/T G015<\/span><\/b><span> ir izcilas kvalit\u0101tes, Jap\u0101\u0146u premium klases All-Terrain jeb apvidus riepu modelis. Tas izce\u013cas ar teicamiem veiktsp\u0113jas r\u0101d\u012bt\u0101jiem uz irden\u0101m ce\u013ca virsm\u0101m &#8211; smilt\u012bs, uz grants ce\u013ciem, dub\u013cos un m\u0113renos bezce\u013cos, k\u0101 ar\u012b ar palielin\u0101tu nodilumiztur\u012bbu. \u0160is riepu modelis paredz\u0113ts tiem apvidus auto jeb SUV vad\u012bt\u0101jiem, kuri ikdien\u0101 p\u0101rvietojas ne tikai pa pils\u0113tas asfaltu un \u0161oseju, bet sastopas ar\u012b ar bezce\u013ciem. Modelis pieejams pla\u0161\u0101 izm\u0113ru kl\u0101st\u0101 no R15 l\u012bdz pat R22 un der\u0113s liel\u0101kajai da\u013cai m\u016bsdienu apvidus automa\u0161\u012bnu.<\/span><\/span><\/p>\n","protected":false},"featured_media":904201,"template":"","meta":{"_acf_changed":false,"ngg_post_thumbnail":0},"product_brand":[],"product_cat":[46,47,45],"product_tag":[],"class_list":{"0":"post-1122349","1":"product","2":"type-product","3":"status-publish","4":"has-post-thumbnail","6":"product_cat-vasaras-riepas","7":"product_cat-vissezonas-riepas","8":"product_cat-ziemas-riepas","10":"first","11":"instock","12":"sale","13":"taxable","14":"shipping-taxable","15":"purchasable","16":"product-type-simple"},"acf":[],"yoast_head":"<!-- This site is optimized with the Yoast SEO Premium plugin v22.6 (Yoast SEO v27.3) - https:\/\/yoast.com\/product\/yoast-seo-premium-wordpress\/ -->\n<title>225\/65R17 Yokohama GEOLANDAR A\/T G015 102H RPB &#8226; MMK Riepas<\/title>\n<meta name=\"robots\" content=\"index, follow, max-snippet:-1, max-image-preview:large, max-video-preview:-1\" \/>\n<link rel=\"canonical\" href=\"https:\/\/mmkriepas.lv\/en\/p\/225-65r17-yokohama-geolandar-a-t-g015-102h\/\" \/>\n<meta property=\"og:locale\" content=\"en_US\" \/>\n<meta property=\"og:type\" content=\"article\" \/>\n<meta property=\"og:title\" content=\"225\/65R17 Yokohama GEOLANDAR A\/T G015 102H RPB\" \/>\n<meta property=\"og:description\" content=\"Yokohama GEOLANDAR A\/T G015 ir izcilas kvalit\u0101tes, Jap\u0101\u0146u premium klases All-Terrain jeb apvidus riepu modelis. Tas izce\u013cas ar teicamiem veiktsp\u0113jas r\u0101d\u012bt\u0101jiem uz irden\u0101m ce\u013ca virsm\u0101m - smilt\u012bs, uz grants ce\u013ciem, dub\u013cos un m\u0113renos bezce\u013cos, k\u0101 ar\u012b ar palielin\u0101tu nodilumiztur\u012bbu. \u0160is riepu modelis paredz\u0113ts tiem apvidus auto jeb SUV vad\u012bt\u0101jiem, kuri ikdien\u0101 p\u0101rvietojas ne tikai pa pils\u0113tas asfaltu un \u0161oseju, bet sastopas ar\u012b ar bezce\u013ciem. Modelis pieejams pla\u0161\u0101 izm\u0113ru kl\u0101st\u0101 no R15 l\u012bdz pat R22 un der\u0113s liel\u0101kajai da\u013cai m\u016bsdienu apvidus automa\u0161\u012bnu.\" \/>\n<meta property=\"og:url\" content=\"https:\/\/mmkriepas.lv\/en\/p\/225-65r17-yokohama-geolandar-a-t-g015-102h\/\" \/>\n<meta property=\"og:site_name\" content=\"MMK Riepas\" \/>\n<meta property=\"article:publisher\" content=\"https:\/\/www.facebook.com\/mmkserviss\/\" \/>\n<meta property=\"article:modified_time\" content=\"2026-03-30T11:23:40+00:00\" \/>\n<meta property=\"og:image\" content=\"https:\/\/mmkriepas.lv\/wp-content\/uploads\/2024\/05\/yokohama-geolandar-a-t-g015.jpg\" \/>\n\t<meta property=\"og:image:width\" content=\"900\" \/>\n\t<meta property=\"og:image:height\" content=\"720\" \/>\n\t<meta property=\"og:image:type\" content=\"image\/jpeg\" \/>\n<meta name=\"twitter:card\" content=\"summary_large_image\" \/>\n<meta name=\"twitter:label1\" content=\"Price\" \/>\n\t<meta name=\"twitter:data1\" content=\"&euro;138.00\" \/>\n\t<meta name=\"twitter:label2\" content=\"Availability\" \/>\n\t<meta name=\"twitter:data2\" content=\"In stock\" \/>\n<script type=\"application\/ld+json\" class=\"yoast-schema-graph\">{\"@context\":\"https:\\\/\\\/schema.org\",\"@graph\":[{\"@type\":\"WebPage\",\"@id\":\"https:\\\/\\\/mmkriepas.lv\\\/en\\\/p\\\/225-65r17-yokohama-geolandar-a-t-g015-102h\\\/\",\"url\":\"https:\\\/\\\/mmkriepas.lv\\\/en\\\/p\\\/225-65r17-yokohama-geolandar-a-t-g015-102h\\\/\",\"name\":\"225\\\/65R17 Yokohama GEOLANDAR A\\\/T G015 102H RPB &#8226; MMK Riepas\",\"isPartOf\":{\"@id\":\"https:\\\/\\\/mmkriepas.lv\\\/en\\\/#website\"},\"primaryImageOfPage\":{\"@id\":\"https:\\\/\\\/mmkriepas.lv\\\/en\\\/p\\\/225-65r17-yokohama-geolandar-a-t-g015-102h\\\/#primaryimage\"},\"image\":{\"@id\":\"https:\\\/\\\/mmkriepas.lv\\\/en\\\/p\\\/225-65r17-yokohama-geolandar-a-t-g015-102h\\\/#primaryimage\"},\"thumbnailUrl\":\"https:\\\/\\\/mmkriepas.lv\\\/wp-content\\\/uploads\\\/2024\\\/05\\\/yokohama-geolandar-a-t-g015.jpg\",\"datePublished\":\"2024-11-05T17:10:48+00:00\",\"dateModified\":\"2026-03-30T11:23:40+00:00\",\"breadcrumb\":{\"@id\":\"https:\\\/\\\/mmkriepas.lv\\\/en\\\/p\\\/225-65r17-yokohama-geolandar-a-t-g015-102h\\\/#breadcrumb\"},\"inLanguage\":\"en-US\",\"potentialAction\":[{\"@type\":\"ReadAction\",\"target\":[\"https:\\\/\\\/mmkriepas.lv\\\/en\\\/p\\\/225-65r17-yokohama-geolandar-a-t-g015-102h\\\/\"]}]},{\"@type\":\"ImageObject\",\"inLanguage\":\"en-US\",\"@id\":\"https:\\\/\\\/mmkriepas.lv\\\/en\\\/p\\\/225-65r17-yokohama-geolandar-a-t-g015-102h\\\/#primaryimage\",\"url\":\"https:\\\/\\\/mmkriepas.lv\\\/wp-content\\\/uploads\\\/2024\\\/05\\\/yokohama-geolandar-a-t-g015.jpg\",\"contentUrl\":\"https:\\\/\\\/mmkriepas.lv\\\/wp-content\\\/uploads\\\/2024\\\/05\\\/yokohama-geolandar-a-t-g015.jpg\",\"width\":900,\"height\":720,\"caption\":\"MAIN\"},{\"@type\":\"BreadcrumbList\",\"@id\":\"https:\\\/\\\/mmkriepas.lv\\\/en\\\/p\\\/225-65r17-yokohama-geolandar-a-t-g015-102h\\\/#breadcrumb\",\"itemListElement\":[{\"@type\":\"ListItem\",\"position\":1,\"name\":\"S\u0101kums\",\"item\":\"https:\\\/\\\/mmkriepas.lv\\\/en\\\/\"},{\"@type\":\"ListItem\",\"position\":2,\"name\":\"225\\\/65R17 Yokohama GEOLANDAR A\\\/T G015 102H RPB\"}]},{\"@type\":\"WebSite\",\"@id\":\"https:\\\/\\\/mmkriepas.lv\\\/en\\\/#website\",\"url\":\"https:\\\/\\\/mmkriepas.lv\\\/en\\\/\",\"name\":\"MMK Riepas\",\"description\":\"MMK Riepas\",\"alternateName\":\"MMK Riepu Serviss\",\"potentialAction\":[{\"@type\":\"SearchAction\",\"target\":{\"@type\":\"EntryPoint\",\"urlTemplate\":\"https:\\\/\\\/mmkriepas.lv\\\/en\\\/?s={search_term_string}\"},\"query-input\":{\"@type\":\"PropertyValueSpecification\",\"valueRequired\":true,\"valueName\":\"search_term_string\"}}],\"inLanguage\":\"en-US\"},{\"@type\":\"ImageObject\",\"inLanguage\":\"en-US\",\"@id\":\"https:\\\/\\\/mmkriepas.lv\\\/en\\\/p\\\/225-65r17-yokohama-geolandar-a-t-g015-102h\\\/#local-main-organization-logo\",\"url\":\"\",\"contentUrl\":\"\",\"caption\":\"MMK Riepas\"}]}<\/script>\n<meta property=\"product:brand\" content=\"Yokohama GEOLANDAR A\/T G015\" \/>\n<meta property=\"product:price:amount\" content=\"138.00\" \/>\n<meta property=\"product:price:currency\" content=\"EUR\" \/>\n<meta property=\"og:availability\" content=\"instock\" \/>\n<meta property=\"product:availability\" content=\"instock\" \/>\n<meta property=\"product:retailer_item_id\" content=\"TW2256517Yokoh-E41894\" \/>\n<meta property=\"product:condition\" content=\"new\" \/>\n<!-- \/ Yoast SEO Premium plugin. -->","yoast_head_json":{"title":"225\/65R17 Yokohama GEOLANDAR A\/T G015 102H RPB &#8226; MMK Riepas","robots":{"index":"index","follow":"follow","max-snippet":"max-snippet:-1","max-image-preview":"max-image-preview:large","max-video-preview":"max-video-preview:-1"},"canonical":"https:\/\/mmkriepas.lv\/en\/p\/225-65r17-yokohama-geolandar-a-t-g015-102h\/","og_locale":"en_US","og_type":"article","og_title":"225\/65R17 Yokohama GEOLANDAR A\/T G015 102H RPB","og_description":"Yokohama GEOLANDAR A\/T G015 ir izcilas kvalit\u0101tes, Jap\u0101\u0146u premium klases All-Terrain jeb apvidus riepu modelis. Tas izce\u013cas ar teicamiem veiktsp\u0113jas r\u0101d\u012bt\u0101jiem uz irden\u0101m ce\u013ca virsm\u0101m - smilt\u012bs, uz grants ce\u013ciem, dub\u013cos un m\u0113renos bezce\u013cos, k\u0101 ar\u012b ar palielin\u0101tu nodilumiztur\u012bbu. \u0160is riepu modelis paredz\u0113ts tiem apvidus auto jeb SUV vad\u012bt\u0101jiem, kuri ikdien\u0101 p\u0101rvietojas ne tikai pa pils\u0113tas asfaltu un \u0161oseju, bet sastopas ar\u012b ar bezce\u013ciem. Modelis pieejams pla\u0161\u0101 izm\u0113ru kl\u0101st\u0101 no R15 l\u012bdz pat R22 un der\u0113s liel\u0101kajai da\u013cai m\u016bsdienu apvidus automa\u0161\u012bnu.","og_url":"https:\/\/mmkriepas.lv\/en\/p\/225-65r17-yokohama-geolandar-a-t-g015-102h\/","og_site_name":"MMK Riepas","article_publisher":"https:\/\/www.facebook.com\/mmkserviss\/","article_modified_time":"2026-03-30T11:23:40+00:00","og_image":[{"width":900,"height":720,"url":"https:\/\/mmkriepas.lv\/wp-content\/uploads\/2024\/05\/yokohama-geolandar-a-t-g015.jpg","type":"image\/jpeg"}],"twitter_card":"summary_large_image","twitter_misc":{"Price":"&euro;138.00","Availability":"In stock"},"schema":{"@context":"https:\/\/schema.org","@graph":[{"@type":"WebPage","@id":"https:\/\/mmkriepas.lv\/en\/p\/225-65r17-yokohama-geolandar-a-t-g015-102h\/","url":"https:\/\/mmkriepas.lv\/en\/p\/225-65r17-yokohama-geolandar-a-t-g015-102h\/","name":"225\/65R17 Yokohama GEOLANDAR A\/T G015 102H RPB &#8226; MMK Riepas","isPartOf":{"@id":"https:\/\/mmkriepas.lv\/en\/#website"},"primaryImageOfPage":{"@id":"https:\/\/mmkriepas.lv\/en\/p\/225-65r17-yokohama-geolandar-a-t-g015-102h\/#primaryimage"},"image":{"@id":"https:\/\/mmkriepas.lv\/en\/p\/225-65r17-yokohama-geolandar-a-t-g015-102h\/#primaryimage"},"thumbnailUrl":"https:\/\/mmkriepas.lv\/wp-content\/uploads\/2024\/05\/yokohama-geolandar-a-t-g015.jpg","datePublished":"2024-11-05T17:10:48+00:00","dateModified":"2026-03-30T11:23:40+00:00","breadcrumb":{"@id":"https:\/\/mmkriepas.lv\/en\/p\/225-65r17-yokohama-geolandar-a-t-g015-102h\/#breadcrumb"},"inLanguage":"en-US","potentialAction":[{"@type":"ReadAction","target":["https:\/\/mmkriepas.lv\/en\/p\/225-65r17-yokohama-geolandar-a-t-g015-102h\/"]}]},{"@type":"ImageObject","inLanguage":"en-US","@id":"https:\/\/mmkriepas.lv\/en\/p\/225-65r17-yokohama-geolandar-a-t-g015-102h\/#primaryimage","url":"https:\/\/mmkriepas.lv\/wp-content\/uploads\/2024\/05\/yokohama-geolandar-a-t-g015.jpg","contentUrl":"https:\/\/mmkriepas.lv\/wp-content\/uploads\/2024\/05\/yokohama-geolandar-a-t-g015.jpg","width":900,"height":720,"caption":"MAIN"},{"@type":"BreadcrumbList","@id":"https:\/\/mmkriepas.lv\/en\/p\/225-65r17-yokohama-geolandar-a-t-g015-102h\/#breadcrumb","itemListElement":[{"@type":"ListItem","position":1,"name":"S\u0101kums","item":"https:\/\/mmkriepas.lv\/en\/"},{"@type":"ListItem","position":2,"name":"225\/65R17 Yokohama GEOLANDAR A\/T G015 102H RPB"}]},{"@type":"WebSite","@id":"https:\/\/mmkriepas.lv\/en\/#website","url":"https:\/\/mmkriepas.lv\/en\/","name":"MMK Riepas","description":"MMK Riepas","alternateName":"MMK Riepu Serviss","potentialAction":[{"@type":"SearchAction","target":{"@type":"EntryPoint","urlTemplate":"https:\/\/mmkriepas.lv\/en\/?s={search_term_string}"},"query-input":{"@type":"PropertyValueSpecification","valueRequired":true,"valueName":"search_term_string"}}],"inLanguage":"en-US"},{"@type":"ImageObject","inLanguage":"en-US","@id":"https:\/\/mmkriepas.lv\/en\/p\/225-65r17-yokohama-geolandar-a-t-g015-102h\/#local-main-organization-logo","url":"","contentUrl":"","caption":"MMK Riepas"}]},"product_brand":"Yokohama GEOLANDAR A\/T G015","product_price_amount":"138.00","product_price_currency":"EUR","og_availability":"instock","product_availability":"instock","product_retailer_item_id":"TW2256517Yokoh-E41894","product_condition":"new"},"_links":{"self":[{"href":"https:\/\/mmkriepas.lv\/en\/wp-json\/wp\/v2\/product\/1122349","targetHints":{"allow":["GET"]}}],"collection":[{"href":"https:\/\/mmkriepas.lv\/en\/wp-json\/wp\/v2\/product"}],"about":[{"href":"https:\/\/mmkriepas.lv\/en\/wp-json\/wp\/v2\/types\/product"}],"wp:featuredmedia":[{"embeddable":true,"href":"https:\/\/mmkriepas.lv\/en\/wp-json\/wp\/v2\/media\/904201"}],"wp:attachment":[{"href":"https:\/\/mmkriepas.lv\/en\/wp-json\/wp\/v2\/media?parent=1122349"}],"wp:term":[{"taxonomy":"product_brand","embeddable":true,"href":"https:\/\/mmkriepas.lv\/en\/wp-json\/wp\/v2\/product_brand?post=1122349"},{"taxonomy":"product_cat","embeddable":true,"href":"https:\/\/mmkriepas.lv\/en\/wp-json\/wp\/v2\/product_cat?post=1122349"},{"taxonomy":"product_tag","embeddable":true,"href":"https:\/\/mmkriepas.lv\/en\/wp-json\/wp\/v2\/product_tag?post=1122349"}],"curies":[{"name":"wp","href":"https:\/\/api.w.org\/{rel}","templated":true}]}}