{"id":1113803,"date":"2024-10-22T18:22:58","date_gmt":"2024-10-22T15:22:58","guid":{"rendered":"https:\/\/mmkriepas.lv\/?post_type=product&#038;p=1113803"},"modified":"2025-01-30T13:07:31","modified_gmt":"2025-01-30T11:07:31","slug":"235-65r16c-marshal-winter-portran-cw51-115-113r-kumho","status":"publish","type":"product","link":"https:\/\/mmkriepas.lv\/en\/p\/235-65r16c-marshal-winter-portran-cw51-115-113r-kumho\/","title":{"rendered":"235\/65R16C Marshal Winter PorTran CW51 115\/113R (Kumho)"},"content":{"rendered":"<p><strong>Marshal Winter PorTran CW51<\/strong> ir ziemas\/M+S riepu modelis, kas paredz\u0113ts komerctransportam. Riepas <strong>izce\u013cas ar sabalans\u0113t\u0101m eksplaut\u0101cijas \u012bpa\u0161\u012bb\u0101m<\/strong>, vienlaikus demonstr\u0113jot ar\u012b augstas komforta \u012bpa\u0161\u012bbas, palielin\u0101tu veiktsp\u0113ju un un uzticam\u012bbu skarb\u0101kos apst\u0101k\u013cos.<o:p><\/o:p><\/p>\n<h3><strong>Winter PorTran CW51 galven\u0101s iez\u012bmes<\/strong><o:p><\/o:p><\/h3>\n<p>+ Pastiprin\u0101ti protektora bloki, kas vienm\u0113r\u012bgi sadala slodzi kontakta virsm\u0101. <o:p><\/o:p><\/p>\n<p>+ Z\u0101\u0123veida lameles uzlabo sa\u0137eri ar sliden\u0101m ce\u013ca virsm\u0101m. <o:p><\/o:p><\/p>\n<p>+ Uzlabota veiktsp\u0113ja snieg\u0101, pateicoties protektora bloku augstumam un \u012bpa\u0161iem elementiem riepas plecu zon\u0101. <o:p><\/o:p><\/p>\n<p>+ Augsta nodilum iztur\u012bba <o:p><\/o:p><\/p>\n<p><strong>Marshal Winter PorTran CW51<\/strong> protektora raksts izce\u013cas ar vair\u0101kiem t\u016bksto\u0161iem z\u0101\u0123veida formas lame\u013cu, kas b\u016btiski uzlabo sa\u0137eri ar sliden\u0101m ce\u013ca virsm\u0101m, ar kur\u0101m var n\u0101kties saskarties ziemas apst\u0101k\u013cos. <o:p><\/o:p><\/p>\n<p>Mode\u013ca lieto\u0161anas dro\u0161\u012bbu ziemas laika apst\u0101k\u013cos un t\u0101 atbilst\u012bbu valst\u012bm ar oblig\u0101tu sezon\u0101lo riepu mai\u0146u apstiprina mar\u0137\u0113jums sniegp\u0101rslas form\u0101 uz kalna fona ar trim virsotn\u0113m (3PMSF).<\/p>\n","protected":false},"excerpt":{"rendered":"<p><strong>Marshal Winter PorTran CW51<\/strong> ir ziemas\/M+S riepu modelis, kas paredz\u0113ts komerctransportam. Riepas <strong>izce\u013cas ar sabalans\u0113t\u0101m eksplaut\u0101cijas \u012bpa\u0161\u012bb\u0101m<\/strong>, vienlaikus demonstr\u0113jot ar\u012b augstas komforta \u012bpa\u0161\u012bbas, palielin\u0101tu veiktsp\u0113ju un un uzticam\u012bbu skarb\u0101kos apst\u0101k\u013cos.<\/p>\n","protected":false},"featured_media":847414,"template":"","meta":{"_acf_changed":false,"ngg_post_thumbnail":0},"product_brand":[],"product_cat":[47,45],"product_tag":[],"class_list":{"0":"post-1113803","1":"product","2":"type-product","3":"status-publish","4":"has-post-thumbnail","6":"product_cat-vissezonas-riepas","7":"product_cat-ziemas-riepas","9":"first","10":"outofstock","11":"taxable","12":"shipping-taxable","13":"product-type-simple"},"acf":[],"yoast_head":"<!-- This site is optimized with the Yoast SEO Premium plugin v22.6 (Yoast SEO v27.3) - https:\/\/yoast.com\/product\/yoast-seo-premium-wordpress\/ -->\n<title>235\/65R16C Marshal Winter PorTran CW51 115\/113R (Kumho) &#8226; MMK Riepas<\/title>\n<meta name=\"robots\" content=\"index, follow, max-snippet:-1, max-image-preview:large, max-video-preview:-1\" \/>\n<link rel=\"canonical\" href=\"https:\/\/mmkriepas.lv\/en\/p\/235-65r16c-marshal-winter-portran-cw51-115-113r-kumho\/\" \/>\n<meta property=\"og:locale\" content=\"en_US\" \/>\n<meta property=\"og:type\" content=\"article\" \/>\n<meta property=\"og:title\" content=\"235\/65R16C Marshal Winter PorTran CW51 115\/113R (Kumho)\" \/>\n<meta property=\"og:description\" content=\"Marshal Winter PorTran CW51 ir ziemas\/M+S riepu modelis, kas paredz\u0113ts komerctransportam. Riepas izce\u013cas ar sabalans\u0113t\u0101m eksplaut\u0101cijas \u012bpa\u0161\u012bb\u0101m, vienlaikus demonstr\u0113jot ar\u012b augstas komforta \u012bpa\u0161\u012bbas, palielin\u0101tu veiktsp\u0113ju un un uzticam\u012bbu skarb\u0101kos apst\u0101k\u013cos.\" \/>\n<meta property=\"og:url\" content=\"https:\/\/mmkriepas.lv\/en\/p\/235-65r16c-marshal-winter-portran-cw51-115-113r-kumho\/\" \/>\n<meta property=\"og:site_name\" content=\"MMK Riepas\" \/>\n<meta property=\"article:publisher\" content=\"https:\/\/www.facebook.com\/mmkserviss\/\" \/>\n<meta property=\"article:modified_time\" content=\"2025-01-30T11:07:31+00:00\" \/>\n<meta property=\"og:image\" content=\"https:\/\/mmkriepas.lv\/wp-content\/uploads\/2024\/01\/21565r16c-marshal-winter-portran-cw51-109107r-kumho-ziemas-riepas.jpg\" \/>\n\t<meta property=\"og:image:width\" content=\"1920\" \/>\n\t<meta property=\"og:image:height\" content=\"1920\" \/>\n\t<meta property=\"og:image:type\" content=\"image\/jpeg\" \/>\n<meta name=\"twitter:card\" content=\"summary_large_image\" \/>\n<meta name=\"twitter:label1\" content=\"Price\" \/>\n\t<meta name=\"twitter:data1\" content=\"&euro;0.00\" \/>\n\t<meta name=\"twitter:label2\" content=\"Availability\" \/>\n\t<meta name=\"twitter:data2\" content=\"Out of stock\" \/>\n<script type=\"application\/ld+json\" class=\"yoast-schema-graph\">{\"@context\":\"https:\\\/\\\/schema.org\",\"@graph\":[{\"@type\":\"WebPage\",\"@id\":\"https:\\\/\\\/mmkriepas.lv\\\/en\\\/p\\\/235-65r16c-marshal-winter-portran-cw51-115-113r-kumho\\\/\",\"url\":\"https:\\\/\\\/mmkriepas.lv\\\/en\\\/p\\\/235-65r16c-marshal-winter-portran-cw51-115-113r-kumho\\\/\",\"name\":\"235\\\/65R16C Marshal Winter PorTran CW51 115\\\/113R (Kumho) &#8226; MMK Riepas\",\"isPartOf\":{\"@id\":\"https:\\\/\\\/mmkriepas.lv\\\/en\\\/#website\"},\"primaryImageOfPage\":{\"@id\":\"https:\\\/\\\/mmkriepas.lv\\\/en\\\/p\\\/235-65r16c-marshal-winter-portran-cw51-115-113r-kumho\\\/#primaryimage\"},\"image\":{\"@id\":\"https:\\\/\\\/mmkriepas.lv\\\/en\\\/p\\\/235-65r16c-marshal-winter-portran-cw51-115-113r-kumho\\\/#primaryimage\"},\"thumbnailUrl\":\"https:\\\/\\\/mmkriepas.lv\\\/wp-content\\\/uploads\\\/2024\\\/01\\\/21565r16c-marshal-winter-portran-cw51-109107r-kumho-ziemas-riepas.jpg\",\"datePublished\":\"2024-10-22T15:22:58+00:00\",\"dateModified\":\"2025-01-30T11:07:31+00:00\",\"breadcrumb\":{\"@id\":\"https:\\\/\\\/mmkriepas.lv\\\/en\\\/p\\\/235-65r16c-marshal-winter-portran-cw51-115-113r-kumho\\\/#breadcrumb\"},\"inLanguage\":\"en-US\",\"potentialAction\":[{\"@type\":\"ReadAction\",\"target\":[\"https:\\\/\\\/mmkriepas.lv\\\/en\\\/p\\\/235-65r16c-marshal-winter-portran-cw51-115-113r-kumho\\\/\"]}]},{\"@type\":\"ImageObject\",\"inLanguage\":\"en-US\",\"@id\":\"https:\\\/\\\/mmkriepas.lv\\\/en\\\/p\\\/235-65r16c-marshal-winter-portran-cw51-115-113r-kumho\\\/#primaryimage\",\"url\":\"https:\\\/\\\/mmkriepas.lv\\\/wp-content\\\/uploads\\\/2024\\\/01\\\/21565r16c-marshal-winter-portran-cw51-109107r-kumho-ziemas-riepas.jpg\",\"contentUrl\":\"https:\\\/\\\/mmkriepas.lv\\\/wp-content\\\/uploads\\\/2024\\\/01\\\/21565r16c-marshal-winter-portran-cw51-109107r-kumho-ziemas-riepas.jpg\",\"width\":1920,\"height\":1920,\"caption\":\"215\\\/65R16C Marshal Winter PorTran CW51 109\\\/107R (Kumho) - Vissezonas riepas \\\/ Ziemas riepas\"},{\"@type\":\"BreadcrumbList\",\"@id\":\"https:\\\/\\\/mmkriepas.lv\\\/en\\\/p\\\/235-65r16c-marshal-winter-portran-cw51-115-113r-kumho\\\/#breadcrumb\",\"itemListElement\":[{\"@type\":\"ListItem\",\"position\":1,\"name\":\"S\u0101kums\",\"item\":\"https:\\\/\\\/mmkriepas.lv\\\/en\\\/\"},{\"@type\":\"ListItem\",\"position\":2,\"name\":\"235\\\/65R16C Marshal Winter PorTran CW51 115\\\/113R (Kumho)\"}]},{\"@type\":\"WebSite\",\"@id\":\"https:\\\/\\\/mmkriepas.lv\\\/en\\\/#website\",\"url\":\"https:\\\/\\\/mmkriepas.lv\\\/en\\\/\",\"name\":\"MMK Riepas\",\"description\":\"MMK Riepas\",\"alternateName\":\"MMK Riepu Serviss\",\"potentialAction\":[{\"@type\":\"SearchAction\",\"target\":{\"@type\":\"EntryPoint\",\"urlTemplate\":\"https:\\\/\\\/mmkriepas.lv\\\/en\\\/?s={search_term_string}\"},\"query-input\":{\"@type\":\"PropertyValueSpecification\",\"valueRequired\":true,\"valueName\":\"search_term_string\"}}],\"inLanguage\":\"en-US\"},{\"@type\":\"ImageObject\",\"inLanguage\":\"en-US\",\"@id\":\"https:\\\/\\\/mmkriepas.lv\\\/en\\\/p\\\/235-65r16c-marshal-winter-portran-cw51-115-113r-kumho\\\/#local-main-organization-logo\",\"url\":\"\",\"contentUrl\":\"\",\"caption\":\"MMK Riepas\"}]}<\/script>\n<meta property=\"product:brand\" content=\"Marshal Winter PorTran CW51\" \/>\n<meta property=\"product:price:amount\" content=\"0.00\" \/>\n<meta property=\"product:price:currency\" content=\"EUR\" \/>\n<meta property=\"og:availability\" content=\"out of stock\" \/>\n<meta property=\"product:availability\" content=\"out of stock\" \/>\n<meta property=\"product:retailer_item_id\" content=\"TW2356516CMARSH-41360\" \/>\n<meta property=\"product:condition\" content=\"new\" \/>\n<!-- \/ Yoast SEO Premium plugin. -->","yoast_head_json":{"title":"235\/65R16C Marshal Winter PorTran CW51 115\/113R (Kumho) &#8226; MMK Riepas","robots":{"index":"index","follow":"follow","max-snippet":"max-snippet:-1","max-image-preview":"max-image-preview:large","max-video-preview":"max-video-preview:-1"},"canonical":"https:\/\/mmkriepas.lv\/en\/p\/235-65r16c-marshal-winter-portran-cw51-115-113r-kumho\/","og_locale":"en_US","og_type":"article","og_title":"235\/65R16C Marshal Winter PorTran CW51 115\/113R (Kumho)","og_description":"Marshal Winter PorTran CW51 ir ziemas\/M+S riepu modelis, kas paredz\u0113ts komerctransportam. Riepas izce\u013cas ar sabalans\u0113t\u0101m eksplaut\u0101cijas \u012bpa\u0161\u012bb\u0101m, vienlaikus demonstr\u0113jot ar\u012b augstas komforta \u012bpa\u0161\u012bbas, palielin\u0101tu veiktsp\u0113ju un un uzticam\u012bbu skarb\u0101kos apst\u0101k\u013cos.","og_url":"https:\/\/mmkriepas.lv\/en\/p\/235-65r16c-marshal-winter-portran-cw51-115-113r-kumho\/","og_site_name":"MMK Riepas","article_publisher":"https:\/\/www.facebook.com\/mmkserviss\/","article_modified_time":"2025-01-30T11:07:31+00:00","og_image":[{"width":1920,"height":1920,"url":"https:\/\/mmkriepas.lv\/wp-content\/uploads\/2024\/01\/21565r16c-marshal-winter-portran-cw51-109107r-kumho-ziemas-riepas.jpg","type":"image\/jpeg"}],"twitter_card":"summary_large_image","twitter_misc":{"Price":"&euro;0.00","Availability":"Out of stock"},"schema":{"@context":"https:\/\/schema.org","@graph":[{"@type":"WebPage","@id":"https:\/\/mmkriepas.lv\/en\/p\/235-65r16c-marshal-winter-portran-cw51-115-113r-kumho\/","url":"https:\/\/mmkriepas.lv\/en\/p\/235-65r16c-marshal-winter-portran-cw51-115-113r-kumho\/","name":"235\/65R16C Marshal Winter PorTran CW51 115\/113R (Kumho) &#8226; MMK Riepas","isPartOf":{"@id":"https:\/\/mmkriepas.lv\/en\/#website"},"primaryImageOfPage":{"@id":"https:\/\/mmkriepas.lv\/en\/p\/235-65r16c-marshal-winter-portran-cw51-115-113r-kumho\/#primaryimage"},"image":{"@id":"https:\/\/mmkriepas.lv\/en\/p\/235-65r16c-marshal-winter-portran-cw51-115-113r-kumho\/#primaryimage"},"thumbnailUrl":"https:\/\/mmkriepas.lv\/wp-content\/uploads\/2024\/01\/21565r16c-marshal-winter-portran-cw51-109107r-kumho-ziemas-riepas.jpg","datePublished":"2024-10-22T15:22:58+00:00","dateModified":"2025-01-30T11:07:31+00:00","breadcrumb":{"@id":"https:\/\/mmkriepas.lv\/en\/p\/235-65r16c-marshal-winter-portran-cw51-115-113r-kumho\/#breadcrumb"},"inLanguage":"en-US","potentialAction":[{"@type":"ReadAction","target":["https:\/\/mmkriepas.lv\/en\/p\/235-65r16c-marshal-winter-portran-cw51-115-113r-kumho\/"]}]},{"@type":"ImageObject","inLanguage":"en-US","@id":"https:\/\/mmkriepas.lv\/en\/p\/235-65r16c-marshal-winter-portran-cw51-115-113r-kumho\/#primaryimage","url":"https:\/\/mmkriepas.lv\/wp-content\/uploads\/2024\/01\/21565r16c-marshal-winter-portran-cw51-109107r-kumho-ziemas-riepas.jpg","contentUrl":"https:\/\/mmkriepas.lv\/wp-content\/uploads\/2024\/01\/21565r16c-marshal-winter-portran-cw51-109107r-kumho-ziemas-riepas.jpg","width":1920,"height":1920,"caption":"215\/65R16C Marshal Winter PorTran CW51 109\/107R (Kumho) - Vissezonas riepas \/ Ziemas riepas"},{"@type":"BreadcrumbList","@id":"https:\/\/mmkriepas.lv\/en\/p\/235-65r16c-marshal-winter-portran-cw51-115-113r-kumho\/#breadcrumb","itemListElement":[{"@type":"ListItem","position":1,"name":"S\u0101kums","item":"https:\/\/mmkriepas.lv\/en\/"},{"@type":"ListItem","position":2,"name":"235\/65R16C Marshal Winter PorTran CW51 115\/113R (Kumho)"}]},{"@type":"WebSite","@id":"https:\/\/mmkriepas.lv\/en\/#website","url":"https:\/\/mmkriepas.lv\/en\/","name":"MMK Riepas","description":"MMK Riepas","alternateName":"MMK Riepu Serviss","potentialAction":[{"@type":"SearchAction","target":{"@type":"EntryPoint","urlTemplate":"https:\/\/mmkriepas.lv\/en\/?s={search_term_string}"},"query-input":{"@type":"PropertyValueSpecification","valueRequired":true,"valueName":"search_term_string"}}],"inLanguage":"en-US"},{"@type":"ImageObject","inLanguage":"en-US","@id":"https:\/\/mmkriepas.lv\/en\/p\/235-65r16c-marshal-winter-portran-cw51-115-113r-kumho\/#local-main-organization-logo","url":"","contentUrl":"","caption":"MMK Riepas"}]},"product_brand":"Marshal Winter PorTran CW51","product_price_amount":"0.00","product_price_currency":"EUR","og_availability":"out of stock","product_availability":"out of stock","product_retailer_item_id":"TW2356516CMARSH-41360","product_condition":"new"},"_links":{"self":[{"href":"https:\/\/mmkriepas.lv\/en\/wp-json\/wp\/v2\/product\/1113803","targetHints":{"allow":["GET"]}}],"collection":[{"href":"https:\/\/mmkriepas.lv\/en\/wp-json\/wp\/v2\/product"}],"about":[{"href":"https:\/\/mmkriepas.lv\/en\/wp-json\/wp\/v2\/types\/product"}],"wp:featuredmedia":[{"embeddable":true,"href":"https:\/\/mmkriepas.lv\/en\/wp-json\/wp\/v2\/media\/847414"}],"wp:attachment":[{"href":"https:\/\/mmkriepas.lv\/en\/wp-json\/wp\/v2\/media?parent=1113803"}],"wp:term":[{"taxonomy":"product_brand","embeddable":true,"href":"https:\/\/mmkriepas.lv\/en\/wp-json\/wp\/v2\/product_brand?post=1113803"},{"taxonomy":"product_cat","embeddable":true,"href":"https:\/\/mmkriepas.lv\/en\/wp-json\/wp\/v2\/product_cat?post=1113803"},{"taxonomy":"product_tag","embeddable":true,"href":"https:\/\/mmkriepas.lv\/en\/wp-json\/wp\/v2\/product_tag?post=1113803"}],"curies":[{"name":"wp","href":"https:\/\/api.w.org\/{rel}","templated":true}]}}