{"id":110695,"date":"2020-02-12T16:46:41","date_gmt":"2020-02-12T14:46:41","guid":{"rendered":"https:\/\/mmkserviss.lv\/?post_type=product&#038;p=110695"},"modified":"2025-03-07T16:46:58","modified_gmt":"2025-03-07T14:46:58","slug":"205-70r15-goodride-sl369-a-t-96h","status":"publish","type":"product","link":"https:\/\/mmkriepas.lv\/en\/p\/205-70r15-goodride-sl369-a-t-96h\/","title":{"rendered":"205\/70R15 Goodride SL369 A\/T 96H"},"content":{"rendered":"<p><strong>Goodride SL369<\/strong> <strong>A\/T<\/strong> vasaras riepu modelis ir rad\u012bts priek\u0161 apvidus auto un krosoveriem. T\u0101 ir ekonomiska alternat\u012bva riepu mode\u013ciem, ko veidoju\u0161i atz\u012bti pasaules l\u012bderi \u0161aj\u0101 jom\u0101. Papildus pievilc\u012bgajai cenai to raksturo augsta veiktsp\u0113ja uz da\u017e\u0101diem ce\u013ca segumiem, jo \u0161is Goodride riepu modelis pieder All Terrain (70% asfalts 30% citi ce\u013cu segumi) riepu kategorijai.<\/p>\n<h2><strong>SL369<\/strong><strong> A\/T<\/strong>\u00a0\u012bpa\u0161\u012bbas:<\/h2>\n<p>+ Simetrisks protektora raksts nodro\u0161ina izcilu sniegumu.<\/p>\n<p>+ Labi veiktsp\u0113jas r\u0101d\u012bt\u0101ji.<\/p>\n<p>+ Dzi\u013c\u0161 protektors.<\/p>\n<p>+ 5 platas garenisk\u0101s protektora ribas uzlabo virziena stabilit\u0101ti (braucot taisni uz priek\u0161u) un samazina rites pretest\u012bbu.<\/p>\n<p>+ Riepas piem\u0113rotas brauk\u0161anai ar\u012b pa laukiem, me\u017eiem, grants ce\u013ciem, dub\u013ciem.<\/p>\n<p>+ Vi\u013c\u0146veida formas lameles, kas atrodas uz protektora bloku virsmas nodro\u0161ina papildu sa\u0137eri ar slapju ce\u013cu, izvadot lieko \u016bdeni no protektora.<\/p>\n<p>+ Riepas izce\u013c\u0101s ar zemiem dilst\u012bbas r\u0101d\u012bt\u0101jiem.<\/p>\n<p>+ S\u0101nu mal\u0101s ir iestr\u0101d\u0101ti speci\u0101li elementi, kas aizsarg\u0101 s\u0101nus no meh\u0101niskiem boj\u0101jumiem.<\/p>\n<h4><strong>SL369 A\/T iez\u012bmes:<\/strong><\/h4>\n<p><strong>Pla\u0161s kontakta virsmas laukums. <\/strong>Viena no atz\u012bt\u0101kaj\u0101m \u0161\u012b mode\u013ca iez\u012bm\u0113m ir protektora z\u012bm\u0113jums. Papildin\u0101jum\u0101\u00a0 atv\u0113rtajam dizainam tam ir plakans profils, pateicoties kuram \u0137\u012bnie\u0161u ra\u017eot\u0101jiem ir izdevies maksim\u0101li palielin\u0101t saskares vietas lielumu. Tas nodro\u0161ina vienm\u0113r\u012bgu spiediena sadali riep\u0101 un visp\u0101r\u012bgi maz\u0101ku spiedienu uz zemi. Tie\u0161i tas ir galvenais iemesls, kas nodro\u0161ina p\u0101rliecino\u0161\u0101ku brauk\u0161anu pa nestabilu ce\u013ca segumu (zemes ce\u013ci, dub\u013ci, z\u0101le, u.c.).<\/p>\n<p><strong>Lieliska sa\u0137ere bezce\u013cos. <\/strong>K\u0101 jau min\u0113ts iepriek\u0161, protektora z\u012bm\u0113jumu raksturo atv\u0113rts dizains, kas satur daudz atsevi\u0161\u0137u protektora elementu. Katram no blokiem ir sare\u017e\u0123\u012bta daudzst\u016bra forma, kas satur lielu skaitu kontakta malu. Sakar\u0101 ar to, riepu saskares vietai jebkur\u0101 laik\u0101 ir daudz sa\u0137eres malu, nodro\u0161inot tai lielisku sa\u0137eri ar visda\u017e\u0101d\u0101kajiem ce\u013ca segumiem.<\/p>\n<p><strong>Augsta virziena stabilit\u0101te. <\/strong>V\u0113l viena \u0161\u012b simetrisk\u0101 protektora rakstura iez\u012bme ir t\u0101, ka visi t\u0101 bloki ir sagrup\u0113ti piec\u0101s gareniskaj\u0101s rib\u0101s. Turkl\u0101t nav iesp\u0113jams nepaman\u012bt minim\u0101lo att\u0101lumu starp blokiem, kas veido centr\u0101lo ribu. Kop\u0101 ar protektora bloka lielajiem izm\u0113riem tas nodro\u0161ina modeli SL369 ar izcilu virziena stabilit\u0101ti.<\/p>\n","protected":false},"excerpt":{"rendered":"<p><strong>Goodride SL369<\/strong> <strong>A\/T<\/strong> vasaras riepu modelis ir rad\u012bts priek\u0161 apvidus auto un krosoveriem. T\u0101 ir ekonomiska alternat\u012bva riepu mode\u013ciem, ko veidoju\u0161i atz\u012bti pasaules l\u012bderi \u0161aj\u0101 jom\u0101. Papildus pievilc\u012bgajai cenai to raksturo augsta veiktsp\u0113ja uz da\u017e\u0101diem ce\u013ca segumiem, jo \u0161is Goodride riepu modelis pieder All Terrain (70% asfalts 30% citi ce\u013cu segumi) riepu kategorijai.<\/p>\n","protected":false},"featured_media":226990,"template":"","meta":{"_acf_changed":false,"ngg_post_thumbnail":0},"product_brand":[],"product_cat":[46],"product_tag":[],"class_list":{"0":"post-110695","1":"product","2":"type-product","3":"status-publish","4":"has-post-thumbnail","6":"product_cat-vasaras-riepas","8":"first","9":"outofstock","10":"sale","11":"taxable","12":"shipping-taxable","13":"product-type-simple"},"acf":[],"yoast_head":"<!-- This site is optimized with the Yoast SEO Premium plugin v22.6 (Yoast SEO v27.3) - https:\/\/yoast.com\/product\/yoast-seo-premium-wordpress\/ -->\n<title>205\/70R15 Goodride SL369 A\/T 96H &#8226; MMK Riepas<\/title>\n<meta name=\"description\" content=\"Goodride SL369 A\/T vasaras riepu modelis ir rad\u012bts priek\u0161 apvidus auto un krosoveriem. Pievilc\u012bga cena un augsta veiktsp\u0113ja.\" \/>\n<meta name=\"robots\" content=\"index, follow, max-snippet:-1, max-image-preview:large, max-video-preview:-1\" \/>\n<link rel=\"canonical\" href=\"https:\/\/mmkriepas.lv\/en\/p\/205-70r15-goodride-sl369-a-t-96h\/\" \/>\n<meta property=\"og:locale\" content=\"en_US\" \/>\n<meta property=\"og:type\" content=\"article\" \/>\n<meta property=\"og:title\" content=\"205\/70R15 Goodride SL369 A\/T 96H\" \/>\n<meta property=\"og:description\" content=\"Goodride SL369 A\/T vasaras riepu modelis ir rad\u012bts priek\u0161 apvidus auto un krosoveriem. Pievilc\u012bga cena un augsta veiktsp\u0113ja.\" \/>\n<meta property=\"og:url\" content=\"https:\/\/mmkriepas.lv\/en\/p\/205-70r15-goodride-sl369-a-t-96h\/\" \/>\n<meta property=\"og:site_name\" content=\"MMK Riepas\" \/>\n<meta property=\"article:publisher\" content=\"https:\/\/www.facebook.com\/mmkserviss\/\" \/>\n<meta property=\"article:modified_time\" content=\"2025-03-07T14:46:58+00:00\" \/>\n<meta property=\"og:image\" content=\"https:\/\/mmkriepas.lv\/wp-content\/uploads\/2022\/03\/20570r15-goodride-sl369-at-96h-all-terrain-riepas-vasaras-riepas-3.jpg\" \/>\n\t<meta property=\"og:image:width\" content=\"1920\" \/>\n\t<meta property=\"og:image:height\" content=\"1278\" \/>\n\t<meta property=\"og:image:type\" content=\"image\/jpeg\" \/>\n<meta name=\"twitter:card\" content=\"summary_large_image\" \/>\n<meta name=\"twitter:label1\" content=\"Price\" \/>\n\t<meta name=\"twitter:data1\" content=\"&euro;39.00\" \/>\n\t<meta name=\"twitter:label2\" content=\"Availability\" \/>\n\t<meta name=\"twitter:data2\" content=\"Out of stock\" \/>\n<script type=\"application\/ld+json\" class=\"yoast-schema-graph\">{\"@context\":\"https:\\\/\\\/schema.org\",\"@graph\":[{\"@type\":\"WebPage\",\"@id\":\"https:\\\/\\\/mmkriepas.lv\\\/en\\\/p\\\/205-70r15-goodride-sl369-a-t-96h\\\/\",\"url\":\"https:\\\/\\\/mmkriepas.lv\\\/en\\\/p\\\/205-70r15-goodride-sl369-a-t-96h\\\/\",\"name\":\"205\\\/70R15 Goodride SL369 A\\\/T 96H &#8226; MMK Riepas\",\"isPartOf\":{\"@id\":\"https:\\\/\\\/mmkriepas.lv\\\/en\\\/#website\"},\"primaryImageOfPage\":{\"@id\":\"https:\\\/\\\/mmkriepas.lv\\\/en\\\/p\\\/205-70r15-goodride-sl369-a-t-96h\\\/#primaryimage\"},\"image\":{\"@id\":\"https:\\\/\\\/mmkriepas.lv\\\/en\\\/p\\\/205-70r15-goodride-sl369-a-t-96h\\\/#primaryimage\"},\"thumbnailUrl\":\"https:\\\/\\\/mmkriepas.lv\\\/wp-content\\\/uploads\\\/2022\\\/03\\\/20570r15-goodride-sl369-at-96h-all-terrain-riepas-vasaras-riepas-3.jpg\",\"datePublished\":\"2020-02-12T14:46:41+00:00\",\"dateModified\":\"2025-03-07T14:46:58+00:00\",\"description\":\"Goodride SL369 A\\\/T vasaras riepu modelis ir rad\u012bts priek\u0161 apvidus auto un krosoveriem. Pievilc\u012bga cena un augsta veiktsp\u0113ja.\",\"breadcrumb\":{\"@id\":\"https:\\\/\\\/mmkriepas.lv\\\/en\\\/p\\\/205-70r15-goodride-sl369-a-t-96h\\\/#breadcrumb\"},\"inLanguage\":\"en-US\",\"potentialAction\":[{\"@type\":\"ReadAction\",\"target\":[\"https:\\\/\\\/mmkriepas.lv\\\/en\\\/p\\\/205-70r15-goodride-sl369-a-t-96h\\\/\"]}]},{\"@type\":\"ImageObject\",\"inLanguage\":\"en-US\",\"@id\":\"https:\\\/\\\/mmkriepas.lv\\\/en\\\/p\\\/205-70r15-goodride-sl369-a-t-96h\\\/#primaryimage\",\"url\":\"https:\\\/\\\/mmkriepas.lv\\\/wp-content\\\/uploads\\\/2022\\\/03\\\/20570r15-goodride-sl369-at-96h-all-terrain-riepas-vasaras-riepas-3.jpg\",\"contentUrl\":\"https:\\\/\\\/mmkriepas.lv\\\/wp-content\\\/uploads\\\/2022\\\/03\\\/20570r15-goodride-sl369-at-96h-all-terrain-riepas-vasaras-riepas-3.jpg\",\"width\":1920,\"height\":1278,\"caption\":\"Goodride SL369 A\\\/T\"},{\"@type\":\"BreadcrumbList\",\"@id\":\"https:\\\/\\\/mmkriepas.lv\\\/en\\\/p\\\/205-70r15-goodride-sl369-a-t-96h\\\/#breadcrumb\",\"itemListElement\":[{\"@type\":\"ListItem\",\"position\":1,\"name\":\"S\u0101kums\",\"item\":\"https:\\\/\\\/mmkriepas.lv\\\/en\\\/\"},{\"@type\":\"ListItem\",\"position\":2,\"name\":\"205\\\/70R15 Goodride SL369 A\\\/T 96H\"}]},{\"@type\":\"WebSite\",\"@id\":\"https:\\\/\\\/mmkriepas.lv\\\/en\\\/#website\",\"url\":\"https:\\\/\\\/mmkriepas.lv\\\/en\\\/\",\"name\":\"MMK Riepas\",\"description\":\"MMK Riepas\",\"alternateName\":\"MMK Riepu Serviss\",\"potentialAction\":[{\"@type\":\"SearchAction\",\"target\":{\"@type\":\"EntryPoint\",\"urlTemplate\":\"https:\\\/\\\/mmkriepas.lv\\\/en\\\/?s={search_term_string}\"},\"query-input\":{\"@type\":\"PropertyValueSpecification\",\"valueRequired\":true,\"valueName\":\"search_term_string\"}}],\"inLanguage\":\"en-US\"},{\"@type\":\"ImageObject\",\"inLanguage\":\"en-US\",\"@id\":\"https:\\\/\\\/mmkriepas.lv\\\/en\\\/p\\\/205-70r15-goodride-sl369-a-t-96h\\\/#local-main-organization-logo\",\"url\":\"\",\"contentUrl\":\"\",\"caption\":\"MMK Riepas\"}]}<\/script>\n<meta property=\"product:brand\" content=\"Goodride SL369 A\/T\" \/>\n<meta property=\"product:price:amount\" content=\"39.00\" \/>\n<meta property=\"product:price:currency\" content=\"EUR\" \/>\n<meta property=\"og:availability\" content=\"out of stock\" \/>\n<meta property=\"product:availability\" content=\"out of stock\" \/>\n<meta property=\"product:retailer_item_id\" content=\"TS2057015GOODR-284\" \/>\n<meta property=\"product:condition\" content=\"new\" \/>\n<!-- \/ Yoast SEO Premium plugin. -->","yoast_head_json":{"title":"205\/70R15 Goodride SL369 A\/T 96H &#8226; MMK Riepas","description":"Goodride SL369 A\/T vasaras riepu modelis ir rad\u012bts priek\u0161 apvidus auto un krosoveriem. Pievilc\u012bga cena un augsta veiktsp\u0113ja.","robots":{"index":"index","follow":"follow","max-snippet":"max-snippet:-1","max-image-preview":"max-image-preview:large","max-video-preview":"max-video-preview:-1"},"canonical":"https:\/\/mmkriepas.lv\/en\/p\/205-70r15-goodride-sl369-a-t-96h\/","og_locale":"en_US","og_type":"article","og_title":"205\/70R15 Goodride SL369 A\/T 96H","og_description":"Goodride SL369 A\/T vasaras riepu modelis ir rad\u012bts priek\u0161 apvidus auto un krosoveriem. Pievilc\u012bga cena un augsta veiktsp\u0113ja.","og_url":"https:\/\/mmkriepas.lv\/en\/p\/205-70r15-goodride-sl369-a-t-96h\/","og_site_name":"MMK Riepas","article_publisher":"https:\/\/www.facebook.com\/mmkserviss\/","article_modified_time":"2025-03-07T14:46:58+00:00","og_image":[{"width":1920,"height":1278,"url":"https:\/\/mmkriepas.lv\/wp-content\/uploads\/2022\/03\/20570r15-goodride-sl369-at-96h-all-terrain-riepas-vasaras-riepas-3.jpg","type":"image\/jpeg"}],"twitter_card":"summary_large_image","twitter_misc":{"Price":"&euro;39.00","Availability":"Out of stock"},"schema":{"@context":"https:\/\/schema.org","@graph":[{"@type":"WebPage","@id":"https:\/\/mmkriepas.lv\/en\/p\/205-70r15-goodride-sl369-a-t-96h\/","url":"https:\/\/mmkriepas.lv\/en\/p\/205-70r15-goodride-sl369-a-t-96h\/","name":"205\/70R15 Goodride SL369 A\/T 96H &#8226; MMK Riepas","isPartOf":{"@id":"https:\/\/mmkriepas.lv\/en\/#website"},"primaryImageOfPage":{"@id":"https:\/\/mmkriepas.lv\/en\/p\/205-70r15-goodride-sl369-a-t-96h\/#primaryimage"},"image":{"@id":"https:\/\/mmkriepas.lv\/en\/p\/205-70r15-goodride-sl369-a-t-96h\/#primaryimage"},"thumbnailUrl":"https:\/\/mmkriepas.lv\/wp-content\/uploads\/2022\/03\/20570r15-goodride-sl369-at-96h-all-terrain-riepas-vasaras-riepas-3.jpg","datePublished":"2020-02-12T14:46:41+00:00","dateModified":"2025-03-07T14:46:58+00:00","description":"Goodride SL369 A\/T vasaras riepu modelis ir rad\u012bts priek\u0161 apvidus auto un krosoveriem. Pievilc\u012bga cena un augsta veiktsp\u0113ja.","breadcrumb":{"@id":"https:\/\/mmkriepas.lv\/en\/p\/205-70r15-goodride-sl369-a-t-96h\/#breadcrumb"},"inLanguage":"en-US","potentialAction":[{"@type":"ReadAction","target":["https:\/\/mmkriepas.lv\/en\/p\/205-70r15-goodride-sl369-a-t-96h\/"]}]},{"@type":"ImageObject","inLanguage":"en-US","@id":"https:\/\/mmkriepas.lv\/en\/p\/205-70r15-goodride-sl369-a-t-96h\/#primaryimage","url":"https:\/\/mmkriepas.lv\/wp-content\/uploads\/2022\/03\/20570r15-goodride-sl369-at-96h-all-terrain-riepas-vasaras-riepas-3.jpg","contentUrl":"https:\/\/mmkriepas.lv\/wp-content\/uploads\/2022\/03\/20570r15-goodride-sl369-at-96h-all-terrain-riepas-vasaras-riepas-3.jpg","width":1920,"height":1278,"caption":"Goodride SL369 A\/T"},{"@type":"BreadcrumbList","@id":"https:\/\/mmkriepas.lv\/en\/p\/205-70r15-goodride-sl369-a-t-96h\/#breadcrumb","itemListElement":[{"@type":"ListItem","position":1,"name":"S\u0101kums","item":"https:\/\/mmkriepas.lv\/en\/"},{"@type":"ListItem","position":2,"name":"205\/70R15 Goodride SL369 A\/T 96H"}]},{"@type":"WebSite","@id":"https:\/\/mmkriepas.lv\/en\/#website","url":"https:\/\/mmkriepas.lv\/en\/","name":"MMK Riepas","description":"MMK Riepas","alternateName":"MMK Riepu Serviss","potentialAction":[{"@type":"SearchAction","target":{"@type":"EntryPoint","urlTemplate":"https:\/\/mmkriepas.lv\/en\/?s={search_term_string}"},"query-input":{"@type":"PropertyValueSpecification","valueRequired":true,"valueName":"search_term_string"}}],"inLanguage":"en-US"},{"@type":"ImageObject","inLanguage":"en-US","@id":"https:\/\/mmkriepas.lv\/en\/p\/205-70r15-goodride-sl369-a-t-96h\/#local-main-organization-logo","url":"","contentUrl":"","caption":"MMK Riepas"}]},"product_brand":"Goodride SL369 A\/T","product_price_amount":"39.00","product_price_currency":"EUR","og_availability":"out of stock","product_availability":"out of stock","product_retailer_item_id":"TS2057015GOODR-284","product_condition":"new"},"_links":{"self":[{"href":"https:\/\/mmkriepas.lv\/en\/wp-json\/wp\/v2\/product\/110695","targetHints":{"allow":["GET"]}}],"collection":[{"href":"https:\/\/mmkriepas.lv\/en\/wp-json\/wp\/v2\/product"}],"about":[{"href":"https:\/\/mmkriepas.lv\/en\/wp-json\/wp\/v2\/types\/product"}],"wp:featuredmedia":[{"embeddable":true,"href":"https:\/\/mmkriepas.lv\/en\/wp-json\/wp\/v2\/media\/226990"}],"wp:attachment":[{"href":"https:\/\/mmkriepas.lv\/en\/wp-json\/wp\/v2\/media?parent=110695"}],"wp:term":[{"taxonomy":"product_brand","embeddable":true,"href":"https:\/\/mmkriepas.lv\/en\/wp-json\/wp\/v2\/product_brand?post=110695"},{"taxonomy":"product_cat","embeddable":true,"href":"https:\/\/mmkriepas.lv\/en\/wp-json\/wp\/v2\/product_cat?post=110695"},{"taxonomy":"product_tag","embeddable":true,"href":"https:\/\/mmkriepas.lv\/en\/wp-json\/wp\/v2\/product_tag?post=110695"}],"curies":[{"name":"wp","href":"https:\/\/api.w.org\/{rel}","templated":true}]}}