{"id":110689,"date":"2020-02-12T16:25:18","date_gmt":"2020-02-12T14:25:18","guid":{"rendered":"https:\/\/mmkserviss.lv\/?post_type=product&#038;p=110689"},"modified":"2024-05-09T17:03:01","modified_gmt":"2024-05-09T14:03:01","slug":"215-70r16c-goodride-sc328-108-106t","status":"publish","type":"product","link":"https:\/\/mmkriepas.lv\/en\/p\/215-70r16c-goodride-sc328-108-106t\/","title":{"rendered":"215\/70R16C Goodride SC328 108\/106T"},"content":{"rendered":"<p class=\"western\" align=\"left\"><strong><span style=\"color: #000000;\"><span style=\"font-family: Arial, sans-serif;\">Goodride SC328 <\/span><\/span><\/strong><span style=\"color: #000000;\"><span style=\"font-family: Arial, sans-serif;\"><span>ir vasaras riepu modelis, kas paredz\u0113ts vieglaj\u0101m kravas automa\u0161\u012bn\u0101m un mikroautobusiem, kurus p\u0101rsvar\u0101 izmanto brauk\u0161anai pils\u0113tvid\u0113. Galven\u0101s \u0161\u012bs mode\u013ca \u012bpa\u0161\u012bbas ir <\/span><\/span><\/span><em><span style=\"color: #000000;\"><span style=\"font-family: Arial, sans-serif;\"><span>paaugstin\u0101t\u0101 kravnes\u012bba<\/span><\/span><\/span><\/em><span style=\"color: #000000;\"><span style=\"font-family: Arial, sans-serif;\"><span>, <\/span><\/span><\/span><em><span style=\"color: #000000;\"><span style=\"font-family: Arial, sans-serif;\"><span>ilgs kalpo\u0161anas laiks<\/span><\/span><\/span><\/em><span style=\"color: #000000;\"><span style=\"font-family: Arial, sans-serif;\"><span> un \u013coti <\/span><\/span><\/span><em><span style=\"color: #000000;\"><span style=\"font-family: Arial, sans-serif;\"><span>pievilc\u012bga cena.<\/span><\/span><\/span><\/em><span style=\"color: #000000;\"><span style=\"font-family: Arial, sans-serif;\"><span> Turkl\u0101t tiek pied\u0101v\u0101ti 15 izm\u0113ri diametros no 14 l\u012bdz 16 col\u0101m. Pateicoties tam \u0161is riepu modelis var tikt uzst\u0101d\u012bts uz gandr\u012bz jebkura modern\u0101 komerctransporta.<\/span><\/span><\/span><\/p>\n<p class=\"western\"><strong><span style=\"font-family: Arial, sans-serif;\">Goodride SC328 mode\u013ca galven\u0101s iez\u012bmes<\/span><\/strong><\/p>\n<p class=\"western\"><span style=\"font-family: Arial, sans-serif;\">+ Riepu dizains ir optimiz\u0113ts, \u0146emot v\u0113r\u0101 \u012bpa\u0161os ekspluat\u0101cijas nosac\u012bjumus vieglaj\u0101m kravas automa\u0161\u012bn\u0101m un mikroautobusiem;<\/span><\/p>\n<p class=\"western\"><span style=\"font-family: Arial, sans-serif;\">+ \u010cetras protektora garenisk\u0101s ribas, nodro\u0161ina izcilu virziena stabilit\u0101ti;<\/span><\/p>\n<p class=\"western\"><span style=\"font-family: Arial, sans-serif;\">+ Lielu pretest\u012bbu pret akvaplan\u0113\u0161anu nodro\u0161ina tr\u012bs platas dren\u0101\u017eas kan\u0101li un \u012bpa\u0161as taisnas lameles, kas pal\u012bdz novad\u012bt \u016bdeni uz \u0161iem kan\u0101liem;<\/span><\/p>\n<p class=\"western\"><span style=\"font-family: Arial, sans-serif;\">+ Palielin\u0101ta kravnes\u012bba, pateicoties vienm\u0113r\u012bgam \u0101r\u0113j\u0101 spiediena sadal\u012bjumam ar saskares plakni.<\/span><\/p>\n<p class=\"western\" align=\"left\"><strong><span style=\"color: #000000;\"><span style=\"font-family: Arial, sans-serif;\">SC328 apr\u012bkojums<\/span><\/span><\/strong><\/p>\n<p class=\"western\" align=\"left\"><strong><span style=\"color: #000000;\"><span style=\"font-family: Arial, sans-serif;\">Simetrisks protektora raksts<\/span><\/span><\/strong><\/p>\n<p class=\"western\"><span style=\"font-family: Arial, sans-serif;\">Viens no \u0161iem risin\u0101jumiem ir 4 gareniskas ribas. \u0160is tehniskais risin\u0101jums nodro\u0161ina izcilu virziena stabilit\u0101ti(braucot taisni uz priek\u0161u). Izveidojot \u0161\u012bs ribas vien\u0101d\u0101 izm\u0113r\u0101 ir izdevies pan\u0101kt optim\u0101lu \u0101r\u0113j\u0101 spiediena sadal\u012bjumu uz saskares vietu, \u013caujot iev\u0113rojami <\/span><strong><span style=\"font-family: Arial, sans-serif;\">palielin\u0101t riepas kravnes\u012bbu<\/span><\/strong><span style=\"font-family: Arial, sans-serif;\">.<\/span><\/p>\n<p class=\"western\"><span style=\"font-family: Arial, sans-serif;\">Turkl\u0101t \u0161\u012bs \u010detras protektora ribas ir \u013coti platas, kas \u013cauj maksim\u0101li palielin\u0101t saskares vietas laukumu. \u0160\u012b dizaina iez\u012bme nodro\u0161ina riepai lielisku sa\u0137eri ar sausu segumu.<\/span><\/p>\n<p class=\"western\"><strong><span style=\"font-family: Arial, sans-serif;\">Lieliska sa\u0137ere uz slideniem ce\u013ciem<\/span><\/strong><\/p>\n<p class=\"western\"><span style=\"font-family: Arial, sans-serif;\">Pateicoties protektora z\u012bm\u0113juma bloku strukt\u016brai <\/span><strong><span style=\"font-family: Arial, sans-serif;\">Goodride SC328<\/span><\/strong><span style=\"font-family: Arial, sans-serif;\"> riepu modelim ir palielin\u0101ts sa\u0137eres malu skaits. Turkl\u0101t starp \u010detr\u0101m gareniskaj\u0101m rib\u0101m atrodas pla\u0161i dren\u0101\u017eas kan\u0101li, kuru tilpums \u013cauj t\u0101m viegli tikt gal\u0101 ar milz\u012bga \u016bdens daudzuma novad\u012b\u0161anu. Lai nodro\u0161in\u0101tu v\u0113l augst\u0101ku notur\u012bbu pret akvaplan\u0113\u0161anu, k\u0101 papildl\u012bdzeklis \u016bdens novadei ir izveidotas taisnvirziena lameles, kas atrodas protektora plecu zon\u0101s.<\/span><\/p>\n","protected":false},"excerpt":{"rendered":"<p class=\"western\" align=\"left\"><strong><span style=\"color: #000000;\"><span style=\"font-family: Arial, sans-serif;\">Goodride SC328 <\/span><\/span><\/strong><span style=\"color: #000000;\"><span style=\"font-family: Arial, sans-serif;\"><span>ir vasaras riepu modelis, kas paredz\u0113ts vieglaj\u0101m kravas automa\u0161\u012bn\u0101m un mikroautobusiem, kurus p\u0101rsvar\u0101 izmanto brauk\u0161anai pils\u0113tvid\u0113. Galven\u0101s \u0161\u012bs mode\u013ca \u012bpa\u0161\u012bbas ir <\/span><\/span><\/span><em><span style=\"color: #000000;\"><span style=\"font-family: Arial, sans-serif;\"><span>paaugstin\u0101t\u0101 kravnes\u012bba<\/span><\/span><\/span><\/em><span style=\"color: #000000;\"><span style=\"font-family: Arial, sans-serif;\"><span>, <\/span><\/span><\/span><em><span style=\"color: #000000;\"><span style=\"font-family: Arial, sans-serif;\"><span>ilgs kalpo\u0161anas laiks<\/span><\/span><\/span><\/em><span style=\"color: #000000;\"><span style=\"font-family: Arial, sans-serif;\"><span> un \u013coti <\/span><\/span><\/span><em><span style=\"color: #000000;\"><span style=\"font-family: Arial, sans-serif;\"><span>pievilc\u012bga cena.<\/span><\/span><\/span><\/em><span style=\"color: #000000;\"><span style=\"font-family: Arial, sans-serif;\"><span> Turkl\u0101t tiek pied\u0101v\u0101ti 15 izm\u0113ri diametros no 14 l\u012bdz 16 col\u0101m. Pateicoties tam \u0161is riepu modelis var tikt uzst\u0101d\u012bts uz gandr\u012bz jebkura modern\u0101 komerctransporta.<\/span><\/span><\/span><\/p>\n","protected":false},"featured_media":96765,"template":"","meta":{"_acf_changed":false,"ngg_post_thumbnail":0},"product_brand":[],"product_cat":[46],"product_tag":[],"class_list":{"0":"post-110689","1":"product","2":"type-product","3":"status-publish","4":"has-post-thumbnail","6":"product_cat-vasaras-riepas","8":"first","9":"instock","10":"sale","11":"taxable","12":"shipping-taxable","13":"product-type-simple"},"acf":[],"yoast_head":"<!-- This site is optimized with the Yoast SEO Premium plugin v22.6 (Yoast SEO v27.3) - https:\/\/yoast.com\/product\/yoast-seo-premium-wordpress\/ -->\n<title>215\/70R16C Goodride SC328 108\/106T &#8226; MMK Riepas<\/title>\n<meta name=\"robots\" content=\"index, follow, max-snippet:-1, max-image-preview:large, max-video-preview:-1\" \/>\n<link rel=\"canonical\" href=\"https:\/\/mmkriepas.lv\/en\/p\/215-70r16c-goodride-sc328-108-106t\/\" \/>\n<meta property=\"og:locale\" content=\"en_US\" \/>\n<meta property=\"og:type\" content=\"article\" \/>\n<meta property=\"og:title\" content=\"215\/70R16C Goodride SC328 108\/106T\" \/>\n<meta property=\"og:description\" content=\"Goodride SC328 ir vasaras riepu modelis, kas paredz\u0113ts vieglaj\u0101m kravas automa\u0161\u012bn\u0101m un mikroautobusiem, kurus p\u0101rsvar\u0101 izmanto brauk\u0161anai pils\u0113tvid\u0113. Galven\u0101s \u0161\u012bs mode\u013ca \u012bpa\u0161\u012bbas ir paaugstin\u0101t\u0101 kravnes\u012bba, ilgs kalpo\u0161anas laiks un \u013coti pievilc\u012bga cena. Turkl\u0101t tiek pied\u0101v\u0101ti 15 izm\u0113ri diametros no 14 l\u012bdz 16 col\u0101m. Pateicoties tam \u0161is riepu modelis var tikt uzst\u0101d\u012bts uz gandr\u012bz jebkura modern\u0101 komerctransporta.\" \/>\n<meta property=\"og:url\" content=\"https:\/\/mmkriepas.lv\/en\/p\/215-70r16c-goodride-sc328-108-106t\/\" \/>\n<meta property=\"og:site_name\" content=\"MMK Riepas\" \/>\n<meta property=\"article:publisher\" content=\"https:\/\/www.facebook.com\/mmkserviss\/\" \/>\n<meta property=\"article:modified_time\" content=\"2024-05-09T14:03:01+00:00\" \/>\n<meta property=\"og:image\" content=\"https:\/\/mmkriepas.lv\/wp-content\/uploads\/2019\/03\/22570r15-goodride-sc328-112110r-c-vasaras-riepas.jpg\" \/>\n\t<meta property=\"og:image:width\" content=\"1920\" \/>\n\t<meta property=\"og:image:height\" content=\"1280\" \/>\n\t<meta property=\"og:image:type\" content=\"image\/jpeg\" \/>\n<meta name=\"twitter:card\" content=\"summary_large_image\" \/>\n<meta name=\"twitter:label1\" content=\"Price\" \/>\n\t<meta name=\"twitter:data1\" content=\"&euro;70.00\" \/>\n\t<meta name=\"twitter:label2\" content=\"Availability\" \/>\n\t<meta name=\"twitter:data2\" content=\"In stock\" \/>\n<script type=\"application\/ld+json\" class=\"yoast-schema-graph\">{\"@context\":\"https:\\\/\\\/schema.org\",\"@graph\":[{\"@type\":\"WebPage\",\"@id\":\"https:\\\/\\\/mmkriepas.lv\\\/en\\\/p\\\/215-70r16c-goodride-sc328-108-106t\\\/\",\"url\":\"https:\\\/\\\/mmkriepas.lv\\\/en\\\/p\\\/215-70r16c-goodride-sc328-108-106t\\\/\",\"name\":\"215\\\/70R16C Goodride SC328 108\\\/106T &#8226; MMK Riepas\",\"isPartOf\":{\"@id\":\"https:\\\/\\\/mmkriepas.lv\\\/en\\\/#website\"},\"primaryImageOfPage\":{\"@id\":\"https:\\\/\\\/mmkriepas.lv\\\/en\\\/p\\\/215-70r16c-goodride-sc328-108-106t\\\/#primaryimage\"},\"image\":{\"@id\":\"https:\\\/\\\/mmkriepas.lv\\\/en\\\/p\\\/215-70r16c-goodride-sc328-108-106t\\\/#primaryimage\"},\"thumbnailUrl\":\"https:\\\/\\\/mmkriepas.lv\\\/wp-content\\\/uploads\\\/2019\\\/03\\\/22570r15-goodride-sc328-112110r-c-vasaras-riepas.jpg\",\"datePublished\":\"2020-02-12T14:25:18+00:00\",\"dateModified\":\"2024-05-09T14:03:01+00:00\",\"breadcrumb\":{\"@id\":\"https:\\\/\\\/mmkriepas.lv\\\/en\\\/p\\\/215-70r16c-goodride-sc328-108-106t\\\/#breadcrumb\"},\"inLanguage\":\"en-US\",\"potentialAction\":[{\"@type\":\"ReadAction\",\"target\":[\"https:\\\/\\\/mmkriepas.lv\\\/en\\\/p\\\/215-70r16c-goodride-sc328-108-106t\\\/\"]}]},{\"@type\":\"ImageObject\",\"inLanguage\":\"en-US\",\"@id\":\"https:\\\/\\\/mmkriepas.lv\\\/en\\\/p\\\/215-70r16c-goodride-sc328-108-106t\\\/#primaryimage\",\"url\":\"https:\\\/\\\/mmkriepas.lv\\\/wp-content\\\/uploads\\\/2019\\\/03\\\/22570r15-goodride-sc328-112110r-c-vasaras-riepas.jpg\",\"contentUrl\":\"https:\\\/\\\/mmkriepas.lv\\\/wp-content\\\/uploads\\\/2019\\\/03\\\/22570r15-goodride-sc328-112110r-c-vasaras-riepas.jpg\",\"width\":1920,\"height\":1280,\"caption\":\"225\\\/70R15 Goodride SC328 112\\\/110R C - Vasaras riepas\"},{\"@type\":\"BreadcrumbList\",\"@id\":\"https:\\\/\\\/mmkriepas.lv\\\/en\\\/p\\\/215-70r16c-goodride-sc328-108-106t\\\/#breadcrumb\",\"itemListElement\":[{\"@type\":\"ListItem\",\"position\":1,\"name\":\"S\u0101kums\",\"item\":\"https:\\\/\\\/mmkriepas.lv\\\/en\\\/\"},{\"@type\":\"ListItem\",\"position\":2,\"name\":\"215\\\/70R16C Goodride SC328 108\\\/106T\"}]},{\"@type\":\"WebSite\",\"@id\":\"https:\\\/\\\/mmkriepas.lv\\\/en\\\/#website\",\"url\":\"https:\\\/\\\/mmkriepas.lv\\\/en\\\/\",\"name\":\"MMK Riepas\",\"description\":\"MMK Riepas\",\"alternateName\":\"MMK Riepu Serviss\",\"potentialAction\":[{\"@type\":\"SearchAction\",\"target\":{\"@type\":\"EntryPoint\",\"urlTemplate\":\"https:\\\/\\\/mmkriepas.lv\\\/en\\\/?s={search_term_string}\"},\"query-input\":{\"@type\":\"PropertyValueSpecification\",\"valueRequired\":true,\"valueName\":\"search_term_string\"}}],\"inLanguage\":\"en-US\"},{\"@type\":\"ImageObject\",\"inLanguage\":\"en-US\",\"@id\":\"https:\\\/\\\/mmkriepas.lv\\\/en\\\/p\\\/215-70r16c-goodride-sc328-108-106t\\\/#local-main-organization-logo\",\"url\":\"\",\"contentUrl\":\"\",\"caption\":\"MMK Riepas\"}]}<\/script>\n<meta property=\"product:brand\" content=\"Goodride SC328\" \/>\n<meta property=\"product:price:amount\" content=\"70.00\" \/>\n<meta property=\"product:price:currency\" content=\"EUR\" \/>\n<meta property=\"og:availability\" content=\"instock\" \/>\n<meta property=\"product:availability\" content=\"instock\" \/>\n<meta property=\"product:condition\" content=\"new\" \/>\n<!-- \/ Yoast SEO Premium plugin. -->","yoast_head_json":{"title":"215\/70R16C Goodride SC328 108\/106T &#8226; MMK Riepas","robots":{"index":"index","follow":"follow","max-snippet":"max-snippet:-1","max-image-preview":"max-image-preview:large","max-video-preview":"max-video-preview:-1"},"canonical":"https:\/\/mmkriepas.lv\/en\/p\/215-70r16c-goodride-sc328-108-106t\/","og_locale":"en_US","og_type":"article","og_title":"215\/70R16C Goodride SC328 108\/106T","og_description":"Goodride SC328 ir vasaras riepu modelis, kas paredz\u0113ts vieglaj\u0101m kravas automa\u0161\u012bn\u0101m un mikroautobusiem, kurus p\u0101rsvar\u0101 izmanto brauk\u0161anai pils\u0113tvid\u0113. Galven\u0101s \u0161\u012bs mode\u013ca \u012bpa\u0161\u012bbas ir paaugstin\u0101t\u0101 kravnes\u012bba, ilgs kalpo\u0161anas laiks un \u013coti pievilc\u012bga cena. Turkl\u0101t tiek pied\u0101v\u0101ti 15 izm\u0113ri diametros no 14 l\u012bdz 16 col\u0101m. Pateicoties tam \u0161is riepu modelis var tikt uzst\u0101d\u012bts uz gandr\u012bz jebkura modern\u0101 komerctransporta.","og_url":"https:\/\/mmkriepas.lv\/en\/p\/215-70r16c-goodride-sc328-108-106t\/","og_site_name":"MMK Riepas","article_publisher":"https:\/\/www.facebook.com\/mmkserviss\/","article_modified_time":"2024-05-09T14:03:01+00:00","og_image":[{"width":1920,"height":1280,"url":"https:\/\/mmkriepas.lv\/wp-content\/uploads\/2019\/03\/22570r15-goodride-sc328-112110r-c-vasaras-riepas.jpg","type":"image\/jpeg"}],"twitter_card":"summary_large_image","twitter_misc":{"Price":"&euro;70.00","Availability":"In stock"},"schema":{"@context":"https:\/\/schema.org","@graph":[{"@type":"WebPage","@id":"https:\/\/mmkriepas.lv\/en\/p\/215-70r16c-goodride-sc328-108-106t\/","url":"https:\/\/mmkriepas.lv\/en\/p\/215-70r16c-goodride-sc328-108-106t\/","name":"215\/70R16C Goodride SC328 108\/106T &#8226; MMK Riepas","isPartOf":{"@id":"https:\/\/mmkriepas.lv\/en\/#website"},"primaryImageOfPage":{"@id":"https:\/\/mmkriepas.lv\/en\/p\/215-70r16c-goodride-sc328-108-106t\/#primaryimage"},"image":{"@id":"https:\/\/mmkriepas.lv\/en\/p\/215-70r16c-goodride-sc328-108-106t\/#primaryimage"},"thumbnailUrl":"https:\/\/mmkriepas.lv\/wp-content\/uploads\/2019\/03\/22570r15-goodride-sc328-112110r-c-vasaras-riepas.jpg","datePublished":"2020-02-12T14:25:18+00:00","dateModified":"2024-05-09T14:03:01+00:00","breadcrumb":{"@id":"https:\/\/mmkriepas.lv\/en\/p\/215-70r16c-goodride-sc328-108-106t\/#breadcrumb"},"inLanguage":"en-US","potentialAction":[{"@type":"ReadAction","target":["https:\/\/mmkriepas.lv\/en\/p\/215-70r16c-goodride-sc328-108-106t\/"]}]},{"@type":"ImageObject","inLanguage":"en-US","@id":"https:\/\/mmkriepas.lv\/en\/p\/215-70r16c-goodride-sc328-108-106t\/#primaryimage","url":"https:\/\/mmkriepas.lv\/wp-content\/uploads\/2019\/03\/22570r15-goodride-sc328-112110r-c-vasaras-riepas.jpg","contentUrl":"https:\/\/mmkriepas.lv\/wp-content\/uploads\/2019\/03\/22570r15-goodride-sc328-112110r-c-vasaras-riepas.jpg","width":1920,"height":1280,"caption":"225\/70R15 Goodride SC328 112\/110R C - Vasaras riepas"},{"@type":"BreadcrumbList","@id":"https:\/\/mmkriepas.lv\/en\/p\/215-70r16c-goodride-sc328-108-106t\/#breadcrumb","itemListElement":[{"@type":"ListItem","position":1,"name":"S\u0101kums","item":"https:\/\/mmkriepas.lv\/en\/"},{"@type":"ListItem","position":2,"name":"215\/70R16C Goodride SC328 108\/106T"}]},{"@type":"WebSite","@id":"https:\/\/mmkriepas.lv\/en\/#website","url":"https:\/\/mmkriepas.lv\/en\/","name":"MMK Riepas","description":"MMK Riepas","alternateName":"MMK Riepu Serviss","potentialAction":[{"@type":"SearchAction","target":{"@type":"EntryPoint","urlTemplate":"https:\/\/mmkriepas.lv\/en\/?s={search_term_string}"},"query-input":{"@type":"PropertyValueSpecification","valueRequired":true,"valueName":"search_term_string"}}],"inLanguage":"en-US"},{"@type":"ImageObject","inLanguage":"en-US","@id":"https:\/\/mmkriepas.lv\/en\/p\/215-70r16c-goodride-sc328-108-106t\/#local-main-organization-logo","url":"","contentUrl":"","caption":"MMK Riepas"}]},"product_brand":"Goodride SC328","product_price_amount":"70.00","product_price_currency":"EUR","og_availability":"instock","product_availability":"instock","product_condition":"new"},"_links":{"self":[{"href":"https:\/\/mmkriepas.lv\/en\/wp-json\/wp\/v2\/product\/110689","targetHints":{"allow":["GET"]}}],"collection":[{"href":"https:\/\/mmkriepas.lv\/en\/wp-json\/wp\/v2\/product"}],"about":[{"href":"https:\/\/mmkriepas.lv\/en\/wp-json\/wp\/v2\/types\/product"}],"wp:featuredmedia":[{"embeddable":true,"href":"https:\/\/mmkriepas.lv\/en\/wp-json\/wp\/v2\/media\/96765"}],"wp:attachment":[{"href":"https:\/\/mmkriepas.lv\/en\/wp-json\/wp\/v2\/media?parent=110689"}],"wp:term":[{"taxonomy":"product_brand","embeddable":true,"href":"https:\/\/mmkriepas.lv\/en\/wp-json\/wp\/v2\/product_brand?post=110689"},{"taxonomy":"product_cat","embeddable":true,"href":"https:\/\/mmkriepas.lv\/en\/wp-json\/wp\/v2\/product_cat?post=110689"},{"taxonomy":"product_tag","embeddable":true,"href":"https:\/\/mmkriepas.lv\/en\/wp-json\/wp\/v2\/product_tag?post=110689"}],"curies":[{"name":"wp","href":"https:\/\/api.w.org\/{rel}","templated":true}]}}