{"id":110091,"date":"2020-02-03T15:49:28","date_gmt":"2020-02-03T13:49:28","guid":{"rendered":"https:\/\/mmkserviss.lv\/?post_type=product&#038;p=110091"},"modified":"2026-04-03T14:16:01","modified_gmt":"2026-04-03T11:16:01","slug":"235-70r16-sailun-terramax-a-t-106s","status":"publish","type":"product","link":"https:\/\/mmkriepas.lv\/en\/p\/235-70r16-sailun-terramax-a-t-106s\/","title":{"rendered":"235\/70R16 Sailun TERRAMAX A\/T 106S OWL RP"},"content":{"rendered":"<p><strong>Sailun TERRAMAX A\/T<\/strong> ir vissezonas riepu modelis (k\u0101rt\u012bgos ziemas apst\u0101k\u013cos ieteicams izv\u0113l\u0113ties m\u012bkst\u0101 sast\u0101va ziemas riepas). Ide\u0101li piem\u0113rotas izmanto\u0161anai mikroautobusiem, pikapiem un apvidus auto, nodro\u0161inot sa\u0137eri uz cieta seguma ce\u013ciem un apvidus apst\u0101k\u013cos.<\/p>\n<p><strong>TERRAMAX A\/T \u012bpa\u0161\u012bbas:<\/strong><\/p>\n<p>+ agres\u012bvais atv\u0113rtais plecu bloku dizains pal\u012bdz izspiest \u016bdeni, sniegu un dub\u013cus \u0101rpus protektora\u00a0<\/p>\n<p>+ riepas piem\u0113rotas brauk\u0161anai pa laukiem, me\u017eiem, grants ce\u013ciem<\/p>\n<p>+ palielin\u0101ta sa\u0137ere uz jebkura reljefa un jebkuros laika apst\u0101k\u013cos\u00a0<\/p>\n<p>+ stingra centra riba nodro\u0161ina lielisku vad\u0101m\u012bbu un brauk\u0161anas komfortu\u00a0<\/p>\n<p>+ dro\u0161a vad\u0101m\u012bb\u0101 gan uz sausa, gan mitra seguma<\/p>\n<p>+ daudzvirzienu lame\u013cu sist\u0113ma uzlabo komfortu, neapdraudot caurejam\u012bbu<\/p>\n<p>+ stabilit\u0101te braucot pa nel\u012bdzenu ce\u013ca segumu<\/p>\n<p>+ riepas izce\u013c\u0101s ar <strong><em>zemiem dilst\u012bbas r\u0101d\u012bt\u0101jiem<\/em><\/strong><\/p>\n<p>+ sal\u012bdzino\u0161i klusas riepas<\/p>\n<p>+ paaugstin\u0101ta triecieniztur\u012bba pasarg\u0101s riepu no p\u0101rsi\u0161anas bedr\u0113s\u00a0<\/p>\n<h5><strong>TERRAMAX A\/T preotektora apraksts:<\/strong><\/h5>\n<p><strong>Sailun TERRAMAX A\/T <\/strong>agres\u012bvais atv\u0113rtais plecu bloku dizains pal\u012bdz izspiest <em>\u016bdeni<\/em>, <em>sniegu<\/em> un <em>dub\u013cus<\/em> \u0101rpus protektora, t\u0101d\u0113j\u0101di palielinot sa\u0137eri uz jebkura reljefa un jebkuros laika apst\u0101k\u013cos. Stingra centra riba\u00a0 nodro\u0161ina lielisku vad\u0101m\u012bbu un brauk\u0161anas komfortu. Daudzvirzienu lame\u013cu sist\u0113ma uzlabo komfortu, neapdraudot caurejam\u012bbu.<\/p>\n<h5>*Uzman\u012bbu: Vasaras riepas, kas ir ra\u017eotas \u0136\u012bn\u0101, var b\u016bt apz\u012bm\u0113tas ar apz\u012bm\u0113jumu M+S. J\u0101\u0146em ver\u0101, ka \u0136\u012bnas teritorija sniedzas da\u017e\u0101d\u0101s klimatiskaj\u0101s zon\u0101s, kur da\u017eviet metereolo\u0123isk\u0101 ziema t\u0101 ar\u012b neiest\u0101jas. L\u012bdz ar to, tur \u0161\u012bs riepas var izmantot visu gadu, kam\u0113r Latvij\u0101 tas nestr\u0101d\u0101!<\/h5>\n","protected":false},"excerpt":{"rendered":"<p><strong>Sailun TERRAMAX A\/T<\/strong> ir vissezonas riepu modelis (k\u0101rt\u012bgos ziemas apst\u0101k\u013cos ieteicams izv\u0113l\u0113ties m\u012bkst\u0101 sast\u0101va ziemas riepas). Ide\u0101li piem\u0113rotas izmanto\u0161anai mikroautobusiem, pikapiem un apvidus auto, nodro\u0161inot sa\u0137eri uz cieta seguma ce\u013ciem un apvidus apst\u0101k\u013cos.<\/p>\n","protected":false},"featured_media":866596,"template":"","meta":{"_acf_changed":false,"ngg_post_thumbnail":0},"product_brand":[],"product_cat":[46,47,45],"product_tag":[],"class_list":{"0":"post-110091","1":"product","2":"type-product","3":"status-publish","4":"has-post-thumbnail","6":"product_cat-vasaras-riepas","7":"product_cat-vissezonas-riepas","8":"product_cat-ziemas-riepas","10":"first","11":"instock","12":"sale","13":"taxable","14":"shipping-taxable","15":"purchasable","16":"product-type-simple"},"acf":[],"yoast_head":"<!-- This site is optimized with the Yoast SEO Premium plugin v22.6 (Yoast SEO v27.3) - https:\/\/yoast.com\/product\/yoast-seo-premium-wordpress\/ -->\n<title>235\/70R16 Sailun TERRAMAX A\/T 106S OWL RP &#8226; MMK Riepas<\/title>\n<meta name=\"robots\" content=\"index, follow, max-snippet:-1, max-image-preview:large, max-video-preview:-1\" \/>\n<link rel=\"canonical\" href=\"https:\/\/mmkriepas.lv\/en\/p\/235-70r16-sailun-terramax-a-t-106s\/\" \/>\n<meta property=\"og:locale\" content=\"en_US\" \/>\n<meta property=\"og:type\" content=\"article\" \/>\n<meta property=\"og:title\" content=\"235\/70R16 Sailun TERRAMAX A\/T 106S OWL RP\" \/>\n<meta property=\"og:description\" content=\"Sailun TERRAMAX A\/T ir vissezonas riepu modelis (k\u0101rt\u012bgos ziemas apst\u0101k\u013cos ieteicams izv\u0113l\u0113ties m\u012bkst\u0101 sast\u0101va ziemas riepas). Ide\u0101li piem\u0113rotas izmanto\u0161anai mikroautobusiem, pikapiem un apvidus auto, nodro\u0161inot sa\u0137eri uz cieta seguma ce\u013ciem un apvidus apst\u0101k\u013cos.\" \/>\n<meta property=\"og:url\" content=\"https:\/\/mmkriepas.lv\/en\/p\/235-70r16-sailun-terramax-a-t-106s\/\" \/>\n<meta property=\"og:site_name\" content=\"MMK Riepas\" \/>\n<meta property=\"article:publisher\" content=\"https:\/\/www.facebook.com\/mmkserviss\/\" \/>\n<meta property=\"article:modified_time\" content=\"2026-04-03T11:16:01+00:00\" \/>\n<meta property=\"og:image\" content=\"https:\/\/mmkriepas.lv\/wp-content\/uploads\/2024\/02\/26575r16-sailun-terramax-at-116s-dot-all-terrain-riepas-vasaras-riepas-ziemas-riepas.jpeg\" \/>\n\t<meta property=\"og:image:width\" content=\"1519\" \/>\n\t<meta property=\"og:image:height\" content=\"1171\" \/>\n\t<meta property=\"og:image:type\" content=\"image\/jpeg\" \/>\n<meta name=\"twitter:card\" content=\"summary_large_image\" \/>\n<meta name=\"twitter:label1\" content=\"Price\" \/>\n\t<meta name=\"twitter:data1\" content=\"&euro;93.00\" \/>\n\t<meta name=\"twitter:label2\" content=\"Availability\" \/>\n\t<meta name=\"twitter:data2\" content=\"In stock\" \/>\n<script type=\"application\/ld+json\" class=\"yoast-schema-graph\">{\"@context\":\"https:\\\/\\\/schema.org\",\"@graph\":[{\"@type\":\"WebPage\",\"@id\":\"https:\\\/\\\/mmkriepas.lv\\\/en\\\/p\\\/235-70r16-sailun-terramax-a-t-106s\\\/\",\"url\":\"https:\\\/\\\/mmkriepas.lv\\\/en\\\/p\\\/235-70r16-sailun-terramax-a-t-106s\\\/\",\"name\":\"235\\\/70R16 Sailun TERRAMAX A\\\/T 106S OWL RP &#8226; MMK Riepas\",\"isPartOf\":{\"@id\":\"https:\\\/\\\/mmkriepas.lv\\\/en\\\/#website\"},\"primaryImageOfPage\":{\"@id\":\"https:\\\/\\\/mmkriepas.lv\\\/en\\\/p\\\/235-70r16-sailun-terramax-a-t-106s\\\/#primaryimage\"},\"image\":{\"@id\":\"https:\\\/\\\/mmkriepas.lv\\\/en\\\/p\\\/235-70r16-sailun-terramax-a-t-106s\\\/#primaryimage\"},\"thumbnailUrl\":\"https:\\\/\\\/mmkriepas.lv\\\/wp-content\\\/uploads\\\/2024\\\/02\\\/26575r16-sailun-terramax-at-116s-dot-all-terrain-riepas-vasaras-riepas-ziemas-riepas.jpeg\",\"datePublished\":\"2020-02-03T13:49:28+00:00\",\"dateModified\":\"2026-04-03T11:16:01+00:00\",\"breadcrumb\":{\"@id\":\"https:\\\/\\\/mmkriepas.lv\\\/en\\\/p\\\/235-70r16-sailun-terramax-a-t-106s\\\/#breadcrumb\"},\"inLanguage\":\"en-US\",\"potentialAction\":[{\"@type\":\"ReadAction\",\"target\":[\"https:\\\/\\\/mmkriepas.lv\\\/en\\\/p\\\/235-70r16-sailun-terramax-a-t-106s\\\/\"]}]},{\"@type\":\"ImageObject\",\"inLanguage\":\"en-US\",\"@id\":\"https:\\\/\\\/mmkriepas.lv\\\/en\\\/p\\\/235-70r16-sailun-terramax-a-t-106s\\\/#primaryimage\",\"url\":\"https:\\\/\\\/mmkriepas.lv\\\/wp-content\\\/uploads\\\/2024\\\/02\\\/26575r16-sailun-terramax-at-116s-dot-all-terrain-riepas-vasaras-riepas-ziemas-riepas.jpeg\",\"contentUrl\":\"https:\\\/\\\/mmkriepas.lv\\\/wp-content\\\/uploads\\\/2024\\\/02\\\/26575r16-sailun-terramax-at-116s-dot-all-terrain-riepas-vasaras-riepas-ziemas-riepas.jpeg\",\"width\":1519,\"height\":1171,\"caption\":\"MMK Sailun TERRAMAX AT MAIN\"},{\"@type\":\"BreadcrumbList\",\"@id\":\"https:\\\/\\\/mmkriepas.lv\\\/en\\\/p\\\/235-70r16-sailun-terramax-a-t-106s\\\/#breadcrumb\",\"itemListElement\":[{\"@type\":\"ListItem\",\"position\":1,\"name\":\"S\u0101kums\",\"item\":\"https:\\\/\\\/mmkriepas.lv\\\/en\\\/\"},{\"@type\":\"ListItem\",\"position\":2,\"name\":\"235\\\/70R16 Sailun TERRAMAX A\\\/T 106S OWL RP\"}]},{\"@type\":\"WebSite\",\"@id\":\"https:\\\/\\\/mmkriepas.lv\\\/en\\\/#website\",\"url\":\"https:\\\/\\\/mmkriepas.lv\\\/en\\\/\",\"name\":\"MMK Riepas\",\"description\":\"MMK Riepas\",\"alternateName\":\"MMK Riepu Serviss\",\"potentialAction\":[{\"@type\":\"SearchAction\",\"target\":{\"@type\":\"EntryPoint\",\"urlTemplate\":\"https:\\\/\\\/mmkriepas.lv\\\/en\\\/?s={search_term_string}\"},\"query-input\":{\"@type\":\"PropertyValueSpecification\",\"valueRequired\":true,\"valueName\":\"search_term_string\"}}],\"inLanguage\":\"en-US\"},{\"@type\":\"ImageObject\",\"inLanguage\":\"en-US\",\"@id\":\"https:\\\/\\\/mmkriepas.lv\\\/en\\\/p\\\/235-70r16-sailun-terramax-a-t-106s\\\/#local-main-organization-logo\",\"url\":\"\",\"contentUrl\":\"\",\"caption\":\"MMK Riepas\"}]}<\/script>\n<meta property=\"product:brand\" content=\"Sailun TERRAMAX A\/T\" \/>\n<meta property=\"product:price:amount\" content=\"93.00\" \/>\n<meta property=\"product:price:currency\" content=\"EUR\" \/>\n<meta property=\"og:availability\" content=\"instock\" \/>\n<meta property=\"product:availability\" content=\"instock\" \/>\n<meta property=\"product:retailer_item_id\" content=\"TS2357016SAILU-709\" \/>\n<meta property=\"product:condition\" content=\"new\" \/>\n<!-- \/ Yoast SEO Premium plugin. -->","yoast_head_json":{"title":"235\/70R16 Sailun TERRAMAX A\/T 106S OWL RP &#8226; MMK Riepas","robots":{"index":"index","follow":"follow","max-snippet":"max-snippet:-1","max-image-preview":"max-image-preview:large","max-video-preview":"max-video-preview:-1"},"canonical":"https:\/\/mmkriepas.lv\/en\/p\/235-70r16-sailun-terramax-a-t-106s\/","og_locale":"en_US","og_type":"article","og_title":"235\/70R16 Sailun TERRAMAX A\/T 106S OWL RP","og_description":"Sailun TERRAMAX A\/T ir vissezonas riepu modelis (k\u0101rt\u012bgos ziemas apst\u0101k\u013cos ieteicams izv\u0113l\u0113ties m\u012bkst\u0101 sast\u0101va ziemas riepas). Ide\u0101li piem\u0113rotas izmanto\u0161anai mikroautobusiem, pikapiem un apvidus auto, nodro\u0161inot sa\u0137eri uz cieta seguma ce\u013ciem un apvidus apst\u0101k\u013cos.","og_url":"https:\/\/mmkriepas.lv\/en\/p\/235-70r16-sailun-terramax-a-t-106s\/","og_site_name":"MMK Riepas","article_publisher":"https:\/\/www.facebook.com\/mmkserviss\/","article_modified_time":"2026-04-03T11:16:01+00:00","og_image":[{"width":1519,"height":1171,"url":"https:\/\/mmkriepas.lv\/wp-content\/uploads\/2024\/02\/26575r16-sailun-terramax-at-116s-dot-all-terrain-riepas-vasaras-riepas-ziemas-riepas.jpeg","type":"image\/jpeg"}],"twitter_card":"summary_large_image","twitter_misc":{"Price":"&euro;93.00","Availability":"In stock"},"schema":{"@context":"https:\/\/schema.org","@graph":[{"@type":"WebPage","@id":"https:\/\/mmkriepas.lv\/en\/p\/235-70r16-sailun-terramax-a-t-106s\/","url":"https:\/\/mmkriepas.lv\/en\/p\/235-70r16-sailun-terramax-a-t-106s\/","name":"235\/70R16 Sailun TERRAMAX A\/T 106S OWL RP &#8226; MMK Riepas","isPartOf":{"@id":"https:\/\/mmkriepas.lv\/en\/#website"},"primaryImageOfPage":{"@id":"https:\/\/mmkriepas.lv\/en\/p\/235-70r16-sailun-terramax-a-t-106s\/#primaryimage"},"image":{"@id":"https:\/\/mmkriepas.lv\/en\/p\/235-70r16-sailun-terramax-a-t-106s\/#primaryimage"},"thumbnailUrl":"https:\/\/mmkriepas.lv\/wp-content\/uploads\/2024\/02\/26575r16-sailun-terramax-at-116s-dot-all-terrain-riepas-vasaras-riepas-ziemas-riepas.jpeg","datePublished":"2020-02-03T13:49:28+00:00","dateModified":"2026-04-03T11:16:01+00:00","breadcrumb":{"@id":"https:\/\/mmkriepas.lv\/en\/p\/235-70r16-sailun-terramax-a-t-106s\/#breadcrumb"},"inLanguage":"en-US","potentialAction":[{"@type":"ReadAction","target":["https:\/\/mmkriepas.lv\/en\/p\/235-70r16-sailun-terramax-a-t-106s\/"]}]},{"@type":"ImageObject","inLanguage":"en-US","@id":"https:\/\/mmkriepas.lv\/en\/p\/235-70r16-sailun-terramax-a-t-106s\/#primaryimage","url":"https:\/\/mmkriepas.lv\/wp-content\/uploads\/2024\/02\/26575r16-sailun-terramax-at-116s-dot-all-terrain-riepas-vasaras-riepas-ziemas-riepas.jpeg","contentUrl":"https:\/\/mmkriepas.lv\/wp-content\/uploads\/2024\/02\/26575r16-sailun-terramax-at-116s-dot-all-terrain-riepas-vasaras-riepas-ziemas-riepas.jpeg","width":1519,"height":1171,"caption":"MMK Sailun TERRAMAX AT MAIN"},{"@type":"BreadcrumbList","@id":"https:\/\/mmkriepas.lv\/en\/p\/235-70r16-sailun-terramax-a-t-106s\/#breadcrumb","itemListElement":[{"@type":"ListItem","position":1,"name":"S\u0101kums","item":"https:\/\/mmkriepas.lv\/en\/"},{"@type":"ListItem","position":2,"name":"235\/70R16 Sailun TERRAMAX A\/T 106S OWL RP"}]},{"@type":"WebSite","@id":"https:\/\/mmkriepas.lv\/en\/#website","url":"https:\/\/mmkriepas.lv\/en\/","name":"MMK Riepas","description":"MMK Riepas","alternateName":"MMK Riepu Serviss","potentialAction":[{"@type":"SearchAction","target":{"@type":"EntryPoint","urlTemplate":"https:\/\/mmkriepas.lv\/en\/?s={search_term_string}"},"query-input":{"@type":"PropertyValueSpecification","valueRequired":true,"valueName":"search_term_string"}}],"inLanguage":"en-US"},{"@type":"ImageObject","inLanguage":"en-US","@id":"https:\/\/mmkriepas.lv\/en\/p\/235-70r16-sailun-terramax-a-t-106s\/#local-main-organization-logo","url":"","contentUrl":"","caption":"MMK Riepas"}]},"product_brand":"Sailun TERRAMAX A\/T","product_price_amount":"93.00","product_price_currency":"EUR","og_availability":"instock","product_availability":"instock","product_retailer_item_id":"TS2357016SAILU-709","product_condition":"new"},"_links":{"self":[{"href":"https:\/\/mmkriepas.lv\/en\/wp-json\/wp\/v2\/product\/110091","targetHints":{"allow":["GET"]}}],"collection":[{"href":"https:\/\/mmkriepas.lv\/en\/wp-json\/wp\/v2\/product"}],"about":[{"href":"https:\/\/mmkriepas.lv\/en\/wp-json\/wp\/v2\/types\/product"}],"wp:featuredmedia":[{"embeddable":true,"href":"https:\/\/mmkriepas.lv\/en\/wp-json\/wp\/v2\/media\/866596"}],"wp:attachment":[{"href":"https:\/\/mmkriepas.lv\/en\/wp-json\/wp\/v2\/media?parent=110091"}],"wp:term":[{"taxonomy":"product_brand","embeddable":true,"href":"https:\/\/mmkriepas.lv\/en\/wp-json\/wp\/v2\/product_brand?post=110091"},{"taxonomy":"product_cat","embeddable":true,"href":"https:\/\/mmkriepas.lv\/en\/wp-json\/wp\/v2\/product_cat?post=110091"},{"taxonomy":"product_tag","embeddable":true,"href":"https:\/\/mmkriepas.lv\/en\/wp-json\/wp\/v2\/product_tag?post=110091"}],"curies":[{"name":"wp","href":"https:\/\/api.w.org\/{rel}","templated":true}]}}