{"id":109849,"date":"2020-01-29T11:40:08","date_gmt":"2020-01-29T09:40:08","guid":{"rendered":"https:\/\/mmkserviss.lv\/?post_type=product&#038;p=109849"},"modified":"2023-07-27T18:26:23","modified_gmt":"2023-07-27T15:26:23","slug":"185-80r14c-triangle-tr-645-102-100s","status":"publish","type":"product","link":"https:\/\/mmkriepas.lv\/en\/p\/185-80r14c-triangle-tr-645-102-100s\/","title":{"rendered":"185\/80R14C Triangle TR 645 102\/100S"},"content":{"rendered":"<h2>Vasaras riepas Triangle TR645<\/h2>\n<p>Riepu ra\u017eot\u0101js un modelis:<strong> Triangle TR645<\/strong><\/p>\n<p><strong>MMK Serviss nov\u0113rt\u0113jums:<\/strong>&nbsp;<em>&#8221;Labas vasaras riepas par labu cenu. Kvalit\u0101te augst\u0101ka par samaks\u0101to naudu&#8221;.<\/em><\/p>\n<h4><strong>TRIANGLE RIEPAS \u2013 VIENAS NO PASAULES L\u012aDER\u0112M<\/strong><\/h4>\n<p>Triangle ir uz\u0146\u0113mums, kas savu produkciju s\u0101ka ra\u017eot \u0136\u012bn\u0101 1976. gad\u0101, tom\u0113r viss riepu in\u017een\u0113rijas un dizain\u0113\u0161anas proces notiek Somij\u0101, kam\u0113r riepu ra\u017eo\u0161anas proces\u0101 tiek izmantotas lab\u0101k\u0101s Holand\u0113 izstr\u0101d\u0101t\u0101s iek\u0101rtas! R\u016bpn\u012bca eksport\u0113 savus produktus uz vair\u0101k nek\u0101 130 pasaules valst\u012bm, bet galvenok\u0101rt uz Eiropu, Austr\u0101liju un Ameriku, sal\u012bdzino\u0161i nesen uz\u0146\u0113mums ielauzies ar\u012b Krievijas tirg\u016b! Triangle riepas ir augstas kvalit\u0101tes produkts, kas iekarojis pasaules tirgu, izmantojot somu dizainu, holandie\u0161u iek\u0101rtas un \u0136\u012bnas pieredzi riepu ra\u017eo\u0161anas proces\u0101. Uz\u0146\u0113mums ra\u017eo gan ziemas riepas, gan M+S riepas, t\u0101 pat ar\u012b lieliskas kvalit\u0101tes vasaras riepas. Nav autotransporta veida, kam Triangle nepied\u0101v\u0101tu savu produkciju, s\u0101kot no vismaz\u0101k\u0101 izm\u0113ra vieglaj\u0101m automa\u0161\u012bn\u0101m l\u012bdz pat apvidus un kravas transportam! <span>\u0160\u012b z\u012bmola produkti garant\u0113s Jums dro\u0161\u012bbu uz ce\u013ca un riepu ilgtsp\u0113ju.&nbsp;<\/span><\/p>\n<h4>MMK Serviss pied\u0101v\u0101 vienas no lab\u0101kaj\u0101m bud\u017eeta klases riep\u0101m \u2013 Triangle.<\/h4>\n<p><span>Triangle TR645 riepa paredz\u0113ta komerctransportam, lieto\u0161anai uz cietajiem ce\u013ca segumiem (gan asfalts, gan bru\u0123is, gan grants vai \u0161\u0137embu ce\u013c\u0161). T\u0101 ir vasaras riepa, kam ir paaugstin\u0101ts kravnes\u012bbas indekss (iztur\u012bg\u0101ks riepas modelis), kas sniedz iesp\u0113ju uzkraut liel\u0101kas kravas un braukt liel\u0101k\u0101 \u0101trum\u0101 (ieteicams nep\u0101rsniegt nor\u0101d\u012bto maksim\u0101lo slodzi). Lieliska izv\u0113le ja, piem\u0113ram, ar auto j\u0101brauc uz \u0101rzem\u0113m, pa \u0101trgaitas ce\u013ciem, tad \u0161is riepas modelis b\u016bs lieliski tam piem\u0113rots. <\/span>Eirop\u0101 un Latvij\u0101 paz\u012bstams jau vair\u0101k k\u0101 12 gadus. Triangle ir uzticams riepu ra\u017eot\u0101js, sevi ir pier\u0101d\u012bjis ar augstu kvalit\u0101ti par \u013coti labu cenu. \u013boti laba kvalit\u0101tes un cenas attiec\u012bba.<\/p>\n<p><strong>Triangle TR 645 <\/strong>\u012bpa\u0161\u012bbas:<\/p>\n<p>+ \u013coti labi sa\u0137eres r\u0101d\u012bt\u0101ji, stabilit\u0101te l\u012bkumos<br \/>\n+ riepas protektoram ir simetrisks raksts, kas sast\u0101v no viengabala blokiem, laba \u016bdens caurlaid\u012bba<br \/>\n+ nep\u0101rtraukts sa\u0137eres laukums, lieliska stabilit\u0101te uz ce\u013ca<br \/>\n+ asie protektora bloku le\u0146\u0137i nodro\u0161ina kvalitat\u012bvu bremz\u0113\u0161anu un uzlabo sa\u0137eri<br \/>\n+ tr\u012bs dzi\u013cas rievas lieliski novada smiltis, dub\u013cus un \u016bdeni no riepas, samazina akvaplan\u0113\u0161anas risku<br \/>\n+ simetriskas riepu malas da\u013cas uzlabo manevr\u0113\u0161anu un stabilit\u0101ti pagriezienos<br \/>\n+ izmantoti papildu t\u0113rauda kordi riepas konstrukcij\u0101, kas nodro\u0161ina liel\u0101ku riepas triecieniztur\u012bbu (maz\u0101ka iesp\u0113ja riepu p\u0101rsist bedr\u0113s vai uz apmal\u0113m)<br \/>\n+ palielin\u0101ts protektora dzi\u013cums, palielin\u0101ts riepas kalpo\u0161anas laiks<br \/>\n+ \u012bss bremz\u0113\u0161anas ce\u013c\u0161<br \/>\n+ degvielas ekonomija, zema rites pretest\u012bba<br \/>\n+ klusas riepas<br \/>\n+ riepas izce\u013c\u0101s ar zemiem dilst\u012bbas r\u0101d\u012bt\u0101jiem, kas noz\u012bm\u0113 daudzu t\u016bksto\u0161u kilometru nobraukumu<br \/>\n+ izteikta disku aizsargmala<br \/>\n+ dro\u0161a vad\u0101m\u012bb\u0101 gan uz sausa, gan mitra seguma, augsta notur\u012bba pret akvaplan\u0113\u0161anu<br \/>\n+ garantija<\/p>\n<p><strong>Rekomend\u0113jam \u0161o modeli! <\/strong>&#8221;<em>Augsta kvalit\u0101te par zemu cenu.&#8221;&nbsp;<\/em><\/p>\n<h5><span style=\"font-size: 10pt;\">*Uzman\u012bbu: vasaras riepas, kas ra\u017eotas \u0100zijas valst\u012bs, var b\u016bt apz\u012bm\u0113tas ar apz\u012bm\u0113jumu M + S. J\u0101\u0146em ver\u0101, ka \u0100zijas teritorija sniedzas da\u017e\u0101d\u0101s klimatiskaj\u0101s zon\u0101s, kur da\u017eviet metereolo\u0123isk\u0101 ziema t\u0101 ar\u012b neiest\u0101jas. L\u012bdz ar to, tur \u0161\u012bs riepas var izmantot visu gadu, kam\u0113r Latvij\u0101 tas nestr\u0101d\u0101!<\/span><br \/>\n<span style=\"font-size: 10pt;\">S\u012bk\u0101k par \u0161o un citiem apz\u012bm\u0113jumiem dro\u0161i jaut\u0101jiet MMK Riepu Serviss speci\u0101listiem.<\/span><\/h5>\n","protected":false},"excerpt":{"rendered":"<p>Vasaras riepas Triangle TR645 Riepu ra\u017eot\u0101js un modelis: Triangle TR645 MMK Serviss nov\u0113rt\u0113jums:&nbsp;&#8221;Labas vasaras riepas par labu cenu. Kvalit\u0101te augst\u0101ka par samaks\u0101to naudu&#8221;. TRIANGLE RIEPAS \u2013 VIENAS NO PASAULES L\u012aDER\u0112M<\/p>\n","protected":false},"featured_media":109850,"template":"","meta":{"_acf_changed":false,"ngg_post_thumbnail":0},"product_brand":[],"product_cat":[46],"product_tag":[],"class_list":{"0":"post-109849","1":"product","2":"type-product","3":"status-publish","4":"has-post-thumbnail","6":"product_cat-vasaras-riepas","8":"first","9":"instock","10":"sale","11":"taxable","12":"shipping-taxable","13":"product-type-simple"},"acf":[],"yoast_head":"<!-- This site is optimized with the Yoast SEO Premium plugin v22.6 (Yoast SEO v27.3) - https:\/\/yoast.com\/product\/yoast-seo-premium-wordpress\/ -->\n<title>185\/80R14C Triangle TR 645 102\/100S &#8226; MMK Riepas<\/title>\n<meta name=\"robots\" content=\"index, follow, max-snippet:-1, max-image-preview:large, max-video-preview:-1\" \/>\n<link rel=\"canonical\" href=\"https:\/\/mmkriepas.lv\/en\/p\/185-80r14c-triangle-tr-645-102-100s\/\" \/>\n<meta property=\"og:locale\" content=\"en_US\" \/>\n<meta property=\"og:type\" content=\"article\" \/>\n<meta property=\"og:title\" content=\"185\/80R14C Triangle TR 645 102\/100S\" \/>\n<meta property=\"og:description\" content=\"Vasaras riepas Triangle TR645 Riepu ra\u017eot\u0101js un modelis: Triangle TR645 MMK Serviss nov\u0113rt\u0113jums:&nbsp;&#8221;Labas vasaras riepas par labu cenu. Kvalit\u0101te augst\u0101ka par samaks\u0101to naudu&#8221;. TRIANGLE RIEPAS \u2013 VIENAS NO PASAULES L\u012aDER\u0112M\" \/>\n<meta property=\"og:url\" content=\"https:\/\/mmkriepas.lv\/en\/p\/185-80r14c-triangle-tr-645-102-100s\/\" \/>\n<meta property=\"og:site_name\" content=\"MMK Riepas\" \/>\n<meta property=\"article:publisher\" content=\"https:\/\/www.facebook.com\/mmkserviss\/\" \/>\n<meta property=\"article:modified_time\" content=\"2023-07-27T15:26:23+00:00\" \/>\n<meta property=\"og:image\" content=\"https:\/\/mmkriepas.lv\/wp-content\/uploads\/2020\/01\/19570r15c-triangle-tr645-104102r-vasaras-riepas-2.jpg\" \/>\n\t<meta property=\"og:image:width\" content=\"1000\" \/>\n\t<meta property=\"og:image:height\" content=\"1000\" \/>\n\t<meta property=\"og:image:type\" content=\"image\/jpeg\" \/>\n<meta name=\"twitter:card\" content=\"summary_large_image\" \/>\n<meta name=\"twitter:label1\" content=\"Price\" \/>\n\t<meta name=\"twitter:data1\" content=\"&euro;59.00\" \/>\n\t<meta name=\"twitter:label2\" content=\"Availability\" \/>\n\t<meta name=\"twitter:data2\" content=\"In stock\" \/>\n<script type=\"application\/ld+json\" class=\"yoast-schema-graph\">{\"@context\":\"https:\\\/\\\/schema.org\",\"@graph\":[{\"@type\":\"WebPage\",\"@id\":\"https:\\\/\\\/mmkriepas.lv\\\/en\\\/p\\\/185-80r14c-triangle-tr-645-102-100s\\\/\",\"url\":\"https:\\\/\\\/mmkriepas.lv\\\/en\\\/p\\\/185-80r14c-triangle-tr-645-102-100s\\\/\",\"name\":\"185\\\/80R14C Triangle TR 645 102\\\/100S &#8226; MMK Riepas\",\"isPartOf\":{\"@id\":\"https:\\\/\\\/mmkriepas.lv\\\/en\\\/#website\"},\"primaryImageOfPage\":{\"@id\":\"https:\\\/\\\/mmkriepas.lv\\\/en\\\/p\\\/185-80r14c-triangle-tr-645-102-100s\\\/#primaryimage\"},\"image\":{\"@id\":\"https:\\\/\\\/mmkriepas.lv\\\/en\\\/p\\\/185-80r14c-triangle-tr-645-102-100s\\\/#primaryimage\"},\"thumbnailUrl\":\"https:\\\/\\\/mmkriepas.lv\\\/wp-content\\\/uploads\\\/2020\\\/01\\\/19570r15c-triangle-tr645-104102r-vasaras-riepas-2.jpg\",\"datePublished\":\"2020-01-29T09:40:08+00:00\",\"dateModified\":\"2023-07-27T15:26:23+00:00\",\"breadcrumb\":{\"@id\":\"https:\\\/\\\/mmkriepas.lv\\\/en\\\/p\\\/185-80r14c-triangle-tr-645-102-100s\\\/#breadcrumb\"},\"inLanguage\":\"en-US\",\"potentialAction\":[{\"@type\":\"ReadAction\",\"target\":[\"https:\\\/\\\/mmkriepas.lv\\\/en\\\/p\\\/185-80r14c-triangle-tr-645-102-100s\\\/\"]}]},{\"@type\":\"ImageObject\",\"inLanguage\":\"en-US\",\"@id\":\"https:\\\/\\\/mmkriepas.lv\\\/en\\\/p\\\/185-80r14c-triangle-tr-645-102-100s\\\/#primaryimage\",\"url\":\"https:\\\/\\\/mmkriepas.lv\\\/wp-content\\\/uploads\\\/2020\\\/01\\\/19570r15c-triangle-tr645-104102r-vasaras-riepas-2.jpg\",\"contentUrl\":\"https:\\\/\\\/mmkriepas.lv\\\/wp-content\\\/uploads\\\/2020\\\/01\\\/19570r15c-triangle-tr645-104102r-vasaras-riepas-2.jpg\",\"width\":1000,\"height\":1000,\"caption\":\"Triangle TR645 labas vasaras riepas letas riepas somija mmk serviss mmk riepas kvalitat\u012bvas\"},{\"@type\":\"BreadcrumbList\",\"@id\":\"https:\\\/\\\/mmkriepas.lv\\\/en\\\/p\\\/185-80r14c-triangle-tr-645-102-100s\\\/#breadcrumb\",\"itemListElement\":[{\"@type\":\"ListItem\",\"position\":1,\"name\":\"S\u0101kums\",\"item\":\"https:\\\/\\\/mmkriepas.lv\\\/en\\\/\"},{\"@type\":\"ListItem\",\"position\":2,\"name\":\"185\\\/80R14C Triangle TR 645 102\\\/100S\"}]},{\"@type\":\"WebSite\",\"@id\":\"https:\\\/\\\/mmkriepas.lv\\\/en\\\/#website\",\"url\":\"https:\\\/\\\/mmkriepas.lv\\\/en\\\/\",\"name\":\"MMK Riepas\",\"description\":\"MMK Riepas\",\"alternateName\":\"MMK Riepu Serviss\",\"potentialAction\":[{\"@type\":\"SearchAction\",\"target\":{\"@type\":\"EntryPoint\",\"urlTemplate\":\"https:\\\/\\\/mmkriepas.lv\\\/en\\\/?s={search_term_string}\"},\"query-input\":{\"@type\":\"PropertyValueSpecification\",\"valueRequired\":true,\"valueName\":\"search_term_string\"}}],\"inLanguage\":\"en-US\"},{\"@type\":\"ImageObject\",\"inLanguage\":\"en-US\",\"@id\":\"https:\\\/\\\/mmkriepas.lv\\\/en\\\/p\\\/185-80r14c-triangle-tr-645-102-100s\\\/#local-main-organization-logo\",\"url\":\"\",\"contentUrl\":\"\",\"caption\":\"MMK Riepas\"}]}<\/script>\n<meta property=\"product:brand\" content=\"Triangle Mileage Plus TR645\" \/>\n<meta property=\"product:price:amount\" content=\"59.00\" \/>\n<meta property=\"product:price:currency\" content=\"EUR\" \/>\n<meta property=\"og:availability\" content=\"instock\" \/>\n<meta property=\"product:availability\" content=\"instock\" \/>\n<meta property=\"product:condition\" content=\"new\" \/>\n<!-- \/ Yoast SEO Premium plugin. -->","yoast_head_json":{"title":"185\/80R14C Triangle TR 645 102\/100S &#8226; MMK Riepas","robots":{"index":"index","follow":"follow","max-snippet":"max-snippet:-1","max-image-preview":"max-image-preview:large","max-video-preview":"max-video-preview:-1"},"canonical":"https:\/\/mmkriepas.lv\/en\/p\/185-80r14c-triangle-tr-645-102-100s\/","og_locale":"en_US","og_type":"article","og_title":"185\/80R14C Triangle TR 645 102\/100S","og_description":"Vasaras riepas Triangle TR645 Riepu ra\u017eot\u0101js un modelis: Triangle TR645 MMK Serviss nov\u0113rt\u0113jums:&nbsp;&#8221;Labas vasaras riepas par labu cenu. Kvalit\u0101te augst\u0101ka par samaks\u0101to naudu&#8221;. TRIANGLE RIEPAS \u2013 VIENAS NO PASAULES L\u012aDER\u0112M","og_url":"https:\/\/mmkriepas.lv\/en\/p\/185-80r14c-triangle-tr-645-102-100s\/","og_site_name":"MMK Riepas","article_publisher":"https:\/\/www.facebook.com\/mmkserviss\/","article_modified_time":"2023-07-27T15:26:23+00:00","og_image":[{"width":1000,"height":1000,"url":"https:\/\/mmkriepas.lv\/wp-content\/uploads\/2020\/01\/19570r15c-triangle-tr645-104102r-vasaras-riepas-2.jpg","type":"image\/jpeg"}],"twitter_card":"summary_large_image","twitter_misc":{"Price":"&euro;59.00","Availability":"In stock"},"schema":{"@context":"https:\/\/schema.org","@graph":[{"@type":"WebPage","@id":"https:\/\/mmkriepas.lv\/en\/p\/185-80r14c-triangle-tr-645-102-100s\/","url":"https:\/\/mmkriepas.lv\/en\/p\/185-80r14c-triangle-tr-645-102-100s\/","name":"185\/80R14C Triangle TR 645 102\/100S &#8226; MMK Riepas","isPartOf":{"@id":"https:\/\/mmkriepas.lv\/en\/#website"},"primaryImageOfPage":{"@id":"https:\/\/mmkriepas.lv\/en\/p\/185-80r14c-triangle-tr-645-102-100s\/#primaryimage"},"image":{"@id":"https:\/\/mmkriepas.lv\/en\/p\/185-80r14c-triangle-tr-645-102-100s\/#primaryimage"},"thumbnailUrl":"https:\/\/mmkriepas.lv\/wp-content\/uploads\/2020\/01\/19570r15c-triangle-tr645-104102r-vasaras-riepas-2.jpg","datePublished":"2020-01-29T09:40:08+00:00","dateModified":"2023-07-27T15:26:23+00:00","breadcrumb":{"@id":"https:\/\/mmkriepas.lv\/en\/p\/185-80r14c-triangle-tr-645-102-100s\/#breadcrumb"},"inLanguage":"en-US","potentialAction":[{"@type":"ReadAction","target":["https:\/\/mmkriepas.lv\/en\/p\/185-80r14c-triangle-tr-645-102-100s\/"]}]},{"@type":"ImageObject","inLanguage":"en-US","@id":"https:\/\/mmkriepas.lv\/en\/p\/185-80r14c-triangle-tr-645-102-100s\/#primaryimage","url":"https:\/\/mmkriepas.lv\/wp-content\/uploads\/2020\/01\/19570r15c-triangle-tr645-104102r-vasaras-riepas-2.jpg","contentUrl":"https:\/\/mmkriepas.lv\/wp-content\/uploads\/2020\/01\/19570r15c-triangle-tr645-104102r-vasaras-riepas-2.jpg","width":1000,"height":1000,"caption":"Triangle TR645 labas vasaras riepas letas riepas somija mmk serviss mmk riepas kvalitat\u012bvas"},{"@type":"BreadcrumbList","@id":"https:\/\/mmkriepas.lv\/en\/p\/185-80r14c-triangle-tr-645-102-100s\/#breadcrumb","itemListElement":[{"@type":"ListItem","position":1,"name":"S\u0101kums","item":"https:\/\/mmkriepas.lv\/en\/"},{"@type":"ListItem","position":2,"name":"185\/80R14C Triangle TR 645 102\/100S"}]},{"@type":"WebSite","@id":"https:\/\/mmkriepas.lv\/en\/#website","url":"https:\/\/mmkriepas.lv\/en\/","name":"MMK Riepas","description":"MMK Riepas","alternateName":"MMK Riepu Serviss","potentialAction":[{"@type":"SearchAction","target":{"@type":"EntryPoint","urlTemplate":"https:\/\/mmkriepas.lv\/en\/?s={search_term_string}"},"query-input":{"@type":"PropertyValueSpecification","valueRequired":true,"valueName":"search_term_string"}}],"inLanguage":"en-US"},{"@type":"ImageObject","inLanguage":"en-US","@id":"https:\/\/mmkriepas.lv\/en\/p\/185-80r14c-triangle-tr-645-102-100s\/#local-main-organization-logo","url":"","contentUrl":"","caption":"MMK Riepas"}]},"product_brand":"Triangle Mileage Plus TR645","product_price_amount":"59.00","product_price_currency":"EUR","og_availability":"instock","product_availability":"instock","product_condition":"new"},"_links":{"self":[{"href":"https:\/\/mmkriepas.lv\/en\/wp-json\/wp\/v2\/product\/109849","targetHints":{"allow":["GET"]}}],"collection":[{"href":"https:\/\/mmkriepas.lv\/en\/wp-json\/wp\/v2\/product"}],"about":[{"href":"https:\/\/mmkriepas.lv\/en\/wp-json\/wp\/v2\/types\/product"}],"wp:featuredmedia":[{"embeddable":true,"href":"https:\/\/mmkriepas.lv\/en\/wp-json\/wp\/v2\/media\/109850"}],"wp:attachment":[{"href":"https:\/\/mmkriepas.lv\/en\/wp-json\/wp\/v2\/media?parent=109849"}],"wp:term":[{"taxonomy":"product_brand","embeddable":true,"href":"https:\/\/mmkriepas.lv\/en\/wp-json\/wp\/v2\/product_brand?post=109849"},{"taxonomy":"product_cat","embeddable":true,"href":"https:\/\/mmkriepas.lv\/en\/wp-json\/wp\/v2\/product_cat?post=109849"},{"taxonomy":"product_tag","embeddable":true,"href":"https:\/\/mmkriepas.lv\/en\/wp-json\/wp\/v2\/product_tag?post=109849"}],"curies":[{"name":"wp","href":"https:\/\/api.w.org\/{rel}","templated":true}]}}