{"id":1089608,"date":"2024-10-08T15:16:25","date_gmt":"2024-10-08T12:16:25","guid":{"rendered":"https:\/\/mmkriepas.lv\/?post_type=product&#038;p=1089608"},"modified":"2025-05-30T10:32:50","modified_gmt":"2025-05-30T07:32:50","slug":"235-85r16-sailun-terramax-h-t-120-116r-dot","status":"publish","type":"product","link":"https:\/\/mmkriepas.lv\/en\/p\/235-85r16-sailun-terramax-h-t-120-116r-dot\/","title":{"rendered":"235\/85R16 Sailun TERRAMAX H\/T 120\/116R DOT21"},"content":{"rendered":"<p class=\"western\" align=\"left\"><span style=\"font-size: large;\"><strong><span style=\"color: #000000;\"><span style=\"font-family: Arial, sans-serif;\"><span style=\"font-size: small;\">Sailun TERRAMAX H\/T<\/span><\/span><\/span><\/strong><span style=\"color: #000000;\"><span style=\"font-family: Arial, sans-serif;\"><span style=\"font-size: small;\"> ir vasaras riepu modelis, kas izce\u013cas ar univers\u0101l\u0101m pielietojuma \u012bpa\u0161\u012bb\u0101m. \u0160is riepu modelis ir paredz\u0113ts apvidus jeb SUV auto un krosoveriem, kas ikdien\u0101 saskaras gan ar asfalt\u0113tiem pils\u0113tas ce\u013ciem un ma\u0123istr\u0101l\u0101m \u0161osej\u0101m, gan ar\u012b ar bezce\u013ciem un gr\u016bti piek\u013c\u016bstam\u0101m viet\u0101m.<\/span><\/span><\/span><\/span><\/p>\n<h3 class=\"western\" align=\"left\"><strong><span style=\"color: #000000;\"><span style=\"font-family: Arial, sans-serif;\">Sailun TERRAMAX H\/T galven\u0101s iez\u012bmes<\/span><\/span><\/strong><\/h3>\n<p class=\"western\" align=\"left\"><span style=\"font-family: Arial, sans-serif;\">+Lieliska veiktsp\u0113ja gan uz asfalta, gan ar\u012b grants vai me\u017ea ce\u013ciem.<br \/>+ Nodilumiztur\u012bgs gumijas sast\u0101vs.<br \/>+ Pastiprin\u0101ts riepas karkass, kas padara \u0161o riepu modeli iztur\u012bg\u0101ku pret triecieniem.<br \/>+ Lameles, kas uzlabo sa\u0137eri ar slapju ce\u013ca virsmu<br \/>+ Samazin\u0101ts akvaplan\u0113\u0161anas risks, pateicoties att\u012bst\u012btai dren\u0101\u017eas kan\u0101lu sist\u0113mai.<\/span><\/p>\n<h3 class=\"western\" align=\"left\"><span style=\"font-size: large;\"><strong><span style=\"color: #000000;\"><span style=\"font-family: Arial, sans-serif;\">TERRAMAX H\/T apr\u012bkojums<\/span><\/span><\/strong><\/span><\/h3>\n<p class=\"western\" align=\"left\"><span style=\"font-family: Arial, sans-serif;\">\u0160is Highterrain riepu modelis darin\u0101ts no elastrom\u0113riem bag\u0101ta gumijas mais\u012bjuma, kas veidots ar m\u0113r\u0137i padar\u012bt riepu nodilumiztur\u012bgu, ekonomisku un klusu. Zem kvalitat\u012bv\u0101 gumijas mais\u012bjuma sl\u0113pjas \u012bpa\u0161i iztur\u012bgs riepas karkass, kas ne tikai palielina riepas kravnes\u012bbu, bet pal\u012bdz tai ar\u012b absorb\u0113t triecienus.<\/span><\/p>\n<p class=\"western\" align=\"left\"><span style=\"font-family: Arial, sans-serif;\">Riepas mas\u012bvajos, simetriski izvietotajos protektora blokos bl\u012bvi iestr\u0101d\u0101tas lameles, kas b\u016btiski uzlabo riepas veiktsp\u0113ju uz slapja ce\u013ca, liekos nokri\u0161\u0146us novadot no kontakta virsmas.<\/span><\/p>\n<p class=\"western\" align=\"left\"><span style=\"font-family: Arial, sans-serif;\">Starp protektora blokiem atrodama augsti att\u012bst\u012bta dren\u0101\u017eas kan\u0101lu sist\u0113ma z\u0101\u0123veida form\u0101. Tas dar\u012bts ne tikai ar m\u0113r\u0137i samazin\u0101t akvaplan\u0113\u0161anas risku, bet ar\u012b uzlabot riepas veiktsp\u0113ju uz sare\u017e\u0123\u012bti izbraucama ce\u013ca seguma un reljefa.<\/span><\/p>\n","protected":false},"excerpt":{"rendered":"<p><span style=\"font-size: large;\"><strong><span style=\"color: #000000;\"><span style=\"font-family: Arial, sans-serif;\"><span style=\"font-size: small;\">Sailun TERRAMAX H\/T<\/span><\/span><\/span><\/strong><span style=\"color: #000000;\"><span style=\"font-family: Arial, sans-serif;\"><span style=\"font-size: small;\"> ir vasaras riepu modelis, kas izce\u013cas ar univers\u0101l\u0101m pielietojuma \u012bpa\u0161\u012bb\u0101m. \u0160is riepu modelis ir paredz\u0113ts apvidus jeb SUV auto un krosoveriem, kas ikdien\u0101 saskaras gan ar asfalt\u0113tiem pils\u0113tas ce\u013ciem un ma\u0123istr\u0101l\u0101m \u0161osej\u0101m, gan ar\u012b ar bezce\u013ciem un gr\u016bti piek\u013c\u016bstam\u0101m viet\u0101m.<\/span><\/span><\/span><\/span><\/p>\n","protected":false},"featured_media":864372,"template":"","meta":{"_acf_changed":false,"ngg_post_thumbnail":0},"product_brand":[],"product_cat":[46],"product_tag":[],"class_list":{"0":"post-1089608","1":"product","2":"type-product","3":"status-publish","4":"has-post-thumbnail","6":"product_cat-vasaras-riepas","8":"first","9":"instock","10":"taxable","11":"shipping-taxable","12":"product-type-simple"},"acf":[],"yoast_head":"<!-- This site is optimized with the Yoast SEO Premium plugin v22.6 (Yoast SEO v27.3) - https:\/\/yoast.com\/product\/yoast-seo-premium-wordpress\/ -->\n<title>235\/85R16 Sailun TERRAMAX H\/T 120\/116R DOT21 &#8226; MMK Riepas<\/title>\n<meta name=\"robots\" content=\"index, follow, max-snippet:-1, max-image-preview:large, max-video-preview:-1\" \/>\n<link rel=\"canonical\" href=\"https:\/\/mmkriepas.lv\/en\/p\/235-85r16-sailun-terramax-h-t-120-116r-dot\/\" \/>\n<meta property=\"og:locale\" content=\"en_US\" \/>\n<meta property=\"og:type\" content=\"article\" \/>\n<meta property=\"og:title\" content=\"235\/85R16 Sailun TERRAMAX H\/T 120\/116R DOT21\" \/>\n<meta property=\"og:description\" content=\"Sailun TERRAMAX H\/T ir vasaras riepu modelis, kas izce\u013cas ar univers\u0101l\u0101m pielietojuma \u012bpa\u0161\u012bb\u0101m. \u0160is riepu modelis ir paredz\u0113ts apvidus jeb SUV auto un krosoveriem, kas ikdien\u0101 saskaras gan ar asfalt\u0113tiem pils\u0113tas ce\u013ciem un ma\u0123istr\u0101l\u0101m \u0161osej\u0101m, gan ar\u012b ar bezce\u013ciem un gr\u016bti piek\u013c\u016bstam\u0101m viet\u0101m.\" \/>\n<meta property=\"og:url\" content=\"https:\/\/mmkriepas.lv\/en\/p\/235-85r16-sailun-terramax-h-t-120-116r-dot\/\" \/>\n<meta property=\"og:site_name\" content=\"MMK Riepas\" \/>\n<meta property=\"article:publisher\" content=\"https:\/\/www.facebook.com\/mmkserviss\/\" \/>\n<meta property=\"article:modified_time\" content=\"2025-05-30T07:32:50+00:00\" \/>\n<meta property=\"og:image\" content=\"https:\/\/mmkriepas.lv\/wp-content\/uploads\/2024\/02\/22575r16-sailun-terramax-ht-115112r-dot-vasaras-riepas.jpg\" \/>\n\t<meta property=\"og:image:width\" content=\"600\" \/>\n\t<meta property=\"og:image:height\" content=\"600\" \/>\n\t<meta property=\"og:image:type\" content=\"image\/jpeg\" \/>\n<meta name=\"twitter:card\" content=\"summary_large_image\" \/>\n<meta name=\"twitter:label1\" content=\"Price\" \/>\n\t<meta name=\"twitter:data1\" content=\"&euro;97.00\" \/>\n\t<meta name=\"twitter:label2\" content=\"Availability\" \/>\n\t<meta name=\"twitter:data2\" content=\"In stock\" \/>\n<script type=\"application\/ld+json\" class=\"yoast-schema-graph\">{\"@context\":\"https:\\\/\\\/schema.org\",\"@graph\":[{\"@type\":\"WebPage\",\"@id\":\"https:\\\/\\\/mmkriepas.lv\\\/en\\\/p\\\/235-85r16-sailun-terramax-h-t-120-116r-dot\\\/\",\"url\":\"https:\\\/\\\/mmkriepas.lv\\\/en\\\/p\\\/235-85r16-sailun-terramax-h-t-120-116r-dot\\\/\",\"name\":\"235\\\/85R16 Sailun TERRAMAX H\\\/T 120\\\/116R DOT21 &#8226; MMK Riepas\",\"isPartOf\":{\"@id\":\"https:\\\/\\\/mmkriepas.lv\\\/en\\\/#website\"},\"primaryImageOfPage\":{\"@id\":\"https:\\\/\\\/mmkriepas.lv\\\/en\\\/p\\\/235-85r16-sailun-terramax-h-t-120-116r-dot\\\/#primaryimage\"},\"image\":{\"@id\":\"https:\\\/\\\/mmkriepas.lv\\\/en\\\/p\\\/235-85r16-sailun-terramax-h-t-120-116r-dot\\\/#primaryimage\"},\"thumbnailUrl\":\"https:\\\/\\\/mmkriepas.lv\\\/wp-content\\\/uploads\\\/2024\\\/02\\\/22575r16-sailun-terramax-ht-115112r-dot-vasaras-riepas.jpg\",\"datePublished\":\"2024-10-08T12:16:25+00:00\",\"dateModified\":\"2025-05-30T07:32:50+00:00\",\"breadcrumb\":{\"@id\":\"https:\\\/\\\/mmkriepas.lv\\\/en\\\/p\\\/235-85r16-sailun-terramax-h-t-120-116r-dot\\\/#breadcrumb\"},\"inLanguage\":\"en-US\",\"potentialAction\":[{\"@type\":\"ReadAction\",\"target\":[\"https:\\\/\\\/mmkriepas.lv\\\/en\\\/p\\\/235-85r16-sailun-terramax-h-t-120-116r-dot\\\/\"]}]},{\"@type\":\"ImageObject\",\"inLanguage\":\"en-US\",\"@id\":\"https:\\\/\\\/mmkriepas.lv\\\/en\\\/p\\\/235-85r16-sailun-terramax-h-t-120-116r-dot\\\/#primaryimage\",\"url\":\"https:\\\/\\\/mmkriepas.lv\\\/wp-content\\\/uploads\\\/2024\\\/02\\\/22575r16-sailun-terramax-ht-115112r-dot-vasaras-riepas.jpg\",\"contentUrl\":\"https:\\\/\\\/mmkriepas.lv\\\/wp-content\\\/uploads\\\/2024\\\/02\\\/22575r16-sailun-terramax-ht-115112r-dot-vasaras-riepas.jpg\",\"width\":600,\"height\":600,\"caption\":\"225\\\/75R16 SAILUN TERRAMAX H\\\/T 115\\\/112R DOT - Vasaras riepas\"},{\"@type\":\"BreadcrumbList\",\"@id\":\"https:\\\/\\\/mmkriepas.lv\\\/en\\\/p\\\/235-85r16-sailun-terramax-h-t-120-116r-dot\\\/#breadcrumb\",\"itemListElement\":[{\"@type\":\"ListItem\",\"position\":1,\"name\":\"S\u0101kums\",\"item\":\"https:\\\/\\\/mmkriepas.lv\\\/en\\\/\"},{\"@type\":\"ListItem\",\"position\":2,\"name\":\"235\\\/85R16 Sailun TERRAMAX H\\\/T 120\\\/116R DOT21\"}]},{\"@type\":\"WebSite\",\"@id\":\"https:\\\/\\\/mmkriepas.lv\\\/en\\\/#website\",\"url\":\"https:\\\/\\\/mmkriepas.lv\\\/en\\\/\",\"name\":\"MMK Riepas\",\"description\":\"MMK Riepas\",\"alternateName\":\"MMK Riepu Serviss\",\"potentialAction\":[{\"@type\":\"SearchAction\",\"target\":{\"@type\":\"EntryPoint\",\"urlTemplate\":\"https:\\\/\\\/mmkriepas.lv\\\/en\\\/?s={search_term_string}\"},\"query-input\":{\"@type\":\"PropertyValueSpecification\",\"valueRequired\":true,\"valueName\":\"search_term_string\"}}],\"inLanguage\":\"en-US\"},{\"@type\":\"ImageObject\",\"inLanguage\":\"en-US\",\"@id\":\"https:\\\/\\\/mmkriepas.lv\\\/en\\\/p\\\/235-85r16-sailun-terramax-h-t-120-116r-dot\\\/#local-main-organization-logo\",\"url\":\"\",\"contentUrl\":\"\",\"caption\":\"MMK Riepas\"}]}<\/script>\n<meta property=\"product:brand\" content=\"Sailun TERRAMAX H\/T\" \/>\n<meta property=\"product:price:amount\" content=\"97.00\" \/>\n<meta property=\"product:price:currency\" content=\"EUR\" \/>\n<meta property=\"og:availability\" content=\"instock\" \/>\n<meta property=\"product:availability\" content=\"instock\" \/>\n<meta property=\"product:retailer_item_id\" content=\"TS2358516SAILU-L40844\" \/>\n<meta property=\"product:condition\" content=\"new\" \/>\n<!-- \/ Yoast SEO Premium plugin. -->","yoast_head_json":{"title":"235\/85R16 Sailun TERRAMAX H\/T 120\/116R DOT21 &#8226; MMK Riepas","robots":{"index":"index","follow":"follow","max-snippet":"max-snippet:-1","max-image-preview":"max-image-preview:large","max-video-preview":"max-video-preview:-1"},"canonical":"https:\/\/mmkriepas.lv\/en\/p\/235-85r16-sailun-terramax-h-t-120-116r-dot\/","og_locale":"en_US","og_type":"article","og_title":"235\/85R16 Sailun TERRAMAX H\/T 120\/116R DOT21","og_description":"Sailun TERRAMAX H\/T ir vasaras riepu modelis, kas izce\u013cas ar univers\u0101l\u0101m pielietojuma \u012bpa\u0161\u012bb\u0101m. \u0160is riepu modelis ir paredz\u0113ts apvidus jeb SUV auto un krosoveriem, kas ikdien\u0101 saskaras gan ar asfalt\u0113tiem pils\u0113tas ce\u013ciem un ma\u0123istr\u0101l\u0101m \u0161osej\u0101m, gan ar\u012b ar bezce\u013ciem un gr\u016bti piek\u013c\u016bstam\u0101m viet\u0101m.","og_url":"https:\/\/mmkriepas.lv\/en\/p\/235-85r16-sailun-terramax-h-t-120-116r-dot\/","og_site_name":"MMK Riepas","article_publisher":"https:\/\/www.facebook.com\/mmkserviss\/","article_modified_time":"2025-05-30T07:32:50+00:00","og_image":[{"width":600,"height":600,"url":"https:\/\/mmkriepas.lv\/wp-content\/uploads\/2024\/02\/22575r16-sailun-terramax-ht-115112r-dot-vasaras-riepas.jpg","type":"image\/jpeg"}],"twitter_card":"summary_large_image","twitter_misc":{"Price":"&euro;97.00","Availability":"In stock"},"schema":{"@context":"https:\/\/schema.org","@graph":[{"@type":"WebPage","@id":"https:\/\/mmkriepas.lv\/en\/p\/235-85r16-sailun-terramax-h-t-120-116r-dot\/","url":"https:\/\/mmkriepas.lv\/en\/p\/235-85r16-sailun-terramax-h-t-120-116r-dot\/","name":"235\/85R16 Sailun TERRAMAX H\/T 120\/116R DOT21 &#8226; MMK Riepas","isPartOf":{"@id":"https:\/\/mmkriepas.lv\/en\/#website"},"primaryImageOfPage":{"@id":"https:\/\/mmkriepas.lv\/en\/p\/235-85r16-sailun-terramax-h-t-120-116r-dot\/#primaryimage"},"image":{"@id":"https:\/\/mmkriepas.lv\/en\/p\/235-85r16-sailun-terramax-h-t-120-116r-dot\/#primaryimage"},"thumbnailUrl":"https:\/\/mmkriepas.lv\/wp-content\/uploads\/2024\/02\/22575r16-sailun-terramax-ht-115112r-dot-vasaras-riepas.jpg","datePublished":"2024-10-08T12:16:25+00:00","dateModified":"2025-05-30T07:32:50+00:00","breadcrumb":{"@id":"https:\/\/mmkriepas.lv\/en\/p\/235-85r16-sailun-terramax-h-t-120-116r-dot\/#breadcrumb"},"inLanguage":"en-US","potentialAction":[{"@type":"ReadAction","target":["https:\/\/mmkriepas.lv\/en\/p\/235-85r16-sailun-terramax-h-t-120-116r-dot\/"]}]},{"@type":"ImageObject","inLanguage":"en-US","@id":"https:\/\/mmkriepas.lv\/en\/p\/235-85r16-sailun-terramax-h-t-120-116r-dot\/#primaryimage","url":"https:\/\/mmkriepas.lv\/wp-content\/uploads\/2024\/02\/22575r16-sailun-terramax-ht-115112r-dot-vasaras-riepas.jpg","contentUrl":"https:\/\/mmkriepas.lv\/wp-content\/uploads\/2024\/02\/22575r16-sailun-terramax-ht-115112r-dot-vasaras-riepas.jpg","width":600,"height":600,"caption":"225\/75R16 SAILUN TERRAMAX H\/T 115\/112R DOT - Vasaras riepas"},{"@type":"BreadcrumbList","@id":"https:\/\/mmkriepas.lv\/en\/p\/235-85r16-sailun-terramax-h-t-120-116r-dot\/#breadcrumb","itemListElement":[{"@type":"ListItem","position":1,"name":"S\u0101kums","item":"https:\/\/mmkriepas.lv\/en\/"},{"@type":"ListItem","position":2,"name":"235\/85R16 Sailun TERRAMAX H\/T 120\/116R DOT21"}]},{"@type":"WebSite","@id":"https:\/\/mmkriepas.lv\/en\/#website","url":"https:\/\/mmkriepas.lv\/en\/","name":"MMK Riepas","description":"MMK Riepas","alternateName":"MMK Riepu Serviss","potentialAction":[{"@type":"SearchAction","target":{"@type":"EntryPoint","urlTemplate":"https:\/\/mmkriepas.lv\/en\/?s={search_term_string}"},"query-input":{"@type":"PropertyValueSpecification","valueRequired":true,"valueName":"search_term_string"}}],"inLanguage":"en-US"},{"@type":"ImageObject","inLanguage":"en-US","@id":"https:\/\/mmkriepas.lv\/en\/p\/235-85r16-sailun-terramax-h-t-120-116r-dot\/#local-main-organization-logo","url":"","contentUrl":"","caption":"MMK Riepas"}]},"product_brand":"Sailun TERRAMAX H\/T","product_price_amount":"97.00","product_price_currency":"EUR","og_availability":"instock","product_availability":"instock","product_retailer_item_id":"TS2358516SAILU-L40844","product_condition":"new"},"_links":{"self":[{"href":"https:\/\/mmkriepas.lv\/en\/wp-json\/wp\/v2\/product\/1089608","targetHints":{"allow":["GET"]}}],"collection":[{"href":"https:\/\/mmkriepas.lv\/en\/wp-json\/wp\/v2\/product"}],"about":[{"href":"https:\/\/mmkriepas.lv\/en\/wp-json\/wp\/v2\/types\/product"}],"wp:featuredmedia":[{"embeddable":true,"href":"https:\/\/mmkriepas.lv\/en\/wp-json\/wp\/v2\/media\/864372"}],"wp:attachment":[{"href":"https:\/\/mmkriepas.lv\/en\/wp-json\/wp\/v2\/media?parent=1089608"}],"wp:term":[{"taxonomy":"product_brand","embeddable":true,"href":"https:\/\/mmkriepas.lv\/en\/wp-json\/wp\/v2\/product_brand?post=1089608"},{"taxonomy":"product_cat","embeddable":true,"href":"https:\/\/mmkriepas.lv\/en\/wp-json\/wp\/v2\/product_cat?post=1089608"},{"taxonomy":"product_tag","embeddable":true,"href":"https:\/\/mmkriepas.lv\/en\/wp-json\/wp\/v2\/product_tag?post=1089608"}],"curies":[{"name":"wp","href":"https:\/\/api.w.org\/{rel}","templated":true}]}}