{"id":1085837,"date":"2024-10-04T11:05:47","date_gmt":"2024-10-04T08:05:47","guid":{"rendered":"https:\/\/mmkriepas.lv\/?post_type=product&#038;p=1085837"},"modified":"2026-04-24T23:28:39","modified_gmt":"2026-04-24T20:28:39","slug":"205-50r17-altenzo-hw505-93h-xl-dot22-23","status":"publish","type":"product","link":"https:\/\/mmkriepas.lv\/en\/p\/205-50r17-altenzo-hw505-93h-xl-dot22-23\/","title":{"rendered":"205\/50R17 Altenzo HW505 93H XL DOT22\/23"},"content":{"rendered":"<p><span style=\"font-family: Arial, sans-serif;\"><span style=\"font-size: medium;\"><span style=\"color: #000000;\"><span style=\"font-size: small;\"><b>Altenzo HW505<\/b><\/span><\/span><span style=\"color: #000000;\"><span style=\"font-size: small;\"><b> <\/b><\/span><\/span><span style=\"color: #000000;\"><span style=\"font-size: small;\">ir labs vissezonas riepu modelis. Tas izce\u013cas ar lab\u0101m sa\u0137eres un brauk\u0161anas komforta \u012bpa\u0161\u012bb\u0101m pla\u0161\u0101 laikapst\u0101k\u013cu spektr\u0101. S\u0101kotn\u0113ji paredz\u0113ts Centr\u0101leiropas tirgum un piem\u0113rots tiem Latvijas autobrauc\u0113jiem, kas ziem\u0101 p\u0101rvietojas tikai pa asfalt\u0113tiem ce\u013ca segumiem. \u0160is riepu modelis pieejams izm\u0113ru kl\u0101st\u0101, kas der\u0113s gan krosoveriem, gan apvidus auto.<\/span><\/span><\/span><\/span><\/p>\n<h3 class=\"western\"><span style=\"font-family: Arial, sans-serif;\"><span style=\"color: #000000;\"><span style=\"font-size: medium;\">Altenzo HW505<\/span><\/span><span style=\"color: #000000;\"><span style=\"font-size: medium;\"> apr\u012bkojums<\/span><\/span><\/span><\/h3>\n<p><span style=\"font-family: Arial, sans-serif;\"><span style=\"font-size: medium;\"><span style=\"color: #000000;\"><span style=\"font-size: small;\">+ Laba sa\u0137ere gan uz sausa, gan slapja asfalta, k\u0101 ar\u012b snieg\u0101.<\/span><\/span><\/span><\/span><\/p>\n<p><span style=\"font-family: Arial, sans-serif;\"><span style=\"font-size: medium;\"><span style=\"color: #000000;\"><span style=\"font-size: small;\">+ Riepu modelis, kas paredz\u0113ts krosoveriem un apvidus auto jeb SUV.<\/span><\/span><\/span><\/span><\/p>\n<p><span style=\"font-family: Arial, sans-serif;\"><span style=\"font-size: medium;\"><span style=\"color: #000000;\"><span style=\"font-size: small;\">+ Labs akustiskais un brauk\u0161anas komforts.<\/span><\/span><\/span><\/span><\/p>\n<p><span style=\"font-family: Arial, sans-serif;\"><span style=\"font-size: medium;\"><span style=\"color: #000000;\"><span style=\"font-size: small;\">+ Degvielas ekonomija.<\/span><\/span><\/span><\/span><\/p>\n<p><span style=\"font-family: Arial, sans-serif;\"><span style=\"font-size: medium;\"><span style=\"color: #000000;\"><span style=\"font-size: small;\">+ Augsta nodilumiztur\u012bba.<\/span><\/span><\/span><\/span><\/p>\n<p><span style=\"font-family: Arial, sans-serif;\"><span style=\"font-size: medium;\"><span style=\"color: #000000;\"><span style=\"font-size: small;\">+ Kvalit\u0101te atbilst cenai.<\/span><\/span><\/span><\/span><\/p>\n<h3 class=\"western\"><span style=\"font-family: Arial, sans-serif;\"><span style=\"color: #000000;\"><span style=\"font-size: medium;\">HW505<\/span><\/span><span style=\"color: #000000;\"><span style=\"font-size: medium;\"> apr\u012bkojums<\/span><\/span><\/span><\/h3>\n<p><span style=\"font-family: Arial, sans-serif;\"><span style=\"font-size: medium;\"><span style=\"color: #000000;\"><span style=\"font-size: small;\"><b>Altenzo HW505<\/b><\/span><\/span><span style=\"color: #000000;\"><span style=\"font-size: small;\"><b> <\/b><\/span><\/span><span style=\"color: #000000;\"><span style=\"font-size: small;\">vissezonas riepu modelis apr\u012bkots ar simetrisku virzienveida protektora dizainu. \u0160\u0101ds musturs \u013cauj saglab\u0101t optim\u0101las veiktsp\u0113jas un brauk\u0161anas komforta \u012bpa\u0161\u012bbas pla\u0161\u0101 brauk\u0161anas apst\u0101k\u013cu spektr\u0101.<\/span><\/span><\/span><\/span><\/p>\n<p><span style=\"font-family: Arial, sans-serif;\"><span style=\"font-size: medium;\"><span style=\"color: #000000;\"><span style=\"font-size: small;\">V-formas protektora bloki uzlabo riepu veiktsp\u0113ju snieg\u0101. Savuk\u0101rt, pla\u0161ie dren\u0101\u017eas jeb \u016bdens novadkan\u0101li samazina akvaplan\u0113\u0161anas risku vasar\u0101.\u00a0<\/span><\/span><\/span><\/span><\/p>\n<p><span style=\"font-family: Arial, sans-serif;\"><span style=\"font-size: medium;\"><span style=\"color: #000000;\"><span style=\"font-size: small;\">Mas\u012bvajos protektora blokos bl\u012bvi iestr\u0101d\u0101tas ar\u012b lameles. T\u0101s pal\u012bdz veidot sa\u0137eri ar sabliet\u0113tu sniegu.<\/span><\/span><\/span><\/span><\/p>\n","protected":false},"excerpt":{"rendered":"<p><span style=\"font-family: Arial, sans-serif;\"><span style=\"font-size: medium;\"><span style=\"color: #000000;\"><span style=\"font-size: small;\"><b>Altenzo HW505<\/b><\/span><\/span><span style=\"color: #000000;\"><span style=\"font-size: small;\"><b> <\/b><\/span><\/span><span style=\"color: #000000;\"><span style=\"font-size: small;\">ir labs vissezonas riepu modelis. Tas izce\u013cas ar lab\u0101m sa\u0137eres un brauk\u0161anas komforta \u012bpa\u0161\u012bb\u0101m pla\u0161\u0101 laikapst\u0101k\u013cu spektr\u0101. S\u0101kotn\u0113ji paredz\u0113ts Centr\u0101leiropas tirgum un piem\u0113rots tiem Latvijas autobrauc\u0113jiem, kas ziem\u0101 p\u0101rvietojas tikai pa asfalt\u0113tiem ce\u013ca segumiem. \u0160is riepu modelis pieejams izm\u0113ru kl\u0101st\u0101, kas der\u0113s gan krosoveriem, gan apvidus auto.<\/span><\/span><\/span><\/span><\/p>\n","protected":false},"featured_media":1090484,"template":"","meta":{"_acf_changed":false,"ngg_post_thumbnail":0},"product_brand":[],"product_cat":[47,45],"product_tag":[],"class_list":{"0":"post-1085837","1":"product","2":"type-product","3":"status-publish","4":"has-post-thumbnail","6":"product_cat-vissezonas-riepas","7":"product_cat-ziemas-riepas","9":"first","10":"instock","11":"sale","12":"taxable","13":"shipping-taxable","14":"purchasable","15":"product-type-simple"},"acf":[],"yoast_head":"<!-- This site is optimized with the Yoast SEO Premium plugin v22.6 (Yoast SEO v27.3) - https:\/\/yoast.com\/product\/yoast-seo-premium-wordpress\/ -->\n<title>205\/50R17 Altenzo HW505 93H XL DOT22\/23 &#8226; MMK Riepas<\/title>\n<meta name=\"robots\" content=\"index, follow, max-snippet:-1, max-image-preview:large, max-video-preview:-1\" \/>\n<link rel=\"canonical\" href=\"https:\/\/mmkriepas.lv\/en\/p\/205-50r17-altenzo-hw505-93h-xl-dot22-23\/\" \/>\n<meta property=\"og:locale\" content=\"en_US\" \/>\n<meta property=\"og:type\" content=\"article\" \/>\n<meta property=\"og:title\" content=\"205\/50R17 Altenzo HW505 93H XL DOT22\/23\" \/>\n<meta property=\"og:description\" content=\"Altenzo HW505 ir labs vissezonas riepu modelis. Tas izce\u013cas ar lab\u0101m sa\u0137eres un brauk\u0161anas komforta \u012bpa\u0161\u012bb\u0101m pla\u0161\u0101 laikapst\u0101k\u013cu spektr\u0101. S\u0101kotn\u0113ji paredz\u0113ts Centr\u0101leiropas tirgum un piem\u0113rots tiem Latvijas autobrauc\u0113jiem, kas ziem\u0101 p\u0101rvietojas tikai pa asfalt\u0113tiem ce\u013ca segumiem. \u0160is riepu modelis pieejams izm\u0113ru kl\u0101st\u0101, kas der\u0113s gan krosoveriem, gan apvidus auto.\" \/>\n<meta property=\"og:url\" content=\"https:\/\/mmkriepas.lv\/en\/p\/205-50r17-altenzo-hw505-93h-xl-dot22-23\/\" \/>\n<meta property=\"og:site_name\" content=\"MMK Riepas\" \/>\n<meta property=\"article:publisher\" content=\"https:\/\/www.facebook.com\/mmkserviss\/\" \/>\n<meta property=\"article:modified_time\" content=\"2026-04-24T20:28:39+00:00\" \/>\n<meta property=\"og:image\" content=\"https:\/\/mmkriepas.lv\/wp-content\/uploads\/2024\/10\/20550r17-altenzo-hw505-93h-xl-dot2223-ziemas-riepas.jpg\" \/>\n\t<meta property=\"og:image:width\" content=\"900\" \/>\n\t<meta property=\"og:image:height\" content=\"720\" \/>\n\t<meta property=\"og:image:type\" content=\"image\/jpeg\" \/>\n<meta name=\"twitter:card\" content=\"summary_large_image\" \/>\n<meta name=\"twitter:label1\" content=\"Price\" \/>\n\t<meta name=\"twitter:data1\" content=\"&euro;45.00\" \/>\n\t<meta name=\"twitter:label2\" content=\"Availability\" \/>\n\t<meta name=\"twitter:data2\" content=\"In stock\" \/>\n<script type=\"application\/ld+json\" class=\"yoast-schema-graph\">{\"@context\":\"https:\\\/\\\/schema.org\",\"@graph\":[{\"@type\":\"WebPage\",\"@id\":\"https:\\\/\\\/mmkriepas.lv\\\/en\\\/p\\\/205-50r17-altenzo-hw505-93h-xl-dot22-23\\\/\",\"url\":\"https:\\\/\\\/mmkriepas.lv\\\/en\\\/p\\\/205-50r17-altenzo-hw505-93h-xl-dot22-23\\\/\",\"name\":\"205\\\/50R17 Altenzo HW505 93H XL DOT22\\\/23 &#8226; MMK Riepas\",\"isPartOf\":{\"@id\":\"https:\\\/\\\/mmkriepas.lv\\\/en\\\/#website\"},\"primaryImageOfPage\":{\"@id\":\"https:\\\/\\\/mmkriepas.lv\\\/en\\\/p\\\/205-50r17-altenzo-hw505-93h-xl-dot22-23\\\/#primaryimage\"},\"image\":{\"@id\":\"https:\\\/\\\/mmkriepas.lv\\\/en\\\/p\\\/205-50r17-altenzo-hw505-93h-xl-dot22-23\\\/#primaryimage\"},\"thumbnailUrl\":\"https:\\\/\\\/mmkriepas.lv\\\/wp-content\\\/uploads\\\/2024\\\/10\\\/20550r17-altenzo-hw505-93h-xl-dot2223-ziemas-riepas.jpg\",\"datePublished\":\"2024-10-04T08:05:47+00:00\",\"dateModified\":\"2026-04-24T20:28:39+00:00\",\"breadcrumb\":{\"@id\":\"https:\\\/\\\/mmkriepas.lv\\\/en\\\/p\\\/205-50r17-altenzo-hw505-93h-xl-dot22-23\\\/#breadcrumb\"},\"inLanguage\":\"en-US\",\"potentialAction\":[{\"@type\":\"ReadAction\",\"target\":[\"https:\\\/\\\/mmkriepas.lv\\\/en\\\/p\\\/205-50r17-altenzo-hw505-93h-xl-dot22-23\\\/\"]}]},{\"@type\":\"ImageObject\",\"inLanguage\":\"en-US\",\"@id\":\"https:\\\/\\\/mmkriepas.lv\\\/en\\\/p\\\/205-50r17-altenzo-hw505-93h-xl-dot22-23\\\/#primaryimage\",\"url\":\"https:\\\/\\\/mmkriepas.lv\\\/wp-content\\\/uploads\\\/2024\\\/10\\\/20550r17-altenzo-hw505-93h-xl-dot2223-ziemas-riepas.jpg\",\"contentUrl\":\"https:\\\/\\\/mmkriepas.lv\\\/wp-content\\\/uploads\\\/2024\\\/10\\\/20550r17-altenzo-hw505-93h-xl-dot2223-ziemas-riepas.jpg\",\"width\":900,\"height\":720,\"caption\":\"MAIN\"},{\"@type\":\"BreadcrumbList\",\"@id\":\"https:\\\/\\\/mmkriepas.lv\\\/en\\\/p\\\/205-50r17-altenzo-hw505-93h-xl-dot22-23\\\/#breadcrumb\",\"itemListElement\":[{\"@type\":\"ListItem\",\"position\":1,\"name\":\"S\u0101kums\",\"item\":\"https:\\\/\\\/mmkriepas.lv\\\/en\\\/\"},{\"@type\":\"ListItem\",\"position\":2,\"name\":\"205\\\/50R17 Altenzo HW505 93H XL DOT22\\\/23\"}]},{\"@type\":\"WebSite\",\"@id\":\"https:\\\/\\\/mmkriepas.lv\\\/en\\\/#website\",\"url\":\"https:\\\/\\\/mmkriepas.lv\\\/en\\\/\",\"name\":\"MMK Riepas\",\"description\":\"MMK Riepas\",\"alternateName\":\"MMK Riepu Serviss\",\"potentialAction\":[{\"@type\":\"SearchAction\",\"target\":{\"@type\":\"EntryPoint\",\"urlTemplate\":\"https:\\\/\\\/mmkriepas.lv\\\/en\\\/?s={search_term_string}\"},\"query-input\":{\"@type\":\"PropertyValueSpecification\",\"valueRequired\":true,\"valueName\":\"search_term_string\"}}],\"inLanguage\":\"en-US\"},{\"@type\":\"ImageObject\",\"inLanguage\":\"en-US\",\"@id\":\"https:\\\/\\\/mmkriepas.lv\\\/en\\\/p\\\/205-50r17-altenzo-hw505-93h-xl-dot22-23\\\/#local-main-organization-logo\",\"url\":\"\",\"contentUrl\":\"\",\"caption\":\"MMK Riepas\"}]}<\/script>\n<meta property=\"product:brand\" content=\"Altenzo HW505\" \/>\n<meta property=\"product:price:amount\" content=\"45.00\" \/>\n<meta property=\"product:price:currency\" content=\"EUR\" \/>\n<meta property=\"og:availability\" content=\"instock\" \/>\n<meta property=\"product:availability\" content=\"instock\" \/>\n<meta property=\"product:retailer_item_id\" content=\"TW2055017ALTEN-40753\" \/>\n<meta property=\"product:condition\" content=\"new\" \/>\n<!-- \/ Yoast SEO Premium plugin. -->","yoast_head_json":{"title":"205\/50R17 Altenzo HW505 93H XL DOT22\/23 &#8226; MMK Riepas","robots":{"index":"index","follow":"follow","max-snippet":"max-snippet:-1","max-image-preview":"max-image-preview:large","max-video-preview":"max-video-preview:-1"},"canonical":"https:\/\/mmkriepas.lv\/en\/p\/205-50r17-altenzo-hw505-93h-xl-dot22-23\/","og_locale":"en_US","og_type":"article","og_title":"205\/50R17 Altenzo HW505 93H XL DOT22\/23","og_description":"Altenzo HW505 ir labs vissezonas riepu modelis. Tas izce\u013cas ar lab\u0101m sa\u0137eres un brauk\u0161anas komforta \u012bpa\u0161\u012bb\u0101m pla\u0161\u0101 laikapst\u0101k\u013cu spektr\u0101. S\u0101kotn\u0113ji paredz\u0113ts Centr\u0101leiropas tirgum un piem\u0113rots tiem Latvijas autobrauc\u0113jiem, kas ziem\u0101 p\u0101rvietojas tikai pa asfalt\u0113tiem ce\u013ca segumiem. \u0160is riepu modelis pieejams izm\u0113ru kl\u0101st\u0101, kas der\u0113s gan krosoveriem, gan apvidus auto.","og_url":"https:\/\/mmkriepas.lv\/en\/p\/205-50r17-altenzo-hw505-93h-xl-dot22-23\/","og_site_name":"MMK Riepas","article_publisher":"https:\/\/www.facebook.com\/mmkserviss\/","article_modified_time":"2026-04-24T20:28:39+00:00","og_image":[{"width":900,"height":720,"url":"https:\/\/mmkriepas.lv\/wp-content\/uploads\/2024\/10\/20550r17-altenzo-hw505-93h-xl-dot2223-ziemas-riepas.jpg","type":"image\/jpeg"}],"twitter_card":"summary_large_image","twitter_misc":{"Price":"&euro;45.00","Availability":"In stock"},"schema":{"@context":"https:\/\/schema.org","@graph":[{"@type":"WebPage","@id":"https:\/\/mmkriepas.lv\/en\/p\/205-50r17-altenzo-hw505-93h-xl-dot22-23\/","url":"https:\/\/mmkriepas.lv\/en\/p\/205-50r17-altenzo-hw505-93h-xl-dot22-23\/","name":"205\/50R17 Altenzo HW505 93H XL DOT22\/23 &#8226; MMK Riepas","isPartOf":{"@id":"https:\/\/mmkriepas.lv\/en\/#website"},"primaryImageOfPage":{"@id":"https:\/\/mmkriepas.lv\/en\/p\/205-50r17-altenzo-hw505-93h-xl-dot22-23\/#primaryimage"},"image":{"@id":"https:\/\/mmkriepas.lv\/en\/p\/205-50r17-altenzo-hw505-93h-xl-dot22-23\/#primaryimage"},"thumbnailUrl":"https:\/\/mmkriepas.lv\/wp-content\/uploads\/2024\/10\/20550r17-altenzo-hw505-93h-xl-dot2223-ziemas-riepas.jpg","datePublished":"2024-10-04T08:05:47+00:00","dateModified":"2026-04-24T20:28:39+00:00","breadcrumb":{"@id":"https:\/\/mmkriepas.lv\/en\/p\/205-50r17-altenzo-hw505-93h-xl-dot22-23\/#breadcrumb"},"inLanguage":"en-US","potentialAction":[{"@type":"ReadAction","target":["https:\/\/mmkriepas.lv\/en\/p\/205-50r17-altenzo-hw505-93h-xl-dot22-23\/"]}]},{"@type":"ImageObject","inLanguage":"en-US","@id":"https:\/\/mmkriepas.lv\/en\/p\/205-50r17-altenzo-hw505-93h-xl-dot22-23\/#primaryimage","url":"https:\/\/mmkriepas.lv\/wp-content\/uploads\/2024\/10\/20550r17-altenzo-hw505-93h-xl-dot2223-ziemas-riepas.jpg","contentUrl":"https:\/\/mmkriepas.lv\/wp-content\/uploads\/2024\/10\/20550r17-altenzo-hw505-93h-xl-dot2223-ziemas-riepas.jpg","width":900,"height":720,"caption":"MAIN"},{"@type":"BreadcrumbList","@id":"https:\/\/mmkriepas.lv\/en\/p\/205-50r17-altenzo-hw505-93h-xl-dot22-23\/#breadcrumb","itemListElement":[{"@type":"ListItem","position":1,"name":"S\u0101kums","item":"https:\/\/mmkriepas.lv\/en\/"},{"@type":"ListItem","position":2,"name":"205\/50R17 Altenzo HW505 93H XL DOT22\/23"}]},{"@type":"WebSite","@id":"https:\/\/mmkriepas.lv\/en\/#website","url":"https:\/\/mmkriepas.lv\/en\/","name":"MMK Riepas","description":"MMK Riepas","alternateName":"MMK Riepu Serviss","potentialAction":[{"@type":"SearchAction","target":{"@type":"EntryPoint","urlTemplate":"https:\/\/mmkriepas.lv\/en\/?s={search_term_string}"},"query-input":{"@type":"PropertyValueSpecification","valueRequired":true,"valueName":"search_term_string"}}],"inLanguage":"en-US"},{"@type":"ImageObject","inLanguage":"en-US","@id":"https:\/\/mmkriepas.lv\/en\/p\/205-50r17-altenzo-hw505-93h-xl-dot22-23\/#local-main-organization-logo","url":"","contentUrl":"","caption":"MMK Riepas"}]},"product_brand":"Altenzo HW505","product_price_amount":"45.00","product_price_currency":"EUR","og_availability":"instock","product_availability":"instock","product_retailer_item_id":"TW2055017ALTEN-40753","product_condition":"new"},"_links":{"self":[{"href":"https:\/\/mmkriepas.lv\/en\/wp-json\/wp\/v2\/product\/1085837","targetHints":{"allow":["GET"]}}],"collection":[{"href":"https:\/\/mmkriepas.lv\/en\/wp-json\/wp\/v2\/product"}],"about":[{"href":"https:\/\/mmkriepas.lv\/en\/wp-json\/wp\/v2\/types\/product"}],"wp:featuredmedia":[{"embeddable":true,"href":"https:\/\/mmkriepas.lv\/en\/wp-json\/wp\/v2\/media\/1090484"}],"wp:attachment":[{"href":"https:\/\/mmkriepas.lv\/en\/wp-json\/wp\/v2\/media?parent=1085837"}],"wp:term":[{"taxonomy":"product_brand","embeddable":true,"href":"https:\/\/mmkriepas.lv\/en\/wp-json\/wp\/v2\/product_brand?post=1085837"},{"taxonomy":"product_cat","embeddable":true,"href":"https:\/\/mmkriepas.lv\/en\/wp-json\/wp\/v2\/product_cat?post=1085837"},{"taxonomy":"product_tag","embeddable":true,"href":"https:\/\/mmkriepas.lv\/en\/wp-json\/wp\/v2\/product_tag?post=1085837"}],"curies":[{"name":"wp","href":"https:\/\/api.w.org\/{rel}","templated":true}]}}