{"id":1083256,"date":"2024-10-01T18:57:44","date_gmt":"2024-10-01T15:57:44","guid":{"rendered":"https:\/\/mmkriepas.lv\/?post_type=product&#038;p=1083256"},"modified":"2026-03-27T14:15:47","modified_gmt":"2026-03-27T12:15:47","slug":"215-65r17-pirelli-winter-ice-zero-2-103t-xl-ar-radzem-3","status":"publish","type":"product","link":"https:\/\/mmkriepas.lv\/en\/p\/215-65r17-pirelli-winter-ice-zero-2-103t-xl-ar-radzem-3\/","title":{"rendered":"215\/65R17 Pirelli Winter ICE ZERO 2 103T XL KS ar radz\u0113m"},"content":{"rendered":"<p><b>Pirelli Winter Ice Zero 2\u00a0<\/b>ir augst\u0101k\u0101s klases jeb premium klases\u00a0<a href=\"https:\/\/mmkriepas.lv\/riepas\/ziemas-ar-radzem\/\">ziemas riepas ar radz\u0113m<\/a>.Riepas ra\u017eotas un izstr\u0101d\u0101tas It\u0101lij\u0101.\u00a0<b>\u0160is <\/b>ir r\u016bd\u012bts rad\u017eu riepu modelis, kas paredz\u0113ts vieglajiem auto un piem\u0113rots dro\u0161ai un p\u0101rliecino\u0161ai brauk\u0161anai pat \u012bpa\u0161i skarbos ziemas apst\u0101k\u013cos.\u00a0<o:p><\/o:p><\/p>\n<h3>Winter Ice Zero 2 galven\u0101s iez\u012bmes:<o:p><\/o:p><\/h3>\n<p>+ Lieliska sa\u0137ere gan snieg\u0101, gan ar\u012b uz ledus, pateicoties jauna dizaina radz\u0113m,<o:p><\/o:p><\/p>\n<p>+ Riepas ra\u017eotas It\u0101lij\u0101,<o:p><\/o:p><\/p>\n<p>+ \u012apa\u0161i agres\u012bvs protektora dizains, kas pal\u012bdz\u0113s c\u012b\u0146\u0101 ar dzi\u013cu sniegu un slapjdra\u0146\u0137i,<o:p><\/o:p><\/p>\n<p>+ Paaugstin\u0101ta riepu nodilumiztur\u012bba,<o:p><\/o:p><\/p>\n<p>+ Riepas izgatavo\u0161an\u0101 izmantoti jaun\u0101kie tehnolo\u0123iskie risin\u0101jumi,<o:p><\/o:p><\/p>\n<p>+ Uzlabots riepu gumijas sakaus\u0113jums, kura sast\u0101vam pievienots dab\u012bgais kau\u010duks,\u00a0<o:p><\/o:p><\/p>\n<p>+ Degvielas ekonomija,<o:p><\/o:p><\/p>\n<p>+ Uzlaboti riepu konstrukcij\u0101 izmantotie izejmateri\u0101li, kas at\u013c\u0101vis \u0161o riepu padar\u012bt par 15% viegl\u0101ku, nek\u0101 t\u0101s priek\u0161tecis.<o:p><\/o:p><\/p>\n<h3>Winter Ice Zero 2 apr\u012bkojums<o:p><\/o:p><\/h3>\n<p><b>Pirelli Winter Ice Zero 2\u00a0<\/b>konstrukcij\u0101 izmantoti jauni materi\u0101li, kas padar\u012bju\u0161i \u0161o riepu par 15% viegl\u0101ku, nek\u0101 t\u0101 priek\u0161tecis. Tas at\u013c\u0101vis samazin\u0101t riepu rites pretest\u012bbu, b\u016btiski samazinot degvielas pat\u0113ri\u0146u.\u00a0<o:p><\/o:p><\/p>\n<p><b>Winter Ice Zero 2\u00a0<\/b>izv\u0113l\u0113ts \u012bpa\u0161i agres\u012bvs virzienveida protektora dizains, kura mas\u012bvajos blokos iestr\u0101d\u0101tas pavisam jauna dizaina radzes. \u0160is uzlabojums at\u013c\u0101vis palielin\u0101t sa\u0137eri gan snieg\u0101, gan uz ledus, k\u0101 ar\u012b uzlabot stabilit\u0101ti lielos brauk\u0161anas \u0101trumos.<o:p><\/o:p><\/p>\n<p>Starp simetriski izvietotajiem protektora blokiem atrodama uzlabota dren\u0101\u017eas kan\u0101lu sist\u0113ma, kas ne tikai samazina akvaplan\u0113\u0161anas risku, bet pal\u012bdz ar\u012b izvad\u012bt dub\u013cus un sniegu no riepu sa\u0137eres virsmas ar ce\u013cu. Protektora blokos iestr\u0101d\u0101tas lameles, kuras, tand\u0113m\u0101 ar radz\u0113m, veido sa\u0137eri ar ledu.\u00a0<\/p>\n","protected":false},"excerpt":{"rendered":"<p><b>Pirelli Winter Ice Zero 2\u00a0<\/b>ir augst\u0101k\u0101s klases jeb premium klases\u00a0<a href=\"https:\/\/mmkriepas.lv\/riepas\/ziemas-ar-radzem\/\">ziemas riepas ar radz\u0113m<\/a>.Riepas ra\u017eotas un izstr\u0101d\u0101tas It\u0101lij\u0101.\u00a0<b>\u0160is <\/b>ir r\u016bd\u012bts rad\u017eu riepu modelis, kas paredz\u0113ts vieglajiem auto un piem\u0113rots dro\u0161ai un p\u0101rliecino\u0161ai brauk\u0161anai pat \u012bpa\u0161i skarbos ziemas apst\u0101k\u013cos.\u00a0<\/p>\n","protected":false},"featured_media":1076218,"template":"","meta":{"_acf_changed":false,"ngg_post_thumbnail":0},"product_brand":[],"product_cat":[45,48],"product_tag":[],"class_list":{"0":"post-1083256","1":"product","2":"type-product","3":"status-publish","4":"has-post-thumbnail","6":"product_cat-ziemas-riepas","7":"product_cat-ziemas-ar-radzem","9":"first","10":"instock","11":"sale","12":"taxable","13":"shipping-taxable","14":"purchasable","15":"product-type-simple"},"acf":[],"yoast_head":"<!-- This site is optimized with the Yoast SEO Premium plugin v22.6 (Yoast SEO v27.3) - https:\/\/yoast.com\/product\/yoast-seo-premium-wordpress\/ -->\n<title>215\/65R17 Pirelli Winter ICE ZERO 2 103T XL KS ar radz\u0113m &#8226; MMK Riepas<\/title>\n<meta name=\"robots\" content=\"index, follow, max-snippet:-1, max-image-preview:large, max-video-preview:-1\" \/>\n<link rel=\"canonical\" href=\"https:\/\/mmkriepas.lv\/en\/p\/215-65r17-pirelli-winter-ice-zero-2-103t-xl-ar-radzem-3\/\" \/>\n<meta property=\"og:locale\" content=\"en_US\" \/>\n<meta property=\"og:type\" content=\"article\" \/>\n<meta property=\"og:title\" content=\"215\/65R17 Pirelli Winter ICE ZERO 2 103T XL KS ar radz\u0113m\" \/>\n<meta property=\"og:description\" content=\"Pirelli Winter Ice Zero 2\u00a0ir augst\u0101k\u0101s klases jeb premium klases\u00a0ziemas riepas ar radz\u0113m.Riepas ra\u017eotas un izstr\u0101d\u0101tas It\u0101lij\u0101.\u00a0\u0160is ir r\u016bd\u012bts rad\u017eu riepu modelis, kas paredz\u0113ts vieglajiem auto un piem\u0113rots dro\u0161ai un p\u0101rliecino\u0161ai brauk\u0161anai pat \u012bpa\u0161i skarbos ziemas apst\u0101k\u013cos.\u00a0\" \/>\n<meta property=\"og:url\" content=\"https:\/\/mmkriepas.lv\/en\/p\/215-65r17-pirelli-winter-ice-zero-2-103t-xl-ar-radzem-3\/\" \/>\n<meta property=\"og:site_name\" content=\"MMK Riepas\" \/>\n<meta property=\"article:publisher\" content=\"https:\/\/www.facebook.com\/mmkserviss\/\" \/>\n<meta property=\"article:modified_time\" content=\"2026-03-27T12:15:47+00:00\" \/>\n<meta property=\"og:image\" content=\"https:\/\/mmkriepas.lv\/wp-content\/uploads\/2024\/09\/PIRELLI-WINTER-ICE-ZERO-2.jpg\" \/>\n\t<meta property=\"og:image:width\" content=\"900\" \/>\n\t<meta property=\"og:image:height\" content=\"720\" \/>\n\t<meta property=\"og:image:type\" content=\"image\/jpeg\" \/>\n<meta name=\"twitter:card\" content=\"summary_large_image\" \/>\n<meta name=\"twitter:label1\" content=\"Price\" \/>\n\t<meta name=\"twitter:data1\" content=\"&euro;172.00\" \/>\n\t<meta name=\"twitter:label2\" content=\"Availability\" \/>\n\t<meta name=\"twitter:data2\" content=\"In stock\" \/>\n<script type=\"application\/ld+json\" class=\"yoast-schema-graph\">{\"@context\":\"https:\\\/\\\/schema.org\",\"@graph\":[{\"@type\":\"WebPage\",\"@id\":\"https:\\\/\\\/mmkriepas.lv\\\/en\\\/p\\\/215-65r17-pirelli-winter-ice-zero-2-103t-xl-ar-radzem-3\\\/\",\"url\":\"https:\\\/\\\/mmkriepas.lv\\\/en\\\/p\\\/215-65r17-pirelli-winter-ice-zero-2-103t-xl-ar-radzem-3\\\/\",\"name\":\"215\\\/65R17 Pirelli Winter ICE ZERO 2 103T XL KS ar radz\u0113m &#8226; MMK Riepas\",\"isPartOf\":{\"@id\":\"https:\\\/\\\/mmkriepas.lv\\\/en\\\/#website\"},\"primaryImageOfPage\":{\"@id\":\"https:\\\/\\\/mmkriepas.lv\\\/en\\\/p\\\/215-65r17-pirelli-winter-ice-zero-2-103t-xl-ar-radzem-3\\\/#primaryimage\"},\"image\":{\"@id\":\"https:\\\/\\\/mmkriepas.lv\\\/en\\\/p\\\/215-65r17-pirelli-winter-ice-zero-2-103t-xl-ar-radzem-3\\\/#primaryimage\"},\"thumbnailUrl\":\"https:\\\/\\\/mmkriepas.lv\\\/wp-content\\\/uploads\\\/2024\\\/09\\\/PIRELLI-WINTER-ICE-ZERO-2.jpg\",\"datePublished\":\"2024-10-01T15:57:44+00:00\",\"dateModified\":\"2026-03-27T12:15:47+00:00\",\"breadcrumb\":{\"@id\":\"https:\\\/\\\/mmkriepas.lv\\\/en\\\/p\\\/215-65r17-pirelli-winter-ice-zero-2-103t-xl-ar-radzem-3\\\/#breadcrumb\"},\"inLanguage\":\"en-US\",\"potentialAction\":[{\"@type\":\"ReadAction\",\"target\":[\"https:\\\/\\\/mmkriepas.lv\\\/en\\\/p\\\/215-65r17-pirelli-winter-ice-zero-2-103t-xl-ar-radzem-3\\\/\"]}]},{\"@type\":\"ImageObject\",\"inLanguage\":\"en-US\",\"@id\":\"https:\\\/\\\/mmkriepas.lv\\\/en\\\/p\\\/215-65r17-pirelli-winter-ice-zero-2-103t-xl-ar-radzem-3\\\/#primaryimage\",\"url\":\"https:\\\/\\\/mmkriepas.lv\\\/wp-content\\\/uploads\\\/2024\\\/09\\\/PIRELLI-WINTER-ICE-ZERO-2.jpg\",\"contentUrl\":\"https:\\\/\\\/mmkriepas.lv\\\/wp-content\\\/uploads\\\/2024\\\/09\\\/PIRELLI-WINTER-ICE-ZERO-2.jpg\",\"width\":900,\"height\":720,\"caption\":\"MAIN\"},{\"@type\":\"BreadcrumbList\",\"@id\":\"https:\\\/\\\/mmkriepas.lv\\\/en\\\/p\\\/215-65r17-pirelli-winter-ice-zero-2-103t-xl-ar-radzem-3\\\/#breadcrumb\",\"itemListElement\":[{\"@type\":\"ListItem\",\"position\":1,\"name\":\"S\u0101kums\",\"item\":\"https:\\\/\\\/mmkriepas.lv\\\/en\\\/\"},{\"@type\":\"ListItem\",\"position\":2,\"name\":\"215\\\/65R17 Pirelli Winter ICE ZERO 2 103T XL KS ar radz\u0113m\"}]},{\"@type\":\"WebSite\",\"@id\":\"https:\\\/\\\/mmkriepas.lv\\\/en\\\/#website\",\"url\":\"https:\\\/\\\/mmkriepas.lv\\\/en\\\/\",\"name\":\"MMK Riepas\",\"description\":\"MMK Riepas\",\"alternateName\":\"MMK Riepu Serviss\",\"potentialAction\":[{\"@type\":\"SearchAction\",\"target\":{\"@type\":\"EntryPoint\",\"urlTemplate\":\"https:\\\/\\\/mmkriepas.lv\\\/en\\\/?s={search_term_string}\"},\"query-input\":{\"@type\":\"PropertyValueSpecification\",\"valueRequired\":true,\"valueName\":\"search_term_string\"}}],\"inLanguage\":\"en-US\"},{\"@type\":\"ImageObject\",\"inLanguage\":\"en-US\",\"@id\":\"https:\\\/\\\/mmkriepas.lv\\\/en\\\/p\\\/215-65r17-pirelli-winter-ice-zero-2-103t-xl-ar-radzem-3\\\/#local-main-organization-logo\",\"url\":\"\",\"contentUrl\":\"\",\"caption\":\"MMK Riepas\"}]}<\/script>\n<meta property=\"product:brand\" content=\"Pirelli Winter ICE ZERO 2\" \/>\n<meta property=\"product:price:amount\" content=\"172.00\" \/>\n<meta property=\"product:price:currency\" content=\"EUR\" \/>\n<meta property=\"og:availability\" content=\"instock\" \/>\n<meta property=\"product:availability\" content=\"instock\" \/>\n<meta property=\"product:retailer_item_id\" content=\"TR2156517PIREL-L40612\" \/>\n<meta property=\"product:condition\" content=\"new\" \/>\n<!-- \/ Yoast SEO Premium plugin. -->","yoast_head_json":{"title":"215\/65R17 Pirelli Winter ICE ZERO 2 103T XL KS ar radz\u0113m &#8226; MMK Riepas","robots":{"index":"index","follow":"follow","max-snippet":"max-snippet:-1","max-image-preview":"max-image-preview:large","max-video-preview":"max-video-preview:-1"},"canonical":"https:\/\/mmkriepas.lv\/en\/p\/215-65r17-pirelli-winter-ice-zero-2-103t-xl-ar-radzem-3\/","og_locale":"en_US","og_type":"article","og_title":"215\/65R17 Pirelli Winter ICE ZERO 2 103T XL KS ar radz\u0113m","og_description":"Pirelli Winter Ice Zero 2\u00a0ir augst\u0101k\u0101s klases jeb premium klases\u00a0ziemas riepas ar radz\u0113m.Riepas ra\u017eotas un izstr\u0101d\u0101tas It\u0101lij\u0101.\u00a0\u0160is ir r\u016bd\u012bts rad\u017eu riepu modelis, kas paredz\u0113ts vieglajiem auto un piem\u0113rots dro\u0161ai un p\u0101rliecino\u0161ai brauk\u0161anai pat \u012bpa\u0161i skarbos ziemas apst\u0101k\u013cos.\u00a0","og_url":"https:\/\/mmkriepas.lv\/en\/p\/215-65r17-pirelli-winter-ice-zero-2-103t-xl-ar-radzem-3\/","og_site_name":"MMK Riepas","article_publisher":"https:\/\/www.facebook.com\/mmkserviss\/","article_modified_time":"2026-03-27T12:15:47+00:00","og_image":[{"width":900,"height":720,"url":"https:\/\/mmkriepas.lv\/wp-content\/uploads\/2024\/09\/PIRELLI-WINTER-ICE-ZERO-2.jpg","type":"image\/jpeg"}],"twitter_card":"summary_large_image","twitter_misc":{"Price":"&euro;172.00","Availability":"In stock"},"schema":{"@context":"https:\/\/schema.org","@graph":[{"@type":"WebPage","@id":"https:\/\/mmkriepas.lv\/en\/p\/215-65r17-pirelli-winter-ice-zero-2-103t-xl-ar-radzem-3\/","url":"https:\/\/mmkriepas.lv\/en\/p\/215-65r17-pirelli-winter-ice-zero-2-103t-xl-ar-radzem-3\/","name":"215\/65R17 Pirelli Winter ICE ZERO 2 103T XL KS ar radz\u0113m &#8226; MMK Riepas","isPartOf":{"@id":"https:\/\/mmkriepas.lv\/en\/#website"},"primaryImageOfPage":{"@id":"https:\/\/mmkriepas.lv\/en\/p\/215-65r17-pirelli-winter-ice-zero-2-103t-xl-ar-radzem-3\/#primaryimage"},"image":{"@id":"https:\/\/mmkriepas.lv\/en\/p\/215-65r17-pirelli-winter-ice-zero-2-103t-xl-ar-radzem-3\/#primaryimage"},"thumbnailUrl":"https:\/\/mmkriepas.lv\/wp-content\/uploads\/2024\/09\/PIRELLI-WINTER-ICE-ZERO-2.jpg","datePublished":"2024-10-01T15:57:44+00:00","dateModified":"2026-03-27T12:15:47+00:00","breadcrumb":{"@id":"https:\/\/mmkriepas.lv\/en\/p\/215-65r17-pirelli-winter-ice-zero-2-103t-xl-ar-radzem-3\/#breadcrumb"},"inLanguage":"en-US","potentialAction":[{"@type":"ReadAction","target":["https:\/\/mmkriepas.lv\/en\/p\/215-65r17-pirelli-winter-ice-zero-2-103t-xl-ar-radzem-3\/"]}]},{"@type":"ImageObject","inLanguage":"en-US","@id":"https:\/\/mmkriepas.lv\/en\/p\/215-65r17-pirelli-winter-ice-zero-2-103t-xl-ar-radzem-3\/#primaryimage","url":"https:\/\/mmkriepas.lv\/wp-content\/uploads\/2024\/09\/PIRELLI-WINTER-ICE-ZERO-2.jpg","contentUrl":"https:\/\/mmkriepas.lv\/wp-content\/uploads\/2024\/09\/PIRELLI-WINTER-ICE-ZERO-2.jpg","width":900,"height":720,"caption":"MAIN"},{"@type":"BreadcrumbList","@id":"https:\/\/mmkriepas.lv\/en\/p\/215-65r17-pirelli-winter-ice-zero-2-103t-xl-ar-radzem-3\/#breadcrumb","itemListElement":[{"@type":"ListItem","position":1,"name":"S\u0101kums","item":"https:\/\/mmkriepas.lv\/en\/"},{"@type":"ListItem","position":2,"name":"215\/65R17 Pirelli Winter ICE ZERO 2 103T XL KS ar radz\u0113m"}]},{"@type":"WebSite","@id":"https:\/\/mmkriepas.lv\/en\/#website","url":"https:\/\/mmkriepas.lv\/en\/","name":"MMK Riepas","description":"MMK Riepas","alternateName":"MMK Riepu Serviss","potentialAction":[{"@type":"SearchAction","target":{"@type":"EntryPoint","urlTemplate":"https:\/\/mmkriepas.lv\/en\/?s={search_term_string}"},"query-input":{"@type":"PropertyValueSpecification","valueRequired":true,"valueName":"search_term_string"}}],"inLanguage":"en-US"},{"@type":"ImageObject","inLanguage":"en-US","@id":"https:\/\/mmkriepas.lv\/en\/p\/215-65r17-pirelli-winter-ice-zero-2-103t-xl-ar-radzem-3\/#local-main-organization-logo","url":"","contentUrl":"","caption":"MMK Riepas"}]},"product_brand":"Pirelli Winter ICE ZERO 2","product_price_amount":"172.00","product_price_currency":"EUR","og_availability":"instock","product_availability":"instock","product_retailer_item_id":"TR2156517PIREL-L40612","product_condition":"new"},"_links":{"self":[{"href":"https:\/\/mmkriepas.lv\/en\/wp-json\/wp\/v2\/product\/1083256","targetHints":{"allow":["GET"]}}],"collection":[{"href":"https:\/\/mmkriepas.lv\/en\/wp-json\/wp\/v2\/product"}],"about":[{"href":"https:\/\/mmkriepas.lv\/en\/wp-json\/wp\/v2\/types\/product"}],"wp:featuredmedia":[{"embeddable":true,"href":"https:\/\/mmkriepas.lv\/en\/wp-json\/wp\/v2\/media\/1076218"}],"wp:attachment":[{"href":"https:\/\/mmkriepas.lv\/en\/wp-json\/wp\/v2\/media?parent=1083256"}],"wp:term":[{"taxonomy":"product_brand","embeddable":true,"href":"https:\/\/mmkriepas.lv\/en\/wp-json\/wp\/v2\/product_brand?post=1083256"},{"taxonomy":"product_cat","embeddable":true,"href":"https:\/\/mmkriepas.lv\/en\/wp-json\/wp\/v2\/product_cat?post=1083256"},{"taxonomy":"product_tag","embeddable":true,"href":"https:\/\/mmkriepas.lv\/en\/wp-json\/wp\/v2\/product_tag?post=1083256"}],"curies":[{"name":"wp","href":"https:\/\/api.w.org\/{rel}","templated":true}]}}