{"id":1083208,"date":"2024-10-01T18:55:22","date_gmt":"2024-10-01T15:55:22","guid":{"rendered":"https:\/\/mmkriepas.lv\/?post_type=product&#038;p=1083208"},"modified":"2026-03-30T14:35:38","modified_gmt":"2026-03-30T11:35:38","slug":"245-45r20-sailun-ice-blazer-arctic-evo-103t-xl","status":"publish","type":"product","link":"https:\/\/mmkriepas.lv\/en\/p\/245-45r20-sailun-ice-blazer-arctic-evo-103t-xl\/","title":{"rendered":"245\/45R20 Sailun Ice Blazer Arctic EVO 103T XL"},"content":{"rendered":"<p style=\"margin: 12.0pt 0cm 12.0pt 0cm;\"><b><span style=\"font-size: 11.0pt; font-family: 'Arial',sans-serif; color: black;\">Sailun Ice Blazer Arctic EVO <\/span><\/b><span style=\"font-size: 11.0pt; font-family: 'Arial',sans-serif; color: black;\">ir Skandin\u0101vijas tipa ziemas riepa ar labiem bremz\u0113\u0161an\u0101s, veiktsp\u0113jas un manevr\u0113tsp\u0113jas r\u0101d\u012bt\u0101jiem, pateicoties unik\u0101lajam protektora rakstam un elestrom\u0113ru\u00a0 koncentr\u0101cijai gumijas sast\u0101v\u0101. Visu \u0161o \u012bpa\u0161\u012bbu salikums nodro\u0161ina ne tikai dro\u0161u, bet ar\u012b komfortablu, ekonomisku un dinamisku p\u0101rvieto\u0161anos.<\/span><o:p><\/o:p><\/p>\n<h3 style=\"margin: 14.0pt 0cm 4.0pt 0cm;\"><span style=\"font-size: 13.0pt; font-family: 'Arial',sans-serif; color: black;\">Sailun Ice Blazer Arctic EVO galven\u0101s iez\u012bmes<\/span><o:p><\/o:p><\/h3>\n<p style=\"margin: 12.0pt 0cm 12.0pt 0cm;\"><span style=\"font-size: 11.0pt; font-family: 'Arial',sans-serif; color: black;\">+M\u012bkstais gumijas sast\u0101vs nodro\u0161ina labu sa\u0137eri ar ce\u013cu!<\/span><o:p><\/o:p><\/p>\n<p style=\"margin: 12.0pt 0cm 12.0pt 0cm;\"><span style=\"font-size: 11.0pt; font-family: 'Arial',sans-serif; color: black;\">+Riepas sportiskais dizains pal\u012bdz saglab\u0101t brauk\u0161anas dinamiskumu pat m\u012bnus gr\u0101dos!<\/span><o:p><\/o:p><\/p>\n<p style=\"margin: 12.0pt 0cm 12.0pt 0cm;\"><span style=\"font-size: 11.0pt; font-family: 'Arial',sans-serif; color: black;\">+Maksim\u0101li pastiprin\u0101ta riepas konstrukcija paildzina riepas kalpotsp\u0113ju!<\/span><o:p><\/o:p><\/p>\n<p style=\"margin: 12.0pt 0cm 12.0pt 0cm;\"><span style=\"font-size: 11.0pt; font-family: 'Arial',sans-serif; color: black;\">+Unik\u0101ls protektora raksts, kas samazina bremz\u0113\u0161an\u0101s ce\u013cu par l\u012bdz pat 11%!<\/span><o:p><\/o:p><\/p>\n<p style=\"margin: 12.0pt 0cm 12.0pt 0cm;\"><span style=\"font-size: 11.0pt; font-family: 'Arial',sans-serif; color: black;\">+ Kvalit\u0101te atbilst cenai!<\/span><o:p><\/o:p><\/p>\n<h3 style=\"margin: 14.0pt 0cm 4.0pt 0cm;\"><span style=\"font-size: 13.0pt; font-family: 'Arial',sans-serif; color: black;\">Ice Blazer Arctic EVO piem\u0113rot\u012bba Latvijas apst\u0101k\u013ciem<\/span><o:p><\/o:p><\/h3>\n<p style=\"margin: 12.0pt 0cm 12.0pt 0cm;\"><b><span style=\"font-size: 11.0pt; font-family: 'Arial',sans-serif; color: black;\">Sailun Ice Blazer Arctic EVO <\/span><\/b><span style=\"font-size: 11.0pt; font-family: 'Arial',sans-serif; color: black;\">ziemas riepas labi saglab\u0101 sa\u0137eri ar ce\u013cu pat m\u012bnus gr\u0101dos. T\u0101s ir vair\u0101k paredz\u0113tas brauk\u0161anai pils\u0113tas apst\u0101k\u013cos un liel\u0101 \u0101trum\u0101 pa \u0161oseju, ja \u0161\u0101dai brauk\u0161anai ziem\u0101 visp\u0101r ir vieta. Sailun Arctic Evo pla\u0161ais uzlaboto, un jau iepriek\u0161 min\u0113to, \u012bpa\u0161\u012bbu skaits nodro\u0161ina par <b>13%<\/b> lab\u0101ku uzr\u0101vienu\u00a0 par <b>11%<\/b> \u012bs\u0101ku bremz\u0113\u0161an\u0101s ce\u013cu, par <b>14% <\/b>lab\u0101ku manevr\u0113tsp\u0113ju, par <b>7%<\/b> maz\u0101ku degvielas pat\u0113ri\u0146u un par <b>18%<\/b> ilg\u0101ku kalpotsp\u0113ju ziemas apst\u0101k\u013cos, sal\u012bdzin\u0101jum\u0101 ar cit\u0101m ziemas riep\u0101m.<\/span><\/p>\n","protected":false},"excerpt":{"rendered":"<p><b><span style=\"font-size: 11.0pt; font-family: 'Arial',sans-serif; color: black;\">Sailun Ice Blazer Arctic EVO <\/span><\/b><span style=\"font-size: 11.0pt; font-family: 'Arial',sans-serif; color: black;\">ir Skandin\u0101vijas tipa ziemas riepa ar labiem bremz\u0113\u0161an\u0101s, veiktsp\u0113jas un manevr\u0113tsp\u0113jas r\u0101d\u012bt\u0101jiem, pateicoties unik\u0101lajam protektora rakstam un elestrom\u0113ru\u00a0 koncentr\u0101cijai gumijas sast\u0101v\u0101. Visu \u0161o \u012bpa\u0161\u012bbu salikums nodro\u0161ina ne tikai dro\u0161u, bet ar\u012b komfortablu, ekonomisku un dinamisku p\u0101rvieto\u0161anos.<\/span><\/p>\n","protected":false},"featured_media":305263,"template":"","meta":{"_acf_changed":false,"ngg_post_thumbnail":0},"product_brand":[],"product_cat":[47,45],"product_tag":[],"class_list":{"0":"post-1083208","1":"product","2":"type-product","3":"status-publish","4":"has-post-thumbnail","6":"product_cat-vissezonas-riepas","7":"product_cat-ziemas-riepas","9":"first","10":"instock","11":"sale","12":"taxable","13":"shipping-taxable","14":"purchasable","15":"product-type-simple"},"acf":[],"yoast_head":"<!-- This site is optimized with the Yoast SEO Premium plugin v22.6 (Yoast SEO v27.3) - https:\/\/yoast.com\/product\/yoast-seo-premium-wordpress\/ -->\n<title>245\/45R20 Sailun Ice Blazer Arctic EVO 103T XL &#8226; MMK Riepas<\/title>\n<meta name=\"robots\" content=\"index, follow, max-snippet:-1, max-image-preview:large, max-video-preview:-1\" \/>\n<link rel=\"canonical\" href=\"https:\/\/mmkriepas.lv\/en\/p\/245-45r20-sailun-ice-blazer-arctic-evo-103t-xl\/\" \/>\n<meta property=\"og:locale\" content=\"en_US\" \/>\n<meta property=\"og:type\" content=\"article\" \/>\n<meta property=\"og:title\" content=\"245\/45R20 Sailun Ice Blazer Arctic EVO 103T XL\" \/>\n<meta property=\"og:description\" content=\"Sailun Ice Blazer Arctic EVO ir Skandin\u0101vijas tipa ziemas riepa ar labiem bremz\u0113\u0161an\u0101s, veiktsp\u0113jas un manevr\u0113tsp\u0113jas r\u0101d\u012bt\u0101jiem, pateicoties unik\u0101lajam protektora rakstam un elestrom\u0113ru\u00a0 koncentr\u0101cijai gumijas sast\u0101v\u0101. Visu \u0161o \u012bpa\u0161\u012bbu salikums nodro\u0161ina ne tikai dro\u0161u, bet ar\u012b komfortablu, ekonomisku un dinamisku p\u0101rvieto\u0161anos.\" \/>\n<meta property=\"og:url\" content=\"https:\/\/mmkriepas.lv\/en\/p\/245-45r20-sailun-ice-blazer-arctic-evo-103t-xl\/\" \/>\n<meta property=\"og:site_name\" content=\"MMK Riepas\" \/>\n<meta property=\"article:publisher\" content=\"https:\/\/www.facebook.com\/mmkserviss\/\" \/>\n<meta property=\"article:modified_time\" content=\"2026-03-30T11:35:38+00:00\" \/>\n<meta property=\"og:image\" content=\"https:\/\/mmkriepas.lv\/wp-content\/uploads\/2022\/08\/22550r18-sailun-ice-blazer-arctic-evo-99v-xl-ziemas-riepas.jpg\" \/>\n\t<meta property=\"og:image:width\" content=\"1920\" \/>\n\t<meta property=\"og:image:height\" content=\"1278\" \/>\n\t<meta property=\"og:image:type\" content=\"image\/jpeg\" \/>\n<meta name=\"twitter:card\" content=\"summary_large_image\" \/>\n<meta name=\"twitter:label1\" content=\"Price\" \/>\n\t<meta name=\"twitter:data1\" content=\"&euro;99.00\" \/>\n\t<meta name=\"twitter:label2\" content=\"Availability\" \/>\n\t<meta name=\"twitter:data2\" content=\"In stock\" \/>\n<script type=\"application\/ld+json\" class=\"yoast-schema-graph\">{\"@context\":\"https:\\\/\\\/schema.org\",\"@graph\":[{\"@type\":\"WebPage\",\"@id\":\"https:\\\/\\\/mmkriepas.lv\\\/en\\\/p\\\/245-45r20-sailun-ice-blazer-arctic-evo-103t-xl\\\/\",\"url\":\"https:\\\/\\\/mmkriepas.lv\\\/en\\\/p\\\/245-45r20-sailun-ice-blazer-arctic-evo-103t-xl\\\/\",\"name\":\"245\\\/45R20 Sailun Ice Blazer Arctic EVO 103T XL &#8226; MMK Riepas\",\"isPartOf\":{\"@id\":\"https:\\\/\\\/mmkriepas.lv\\\/en\\\/#website\"},\"primaryImageOfPage\":{\"@id\":\"https:\\\/\\\/mmkriepas.lv\\\/en\\\/p\\\/245-45r20-sailun-ice-blazer-arctic-evo-103t-xl\\\/#primaryimage\"},\"image\":{\"@id\":\"https:\\\/\\\/mmkriepas.lv\\\/en\\\/p\\\/245-45r20-sailun-ice-blazer-arctic-evo-103t-xl\\\/#primaryimage\"},\"thumbnailUrl\":\"https:\\\/\\\/mmkriepas.lv\\\/wp-content\\\/uploads\\\/2022\\\/08\\\/22550r18-sailun-ice-blazer-arctic-evo-99v-xl-ziemas-riepas.jpg\",\"datePublished\":\"2024-10-01T15:55:22+00:00\",\"dateModified\":\"2026-03-30T11:35:38+00:00\",\"breadcrumb\":{\"@id\":\"https:\\\/\\\/mmkriepas.lv\\\/en\\\/p\\\/245-45r20-sailun-ice-blazer-arctic-evo-103t-xl\\\/#breadcrumb\"},\"inLanguage\":\"en-US\",\"potentialAction\":[{\"@type\":\"ReadAction\",\"target\":[\"https:\\\/\\\/mmkriepas.lv\\\/en\\\/p\\\/245-45r20-sailun-ice-blazer-arctic-evo-103t-xl\\\/\"]}]},{\"@type\":\"ImageObject\",\"inLanguage\":\"en-US\",\"@id\":\"https:\\\/\\\/mmkriepas.lv\\\/en\\\/p\\\/245-45r20-sailun-ice-blazer-arctic-evo-103t-xl\\\/#primaryimage\",\"url\":\"https:\\\/\\\/mmkriepas.lv\\\/wp-content\\\/uploads\\\/2022\\\/08\\\/22550r18-sailun-ice-blazer-arctic-evo-99v-xl-ziemas-riepas.jpg\",\"contentUrl\":\"https:\\\/\\\/mmkriepas.lv\\\/wp-content\\\/uploads\\\/2022\\\/08\\\/22550r18-sailun-ice-blazer-arctic-evo-99v-xl-ziemas-riepas.jpg\",\"width\":1920,\"height\":1278,\"caption\":\"MAIN\"},{\"@type\":\"BreadcrumbList\",\"@id\":\"https:\\\/\\\/mmkriepas.lv\\\/en\\\/p\\\/245-45r20-sailun-ice-blazer-arctic-evo-103t-xl\\\/#breadcrumb\",\"itemListElement\":[{\"@type\":\"ListItem\",\"position\":1,\"name\":\"S\u0101kums\",\"item\":\"https:\\\/\\\/mmkriepas.lv\\\/en\\\/\"},{\"@type\":\"ListItem\",\"position\":2,\"name\":\"245\\\/45R20 Sailun Ice Blazer Arctic EVO 103T XL\"}]},{\"@type\":\"WebSite\",\"@id\":\"https:\\\/\\\/mmkriepas.lv\\\/en\\\/#website\",\"url\":\"https:\\\/\\\/mmkriepas.lv\\\/en\\\/\",\"name\":\"MMK Riepas\",\"description\":\"MMK Riepas\",\"alternateName\":\"MMK Riepu Serviss\",\"potentialAction\":[{\"@type\":\"SearchAction\",\"target\":{\"@type\":\"EntryPoint\",\"urlTemplate\":\"https:\\\/\\\/mmkriepas.lv\\\/en\\\/?s={search_term_string}\"},\"query-input\":{\"@type\":\"PropertyValueSpecification\",\"valueRequired\":true,\"valueName\":\"search_term_string\"}}],\"inLanguage\":\"en-US\"},{\"@type\":\"ImageObject\",\"inLanguage\":\"en-US\",\"@id\":\"https:\\\/\\\/mmkriepas.lv\\\/en\\\/p\\\/245-45r20-sailun-ice-blazer-arctic-evo-103t-xl\\\/#local-main-organization-logo\",\"url\":\"\",\"contentUrl\":\"\",\"caption\":\"MMK Riepas\"}]}<\/script>\n<meta property=\"product:brand\" content=\"Sailun Ice Blazer Arctic EVO\" \/>\n<meta property=\"product:price:amount\" content=\"99.00\" \/>\n<meta property=\"product:price:currency\" content=\"EUR\" \/>\n<meta property=\"og:availability\" content=\"instock\" \/>\n<meta property=\"product:availability\" content=\"instock\" \/>\n<meta property=\"product:retailer_item_id\" content=\"TW2454520SAILU-L40596\" \/>\n<meta property=\"product:condition\" content=\"new\" \/>\n<!-- \/ Yoast SEO Premium plugin. -->","yoast_head_json":{"title":"245\/45R20 Sailun Ice Blazer Arctic EVO 103T XL &#8226; MMK Riepas","robots":{"index":"index","follow":"follow","max-snippet":"max-snippet:-1","max-image-preview":"max-image-preview:large","max-video-preview":"max-video-preview:-1"},"canonical":"https:\/\/mmkriepas.lv\/en\/p\/245-45r20-sailun-ice-blazer-arctic-evo-103t-xl\/","og_locale":"en_US","og_type":"article","og_title":"245\/45R20 Sailun Ice Blazer Arctic EVO 103T XL","og_description":"Sailun Ice Blazer Arctic EVO ir Skandin\u0101vijas tipa ziemas riepa ar labiem bremz\u0113\u0161an\u0101s, veiktsp\u0113jas un manevr\u0113tsp\u0113jas r\u0101d\u012bt\u0101jiem, pateicoties unik\u0101lajam protektora rakstam un elestrom\u0113ru\u00a0 koncentr\u0101cijai gumijas sast\u0101v\u0101. Visu \u0161o \u012bpa\u0161\u012bbu salikums nodro\u0161ina ne tikai dro\u0161u, bet ar\u012b komfortablu, ekonomisku un dinamisku p\u0101rvieto\u0161anos.","og_url":"https:\/\/mmkriepas.lv\/en\/p\/245-45r20-sailun-ice-blazer-arctic-evo-103t-xl\/","og_site_name":"MMK Riepas","article_publisher":"https:\/\/www.facebook.com\/mmkserviss\/","article_modified_time":"2026-03-30T11:35:38+00:00","og_image":[{"width":1920,"height":1278,"url":"https:\/\/mmkriepas.lv\/wp-content\/uploads\/2022\/08\/22550r18-sailun-ice-blazer-arctic-evo-99v-xl-ziemas-riepas.jpg","type":"image\/jpeg"}],"twitter_card":"summary_large_image","twitter_misc":{"Price":"&euro;99.00","Availability":"In stock"},"schema":{"@context":"https:\/\/schema.org","@graph":[{"@type":"WebPage","@id":"https:\/\/mmkriepas.lv\/en\/p\/245-45r20-sailun-ice-blazer-arctic-evo-103t-xl\/","url":"https:\/\/mmkriepas.lv\/en\/p\/245-45r20-sailun-ice-blazer-arctic-evo-103t-xl\/","name":"245\/45R20 Sailun Ice Blazer Arctic EVO 103T XL &#8226; MMK Riepas","isPartOf":{"@id":"https:\/\/mmkriepas.lv\/en\/#website"},"primaryImageOfPage":{"@id":"https:\/\/mmkriepas.lv\/en\/p\/245-45r20-sailun-ice-blazer-arctic-evo-103t-xl\/#primaryimage"},"image":{"@id":"https:\/\/mmkriepas.lv\/en\/p\/245-45r20-sailun-ice-blazer-arctic-evo-103t-xl\/#primaryimage"},"thumbnailUrl":"https:\/\/mmkriepas.lv\/wp-content\/uploads\/2022\/08\/22550r18-sailun-ice-blazer-arctic-evo-99v-xl-ziemas-riepas.jpg","datePublished":"2024-10-01T15:55:22+00:00","dateModified":"2026-03-30T11:35:38+00:00","breadcrumb":{"@id":"https:\/\/mmkriepas.lv\/en\/p\/245-45r20-sailun-ice-blazer-arctic-evo-103t-xl\/#breadcrumb"},"inLanguage":"en-US","potentialAction":[{"@type":"ReadAction","target":["https:\/\/mmkriepas.lv\/en\/p\/245-45r20-sailun-ice-blazer-arctic-evo-103t-xl\/"]}]},{"@type":"ImageObject","inLanguage":"en-US","@id":"https:\/\/mmkriepas.lv\/en\/p\/245-45r20-sailun-ice-blazer-arctic-evo-103t-xl\/#primaryimage","url":"https:\/\/mmkriepas.lv\/wp-content\/uploads\/2022\/08\/22550r18-sailun-ice-blazer-arctic-evo-99v-xl-ziemas-riepas.jpg","contentUrl":"https:\/\/mmkriepas.lv\/wp-content\/uploads\/2022\/08\/22550r18-sailun-ice-blazer-arctic-evo-99v-xl-ziemas-riepas.jpg","width":1920,"height":1278,"caption":"MAIN"},{"@type":"BreadcrumbList","@id":"https:\/\/mmkriepas.lv\/en\/p\/245-45r20-sailun-ice-blazer-arctic-evo-103t-xl\/#breadcrumb","itemListElement":[{"@type":"ListItem","position":1,"name":"S\u0101kums","item":"https:\/\/mmkriepas.lv\/en\/"},{"@type":"ListItem","position":2,"name":"245\/45R20 Sailun Ice Blazer Arctic EVO 103T XL"}]},{"@type":"WebSite","@id":"https:\/\/mmkriepas.lv\/en\/#website","url":"https:\/\/mmkriepas.lv\/en\/","name":"MMK Riepas","description":"MMK Riepas","alternateName":"MMK Riepu Serviss","potentialAction":[{"@type":"SearchAction","target":{"@type":"EntryPoint","urlTemplate":"https:\/\/mmkriepas.lv\/en\/?s={search_term_string}"},"query-input":{"@type":"PropertyValueSpecification","valueRequired":true,"valueName":"search_term_string"}}],"inLanguage":"en-US"},{"@type":"ImageObject","inLanguage":"en-US","@id":"https:\/\/mmkriepas.lv\/en\/p\/245-45r20-sailun-ice-blazer-arctic-evo-103t-xl\/#local-main-organization-logo","url":"","contentUrl":"","caption":"MMK Riepas"}]},"product_brand":"Sailun Ice Blazer Arctic EVO","product_price_amount":"99.00","product_price_currency":"EUR","og_availability":"instock","product_availability":"instock","product_retailer_item_id":"TW2454520SAILU-L40596","product_condition":"new"},"_links":{"self":[{"href":"https:\/\/mmkriepas.lv\/en\/wp-json\/wp\/v2\/product\/1083208","targetHints":{"allow":["GET"]}}],"collection":[{"href":"https:\/\/mmkriepas.lv\/en\/wp-json\/wp\/v2\/product"}],"about":[{"href":"https:\/\/mmkriepas.lv\/en\/wp-json\/wp\/v2\/types\/product"}],"wp:featuredmedia":[{"embeddable":true,"href":"https:\/\/mmkriepas.lv\/en\/wp-json\/wp\/v2\/media\/305263"}],"wp:attachment":[{"href":"https:\/\/mmkriepas.lv\/en\/wp-json\/wp\/v2\/media?parent=1083208"}],"wp:term":[{"taxonomy":"product_brand","embeddable":true,"href":"https:\/\/mmkriepas.lv\/en\/wp-json\/wp\/v2\/product_brand?post=1083208"},{"taxonomy":"product_cat","embeddable":true,"href":"https:\/\/mmkriepas.lv\/en\/wp-json\/wp\/v2\/product_cat?post=1083208"},{"taxonomy":"product_tag","embeddable":true,"href":"https:\/\/mmkriepas.lv\/en\/wp-json\/wp\/v2\/product_tag?post=1083208"}],"curies":[{"name":"wp","href":"https:\/\/api.w.org\/{rel}","templated":true}]}}