{"id":1079446,"date":"2024-09-26T10:42:31","date_gmt":"2024-09-26T07:42:31","guid":{"rendered":"https:\/\/mmkriepas.lv\/?post_type=product&#038;p=1079446"},"modified":"2026-03-27T14:15:14","modified_gmt":"2026-03-27T12:15:14","slug":"225-55r19-goodyear-ultragrip-arctic-2-suv-103t-xl-dot-ar-radzem","status":"publish","type":"product","link":"https:\/\/mmkriepas.lv\/en\/p\/225-55r19-goodyear-ultragrip-arctic-2-suv-103t-xl-dot-ar-radzem\/","title":{"rendered":"225\/55R19 Goodyear UltraGrip Arctic 2 SUV 103T XL DOT22 ar radz\u0113m"},"content":{"rendered":"<p><strong>Goodyear UltraGrip Arctic 2<\/strong> ir augst\u0101k\u0101s kvalit\u0101tes jeb premium klases ziemas riepu modelis ar radz\u0113m. Izce\u013cas ar \u012bpa\u0161i labiem sa\u0137eres r\u0101d\u012bt\u0101jiem gan snieg\u0101 un uz ledus, gan ar\u012b uz asfalta, k\u0101 ar\u012b ar rad\u017eu riep\u0101m nerakstur\u012bgi augstu akustisko komfortu. Pieejams pla\u0161\u0101 izm\u0113ru kl\u0101st\u0101 un piem\u0113rots gan vieglaj\u0101m automa\u0161\u012bn\u0101m, gan krosoveriem un pat apvidus auto jeb SUV.<\/p>\n<p><strong>Goodyear UltraGrip Arctic 2 galven\u0101s iez\u012bmes<\/strong><\/p>\n<p>+ Izcila sa\u0137ere uz ledus, pateicoties jaun\u0101kaj\u0101m Goodyear rad\u017eu tehnolo\u0123ij\u0101m.<\/p>\n<p>+ Uzlabota veiktsp\u0113ja snieg\u0101.<\/p>\n<p>+ Rad\u017eu riep\u0101m nerakstur\u012bgi augsts akustiskais un gaitas komforts.<\/p>\n<p>+ Palielin\u0101ts rad\u017eu skaits.<\/p>\n<p>+ Augsta nodilumiztur\u012bba.<\/p>\n<p><strong>Arctic 2 apr\u012bkojums<\/strong><\/p>\n<p><strong>Goodyear UltraGrip Arctic 2 <\/strong>rad\u017eu riepas apr\u012bkotas ar virzienveida protektora rakstu. Protektora bloki, sal\u012bdzin\u0101jum\u0101 ar \u0161\u012b mode\u013ca priek\u0161teci, ir maz\u0101ki un to skaits ir liel\u0101ks. \u0160\u0101ds risin\u0101jums izmantots, lai uzlabotu riepu veiktsp\u0113ju dzi\u013c\u0101 snieg\u0101, k\u0101 ar\u012b efekt\u012bv\u0101k atbr\u012bvotu riepu kontakta virsmu no sniega un \u016bdens.<\/p>\n<p>Sal\u012bdzinot ar iepriek\u0161\u0113jo modeli, <strong>\u00a0Arctic 2 <\/strong>k\u013cuvis ar\u012b par 9% klus\u0101ks. Tas pan\u0101kts, pateicoties unik\u0101lajam protektora bloku izvietojumam un rad\u017eu formai.\u00a0<\/p>\n<p>Izcilu sa\u0137eri ar apledoju\u0161\u0101m ce\u013ca virsm\u0101m nodro\u0161ina uzlabots riepu gumijas sast\u0101vs, jaunas formas radzes un palielin\u0101ts to skaits. Jaunais <strong>Goodyear UltraGrip Arctic 2 <\/strong>bru\u0146ots ar l\u012bdz pat 220 radz\u0113m uz riepu. Main\u012bjies ar radzes gultnes izm\u0113rs un forma, \u013caujot tai, saskarsm\u0113 ar asfaltu, ieb\u012bd\u012bties protektora iek\u0161ien\u0113, mazinot nodilumu un samazinot trok\u0161\u0146a l\u012bmeni.<\/p>\n","protected":false},"excerpt":{"rendered":"<p><strong>Goodyear UltraGrip Arctic 2<\/strong> ir augst\u0101k\u0101s kvalit\u0101tes jeb premium klases ziemas riepu modelis ar radz\u0113m. Izce\u013cas ar \u012bpa\u0161i labiem sa\u0137eres r\u0101d\u012bt\u0101jiem gan snieg\u0101 un uz ledus, gan ar\u012b uz asfalta, k\u0101 ar\u012b ar rad\u017eu riep\u0101m nerakstur\u012bgi augstu akustisko komfortu. Pieejams pla\u0161\u0101 izm\u0113ru kl\u0101st\u0101 un piem\u0113rots gan vieglaj\u0101m automa\u0161\u012bn\u0101m, gan krosoveriem un pat apvidus auto jeb SUV.<\/p>\n","protected":false},"featured_media":1135018,"template":"","meta":{"_acf_changed":false,"ngg_post_thumbnail":0},"product_brand":[],"product_cat":[45,48],"product_tag":[],"class_list":{"0":"post-1079446","1":"product","2":"type-product","3":"status-publish","4":"has-post-thumbnail","6":"product_cat-ziemas-riepas","7":"product_cat-ziemas-ar-radzem","9":"first","10":"instock","11":"sale","12":"taxable","13":"shipping-taxable","14":"purchasable","15":"product-type-simple"},"acf":[],"yoast_head":"<!-- This site is optimized with the Yoast SEO Premium plugin v22.6 (Yoast SEO v27.3) - https:\/\/yoast.com\/product\/yoast-seo-premium-wordpress\/ -->\n<title>225\/55R19 Goodyear UltraGrip Arctic 2 SUV 103T XL DOT22 ar radz\u0113m &#8226; MMK Riepas<\/title>\n<meta name=\"robots\" content=\"index, follow, max-snippet:-1, max-image-preview:large, max-video-preview:-1\" \/>\n<link rel=\"canonical\" href=\"https:\/\/mmkriepas.lv\/en\/p\/225-55r19-goodyear-ultragrip-arctic-2-suv-103t-xl-dot-ar-radzem\/\" \/>\n<meta property=\"og:locale\" content=\"en_US\" \/>\n<meta property=\"og:type\" content=\"article\" \/>\n<meta property=\"og:title\" content=\"225\/55R19 Goodyear UltraGrip Arctic 2 SUV 103T XL DOT22 ar radz\u0113m\" \/>\n<meta property=\"og:description\" content=\"Goodyear UltraGrip Arctic 2 ir augst\u0101k\u0101s kvalit\u0101tes jeb premium klases ziemas riepu modelis ar radz\u0113m. Izce\u013cas ar \u012bpa\u0161i labiem sa\u0137eres r\u0101d\u012bt\u0101jiem gan snieg\u0101 un uz ledus, gan ar\u012b uz asfalta, k\u0101 ar\u012b ar rad\u017eu riep\u0101m nerakstur\u012bgi augstu akustisko komfortu. Pieejams pla\u0161\u0101 izm\u0113ru kl\u0101st\u0101 un piem\u0113rots gan vieglaj\u0101m automa\u0161\u012bn\u0101m, gan krosoveriem un pat apvidus auto jeb SUV.\" \/>\n<meta property=\"og:url\" content=\"https:\/\/mmkriepas.lv\/en\/p\/225-55r19-goodyear-ultragrip-arctic-2-suv-103t-xl-dot-ar-radzem\/\" \/>\n<meta property=\"og:site_name\" content=\"MMK Riepas\" \/>\n<meta property=\"article:publisher\" content=\"https:\/\/www.facebook.com\/mmkserviss\/\" \/>\n<meta property=\"article:modified_time\" content=\"2026-03-27T12:15:14+00:00\" \/>\n<meta property=\"og:image\" content=\"https:\/\/mmkriepas.lv\/wp-content\/uploads\/2024\/11\/22555r17-goodyear-ultragrip-arctic-2-101t-xl-ar-radzem-ziemas-riepas-ziemas-ar-radzem-riepas.jpg\" \/>\n\t<meta property=\"og:image:width\" content=\"900\" \/>\n\t<meta property=\"og:image:height\" content=\"720\" \/>\n\t<meta property=\"og:image:type\" content=\"image\/jpeg\" \/>\n<meta name=\"twitter:card\" content=\"summary_large_image\" \/>\n<meta name=\"twitter:label1\" content=\"Price\" \/>\n\t<meta name=\"twitter:data1\" content=\"&euro;173.00\" \/>\n\t<meta name=\"twitter:label2\" content=\"Availability\" \/>\n\t<meta name=\"twitter:data2\" content=\"In stock\" \/>\n<script type=\"application\/ld+json\" class=\"yoast-schema-graph\">{\"@context\":\"https:\\\/\\\/schema.org\",\"@graph\":[{\"@type\":\"WebPage\",\"@id\":\"https:\\\/\\\/mmkriepas.lv\\\/en\\\/p\\\/225-55r19-goodyear-ultragrip-arctic-2-suv-103t-xl-dot-ar-radzem\\\/\",\"url\":\"https:\\\/\\\/mmkriepas.lv\\\/en\\\/p\\\/225-55r19-goodyear-ultragrip-arctic-2-suv-103t-xl-dot-ar-radzem\\\/\",\"name\":\"225\\\/55R19 Goodyear UltraGrip Arctic 2 SUV 103T XL DOT22 ar radz\u0113m &#8226; MMK Riepas\",\"isPartOf\":{\"@id\":\"https:\\\/\\\/mmkriepas.lv\\\/en\\\/#website\"},\"primaryImageOfPage\":{\"@id\":\"https:\\\/\\\/mmkriepas.lv\\\/en\\\/p\\\/225-55r19-goodyear-ultragrip-arctic-2-suv-103t-xl-dot-ar-radzem\\\/#primaryimage\"},\"image\":{\"@id\":\"https:\\\/\\\/mmkriepas.lv\\\/en\\\/p\\\/225-55r19-goodyear-ultragrip-arctic-2-suv-103t-xl-dot-ar-radzem\\\/#primaryimage\"},\"thumbnailUrl\":\"https:\\\/\\\/mmkriepas.lv\\\/wp-content\\\/uploads\\\/2024\\\/11\\\/22555r17-goodyear-ultragrip-arctic-2-101t-xl-ar-radzem-ziemas-riepas-ziemas-ar-radzem-riepas.jpg\",\"datePublished\":\"2024-09-26T07:42:31+00:00\",\"dateModified\":\"2026-03-27T12:15:14+00:00\",\"breadcrumb\":{\"@id\":\"https:\\\/\\\/mmkriepas.lv\\\/en\\\/p\\\/225-55r19-goodyear-ultragrip-arctic-2-suv-103t-xl-dot-ar-radzem\\\/#breadcrumb\"},\"inLanguage\":\"en-US\",\"potentialAction\":[{\"@type\":\"ReadAction\",\"target\":[\"https:\\\/\\\/mmkriepas.lv\\\/en\\\/p\\\/225-55r19-goodyear-ultragrip-arctic-2-suv-103t-xl-dot-ar-radzem\\\/\"]}]},{\"@type\":\"ImageObject\",\"inLanguage\":\"en-US\",\"@id\":\"https:\\\/\\\/mmkriepas.lv\\\/en\\\/p\\\/225-55r19-goodyear-ultragrip-arctic-2-suv-103t-xl-dot-ar-radzem\\\/#primaryimage\",\"url\":\"https:\\\/\\\/mmkriepas.lv\\\/wp-content\\\/uploads\\\/2024\\\/11\\\/22555r17-goodyear-ultragrip-arctic-2-101t-xl-ar-radzem-ziemas-riepas-ziemas-ar-radzem-riepas.jpg\",\"contentUrl\":\"https:\\\/\\\/mmkriepas.lv\\\/wp-content\\\/uploads\\\/2024\\\/11\\\/22555r17-goodyear-ultragrip-arctic-2-101t-xl-ar-radzem-ziemas-riepas-ziemas-ar-radzem-riepas.jpg\",\"width\":900,\"height\":720,\"caption\":\"MAIN\"},{\"@type\":\"BreadcrumbList\",\"@id\":\"https:\\\/\\\/mmkriepas.lv\\\/en\\\/p\\\/225-55r19-goodyear-ultragrip-arctic-2-suv-103t-xl-dot-ar-radzem\\\/#breadcrumb\",\"itemListElement\":[{\"@type\":\"ListItem\",\"position\":1,\"name\":\"S\u0101kums\",\"item\":\"https:\\\/\\\/mmkriepas.lv\\\/en\\\/\"},{\"@type\":\"ListItem\",\"position\":2,\"name\":\"225\\\/55R19 Goodyear UltraGrip Arctic 2 SUV 103T XL DOT22 ar radz\u0113m\"}]},{\"@type\":\"WebSite\",\"@id\":\"https:\\\/\\\/mmkriepas.lv\\\/en\\\/#website\",\"url\":\"https:\\\/\\\/mmkriepas.lv\\\/en\\\/\",\"name\":\"MMK Riepas\",\"description\":\"MMK Riepas\",\"alternateName\":\"MMK Riepu Serviss\",\"potentialAction\":[{\"@type\":\"SearchAction\",\"target\":{\"@type\":\"EntryPoint\",\"urlTemplate\":\"https:\\\/\\\/mmkriepas.lv\\\/en\\\/?s={search_term_string}\"},\"query-input\":{\"@type\":\"PropertyValueSpecification\",\"valueRequired\":true,\"valueName\":\"search_term_string\"}}],\"inLanguage\":\"en-US\"},{\"@type\":\"ImageObject\",\"inLanguage\":\"en-US\",\"@id\":\"https:\\\/\\\/mmkriepas.lv\\\/en\\\/p\\\/225-55r19-goodyear-ultragrip-arctic-2-suv-103t-xl-dot-ar-radzem\\\/#local-main-organization-logo\",\"url\":\"\",\"contentUrl\":\"\",\"caption\":\"MMK Riepas\"}]}<\/script>\n<meta property=\"product:brand\" content=\"Goodyear UltraGrip Arctic 2\" \/>\n<meta property=\"product:price:amount\" content=\"173.00\" \/>\n<meta property=\"product:price:currency\" content=\"EUR\" \/>\n<meta property=\"og:availability\" content=\"instock\" \/>\n<meta property=\"product:availability\" content=\"instock\" \/>\n<meta property=\"product:retailer_item_id\" content=\"TR2255519GOODY-L40474\" \/>\n<meta property=\"product:condition\" content=\"new\" \/>\n<!-- \/ Yoast SEO Premium plugin. -->","yoast_head_json":{"title":"225\/55R19 Goodyear UltraGrip Arctic 2 SUV 103T XL DOT22 ar radz\u0113m &#8226; MMK Riepas","robots":{"index":"index","follow":"follow","max-snippet":"max-snippet:-1","max-image-preview":"max-image-preview:large","max-video-preview":"max-video-preview:-1"},"canonical":"https:\/\/mmkriepas.lv\/en\/p\/225-55r19-goodyear-ultragrip-arctic-2-suv-103t-xl-dot-ar-radzem\/","og_locale":"en_US","og_type":"article","og_title":"225\/55R19 Goodyear UltraGrip Arctic 2 SUV 103T XL DOT22 ar radz\u0113m","og_description":"Goodyear UltraGrip Arctic 2 ir augst\u0101k\u0101s kvalit\u0101tes jeb premium klases ziemas riepu modelis ar radz\u0113m. Izce\u013cas ar \u012bpa\u0161i labiem sa\u0137eres r\u0101d\u012bt\u0101jiem gan snieg\u0101 un uz ledus, gan ar\u012b uz asfalta, k\u0101 ar\u012b ar rad\u017eu riep\u0101m nerakstur\u012bgi augstu akustisko komfortu. Pieejams pla\u0161\u0101 izm\u0113ru kl\u0101st\u0101 un piem\u0113rots gan vieglaj\u0101m automa\u0161\u012bn\u0101m, gan krosoveriem un pat apvidus auto jeb SUV.","og_url":"https:\/\/mmkriepas.lv\/en\/p\/225-55r19-goodyear-ultragrip-arctic-2-suv-103t-xl-dot-ar-radzem\/","og_site_name":"MMK Riepas","article_publisher":"https:\/\/www.facebook.com\/mmkserviss\/","article_modified_time":"2026-03-27T12:15:14+00:00","og_image":[{"width":900,"height":720,"url":"https:\/\/mmkriepas.lv\/wp-content\/uploads\/2024\/11\/22555r17-goodyear-ultragrip-arctic-2-101t-xl-ar-radzem-ziemas-riepas-ziemas-ar-radzem-riepas.jpg","type":"image\/jpeg"}],"twitter_card":"summary_large_image","twitter_misc":{"Price":"&euro;173.00","Availability":"In stock"},"schema":{"@context":"https:\/\/schema.org","@graph":[{"@type":"WebPage","@id":"https:\/\/mmkriepas.lv\/en\/p\/225-55r19-goodyear-ultragrip-arctic-2-suv-103t-xl-dot-ar-radzem\/","url":"https:\/\/mmkriepas.lv\/en\/p\/225-55r19-goodyear-ultragrip-arctic-2-suv-103t-xl-dot-ar-radzem\/","name":"225\/55R19 Goodyear UltraGrip Arctic 2 SUV 103T XL DOT22 ar radz\u0113m &#8226; MMK Riepas","isPartOf":{"@id":"https:\/\/mmkriepas.lv\/en\/#website"},"primaryImageOfPage":{"@id":"https:\/\/mmkriepas.lv\/en\/p\/225-55r19-goodyear-ultragrip-arctic-2-suv-103t-xl-dot-ar-radzem\/#primaryimage"},"image":{"@id":"https:\/\/mmkriepas.lv\/en\/p\/225-55r19-goodyear-ultragrip-arctic-2-suv-103t-xl-dot-ar-radzem\/#primaryimage"},"thumbnailUrl":"https:\/\/mmkriepas.lv\/wp-content\/uploads\/2024\/11\/22555r17-goodyear-ultragrip-arctic-2-101t-xl-ar-radzem-ziemas-riepas-ziemas-ar-radzem-riepas.jpg","datePublished":"2024-09-26T07:42:31+00:00","dateModified":"2026-03-27T12:15:14+00:00","breadcrumb":{"@id":"https:\/\/mmkriepas.lv\/en\/p\/225-55r19-goodyear-ultragrip-arctic-2-suv-103t-xl-dot-ar-radzem\/#breadcrumb"},"inLanguage":"en-US","potentialAction":[{"@type":"ReadAction","target":["https:\/\/mmkriepas.lv\/en\/p\/225-55r19-goodyear-ultragrip-arctic-2-suv-103t-xl-dot-ar-radzem\/"]}]},{"@type":"ImageObject","inLanguage":"en-US","@id":"https:\/\/mmkriepas.lv\/en\/p\/225-55r19-goodyear-ultragrip-arctic-2-suv-103t-xl-dot-ar-radzem\/#primaryimage","url":"https:\/\/mmkriepas.lv\/wp-content\/uploads\/2024\/11\/22555r17-goodyear-ultragrip-arctic-2-101t-xl-ar-radzem-ziemas-riepas-ziemas-ar-radzem-riepas.jpg","contentUrl":"https:\/\/mmkriepas.lv\/wp-content\/uploads\/2024\/11\/22555r17-goodyear-ultragrip-arctic-2-101t-xl-ar-radzem-ziemas-riepas-ziemas-ar-radzem-riepas.jpg","width":900,"height":720,"caption":"MAIN"},{"@type":"BreadcrumbList","@id":"https:\/\/mmkriepas.lv\/en\/p\/225-55r19-goodyear-ultragrip-arctic-2-suv-103t-xl-dot-ar-radzem\/#breadcrumb","itemListElement":[{"@type":"ListItem","position":1,"name":"S\u0101kums","item":"https:\/\/mmkriepas.lv\/en\/"},{"@type":"ListItem","position":2,"name":"225\/55R19 Goodyear UltraGrip Arctic 2 SUV 103T XL DOT22 ar radz\u0113m"}]},{"@type":"WebSite","@id":"https:\/\/mmkriepas.lv\/en\/#website","url":"https:\/\/mmkriepas.lv\/en\/","name":"MMK Riepas","description":"MMK Riepas","alternateName":"MMK Riepu Serviss","potentialAction":[{"@type":"SearchAction","target":{"@type":"EntryPoint","urlTemplate":"https:\/\/mmkriepas.lv\/en\/?s={search_term_string}"},"query-input":{"@type":"PropertyValueSpecification","valueRequired":true,"valueName":"search_term_string"}}],"inLanguage":"en-US"},{"@type":"ImageObject","inLanguage":"en-US","@id":"https:\/\/mmkriepas.lv\/en\/p\/225-55r19-goodyear-ultragrip-arctic-2-suv-103t-xl-dot-ar-radzem\/#local-main-organization-logo","url":"","contentUrl":"","caption":"MMK Riepas"}]},"product_brand":"Goodyear UltraGrip Arctic 2","product_price_amount":"173.00","product_price_currency":"EUR","og_availability":"instock","product_availability":"instock","product_retailer_item_id":"TR2255519GOODY-L40474","product_condition":"new"},"_links":{"self":[{"href":"https:\/\/mmkriepas.lv\/en\/wp-json\/wp\/v2\/product\/1079446","targetHints":{"allow":["GET"]}}],"collection":[{"href":"https:\/\/mmkriepas.lv\/en\/wp-json\/wp\/v2\/product"}],"about":[{"href":"https:\/\/mmkriepas.lv\/en\/wp-json\/wp\/v2\/types\/product"}],"wp:featuredmedia":[{"embeddable":true,"href":"https:\/\/mmkriepas.lv\/en\/wp-json\/wp\/v2\/media\/1135018"}],"wp:attachment":[{"href":"https:\/\/mmkriepas.lv\/en\/wp-json\/wp\/v2\/media?parent=1079446"}],"wp:term":[{"taxonomy":"product_brand","embeddable":true,"href":"https:\/\/mmkriepas.lv\/en\/wp-json\/wp\/v2\/product_brand?post=1079446"},{"taxonomy":"product_cat","embeddable":true,"href":"https:\/\/mmkriepas.lv\/en\/wp-json\/wp\/v2\/product_cat?post=1079446"},{"taxonomy":"product_tag","embeddable":true,"href":"https:\/\/mmkriepas.lv\/en\/wp-json\/wp\/v2\/product_tag?post=1079446"}],"curies":[{"name":"wp","href":"https:\/\/api.w.org\/{rel}","templated":true}]}}