{"id":1077175,"date":"2024-09-20T14:06:39","date_gmt":"2024-09-20T11:06:39","guid":{"rendered":"https:\/\/mmkriepas.lv\/?post_type=product&#038;p=1077175"},"modified":"2025-01-20T11:45:11","modified_gmt":"2025-01-20T09:45:11","slug":"305-40r20-sonix-winter-xpro-999-112h-xl","status":"publish","type":"product","link":"https:\/\/mmkriepas.lv\/en\/p\/305-40r20-sonix-winter-xpro-999-112h-xl\/","title":{"rendered":"305\/40R20 Sonix Winter Xpro 999 112H XL"},"content":{"rendered":"<p align=\"left\"><span style=\"color: #000000;\"><span style=\"font-family: Arial, serif;\"><span style=\"font-size: small;\"><b><span>Sonix Winter Xpro 999<\/span><\/b><\/span><\/span><\/span><span style=\"color: #000000;\"><span style=\"font-family: Arial, serif;\"><span style=\"font-size: small;\"><span> ir ziemas riepu modelis, kas izce\u013cas ar labiem brauk\u0161anas komforta un sa\u0137eres r\u0101d\u012bt\u0101jiem gan uz slapja asfalta, gan ar\u012b snieg\u0101 un pat uz ledus.<\/span><\/span><\/span><\/span><\/p>\n<h3 class=\"western\" align=\"left\"><span style=\"font-family: Arial, serif;\"><span>Winter Xpro 999<\/span><\/span><span style=\"font-family: Arial, serif;\"><span> galven\u0101s iez\u012bmes<\/span><\/span><\/h3>\n<p align=\"left\"><span style=\"font-family: Arial, serif;\"><span>+ Laba veiktsp\u0113ja snieg\u0101, pateicoties virzienveida protektora rakstam.<\/span><\/span><\/p>\n<p align=\"left\"><span style=\"font-family: Arial, serif;\"><span>+ Augsti att\u012bst\u012bta dren\u0101\u017eas kan\u0101lu sist\u0113ma, kas at\u013cauj efekt\u012bvi novad\u012bt \u016bdeni un sniegu no sa\u0137eres virsmas, mazinot akvaplan\u0113\u0161anas risku.<\/span><\/span><\/p>\n<p align=\"left\"><span style=\"font-family: Arial, serif;\"><span>+ Uzlabots gumijas sast\u0101vs, kas papildin\u0101ts ar elastrom\u0113riem, \u013caujot riepai saglab\u0101t elastibu zem\u0101s gaisa temperat\u016br\u0101s.<\/span><\/span><\/p>\n<p align=\"left\"><span style=\"font-family: Arial, serif;\"><span>+ Labs akustiskais un brauk\u0161anas gaitas komforts,<\/span><\/span><\/p>\n<p align=\"left\"><span style=\"font-family: Arial, serif;\"><span>+ Pievilc\u012bga cena!<\/span><\/span><\/p>\n<h3 class=\"western\" align=\"left\"><span style=\"font-family: Arial, serif;\"><span>Winter Xpro 999<\/span><\/span><span style=\"font-family: Arial, serif;\"><span> apr\u012bkojums<\/span><\/span><\/h3>\n<p align=\"left\"><span style=\"font-family: Arial, serif;\"><b><span>Sonix Winter Xpro 999<\/span><\/b><\/span><span style=\"font-family: Arial, serif;\"><span> modelis apr\u012bkots ar virz\u012bta stila protektora rakstu, kas darin\u0101ts no augstas kvalit\u0101tes, elastrom\u0113riem bag\u0101ta gumijas mais\u012bjuma.<\/span><\/span><\/p>\n<p align=\"left\"><span style=\"font-family: Arial, serif;\"><span>Starp protektora blokiem atrodama att\u012bst\u012bta dren\u0101\u017eas kan\u0101lu sist\u0113ma, kas pal\u012bdz atbr\u012bvot kontakta virsmuar ce\u013cu no \u016bdens un sniega<\/span><\/span><\/p>\n<p align=\"left\"><span style=\"color: #000000;\"><span style=\"font-family: Arial, serif;\"><span>Mas\u012bvajos protektora blokos bl\u012bvi iestr\u0101d\u0101ti vair\u0101ki t\u016bksto\u0161i lame\u013cu, kuras veido sa\u0137eri ar ledu un sabliet\u0113tu sniegu, slidenaj\u0101s virsm\u0101 iec\u0113rtoties ar as\u0101m kant\u0113m.<\/span><\/span><\/span><\/p>\n","protected":false},"excerpt":{"rendered":"<p align=\"left\"><span style=\"color: #000000;\"><span style=\"font-family: Arial, serif;\"><span style=\"font-size: small;\"><b><span>Sonix Winter Xpro 999<\/span><\/b><\/span><\/span><\/span><span style=\"color: #000000;\"><span style=\"font-family: Arial, serif;\"><span style=\"font-size: small;\"><span> ir ziemas riepu modelis, kas izce\u013cas ar labiem brauk\u0161anas komforta un sa\u0137eres r\u0101d\u012bt\u0101jiem gan uz slapja asfalta, gan ar\u012b snieg\u0101 un pat uz ledus.<\/span><\/span><\/span><\/span><\/p>\n","protected":false},"featured_media":1078605,"template":"","meta":{"_acf_changed":false,"ngg_post_thumbnail":0},"product_brand":[],"product_cat":[47,45],"product_tag":[],"class_list":{"0":"post-1077175","1":"product","2":"type-product","3":"status-publish","4":"has-post-thumbnail","6":"product_cat-vissezonas-riepas","7":"product_cat-ziemas-riepas","9":"first","10":"outofstock","11":"sale","12":"taxable","13":"shipping-taxable","14":"product-type-simple"},"acf":[],"yoast_head":"<!-- This site is optimized with the Yoast SEO Premium plugin v22.6 (Yoast SEO v27.3) - https:\/\/yoast.com\/product\/yoast-seo-premium-wordpress\/ -->\n<title>305\/40R20 Sonix Winter Xpro 999 112H XL &#8226; MMK Riepas<\/title>\n<meta name=\"robots\" content=\"index, follow, max-snippet:-1, max-image-preview:large, max-video-preview:-1\" \/>\n<link rel=\"canonical\" href=\"https:\/\/mmkriepas.lv\/en\/p\/305-40r20-sonix-winter-xpro-999-112h-xl\/\" \/>\n<meta property=\"og:locale\" content=\"en_US\" \/>\n<meta property=\"og:type\" content=\"article\" \/>\n<meta property=\"og:title\" content=\"305\/40R20 Sonix Winter Xpro 999 112H XL\" \/>\n<meta property=\"og:description\" content=\"Sonix Winter Xpro 999 ir ziemas riepu modelis, kas izce\u013cas ar labiem brauk\u0161anas komforta un sa\u0137eres r\u0101d\u012bt\u0101jiem gan uz slapja asfalta, gan ar\u012b snieg\u0101 un pat uz ledus.\" \/>\n<meta property=\"og:url\" content=\"https:\/\/mmkriepas.lv\/en\/p\/305-40r20-sonix-winter-xpro-999-112h-xl\/\" \/>\n<meta property=\"og:site_name\" content=\"MMK Riepas\" \/>\n<meta property=\"article:publisher\" content=\"https:\/\/www.facebook.com\/mmkserviss\/\" \/>\n<meta property=\"article:modified_time\" content=\"2025-01-20T09:45:11+00:00\" \/>\n<meta property=\"og:image\" content=\"https:\/\/mmkriepas.lv\/wp-content\/uploads\/2024\/09\/SONIX-WINTER-XPRO-999.jpg\" \/>\n\t<meta property=\"og:image:width\" content=\"900\" \/>\n\t<meta property=\"og:image:height\" content=\"720\" \/>\n\t<meta property=\"og:image:type\" content=\"image\/jpeg\" \/>\n<meta name=\"twitter:card\" content=\"summary_large_image\" \/>\n<meta name=\"twitter:label1\" content=\"Price\" \/>\n\t<meta name=\"twitter:data1\" content=\"&euro;98.00\" \/>\n\t<meta name=\"twitter:label2\" content=\"Availability\" \/>\n\t<meta name=\"twitter:data2\" content=\"Out of stock\" \/>\n<script type=\"application\/ld+json\" class=\"yoast-schema-graph\">{\"@context\":\"https:\\\/\\\/schema.org\",\"@graph\":[{\"@type\":\"WebPage\",\"@id\":\"https:\\\/\\\/mmkriepas.lv\\\/en\\\/p\\\/305-40r20-sonix-winter-xpro-999-112h-xl\\\/\",\"url\":\"https:\\\/\\\/mmkriepas.lv\\\/en\\\/p\\\/305-40r20-sonix-winter-xpro-999-112h-xl\\\/\",\"name\":\"305\\\/40R20 Sonix Winter Xpro 999 112H XL &#8226; MMK Riepas\",\"isPartOf\":{\"@id\":\"https:\\\/\\\/mmkriepas.lv\\\/en\\\/#website\"},\"primaryImageOfPage\":{\"@id\":\"https:\\\/\\\/mmkriepas.lv\\\/en\\\/p\\\/305-40r20-sonix-winter-xpro-999-112h-xl\\\/#primaryimage\"},\"image\":{\"@id\":\"https:\\\/\\\/mmkriepas.lv\\\/en\\\/p\\\/305-40r20-sonix-winter-xpro-999-112h-xl\\\/#primaryimage\"},\"thumbnailUrl\":\"https:\\\/\\\/mmkriepas.lv\\\/wp-content\\\/uploads\\\/2024\\\/09\\\/SONIX-WINTER-XPRO-999.jpg\",\"datePublished\":\"2024-09-20T11:06:39+00:00\",\"dateModified\":\"2025-01-20T09:45:11+00:00\",\"breadcrumb\":{\"@id\":\"https:\\\/\\\/mmkriepas.lv\\\/en\\\/p\\\/305-40r20-sonix-winter-xpro-999-112h-xl\\\/#breadcrumb\"},\"inLanguage\":\"en-US\",\"potentialAction\":[{\"@type\":\"ReadAction\",\"target\":[\"https:\\\/\\\/mmkriepas.lv\\\/en\\\/p\\\/305-40r20-sonix-winter-xpro-999-112h-xl\\\/\"]}]},{\"@type\":\"ImageObject\",\"inLanguage\":\"en-US\",\"@id\":\"https:\\\/\\\/mmkriepas.lv\\\/en\\\/p\\\/305-40r20-sonix-winter-xpro-999-112h-xl\\\/#primaryimage\",\"url\":\"https:\\\/\\\/mmkriepas.lv\\\/wp-content\\\/uploads\\\/2024\\\/09\\\/SONIX-WINTER-XPRO-999.jpg\",\"contentUrl\":\"https:\\\/\\\/mmkriepas.lv\\\/wp-content\\\/uploads\\\/2024\\\/09\\\/SONIX-WINTER-XPRO-999.jpg\",\"width\":900,\"height\":720,\"caption\":\"MAIN\"},{\"@type\":\"BreadcrumbList\",\"@id\":\"https:\\\/\\\/mmkriepas.lv\\\/en\\\/p\\\/305-40r20-sonix-winter-xpro-999-112h-xl\\\/#breadcrumb\",\"itemListElement\":[{\"@type\":\"ListItem\",\"position\":1,\"name\":\"S\u0101kums\",\"item\":\"https:\\\/\\\/mmkriepas.lv\\\/en\\\/\"},{\"@type\":\"ListItem\",\"position\":2,\"name\":\"305\\\/40R20 Sonix Winter Xpro 999 112H XL\"}]},{\"@type\":\"WebSite\",\"@id\":\"https:\\\/\\\/mmkriepas.lv\\\/en\\\/#website\",\"url\":\"https:\\\/\\\/mmkriepas.lv\\\/en\\\/\",\"name\":\"MMK Riepas\",\"description\":\"MMK Riepas\",\"alternateName\":\"MMK Riepu Serviss\",\"potentialAction\":[{\"@type\":\"SearchAction\",\"target\":{\"@type\":\"EntryPoint\",\"urlTemplate\":\"https:\\\/\\\/mmkriepas.lv\\\/en\\\/?s={search_term_string}\"},\"query-input\":{\"@type\":\"PropertyValueSpecification\",\"valueRequired\":true,\"valueName\":\"search_term_string\"}}],\"inLanguage\":\"en-US\"},{\"@type\":\"ImageObject\",\"inLanguage\":\"en-US\",\"@id\":\"https:\\\/\\\/mmkriepas.lv\\\/en\\\/p\\\/305-40r20-sonix-winter-xpro-999-112h-xl\\\/#local-main-organization-logo\",\"url\":\"\",\"contentUrl\":\"\",\"caption\":\"MMK Riepas\"}]}<\/script>\n<meta property=\"product:brand\" content=\"Sonix Winter Xpro 999\" \/>\n<meta property=\"product:price:amount\" content=\"98.00\" \/>\n<meta property=\"product:price:currency\" content=\"EUR\" \/>\n<meta property=\"og:availability\" content=\"out of stock\" \/>\n<meta property=\"product:availability\" content=\"out of stock\" \/>\n<meta property=\"product:retailer_item_id\" content=\"TW3054020SONIX-40217\" \/>\n<meta property=\"product:condition\" content=\"new\" \/>\n<!-- \/ Yoast SEO Premium plugin. -->","yoast_head_json":{"title":"305\/40R20 Sonix Winter Xpro 999 112H XL &#8226; MMK Riepas","robots":{"index":"index","follow":"follow","max-snippet":"max-snippet:-1","max-image-preview":"max-image-preview:large","max-video-preview":"max-video-preview:-1"},"canonical":"https:\/\/mmkriepas.lv\/en\/p\/305-40r20-sonix-winter-xpro-999-112h-xl\/","og_locale":"en_US","og_type":"article","og_title":"305\/40R20 Sonix Winter Xpro 999 112H XL","og_description":"Sonix Winter Xpro 999 ir ziemas riepu modelis, kas izce\u013cas ar labiem brauk\u0161anas komforta un sa\u0137eres r\u0101d\u012bt\u0101jiem gan uz slapja asfalta, gan ar\u012b snieg\u0101 un pat uz ledus.","og_url":"https:\/\/mmkriepas.lv\/en\/p\/305-40r20-sonix-winter-xpro-999-112h-xl\/","og_site_name":"MMK Riepas","article_publisher":"https:\/\/www.facebook.com\/mmkserviss\/","article_modified_time":"2025-01-20T09:45:11+00:00","og_image":[{"width":900,"height":720,"url":"https:\/\/mmkriepas.lv\/wp-content\/uploads\/2024\/09\/SONIX-WINTER-XPRO-999.jpg","type":"image\/jpeg"}],"twitter_card":"summary_large_image","twitter_misc":{"Price":"&euro;98.00","Availability":"Out of stock"},"schema":{"@context":"https:\/\/schema.org","@graph":[{"@type":"WebPage","@id":"https:\/\/mmkriepas.lv\/en\/p\/305-40r20-sonix-winter-xpro-999-112h-xl\/","url":"https:\/\/mmkriepas.lv\/en\/p\/305-40r20-sonix-winter-xpro-999-112h-xl\/","name":"305\/40R20 Sonix Winter Xpro 999 112H XL &#8226; MMK Riepas","isPartOf":{"@id":"https:\/\/mmkriepas.lv\/en\/#website"},"primaryImageOfPage":{"@id":"https:\/\/mmkriepas.lv\/en\/p\/305-40r20-sonix-winter-xpro-999-112h-xl\/#primaryimage"},"image":{"@id":"https:\/\/mmkriepas.lv\/en\/p\/305-40r20-sonix-winter-xpro-999-112h-xl\/#primaryimage"},"thumbnailUrl":"https:\/\/mmkriepas.lv\/wp-content\/uploads\/2024\/09\/SONIX-WINTER-XPRO-999.jpg","datePublished":"2024-09-20T11:06:39+00:00","dateModified":"2025-01-20T09:45:11+00:00","breadcrumb":{"@id":"https:\/\/mmkriepas.lv\/en\/p\/305-40r20-sonix-winter-xpro-999-112h-xl\/#breadcrumb"},"inLanguage":"en-US","potentialAction":[{"@type":"ReadAction","target":["https:\/\/mmkriepas.lv\/en\/p\/305-40r20-sonix-winter-xpro-999-112h-xl\/"]}]},{"@type":"ImageObject","inLanguage":"en-US","@id":"https:\/\/mmkriepas.lv\/en\/p\/305-40r20-sonix-winter-xpro-999-112h-xl\/#primaryimage","url":"https:\/\/mmkriepas.lv\/wp-content\/uploads\/2024\/09\/SONIX-WINTER-XPRO-999.jpg","contentUrl":"https:\/\/mmkriepas.lv\/wp-content\/uploads\/2024\/09\/SONIX-WINTER-XPRO-999.jpg","width":900,"height":720,"caption":"MAIN"},{"@type":"BreadcrumbList","@id":"https:\/\/mmkriepas.lv\/en\/p\/305-40r20-sonix-winter-xpro-999-112h-xl\/#breadcrumb","itemListElement":[{"@type":"ListItem","position":1,"name":"S\u0101kums","item":"https:\/\/mmkriepas.lv\/en\/"},{"@type":"ListItem","position":2,"name":"305\/40R20 Sonix Winter Xpro 999 112H XL"}]},{"@type":"WebSite","@id":"https:\/\/mmkriepas.lv\/en\/#website","url":"https:\/\/mmkriepas.lv\/en\/","name":"MMK Riepas","description":"MMK Riepas","alternateName":"MMK Riepu Serviss","potentialAction":[{"@type":"SearchAction","target":{"@type":"EntryPoint","urlTemplate":"https:\/\/mmkriepas.lv\/en\/?s={search_term_string}"},"query-input":{"@type":"PropertyValueSpecification","valueRequired":true,"valueName":"search_term_string"}}],"inLanguage":"en-US"},{"@type":"ImageObject","inLanguage":"en-US","@id":"https:\/\/mmkriepas.lv\/en\/p\/305-40r20-sonix-winter-xpro-999-112h-xl\/#local-main-organization-logo","url":"","contentUrl":"","caption":"MMK Riepas"}]},"product_brand":"Sonix Winter Xpro 999","product_price_amount":"98.00","product_price_currency":"EUR","og_availability":"out of stock","product_availability":"out of stock","product_retailer_item_id":"TW3054020SONIX-40217","product_condition":"new"},"_links":{"self":[{"href":"https:\/\/mmkriepas.lv\/en\/wp-json\/wp\/v2\/product\/1077175","targetHints":{"allow":["GET"]}}],"collection":[{"href":"https:\/\/mmkriepas.lv\/en\/wp-json\/wp\/v2\/product"}],"about":[{"href":"https:\/\/mmkriepas.lv\/en\/wp-json\/wp\/v2\/types\/product"}],"wp:featuredmedia":[{"embeddable":true,"href":"https:\/\/mmkriepas.lv\/en\/wp-json\/wp\/v2\/media\/1078605"}],"wp:attachment":[{"href":"https:\/\/mmkriepas.lv\/en\/wp-json\/wp\/v2\/media?parent=1077175"}],"wp:term":[{"taxonomy":"product_brand","embeddable":true,"href":"https:\/\/mmkriepas.lv\/en\/wp-json\/wp\/v2\/product_brand?post=1077175"},{"taxonomy":"product_cat","embeddable":true,"href":"https:\/\/mmkriepas.lv\/en\/wp-json\/wp\/v2\/product_cat?post=1077175"},{"taxonomy":"product_tag","embeddable":true,"href":"https:\/\/mmkriepas.lv\/en\/wp-json\/wp\/v2\/product_tag?post=1077175"}],"curies":[{"name":"wp","href":"https:\/\/api.w.org\/{rel}","templated":true}]}}