{"id":1072829,"date":"2024-09-10T14:09:47","date_gmt":"2024-09-10T11:09:47","guid":{"rendered":"https:\/\/mmkriepas.lv\/?post_type=product&#038;p=1072829"},"modified":"2026-03-30T15:07:19","modified_gmt":"2026-03-30T12:07:19","slug":"285-45r22-maxtrek-trek-m900-ice-114t-xl-ar-radzem","status":"publish","type":"product","link":"https:\/\/mmkriepas.lv\/en\/p\/285-45r22-maxtrek-trek-m900-ice-114t-xl-ar-radzem\/","title":{"rendered":"285\/45R22 Maxtrek Trek M900 ice 114T XL ar radz\u0113m"},"content":{"rendered":"<p><span style=\"font-family: Arial, sans-serif;\"><b>Maxtrek Trek M900 ice<\/b> ir ziemas riepu modelis, kur\u0161 ieguvis lielu popularit\u0101ti autovad\u012bt\u0101ju starp\u0101, pateicoties lieliskai cenai, kuru p\u0101rsp\u0113j tikai t\u0101 veiktsp\u0113jas r\u0101d\u012bt\u0101ji. <span style=\"color: #ff0000;\">\u0160is modelis ir pieejams gan ar radz\u0113m, gan bez t\u0101m!<\/span><\/span><\/p>\n<h3 class=\"western\"><span style=\"font-family: Arial, sans-serif;\">Trek M900 ice galven\u0101s iez\u012bmes<\/span><\/h3>\n<p><span style=\"font-family: Arial, sans-serif;\">+ Lieliska cenas\/ veiktsp\u0113jas attiec\u012bba! <\/span><\/p>\n<p><span style=\"font-family: Arial, sans-serif;\">+ Labas veiktsp\u0113jas \u012bpa\u0161\u012bbas pat uz apledoju\u0161\u0101m ce\u013ca virsm\u0101m! <\/span><\/p>\n<p><span style=\"font-family: Arial, sans-serif;\">+ Uzlabots riepas gumijas sast\u0101vs!<\/span><\/p>\n<p><span style=\"font-family: Times New Roman, serif;\"><span style=\"font-size: medium;\"><span style=\"color: #000000;\"><span style=\"font-family: Arial, serif;\"><span style=\"font-size: small;\">+ Laba manevr\u0113tsp\u0113ja, pateicoties as\u0101m s\u0101nu kant\u0113m.<\/span><\/span><\/span><\/span><\/span><\/p>\n<p><span style=\"font-family: Times New Roman, serif;\"><span style=\"font-size: medium;\"><span style=\"color: #000000;\"><span style=\"font-family: Arial, serif;\"><span style=\"font-size: small;\">+ Kvalit\u0101te atbilst cenai.<\/span><\/span><\/span><\/span><\/span><\/p>\n<h3 class=\"western\"><span style=\"font-family: Arial, sans-serif;\">Trek M900 ice apr\u012bkojums<\/span><\/h3>\n<p><span style=\"font-family: Arial, sans-serif;\">Riepas centr\u0101 atrodas divas platas, nep\u0101rtrauktas protektora bloku virknes, kas uzlabo riepas stabilit\u0101ti un manevr\u0113tsp\u0113ju. Virz\u012bt\u0101 veid\u0101 izvietotos protektora blokos bl\u012bvi iestr\u0101d\u0101ti vair\u0101ki t\u016bksto\u0161i lame\u013cu, kas ar as\u0101m kant\u0113m iec\u0113rtas led\u016b, ar slideno virsmu veidojot cie\u0161u sa\u0137eri. Pati riepa izgatavota no augstas kvalit\u0101tes gumijas mais\u012bjuma, kura sast\u0101v\u0101 atrodama virkne elastrom\u0113ru. Tas at\u013c\u0101vis riepai saglab\u0101t elast\u012bbu pla\u0161\u0101 temperat\u016bru diapazon\u0101. Elast\u012bga riepa daudz lab\u0101k veido sa\u0137eri ar ce\u013ca virsmu. <\/span><\/p>\n","protected":false},"excerpt":{"rendered":"<p><span style=\"font-family: Arial, sans-serif;\"><b>Maxtrek Trek M900 ice<\/b> ir ziemas riepu modelis, kur\u0161 ieguvis lielu popularit\u0101ti autovad\u012bt\u0101ju starp\u0101, pateicoties lieliskai cenai, kuru p\u0101rsp\u0113j tikai t\u0101 veiktsp\u0113jas r\u0101d\u012bt\u0101ji. <span style=\"color: #ff0000;\">\u0160is modelis ir pieejams gan ar radz\u0113m, gan bez t\u0101m!<\/span><\/span><\/p>\n","protected":false},"featured_media":1088902,"template":"","meta":{"_acf_changed":false,"ngg_post_thumbnail":0},"product_brand":[],"product_cat":[45,48],"product_tag":[],"class_list":{"0":"post-1072829","1":"product","2":"type-product","3":"status-publish","4":"has-post-thumbnail","6":"product_cat-ziemas-riepas","7":"product_cat-ziemas-ar-radzem","9":"first","10":"instock","11":"sale","12":"taxable","13":"shipping-taxable","14":"purchasable","15":"product-type-simple"},"acf":[],"yoast_head":"<!-- This site is optimized with the Yoast SEO Premium plugin v22.6 (Yoast SEO v27.3) - https:\/\/yoast.com\/product\/yoast-seo-premium-wordpress\/ -->\n<title>285\/45R22 Maxtrek Trek M900 ice 114T XL ar radz\u0113m &#8226; MMK Riepas<\/title>\n<meta name=\"robots\" content=\"index, follow, max-snippet:-1, max-image-preview:large, max-video-preview:-1\" \/>\n<link rel=\"canonical\" href=\"https:\/\/mmkriepas.lv\/en\/p\/285-45r22-maxtrek-trek-m900-ice-114t-xl-ar-radzem\/\" \/>\n<meta property=\"og:locale\" content=\"en_US\" \/>\n<meta property=\"og:type\" content=\"article\" \/>\n<meta property=\"og:title\" content=\"285\/45R22 Maxtrek Trek M900 ice 114T XL ar radz\u0113m\" \/>\n<meta property=\"og:description\" content=\"Maxtrek Trek M900 ice ir ziemas riepu modelis, kur\u0161 ieguvis lielu popularit\u0101ti autovad\u012bt\u0101ju starp\u0101, pateicoties lieliskai cenai, kuru p\u0101rsp\u0113j tikai t\u0101 veiktsp\u0113jas r\u0101d\u012bt\u0101ji. \u0160is modelis ir pieejams gan ar radz\u0113m, gan bez t\u0101m!\" \/>\n<meta property=\"og:url\" content=\"https:\/\/mmkriepas.lv\/en\/p\/285-45r22-maxtrek-trek-m900-ice-114t-xl-ar-radzem\/\" \/>\n<meta property=\"og:site_name\" content=\"MMK Riepas\" \/>\n<meta property=\"article:publisher\" content=\"https:\/\/www.facebook.com\/mmkserviss\/\" \/>\n<meta property=\"article:modified_time\" content=\"2026-03-30T12:07:19+00:00\" \/>\n<meta property=\"og:image\" content=\"https:\/\/mmkriepas.lv\/wp-content\/uploads\/2024\/10\/MAXTREK-TREK-M900-ICE-AR-RADZEM.jpg\" \/>\n\t<meta property=\"og:image:width\" content=\"900\" \/>\n\t<meta property=\"og:image:height\" content=\"720\" \/>\n\t<meta property=\"og:image:type\" content=\"image\/jpeg\" \/>\n<meta name=\"twitter:card\" content=\"summary_large_image\" \/>\n<meta name=\"twitter:label1\" content=\"Price\" \/>\n\t<meta name=\"twitter:data1\" content=\"&euro;144.00\" \/>\n\t<meta name=\"twitter:label2\" content=\"Availability\" \/>\n\t<meta name=\"twitter:data2\" content=\"In stock\" \/>\n<script type=\"application\/ld+json\" class=\"yoast-schema-graph\">{\"@context\":\"https:\\\/\\\/schema.org\",\"@graph\":[{\"@type\":\"WebPage\",\"@id\":\"https:\\\/\\\/mmkriepas.lv\\\/en\\\/p\\\/285-45r22-maxtrek-trek-m900-ice-114t-xl-ar-radzem\\\/\",\"url\":\"https:\\\/\\\/mmkriepas.lv\\\/en\\\/p\\\/285-45r22-maxtrek-trek-m900-ice-114t-xl-ar-radzem\\\/\",\"name\":\"285\\\/45R22 Maxtrek Trek M900 ice 114T XL ar radz\u0113m &#8226; MMK Riepas\",\"isPartOf\":{\"@id\":\"https:\\\/\\\/mmkriepas.lv\\\/en\\\/#website\"},\"primaryImageOfPage\":{\"@id\":\"https:\\\/\\\/mmkriepas.lv\\\/en\\\/p\\\/285-45r22-maxtrek-trek-m900-ice-114t-xl-ar-radzem\\\/#primaryimage\"},\"image\":{\"@id\":\"https:\\\/\\\/mmkriepas.lv\\\/en\\\/p\\\/285-45r22-maxtrek-trek-m900-ice-114t-xl-ar-radzem\\\/#primaryimage\"},\"thumbnailUrl\":\"https:\\\/\\\/mmkriepas.lv\\\/wp-content\\\/uploads\\\/2024\\\/10\\\/MAXTREK-TREK-M900-ICE-AR-RADZEM.jpg\",\"datePublished\":\"2024-09-10T11:09:47+00:00\",\"dateModified\":\"2026-03-30T12:07:19+00:00\",\"breadcrumb\":{\"@id\":\"https:\\\/\\\/mmkriepas.lv\\\/en\\\/p\\\/285-45r22-maxtrek-trek-m900-ice-114t-xl-ar-radzem\\\/#breadcrumb\"},\"inLanguage\":\"en-US\",\"potentialAction\":[{\"@type\":\"ReadAction\",\"target\":[\"https:\\\/\\\/mmkriepas.lv\\\/en\\\/p\\\/285-45r22-maxtrek-trek-m900-ice-114t-xl-ar-radzem\\\/\"]}]},{\"@type\":\"ImageObject\",\"inLanguage\":\"en-US\",\"@id\":\"https:\\\/\\\/mmkriepas.lv\\\/en\\\/p\\\/285-45r22-maxtrek-trek-m900-ice-114t-xl-ar-radzem\\\/#primaryimage\",\"url\":\"https:\\\/\\\/mmkriepas.lv\\\/wp-content\\\/uploads\\\/2024\\\/10\\\/MAXTREK-TREK-M900-ICE-AR-RADZEM.jpg\",\"contentUrl\":\"https:\\\/\\\/mmkriepas.lv\\\/wp-content\\\/uploads\\\/2024\\\/10\\\/MAXTREK-TREK-M900-ICE-AR-RADZEM.jpg\",\"width\":900,\"height\":720,\"caption\":\"MAIN\"},{\"@type\":\"BreadcrumbList\",\"@id\":\"https:\\\/\\\/mmkriepas.lv\\\/en\\\/p\\\/285-45r22-maxtrek-trek-m900-ice-114t-xl-ar-radzem\\\/#breadcrumb\",\"itemListElement\":[{\"@type\":\"ListItem\",\"position\":1,\"name\":\"S\u0101kums\",\"item\":\"https:\\\/\\\/mmkriepas.lv\\\/en\\\/\"},{\"@type\":\"ListItem\",\"position\":2,\"name\":\"285\\\/45R22 Maxtrek Trek M900 ice 114T XL ar radz\u0113m\"}]},{\"@type\":\"WebSite\",\"@id\":\"https:\\\/\\\/mmkriepas.lv\\\/en\\\/#website\",\"url\":\"https:\\\/\\\/mmkriepas.lv\\\/en\\\/\",\"name\":\"MMK Riepas\",\"description\":\"MMK Riepas\",\"alternateName\":\"MMK Riepu Serviss\",\"potentialAction\":[{\"@type\":\"SearchAction\",\"target\":{\"@type\":\"EntryPoint\",\"urlTemplate\":\"https:\\\/\\\/mmkriepas.lv\\\/en\\\/?s={search_term_string}\"},\"query-input\":{\"@type\":\"PropertyValueSpecification\",\"valueRequired\":true,\"valueName\":\"search_term_string\"}}],\"inLanguage\":\"en-US\"},{\"@type\":\"ImageObject\",\"inLanguage\":\"en-US\",\"@id\":\"https:\\\/\\\/mmkriepas.lv\\\/en\\\/p\\\/285-45r22-maxtrek-trek-m900-ice-114t-xl-ar-radzem\\\/#local-main-organization-logo\",\"url\":\"\",\"contentUrl\":\"\",\"caption\":\"MMK Riepas\"}]}<\/script>\n<meta property=\"product:brand\" content=\"Maxtrek Trek M900 ice\" \/>\n<meta property=\"product:price:amount\" content=\"144.00\" \/>\n<meta property=\"product:price:currency\" content=\"EUR\" \/>\n<meta property=\"og:availability\" content=\"instock\" \/>\n<meta property=\"product:availability\" content=\"instock\" \/>\n<meta property=\"product:retailer_item_id\" content=\"TR2854522Maxtr-E40006\" \/>\n<meta property=\"product:condition\" content=\"new\" \/>\n<!-- \/ Yoast SEO Premium plugin. -->","yoast_head_json":{"title":"285\/45R22 Maxtrek Trek M900 ice 114T XL ar radz\u0113m &#8226; MMK Riepas","robots":{"index":"index","follow":"follow","max-snippet":"max-snippet:-1","max-image-preview":"max-image-preview:large","max-video-preview":"max-video-preview:-1"},"canonical":"https:\/\/mmkriepas.lv\/en\/p\/285-45r22-maxtrek-trek-m900-ice-114t-xl-ar-radzem\/","og_locale":"en_US","og_type":"article","og_title":"285\/45R22 Maxtrek Trek M900 ice 114T XL ar radz\u0113m","og_description":"Maxtrek Trek M900 ice ir ziemas riepu modelis, kur\u0161 ieguvis lielu popularit\u0101ti autovad\u012bt\u0101ju starp\u0101, pateicoties lieliskai cenai, kuru p\u0101rsp\u0113j tikai t\u0101 veiktsp\u0113jas r\u0101d\u012bt\u0101ji. \u0160is modelis ir pieejams gan ar radz\u0113m, gan bez t\u0101m!","og_url":"https:\/\/mmkriepas.lv\/en\/p\/285-45r22-maxtrek-trek-m900-ice-114t-xl-ar-radzem\/","og_site_name":"MMK Riepas","article_publisher":"https:\/\/www.facebook.com\/mmkserviss\/","article_modified_time":"2026-03-30T12:07:19+00:00","og_image":[{"width":900,"height":720,"url":"https:\/\/mmkriepas.lv\/wp-content\/uploads\/2024\/10\/MAXTREK-TREK-M900-ICE-AR-RADZEM.jpg","type":"image\/jpeg"}],"twitter_card":"summary_large_image","twitter_misc":{"Price":"&euro;144.00","Availability":"In stock"},"schema":{"@context":"https:\/\/schema.org","@graph":[{"@type":"WebPage","@id":"https:\/\/mmkriepas.lv\/en\/p\/285-45r22-maxtrek-trek-m900-ice-114t-xl-ar-radzem\/","url":"https:\/\/mmkriepas.lv\/en\/p\/285-45r22-maxtrek-trek-m900-ice-114t-xl-ar-radzem\/","name":"285\/45R22 Maxtrek Trek M900 ice 114T XL ar radz\u0113m &#8226; MMK Riepas","isPartOf":{"@id":"https:\/\/mmkriepas.lv\/en\/#website"},"primaryImageOfPage":{"@id":"https:\/\/mmkriepas.lv\/en\/p\/285-45r22-maxtrek-trek-m900-ice-114t-xl-ar-radzem\/#primaryimage"},"image":{"@id":"https:\/\/mmkriepas.lv\/en\/p\/285-45r22-maxtrek-trek-m900-ice-114t-xl-ar-radzem\/#primaryimage"},"thumbnailUrl":"https:\/\/mmkriepas.lv\/wp-content\/uploads\/2024\/10\/MAXTREK-TREK-M900-ICE-AR-RADZEM.jpg","datePublished":"2024-09-10T11:09:47+00:00","dateModified":"2026-03-30T12:07:19+00:00","breadcrumb":{"@id":"https:\/\/mmkriepas.lv\/en\/p\/285-45r22-maxtrek-trek-m900-ice-114t-xl-ar-radzem\/#breadcrumb"},"inLanguage":"en-US","potentialAction":[{"@type":"ReadAction","target":["https:\/\/mmkriepas.lv\/en\/p\/285-45r22-maxtrek-trek-m900-ice-114t-xl-ar-radzem\/"]}]},{"@type":"ImageObject","inLanguage":"en-US","@id":"https:\/\/mmkriepas.lv\/en\/p\/285-45r22-maxtrek-trek-m900-ice-114t-xl-ar-radzem\/#primaryimage","url":"https:\/\/mmkriepas.lv\/wp-content\/uploads\/2024\/10\/MAXTREK-TREK-M900-ICE-AR-RADZEM.jpg","contentUrl":"https:\/\/mmkriepas.lv\/wp-content\/uploads\/2024\/10\/MAXTREK-TREK-M900-ICE-AR-RADZEM.jpg","width":900,"height":720,"caption":"MAIN"},{"@type":"BreadcrumbList","@id":"https:\/\/mmkriepas.lv\/en\/p\/285-45r22-maxtrek-trek-m900-ice-114t-xl-ar-radzem\/#breadcrumb","itemListElement":[{"@type":"ListItem","position":1,"name":"S\u0101kums","item":"https:\/\/mmkriepas.lv\/en\/"},{"@type":"ListItem","position":2,"name":"285\/45R22 Maxtrek Trek M900 ice 114T XL ar radz\u0113m"}]},{"@type":"WebSite","@id":"https:\/\/mmkriepas.lv\/en\/#website","url":"https:\/\/mmkriepas.lv\/en\/","name":"MMK Riepas","description":"MMK Riepas","alternateName":"MMK Riepu Serviss","potentialAction":[{"@type":"SearchAction","target":{"@type":"EntryPoint","urlTemplate":"https:\/\/mmkriepas.lv\/en\/?s={search_term_string}"},"query-input":{"@type":"PropertyValueSpecification","valueRequired":true,"valueName":"search_term_string"}}],"inLanguage":"en-US"},{"@type":"ImageObject","inLanguage":"en-US","@id":"https:\/\/mmkriepas.lv\/en\/p\/285-45r22-maxtrek-trek-m900-ice-114t-xl-ar-radzem\/#local-main-organization-logo","url":"","contentUrl":"","caption":"MMK Riepas"}]},"product_brand":"Maxtrek Trek M900 ice","product_price_amount":"144.00","product_price_currency":"EUR","og_availability":"instock","product_availability":"instock","product_retailer_item_id":"TR2854522Maxtr-E40006","product_condition":"new"},"_links":{"self":[{"href":"https:\/\/mmkriepas.lv\/en\/wp-json\/wp\/v2\/product\/1072829","targetHints":{"allow":["GET"]}}],"collection":[{"href":"https:\/\/mmkriepas.lv\/en\/wp-json\/wp\/v2\/product"}],"about":[{"href":"https:\/\/mmkriepas.lv\/en\/wp-json\/wp\/v2\/types\/product"}],"wp:featuredmedia":[{"embeddable":true,"href":"https:\/\/mmkriepas.lv\/en\/wp-json\/wp\/v2\/media\/1088902"}],"wp:attachment":[{"href":"https:\/\/mmkriepas.lv\/en\/wp-json\/wp\/v2\/media?parent=1072829"}],"wp:term":[{"taxonomy":"product_brand","embeddable":true,"href":"https:\/\/mmkriepas.lv\/en\/wp-json\/wp\/v2\/product_brand?post=1072829"},{"taxonomy":"product_cat","embeddable":true,"href":"https:\/\/mmkriepas.lv\/en\/wp-json\/wp\/v2\/product_cat?post=1072829"},{"taxonomy":"product_tag","embeddable":true,"href":"https:\/\/mmkriepas.lv\/en\/wp-json\/wp\/v2\/product_tag?post=1072829"}],"curies":[{"name":"wp","href":"https:\/\/api.w.org\/{rel}","templated":true}]}}